{"id":540,"date":"2019-02-20T16:54:51","date_gmt":"2019-02-20T15:54:51","guid":{"rendered":"https:\/\/weltlaeden.de\/muehlacker\/?page_id=540"},"modified":"2024-08-28T10:43:29","modified_gmt":"2024-08-28T08:43:29","slug":"unsere-projekte","status":"publish","type":"page","link":"https:\/\/weltlaeden.de\/muehlacker\/unsere-projekte\/","title":{"rendered":"Projekte"},"content":{"rendered":"<div class=\"wpb-content-wrapper\"><p>[vc_row][vc_column][vc_column_text]<\/p>\n<h1>Unsere Projekte<\/h1>\n<p>Diese Projekte werden von uns unterst\u00fctzt:<\/p>\n<p>SOLTEC Berufsausbildungszentrum Madagaskar: <a href=\"http:\/\/www.dmve.de\/\" target=\"_blank\" rel=\"noopener\">http:\/\/www.dmve.de\/<\/a><\/p>\n<p align=\"LEFT\">Centro Yanachaga &#8211; Peru Aktion e.V. PROSOYA: <a href=\"http:\/\/centro-yanachaga.org\/\" target=\"_blank\" rel=\"noopener\">http:\/\/centro-yanachaga.org\/<\/a><\/p>\n<p align=\"LEFT\">Tanzania \u2013 Wir helfen! e.V. &#8211; Gemeinn\u00fctziger Verein aus Maulbronn: Informatonen zum Projekt im\u00a0 Jahresbrief vom November <a href=\"https:\/\/weltlaeden.de\/muehlacker\/wp-content\/uploads\/sites\/69\/2020\/09\/Jahresbrief-Frau-Hoffmann-2017.pdf\" target=\"_blank\" rel=\"noopener\">2017<\/a> , <a href=\"https:\/\/weltlaeden.de\/muehlacker\/wp-content\/uploads\/sites\/69\/2019\/03\/Jahresbrief-Frau-Hoffmann-1.pdf\" target=\"_blank\" rel=\"noopener\">2018<\/a>, <a href=\"https:\/\/weltlaeden.de\/muehlacker\/wp-content\/uploads\/sites\/69\/2019\/12\/Tanzania_Brief_2019.pdf\" target=\"_blank\" rel=\"noopener\">2019<\/a>,\u00a0 <a href=\"https:\/\/weltlaeden.de\/muehlacker\/wp-content\/uploads\/sites\/69\/2020\/12\/Tanzania-Wir-helfene.V.-Nov.2020.pdf\" target=\"_blank\" rel=\"noopener\">2020<\/a> , <a href=\"https:\/\/weltlaeden.de\/muehlacker\/wp-content\/uploads\/sites\/69\/2023\/01\/IMG_20230123_0002.pdf\" target=\"_blank\" rel=\"noopener\">2022-1<\/a> \/\u00a0 <a href=\"https:\/\/weltlaeden.de\/muehlacker\/wp-content\/uploads\/sites\/69\/2023\/01\/IMG_20230123_0001.pdf\" target=\"_blank\" rel=\"noopener\">2022<\/a> und <a href=\"https:\/\/weltlaeden.de\/muehlacker\/wp-content\/uploads\/sites\/69\/2023\/12\/IMG_20231208_0001.pdf\" target=\"_blank\" rel=\"noopener\">2023-1<\/a> \/ <a href=\"https:\/\/weltlaeden.de\/muehlacker\/wp-content\/uploads\/sites\/69\/2023\/12\/IMG_20231208_0002.pdf\" target=\"_blank\" rel=\"noopener\">2023-2<\/a><\/p>\n<p align=\"LEFT\"><a href=\"https:\/\/wfd.de\/\" target=\"_blank\" rel=\"noopener\">Weltfriedensdienst e.V.<\/a><\/p>\n<p align=\"LEFT\"><a href=\"https:\/\/weltlaeden.de\/muehlacker\/nam_katutura_eine-welt-initiative-mu\u0308hlacker_2018_06\/\" target=\"_blank\" rel=\"noopener\">Dankurkunde 2018<\/a> ; <a href=\"https:\/\/weltlaeden.de\/muehlacker\/wp-content\/uploads\/sites\/69\/2022\/06\/Dankurkunde_Eine-Welt-Laden_Muehlacker_2022_06.pdf\" target=\"_blank\" rel=\"noopener\">Dankurkunde 2022<\/a>\u00a0; <a href=\"https:\/\/weltlaeden.de\/muehlacker\/wp-content\/uploads\/sites\/69\/2024\/01\/Dankurkunde_Eine-Welt-Laden_Muehlacker.pdf\" target=\"_blank\" rel=\"noopener\">Dankurkunde 2023<\/a><\/p>\n<p align=\"LEFT\">Pidecaf\u00e9 \u00f6ko &#8211; der Faire Kaffee aus Peru f\u00fcr Baden-W\u00fcrttemberg: <a href=\"http:\/\/www.pidecafe.de\/\" target=\"_blank\" rel=\"noopener\">http:\/\/www.pidecafe.de\/<\/a><\/p>\n<p>Ausf\u00fchrliche Beschreibungen zu den von uns unterst\u00fctzten Projekten finden Sie auf den jeweiligen Webseiten.[\/vc_column_text][\/vc_column][\/vc_row][vc_row][vc_column]<div class=\"wl_einzelbild\"><p><img loading=\"lazy\" decoding=\"async\" class=\"alignnone size-full wp-image-422\" src=\"https:\/\/weltlaeden.de\/muehlacker\/wp-content\/uploads\/sites\/69\/2019\/01\/TanzaniaAugust2004Uli103-e1549576760250.jpg\" alt=\"\" width=\"333\" height=\"250\" \/><\/p><\/div>[\/vc_column][\/vc_row]<\/p>\n<\/div>","protected":false},"excerpt":{"rendered":"<p>[vc_row][vc_column][vc_column_text] Unsere Projekte Diese Projekte werden von uns unterst\u00fctzt: SOLTEC Berufsausbildungszentrum Madagaskar: http:\/\/www.dmve.de\/ Centro Yanachaga &#8211; Peru Aktion e.V. PROSOYA: http:\/\/centro-yanachaga.org\/ Tanzania \u2013 Wir helfen! e.V. &#8211; Gemeinn\u00fctziger Verein aus Maulbronn: Informatonen zum Projekt im\u00a0 Jahresbrief vom November 2017 , 2018, 2019,\u00a0 2020 , 2022-1 \/\u00a0 2022 und 2023-1 \/ 2023-2 Weltfriedensdienst e.V. Dankurkunde 2018&hellip;<\/p>\n","protected":false},"author":108,"featured_media":0,"parent":0,"menu_order":11,"comment_status":"closed","ping_status":"closed","template":"","meta":{"footnotes":""},"class_list":["post-540","page","type-page","status-publish","hentry","description-off"],"yoast_head":"<!-- This site is optimized with the Yoast SEO plugin v26.8 - https:\/\/yoast.com\/product\/yoast-seo-wordpress\/ -->\n<title>Projekte - Weltladen M\u00fchlacker<\/title>\n<meta name=\"robots\" content=\"index, follow, max-snippet:-1, max-image-preview:large, max-video-preview:-1\" \/>\n<link rel=\"canonical\" href=\"https:\/\/weltlaeden.de\/muehlacker\/unsere-projekte\/\" \/>\n<meta property=\"og:locale\" content=\"de_DE\" \/>\n<meta property=\"og:type\" content=\"article\" \/>\n<meta property=\"og:title\" content=\"Projekte - Weltladen M\u00fchlacker\" \/>\n<meta property=\"og:description\" content=\"[vc_row][vc_column][vc_column_text] Unsere Projekte Diese Projekte werden von uns unterst\u00fctzt: SOLTEC Berufsausbildungszentrum Madagaskar: http:\/\/www.dmve.de\/ Centro Yanachaga &#8211; Peru Aktion e.V. PROSOYA: http:\/\/centro-yanachaga.org\/ Tanzania \u2013 Wir helfen! e.V. &#8211; Gemeinn\u00fctziger Verein aus Maulbronn: Informatonen zum Projekt im\u00a0 Jahresbrief vom November 2017 , 2018, 2019,\u00a0 2020 , 2022-1 \/\u00a0 2022 und 2023-1 \/ 2023-2 Weltfriedensdienst e.V. Dankurkunde 2018&hellip;\" \/>\n<meta property=\"og:url\" content=\"https:\/\/weltlaeden.de\/muehlacker\/unsere-projekte\/\" \/>\n<meta property=\"og:site_name\" content=\"Weltladen M\u00fchlacker\" \/>\n<meta property=\"article:modified_time\" content=\"2024-08-28T08:43:29+00:00\" \/>\n<meta property=\"og:image\" content=\"https:\/\/weltlaeden.de\/muehlacker\/wp-content\/uploads\/sites\/69\/2019\/01\/TanzaniaAugust2004Uli103-e1549576760250.jpg\" \/>\n<meta name=\"twitter:card\" content=\"summary_large_image\" \/>\n<meta name=\"twitter:label1\" content=\"Gesch\u00e4tzte Lesezeit\" \/>\n\t<meta name=\"twitter:data1\" content=\"1\u00a0Minute\" \/>\n<script type=\"application\/ld+json\" class=\"yoast-schema-graph\">{\"@context\":\"https:\/\/schema.org\",\"@graph\":[{\"@type\":\"WebPage\",\"@id\":\"https:\/\/weltlaeden.de\/muehlacker\/unsere-projekte\/\",\"url\":\"https:\/\/weltlaeden.de\/muehlacker\/unsere-projekte\/\",\"name\":\"Projekte - Weltladen M\u00fchlacker\",\"isPartOf\":{\"@id\":\"https:\/\/weltlaeden.de\/muehlacker\/#website\"},\"primaryImageOfPage\":{\"@id\":\"https:\/\/weltlaeden.de\/muehlacker\/unsere-projekte\/#primaryimage\"},\"image\":{\"@id\":\"https:\/\/weltlaeden.de\/muehlacker\/unsere-projekte\/#primaryimage\"},\"thumbnailUrl\":\"https:\/\/weltlaeden.de\/muehlacker\/wp-content\/uploads\/sites\/69\/2019\/01\/TanzaniaAugust2004Uli103-e1549576760250.jpg\",\"datePublished\":\"2019-02-20T15:54:51+00:00\",\"dateModified\":\"2024-08-28T08:43:29+00:00\",\"breadcrumb\":{\"@id\":\"https:\/\/weltlaeden.de\/muehlacker\/unsere-projekte\/#breadcrumb\"},\"inLanguage\":\"de\",\"potentialAction\":[{\"@type\":\"ReadAction\",\"target\":[\"https:\/\/weltlaeden.de\/muehlacker\/unsere-projekte\/\"]}]},{\"@type\":\"ImageObject\",\"inLanguage\":\"de\",\"@id\":\"https:\/\/weltlaeden.de\/muehlacker\/unsere-projekte\/#primaryimage\",\"url\":\"https:\/\/weltlaeden.de\/muehlacker\/wp-content\/uploads\/sites\/69\/2019\/01\/TanzaniaAugust2004Uli103-e1549576760250.jpg\",\"contentUrl\":\"https:\/\/weltlaeden.de\/muehlacker\/wp-content\/uploads\/sites\/69\/2019\/01\/TanzaniaAugust2004Uli103-e1549576760250.jpg\",\"width\":333,\"height\":250},{\"@type\":\"BreadcrumbList\",\"@id\":\"https:\/\/weltlaeden.de\/muehlacker\/unsere-projekte\/#breadcrumb\",\"itemListElement\":[{\"@type\":\"ListItem\",\"position\":1,\"name\":\"Startseite\",\"item\":\"https:\/\/weltlaeden.de\/muehlacker\/\"},{\"@type\":\"ListItem\",\"position\":2,\"name\":\"Projekte\"}]},{\"@type\":\"WebSite\",\"@id\":\"https:\/\/weltlaeden.de\/muehlacker\/#website\",\"url\":\"https:\/\/weltlaeden.de\/muehlacker\/\",\"name\":\"Weltladen M\u00fchlacker\",\"description\":\"Faire Produkte seit 1991\",\"potentialAction\":[{\"@type\":\"SearchAction\",\"target\":{\"@type\":\"EntryPoint\",\"urlTemplate\":\"https:\/\/weltlaeden.de\/muehlacker\/?s={search_term_string}\"},\"query-input\":{\"@type\":\"PropertyValueSpecification\",\"valueRequired\":true,\"valueName\":\"search_term_string\"}}],\"inLanguage\":\"de\"}]}<\/script>\n<!-- \/ Yoast SEO plugin. -->","yoast_head_json":{"title":"Projekte - Weltladen M\u00fchlacker","robots":{"index":"index","follow":"follow","max-snippet":"max-snippet:-1","max-image-preview":"max-image-preview:large","max-video-preview":"max-video-preview:-1"},"canonical":"https:\/\/weltlaeden.de\/muehlacker\/unsere-projekte\/","og_locale":"de_DE","og_type":"article","og_title":"Projekte - Weltladen M\u00fchlacker","og_description":"[vc_row][vc_column][vc_column_text] Unsere Projekte Diese Projekte werden von uns unterst\u00fctzt: SOLTEC Berufsausbildungszentrum Madagaskar: http:\/\/www.dmve.de\/ Centro Yanachaga &#8211; Peru Aktion e.V. PROSOYA: http:\/\/centro-yanachaga.org\/ Tanzania \u2013 Wir helfen! e.V. &#8211; Gemeinn\u00fctziger Verein aus Maulbronn: Informatonen zum Projekt im\u00a0 Jahresbrief vom November 2017 , 2018, 2019,\u00a0 2020 , 2022-1 \/\u00a0 2022 und 2023-1 \/ 2023-2 Weltfriedensdienst e.V. Dankurkunde 2018&hellip;","og_url":"https:\/\/weltlaeden.de\/muehlacker\/unsere-projekte\/","og_site_name":"Weltladen M\u00fchlacker","article_modified_time":"2024-08-28T08:43:29+00:00","og_image":[{"url":"https:\/\/weltlaeden.de\/muehlacker\/wp-content\/uploads\/sites\/69\/2019\/01\/TanzaniaAugust2004Uli103-e1549576760250.jpg","type":"","width":"","height":""}],"twitter_card":"summary_large_image","twitter_misc":{"Gesch\u00e4tzte Lesezeit":"1\u00a0Minute"},"schema":{"@context":"https:\/\/schema.org","@graph":[{"@type":"WebPage","@id":"https:\/\/weltlaeden.de\/muehlacker\/unsere-projekte\/","url":"https:\/\/weltlaeden.de\/muehlacker\/unsere-projekte\/","name":"Projekte - Weltladen M\u00fchlacker","isPartOf":{"@id":"https:\/\/weltlaeden.de\/muehlacker\/#website"},"primaryImageOfPage":{"@id":"https:\/\/weltlaeden.de\/muehlacker\/unsere-projekte\/#primaryimage"},"image":{"@id":"https:\/\/weltlaeden.de\/muehlacker\/unsere-projekte\/#primaryimage"},"thumbnailUrl":"https:\/\/weltlaeden.de\/muehlacker\/wp-content\/uploads\/sites\/69\/2019\/01\/TanzaniaAugust2004Uli103-e1549576760250.jpg","datePublished":"2019-02-20T15:54:51+00:00","dateModified":"2024-08-28T08:43:29+00:00","breadcrumb":{"@id":"https:\/\/weltlaeden.de\/muehlacker\/unsere-projekte\/#breadcrumb"},"inLanguage":"de","potentialAction":[{"@type":"ReadAction","target":["https:\/\/weltlaeden.de\/muehlacker\/unsere-projekte\/"]}]},{"@type":"ImageObject","inLanguage":"de","@id":"https:\/\/weltlaeden.de\/muehlacker\/unsere-projekte\/#primaryimage","url":"https:\/\/weltlaeden.de\/muehlacker\/wp-content\/uploads\/sites\/69\/2019\/01\/TanzaniaAugust2004Uli103-e1549576760250.jpg","contentUrl":"https:\/\/weltlaeden.de\/muehlacker\/wp-content\/uploads\/sites\/69\/2019\/01\/TanzaniaAugust2004Uli103-e1549576760250.jpg","width":333,"height":250},{"@type":"BreadcrumbList","@id":"https:\/\/weltlaeden.de\/muehlacker\/unsere-projekte\/#breadcrumb","itemListElement":[{"@type":"ListItem","position":1,"name":"Startseite","item":"https:\/\/weltlaeden.de\/muehlacker\/"},{"@type":"ListItem","position":2,"name":"Projekte"}]},{"@type":"WebSite","@id":"https:\/\/weltlaeden.de\/muehlacker\/#website","url":"https:\/\/weltlaeden.de\/muehlacker\/","name":"Weltladen M\u00fchlacker","description":"Faire Produkte seit 1991","potentialAction":[{"@type":"SearchAction","target":{"@type":"EntryPoint","urlTemplate":"https:\/\/weltlaeden.de\/muehlacker\/?s={search_term_string}"},"query-input":{"@type":"PropertyValueSpecification","valueRequired":true,"valueName":"search_term_string"}}],"inLanguage":"de"}]}},"_links":{"self":[{"href":"https:\/\/weltlaeden.de\/muehlacker\/wp-json\/wp\/v2\/pages\/540","targetHints":{"allow":["GET"]}}],"collection":[{"href":"https:\/\/weltlaeden.de\/muehlacker\/wp-json\/wp\/v2\/pages"}],"about":[{"href":"https:\/\/weltlaeden.de\/muehlacker\/wp-json\/wp\/v2\/types\/page"}],"author":[{"embeddable":true,"href":"https:\/\/weltlaeden.de\/muehlacker\/wp-json\/wp\/v2\/users\/108"}],"replies":[{"embeddable":true,"href":"https:\/\/weltlaeden.de\/muehlacker\/wp-json\/wp\/v2\/comments?post=540"}],"version-history":[{"count":37,"href":"https:\/\/weltlaeden.de\/muehlacker\/wp-json\/wp\/v2\/pages\/540\/revisions"}],"predecessor-version":[{"id":1443,"href":"https:\/\/weltlaeden.de\/muehlacker\/wp-json\/wp\/v2\/pages\/540\/revisions\/1443"}],"wp:attachment":[{"href":"https:\/\/weltlaeden.de\/muehlacker\/wp-json\/wp\/v2\/media?parent=540"}],"curies":[{"name":"wp","href":"https:\/\/api.w.org\/{rel}","templated":true}]}}