{"id":23,"date":"2016-10-14T09:05:21","date_gmt":"2016-10-14T07:05:21","guid":{"rendered":"https:\/\/wl.heimpixel.de\/vorlage\/termine\/"},"modified":"2019-02-20T16:33:20","modified_gmt":"2019-02-20T15:33:20","slug":"termine","status":"publish","type":"page","link":"https:\/\/weltlaeden.de\/muehlacker\/termine\/","title":{"rendered":"Termine"},"content":{"rendered":"<div class=\"wpb-content-wrapper\"><p>[vc_row][vc_column]<div class=\"wl_einzelbild\"><p><img loading=\"lazy\" decoding=\"async\" class=\"aligncenter size-full wp-image-nsm-3-33\" src=\"https:\/\/weltlaeden.de\/muehlacker\/wp-content\/uploads\/sites\/3\/2018\/07\/pocket-watch-1637396_1920_pixabay.png\" alt=\"\" width=\"787\" height=\"340\" \/><\/p><\/div>[vc_empty_space height=&#8220;30px&#8220;][vc_column_text]<\/p>\n<h1>Termine<\/h1>\n<h4><\/h4>\n<p>[\/vc_column_text][vc_empty_space height=&#8220;30px&#8220;][\/vc_column][\/vc_row][vc_row][vc_column width=&#8220;2\/3&#8243;][vc_column_text]<\/p>\n<h2>Kommende Termine<\/h2>\n<p>[\/vc_column_text]<ul class=\"termine-page current aktuell\">[vc_empty_space height=&#8220;30px&#8220;][vc_column_text]<\/p>\n<h2>Vergangene Termine<\/h2>\n<p>[\/vc_column_text]<ul class=\"termine-page past vergangen\"><li><h5 class=\"termine-titel\"><a href=\"https:\/\/weltlaeden.de\/muehlacker\/termin\/dagmar-duemchen-konzert\/\">DAGMAR D\u00dcMCHEN &#8211; KONZERT<\/a><\/h5><p class=\"termine-date\">Do., 12.03.2026, 19:30<\/p><p class=\"termine-auszug\">DER WELTLADEN M\u00dcHLACKER L\u00c4DT EIN ZUM KONZERT DER DEUTSCH-BOLIVIANISCHEN LIEDERMACHERIN Das Konzert findet am Donnerstag, dem 12. M\u00e4rz 2026\u00a0 um 19:30 Uhr im St.-Andreas-Gemeindehaus in M\u00fchlacker-D\u00fcrrmenz statt.<\/li><li><h5 class=\"termine-titel\"><a href=\"https:\/\/weltlaeden.de\/muehlacker\/termin\/1484\/\">Bauernmarkt Heckeng\u00e4u 2025<\/a><\/h5><p class=\"termine-date\">Sa., 05.04.2025, 09:00 bis 05.04.2025, 16:00<\/p><p class=\"termine-auszug\">Wir sins dabei! Neben regionalen Hofl\u00e4den, Direktvermarktern, kleinen Manufakturen aus unserer Region, sind auch wir vom Weltladen M\u00fchlacker vertreten. Aus unserem vielf\u00e4ltigen Sortiment bieten wir eine Auswahl an Genuss- und Lebensmitteln an, sowie besondere Produkte aus dem Bereich Kunsthandwerk, die in den Werkst\u00e4tten unserer Partnerorganisationen in liebevoller Handarbeit hergestellt werden. N\u00e4here Informationen zum Bauernmarkt finden Sie auf der Webseite: <a href=\"https:\/\/www.bauernmarkt-heckengaeu.de\/\" target=\"_blank\" rel=\"noopener\">www.bauernmarkt-heckengaeu.de<\/a><\/li><li><h5 class=\"termine-titel\"><a href=\"https:\/\/weltlaeden.de\/muehlacker\/termin\/weihnachtsmarkt-auf-dem-kelterplatz\/\">Weihnachtsmarkt auf dem Kelterplatz<\/a><\/h5><p class=\"termine-date\">Sa., 30.11.2024<\/p><p class=\"termine-auszug\">Samstag 30. November Wenn es drau\u00dfen auf dem Platz nach Gl\u00fchwein und Bratwurst duftet, sind auch wir im Weltladen von 10:00 bis 18:00 Uhr f\u00fcr Sie da!<\/li><li><h5 class=\"termine-titel\"><a href=\"https:\/\/weltlaeden.de\/muehlacker\/termin\/martinimarkt\/\">Martinimarkt<\/a><\/h5><p class=\"termine-date\">Sa., 09.11.2024<\/p><p class=\"termine-auszug\">\u00d6ffnungszeiten am Martinimarkt-Wochenende: Am Samstag sind wir von 10:00 bis 17:00 Uhr und am Sonntag von 13:00 bis 17:00 Uhr f\u00fcr Sie da!<\/li><li><h5 class=\"termine-titel\"><a href=\"https:\/\/weltlaeden.de\/muehlacker\/termin\/bauernmarkt-heckengaeu-2024\/\">Bauernmarkt Heckeng\u00e4u 2024<\/a><\/h5><p class=\"termine-date\">Sa., 13.04.2024, 09:00<\/p><p class=\"termine-auszug\">Wir sins dabei! Neben regionalen Hofl\u00e4den, Direktvermarktern, kleinen Manufakturen aus unserer Region, sind auch wir vom Weltladen M\u00fchlacker vertreten. Aus unserem vielf\u00e4ltigen Sortiment bieten wir eine Auswahl an Genuss- und Lebensmitteln an, sowie besondere Produkte aus dem Bereich Kunsthandwerk, die in den Werkst\u00e4tten unserer Partnerorganisationen in liebevoller Handarbeit hergestellt werden. N\u00e4here Informationen zum Bauernmarkt finden Sie auf der Webseite: <a href=\"https:\/\/www.bauernmarkt-heckengaeu.de\/\" target=\"_blank\" rel=\"noopener\">www.bauernmarkt-heckengaeu.de<\/a><\/li><li><h5 class=\"termine-titel\"><a href=\"https:\/\/weltlaeden.de\/muehlacker\/termin\/50-jahre-weltlaeden\/\">50 Jahre Weltl\u00e4den<\/a><\/h5><p class=\"termine-date\">Fr., 29.09.2023, 10:00<\/p><p class=\"termine-auszug\">Einladung Vom 25. - 29. September laden wir zum Kaffeetrinken in unseren Weltladen ein, denn wir feiern Jubil\u00e4um: 50 Jahre Weltl\u00e4den! Feiern Sie mit uns und kommen Sie w\u00e4hrend unserer \u00d6ffnungszeiten in den Weltladen. Wir freuen uns auf Sie!<\/li><li><h5 class=\"termine-titel\"><a href=\"https:\/\/weltlaeden.de\/muehlacker\/termin\/bauernmarkt-heckengaeu\/\">Bauernmarkt Heckeng\u00e4u<\/a><\/h5><p class=\"termine-date\">Sa., 11.03.2023, 09:00<\/p><p class=\"termine-auszug\">Wir sind dabei! Am Samstag, den 11. M\u00e4rz findet der 1. Bauernmarkt Heckeng\u00e4u in M\u00f6nsheim in der Festhalle statt. Von 9:00 bis 16:00 Uhr haben Sie die M\u00f6glichkeit \u00fcber den Bauernmarkt zu schlendern und regionale Erzeugnisse, sowie Fairtrade Produkte zu kaufen. \u00dcber 40 Aussteller halten ein reichhaltiges Angebot f\u00fcr Sie bereit. &nbsp;<\/li><li><h5 class=\"termine-titel\"><a href=\"https:\/\/weltlaeden.de\/muehlacker\/termin\/gourmet-multivisionsshow\/\">Gourmet Multivisionsshow<\/a><\/h5><p class=\"termine-date\">Do., 19.01.2023, 19:00<\/p><p class=\"termine-auszug\">GEW\u00dcRZE \u2013 gesund und fair w\u00fcrzen Dr.Jutta Ulmer und Dr.Michael Wolfsteiner (LobolmoGbR) Gourmet Multivisionsshow zum Thema Gew\u00fcrze und Fairer Handel Donnerstag, 19.01.23, 19:00\u201320:30 Uhr Die Veranstaltung findet im Rahmen der Wanderausstellung \"Klimaflucht\" in der Stadtbibliothek M\u00fchlacker statt. Die Veranstaltung ist kostenfrei. Um eine Anmeldung bei der VHS wird gebeten. Kurs-Nr. N1100.29 &nbsp; &nbsp;<\/li><li><h5 class=\"termine-titel\"><a href=\"https:\/\/weltlaeden.de\/muehlacker\/termin\/infotag-zum-ehrenamt\/\">Infotag zum Ehrenamt<\/a><\/h5><p class=\"termine-date\">Sa., 30.07.2022, 15:00<\/p><p class=\"termine-auszug\">Infotag zum Ehrenamt in den Enzg\u00e4rten M\u00fchlacker &nbsp; Wir sind dabei! Am 30.07.2022 von 15:00 bis 18.00 Uhr findet auf dem Maulbeerbaum-Platz in den Enzg\u00e4rten eine Infoveranstaltung statt. Unter dem Motto: \u201eZeige dein Ehrenamt \u2013 finde dein Engagement\u201c pr\u00e4sentieren sich Gruppen und Vereine, die nur funktionieren, weil sich Menschen ehrenamtlich engagieren. Veranstalter ist die Stadt Pforzheim, der Enzkreis und die Freiwilligenagentur Pforzheim | Enzkreis. Im Musik-Pavillon Gutmann wird parallel ein <a href=\"https:\/\/weltlaeden.de\/muehlacker\/wp-content\/uploads\/sites\/69\/2022\/07\/Programm-Markt-in-den-Enzg\ufffdrten-30_07_2022_neu-1.pdf\" target=\"_blank\" rel=\"noopener\">Programm<\/a> mit Infos und Kultur angeboten.\u00a0<\/li><li><h5 class=\"termine-titel\"><a href=\"https:\/\/weltlaeden.de\/muehlacker\/termin\/fairer-handel-wirkt-geschichten-aus-dem-weltladen\/\">Fairer Handel wirkt &#8211; Geschichten aus dem Weltladen<\/a><\/h5><p class=\"termine-date\">Mi., 20.10.2021, 19:30<\/p><p class=\"termine-auszug\">Die Veranstaltung im Rahmen der Fotoausstellung \"Land und Wirtschaft \u2013 wer erntet?\" findet in Zusammenarbeit mit dem evang. Bildungswerk statt. St.-Andreas-Kirche Mu\u0308hlacker Du\u0308rrmenz, St.-Andreas-Stra\u00dfe \/ Bischoff-Wurm-Platz, 75417 Mu\u0308hlacker-Du\u0308rrmenz Anmeldung bis zum 18.10.2021 unter Tel 0 70 41 \/ 81 82 477 oder Mail bildung.kirchenbezirk-muehlacker@elkw.de &nbsp; Wer erntet? Was verbirgt sich hinter einem fair gehandelten Lebensmittel und wie wirkt sich unser Einkaufsverhalten aus? Mitglieder des Weltladenvereins erza\u0308hlen ihre perso\u0308nliche Geschichte zu einem Produkt und was sich dahinter verbirgt - plus Verkostung. Die Weltladen-Aktivita\u0308ten seit dem Anfang der 70-er Jahre gaben den Ansto\u00df, dass fairer Handel immer mehr in den Focus ru\u0308ckte. Produkte des fairen Handels gibt es mittlerweile auch in vielen Superma\u0308rkten, Biola\u0308den und sogar Discountern. Weltla\u0308den haben auch heute eine wichtige Rolle als Fachgescha\u0308fte des Fairen Handel. Auftrag der Weltla\u0308den ist es au\u00dferdem, sich in der Bildungsarbeit und bei politischen Kampagnen zu engagieren \u2013 denn es gibt noch viel zu [...] <a href=\"https:\/\/weltlaeden.de\/muehlacker\/termin\/fairer-handel-wirkt-geschichten-aus-dem-weltladen\/\"><small>[WEITERLESEN]<\/small><\/a><\/p><\/li><li><h5 class=\"termine-titel\"><a href=\"https:\/\/weltlaeden.de\/muehlacker\/termin\/bauernmarkt-to-go\/\">Bauernmarkt to go<\/a><\/h5><p class=\"termine-date\">Mi., 03.02.2021 bis 31.03.2021<\/p><p class=\"termine-auszug\">Alternativ zum Bauernmarkt in Wimsheim, der in diesem Jahr leider nicht stattfinden kann, gibt es einen Bauernmarkt to go! Die Aussteller, die sich allj\u00e4hrlich in der Hagenschie\u00dfhalle pr\u00e4sentieren, bieten in diesem Jahr ihre Produkte beim Bauernmarkt to go an. Auch der Weltladen ist mit dabei! Kaffee, Espresso sowie Tee erg\u00e4nzen das Sortiment der Erzeuger. Schauen Sie auf der <a href=\"https:\/\/www.bauernmarkt-wimsheim.de\/bauernmarkt-to-go\/\" target=\"_blank\" rel=\"noopener\">Internetseite<\/a> oder gleich im <a href=\"https:\/\/www.bauernmarkt-wimsheim.de\/shop\/\" target=\"_blank\" rel=\"noopener\">Shop<\/a>, was der Bauernmarkt zu bieten hat.<\/li><li><h5 class=\"termine-titel\"><a href=\"https:\/\/weltlaeden.de\/muehlacker\/termin\/bauernmarkt-2\/\">Bauernmarkt<\/a><\/h5><p class=\"termine-date\">Sa., 07.03.2020<\/p><p class=\"termine-auszug\">Wir sind dabei! Wie in den vergangenen Jahren finden Sie den Weltladen M\u00fchlacker auch in diesem Jahr auf dem <a href=\"https:\/\/www.bauernmarkt-wimsheim.de\/\" rel=\"noopener\" target=\"_blank\">Wimsheimer Bauernmarkt<\/a> am Samstag, den 7. M\u00e4rz 2020 von 9:00 bis 16:00 Uhr<\/li><li><h5 class=\"termine-titel\"><a href=\"https:\/\/weltlaeden.de\/muehlacker\/termin\/weihnachtsferien-im-weltladen\/\">Weihnachtsferien im Weltladen<\/a><\/h5><p class=\"termine-date\">Mi., 25.12.2019 bis 07.01.2020<\/p><p class=\"termine-auszug\">Die Weihnachtsferien im Weltladen dauern noch bis 6. Januar. Ab Dienstag 7. Januar sind wir gerne wieder f\u00fcr Sie da.<\/li><li><h5 class=\"termine-titel\"><a href=\"https:\/\/weltlaeden.de\/muehlacker\/termin\/ausstellung-fair-gehandelter-kaffee-wirkt\/\">Ausstellung: &#8222;FAIR GEHANDELTER KAFFEE WIRKT!&#8220;<\/a><\/h5><p class=\"termine-date\">Mo., 16.09.2019, 19:00 bis 27.09.2019, 12:00<\/p><p class=\"termine-auszug\">Wie Kleinbauernfamilien profitieren am Beispiel des Caf\u00e9 du Burundi. Die Wanderausstellung im Rathausfoyer M\u00fchlacker veranschaulicht die Bedeutung des Fairen Handels und seine Auswirkungen auf die Lebenssituation der Menschen in Burundi. Zwischen Baden-W\u00fcrttemberg und Burundi bestehen seit Jahrzehnten partnerschaftliche Beziehungen, die von zivilgesellschaftlichen und kirchlichen Organisationen getragen werden.<p class=termine-ort\"><small>Ort: <i>Rathaus M\u00fchlacker<\/i><\/small><\/p><\/li><li><h5 class=\"termine-titel\"><a href=\"https:\/\/weltlaeden.de\/muehlacker\/termin\/ausstellungseroeffnung\/\">Ausstellungser\u00f6ffnung<\/a><\/h5><p class=\"termine-date\">Mo., 16.09.2019, 19:00<\/p><p class=\"termine-auszug\">Zur <a href=\"https:\/\/weltlaeden.de\/muehlacker\/ausstellungseroeffnung-am-16-september-2019\/\" target=\"_blank\" rel=\"noopener\">Ausstellungser\u00f6ffnung<\/a>, am Montag den 16.09.2019 um 19 Uhr laden wir Sie gemeinsam mit der Stadt M\u00fchlacker herzlich ins Rathausfoyer ein. Die Ausstellung, \"FAIRER GEHANDELTER KAFFEE WIRKT!\" wird mit einer Lesung von Philipp Ziser er\u00f6ffnet, der einen \u00dcberblick \u00fcber das Land Burundi gibt und aus seinem Buch \"Yambu\" liest. Nach der Lesung besteht die M\u00f6glichkeit einige K\u00f6stlichkeiten aus Fairem Handel zu probieren.<p class=termine-ort\"><small>Ort: <i>Rathaus M\u00fchlacker<\/i><\/small><\/p><\/li><li><h5 class=\"termine-titel\"><a href=\"https:\/\/weltlaeden.de\/muehlacker\/termin\/weltladentag\/\">Weltladentag<\/a><\/h5><p class=\"termine-date\">Sa., 11.05.2019<\/p><p class=\"termine-auszug\">Menschenrechte vor Profit! Aktion wird verschoben. Genaues wird noch bekanntgegeben.<\/li><li><h5 class=\"termine-titel\"><a href=\"https:\/\/weltlaeden.de\/muehlacker\/termin\/mitgliederversammlung-2019\/\">Mitgliederversammlung 2019<\/a><\/h5><p class=\"termine-date\">Fr., 12.04.2019, 19:00<\/p><p class=\"termine-auszug\">Zu unserer diesj\u00e4hrigen Mitgliederversammlung im St.-Andreas-Gemeindehaus in D\u00fcrrmenz laden wir herzlich ein.<\/li><li><h5 class=\"termine-titel\"><a href=\"https:\/\/weltlaeden.de\/muehlacker\/termin\/bauernmarkt\/\">Bauernmarkt<\/a><\/h5><p class=\"termine-date\">Sa., 09.03.2019, 09:00<\/p><p class=\"termine-auszug\">Wir sind dabei! Sie finden uns auf dem 14. Wimsheimer Bauernmarkt in der Hagenschie\u00dfhalle Wimsheim am 9. M\u00e4rz von 9 Uhr bis 16 Uhr. F\u00fcr weitere Informationen:<a href=\"https:\/\/www.bauernmarkt-wimsheim.de\" target=\"_blank\" rel=\"noopener\"> www.bauernmarkt-wimsheim.de<\/a><\/li><li><h5 class=\"termine-titel\"><a href=\"https:\/\/weltlaeden.de\/muehlacker\/termin\/vortrag\/\">Vortrag<\/a><\/h5><p class=\"termine-date\">Di., 19.02.2019, 19:00<\/p><p class=\"termine-auszug\">Vortrag im Kino Scala: \"Zero Waste - Leben ohne Mu\u0308ll\" Einlass 19:00 Uhr, Vortrag Beginn 20:00 Uhr<\/li><\/ul>[\/vc_column][\/vc_row]<\/p>\n<\/div>","protected":false},"excerpt":{"rendered":"<p>[vc_row][vc_column][vc_empty_space height=&#8220;30px&#8220;][vc_column_text] Termine [\/vc_column_text][vc_empty_space height=&#8220;30px&#8220;][\/vc_column][\/vc_row][vc_row][vc_column width=&#8220;2\/3&#8243;][vc_column_text] Kommende Termine [\/vc_column_text][vc_empty_space height=&#8220;30px&#8220;][vc_column_text] Vergangene Termine [\/vc_column_text][\/vc_column][\/vc_row]<\/p>\n","protected":false},"author":1,"featured_media":0,"parent":0,"menu_order":6,"comment_status":"closed","ping_status":"closed","template":"","meta":{"footnotes":""},"class_list":["post-23","page","type-page","status-publish","hentry","description-off"],"yoast_head":"<!-- This site is optimized with the Yoast SEO plugin v26.8 - https:\/\/yoast.com\/product\/yoast-seo-wordpress\/ -->\n<title>Termine - Weltladen M\u00fchlacker<\/title>\n<meta name=\"robots\" content=\"index, follow, max-snippet:-1, max-image-preview:large, max-video-preview:-1\" \/>\n<link rel=\"canonical\" href=\"https:\/\/weltlaeden.de\/muehlacker\/termine\/\" \/>\n<meta property=\"og:locale\" content=\"de_DE\" \/>\n<meta property=\"og:type\" content=\"article\" \/>\n<meta property=\"og:title\" content=\"Termine - Weltladen M\u00fchlacker\" \/>\n<meta property=\"og:description\" content=\"[vc_row][vc_column][vc_empty_space height=&#8220;30px&#8220;][vc_column_text] Termine [\/vc_column_text][vc_empty_space height=&#8220;30px&#8220;][\/vc_column][\/vc_row][vc_row][vc_column width=&#8220;2\/3&#8243;][vc_column_text] Kommende Termine [\/vc_column_text][vc_empty_space height=&#8220;30px&#8220;][vc_column_text] Vergangene Termine [\/vc_column_text][\/vc_column][\/vc_row]\" \/>\n<meta property=\"og:url\" content=\"https:\/\/weltlaeden.de\/muehlacker\/termine\/\" \/>\n<meta property=\"og:site_name\" content=\"Weltladen M\u00fchlacker\" \/>\n<meta property=\"article:modified_time\" content=\"2019-02-20T15:33:20+00:00\" \/>\n<meta property=\"og:image\" content=\"https:\/\/weltlaeden.de\/muehlacker\/wp-content\/uploads\/sites\/3\/2018\/07\/pocket-watch-1637396_1920_pixabay.png\" \/>\n<meta name=\"twitter:card\" content=\"summary_large_image\" \/>\n<script type=\"application\/ld+json\" class=\"yoast-schema-graph\">{\"@context\":\"https:\/\/schema.org\",\"@graph\":[{\"@type\":\"WebPage\",\"@id\":\"https:\/\/weltlaeden.de\/muehlacker\/termine\/\",\"url\":\"https:\/\/weltlaeden.de\/muehlacker\/termine\/\",\"name\":\"Termine - Weltladen M\u00fchlacker\",\"isPartOf\":{\"@id\":\"https:\/\/weltlaeden.de\/muehlacker\/#website\"},\"primaryImageOfPage\":{\"@id\":\"https:\/\/weltlaeden.de\/muehlacker\/termine\/#primaryimage\"},\"image\":{\"@id\":\"https:\/\/weltlaeden.de\/muehlacker\/termine\/#primaryimage\"},\"thumbnailUrl\":\"https:\/\/weltlaeden.de\/muehlacker\/wp-content\/uploads\/sites\/3\/2018\/07\/pocket-watch-1637396_1920_pixabay.png\",\"datePublished\":\"2016-10-14T07:05:21+00:00\",\"dateModified\":\"2019-02-20T15:33:20+00:00\",\"breadcrumb\":{\"@id\":\"https:\/\/weltlaeden.de\/muehlacker\/termine\/#breadcrumb\"},\"inLanguage\":\"de\",\"potentialAction\":[{\"@type\":\"ReadAction\",\"target\":[\"https:\/\/weltlaeden.de\/muehlacker\/termine\/\"]}]},{\"@type\":\"ImageObject\",\"inLanguage\":\"de\",\"@id\":\"https:\/\/weltlaeden.de\/muehlacker\/termine\/#primaryimage\",\"url\":\"https:\/\/weltlaeden.de\/muehlacker\/wp-content\/uploads\/sites\/3\/2018\/07\/pocket-watch-1637396_1920_pixabay.png\",\"contentUrl\":\"https:\/\/weltlaeden.de\/muehlacker\/wp-content\/uploads\/sites\/3\/2018\/07\/pocket-watch-1637396_1920_pixabay.png\"},{\"@type\":\"BreadcrumbList\",\"@id\":\"https:\/\/weltlaeden.de\/muehlacker\/termine\/#breadcrumb\",\"itemListElement\":[{\"@type\":\"ListItem\",\"position\":1,\"name\":\"Startseite\",\"item\":\"https:\/\/weltlaeden.de\/muehlacker\/\"},{\"@type\":\"ListItem\",\"position\":2,\"name\":\"Termine\"}]},{\"@type\":\"WebSite\",\"@id\":\"https:\/\/weltlaeden.de\/muehlacker\/#website\",\"url\":\"https:\/\/weltlaeden.de\/muehlacker\/\",\"name\":\"Weltladen M\u00fchlacker\",\"description\":\"Faire Produkte seit 1991\",\"potentialAction\":[{\"@type\":\"SearchAction\",\"target\":{\"@type\":\"EntryPoint\",\"urlTemplate\":\"https:\/\/weltlaeden.de\/muehlacker\/?s={search_term_string}\"},\"query-input\":{\"@type\":\"PropertyValueSpecification\",\"valueRequired\":true,\"valueName\":\"search_term_string\"}}],\"inLanguage\":\"de\"}]}<\/script>\n<!-- \/ Yoast SEO plugin. -->","yoast_head_json":{"title":"Termine - Weltladen M\u00fchlacker","robots":{"index":"index","follow":"follow","max-snippet":"max-snippet:-1","max-image-preview":"max-image-preview:large","max-video-preview":"max-video-preview:-1"},"canonical":"https:\/\/weltlaeden.de\/muehlacker\/termine\/","og_locale":"de_DE","og_type":"article","og_title":"Termine - Weltladen M\u00fchlacker","og_description":"[vc_row][vc_column][vc_empty_space height=&#8220;30px&#8220;][vc_column_text] Termine [\/vc_column_text][vc_empty_space height=&#8220;30px&#8220;][\/vc_column][\/vc_row][vc_row][vc_column width=&#8220;2\/3&#8243;][vc_column_text] Kommende Termine [\/vc_column_text][vc_empty_space height=&#8220;30px&#8220;][vc_column_text] Vergangene Termine [\/vc_column_text][\/vc_column][\/vc_row]","og_url":"https:\/\/weltlaeden.de\/muehlacker\/termine\/","og_site_name":"Weltladen M\u00fchlacker","article_modified_time":"2019-02-20T15:33:20+00:00","og_image":[{"url":"https:\/\/weltlaeden.de\/muehlacker\/wp-content\/uploads\/sites\/3\/2018\/07\/pocket-watch-1637396_1920_pixabay.png","type":"","width":"","height":""}],"twitter_card":"summary_large_image","schema":{"@context":"https:\/\/schema.org","@graph":[{"@type":"WebPage","@id":"https:\/\/weltlaeden.de\/muehlacker\/termine\/","url":"https:\/\/weltlaeden.de\/muehlacker\/termine\/","name":"Termine - Weltladen M\u00fchlacker","isPartOf":{"@id":"https:\/\/weltlaeden.de\/muehlacker\/#website"},"primaryImageOfPage":{"@id":"https:\/\/weltlaeden.de\/muehlacker\/termine\/#primaryimage"},"image":{"@id":"https:\/\/weltlaeden.de\/muehlacker\/termine\/#primaryimage"},"thumbnailUrl":"https:\/\/weltlaeden.de\/muehlacker\/wp-content\/uploads\/sites\/3\/2018\/07\/pocket-watch-1637396_1920_pixabay.png","datePublished":"2016-10-14T07:05:21+00:00","dateModified":"2019-02-20T15:33:20+00:00","breadcrumb":{"@id":"https:\/\/weltlaeden.de\/muehlacker\/termine\/#breadcrumb"},"inLanguage":"de","potentialAction":[{"@type":"ReadAction","target":["https:\/\/weltlaeden.de\/muehlacker\/termine\/"]}]},{"@type":"ImageObject","inLanguage":"de","@id":"https:\/\/weltlaeden.de\/muehlacker\/termine\/#primaryimage","url":"https:\/\/weltlaeden.de\/muehlacker\/wp-content\/uploads\/sites\/3\/2018\/07\/pocket-watch-1637396_1920_pixabay.png","contentUrl":"https:\/\/weltlaeden.de\/muehlacker\/wp-content\/uploads\/sites\/3\/2018\/07\/pocket-watch-1637396_1920_pixabay.png"},{"@type":"BreadcrumbList","@id":"https:\/\/weltlaeden.de\/muehlacker\/termine\/#breadcrumb","itemListElement":[{"@type":"ListItem","position":1,"name":"Startseite","item":"https:\/\/weltlaeden.de\/muehlacker\/"},{"@type":"ListItem","position":2,"name":"Termine"}]},{"@type":"WebSite","@id":"https:\/\/weltlaeden.de\/muehlacker\/#website","url":"https:\/\/weltlaeden.de\/muehlacker\/","name":"Weltladen M\u00fchlacker","description":"Faire Produkte seit 1991","potentialAction":[{"@type":"SearchAction","target":{"@type":"EntryPoint","urlTemplate":"https:\/\/weltlaeden.de\/muehlacker\/?s={search_term_string}"},"query-input":{"@type":"PropertyValueSpecification","valueRequired":true,"valueName":"search_term_string"}}],"inLanguage":"de"}]}},"_links":{"self":[{"href":"https:\/\/weltlaeden.de\/muehlacker\/wp-json\/wp\/v2\/pages\/23","targetHints":{"allow":["GET"]}}],"collection":[{"href":"https:\/\/weltlaeden.de\/muehlacker\/wp-json\/wp\/v2\/pages"}],"about":[{"href":"https:\/\/weltlaeden.de\/muehlacker\/wp-json\/wp\/v2\/types\/page"}],"author":[{"embeddable":true,"href":"https:\/\/weltlaeden.de\/muehlacker\/wp-json\/wp\/v2\/users\/1"}],"replies":[{"embeddable":true,"href":"https:\/\/weltlaeden.de\/muehlacker\/wp-json\/wp\/v2\/comments?post=23"}],"version-history":[{"count":13,"href":"https:\/\/weltlaeden.de\/muehlacker\/wp-json\/wp\/v2\/pages\/23\/revisions"}],"predecessor-version":[{"id":396,"href":"https:\/\/weltlaeden.de\/muehlacker\/wp-json\/wp\/v2\/pages\/23\/revisions\/396"}],"wp:attachment":[{"href":"https:\/\/weltlaeden.de\/muehlacker\/wp-json\/wp\/v2\/media?parent=23"}],"curies":[{"name":"wp","href":"https:\/\/api.w.org\/{rel}","templated":true}]}}