{"id":219,"date":"2016-10-28T13:34:47","date_gmt":"2016-10-28T11:34:47","guid":{"rendered":"https:\/\/wl.heimpixel.de\/vorlage\/ueber-uns\/"},"modified":"2024-08-19T09:44:30","modified_gmt":"2024-08-19T07:44:30","slug":"ueber-uns","status":"publish","type":"page","link":"https:\/\/weltlaeden.de\/muehlacker\/ueber-uns\/","title":{"rendered":"\u00dcber uns"},"content":{"rendered":"<div class=\"wpb-content-wrapper\"><p>[vc_row][vc_column]<div class=\"wl_einzelbild\"><p><img loading=\"lazy\" decoding=\"async\" class=\"aligncenter size-full wp-image-nsm-3-16\" src=\"https:\/\/weltlaeden.de\/muehlacker\/wp-content\/uploads\/sites\/3\/2016\/11\/ElPuente_Kakaobohnen_El-Ceibo_Bolivien.jpg\" alt=\"\" width=\"1200\" height=\"519\" \/><\/p><\/div>[vc_empty_space height=&#8220;&#8220;][vc_column_text]<\/p>\n<h1>Wie alles begann<\/h1>\n<p>Im Mai 1989 wurde der Arbeitskreis Eine Welt e.V. M\u00fchlacker als gemeinn\u00fctziger Verein gegr\u00fcndet. Das Ziel war von Anfang an, einen Weltladen zu er\u00f6ffnen. Wie damals, so ist es auch heute immer noch nicht selbstverst\u00e4ndlich, dass die Menschen, die unsere Lebensmittel produzieren, fair bezahlt werden, ihre Gesundheit gesch\u00fctzt wird und ihre Rechte geachtet werden. Der Faire Handel sorgt daf\u00fcr, dass all dies beachtet wird und hat sich als wirkungsvolles Instrument zur Armutsbek\u00e4mpfung bew\u00e4hrt. In unserm Weltladen, den es seit 1991 gibt,\u00a0 engagieren sich ca. 30 Personen. Dank des ehrenamtlichen Einsatzes aller Aktiven k\u00f6nnen wir dar\u00fcber hinaus Projekte in Lateinamerika und Afrika finanziell unterst\u00fctzen. N\u00e4heres zu den Projekten finden Sie <a href=\"https:\/\/weltlaeden.de\/muehlacker\/ueber-uns\/unsere-projekte\/\" target=\"_blank\" rel=\"noopener\">hier<\/a>&#8230;.<\/p>\n<p>Neben dem Verkauf fair gehandelter Produkte liegt ein weiterer Schwerpunkt des Arbeitskreises in der entwicklungspolitischen Bildungsarbeit. Siehe Bildungsangebote[\/vc_column_text][vc_column_text][\/vc_column_text][\/vc_column][\/vc_row][vc_row][vc_column][vc_empty_space][vc_column_text]<\/p>\n<h1>Mitmachen im Weltladen M\u00fchlacker<\/h1>\n<p>[\/vc_column_text][vc_column_text]<strong>Wir suchen<\/strong> Menschen, die Lust haben, sich ehrenamtlich f\u00fcr eine offene, transparente, \u00f6kologische und nachhaltige Form des Wirtschaftens zu engagieren. Ob im Verkauf, der Informations- oder Bildungsarbeit &#8211; die M\u00f6glichkeiten, in unserem Team mitzumachen sind vielf\u00e4ltig. Viele Aufgaben erfordern keine speziellen Vorkenntnisse, sondern nur die Bereitschaft, deine F\u00e4higkeiten einzubringen und eventuell in neuen Bereichen dazuzulernen.<\/p>\n<p><strong>Wir bieten<\/strong> ein nettes Team aus Engagierten mit vielf\u00e4ltigen M\u00f6glichkeiten, sich selbst einzubringen. Eine Gemeinschaft, die dich herzlich aufnimmt, einarbeitet und bei Fragen zur Verf\u00fcgung steht. Fortbildungsm\u00f6glichkeiten nach deinen Interessen und Aufgaben.<\/p>\n<p><strong>Wir freuen uns auf dich!<\/strong>[\/vc_column_text][\/vc_column][\/vc_row]<\/p>\n<\/div>","protected":false},"excerpt":{"rendered":"<p>[vc_row][vc_column][vc_empty_space height=&#8220;&#8220;][vc_column_text] Wie alles begann Im Mai 1989 wurde der Arbeitskreis Eine Welt e.V. M\u00fchlacker als gemeinn\u00fctziger Verein gegr\u00fcndet. Das Ziel war von Anfang an, einen Weltladen zu er\u00f6ffnen. Wie damals, so ist es auch heute immer noch nicht selbstverst\u00e4ndlich, dass die Menschen, die unsere Lebensmittel produzieren, fair bezahlt werden, ihre Gesundheit gesch\u00fctzt wird und&hellip;<\/p>\n","protected":false},"author":1,"featured_media":0,"parent":0,"menu_order":10,"comment_status":"closed","ping_status":"closed","template":"","meta":{"footnotes":""},"class_list":["post-219","page","type-page","status-publish","hentry","description-off"],"yoast_head":"<!-- This site is optimized with the Yoast SEO plugin v26.8 - https:\/\/yoast.com\/product\/yoast-seo-wordpress\/ -->\n<title>\u00dcber uns - Weltladen M\u00fchlacker<\/title>\n<meta name=\"robots\" content=\"index, follow, max-snippet:-1, max-image-preview:large, max-video-preview:-1\" \/>\n<link rel=\"canonical\" href=\"https:\/\/weltlaeden.de\/muehlacker\/ueber-uns\/\" \/>\n<meta property=\"og:locale\" content=\"de_DE\" \/>\n<meta property=\"og:type\" content=\"article\" \/>\n<meta property=\"og:title\" content=\"\u00dcber uns - Weltladen M\u00fchlacker\" \/>\n<meta property=\"og:description\" content=\"[vc_row][vc_column][vc_empty_space height=&#8220;&#8220;][vc_column_text] Wie alles begann Im Mai 1989 wurde der Arbeitskreis Eine Welt e.V. M\u00fchlacker als gemeinn\u00fctziger Verein gegr\u00fcndet. Das Ziel war von Anfang an, einen Weltladen zu er\u00f6ffnen. Wie damals, so ist es auch heute immer noch nicht selbstverst\u00e4ndlich, dass die Menschen, die unsere Lebensmittel produzieren, fair bezahlt werden, ihre Gesundheit gesch\u00fctzt wird und&hellip;\" \/>\n<meta property=\"og:url\" content=\"https:\/\/weltlaeden.de\/muehlacker\/ueber-uns\/\" \/>\n<meta property=\"og:site_name\" content=\"Weltladen M\u00fchlacker\" \/>\n<meta property=\"article:modified_time\" content=\"2024-08-19T07:44:30+00:00\" \/>\n<meta property=\"og:image\" content=\"https:\/\/weltlaeden.de\/muehlacker\/wp-content\/uploads\/sites\/3\/2016\/11\/ElPuente_Kakaobohnen_El-Ceibo_Bolivien.jpg\" \/>\n<meta name=\"twitter:card\" content=\"summary_large_image\" \/>\n<meta name=\"twitter:label1\" content=\"Gesch\u00e4tzte Lesezeit\" \/>\n\t<meta name=\"twitter:data1\" content=\"1\u00a0Minute\" \/>\n<script type=\"application\/ld+json\" class=\"yoast-schema-graph\">{\"@context\":\"https:\/\/schema.org\",\"@graph\":[{\"@type\":\"WebPage\",\"@id\":\"https:\/\/weltlaeden.de\/muehlacker\/ueber-uns\/\",\"url\":\"https:\/\/weltlaeden.de\/muehlacker\/ueber-uns\/\",\"name\":\"\u00dcber uns - Weltladen M\u00fchlacker\",\"isPartOf\":{\"@id\":\"https:\/\/weltlaeden.de\/muehlacker\/#website\"},\"primaryImageOfPage\":{\"@id\":\"https:\/\/weltlaeden.de\/muehlacker\/ueber-uns\/#primaryimage\"},\"image\":{\"@id\":\"https:\/\/weltlaeden.de\/muehlacker\/ueber-uns\/#primaryimage\"},\"thumbnailUrl\":\"https:\/\/weltlaeden.de\/muehlacker\/wp-content\/uploads\/sites\/3\/2016\/11\/ElPuente_Kakaobohnen_El-Ceibo_Bolivien.jpg\",\"datePublished\":\"2016-10-28T11:34:47+00:00\",\"dateModified\":\"2024-08-19T07:44:30+00:00\",\"breadcrumb\":{\"@id\":\"https:\/\/weltlaeden.de\/muehlacker\/ueber-uns\/#breadcrumb\"},\"inLanguage\":\"de\",\"potentialAction\":[{\"@type\":\"ReadAction\",\"target\":[\"https:\/\/weltlaeden.de\/muehlacker\/ueber-uns\/\"]}]},{\"@type\":\"ImageObject\",\"inLanguage\":\"de\",\"@id\":\"https:\/\/weltlaeden.de\/muehlacker\/ueber-uns\/#primaryimage\",\"url\":\"https:\/\/weltlaeden.de\/muehlacker\/wp-content\/uploads\/sites\/3\/2016\/11\/ElPuente_Kakaobohnen_El-Ceibo_Bolivien.jpg\",\"contentUrl\":\"https:\/\/weltlaeden.de\/muehlacker\/wp-content\/uploads\/sites\/3\/2016\/11\/ElPuente_Kakaobohnen_El-Ceibo_Bolivien.jpg\"},{\"@type\":\"BreadcrumbList\",\"@id\":\"https:\/\/weltlaeden.de\/muehlacker\/ueber-uns\/#breadcrumb\",\"itemListElement\":[{\"@type\":\"ListItem\",\"position\":1,\"name\":\"Startseite\",\"item\":\"https:\/\/weltlaeden.de\/muehlacker\/\"},{\"@type\":\"ListItem\",\"position\":2,\"name\":\"\u00dcber uns\"}]},{\"@type\":\"WebSite\",\"@id\":\"https:\/\/weltlaeden.de\/muehlacker\/#website\",\"url\":\"https:\/\/weltlaeden.de\/muehlacker\/\",\"name\":\"Weltladen M\u00fchlacker\",\"description\":\"Faire Produkte seit 1991\",\"potentialAction\":[{\"@type\":\"SearchAction\",\"target\":{\"@type\":\"EntryPoint\",\"urlTemplate\":\"https:\/\/weltlaeden.de\/muehlacker\/?s={search_term_string}\"},\"query-input\":{\"@type\":\"PropertyValueSpecification\",\"valueRequired\":true,\"valueName\":\"search_term_string\"}}],\"inLanguage\":\"de\"}]}<\/script>\n<!-- \/ Yoast SEO plugin. -->","yoast_head_json":{"title":"\u00dcber uns - Weltladen M\u00fchlacker","robots":{"index":"index","follow":"follow","max-snippet":"max-snippet:-1","max-image-preview":"max-image-preview:large","max-video-preview":"max-video-preview:-1"},"canonical":"https:\/\/weltlaeden.de\/muehlacker\/ueber-uns\/","og_locale":"de_DE","og_type":"article","og_title":"\u00dcber uns - Weltladen M\u00fchlacker","og_description":"[vc_row][vc_column][vc_empty_space height=&#8220;&#8220;][vc_column_text] Wie alles begann Im Mai 1989 wurde der Arbeitskreis Eine Welt e.V. M\u00fchlacker als gemeinn\u00fctziger Verein gegr\u00fcndet. Das Ziel war von Anfang an, einen Weltladen zu er\u00f6ffnen. Wie damals, so ist es auch heute immer noch nicht selbstverst\u00e4ndlich, dass die Menschen, die unsere Lebensmittel produzieren, fair bezahlt werden, ihre Gesundheit gesch\u00fctzt wird und&hellip;","og_url":"https:\/\/weltlaeden.de\/muehlacker\/ueber-uns\/","og_site_name":"Weltladen M\u00fchlacker","article_modified_time":"2024-08-19T07:44:30+00:00","og_image":[{"url":"https:\/\/weltlaeden.de\/muehlacker\/wp-content\/uploads\/sites\/3\/2016\/11\/ElPuente_Kakaobohnen_El-Ceibo_Bolivien.jpg","type":"","width":"","height":""}],"twitter_card":"summary_large_image","twitter_misc":{"Gesch\u00e4tzte Lesezeit":"1\u00a0Minute"},"schema":{"@context":"https:\/\/schema.org","@graph":[{"@type":"WebPage","@id":"https:\/\/weltlaeden.de\/muehlacker\/ueber-uns\/","url":"https:\/\/weltlaeden.de\/muehlacker\/ueber-uns\/","name":"\u00dcber uns - Weltladen M\u00fchlacker","isPartOf":{"@id":"https:\/\/weltlaeden.de\/muehlacker\/#website"},"primaryImageOfPage":{"@id":"https:\/\/weltlaeden.de\/muehlacker\/ueber-uns\/#primaryimage"},"image":{"@id":"https:\/\/weltlaeden.de\/muehlacker\/ueber-uns\/#primaryimage"},"thumbnailUrl":"https:\/\/weltlaeden.de\/muehlacker\/wp-content\/uploads\/sites\/3\/2016\/11\/ElPuente_Kakaobohnen_El-Ceibo_Bolivien.jpg","datePublished":"2016-10-28T11:34:47+00:00","dateModified":"2024-08-19T07:44:30+00:00","breadcrumb":{"@id":"https:\/\/weltlaeden.de\/muehlacker\/ueber-uns\/#breadcrumb"},"inLanguage":"de","potentialAction":[{"@type":"ReadAction","target":["https:\/\/weltlaeden.de\/muehlacker\/ueber-uns\/"]}]},{"@type":"ImageObject","inLanguage":"de","@id":"https:\/\/weltlaeden.de\/muehlacker\/ueber-uns\/#primaryimage","url":"https:\/\/weltlaeden.de\/muehlacker\/wp-content\/uploads\/sites\/3\/2016\/11\/ElPuente_Kakaobohnen_El-Ceibo_Bolivien.jpg","contentUrl":"https:\/\/weltlaeden.de\/muehlacker\/wp-content\/uploads\/sites\/3\/2016\/11\/ElPuente_Kakaobohnen_El-Ceibo_Bolivien.jpg"},{"@type":"BreadcrumbList","@id":"https:\/\/weltlaeden.de\/muehlacker\/ueber-uns\/#breadcrumb","itemListElement":[{"@type":"ListItem","position":1,"name":"Startseite","item":"https:\/\/weltlaeden.de\/muehlacker\/"},{"@type":"ListItem","position":2,"name":"\u00dcber uns"}]},{"@type":"WebSite","@id":"https:\/\/weltlaeden.de\/muehlacker\/#website","url":"https:\/\/weltlaeden.de\/muehlacker\/","name":"Weltladen M\u00fchlacker","description":"Faire Produkte seit 1991","potentialAction":[{"@type":"SearchAction","target":{"@type":"EntryPoint","urlTemplate":"https:\/\/weltlaeden.de\/muehlacker\/?s={search_term_string}"},"query-input":{"@type":"PropertyValueSpecification","valueRequired":true,"valueName":"search_term_string"}}],"inLanguage":"de"}]}},"_links":{"self":[{"href":"https:\/\/weltlaeden.de\/muehlacker\/wp-json\/wp\/v2\/pages\/219","targetHints":{"allow":["GET"]}}],"collection":[{"href":"https:\/\/weltlaeden.de\/muehlacker\/wp-json\/wp\/v2\/pages"}],"about":[{"href":"https:\/\/weltlaeden.de\/muehlacker\/wp-json\/wp\/v2\/types\/page"}],"author":[{"embeddable":true,"href":"https:\/\/weltlaeden.de\/muehlacker\/wp-json\/wp\/v2\/users\/1"}],"replies":[{"embeddable":true,"href":"https:\/\/weltlaeden.de\/muehlacker\/wp-json\/wp\/v2\/comments?post=219"}],"version-history":[{"count":27,"href":"https:\/\/weltlaeden.de\/muehlacker\/wp-json\/wp\/v2\/pages\/219\/revisions"}],"predecessor-version":[{"id":640,"href":"https:\/\/weltlaeden.de\/muehlacker\/wp-json\/wp\/v2\/pages\/219\/revisions\/640"}],"wp:attachment":[{"href":"https:\/\/weltlaeden.de\/muehlacker\/wp-json\/wp\/v2\/media?parent=219"}],"curies":[{"name":"wp","href":"https:\/\/api.w.org\/{rel}","templated":true}]}}