{"id":20,"date":"2016-10-14T09:05:21","date_gmt":"2016-10-14T07:05:21","guid":{"rendered":"https:\/\/wl.heimpixel.de\/vorlage\/weltladen-musterdorf\/"},"modified":"2026-01-06T19:18:20","modified_gmt":"2026-01-06T18:18:20","slug":"weltladen-musterdorf","status":"publish","type":"page","link":"https:\/\/weltlaeden.de\/muehlacker\/","title":{"rendered":"Weltladen M\u00fchlacker"},"content":{"rendered":"<div class=\"wpb-content-wrapper\"><p>[vc_row][vc_column][\/vc_column][\/vc_row][vc_row][vc_column]<div class=\"wl_einzelbild\"><p><img loading=\"lazy\" decoding=\"async\" class=\"alignnone size-full wp-image-680\" src=\"https:\/\/weltlaeden.de\/muehlacker\/wp-content\/uploads\/sites\/69\/2019\/06\/DSC_8521-e1560095531718.jpg\" alt=\"\" width=\"4245\" height=\"2021\" \/><\/p><\/div>[vc_empty_space height=&#8220;30px&#8220;][vc_column_text css=&#8220;&#8220;]<\/p>\n<h2>Willkommen im Weltladen M\u00fchlacker!<\/h2>\n<p>[\/vc_column_text][vc_column_text css=&#8220;&#8220;][\/vc_column_text][vc_separator color=&#8220;orange&#8220; css=&#8220;&#8220;][\/vc_column][\/vc_row][vc_row][vc_column width=&#8220;1\/4&#8243;][vc_column_text][\/vc_column_text][\/vc_column][vc_column width=&#8220;3\/4&#8243;][\/vc_column][\/vc_row][vc_row][vc_column][vc_column_text css=&#8220;&#8220;][\/vc_column_text][\/vc_column][\/vc_row][vc_row][vc_column][vc_column_text css=&#8220;&#8220;]Kennen Sie schon den <a href=\"https:\/\/weltlaeden.de\/muehlacker\/kaffee-ahoi\/\" target=\"_blank\" rel=\"noopener\">Segelkaffee<\/a> aus Nicaragua, der nur mit Windkraft zu uns gesegelt ist???\u00a0 Nun hat er ein Schwesterchen bekommen! N\u00e4mlich die Segelschokolade von den <a href=\"https:\/\/weltlaeden.de\/muehlacker\/chocolatemakers\/\" target=\"_blank\" rel=\"noopener\">Chocolatemakers<\/a> mit Sitz in Amsterdam.<\/p>\n<p>[\/vc_column_text][\/vc_column][\/vc_row][vc_row][vc_column][vc_separator color=&#8220;orange&#8220; css=&#8220;&#8220;][\/vc_column][\/vc_row][vc_row][vc_column][vc_row_inner][vc_column_inner width=&#8220;1\/4&#8243;]<div class=\"wl_einzelbild\"><p><\/p><\/div>[\/vc_column_inner][vc_column_inner width=&#8220;3\/4&#8243;][vc_column_text][\/vc_column_text][\/vc_column_inner][\/vc_row_inner][vc_separator color=&#8220;orange&#8220; css=&#8220;&#8220;][vc_row_inner][vc_column_inner width=&#8220;1\/4&#8243;]<div class=\"wl_einzelbild\"><p><img loading=\"lazy\" decoding=\"async\" class=\"alignleft size-full wp-image-nsm-3-28\" src=\"https:\/\/weltlaeden.de\/muehlacker\/wp-content\/uploads\/sites\/3\/2018\/05\/Lebensmittel_WL-Bornheim-Christian-Schilling_150x150.jpg\" alt=\"\" width=\"150\" height=\"150\" \/><\/p><\/div>[\/vc_column_inner][vc_column_inner width=&#8220;3\/4&#8243;][vc_column_text]<\/p>\n<h3>Produkte<\/h3>\n<p>Unsere Produkte im Weltladen sind nat\u00fcrlich alle aus Fairem Handel, dennoch kommen sie von unterschiedlichen Fair-Handels-Importeuren. <a href=\"https:\/\/weltlaeden.de\/muehlacker\/produkte\/\" target=\"_blank\" rel=\"noopener\">Hier zeigen wir Ihnen unser Sortiment &#8230;<\/a>[\/vc_column_text][\/vc_column_inner][\/vc_row_inner][vc_separator color=&#8220;orange&#8220; css=&#8220;&#8220;][vc_row_inner][vc_column_inner width=&#8220;1\/4&#8243;]<div class=\"wl_einzelbild\"><p><img loading=\"lazy\" decoding=\"async\" class=\"alignleft size-thumbnail wp-image-nsm-3-15\" src=\"https:\/\/weltlaeden.de\/muehlacker\/wp-content\/uploads\/sites\/3\/2016\/11\/FairerHandel_ElPuente_Fingerpuppen_EccoExe_Peru-150x150.jpg\" alt=\"\" width=\"150\" height=\"150\" \/><\/p><\/div>[\/vc_column_inner][vc_column_inner width=&#8220;3\/4&#8243;][vc_column_text]<\/p>\n<h3>Fairer Handel<\/h3>\n<p>Was meint Fairer Handel \u00fcberhaupt? Welche Kriterien m\u00fcssen eingehalten werden und wer \u00fcberpr\u00fcft diese? <a href=\"https:\/\/weltlaeden.de\/muehlacker\/fairer-handel\/\" target=\"_blank\" rel=\"noopener\">Erfahren Sie mehr &#8230;<\/a>[\/vc_column_text][\/vc_column_inner][\/vc_row_inner][vc_separator color=&#8220;orange&#8220; css=&#8220;&#8220;][vc_row_inner][vc_column_inner width=&#8220;1\/4&#8243;]<div class=\"wl_einzelbild\"><p><img loading=\"lazy\" decoding=\"async\" class=\"alignnone size-full wp-image-447\" src=\"https:\/\/weltlaeden.de\/muehlacker\/wp-content\/uploads\/sites\/69\/2016\/10\/IMG_2399-e1549488787666.jpg\" alt=\"\" width=\"150\" height=\"150\" \/><\/p><\/div>[\/vc_column_inner][vc_column_inner width=&#8220;3\/4&#8243;][vc_column_text]<\/p>\n<h3>\u00dcber uns<\/h3>\n<p>Fairer Handel liegt uns am Herzen, deshalb engagieren wir uns ehrenamtlich im Weltladen.\u00a0 Wer wir sind, warum wir uns f\u00fcr Fairen Handel engagieren und wie man bei uns mitmachen kann \u2013 <a href=\"https:\/\/weltlaeden.de\/muehlacker\/ueber-uns\/\" target=\"_blank\" rel=\"noopener\">Hier erfahren Sie mehr&#8230;<\/a>[\/vc_column_text][\/vc_column_inner][\/vc_row_inner][vc_separator color=&#8220;orange&#8220; css=&#8220;&#8220;][\/vc_column][\/vc_row]<\/p>\n<\/div>","protected":false},"excerpt":{"rendered":"<p>[vc_row][vc_column][\/vc_column][\/vc_row][vc_row][vc_column][vc_empty_space height=&#8220;30px&#8220;][vc_column_text css=&#8220;&#8220;] Willkommen im Weltladen M\u00fchlacker! [\/vc_column_text][vc_column_text css=&#8220;&#8220;][\/vc_column_text][vc_separator color=&#8220;orange&#8220; css=&#8220;&#8220;][\/vc_column][\/vc_row][vc_row][vc_column width=&#8220;1\/4&#8243;][vc_column_text][\/vc_column_text][\/vc_column][vc_column width=&#8220;3\/4&#8243;][\/vc_column][\/vc_row][vc_row][vc_column][vc_column_text css=&#8220;&#8220;][\/vc_column_text][\/vc_column][\/vc_row][vc_row][vc_column][vc_column_text css=&#8220;&#8220;]Kennen Sie schon den Segelkaffee aus Nicaragua, der nur mit Windkraft zu uns gesegelt ist???\u00a0 Nun hat er ein Schwesterchen bekommen! N\u00e4mlich die Segelschokolade von den Chocolatemakers mit Sitz in Amsterdam. [\/vc_column_text][\/vc_column][\/vc_row][vc_row][vc_column][vc_separator color=&#8220;orange&#8220; css=&#8220;&#8220;][\/vc_column][\/vc_row][vc_row][vc_column][vc_row_inner][vc_column_inner width=&#8220;1\/4&#8243;][\/vc_column_inner][vc_column_inner width=&#8220;3\/4&#8243;][vc_column_text][\/vc_column_text][\/vc_column_inner][\/vc_row_inner][vc_separator color=&#8220;orange&#8220; css=&#8220;&#8220;][vc_row_inner][vc_column_inner width=&#8220;1\/4&#8243;][\/vc_column_inner][vc_column_inner width=&#8220;3\/4&#8243;][vc_column_text] Produkte&hellip;<\/p>\n","protected":false},"author":1,"featured_media":0,"parent":0,"menu_order":0,"comment_status":"closed","ping_status":"closed","template":"","meta":{"footnotes":""},"class_list":["post-20","page","type-page","status-publish","hentry","description-off"],"yoast_head":"<!-- This site is optimized with the Yoast SEO plugin v26.8 - https:\/\/yoast.com\/product\/yoast-seo-wordpress\/ -->\n<title>Weltladen M\u00fchlacker - Weltladen M\u00fchlacker<\/title>\n<meta name=\"robots\" content=\"index, follow, max-snippet:-1, max-image-preview:large, max-video-preview:-1\" \/>\n<link rel=\"canonical\" href=\"https:\/\/weltlaeden.de\/muehlacker\/\" \/>\n<meta property=\"og:locale\" content=\"de_DE\" \/>\n<meta property=\"og:type\" content=\"article\" \/>\n<meta property=\"og:title\" content=\"Weltladen M\u00fchlacker - Weltladen M\u00fchlacker\" \/>\n<meta property=\"og:description\" content=\"[vc_row][vc_column][\/vc_column][\/vc_row][vc_row][vc_column][vc_empty_space height=&#8220;30px&#8220;][vc_column_text css=&#8220;&#8220;] Willkommen im Weltladen M\u00fchlacker! [\/vc_column_text][vc_column_text css=&#8220;&#8220;][\/vc_column_text][vc_separator color=&#8220;orange&#8220; css=&#8220;&#8220;][\/vc_column][\/vc_row][vc_row][vc_column width=&#8220;1\/4&#8243;][vc_column_text][\/vc_column_text][\/vc_column][vc_column width=&#8220;3\/4&#8243;][\/vc_column][\/vc_row][vc_row][vc_column][vc_column_text css=&#8220;&#8220;][\/vc_column_text][\/vc_column][\/vc_row][vc_row][vc_column][vc_column_text css=&#8220;&#8220;]Kennen Sie schon den Segelkaffee aus Nicaragua, der nur mit Windkraft zu uns gesegelt ist???\u00a0 Nun hat er ein Schwesterchen bekommen! N\u00e4mlich die Segelschokolade von den Chocolatemakers mit Sitz in Amsterdam. [\/vc_column_text][\/vc_column][\/vc_row][vc_row][vc_column][vc_separator color=&#8220;orange&#8220; css=&#8220;&#8220;][\/vc_column][\/vc_row][vc_row][vc_column][vc_row_inner][vc_column_inner width=&#8220;1\/4&#8243;][\/vc_column_inner][vc_column_inner width=&#8220;3\/4&#8243;][vc_column_text][\/vc_column_text][\/vc_column_inner][\/vc_row_inner][vc_separator color=&#8220;orange&#8220; css=&#8220;&#8220;][vc_row_inner][vc_column_inner width=&#8220;1\/4&#8243;][\/vc_column_inner][vc_column_inner width=&#8220;3\/4&#8243;][vc_column_text] Produkte&hellip;\" \/>\n<meta property=\"og:url\" content=\"https:\/\/weltlaeden.de\/muehlacker\/\" \/>\n<meta property=\"og:site_name\" content=\"Weltladen M\u00fchlacker\" \/>\n<meta property=\"article:modified_time\" content=\"2026-01-06T18:18:20+00:00\" \/>\n<meta property=\"og:image\" content=\"https:\/\/weltlaeden.de\/muehlacker\/wp-content\/uploads\/sites\/69\/2019\/06\/DSC_8521-e1560095531718.jpg\" \/>\n\t<meta property=\"og:image:width\" content=\"4245\" \/>\n\t<meta property=\"og:image:height\" content=\"2021\" \/>\n\t<meta property=\"og:image:type\" content=\"image\/jpeg\" \/>\n<meta name=\"twitter:card\" content=\"summary_large_image\" \/>\n<meta name=\"twitter:label1\" content=\"Gesch\u00e4tzte Lesezeit\" \/>\n\t<meta name=\"twitter:data1\" content=\"2\u00a0Minuten\" \/>\n<script type=\"application\/ld+json\" class=\"yoast-schema-graph\">{\"@context\":\"https:\/\/schema.org\",\"@graph\":[{\"@type\":\"WebPage\",\"@id\":\"https:\/\/weltlaeden.de\/muehlacker\/\",\"url\":\"https:\/\/weltlaeden.de\/muehlacker\/\",\"name\":\"Weltladen M\u00fchlacker - Weltladen M\u00fchlacker\",\"isPartOf\":{\"@id\":\"https:\/\/weltlaeden.de\/muehlacker\/#website\"},\"primaryImageOfPage\":{\"@id\":\"https:\/\/weltlaeden.de\/muehlacker\/#primaryimage\"},\"image\":{\"@id\":\"https:\/\/weltlaeden.de\/muehlacker\/#primaryimage\"},\"thumbnailUrl\":\"https:\/\/weltlaeden.de\/muehlacker\/wp-content\/uploads\/sites\/69\/2019\/06\/DSC_8521-e1560095531718.jpg\",\"datePublished\":\"2016-10-14T07:05:21+00:00\",\"dateModified\":\"2026-01-06T18:18:20+00:00\",\"breadcrumb\":{\"@id\":\"https:\/\/weltlaeden.de\/muehlacker\/#breadcrumb\"},\"inLanguage\":\"de\",\"potentialAction\":[{\"@type\":\"ReadAction\",\"target\":[\"https:\/\/weltlaeden.de\/muehlacker\/\"]}]},{\"@type\":\"ImageObject\",\"inLanguage\":\"de\",\"@id\":\"https:\/\/weltlaeden.de\/muehlacker\/#primaryimage\",\"url\":\"https:\/\/weltlaeden.de\/muehlacker\/wp-content\/uploads\/sites\/69\/2019\/06\/DSC_8521-e1560095531718.jpg\",\"contentUrl\":\"https:\/\/weltlaeden.de\/muehlacker\/wp-content\/uploads\/sites\/69\/2019\/06\/DSC_8521-e1560095531718.jpg\",\"width\":4245,\"height\":2021},{\"@type\":\"BreadcrumbList\",\"@id\":\"https:\/\/weltlaeden.de\/muehlacker\/#breadcrumb\",\"itemListElement\":[{\"@type\":\"ListItem\",\"position\":1,\"name\":\"Startseite\",\"item\":\"https:\/\/weltlaeden.de\/muehlacker\/\"},{\"@type\":\"ListItem\",\"position\":2,\"name\":\"Weltladen M\u00fchlacker\"}]},{\"@type\":\"WebSite\",\"@id\":\"https:\/\/weltlaeden.de\/muehlacker\/#website\",\"url\":\"https:\/\/weltlaeden.de\/muehlacker\/\",\"name\":\"Weltladen M\u00fchlacker\",\"description\":\"Faire Produkte seit 1991\",\"potentialAction\":[{\"@type\":\"SearchAction\",\"target\":{\"@type\":\"EntryPoint\",\"urlTemplate\":\"https:\/\/weltlaeden.de\/muehlacker\/?s={search_term_string}\"},\"query-input\":{\"@type\":\"PropertyValueSpecification\",\"valueRequired\":true,\"valueName\":\"search_term_string\"}}],\"inLanguage\":\"de\"}]}<\/script>\n<!-- \/ Yoast SEO plugin. -->","yoast_head_json":{"title":"Weltladen M\u00fchlacker - Weltladen M\u00fchlacker","robots":{"index":"index","follow":"follow","max-snippet":"max-snippet:-1","max-image-preview":"max-image-preview:large","max-video-preview":"max-video-preview:-1"},"canonical":"https:\/\/weltlaeden.de\/muehlacker\/","og_locale":"de_DE","og_type":"article","og_title":"Weltladen M\u00fchlacker - Weltladen M\u00fchlacker","og_description":"[vc_row][vc_column][\/vc_column][\/vc_row][vc_row][vc_column][vc_empty_space height=&#8220;30px&#8220;][vc_column_text css=&#8220;&#8220;] Willkommen im Weltladen M\u00fchlacker! [\/vc_column_text][vc_column_text css=&#8220;&#8220;][\/vc_column_text][vc_separator color=&#8220;orange&#8220; css=&#8220;&#8220;][\/vc_column][\/vc_row][vc_row][vc_column width=&#8220;1\/4&#8243;][vc_column_text][\/vc_column_text][\/vc_column][vc_column width=&#8220;3\/4&#8243;][\/vc_column][\/vc_row][vc_row][vc_column][vc_column_text css=&#8220;&#8220;][\/vc_column_text][\/vc_column][\/vc_row][vc_row][vc_column][vc_column_text css=&#8220;&#8220;]Kennen Sie schon den Segelkaffee aus Nicaragua, der nur mit Windkraft zu uns gesegelt ist???\u00a0 Nun hat er ein Schwesterchen bekommen! N\u00e4mlich die Segelschokolade von den Chocolatemakers mit Sitz in Amsterdam. [\/vc_column_text][\/vc_column][\/vc_row][vc_row][vc_column][vc_separator color=&#8220;orange&#8220; css=&#8220;&#8220;][\/vc_column][\/vc_row][vc_row][vc_column][vc_row_inner][vc_column_inner width=&#8220;1\/4&#8243;][\/vc_column_inner][vc_column_inner width=&#8220;3\/4&#8243;][vc_column_text][\/vc_column_text][\/vc_column_inner][\/vc_row_inner][vc_separator color=&#8220;orange&#8220; css=&#8220;&#8220;][vc_row_inner][vc_column_inner width=&#8220;1\/4&#8243;][\/vc_column_inner][vc_column_inner width=&#8220;3\/4&#8243;][vc_column_text] Produkte&hellip;","og_url":"https:\/\/weltlaeden.de\/muehlacker\/","og_site_name":"Weltladen M\u00fchlacker","article_modified_time":"2026-01-06T18:18:20+00:00","og_image":[{"width":4245,"height":2021,"url":"https:\/\/weltlaeden.de\/muehlacker\/wp-content\/uploads\/sites\/69\/2019\/06\/DSC_8521-e1560095531718.jpg","type":"image\/jpeg"}],"twitter_card":"summary_large_image","twitter_misc":{"Gesch\u00e4tzte Lesezeit":"2\u00a0Minuten"},"schema":{"@context":"https:\/\/schema.org","@graph":[{"@type":"WebPage","@id":"https:\/\/weltlaeden.de\/muehlacker\/","url":"https:\/\/weltlaeden.de\/muehlacker\/","name":"Weltladen M\u00fchlacker - Weltladen M\u00fchlacker","isPartOf":{"@id":"https:\/\/weltlaeden.de\/muehlacker\/#website"},"primaryImageOfPage":{"@id":"https:\/\/weltlaeden.de\/muehlacker\/#primaryimage"},"image":{"@id":"https:\/\/weltlaeden.de\/muehlacker\/#primaryimage"},"thumbnailUrl":"https:\/\/weltlaeden.de\/muehlacker\/wp-content\/uploads\/sites\/69\/2019\/06\/DSC_8521-e1560095531718.jpg","datePublished":"2016-10-14T07:05:21+00:00","dateModified":"2026-01-06T18:18:20+00:00","breadcrumb":{"@id":"https:\/\/weltlaeden.de\/muehlacker\/#breadcrumb"},"inLanguage":"de","potentialAction":[{"@type":"ReadAction","target":["https:\/\/weltlaeden.de\/muehlacker\/"]}]},{"@type":"ImageObject","inLanguage":"de","@id":"https:\/\/weltlaeden.de\/muehlacker\/#primaryimage","url":"https:\/\/weltlaeden.de\/muehlacker\/wp-content\/uploads\/sites\/69\/2019\/06\/DSC_8521-e1560095531718.jpg","contentUrl":"https:\/\/weltlaeden.de\/muehlacker\/wp-content\/uploads\/sites\/69\/2019\/06\/DSC_8521-e1560095531718.jpg","width":4245,"height":2021},{"@type":"BreadcrumbList","@id":"https:\/\/weltlaeden.de\/muehlacker\/#breadcrumb","itemListElement":[{"@type":"ListItem","position":1,"name":"Startseite","item":"https:\/\/weltlaeden.de\/muehlacker\/"},{"@type":"ListItem","position":2,"name":"Weltladen M\u00fchlacker"}]},{"@type":"WebSite","@id":"https:\/\/weltlaeden.de\/muehlacker\/#website","url":"https:\/\/weltlaeden.de\/muehlacker\/","name":"Weltladen M\u00fchlacker","description":"Faire Produkte seit 1991","potentialAction":[{"@type":"SearchAction","target":{"@type":"EntryPoint","urlTemplate":"https:\/\/weltlaeden.de\/muehlacker\/?s={search_term_string}"},"query-input":{"@type":"PropertyValueSpecification","valueRequired":true,"valueName":"search_term_string"}}],"inLanguage":"de"}]}},"_links":{"self":[{"href":"https:\/\/weltlaeden.de\/muehlacker\/wp-json\/wp\/v2\/pages\/20","targetHints":{"allow":["GET"]}}],"collection":[{"href":"https:\/\/weltlaeden.de\/muehlacker\/wp-json\/wp\/v2\/pages"}],"about":[{"href":"https:\/\/weltlaeden.de\/muehlacker\/wp-json\/wp\/v2\/types\/page"}],"author":[{"embeddable":true,"href":"https:\/\/weltlaeden.de\/muehlacker\/wp-json\/wp\/v2\/users\/1"}],"replies":[{"embeddable":true,"href":"https:\/\/weltlaeden.de\/muehlacker\/wp-json\/wp\/v2\/comments?post=20"}],"version-history":[{"count":229,"href":"https:\/\/weltlaeden.de\/muehlacker\/wp-json\/wp\/v2\/pages\/20\/revisions"}],"predecessor-version":[{"id":1535,"href":"https:\/\/weltlaeden.de\/muehlacker\/wp-json\/wp\/v2\/pages\/20\/revisions\/1535"}],"wp:attachment":[{"href":"https:\/\/weltlaeden.de\/muehlacker\/wp-json\/wp\/v2\/media?parent=20"}],"curies":[{"name":"wp","href":"https:\/\/api.w.org\/{rel}","templated":true}]}}