{"id":813,"date":"2021-07-09T12:25:07","date_gmt":"2021-07-09T10:25:07","guid":{"rendered":"https:\/\/weltlaeden.de\/mosbach\/?page_id=813"},"modified":"2025-01-17T18:26:14","modified_gmt":"2025-01-17T17:26:14","slug":"nokolade","status":"publish","type":"page","link":"https:\/\/weltlaeden.de\/mosbach\/nokolade\/","title":{"rendered":"NOKolade"},"content":{"rendered":"<h1><strong>N<\/strong><strong>O<\/strong><strong>K<\/strong><strong>olade <img loading=\"lazy\" decoding=\"async\" class=\"alignnone wp-image-842\" src=\"https:\/\/weltlaeden.de\/mosbach\/wp-content\/uploads\/sites\/125\/2021\/10\/NOKolade-NobelHobel-300x300.jpg\" alt=\"\" width=\"82\" height=\"82\" srcset=\"https:\/\/weltlaeden.de\/mosbach\/wp-content\/uploads\/sites\/125\/2021\/10\/NOKolade-NobelHobel-300x300.jpg 300w, https:\/\/weltlaeden.de\/mosbach\/wp-content\/uploads\/sites\/125\/2021\/10\/NOKolade-NobelHobel-150x150.jpg 150w, https:\/\/weltlaeden.de\/mosbach\/wp-content\/uploads\/sites\/125\/2021\/10\/NOKolade-NobelHobel.jpg 719w\" sizes=\"auto, (max-width: 82px) 100vw, 82px\" \/>\u00a0 <img loading=\"lazy\" decoding=\"async\" class=\"alignnone wp-image-841\" src=\"https:\/\/weltlaeden.de\/mosbach\/wp-content\/uploads\/sites\/125\/2021\/10\/NOKolade-Rock-n-Roses-300x300.jpg\" alt=\"\" width=\"79\" height=\"79\" srcset=\"https:\/\/weltlaeden.de\/mosbach\/wp-content\/uploads\/sites\/125\/2021\/10\/NOKolade-Rock-n-Roses-300x300.jpg 300w, https:\/\/weltlaeden.de\/mosbach\/wp-content\/uploads\/sites\/125\/2021\/10\/NOKolade-Rock-n-Roses-150x150.jpg 150w, https:\/\/weltlaeden.de\/mosbach\/wp-content\/uploads\/sites\/125\/2021\/10\/NOKolade-Rock-n-Roses.jpg 719w\" sizes=\"auto, (max-width: 79px) 100vw, 79px\" \/>\u00a0\u00a0 <img loading=\"lazy\" decoding=\"async\" class=\"alignnone wp-image-840\" src=\"https:\/\/weltlaeden.de\/mosbach\/wp-content\/uploads\/sites\/125\/2021\/10\/NOKolade-Nussi-Bussi-300x300.jpg\" alt=\"\" width=\"77\" height=\"77\" srcset=\"https:\/\/weltlaeden.de\/mosbach\/wp-content\/uploads\/sites\/125\/2021\/10\/NOKolade-Nussi-Bussi-300x300.jpg 300w, https:\/\/weltlaeden.de\/mosbach\/wp-content\/uploads\/sites\/125\/2021\/10\/NOKolade-Nussi-Bussi-150x150.jpg 150w, https:\/\/weltlaeden.de\/mosbach\/wp-content\/uploads\/sites\/125\/2021\/10\/NOKolade-Nussi-Bussi.jpg 719w\" sizes=\"auto, (max-width: 77px) 100vw, 77px\" \/><br \/>\n<\/strong><\/h1>\n<p>Passend zu der Bewerbung als \u201eFairtrade-Landkreis\u201c pr\u00e4sentiert der Neckar-Odenwald seine eigene fair gehandelte Genuss-Schokolade, die \u201e<strong>NOKolade<\/strong>\u201c. Ob Zartbitter, Nuss oder doch lieber die fruchtige Variante, bei der NOKolade ist f\u00fcr Jede*n etwas dabei. Und das Beste daran?<\/p>\n<p>Die \u201eNOKolade\u201c ist eine handgesch\u00f6pfte <strong>Genuss-Schokolade der Manufaktur Zotte<\/strong>r in \u00d6sterreich mit sehr hochwertigen Zutaten, die sowohl fair, als auch regional in Bioqualit\u00e4t gehandelt sind. Was nicht in Bioqualit\u00e4t regional erh\u00e4ltlich ist, stammt ebenso in Bioqualit\u00e4t aus Fairem Handel. Zotter ist als gesamtes Unternehmen WFTO zertifiziert.<\/p>\n<p><a href=\"https:\/\/www.zotter.at\/das-ist-zotter\/bio-fair-green\">https:\/\/www.zotter.at\/das-ist-zotter\/bio-fair-green<\/a>\u00a0 Hier schreibt Zotter: &#8222;Unser gesamtes Unternehmen ist Fair Trade verifiziert. Wir sind Mitglied bei der WFTO \u2013 World Fair Trade Organization (die Dachorganisation des fairen Handels), die die Einhaltung der 10 Prinzipien des fairen Handels wie faire Bezahlung, keine Kinderarbeit, Transparenz, Sorge um die Umwelt und vieles mehr kontrolliert.&#8220;<\/p>\n<p>Die NOKolade wird in folgenden Sorten erh\u00e4ltlich sein:<\/p>\n<p><strong><img loading=\"lazy\" decoding=\"async\" class=\"wp-image-818 alignleft\" src=\"https:\/\/weltlaeden.de\/mosbach\/wp-content\/uploads\/sites\/125\/2021\/07\/Nussi-Bussi.jpg\" alt=\"\" width=\"96\" height=\"97\" srcset=\"https:\/\/weltlaeden.de\/mosbach\/wp-content\/uploads\/sites\/125\/2021\/07\/Nussi-Bussi.jpg 249w, https:\/\/weltlaeden.de\/mosbach\/wp-content\/uploads\/sites\/125\/2021\/07\/Nussi-Bussi-150x150.jpg 150w\" sizes=\"auto, (max-width: 96px) 100vw, 96px\" \/>Nussi Bussi <\/strong><strong>\u2022 Haselnussnougat + Cashewnougat + N\u00fcsse, 65g<\/strong><br \/>\nDas Nuss-Doppel: eine nussige Scheibe, gemixt aus Haselnussnougat und Milchschokolade, kombiniert mit einer kleinen Cashewnougatscheibe, die direkt in der Manufaktur aus frisch ger\u00f6steten N\u00fcssen hergestellt wird. Rundum mit ger\u00f6steten Haseln\u00fcssen und Waln\u00fcssen knackig verfeinert.<\/p>\n<p>&nbsp;<\/p>\n<p>&nbsp;<\/p>\n<p><strong><img loading=\"lazy\" decoding=\"async\" class=\" wp-image-817 alignleft\" src=\"https:\/\/weltlaeden.de\/mosbach\/wp-content\/uploads\/sites\/125\/2021\/07\/Nobel-Hobel.jpg\" alt=\"\" width=\"90\" height=\"90\" srcset=\"https:\/\/weltlaeden.de\/mosbach\/wp-content\/uploads\/sites\/125\/2021\/07\/Nobel-Hobel.jpg 254w, https:\/\/weltlaeden.de\/mosbach\/wp-content\/uploads\/sites\/125\/2021\/07\/Nobel-Hobel-150x150.jpg 150w\" sizes=\"auto, (max-width: 90px) 100vw, 90px\" \/>Nobel Hobel <\/strong><strong>\u2022 Dunkle Schoko 70 % + 80 % + Kakao-Nibs, 65g<\/strong><br \/>\nEdel &amp; dunkel: eine dunkle Schokolade mit 70 % Kakaogehalt, kombiniert mit einer kleinen dunklen Scheibe mit exzellentem 80 % Kakaoanteil, verspricht erstklassigen Schokogenuss, knackig veredelt mit frisch ger\u00f6steten Kakao-Nibs, dem reinen Urstoff der Schokolade.<\/p>\n<p>&nbsp;<\/p>\n<p><strong><img loading=\"lazy\" decoding=\"async\" class=\" wp-image-819 alignleft\" src=\"https:\/\/weltlaeden.de\/mosbach\/wp-content\/uploads\/sites\/125\/2021\/07\/Rock-n-Roses.png\" alt=\"\" width=\"91\" height=\"91\" srcset=\"https:\/\/weltlaeden.de\/mosbach\/wp-content\/uploads\/sites\/125\/2021\/07\/Rock-n-Roses.png 246w, https:\/\/weltlaeden.de\/mosbach\/wp-content\/uploads\/sites\/125\/2021\/07\/Rock-n-Roses-150x150.png 150w\" sizes=\"auto, (max-width: 91px) 100vw, 91px\" \/>Rock\u2018n\u2018Roses <\/strong><strong>\u2022 Milchschoko + Himbeer + Rosen, 65g<br \/>\n<\/strong><\/p>\n<p>S\u00fc\u00dfe Schokoballade: eine Scheibe, gemixt aus wei\u00dfer Schokolade und Milchschokolade, kombiniert mit einer kleinen Himbeerscheibe, die beerenstark schmeckt und deren tolle Farbe ganz allein durch die vielen Himbeeren entsteht. Rundum mit duftenden Rosenbl\u00fcten geschm\u00fcckt.<\/p>\n<p>&nbsp;<\/p>\n<p>Ob als Geschenk, zum Verkauf oder einfach nur zum selber genie\u00dfen, die NOKolade ist die perfekte s\u00fc\u00dfe Versuchung, mit der man auch noch Gutes tun kann.<\/p>\n<p>&nbsp;<\/p>\n<p>Diese Genuss-Schokolade ist im Weltladen in Mosbach erh\u00e4ltlich. Wenn Sie gr\u00f6\u00dfere Mengen erwerben m\u00f6chten, ist es sinnvoll diese vorab im Weltladen zu bestellen.<\/p>\n<p>September 2024. Kakao wird wie Kaffee an der B\u00f6rse gehandelt. Von diesem Preis h\u00e4ngt auch der Kakaopreis im Fairen Handel ab. Im Fairen Handel gibt es einen Mindestpreis, der bezahlt wird, egal wie niedrig der Kakao an der B\u00f6rse gehandelt wird. Wird dieser Mindestpreis vom Weltmarktpreis \u00fcberschritten, wird im Fairen Handel ca. 10% mehr f\u00fcr den Kakao bezahlt. Im vergangenen Jahr hat sich der B\u00f6rsenpreis mehr als verdreifacht. Im April 2023 wurde der Kakao an der New Yorker B\u00f6rse noch mit 2.700 USD gehandelt, und im April 2024 waren es 11.000 USD. Grund sind Missernten durch hohe Regenf\u00e4lle und Pilzerkrankungen, was zu einer 40-50% geringeren Ernte f\u00fchrte, aber auch Hamsterk\u00e4ufe. Die Bauern haben im konventionellen Handel von diesem Preisanstieg nichts. Im Fairen Handel profitieren die Produzent*innen direkt von den hohen B\u00f6rsenpreisen. Aus diesem Grund haben sich generell auch im Fairen Handel die Preise f\u00fcr Schokolade erh\u00f6ht. Dies gilt nat\u00fcrlich auch f\u00fcr die NOKolade. So musste auch die Manufaktur Zotter ihre Preise auf 4,70\u20ac je Tafel erh\u00f6hen.<\/p>\n<p>N\u00e4here Informationen finden Sie hier. <a href=\"https:\/\/weltlaeden.de\/mosbach\/wp-content\/uploads\/sites\/125\/2024\/09\/Preiserhoehung-Kakao-und-Kaffee2.pdf\">Preiserh\u00f6hung Kakao und Kaffee2<\/a><\/p>\n<p>&nbsp;<\/p>\n<p>Die NOKolade erhalten Sie im Weltladen Mosbach und in anderen teilnehmenden Gesch\u00e4ften.\u00a0<a href=\"https:\/\/www.neckar-odenwald-kreis.de\/Landkreis\/Fairtrade_Landkreis_+Fair+und+Regional\/NOKolade.html\">https:\/\/www.neckar-odenwald-kreis.de\/Landkreis\/Fairtrade_Landkreis_+Fair+und+Regional\/NOKolade.html<\/a><\/p>\n<p>Wiederverk\u00e4ufer, Unternehmen oder Aktionsgruppen k\u00f6nnen \u00fcber <a href=\"mailto:nokolade@t-online.de\">nokolade@t-online.de<\/a> beim Weltladen Mosbach n\u00e4here Informationen erhalten und die NOKolade dort bestellen..<\/p>\n<p>&nbsp;<\/p>\n<p><img loading=\"lazy\" decoding=\"async\" class=\"alignnone size-medium wp-image-842\" src=\"https:\/\/weltlaeden.de\/mosbach\/wp-content\/uploads\/sites\/125\/2021\/10\/NOKolade-NobelHobel-300x300.jpg\" alt=\"\" width=\"300\" height=\"300\" srcset=\"https:\/\/weltlaeden.de\/mosbach\/wp-content\/uploads\/sites\/125\/2021\/10\/NOKolade-NobelHobel-300x300.jpg 300w, https:\/\/weltlaeden.de\/mosbach\/wp-content\/uploads\/sites\/125\/2021\/10\/NOKolade-NobelHobel-150x150.jpg 150w, https:\/\/weltlaeden.de\/mosbach\/wp-content\/uploads\/sites\/125\/2021\/10\/NOKolade-NobelHobel.jpg 719w\" sizes=\"auto, (max-width: 300px) 100vw, 300px\" \/>\u00a0\u00a0\u00a0\u00a0\u00a0\u00a0\u00a0\u00a0 <img loading=\"lazy\" decoding=\"async\" class=\"alignnone size-medium wp-image-841\" src=\"https:\/\/weltlaeden.de\/mosbach\/wp-content\/uploads\/sites\/125\/2021\/10\/NOKolade-Rock-n-Roses-300x300.jpg\" alt=\"\" width=\"300\" height=\"300\" srcset=\"https:\/\/weltlaeden.de\/mosbach\/wp-content\/uploads\/sites\/125\/2021\/10\/NOKolade-Rock-n-Roses-300x300.jpg 300w, https:\/\/weltlaeden.de\/mosbach\/wp-content\/uploads\/sites\/125\/2021\/10\/NOKolade-Rock-n-Roses-150x150.jpg 150w, https:\/\/weltlaeden.de\/mosbach\/wp-content\/uploads\/sites\/125\/2021\/10\/NOKolade-Rock-n-Roses.jpg 719w\" sizes=\"auto, (max-width: 300px) 100vw, 300px\" \/>\u00a0\u00a0\u00a0\u00a0\u00a0\u00a0\u00a0\u00a0\u00a0 <img loading=\"lazy\" decoding=\"async\" class=\"alignnone size-medium wp-image-840\" src=\"https:\/\/weltlaeden.de\/mosbach\/wp-content\/uploads\/sites\/125\/2021\/10\/NOKolade-Nussi-Bussi-300x300.jpg\" alt=\"\" width=\"300\" height=\"300\" srcset=\"https:\/\/weltlaeden.de\/mosbach\/wp-content\/uploads\/sites\/125\/2021\/10\/NOKolade-Nussi-Bussi-300x300.jpg 300w, https:\/\/weltlaeden.de\/mosbach\/wp-content\/uploads\/sites\/125\/2021\/10\/NOKolade-Nussi-Bussi-150x150.jpg 150w, https:\/\/weltlaeden.de\/mosbach\/wp-content\/uploads\/sites\/125\/2021\/10\/NOKolade-Nussi-Bussi.jpg 719w\" sizes=\"auto, (max-width: 300px) 100vw, 300px\" \/><\/p>\n","protected":false},"excerpt":{"rendered":"<p>NOKolade \u00a0 \u00a0\u00a0 Passend zu der Bewerbung als \u201eFairtrade-Landkreis\u201c pr\u00e4sentiert der Neckar-Odenwald seine eigene fair gehandelte Genuss-Schokolade, die \u201eNOKolade\u201c. Ob Zartbitter, Nuss oder doch lieber die fruchtige Variante, bei der NOKolade ist f\u00fcr Jede*n etwas dabei. Und das Beste daran? Die \u201eNOKolade\u201c ist eine handgesch\u00f6pfte Genuss-Schokolade der Manufaktur Zotter in \u00d6sterreich mit sehr hochwertigen Zutaten,&hellip;<\/p>\n","protected":false},"author":187,"featured_media":0,"parent":0,"menu_order":9,"comment_status":"closed","ping_status":"closed","template":"","meta":{"footnotes":""},"class_list":["post-813","page","type-page","status-publish","hentry","description-off"],"yoast_head":"<!-- This site is optimized with the Yoast SEO plugin v26.8 - https:\/\/yoast.com\/product\/yoast-seo-wordpress\/ -->\n<title>NOKolade - Weltladen Mosbach<\/title>\n<meta name=\"robots\" content=\"index, follow, max-snippet:-1, max-image-preview:large, max-video-preview:-1\" \/>\n<link rel=\"canonical\" href=\"https:\/\/weltlaeden.de\/mosbach\/nokolade\/\" \/>\n<meta property=\"og:locale\" content=\"de_DE\" \/>\n<meta property=\"og:type\" content=\"article\" \/>\n<meta property=\"og:title\" content=\"NOKolade - Weltladen Mosbach\" \/>\n<meta property=\"og:description\" content=\"NOKolade \u00a0 \u00a0\u00a0 Passend zu der Bewerbung als \u201eFairtrade-Landkreis\u201c pr\u00e4sentiert der Neckar-Odenwald seine eigene fair gehandelte Genuss-Schokolade, die \u201eNOKolade\u201c. Ob Zartbitter, Nuss oder doch lieber die fruchtige Variante, bei der NOKolade ist f\u00fcr Jede*n etwas dabei. Und das Beste daran? Die \u201eNOKolade\u201c ist eine handgesch\u00f6pfte Genuss-Schokolade der Manufaktur Zotter in \u00d6sterreich mit sehr hochwertigen Zutaten,&hellip;\" \/>\n<meta property=\"og:url\" content=\"https:\/\/weltlaeden.de\/mosbach\/nokolade\/\" \/>\n<meta property=\"og:site_name\" content=\"Weltladen Mosbach\" \/>\n<meta property=\"article:modified_time\" content=\"2025-01-17T17:26:14+00:00\" \/>\n<meta property=\"og:image\" content=\"https:\/\/weltlaeden.de\/mosbach\/wp-content\/uploads\/sites\/125\/2021\/10\/NOKolade-NobelHobel.jpg\" \/>\n\t<meta property=\"og:image:width\" content=\"719\" \/>\n\t<meta property=\"og:image:height\" content=\"719\" \/>\n\t<meta property=\"og:image:type\" content=\"image\/jpeg\" \/>\n<meta name=\"twitter:card\" content=\"summary_large_image\" \/>\n<meta name=\"twitter:label1\" content=\"Gesch\u00e4tzte Lesezeit\" \/>\n\t<meta name=\"twitter:data1\" content=\"5\u00a0Minuten\" \/>\n<script type=\"application\/ld+json\" class=\"yoast-schema-graph\">{\"@context\":\"https:\/\/schema.org\",\"@graph\":[{\"@type\":\"WebPage\",\"@id\":\"https:\/\/weltlaeden.de\/mosbach\/nokolade\/\",\"url\":\"https:\/\/weltlaeden.de\/mosbach\/nokolade\/\",\"name\":\"NOKolade - Weltladen Mosbach\",\"isPartOf\":{\"@id\":\"https:\/\/weltlaeden.de\/mosbach\/#website\"},\"primaryImageOfPage\":{\"@id\":\"https:\/\/weltlaeden.de\/mosbach\/nokolade\/#primaryimage\"},\"image\":{\"@id\":\"https:\/\/weltlaeden.de\/mosbach\/nokolade\/#primaryimage\"},\"thumbnailUrl\":\"https:\/\/weltlaeden.de\/mosbach\/wp-content\/uploads\/sites\/125\/2021\/10\/NOKolade-NobelHobel-300x300.jpg\",\"datePublished\":\"2021-07-09T10:25:07+00:00\",\"dateModified\":\"2025-01-17T17:26:14+00:00\",\"breadcrumb\":{\"@id\":\"https:\/\/weltlaeden.de\/mosbach\/nokolade\/#breadcrumb\"},\"inLanguage\":\"de\",\"potentialAction\":[{\"@type\":\"ReadAction\",\"target\":[\"https:\/\/weltlaeden.de\/mosbach\/nokolade\/\"]}]},{\"@type\":\"ImageObject\",\"inLanguage\":\"de\",\"@id\":\"https:\/\/weltlaeden.de\/mosbach\/nokolade\/#primaryimage\",\"url\":\"https:\/\/weltlaeden.de\/mosbach\/wp-content\/uploads\/sites\/125\/2021\/10\/NOKolade-NobelHobel.jpg\",\"contentUrl\":\"https:\/\/weltlaeden.de\/mosbach\/wp-content\/uploads\/sites\/125\/2021\/10\/NOKolade-NobelHobel.jpg\",\"width\":719,\"height\":719},{\"@type\":\"BreadcrumbList\",\"@id\":\"https:\/\/weltlaeden.de\/mosbach\/nokolade\/#breadcrumb\",\"itemListElement\":[{\"@type\":\"ListItem\",\"position\":1,\"name\":\"Startseite\",\"item\":\"https:\/\/weltlaeden.de\/mosbach\/\"},{\"@type\":\"ListItem\",\"position\":2,\"name\":\"NOKolade\"}]},{\"@type\":\"WebSite\",\"@id\":\"https:\/\/weltlaeden.de\/mosbach\/#website\",\"url\":\"https:\/\/weltlaeden.de\/mosbach\/\",\"name\":\"Weltladen Mosbach\",\"description\":\"Faire Produkte seit 1990\",\"potentialAction\":[{\"@type\":\"SearchAction\",\"target\":{\"@type\":\"EntryPoint\",\"urlTemplate\":\"https:\/\/weltlaeden.de\/mosbach\/?s={search_term_string}\"},\"query-input\":{\"@type\":\"PropertyValueSpecification\",\"valueRequired\":true,\"valueName\":\"search_term_string\"}}],\"inLanguage\":\"de\"}]}<\/script>\n<!-- \/ Yoast SEO plugin. -->","yoast_head_json":{"title":"NOKolade - Weltladen Mosbach","robots":{"index":"index","follow":"follow","max-snippet":"max-snippet:-1","max-image-preview":"max-image-preview:large","max-video-preview":"max-video-preview:-1"},"canonical":"https:\/\/weltlaeden.de\/mosbach\/nokolade\/","og_locale":"de_DE","og_type":"article","og_title":"NOKolade - Weltladen Mosbach","og_description":"NOKolade \u00a0 \u00a0\u00a0 Passend zu der Bewerbung als \u201eFairtrade-Landkreis\u201c pr\u00e4sentiert der Neckar-Odenwald seine eigene fair gehandelte Genuss-Schokolade, die \u201eNOKolade\u201c. Ob Zartbitter, Nuss oder doch lieber die fruchtige Variante, bei der NOKolade ist f\u00fcr Jede*n etwas dabei. Und das Beste daran? Die \u201eNOKolade\u201c ist eine handgesch\u00f6pfte Genuss-Schokolade der Manufaktur Zotter in \u00d6sterreich mit sehr hochwertigen Zutaten,&hellip;","og_url":"https:\/\/weltlaeden.de\/mosbach\/nokolade\/","og_site_name":"Weltladen Mosbach","article_modified_time":"2025-01-17T17:26:14+00:00","og_image":[{"width":719,"height":719,"url":"https:\/\/weltlaeden.de\/mosbach\/wp-content\/uploads\/sites\/125\/2021\/10\/NOKolade-NobelHobel.jpg","type":"image\/jpeg"}],"twitter_card":"summary_large_image","twitter_misc":{"Gesch\u00e4tzte Lesezeit":"5\u00a0Minuten"},"schema":{"@context":"https:\/\/schema.org","@graph":[{"@type":"WebPage","@id":"https:\/\/weltlaeden.de\/mosbach\/nokolade\/","url":"https:\/\/weltlaeden.de\/mosbach\/nokolade\/","name":"NOKolade - Weltladen Mosbach","isPartOf":{"@id":"https:\/\/weltlaeden.de\/mosbach\/#website"},"primaryImageOfPage":{"@id":"https:\/\/weltlaeden.de\/mosbach\/nokolade\/#primaryimage"},"image":{"@id":"https:\/\/weltlaeden.de\/mosbach\/nokolade\/#primaryimage"},"thumbnailUrl":"https:\/\/weltlaeden.de\/mosbach\/wp-content\/uploads\/sites\/125\/2021\/10\/NOKolade-NobelHobel-300x300.jpg","datePublished":"2021-07-09T10:25:07+00:00","dateModified":"2025-01-17T17:26:14+00:00","breadcrumb":{"@id":"https:\/\/weltlaeden.de\/mosbach\/nokolade\/#breadcrumb"},"inLanguage":"de","potentialAction":[{"@type":"ReadAction","target":["https:\/\/weltlaeden.de\/mosbach\/nokolade\/"]}]},{"@type":"ImageObject","inLanguage":"de","@id":"https:\/\/weltlaeden.de\/mosbach\/nokolade\/#primaryimage","url":"https:\/\/weltlaeden.de\/mosbach\/wp-content\/uploads\/sites\/125\/2021\/10\/NOKolade-NobelHobel.jpg","contentUrl":"https:\/\/weltlaeden.de\/mosbach\/wp-content\/uploads\/sites\/125\/2021\/10\/NOKolade-NobelHobel.jpg","width":719,"height":719},{"@type":"BreadcrumbList","@id":"https:\/\/weltlaeden.de\/mosbach\/nokolade\/#breadcrumb","itemListElement":[{"@type":"ListItem","position":1,"name":"Startseite","item":"https:\/\/weltlaeden.de\/mosbach\/"},{"@type":"ListItem","position":2,"name":"NOKolade"}]},{"@type":"WebSite","@id":"https:\/\/weltlaeden.de\/mosbach\/#website","url":"https:\/\/weltlaeden.de\/mosbach\/","name":"Weltladen Mosbach","description":"Faire Produkte seit 1990","potentialAction":[{"@type":"SearchAction","target":{"@type":"EntryPoint","urlTemplate":"https:\/\/weltlaeden.de\/mosbach\/?s={search_term_string}"},"query-input":{"@type":"PropertyValueSpecification","valueRequired":true,"valueName":"search_term_string"}}],"inLanguage":"de"}]}},"_links":{"self":[{"href":"https:\/\/weltlaeden.de\/mosbach\/wp-json\/wp\/v2\/pages\/813","targetHints":{"allow":["GET"]}}],"collection":[{"href":"https:\/\/weltlaeden.de\/mosbach\/wp-json\/wp\/v2\/pages"}],"about":[{"href":"https:\/\/weltlaeden.de\/mosbach\/wp-json\/wp\/v2\/types\/page"}],"author":[{"embeddable":true,"href":"https:\/\/weltlaeden.de\/mosbach\/wp-json\/wp\/v2\/users\/187"}],"replies":[{"embeddable":true,"href":"https:\/\/weltlaeden.de\/mosbach\/wp-json\/wp\/v2\/comments?post=813"}],"version-history":[{"count":40,"href":"https:\/\/weltlaeden.de\/mosbach\/wp-json\/wp\/v2\/pages\/813\/revisions"}],"predecessor-version":[{"id":1018,"href":"https:\/\/weltlaeden.de\/mosbach\/wp-json\/wp\/v2\/pages\/813\/revisions\/1018"}],"wp:attachment":[{"href":"https:\/\/weltlaeden.de\/mosbach\/wp-json\/wp\/v2\/media?parent=813"}],"curies":[{"name":"wp","href":"https:\/\/api.w.org\/{rel}","templated":true}]}}