{"id":618,"date":"2020-11-23T19:18:52","date_gmt":"2020-11-23T18:18:52","guid":{"rendered":"https:\/\/weltlaeden.de\/mosbach\/?page_id=618"},"modified":"2021-03-18T21:41:06","modified_gmt":"2021-03-18T20:41:06","slug":"handelspartner-portrait-aprolma","status":"publish","type":"page","link":"https:\/\/weltlaeden.de\/mosbach\/handelspartner-portrait-aprolma\/","title":{"rendered":"APROLMA"},"content":{"rendered":"<div class=\"wpb-content-wrapper\"><p>[vc_row][vc_column]<div class=\"wl_einzelbild\"><p><img loading=\"lazy\" decoding=\"async\" class=\"aligncenter\" src=\"https:\/\/weltlaeden.de\/vorlagensammlung\/wp-content\/uploads\/sites\/3\/2020\/10\/APROLMA-1_R\u00f6stmeisterinnen_Quelle_GEPA-A.-Welsing_1200x500.jpg\" alt=\"\" width=\"1200\" height=\"500\" \/><\/p>\n<p><\/p><\/div>[vc_empty_space][\/vc_column][\/vc_row][vc_row][vc_column][vc_column_text]<span style=\"color: #808080\"><strong><em>Handelspartner-Portrait<\/em><\/strong><\/span><\/p>\n<h1>Guter Kaffee von APROLMA aus Honduras<\/h1>\n<p>Wir k\u00f6nnen auch anders! \u2013 das k\u00f6nnte das Motto von APROLMA sein. Zwei Besonderheiten zeichnen diese Kaffeekooperative in Honduras aus: Nur Frauen k\u00f6nnen Mitglied werden und der Kaffee wird vor Ort von den eigens ausgebildeten R\u00f6stmeisterinnen ger\u00f6stet und verpackt.<\/p>\n<p>Aus der Region Marcala kommen die besten Arabica-Kaffees des Landes. Frauen leisten dabei einen betr\u00e4chtlichen Teil der Arbeit, die jedoch oft nicht anerkannt wird und unbezahlt bleibt. APROLMA (Asociaci\u00f3n de Productoras Libres de Marcala) zeigt, dass es auch anders geht. In der Kooperative haben sich 69 Produzentinnen zusammengeschlossen, die biologisch zertifizierten Kaffee anbauen und die Verarbeitung und Vermarktung selbst organisieren.[\/vc_column_text][\/vc_column][\/vc_row][vc_row][vc_column][vc_empty_space height=&#8220;20px&#8220;]<blockquote class=\"text-big shortcode-blockquote\"><h2><em>\u00a0\u201eAlleine kommst du nicht weiter. Es geht uns darum, unsere Rechte als Frauen einzufordern. Dass wir das Recht haben, uns zu organisieren, an der Produktion beteiligt zu sein, zum Familieneinkommen beizutragen, einen Zugang zum Markt zu bekommen und dar\u00fcber zu entscheiden, was mit unserem Geld passiert. Damit sich unsere Familien, unsere Gemeinde, ja unser ganzes Land entwickelt.\u201c<\/em><\/h2>\n<p style=\"text-align: right\">(Dolores Benitez, Koordinatorin des R\u00f6stprojekts)<\/p>\n<\/blockquote>[vc_empty_space height=&#8220;15px&#8220;][vc_column_text]<\/p>\n<h2><span style=\"color: #f39800\"><strong>Von der B\u00e4uerin zur Unternehmerin<\/strong><\/span><\/h2>\n<p>95 Prozent des Kaffees werden am Weltmarkt als Rohkaffee eingekauft. Um mehr Wertsch\u00f6pfung vor Ort zu erm\u00f6glichen, hat APROLMA gemeinsam mit GEPA &#8211; The Fair Trade Company zw\u00f6lf Frauen zu R\u00f6stmeisterinnen ausgebildet. Durch R\u00f6sten und Verpacken des Kaffees im Ursprungsland bleibt fast dreimal so viel Geld vor Ort wie bei konventionellem Kaffee. Gladyx Hern\u00e1ndez ist Pr\u00e4sidentin von APROLMA und hat das R\u00f6stkaffee-Projekt von Anfang an begleitet. Das Ergebnis in ihren Worten: \u201eVon der gepfl\u00fcckten Kaffeekirsche bis zur Tasse: beste Qualit\u00e4t\u00a0\u2013 von Frauen produziert.\u201c<\/p>\n<p>In diesem Video erfahren Sie mehr \u00fcber das R\u00f6stprojekt und wie dadurch neue Perspektiven f\u00fcr die Mitglieder der Kooperative entstehen.[\/vc_column_text][\/vc_column][\/vc_row][vc_row][vc_column][vc_empty_space height=&#8220;20px&#8220;][vc_video link=&#8220;https:\/\/www.youtube.com\/watch?v=MUWsnBm-0Qs&#8220;][vc_empty_space][vc_separator border_width=&#8220;2&#8243;][\/vc_column][\/vc_row][vc_row][vc_column][vc_column_text]Lernen Sie hier die Frauen der Kooperative besser kennen: <a href=\"https:\/\/www.gepa.de\/gepa\/themenspecials\/mehr-wertschoepfung\/partner.html#aprolma\" target=\"_blank\" rel=\"noopener\">www.gepa.de\/gepa\/themenspecials\/mehr-wertschoepfung\/partner.html#aprolma<\/a><\/p>\n<p><em>Bildnachweise f\u00fcr diese Seite (von oben nach unten): GEPA\/A. Welsing<\/em>[\/vc_column_text][\/vc_column][\/vc_row][vc_row][vc_column][\/vc_column][\/vc_row]<\/p>\n<\/div>","protected":false},"excerpt":{"rendered":"<p>[vc_row][vc_column][vc_empty_space][\/vc_column][\/vc_row][vc_row][vc_column][vc_column_text]Handelspartner-Portrait Guter Kaffee von APROLMA aus Honduras Wir k\u00f6nnen auch anders! \u2013 das k\u00f6nnte das Motto von APROLMA sein. Zwei Besonderheiten zeichnen diese Kaffeekooperative in Honduras aus: Nur Frauen k\u00f6nnen Mitglied werden und der Kaffee wird vor Ort von den eigens ausgebildeten R\u00f6stmeisterinnen ger\u00f6stet und verpackt. Aus der Region Marcala kommen die besten Arabica-Kaffees des&hellip;<\/p>\n","protected":false},"author":187,"featured_media":0,"parent":0,"menu_order":16,"comment_status":"closed","ping_status":"closed","template":"","meta":{"footnotes":""},"class_list":["post-618","page","type-page","status-publish","hentry","description-off"],"yoast_head":"<!-- This site is optimized with the Yoast SEO plugin v26.8 - https:\/\/yoast.com\/product\/yoast-seo-wordpress\/ -->\n<title>APROLMA - Weltladen Mosbach<\/title>\n<meta name=\"robots\" content=\"index, follow, max-snippet:-1, max-image-preview:large, max-video-preview:-1\" \/>\n<link rel=\"canonical\" href=\"https:\/\/weltlaeden.de\/mosbach\/handelspartner-portrait-aprolma\/\" \/>\n<meta property=\"og:locale\" content=\"de_DE\" \/>\n<meta property=\"og:type\" content=\"article\" \/>\n<meta property=\"og:title\" content=\"APROLMA - Weltladen Mosbach\" \/>\n<meta property=\"og:description\" content=\"[vc_row][vc_column][vc_empty_space][\/vc_column][\/vc_row][vc_row][vc_column][vc_column_text]Handelspartner-Portrait Guter Kaffee von APROLMA aus Honduras Wir k\u00f6nnen auch anders! \u2013 das k\u00f6nnte das Motto von APROLMA sein. Zwei Besonderheiten zeichnen diese Kaffeekooperative in Honduras aus: Nur Frauen k\u00f6nnen Mitglied werden und der Kaffee wird vor Ort von den eigens ausgebildeten R\u00f6stmeisterinnen ger\u00f6stet und verpackt. Aus der Region Marcala kommen die besten Arabica-Kaffees des&hellip;\" \/>\n<meta property=\"og:url\" content=\"https:\/\/weltlaeden.de\/mosbach\/handelspartner-portrait-aprolma\/\" \/>\n<meta property=\"og:site_name\" content=\"Weltladen Mosbach\" \/>\n<meta property=\"article:modified_time\" content=\"2021-03-18T20:41:06+00:00\" \/>\n<meta property=\"og:image\" content=\"https:\/\/weltlaeden.de\/vorlagensammlung\/wp-content\/uploads\/sites\/3\/2020\/10\/APROLMA-1_R\u00f6stmeisterinnen_Quelle_GEPA-A.-Welsing_1200x500.jpg\" \/>\n<meta name=\"twitter:card\" content=\"summary_large_image\" \/>\n<meta name=\"twitter:label1\" content=\"Gesch\u00e4tzte Lesezeit\" \/>\n\t<meta name=\"twitter:data1\" content=\"2\u00a0Minuten\" \/>\n<script type=\"application\/ld+json\" class=\"yoast-schema-graph\">{\"@context\":\"https:\/\/schema.org\",\"@graph\":[{\"@type\":\"WebPage\",\"@id\":\"https:\/\/weltlaeden.de\/mosbach\/handelspartner-portrait-aprolma\/\",\"url\":\"https:\/\/weltlaeden.de\/mosbach\/handelspartner-portrait-aprolma\/\",\"name\":\"APROLMA - Weltladen Mosbach\",\"isPartOf\":{\"@id\":\"https:\/\/weltlaeden.de\/mosbach\/#website\"},\"datePublished\":\"2020-11-23T18:18:52+00:00\",\"dateModified\":\"2021-03-18T20:41:06+00:00\",\"breadcrumb\":{\"@id\":\"https:\/\/weltlaeden.de\/mosbach\/handelspartner-portrait-aprolma\/#breadcrumb\"},\"inLanguage\":\"de\",\"potentialAction\":[{\"@type\":\"ReadAction\",\"target\":[\"https:\/\/weltlaeden.de\/mosbach\/handelspartner-portrait-aprolma\/\"]}]},{\"@type\":\"BreadcrumbList\",\"@id\":\"https:\/\/weltlaeden.de\/mosbach\/handelspartner-portrait-aprolma\/#breadcrumb\",\"itemListElement\":[{\"@type\":\"ListItem\",\"position\":1,\"name\":\"Startseite\",\"item\":\"https:\/\/weltlaeden.de\/mosbach\/\"},{\"@type\":\"ListItem\",\"position\":2,\"name\":\"APROLMA\"}]},{\"@type\":\"WebSite\",\"@id\":\"https:\/\/weltlaeden.de\/mosbach\/#website\",\"url\":\"https:\/\/weltlaeden.de\/mosbach\/\",\"name\":\"Weltladen Mosbach\",\"description\":\"Faire Produkte seit 1990\",\"potentialAction\":[{\"@type\":\"SearchAction\",\"target\":{\"@type\":\"EntryPoint\",\"urlTemplate\":\"https:\/\/weltlaeden.de\/mosbach\/?s={search_term_string}\"},\"query-input\":{\"@type\":\"PropertyValueSpecification\",\"valueRequired\":true,\"valueName\":\"search_term_string\"}}],\"inLanguage\":\"de\"}]}<\/script>\n<!-- \/ Yoast SEO plugin. -->","yoast_head_json":{"title":"APROLMA - Weltladen Mosbach","robots":{"index":"index","follow":"follow","max-snippet":"max-snippet:-1","max-image-preview":"max-image-preview:large","max-video-preview":"max-video-preview:-1"},"canonical":"https:\/\/weltlaeden.de\/mosbach\/handelspartner-portrait-aprolma\/","og_locale":"de_DE","og_type":"article","og_title":"APROLMA - Weltladen Mosbach","og_description":"[vc_row][vc_column][vc_empty_space][\/vc_column][\/vc_row][vc_row][vc_column][vc_column_text]Handelspartner-Portrait Guter Kaffee von APROLMA aus Honduras Wir k\u00f6nnen auch anders! \u2013 das k\u00f6nnte das Motto von APROLMA sein. Zwei Besonderheiten zeichnen diese Kaffeekooperative in Honduras aus: Nur Frauen k\u00f6nnen Mitglied werden und der Kaffee wird vor Ort von den eigens ausgebildeten R\u00f6stmeisterinnen ger\u00f6stet und verpackt. Aus der Region Marcala kommen die besten Arabica-Kaffees des&hellip;","og_url":"https:\/\/weltlaeden.de\/mosbach\/handelspartner-portrait-aprolma\/","og_site_name":"Weltladen Mosbach","article_modified_time":"2021-03-18T20:41:06+00:00","og_image":[{"url":"https:\/\/weltlaeden.de\/vorlagensammlung\/wp-content\/uploads\/sites\/3\/2020\/10\/APROLMA-1_R\u00f6stmeisterinnen_Quelle_GEPA-A.-Welsing_1200x500.jpg","type":"","width":"","height":""}],"twitter_card":"summary_large_image","twitter_misc":{"Gesch\u00e4tzte Lesezeit":"2\u00a0Minuten"},"schema":{"@context":"https:\/\/schema.org","@graph":[{"@type":"WebPage","@id":"https:\/\/weltlaeden.de\/mosbach\/handelspartner-portrait-aprolma\/","url":"https:\/\/weltlaeden.de\/mosbach\/handelspartner-portrait-aprolma\/","name":"APROLMA - Weltladen Mosbach","isPartOf":{"@id":"https:\/\/weltlaeden.de\/mosbach\/#website"},"datePublished":"2020-11-23T18:18:52+00:00","dateModified":"2021-03-18T20:41:06+00:00","breadcrumb":{"@id":"https:\/\/weltlaeden.de\/mosbach\/handelspartner-portrait-aprolma\/#breadcrumb"},"inLanguage":"de","potentialAction":[{"@type":"ReadAction","target":["https:\/\/weltlaeden.de\/mosbach\/handelspartner-portrait-aprolma\/"]}]},{"@type":"BreadcrumbList","@id":"https:\/\/weltlaeden.de\/mosbach\/handelspartner-portrait-aprolma\/#breadcrumb","itemListElement":[{"@type":"ListItem","position":1,"name":"Startseite","item":"https:\/\/weltlaeden.de\/mosbach\/"},{"@type":"ListItem","position":2,"name":"APROLMA"}]},{"@type":"WebSite","@id":"https:\/\/weltlaeden.de\/mosbach\/#website","url":"https:\/\/weltlaeden.de\/mosbach\/","name":"Weltladen Mosbach","description":"Faire Produkte seit 1990","potentialAction":[{"@type":"SearchAction","target":{"@type":"EntryPoint","urlTemplate":"https:\/\/weltlaeden.de\/mosbach\/?s={search_term_string}"},"query-input":{"@type":"PropertyValueSpecification","valueRequired":true,"valueName":"search_term_string"}}],"inLanguage":"de"}]}},"_links":{"self":[{"href":"https:\/\/weltlaeden.de\/mosbach\/wp-json\/wp\/v2\/pages\/618","targetHints":{"allow":["GET"]}}],"collection":[{"href":"https:\/\/weltlaeden.de\/mosbach\/wp-json\/wp\/v2\/pages"}],"about":[{"href":"https:\/\/weltlaeden.de\/mosbach\/wp-json\/wp\/v2\/types\/page"}],"author":[{"embeddable":true,"href":"https:\/\/weltlaeden.de\/mosbach\/wp-json\/wp\/v2\/users\/187"}],"replies":[{"embeddable":true,"href":"https:\/\/weltlaeden.de\/mosbach\/wp-json\/wp\/v2\/comments?post=618"}],"version-history":[{"count":1,"href":"https:\/\/weltlaeden.de\/mosbach\/wp-json\/wp\/v2\/pages\/618\/revisions"}],"predecessor-version":[{"id":619,"href":"https:\/\/weltlaeden.de\/mosbach\/wp-json\/wp\/v2\/pages\/618\/revisions\/619"}],"wp:attachment":[{"href":"https:\/\/weltlaeden.de\/mosbach\/wp-json\/wp\/v2\/media?parent=618"}],"curies":[{"name":"wp","href":"https:\/\/api.w.org\/{rel}","templated":true}]}}