{"id":23,"date":"2016-10-14T09:05:21","date_gmt":"2016-10-14T07:05:21","guid":{"rendered":"https:\/\/wl.heimpixel.de\/vorlage\/termine\/"},"modified":"2021-07-09T12:41:41","modified_gmt":"2021-07-09T10:41:41","slug":"termine","status":"publish","type":"page","link":"https:\/\/weltlaeden.de\/mosbach\/termine\/","title":{"rendered":"Termine"},"content":{"rendered":"<div class=\"wpb-content-wrapper\"><p>[vc_row][vc_column]<div class=\"wl_einzelbild\"><p><img loading=\"lazy\" decoding=\"async\" class=\"aligncenter size-full wp-image-nsm-3-33\" src=\"https:\/\/weltlaeden.de\/mosbach\/wp-content\/uploads\/sites\/3\/2018\/07\/pocket-watch-1637396_1920_pixabay.png\" alt=\"\" width=\"787\" height=\"340\" \/><\/p><\/div>[vc_empty_space height=&#8220;30px&#8220;][vc_column_text]<\/p>\n<h1>Termine<\/h1>\n<h4><\/h4>\n<p>[\/vc_column_text][vc_empty_space height=&#8220;30px&#8220;][\/vc_column][\/vc_row][vc_row][vc_column width=&#8220;2\/3&#8243;][vc_column_text]<\/p>\n<h2>Kommende Termine<\/h2>\n<p>[\/vc_column_text]<ul class=\"termine-page current aktuell\">[vc_empty_space height=&#8220;30px&#8220;][vc_column_text]<\/p>\n<h2>Vergangene Termine<\/h2>\n<p>[\/vc_column_text]<ul class=\"termine-page past vergangen\"><li><h5 class=\"termine-titel\"><a href=\"https:\/\/weltlaeden.de\/mosbach\/termin\/das-faire-klima-fruehstueck\/\">Das faire Klima-Fr\u00fchst\u00fcck<\/a><\/h5><p class=\"termine-date\">Do., 26.09.2024, 10:00<\/p><p class=\"termine-auszug\">bio - regional - fair Ort: Alte Turnhalle (beim Landratsamt) Neckarelzer Str. 3\/1; 74821 Mosbach In Kooperation mit dem Stadtseniorenrat und dem Verein Mona-Lisa Mosbach e.V. Es gibt ein reichhaltiges und leckeres Fr\u00fchst\u00fccksb\u00fcffet. Zur besseren Planung ist eine Anmeldung unter <a href=\"mailto:paeper@t-online.de\">paeper@t-online.de<\/a> hilfreich, aber nicht zwingend. Der Fr\u00fchst\u00fcckstisch wird ab 10:00 Uhr mit bio, regionalen und fairen Produkten reichhaltig gedeckt sein. Es wird ein Unkostenbeitrag (Richtpreis) erhoben. Der \u00dcberschuss wird zwischen dem Weltladen und dem Verein Mona-Lisa Mosbach aufgeteilt. Der Anteil des Weltladens kommt den <a href=\"https:\/\/pow-mosbach.de\/index.php\/2024\/09\/03\/starke-monsun-regenfaelle-katastrophenhilfe-bei-ueberschwemmungen\/\">\u00dcberschwemmungen<\/a> in Indien zugute. Beim Fr\u00fchst\u00fcck besteht die M\u00f6glichkeit sich \u00fcber die CO2 Emissionen der einzelnen Lebensmittel zu informieren. Was k\u00f6nnen wir selbst dazu beitragen klimabewusster zu leben? Ver\u00e4nderungen fangen bei uns selbst an \u2013 h\u00f6ren da aber nicht auf. Wo k\u00f6nnen wir unseren <strong>\u00f6kologischen Fu\u00dfabdruck<\/strong> verringern? Dies setzt auf pers\u00f6nliches Verhalten: Wie ern\u00e4hre ich mich? Wie bewege ich mich in der Stadt? Wohin [...] <a href=\"https:\/\/weltlaeden.de\/mosbach\/termin\/das-faire-klima-fruehstueck\/\"><small>[WEITERLESEN]<\/small><\/a><\/p><\/li><li><h5 class=\"termine-titel\"><a href=\"https:\/\/weltlaeden.de\/mosbach\/termin\/13-mai-weltladentag-2023\/\">13. Mai Weltladentag 2023<\/a><\/h5><p class=\"termine-date\">Do., 04.05.2023, 18:47<\/p><p class=\"termine-auszug\">\u00a0 \u00a0 \u00a0 \u00a0 \u00a0 \u00a0 \u00a0 \u00a0 \u00a0 \u00a0 \u00a0 \u00a0\u00a0\u00a0 \u00a0\u00a0 \u00a0 \u00a0 \u00a0 \u00a0 \u00a0<\/li><li><h5 class=\"termine-titel\"><a href=\"https:\/\/weltlaeden.de\/mosbach\/termin\/weltladentag-14-mai-2022-maechtig-unfair\/\">Weltladentag 14. Mai 2022 &#8211; M\u00e4chtig Unfair<\/a><\/h5><p class=\"termine-date\">Sa., 14.05.2022, 10:00<\/p><p class=\"termine-auszug\">&nbsp;<\/li><li><h5 class=\"termine-titel\"><a href=\"https:\/\/weltlaeden.de\/mosbach\/termin\/weltladentag-2021-die-welt-braucht-einen-tapetenwechsel\/\">Weltladentag 2021 &#8211; Die Welt braucht einen Tapetenwechsel<\/a><\/h5><p class=\"termine-date\">Sa., 08.05.2021<\/p><p class=\"termine-auszug\"><strong>Es ist Zeit f\u00fcr einen Tapetenwechsel<\/strong> Unsere Art zu leben und zu wirtschaften ist nicht zukunftsf\u00e4hig. Um ein gutes Leben f\u00fcr uns alle auf diesem Planeten zu erm\u00f6glichen, braucht es einen grundlegenden Wandel. Der Faire Handel kann dabei als Kompass dienen. Zum Weltladentag am <strong>8. Mai 2021<\/strong> l\u00e4dt die Weltladen-Bewegung zum Austausch dar\u00fcber ein. Weitermachen wie bisher ist keine Option, wenn wir alle und unsere nachfolgenden Generationen auf diesem Planeten ein gutes Leben f\u00fchren wollen. Allein die \u00f6kologische Krise dr\u00e4ngt uns zu einem schnellen Handeln. Die EU will bis 2050 klimaneutral werden \u2013 doch das wird nicht reichen. Wie k\u00f6nnte eine Alternative also aussehen? Hierauf gibt es keine einfache Antwort, ebenso wenig wie zu der Frage, wie wir zu einem solchen System gelangen k\u00f6nnen. Wir m\u00fcssen bereit sein, eine Bandbreite an Ideen, Ans\u00e4tzen und politischen Strategien auszuprobieren. Tauschen Sie mit uns am Weltladentag Ihre Ideen zur Gestaltung einer fairen und [...] <a href=\"https:\/\/weltlaeden.de\/mosbach\/termin\/weltladentag-2021-die-welt-braucht-einen-tapetenwechsel\/\"><small>[WEITERLESEN]<\/small><\/a><\/p><\/li><li><h5 class=\"termine-titel\"><a href=\"https:\/\/weltlaeden.de\/mosbach\/termin\/faire-woche-2020\/\">Faire Woche 2020<\/a><\/h5><p class=\"termine-date\">Fr., 11.09.2020, 10:00<\/p><p class=\"termine-auszug\">Wir beteiligen uns an der Fairen Woche vom 11.-25. September 2020 mit einem partizipativen Schaufenster. Sie k\u00f6nnen mit Ihren Aussagen das Schaufenster mitgestalten.<\/li><\/ul>[\/vc_column][\/vc_row]<\/p>\n<\/div>","protected":false},"excerpt":{"rendered":"<p>[vc_row][vc_column][vc_empty_space height=&#8220;30px&#8220;][vc_column_text] Termine [\/vc_column_text][vc_empty_space height=&#8220;30px&#8220;][\/vc_column][\/vc_row][vc_row][vc_column width=&#8220;2\/3&#8243;][vc_column_text] Kommende Termine [\/vc_column_text][vc_empty_space height=&#8220;30px&#8220;][vc_column_text] Vergangene Termine [\/vc_column_text][\/vc_column][\/vc_row]<\/p>\n","protected":false},"author":1,"featured_media":0,"parent":0,"menu_order":14,"comment_status":"closed","ping_status":"closed","template":"","meta":{"footnotes":""},"class_list":["post-23","page","type-page","status-publish","hentry","description-off"],"yoast_head":"<!-- This site is optimized with the Yoast SEO plugin v26.8 - https:\/\/yoast.com\/product\/yoast-seo-wordpress\/ -->\n<title>Termine - Weltladen Mosbach<\/title>\n<meta name=\"robots\" content=\"index, follow, max-snippet:-1, max-image-preview:large, max-video-preview:-1\" \/>\n<link rel=\"canonical\" href=\"https:\/\/weltlaeden.de\/mosbach\/termine\/\" \/>\n<meta property=\"og:locale\" content=\"de_DE\" \/>\n<meta property=\"og:type\" content=\"article\" \/>\n<meta property=\"og:title\" content=\"Termine - Weltladen Mosbach\" \/>\n<meta property=\"og:description\" content=\"[vc_row][vc_column][vc_empty_space height=&#8220;30px&#8220;][vc_column_text] Termine [\/vc_column_text][vc_empty_space height=&#8220;30px&#8220;][\/vc_column][\/vc_row][vc_row][vc_column width=&#8220;2\/3&#8243;][vc_column_text] Kommende Termine [\/vc_column_text][vc_empty_space height=&#8220;30px&#8220;][vc_column_text] Vergangene Termine [\/vc_column_text][\/vc_column][\/vc_row]\" \/>\n<meta property=\"og:url\" content=\"https:\/\/weltlaeden.de\/mosbach\/termine\/\" \/>\n<meta property=\"og:site_name\" content=\"Weltladen Mosbach\" \/>\n<meta property=\"article:modified_time\" content=\"2021-07-09T10:41:41+00:00\" \/>\n<meta property=\"og:image\" content=\"https:\/\/weltlaeden.de\/mosbach\/wp-content\/uploads\/sites\/3\/2018\/07\/pocket-watch-1637396_1920_pixabay.png\" \/>\n<meta name=\"twitter:card\" content=\"summary_large_image\" \/>\n<script type=\"application\/ld+json\" class=\"yoast-schema-graph\">{\"@context\":\"https:\/\/schema.org\",\"@graph\":[{\"@type\":\"WebPage\",\"@id\":\"https:\/\/weltlaeden.de\/mosbach\/termine\/\",\"url\":\"https:\/\/weltlaeden.de\/mosbach\/termine\/\",\"name\":\"Termine - Weltladen Mosbach\",\"isPartOf\":{\"@id\":\"https:\/\/weltlaeden.de\/mosbach\/#website\"},\"primaryImageOfPage\":{\"@id\":\"https:\/\/weltlaeden.de\/mosbach\/termine\/#primaryimage\"},\"image\":{\"@id\":\"https:\/\/weltlaeden.de\/mosbach\/termine\/#primaryimage\"},\"thumbnailUrl\":\"https:\/\/weltlaeden.de\/mosbach\/wp-content\/uploads\/sites\/3\/2018\/07\/pocket-watch-1637396_1920_pixabay.png\",\"datePublished\":\"2016-10-14T07:05:21+00:00\",\"dateModified\":\"2021-07-09T10:41:41+00:00\",\"breadcrumb\":{\"@id\":\"https:\/\/weltlaeden.de\/mosbach\/termine\/#breadcrumb\"},\"inLanguage\":\"de\",\"potentialAction\":[{\"@type\":\"ReadAction\",\"target\":[\"https:\/\/weltlaeden.de\/mosbach\/termine\/\"]}]},{\"@type\":\"ImageObject\",\"inLanguage\":\"de\",\"@id\":\"https:\/\/weltlaeden.de\/mosbach\/termine\/#primaryimage\",\"url\":\"https:\/\/weltlaeden.de\/mosbach\/wp-content\/uploads\/sites\/3\/2018\/07\/pocket-watch-1637396_1920_pixabay.png\",\"contentUrl\":\"https:\/\/weltlaeden.de\/mosbach\/wp-content\/uploads\/sites\/3\/2018\/07\/pocket-watch-1637396_1920_pixabay.png\"},{\"@type\":\"BreadcrumbList\",\"@id\":\"https:\/\/weltlaeden.de\/mosbach\/termine\/#breadcrumb\",\"itemListElement\":[{\"@type\":\"ListItem\",\"position\":1,\"name\":\"Startseite\",\"item\":\"https:\/\/weltlaeden.de\/mosbach\/\"},{\"@type\":\"ListItem\",\"position\":2,\"name\":\"Termine\"}]},{\"@type\":\"WebSite\",\"@id\":\"https:\/\/weltlaeden.de\/mosbach\/#website\",\"url\":\"https:\/\/weltlaeden.de\/mosbach\/\",\"name\":\"Weltladen Mosbach\",\"description\":\"Faire Produkte seit 1990\",\"potentialAction\":[{\"@type\":\"SearchAction\",\"target\":{\"@type\":\"EntryPoint\",\"urlTemplate\":\"https:\/\/weltlaeden.de\/mosbach\/?s={search_term_string}\"},\"query-input\":{\"@type\":\"PropertyValueSpecification\",\"valueRequired\":true,\"valueName\":\"search_term_string\"}}],\"inLanguage\":\"de\"}]}<\/script>\n<!-- \/ Yoast SEO plugin. -->","yoast_head_json":{"title":"Termine - Weltladen Mosbach","robots":{"index":"index","follow":"follow","max-snippet":"max-snippet:-1","max-image-preview":"max-image-preview:large","max-video-preview":"max-video-preview:-1"},"canonical":"https:\/\/weltlaeden.de\/mosbach\/termine\/","og_locale":"de_DE","og_type":"article","og_title":"Termine - Weltladen Mosbach","og_description":"[vc_row][vc_column][vc_empty_space height=&#8220;30px&#8220;][vc_column_text] Termine [\/vc_column_text][vc_empty_space height=&#8220;30px&#8220;][\/vc_column][\/vc_row][vc_row][vc_column width=&#8220;2\/3&#8243;][vc_column_text] Kommende Termine [\/vc_column_text][vc_empty_space height=&#8220;30px&#8220;][vc_column_text] Vergangene Termine [\/vc_column_text][\/vc_column][\/vc_row]","og_url":"https:\/\/weltlaeden.de\/mosbach\/termine\/","og_site_name":"Weltladen Mosbach","article_modified_time":"2021-07-09T10:41:41+00:00","og_image":[{"url":"https:\/\/weltlaeden.de\/mosbach\/wp-content\/uploads\/sites\/3\/2018\/07\/pocket-watch-1637396_1920_pixabay.png","type":"","width":"","height":""}],"twitter_card":"summary_large_image","schema":{"@context":"https:\/\/schema.org","@graph":[{"@type":"WebPage","@id":"https:\/\/weltlaeden.de\/mosbach\/termine\/","url":"https:\/\/weltlaeden.de\/mosbach\/termine\/","name":"Termine - Weltladen Mosbach","isPartOf":{"@id":"https:\/\/weltlaeden.de\/mosbach\/#website"},"primaryImageOfPage":{"@id":"https:\/\/weltlaeden.de\/mosbach\/termine\/#primaryimage"},"image":{"@id":"https:\/\/weltlaeden.de\/mosbach\/termine\/#primaryimage"},"thumbnailUrl":"https:\/\/weltlaeden.de\/mosbach\/wp-content\/uploads\/sites\/3\/2018\/07\/pocket-watch-1637396_1920_pixabay.png","datePublished":"2016-10-14T07:05:21+00:00","dateModified":"2021-07-09T10:41:41+00:00","breadcrumb":{"@id":"https:\/\/weltlaeden.de\/mosbach\/termine\/#breadcrumb"},"inLanguage":"de","potentialAction":[{"@type":"ReadAction","target":["https:\/\/weltlaeden.de\/mosbach\/termine\/"]}]},{"@type":"ImageObject","inLanguage":"de","@id":"https:\/\/weltlaeden.de\/mosbach\/termine\/#primaryimage","url":"https:\/\/weltlaeden.de\/mosbach\/wp-content\/uploads\/sites\/3\/2018\/07\/pocket-watch-1637396_1920_pixabay.png","contentUrl":"https:\/\/weltlaeden.de\/mosbach\/wp-content\/uploads\/sites\/3\/2018\/07\/pocket-watch-1637396_1920_pixabay.png"},{"@type":"BreadcrumbList","@id":"https:\/\/weltlaeden.de\/mosbach\/termine\/#breadcrumb","itemListElement":[{"@type":"ListItem","position":1,"name":"Startseite","item":"https:\/\/weltlaeden.de\/mosbach\/"},{"@type":"ListItem","position":2,"name":"Termine"}]},{"@type":"WebSite","@id":"https:\/\/weltlaeden.de\/mosbach\/#website","url":"https:\/\/weltlaeden.de\/mosbach\/","name":"Weltladen Mosbach","description":"Faire Produkte seit 1990","potentialAction":[{"@type":"SearchAction","target":{"@type":"EntryPoint","urlTemplate":"https:\/\/weltlaeden.de\/mosbach\/?s={search_term_string}"},"query-input":{"@type":"PropertyValueSpecification","valueRequired":true,"valueName":"search_term_string"}}],"inLanguage":"de"}]}},"_links":{"self":[{"href":"https:\/\/weltlaeden.de\/mosbach\/wp-json\/wp\/v2\/pages\/23","targetHints":{"allow":["GET"]}}],"collection":[{"href":"https:\/\/weltlaeden.de\/mosbach\/wp-json\/wp\/v2\/pages"}],"about":[{"href":"https:\/\/weltlaeden.de\/mosbach\/wp-json\/wp\/v2\/types\/page"}],"author":[{"embeddable":true,"href":"https:\/\/weltlaeden.de\/mosbach\/wp-json\/wp\/v2\/users\/1"}],"replies":[{"embeddable":true,"href":"https:\/\/weltlaeden.de\/mosbach\/wp-json\/wp\/v2\/comments?post=23"}],"version-history":[{"count":14,"href":"https:\/\/weltlaeden.de\/mosbach\/wp-json\/wp\/v2\/pages\/23\/revisions"}],"predecessor-version":[{"id":414,"href":"https:\/\/weltlaeden.de\/mosbach\/wp-json\/wp\/v2\/pages\/23\/revisions\/414"}],"wp:attachment":[{"href":"https:\/\/weltlaeden.de\/mosbach\/wp-json\/wp\/v2\/media?parent=23"}],"curies":[{"name":"wp","href":"https:\/\/api.w.org\/{rel}","templated":true}]}}