{"id":219,"date":"2016-10-28T13:34:47","date_gmt":"2016-10-28T11:34:47","guid":{"rendered":"https:\/\/wl.heimpixel.de\/vorlage\/ueber-uns\/"},"modified":"2022-05-14T17:34:01","modified_gmt":"2022-05-14T15:34:01","slug":"ueber-uns","status":"publish","type":"page","link":"https:\/\/weltlaeden.de\/mosbach\/ueber-uns\/","title":{"rendered":"\u00dcber uns"},"content":{"rendered":"<div class=\"wpb-content-wrapper\"><p>[vc_row][vc_column]<div class=\"wl_einzelbild\"><p><img loading=\"lazy\" decoding=\"async\" class=\"alignnone wp-image-469\" src=\"https:\/\/weltlaeden.de\/mosbach\/wp-content\/uploads\/sites\/125\/2020\/02\/20191101_111146-e1584556674294-300x148.jpg\" alt=\"\" width=\"774\" height=\"382\" srcset=\"https:\/\/weltlaeden.de\/mosbach\/wp-content\/uploads\/sites\/125\/2020\/02\/20191101_111146-e1584556674294-300x148.jpg 300w, https:\/\/weltlaeden.de\/mosbach\/wp-content\/uploads\/sites\/125\/2020\/02\/20191101_111146-e1584556674294-768x378.jpg 768w, https:\/\/weltlaeden.de\/mosbach\/wp-content\/uploads\/sites\/125\/2020\/02\/20191101_111146-e1584556674294-1024x504.jpg 1024w, https:\/\/weltlaeden.de\/mosbach\/wp-content\/uploads\/sites\/125\/2020\/02\/20191101_111146-e1584556674294.jpg 1333w\" sizes=\"auto, (max-width: 774px) 100vw, 774px\" \/><\/p><\/div>[vc_empty_space][vc_column_text]<\/p>\n<h1>\u00dcber den Weltladen Mosbach<\/h1>\n<p>[\/vc_column_text][vc_column_text]Tr\u00e4ger des Weltladen Mosbach ist der Verein <strong>&#8222;Partnerschaft In Einer Welt e.V.&#8220;<\/strong><img loading=\"lazy\" decoding=\"async\" class=\" wp-image-477 alignright\" src=\"https:\/\/weltlaeden.de\/mosbach\/wp-content\/uploads\/sites\/125\/2020\/02\/EineWelt_Logo_Endversion_3DWeltkarte-291x300.png\" alt=\"\" width=\"192\" height=\"198\" srcset=\"https:\/\/weltlaeden.de\/mosbach\/wp-content\/uploads\/sites\/125\/2020\/02\/EineWelt_Logo_Endversion_3DWeltkarte-291x300.png 291w, https:\/\/weltlaeden.de\/mosbach\/wp-content\/uploads\/sites\/125\/2020\/02\/EineWelt_Logo_Endversion_3DWeltkarte.png 364w\" sizes=\"auto, (max-width: 192px) 100vw, 192px\" \/><br \/>\n<a href=\"http:\/\/www.pow-mosbach.de\">http:\/\/www.pow-mosbach.de<\/a><\/p>\n<p>Am 10.11.1993 wurde der Verein \u201ePartnerschaft In Einer Welt\u201c gegr\u00fcndet und am 07.03.1994 ins Vereinsregister eingetragen. Der Verein arbeitet unabh\u00e4ngig von einer Kirche oder Partei daran, Partnerschaft in einer Welt, internationale Gesinnung, Toleranz und V\u00f6lkerverst\u00e4ndigung zu erm\u00f6glichen und zu f\u00f6rdern. Zu diesem Zweck engagieren sich Menschen aller Altersgruppen in unserem Verein und seinen vielseitigen T\u00e4tigkeitsfeldern.<\/p>\n<p>Im <strong>Januar 1995<\/strong> hat dann eine kleine Gruppe engagierter Menschen den Schritt gewagt, einen kleinen Laden zu er\u00f6ffnen, der damals noch Weltladen-Ecke hie\u00df. Im Oktober <strong>2004<\/strong> sind war dann in einen gr\u00f6\u00dferen Laden umgezogen. Und wieder im Oktober, diesmal<strong> 2019<\/strong>, sind wir n\u00e4her in Richtung Fu\u00dfg\u00e4ngerzone in unser jetziges gr\u00f6\u00dferes und helleres Ladengesch\u00e4ft in die <strong>Kesslergasse 1<\/strong> umgezogen. Ca. 25 engagierte Menschen verkaufen ehrenamtlich Waren aus dem Fairen Handel und beraten freundlich und kompetent.<\/p>\n<p>In der Ludwig-Erhard-Schule (LES) Mosbach gibt es als Filiale einen <strong>Schulweltladen<\/strong>, der in den Pausen und im Lehrerzimmer fair gehandelte Produkte verkauft. Die Sch\u00fcler*innen erhalten im Unterricht eine Schulung \u00fcber Fairen Handel, erlernen das WLP-Kassenprogramm und werden im Verkauf geschult. Ihr Praktikum machen sie in unserem Hauptgesch\u00e4ft in der Kesslergasse.[\/vc_column_text][\/vc_column][\/vc_row][vc_row][vc_column][vc_empty_space][vc_column_text]<\/p>\n<h1>Mitmachen im Weltladen Mosbach<\/h1>\n<p>[\/vc_column_text][vc_column_text]<strong>Wir suchen<\/strong> Menschen, die Lust haben, sich ehrenamtlich f\u00fcr eine offene, transparente, \u00f6kologische und nachhaltige Form des Wirtschaftens zu engagieren. Ob im Verkauf, der Informations- oder Bildungsarbeit &#8211; die M\u00f6glichkeiten, in unserem Team mitzumachen sind vielf\u00e4ltig und lassen sich bestimmt auch in Deinen Alltag integrieren! Neben regelm\u00e4\u00dfigen Aufgaben gibt es bei uns auch immer wieder einzelne zeitlich befristete Projekte, f\u00fcr die wir Unterst\u00fctzer*innen suchen. Viele Aufgaben erfordern keine speziellen Vorkenntnisse, sondern nur Deine Bereitschaft, Deine F\u00e4higkeiten einzubringen und eventuell in neuen Bereichen dazuzulernen.<\/p>\n<p><strong>Wir bieten<\/strong> ein nettes Team aus Engagierten mit vielf\u00e4ltigen M\u00f6glichkeiten, sich selbst einzubringen. Eine Gemeinschaft, die Dich herzlich aufnimmt, einarbeitet und bei Fragen zur Verf\u00fcgung steht. Fortbildungsm\u00f6glichkeiten nach Deinen Interessen und Aufgaben.<\/p>\n<p><strong>Ansprechpartnerin:<\/strong><br \/>\nUlrike Paeper 06261 6395090<\/p>\n<p><strong>Wir freuen uns auf Dich!<\/strong>[\/vc_column_text][\/vc_column][\/vc_row]<\/p>\n<\/div>","protected":false},"excerpt":{"rendered":"<p>[vc_row][vc_column][vc_empty_space][vc_column_text] \u00dcber den Weltladen Mosbach [\/vc_column_text][vc_column_text]Tr\u00e4ger des Weltladen Mosbach ist der Verein &#8222;Partnerschaft In Einer Welt e.V.&#8220; http:\/\/www.pow-mosbach.de Am 10.11.1993 wurde der Verein \u201ePartnerschaft In Einer Welt\u201c gegr\u00fcndet und am 07.03.1994 ins Vereinsregister eingetragen. Der Verein arbeitet unabh\u00e4ngig von einer Kirche oder Partei daran, Partnerschaft in einer Welt, internationale Gesinnung, Toleranz und V\u00f6lkerverst\u00e4ndigung zu erm\u00f6glichen&hellip;<\/p>\n","protected":false},"author":1,"featured_media":0,"parent":0,"menu_order":4,"comment_status":"closed","ping_status":"closed","template":"","meta":{"footnotes":""},"class_list":["post-219","page","type-page","status-publish","hentry","description-off"],"yoast_head":"<!-- This site is optimized with the Yoast SEO plugin v26.8 - https:\/\/yoast.com\/product\/yoast-seo-wordpress\/ -->\n<title>\u00dcber uns - Weltladen Mosbach<\/title>\n<meta name=\"robots\" content=\"index, follow, max-snippet:-1, max-image-preview:large, max-video-preview:-1\" \/>\n<link rel=\"canonical\" href=\"https:\/\/weltlaeden.de\/mosbach\/ueber-uns\/\" \/>\n<meta property=\"og:locale\" content=\"de_DE\" \/>\n<meta property=\"og:type\" content=\"article\" \/>\n<meta property=\"og:title\" content=\"\u00dcber uns - Weltladen Mosbach\" \/>\n<meta property=\"og:description\" content=\"[vc_row][vc_column][vc_empty_space][vc_column_text] \u00dcber den Weltladen Mosbach [\/vc_column_text][vc_column_text]Tr\u00e4ger des Weltladen Mosbach ist der Verein &#8222;Partnerschaft In Einer Welt e.V.&#8220; http:\/\/www.pow-mosbach.de Am 10.11.1993 wurde der Verein \u201ePartnerschaft In Einer Welt\u201c gegr\u00fcndet und am 07.03.1994 ins Vereinsregister eingetragen. Der Verein arbeitet unabh\u00e4ngig von einer Kirche oder Partei daran, Partnerschaft in einer Welt, internationale Gesinnung, Toleranz und V\u00f6lkerverst\u00e4ndigung zu erm\u00f6glichen&hellip;\" \/>\n<meta property=\"og:url\" content=\"https:\/\/weltlaeden.de\/mosbach\/ueber-uns\/\" \/>\n<meta property=\"og:site_name\" content=\"Weltladen Mosbach\" \/>\n<meta property=\"article:modified_time\" content=\"2022-05-14T15:34:01+00:00\" \/>\n<meta property=\"og:image\" content=\"https:\/\/weltlaeden.de\/mosbach\/wp-content\/uploads\/sites\/125\/2020\/02\/20191101_111146-e1584556674294-300x148.jpg\" \/>\n<meta name=\"twitter:card\" content=\"summary_large_image\" \/>\n<meta name=\"twitter:label1\" content=\"Gesch\u00e4tzte Lesezeit\" \/>\n\t<meta name=\"twitter:data1\" content=\"2\u00a0Minuten\" \/>\n<script type=\"application\/ld+json\" class=\"yoast-schema-graph\">{\"@context\":\"https:\/\/schema.org\",\"@graph\":[{\"@type\":\"WebPage\",\"@id\":\"https:\/\/weltlaeden.de\/mosbach\/ueber-uns\/\",\"url\":\"https:\/\/weltlaeden.de\/mosbach\/ueber-uns\/\",\"name\":\"\u00dcber uns - Weltladen Mosbach\",\"isPartOf\":{\"@id\":\"https:\/\/weltlaeden.de\/mosbach\/#website\"},\"primaryImageOfPage\":{\"@id\":\"https:\/\/weltlaeden.de\/mosbach\/ueber-uns\/#primaryimage\"},\"image\":{\"@id\":\"https:\/\/weltlaeden.de\/mosbach\/ueber-uns\/#primaryimage\"},\"thumbnailUrl\":\"https:\/\/weltlaeden.de\/mosbach\/wp-content\/uploads\/sites\/125\/2020\/02\/20191101_111146-e1584556674294-300x148.jpg\",\"datePublished\":\"2016-10-28T11:34:47+00:00\",\"dateModified\":\"2022-05-14T15:34:01+00:00\",\"breadcrumb\":{\"@id\":\"https:\/\/weltlaeden.de\/mosbach\/ueber-uns\/#breadcrumb\"},\"inLanguage\":\"de\",\"potentialAction\":[{\"@type\":\"ReadAction\",\"target\":[\"https:\/\/weltlaeden.de\/mosbach\/ueber-uns\/\"]}]},{\"@type\":\"ImageObject\",\"inLanguage\":\"de\",\"@id\":\"https:\/\/weltlaeden.de\/mosbach\/ueber-uns\/#primaryimage\",\"url\":\"https:\/\/weltlaeden.de\/mosbach\/wp-content\/uploads\/sites\/125\/2020\/02\/20191101_111146-e1584556674294.jpg\",\"contentUrl\":\"https:\/\/weltlaeden.de\/mosbach\/wp-content\/uploads\/sites\/125\/2020\/02\/20191101_111146-e1584556674294.jpg\",\"width\":1333,\"height\":656},{\"@type\":\"BreadcrumbList\",\"@id\":\"https:\/\/weltlaeden.de\/mosbach\/ueber-uns\/#breadcrumb\",\"itemListElement\":[{\"@type\":\"ListItem\",\"position\":1,\"name\":\"Startseite\",\"item\":\"https:\/\/weltlaeden.de\/mosbach\/\"},{\"@type\":\"ListItem\",\"position\":2,\"name\":\"\u00dcber uns\"}]},{\"@type\":\"WebSite\",\"@id\":\"https:\/\/weltlaeden.de\/mosbach\/#website\",\"url\":\"https:\/\/weltlaeden.de\/mosbach\/\",\"name\":\"Weltladen Mosbach\",\"description\":\"Faire Produkte seit 1990\",\"potentialAction\":[{\"@type\":\"SearchAction\",\"target\":{\"@type\":\"EntryPoint\",\"urlTemplate\":\"https:\/\/weltlaeden.de\/mosbach\/?s={search_term_string}\"},\"query-input\":{\"@type\":\"PropertyValueSpecification\",\"valueRequired\":true,\"valueName\":\"search_term_string\"}}],\"inLanguage\":\"de\"}]}<\/script>\n<!-- \/ Yoast SEO plugin. -->","yoast_head_json":{"title":"\u00dcber uns - Weltladen Mosbach","robots":{"index":"index","follow":"follow","max-snippet":"max-snippet:-1","max-image-preview":"max-image-preview:large","max-video-preview":"max-video-preview:-1"},"canonical":"https:\/\/weltlaeden.de\/mosbach\/ueber-uns\/","og_locale":"de_DE","og_type":"article","og_title":"\u00dcber uns - Weltladen Mosbach","og_description":"[vc_row][vc_column][vc_empty_space][vc_column_text] \u00dcber den Weltladen Mosbach [\/vc_column_text][vc_column_text]Tr\u00e4ger des Weltladen Mosbach ist der Verein &#8222;Partnerschaft In Einer Welt e.V.&#8220; http:\/\/www.pow-mosbach.de Am 10.11.1993 wurde der Verein \u201ePartnerschaft In Einer Welt\u201c gegr\u00fcndet und am 07.03.1994 ins Vereinsregister eingetragen. Der Verein arbeitet unabh\u00e4ngig von einer Kirche oder Partei daran, Partnerschaft in einer Welt, internationale Gesinnung, Toleranz und V\u00f6lkerverst\u00e4ndigung zu erm\u00f6glichen&hellip;","og_url":"https:\/\/weltlaeden.de\/mosbach\/ueber-uns\/","og_site_name":"Weltladen Mosbach","article_modified_time":"2022-05-14T15:34:01+00:00","og_image":[{"url":"https:\/\/weltlaeden.de\/mosbach\/wp-content\/uploads\/sites\/125\/2020\/02\/20191101_111146-e1584556674294-300x148.jpg","type":"","width":"","height":""}],"twitter_card":"summary_large_image","twitter_misc":{"Gesch\u00e4tzte Lesezeit":"2\u00a0Minuten"},"schema":{"@context":"https:\/\/schema.org","@graph":[{"@type":"WebPage","@id":"https:\/\/weltlaeden.de\/mosbach\/ueber-uns\/","url":"https:\/\/weltlaeden.de\/mosbach\/ueber-uns\/","name":"\u00dcber uns - Weltladen Mosbach","isPartOf":{"@id":"https:\/\/weltlaeden.de\/mosbach\/#website"},"primaryImageOfPage":{"@id":"https:\/\/weltlaeden.de\/mosbach\/ueber-uns\/#primaryimage"},"image":{"@id":"https:\/\/weltlaeden.de\/mosbach\/ueber-uns\/#primaryimage"},"thumbnailUrl":"https:\/\/weltlaeden.de\/mosbach\/wp-content\/uploads\/sites\/125\/2020\/02\/20191101_111146-e1584556674294-300x148.jpg","datePublished":"2016-10-28T11:34:47+00:00","dateModified":"2022-05-14T15:34:01+00:00","breadcrumb":{"@id":"https:\/\/weltlaeden.de\/mosbach\/ueber-uns\/#breadcrumb"},"inLanguage":"de","potentialAction":[{"@type":"ReadAction","target":["https:\/\/weltlaeden.de\/mosbach\/ueber-uns\/"]}]},{"@type":"ImageObject","inLanguage":"de","@id":"https:\/\/weltlaeden.de\/mosbach\/ueber-uns\/#primaryimage","url":"https:\/\/weltlaeden.de\/mosbach\/wp-content\/uploads\/sites\/125\/2020\/02\/20191101_111146-e1584556674294.jpg","contentUrl":"https:\/\/weltlaeden.de\/mosbach\/wp-content\/uploads\/sites\/125\/2020\/02\/20191101_111146-e1584556674294.jpg","width":1333,"height":656},{"@type":"BreadcrumbList","@id":"https:\/\/weltlaeden.de\/mosbach\/ueber-uns\/#breadcrumb","itemListElement":[{"@type":"ListItem","position":1,"name":"Startseite","item":"https:\/\/weltlaeden.de\/mosbach\/"},{"@type":"ListItem","position":2,"name":"\u00dcber uns"}]},{"@type":"WebSite","@id":"https:\/\/weltlaeden.de\/mosbach\/#website","url":"https:\/\/weltlaeden.de\/mosbach\/","name":"Weltladen Mosbach","description":"Faire Produkte seit 1990","potentialAction":[{"@type":"SearchAction","target":{"@type":"EntryPoint","urlTemplate":"https:\/\/weltlaeden.de\/mosbach\/?s={search_term_string}"},"query-input":{"@type":"PropertyValueSpecification","valueRequired":true,"valueName":"search_term_string"}}],"inLanguage":"de"}]}},"_links":{"self":[{"href":"https:\/\/weltlaeden.de\/mosbach\/wp-json\/wp\/v2\/pages\/219","targetHints":{"allow":["GET"]}}],"collection":[{"href":"https:\/\/weltlaeden.de\/mosbach\/wp-json\/wp\/v2\/pages"}],"about":[{"href":"https:\/\/weltlaeden.de\/mosbach\/wp-json\/wp\/v2\/types\/page"}],"author":[{"embeddable":true,"href":"https:\/\/weltlaeden.de\/mosbach\/wp-json\/wp\/v2\/users\/1"}],"replies":[{"embeddable":true,"href":"https:\/\/weltlaeden.de\/mosbach\/wp-json\/wp\/v2\/comments?post=219"}],"version-history":[{"count":22,"href":"https:\/\/weltlaeden.de\/mosbach\/wp-json\/wp\/v2\/pages\/219\/revisions"}],"predecessor-version":[{"id":879,"href":"https:\/\/weltlaeden.de\/mosbach\/wp-json\/wp\/v2\/pages\/219\/revisions\/879"}],"wp:attachment":[{"href":"https:\/\/weltlaeden.de\/mosbach\/wp-json\/wp\/v2\/media?parent=219"}],"curies":[{"name":"wp","href":"https:\/\/api.w.org\/{rel}","templated":true}]}}