{"id":217,"date":"2016-10-28T13:34:47","date_gmt":"2016-10-28T11:34:47","guid":{"rendered":"https:\/\/wl.heimpixel.de\/vorlage\/produkte\/"},"modified":"2021-07-09T12:41:40","modified_gmt":"2021-07-09T10:41:40","slug":"produkte","status":"publish","type":"page","link":"https:\/\/weltlaeden.de\/mosbach\/produkte\/","title":{"rendered":"Produkte"},"content":{"rendered":"<div class=\"wpb-content-wrapper\"><p>[vc_row][vc_column]<div class=\"wl_einzelbild\"><p><img loading=\"lazy\" decoding=\"async\" class=\"alignnone wp-image-508\" src=\"https:\/\/weltlaeden.de\/mosbach\/wp-content\/uploads\/sites\/125\/2020\/03\/20191018_125739-300x225.jpg\" alt=\"\" width=\"373\" height=\"280\" srcset=\"https:\/\/weltlaeden.de\/mosbach\/wp-content\/uploads\/sites\/125\/2020\/03\/20191018_125739-300x225.jpg 300w, https:\/\/weltlaeden.de\/mosbach\/wp-content\/uploads\/sites\/125\/2020\/03\/20191018_125739-768x576.jpg 768w, https:\/\/weltlaeden.de\/mosbach\/wp-content\/uploads\/sites\/125\/2020\/03\/20191018_125739-1024x768.jpg 1024w, https:\/\/weltlaeden.de\/mosbach\/wp-content\/uploads\/sites\/125\/2020\/03\/20191018_125739.jpg 1920w\" sizes=\"auto, (max-width: 373px) 100vw, 373px\" \/>\u00a0 <img loading=\"lazy\" decoding=\"async\" class=\"alignnone wp-image-487\" src=\"https:\/\/weltlaeden.de\/mosbach\/wp-content\/uploads\/sites\/125\/2020\/03\/20191018_125707-300x225.jpg\" alt=\"\" width=\"374\" height=\"281\" srcset=\"https:\/\/weltlaeden.de\/mosbach\/wp-content\/uploads\/sites\/125\/2020\/03\/20191018_125707-300x225.jpg 300w, https:\/\/weltlaeden.de\/mosbach\/wp-content\/uploads\/sites\/125\/2020\/03\/20191018_125707-768x576.jpg 768w, https:\/\/weltlaeden.de\/mosbach\/wp-content\/uploads\/sites\/125\/2020\/03\/20191018_125707-1024x768.jpg 1024w, https:\/\/weltlaeden.de\/mosbach\/wp-content\/uploads\/sites\/125\/2020\/03\/20191018_125707.jpg 1920w\" sizes=\"auto, (max-width: 374px) 100vw, 374px\" \/><\/p><\/div>[vc_empty_space][vc_column_text]<\/p>\n<h1>Unser Sortiment<\/h1>\n<p>[\/vc_column_text][vc_column_text]Hier k\u00f6nntet Ihr z.B. auflisten von welchen Fair-Handels-Importeuren Ihr haupts\u00e4chlich Ware f\u00fchrt.<\/p>\n<p>Auch besondere Konditionen f\u00fcr Gro\u00dfverbraucher oder Stammkunden k\u00f6nnten hier beworben werden.<\/p>\n<p>Habt Ihr vielleicht sogar einen Lieferservice? Oder kann man bei Euch aus den Katalogen der Importeure einzelne Artikel bestellen, auch wenn Ihr Sie nicht im Laden habt? Alle Konditionen und M\u00f6glichkeiten beim Verkauf finden hier ihren Platz.[\/vc_column_text][vc_empty_space][vc_row_inner][vc_column_inner width=&#8220;1\/2&#8243;][vc_column_text]<\/p>\n<h2>Lebensmittel<\/h2>\n<p>[\/vc_column_text]<div class=\"wl_einzelbild\"><p><img loading=\"lazy\" decoding=\"async\" class=\"aligncenter size-full wp-image-nsm-3-26\" src=\"https:\/\/weltlaeden.de\/mosbach\/wp-content\/uploads\/sites\/3\/2018\/05\/Lebensmittel_WL-Bornheim-Christian-Schilling.jpg\" alt=\"\" width=\"600\" height=\"402\" \/><\/p><\/div>[vc_column_text]Hier bietet es sich an, das eigene Kernsortiment in wenigen S\u00e4tzen zu beschreiben. Um diese Seite nicht permanent aktualisieren zu m\u00fcssen, k\u00f6nnt Ihr z.B. auch nur die einzelnen Warengruppen wie Kaffee, Tee, Honig, Schokolade, usw. auflisten.[\/vc_column_text][\/vc_column_inner][vc_column_inner width=&#8220;1\/2&#8243;][vc_column_text]<\/p>\n<h2>Kunsthandwerk &amp; Textilien<\/h2>\n<p>[\/vc_column_text]<div class=\"wl_einzelbild\"><p><img loading=\"lazy\" decoding=\"async\" class=\"aligncenter size-full wp-image-nsm-3-18\" src=\"https:\/\/weltlaeden.de\/mosbach\/wp-content\/uploads\/sites\/3\/2016\/11\/NonFoodweltladen31.jpg\" alt=\"\" width=\"600\" height=\"402\" \/><\/p><\/div>[vc_column_text]Genauso wie bei den Lebensmitteln k\u00f6nntet Ihr hier Euer Non-Food Sortiment kurz beschreiben.[\/vc_column_text][\/vc_column_inner][\/vc_row_inner][\/vc_column][\/vc_row]<\/p>\n<\/div>","protected":false},"excerpt":{"rendered":"<p>[vc_row][vc_column][vc_empty_space][vc_column_text] Unser Sortiment [\/vc_column_text][vc_column_text]Hier k\u00f6nntet Ihr z.B. auflisten von welchen Fair-Handels-Importeuren Ihr haupts\u00e4chlich Ware f\u00fchrt. Auch besondere Konditionen f\u00fcr Gro\u00dfverbraucher oder Stammkunden k\u00f6nnten hier beworben werden. Habt Ihr vielleicht sogar einen Lieferservice? Oder kann man bei Euch aus den Katalogen der Importeure einzelne Artikel bestellen, auch wenn Ihr Sie nicht im Laden habt? Alle Konditionen&hellip;<\/p>\n","protected":false},"author":1,"featured_media":0,"parent":0,"menu_order":8,"comment_status":"closed","ping_status":"closed","template":"","meta":{"footnotes":""},"class_list":["post-217","page","type-page","status-publish","hentry","description-off"],"yoast_head":"<!-- This site is optimized with the Yoast SEO plugin v26.8 - https:\/\/yoast.com\/product\/yoast-seo-wordpress\/ -->\n<title>Produkte - Weltladen Mosbach<\/title>\n<meta name=\"robots\" content=\"index, follow, max-snippet:-1, max-image-preview:large, max-video-preview:-1\" \/>\n<link rel=\"canonical\" href=\"https:\/\/weltlaeden.de\/mosbach\/produkte\/\" \/>\n<meta property=\"og:locale\" content=\"de_DE\" \/>\n<meta property=\"og:type\" content=\"article\" \/>\n<meta property=\"og:title\" content=\"Produkte - Weltladen Mosbach\" \/>\n<meta property=\"og:description\" content=\"[vc_row][vc_column][vc_empty_space][vc_column_text] Unser Sortiment [\/vc_column_text][vc_column_text]Hier k\u00f6nntet Ihr z.B. auflisten von welchen Fair-Handels-Importeuren Ihr haupts\u00e4chlich Ware f\u00fchrt. Auch besondere Konditionen f\u00fcr Gro\u00dfverbraucher oder Stammkunden k\u00f6nnten hier beworben werden. Habt Ihr vielleicht sogar einen Lieferservice? Oder kann man bei Euch aus den Katalogen der Importeure einzelne Artikel bestellen, auch wenn Ihr Sie nicht im Laden habt? Alle Konditionen&hellip;\" \/>\n<meta property=\"og:url\" content=\"https:\/\/weltlaeden.de\/mosbach\/produkte\/\" \/>\n<meta property=\"og:site_name\" content=\"Weltladen Mosbach\" \/>\n<meta property=\"article:modified_time\" content=\"2021-07-09T10:41:40+00:00\" \/>\n<meta property=\"og:image\" content=\"https:\/\/weltlaeden.de\/mosbach\/wp-content\/uploads\/sites\/125\/2020\/03\/20191018_125739-300x225.jpg\" \/>\n<meta name=\"twitter:card\" content=\"summary_large_image\" \/>\n<meta name=\"twitter:label1\" content=\"Gesch\u00e4tzte Lesezeit\" \/>\n\t<meta name=\"twitter:data1\" content=\"1\u00a0Minute\" \/>\n<script type=\"application\/ld+json\" class=\"yoast-schema-graph\">{\"@context\":\"https:\/\/schema.org\",\"@graph\":[{\"@type\":\"WebPage\",\"@id\":\"https:\/\/weltlaeden.de\/mosbach\/produkte\/\",\"url\":\"https:\/\/weltlaeden.de\/mosbach\/produkte\/\",\"name\":\"Produkte - Weltladen Mosbach\",\"isPartOf\":{\"@id\":\"https:\/\/weltlaeden.de\/mosbach\/#website\"},\"primaryImageOfPage\":{\"@id\":\"https:\/\/weltlaeden.de\/mosbach\/produkte\/#primaryimage\"},\"image\":{\"@id\":\"https:\/\/weltlaeden.de\/mosbach\/produkte\/#primaryimage\"},\"thumbnailUrl\":\"https:\/\/weltlaeden.de\/mosbach\/wp-content\/uploads\/sites\/125\/2020\/03\/20191018_125739-300x225.jpg\",\"datePublished\":\"2016-10-28T11:34:47+00:00\",\"dateModified\":\"2021-07-09T10:41:40+00:00\",\"breadcrumb\":{\"@id\":\"https:\/\/weltlaeden.de\/mosbach\/produkte\/#breadcrumb\"},\"inLanguage\":\"de\",\"potentialAction\":[{\"@type\":\"ReadAction\",\"target\":[\"https:\/\/weltlaeden.de\/mosbach\/produkte\/\"]}]},{\"@type\":\"ImageObject\",\"inLanguage\":\"de\",\"@id\":\"https:\/\/weltlaeden.de\/mosbach\/produkte\/#primaryimage\",\"url\":\"https:\/\/weltlaeden.de\/mosbach\/wp-content\/uploads\/sites\/125\/2020\/03\/20191018_125739.jpg\",\"contentUrl\":\"https:\/\/weltlaeden.de\/mosbach\/wp-content\/uploads\/sites\/125\/2020\/03\/20191018_125739.jpg\",\"width\":1920,\"height\":1440},{\"@type\":\"BreadcrumbList\",\"@id\":\"https:\/\/weltlaeden.de\/mosbach\/produkte\/#breadcrumb\",\"itemListElement\":[{\"@type\":\"ListItem\",\"position\":1,\"name\":\"Startseite\",\"item\":\"https:\/\/weltlaeden.de\/mosbach\/\"},{\"@type\":\"ListItem\",\"position\":2,\"name\":\"Produkte\"}]},{\"@type\":\"WebSite\",\"@id\":\"https:\/\/weltlaeden.de\/mosbach\/#website\",\"url\":\"https:\/\/weltlaeden.de\/mosbach\/\",\"name\":\"Weltladen Mosbach\",\"description\":\"Faire Produkte seit 1990\",\"potentialAction\":[{\"@type\":\"SearchAction\",\"target\":{\"@type\":\"EntryPoint\",\"urlTemplate\":\"https:\/\/weltlaeden.de\/mosbach\/?s={search_term_string}\"},\"query-input\":{\"@type\":\"PropertyValueSpecification\",\"valueRequired\":true,\"valueName\":\"search_term_string\"}}],\"inLanguage\":\"de\"}]}<\/script>\n<!-- \/ Yoast SEO plugin. -->","yoast_head_json":{"title":"Produkte - Weltladen Mosbach","robots":{"index":"index","follow":"follow","max-snippet":"max-snippet:-1","max-image-preview":"max-image-preview:large","max-video-preview":"max-video-preview:-1"},"canonical":"https:\/\/weltlaeden.de\/mosbach\/produkte\/","og_locale":"de_DE","og_type":"article","og_title":"Produkte - Weltladen Mosbach","og_description":"[vc_row][vc_column][vc_empty_space][vc_column_text] Unser Sortiment [\/vc_column_text][vc_column_text]Hier k\u00f6nntet Ihr z.B. auflisten von welchen Fair-Handels-Importeuren Ihr haupts\u00e4chlich Ware f\u00fchrt. Auch besondere Konditionen f\u00fcr Gro\u00dfverbraucher oder Stammkunden k\u00f6nnten hier beworben werden. Habt Ihr vielleicht sogar einen Lieferservice? Oder kann man bei Euch aus den Katalogen der Importeure einzelne Artikel bestellen, auch wenn Ihr Sie nicht im Laden habt? Alle Konditionen&hellip;","og_url":"https:\/\/weltlaeden.de\/mosbach\/produkte\/","og_site_name":"Weltladen Mosbach","article_modified_time":"2021-07-09T10:41:40+00:00","og_image":[{"url":"https:\/\/weltlaeden.de\/mosbach\/wp-content\/uploads\/sites\/125\/2020\/03\/20191018_125739-300x225.jpg","type":"","width":"","height":""}],"twitter_card":"summary_large_image","twitter_misc":{"Gesch\u00e4tzte Lesezeit":"1\u00a0Minute"},"schema":{"@context":"https:\/\/schema.org","@graph":[{"@type":"WebPage","@id":"https:\/\/weltlaeden.de\/mosbach\/produkte\/","url":"https:\/\/weltlaeden.de\/mosbach\/produkte\/","name":"Produkte - Weltladen Mosbach","isPartOf":{"@id":"https:\/\/weltlaeden.de\/mosbach\/#website"},"primaryImageOfPage":{"@id":"https:\/\/weltlaeden.de\/mosbach\/produkte\/#primaryimage"},"image":{"@id":"https:\/\/weltlaeden.de\/mosbach\/produkte\/#primaryimage"},"thumbnailUrl":"https:\/\/weltlaeden.de\/mosbach\/wp-content\/uploads\/sites\/125\/2020\/03\/20191018_125739-300x225.jpg","datePublished":"2016-10-28T11:34:47+00:00","dateModified":"2021-07-09T10:41:40+00:00","breadcrumb":{"@id":"https:\/\/weltlaeden.de\/mosbach\/produkte\/#breadcrumb"},"inLanguage":"de","potentialAction":[{"@type":"ReadAction","target":["https:\/\/weltlaeden.de\/mosbach\/produkte\/"]}]},{"@type":"ImageObject","inLanguage":"de","@id":"https:\/\/weltlaeden.de\/mosbach\/produkte\/#primaryimage","url":"https:\/\/weltlaeden.de\/mosbach\/wp-content\/uploads\/sites\/125\/2020\/03\/20191018_125739.jpg","contentUrl":"https:\/\/weltlaeden.de\/mosbach\/wp-content\/uploads\/sites\/125\/2020\/03\/20191018_125739.jpg","width":1920,"height":1440},{"@type":"BreadcrumbList","@id":"https:\/\/weltlaeden.de\/mosbach\/produkte\/#breadcrumb","itemListElement":[{"@type":"ListItem","position":1,"name":"Startseite","item":"https:\/\/weltlaeden.de\/mosbach\/"},{"@type":"ListItem","position":2,"name":"Produkte"}]},{"@type":"WebSite","@id":"https:\/\/weltlaeden.de\/mosbach\/#website","url":"https:\/\/weltlaeden.de\/mosbach\/","name":"Weltladen Mosbach","description":"Faire Produkte seit 1990","potentialAction":[{"@type":"SearchAction","target":{"@type":"EntryPoint","urlTemplate":"https:\/\/weltlaeden.de\/mosbach\/?s={search_term_string}"},"query-input":{"@type":"PropertyValueSpecification","valueRequired":true,"valueName":"search_term_string"}}],"inLanguage":"de"}]}},"_links":{"self":[{"href":"https:\/\/weltlaeden.de\/mosbach\/wp-json\/wp\/v2\/pages\/217","targetHints":{"allow":["GET"]}}],"collection":[{"href":"https:\/\/weltlaeden.de\/mosbach\/wp-json\/wp\/v2\/pages"}],"about":[{"href":"https:\/\/weltlaeden.de\/mosbach\/wp-json\/wp\/v2\/types\/page"}],"author":[{"embeddable":true,"href":"https:\/\/weltlaeden.de\/mosbach\/wp-json\/wp\/v2\/users\/1"}],"replies":[{"embeddable":true,"href":"https:\/\/weltlaeden.de\/mosbach\/wp-json\/wp\/v2\/comments?post=217"}],"version-history":[{"count":12,"href":"https:\/\/weltlaeden.de\/mosbach\/wp-json\/wp\/v2\/pages\/217\/revisions"}],"predecessor-version":[{"id":521,"href":"https:\/\/weltlaeden.de\/mosbach\/wp-json\/wp\/v2\/pages\/217\/revisions\/521"}],"wp:attachment":[{"href":"https:\/\/weltlaeden.de\/mosbach\/wp-json\/wp\/v2\/media?parent=217"}],"curies":[{"name":"wp","href":"https:\/\/api.w.org\/{rel}","templated":true}]}}