{"id":1361,"date":"2025-11-07T15:04:39","date_gmt":"2025-11-07T14:04:39","guid":{"rendered":"https:\/\/weltlaeden.de\/moessingen\/aktuelles-2\/"},"modified":"2025-11-07T15:08:04","modified_gmt":"2025-11-07T14:08:04","slug":"archiv_erlassjahr2025","status":"publish","type":"page","link":"https:\/\/weltlaeden.de\/moessingen\/archiv_erlassjahr2025\/","title":{"rendered":"Archiv Erlassjahr 2025"},"content":{"rendered":"<div class=\"wpb-content-wrapper\"><p>[vc_row][vc_column][vc_single_image image=&#8220;1310&#8243; img_size=&#8220;1013&#215;533&#8243; alignment=&#8220;center&#8220; css=&#8220;&#8220; image_hovers=&#8220;false&#8220;][vc_column_text css=&#8220;&#8220;]<\/p>\n<h1 class=\"article__headline\"><em><strong><span style=\"color: #747476\">Erlassjahr 2025: Turn Debt into Hope<\/span><\/strong><\/em><\/h1>\n<p class=\"article__teaser\"><span style=\"color: #747476\"><em>Die internationale Kampagne \u201eTurn Debt into Hope!\u201c wendet sich an Regierungen und multilaterale Finanzinstitutionen. Sie fordert, Staatsschuldenkrisen im Globalen S\u00fcden zu beenden, neue Krisen zu verhindern und daf\u00fcr entsprechende Verfahren unter dem Dach der Vereinten Nationen zu schaffen.<\/em><\/span><\/p>\n<div class=\"blocks__block block block--text usertext\">\n<p><span style=\"color: #747476\">Die Schuldenkrise im Globalen S\u00fcden spitzt sich weiter zu, und die Forderung nach einem umfassenden Schuldenerlass wird immer dringlicher. Als Mitglied des Weltladen-Dachverbandes unterst\u00fctzen wir vom Weltladen M\u00f6ssingen die Kampagne <\/span><span style=\"color: #f39800\"><strong><u>\u201e<a style=\"color: #f39800\" href=\"https:\/\/erlassjahr2025.de\/\" target=\"_blank\" rel=\"noopener\">Erlassjahr 2025: Turn Debt into Hope<\/a>\u201c<\/u><\/strong><\/span><span style=\"color: #747476\">, denn das Jahr 2025 bietet eine historische Chance, einen entscheidenden Schritt in Richtung globaler Finanzgerechtigkeit zu gehen. Mit der \u00d6ffnung der Heiligen Pforte durch Papst Franziskus am 24. Dezember 2024 begann das \u201eHeilige Jahr\u201c \u2013 ein Anlass, den viele zivilgesellschaftliche und kirchliche Organisationen nutzen, um sich f\u00fcr faire wirtschaftliche Strukturen einzusetzen. In der Tradition der erfolgreichen \u201eErla\u00dfjahr2000\u201c-Kampagne fordern wir gemeinsam mit einem breiten B\u00fcndnis, dass \u00fcberschuldeten L\u00e4ndern ein gerechter Neuanfang erm\u00f6glicht wird.<\/span><\/p>\n<h2><strong><span style=\"color: #f39800\">Gemeinsam f\u00fcr Hoffnung und Menschenw\u00fcrde eintreten<\/span><\/strong><\/h2>\n<p><span style=\"color: #747476\">Die <\/span><a href=\"https:\/\/turndebtintohope.caritas.org\/\" target=\"_blank\" rel=\"noopener\"><span style=\"color: #f39800\"><u>weltweite Kampagne\u00a0<\/u><\/span><strong><u><span style=\"color: #f39800\">\u201eTurn Debt into Hope\u201c<\/span><\/u><\/strong><\/a><span style=\"color: #747476\">, koordiniert von\u00a0<strong>Caritas Internationalis<\/strong>, vereint zahlreiche nationale B\u00fcndnisse \u2013 darunter in Gro\u00dfbritannien, Frankreich, Ungarn und Kanada \u2013 mit einem gemeinsamen Ziel: Bis zum\u00a0<strong>6. Januar 2026<\/strong>\u00a0sollen weltweit Unterschriften f\u00fcr faire Schuldenerlasse und ein internationales Staateninsolvenzverfahren gesammelt werden.<\/span><\/p>\n<p><span style=\"color: #747476\">In Deutschland wird die Kampagne\u00a0<strong>\u201eErlassjahr 2025 \u2013 Turn Debt into Hope\u201c<\/strong> von einem breiten zivilgesellschaftlichen B\u00fcndnis getragen. Auch wir vom Weltladen M\u00f6ssingen, als Mitglied des <strong>Weltladen-Dachverbandes,<\/strong>\u00a0setzen uns daf\u00fcr ein, dass \u00fcberschuldete L\u00e4nder eine faire Chance auf einen wirtschaftlichen Neuanfang erhalten. Doch daf\u00fcr braucht es politischen Druck!\u00a0<\/span><\/p>\n<\/div>\n<p>[\/vc_column_text][vc_single_image image=&#8220;1232&#8243; img_size=&#8220;1294&#215;136&#8243; alignment=&#8220;center&#8220; css=&#8220;&#8220;][vc_column_text css=&#8220;&#8220;]<\/p>\n<div class=\"blocks__block block block--text usertext\">\n<h2><span style=\"color: #f39800\"><strong>Unterzeichne auch Du die <\/strong><strong><span style=\"color: #f39800\"><a style=\"color: #f39800\" href=\"https:\/\/erlassjahr2025.de\/petition\/\"><u>Petition<\/u> <\/a><\/span>und fordere von Regierungen und multilateralen Finanzinstitutionen:<\/strong><\/span><\/h2>\n<p>&nbsp;<\/p>\n<\/div>\n<p><strong><em><span class=\"biglist__indicator\" style=\"color: #f39800\">1.\u00a0 <\/span><span style=\"color: #747476\">Schuldenkrise jetzt beenden:<\/span><\/em><\/strong><\/p>\n<p><span style=\"color: #747476\">\u00a0 \u00a0 \u00a0Illegitime und untragbare Schulden streichen ohne wirtschaftspolitische Auflagen!<\/span><\/p>\n<p><em><strong><span class=\"biglist__indicator\" style=\"color: #f39800\">2.\u00a0 <\/span><span style=\"color: #747476\">Ursachen von Schuldenkrisen angehen und globales Finanzsystem gerechter machen:<\/span><\/strong><\/em><\/p>\n<p><span style=\"color: #747476\">\u00a0 \u00a0 \u00a0Menschen und den Planeten in den Mittelpunkt stellen!<\/span><\/p>\n<p><em><strong><span class=\"biglist__indicator\" style=\"color: #f39800\">3.\u00a0 <\/span><span style=\"color: #747476\">Nachhaltige und faire L\u00f6sungen schaffen:<\/span><\/strong><\/em><\/p>\n<div class=\"biglist__description usertext\">\n<p><span style=\"color: #747476\">\u00a0 \u00a0 \u00a0Eine rechtsverbindliche Schuldenrahmenkonvention unter dem Dach der Vereinten Nationen <\/span><\/p>\n<p><span style=\"color: #747476\">\u00a0 \u00a0 \u00a0vereinbaren!<\/span><\/p>\n<h2><span style=\"color: #f39800\"><strong>Auch im Weltladen kann die Petition unterzeichnet werden!\u00a0<\/strong><\/span><\/h2>\n<\/div>\n<p>[\/vc_column_text][vc_single_image image=&#8220;1232&#8243; img_size=&#8220;1294&#215;136&#8243; alignment=&#8220;center&#8220; css=&#8220;&#8220;][\/vc_column][\/vc_row][vc_row][vc_column][vc_single_image image=&#8220;1296&#8243; img_size=&#8220;500&#215;333&#8243; alignment=&#8220;center&#8220; css=&#8220;&#8220; image_hovers=&#8220;false&#8220;][vc_column_text css=&#8220;&#8220;]<\/p>\n<div class=\"article__prehead\"><span style=\"color: #f39800\"><strong>Petition<\/strong><\/span><\/div>\n<h1 class=\"article__headline\"><strong><span style=\"color: #747476\"><em>Rettet mit uns das Lieferkettengesetz!<\/em><\/span><\/strong><\/h1>\n<p class=\"article__teaser\"><span style=\"color: #747476\"><em>Die Bundesregierung will das Lieferkettengesetz kippen \u2013 doch wir sagen: Keine Gewinne ohne Gewissen! \u00dcber 90 <span style=\"color: #747476\">Organisationen<\/span> reagieren mit einer Petition: F\u00fcr Menschenrechte und Umwelt statt R\u00fcckschritt! Jetzt informieren, unterschreiben und ein Zeichen setzen.<\/em><\/span><\/p>\n<p>[\/vc_column_text][vc_column_text css=&#8220;&#8220;]<\/p>\n<h2><span style=\"color: #f39800\">Das Lieferkettengesetz ist in Gefahr\u2026<\/span><\/h2>\n<p><span style=\"color: #747476\">Das Lieferkettengesetz sch\u00fctzt Menschen weltweit vor Ausbeutung \u2013 und die Umwelt vor Zerst\u00f6rung. Seit 2023 gilt es in Deutschland, im April 2024 folgte die EU-Richtlinie.<\/span><br \/>\n<span style=\"color: #747476\">Doch nun drohen R\u00fcckschritte: Die neue Bundesregierung will das Gesetz abschw\u00e4chen. Auf EU-Ebene versucht sie mit weiteren Regierungen und Lobbygruppen, die Richtlinie in entscheidenden Punkten zu entkernen. Der politische Wind hat sich gedreht. Jetzt braucht das Gesetz unsere Unterst\u00fctzung.<\/span>[\/vc_column_text][\/vc_column][\/vc_row][vc_row][vc_column][vc_column_text css=&#8220;&#8220;]<\/p>\n<h2><span style=\"color: #f39800\">\u2026 doch noch ist alles drin: Jetzt z\u00e4hlt unser Einsatz!<\/span><\/h2>\n<p><span style=\"color: #747476\">Noch ist nichts verloren. Im Koalitionsvertrag bekennt sich die Bundesregierung zur Umsetzung der EU-Richtlinie \u2013 das deutsche Lieferkettengesetz soll also nicht abgeschafft, sondern ersetzt werden. Und das bietet Chancen: Die neue EU-Richtlinie geht in Teilen weiter als das deutsche Gesetz und kann Menschenrechte, Umwelt und Klima noch wirksamer sch\u00fctzen. Jetzt kommt es darauf an, dass sie nicht verw\u00e4ssert, sondern kraftvoll umgesetzt wird \u2013 in ein starkes deutsches Lieferkettengesetz. Gemeinsam mit der\u00a0<a style=\"color: #747476\" href=\"https:\/\/lieferkettengesetz.de\/\" target=\"_blank\" rel=\"noopener\"><span style=\"color: #f39800\">Initiative Lieferkettengesetz<\/span><\/a> hat der Weltladen Dachverband deshalb diese Kampagne ins Leben gerufen. Wenn Sie diesem Link folgen, k\u00f6nnen Sie dort die Petition unterschreiben. Auch bei uns im Weltladen liegen Unterschriftenlisten aus &#8211; kommen Sie einfach vorbei.<\/span>[\/vc_column_text][vc_single_image image=&#8220;1297&#8243; img_size=&#8220;600&#215;229&#8243; alignment=&#8220;center&#8220; css=&#8220;&#8220;][\/vc_column][\/vc_row][vc_row][vc_column][vc_single_image image=&#8220;1232&#8243; img_size=&#8220;1294&#215;136&#8243; alignment=&#8220;center&#8220; css=&#8220;&#8220;][vc_column_text css=&#8220;&#8220;]<span style=\"color: #747476\">Aktuelle Einsch\u00e4tzungen, Hintergr\u00fcnde und weiterf\u00fchrende Informationen zum Lieferkettengesetz finden Sie auf der Seite der<a href=\"https:\/\/lieferkettengesetz.de\/\"><span style=\"color: #747476\">\u00a0<\/span><\/a><a href=\"https:\/\/lieferkettengesetz.de\/\" target=\"_blank\" rel=\"noopener\"><span style=\"color: #f39800\">Initiative Lieferkettengesetz<\/span><\/a><\/span>.[\/vc_column_text][vc_single_image image=&#8220;1232&#8243; img_size=&#8220;1294&#215;136&#8243; alignment=&#8220;center&#8220; css=&#8220;&#8220;][vc_column_text css=&#8220;&#8220;]<\/p>\n<h1 style=\"text-align: left\"><strong><span style=\"color: #737373\"><em>Archiv<\/em><\/span><\/strong><\/h1>\n<p><span style=\"color: #f39800\"><a href=\"https:\/\/weltlaeden.de\/moessingen\/archiv-wahlen2025\/\"><strong>Bundestagswahlen 2025 <\/strong><\/a><span style=\"color: #737373\">(23.02.2025)<\/span><\/span><\/p>\n<p><a href=\"https:\/\/weltlaeden.de\/moessingen\/weltfrauentag\/\"><strong>Weltfrauentag 2025<\/strong><\/a> (08.03.2025)<\/p>\n<p><a href=\"https:\/\/weltlaeden.de\/moessingen\/weltladentag2025\/\"><strong>Weltladentag 2025<\/strong><\/a> (10.05.2025)[\/vc_column_text][\/vc_column][\/vc_row]<\/p>\n<\/div>","protected":false},"excerpt":{"rendered":"<p>[vc_row][vc_column][vc_single_image image=&#8220;1310&#8243; img_size=&#8220;1013&#215;533&#8243; alignment=&#8220;center&#8220; css=&#8220;&#8220; image_hovers=&#8220;false&#8220;][vc_column_text css=&#8220;&#8220;] Erlassjahr 2025: Turn Debt into Hope Die internationale Kampagne \u201eTurn Debt into Hope!\u201c wendet sich an Regierungen und multilaterale Finanzinstitutionen. Sie fordert, Staatsschuldenkrisen im Globalen S\u00fcden zu beenden, neue Krisen zu verhindern und daf\u00fcr entsprechende Verfahren unter dem Dach der Vereinten Nationen zu schaffen. Die Schuldenkrise im Globalen&hellip;<\/p>\n","protected":false},"author":326,"featured_media":0,"parent":0,"menu_order":2,"comment_status":"closed","ping_status":"closed","template":"","meta":{"footnotes":""},"class_list":["post-1361","page","type-page","status-publish","hentry","description-off"],"yoast_head":"<!-- This site is optimized with the Yoast SEO plugin v26.8 - https:\/\/yoast.com\/product\/yoast-seo-wordpress\/ -->\n<title>Archiv Erlassjahr 2025 - Weltladen M\u00f6ssingen<\/title>\n<meta name=\"robots\" content=\"index, follow, max-snippet:-1, max-image-preview:large, max-video-preview:-1\" \/>\n<link rel=\"canonical\" href=\"https:\/\/weltlaeden.de\/moessingen\/archiv_erlassjahr2025\/\" \/>\n<meta property=\"og:locale\" content=\"de_DE\" \/>\n<meta property=\"og:type\" content=\"article\" \/>\n<meta property=\"og:title\" content=\"Archiv Erlassjahr 2025 - Weltladen M\u00f6ssingen\" \/>\n<meta property=\"og:description\" content=\"[vc_row][vc_column][vc_single_image image=&#8220;1310&#8243; img_size=&#8220;1013&#215;533&#8243; alignment=&#8220;center&#8220; css=&#8220;&#8220; image_hovers=&#8220;false&#8220;][vc_column_text css=&#8220;&#8220;] Erlassjahr 2025: Turn Debt into Hope Die internationale Kampagne \u201eTurn Debt into Hope!\u201c wendet sich an Regierungen und multilaterale Finanzinstitutionen. Sie fordert, Staatsschuldenkrisen im Globalen S\u00fcden zu beenden, neue Krisen zu verhindern und daf\u00fcr entsprechende Verfahren unter dem Dach der Vereinten Nationen zu schaffen. Die Schuldenkrise im Globalen&hellip;\" \/>\n<meta property=\"og:url\" content=\"https:\/\/weltlaeden.de\/moessingen\/archiv_erlassjahr2025\/\" \/>\n<meta property=\"og:site_name\" content=\"Weltladen M\u00f6ssingen\" \/>\n<meta property=\"article:modified_time\" content=\"2025-11-07T14:08:04+00:00\" \/>\n<meta name=\"twitter:card\" content=\"summary_large_image\" \/>\n<meta name=\"twitter:label1\" content=\"Gesch\u00e4tzte Lesezeit\" \/>\n\t<meta name=\"twitter:data1\" content=\"5\u00a0Minuten\" \/>\n<script type=\"application\/ld+json\" class=\"yoast-schema-graph\">{\"@context\":\"https:\/\/schema.org\",\"@graph\":[{\"@type\":\"WebPage\",\"@id\":\"https:\/\/weltlaeden.de\/moessingen\/archiv_erlassjahr2025\/\",\"url\":\"https:\/\/weltlaeden.de\/moessingen\/archiv_erlassjahr2025\/\",\"name\":\"Archiv Erlassjahr 2025 - Weltladen M\u00f6ssingen\",\"isPartOf\":{\"@id\":\"https:\/\/weltlaeden.de\/moessingen\/#website\"},\"datePublished\":\"2025-11-07T14:04:39+00:00\",\"dateModified\":\"2025-11-07T14:08:04+00:00\",\"breadcrumb\":{\"@id\":\"https:\/\/weltlaeden.de\/moessingen\/archiv_erlassjahr2025\/#breadcrumb\"},\"inLanguage\":\"de\",\"potentialAction\":[{\"@type\":\"ReadAction\",\"target\":[\"https:\/\/weltlaeden.de\/moessingen\/archiv_erlassjahr2025\/\"]}]},{\"@type\":\"BreadcrumbList\",\"@id\":\"https:\/\/weltlaeden.de\/moessingen\/archiv_erlassjahr2025\/#breadcrumb\",\"itemListElement\":[{\"@type\":\"ListItem\",\"position\":1,\"name\":\"Startseite\",\"item\":\"https:\/\/weltlaeden.de\/moessingen\/\"},{\"@type\":\"ListItem\",\"position\":2,\"name\":\"Archiv Erlassjahr 2025\"}]},{\"@type\":\"WebSite\",\"@id\":\"https:\/\/weltlaeden.de\/moessingen\/#website\",\"url\":\"https:\/\/weltlaeden.de\/moessingen\/\",\"name\":\"Weltladen M\u00f6ssingen\",\"description\":\"Faire Produkte seit 1990\",\"potentialAction\":[{\"@type\":\"SearchAction\",\"target\":{\"@type\":\"EntryPoint\",\"urlTemplate\":\"https:\/\/weltlaeden.de\/moessingen\/?s={search_term_string}\"},\"query-input\":{\"@type\":\"PropertyValueSpecification\",\"valueRequired\":true,\"valueName\":\"search_term_string\"}}],\"inLanguage\":\"de\"}]}<\/script>\n<!-- \/ Yoast SEO plugin. -->","yoast_head_json":{"title":"Archiv Erlassjahr 2025 - Weltladen M\u00f6ssingen","robots":{"index":"index","follow":"follow","max-snippet":"max-snippet:-1","max-image-preview":"max-image-preview:large","max-video-preview":"max-video-preview:-1"},"canonical":"https:\/\/weltlaeden.de\/moessingen\/archiv_erlassjahr2025\/","og_locale":"de_DE","og_type":"article","og_title":"Archiv Erlassjahr 2025 - Weltladen M\u00f6ssingen","og_description":"[vc_row][vc_column][vc_single_image image=&#8220;1310&#8243; img_size=&#8220;1013&#215;533&#8243; alignment=&#8220;center&#8220; css=&#8220;&#8220; image_hovers=&#8220;false&#8220;][vc_column_text css=&#8220;&#8220;] Erlassjahr 2025: Turn Debt into Hope Die internationale Kampagne \u201eTurn Debt into Hope!\u201c wendet sich an Regierungen und multilaterale Finanzinstitutionen. Sie fordert, Staatsschuldenkrisen im Globalen S\u00fcden zu beenden, neue Krisen zu verhindern und daf\u00fcr entsprechende Verfahren unter dem Dach der Vereinten Nationen zu schaffen. Die Schuldenkrise im Globalen&hellip;","og_url":"https:\/\/weltlaeden.de\/moessingen\/archiv_erlassjahr2025\/","og_site_name":"Weltladen M\u00f6ssingen","article_modified_time":"2025-11-07T14:08:04+00:00","twitter_card":"summary_large_image","twitter_misc":{"Gesch\u00e4tzte Lesezeit":"5\u00a0Minuten"},"schema":{"@context":"https:\/\/schema.org","@graph":[{"@type":"WebPage","@id":"https:\/\/weltlaeden.de\/moessingen\/archiv_erlassjahr2025\/","url":"https:\/\/weltlaeden.de\/moessingen\/archiv_erlassjahr2025\/","name":"Archiv Erlassjahr 2025 - Weltladen M\u00f6ssingen","isPartOf":{"@id":"https:\/\/weltlaeden.de\/moessingen\/#website"},"datePublished":"2025-11-07T14:04:39+00:00","dateModified":"2025-11-07T14:08:04+00:00","breadcrumb":{"@id":"https:\/\/weltlaeden.de\/moessingen\/archiv_erlassjahr2025\/#breadcrumb"},"inLanguage":"de","potentialAction":[{"@type":"ReadAction","target":["https:\/\/weltlaeden.de\/moessingen\/archiv_erlassjahr2025\/"]}]},{"@type":"BreadcrumbList","@id":"https:\/\/weltlaeden.de\/moessingen\/archiv_erlassjahr2025\/#breadcrumb","itemListElement":[{"@type":"ListItem","position":1,"name":"Startseite","item":"https:\/\/weltlaeden.de\/moessingen\/"},{"@type":"ListItem","position":2,"name":"Archiv Erlassjahr 2025"}]},{"@type":"WebSite","@id":"https:\/\/weltlaeden.de\/moessingen\/#website","url":"https:\/\/weltlaeden.de\/moessingen\/","name":"Weltladen M\u00f6ssingen","description":"Faire Produkte seit 1990","potentialAction":[{"@type":"SearchAction","target":{"@type":"EntryPoint","urlTemplate":"https:\/\/weltlaeden.de\/moessingen\/?s={search_term_string}"},"query-input":{"@type":"PropertyValueSpecification","valueRequired":true,"valueName":"search_term_string"}}],"inLanguage":"de"}]}},"_links":{"self":[{"href":"https:\/\/weltlaeden.de\/moessingen\/wp-json\/wp\/v2\/pages\/1361","targetHints":{"allow":["GET"]}}],"collection":[{"href":"https:\/\/weltlaeden.de\/moessingen\/wp-json\/wp\/v2\/pages"}],"about":[{"href":"https:\/\/weltlaeden.de\/moessingen\/wp-json\/wp\/v2\/types\/page"}],"author":[{"embeddable":true,"href":"https:\/\/weltlaeden.de\/moessingen\/wp-json\/wp\/v2\/users\/326"}],"replies":[{"embeddable":true,"href":"https:\/\/weltlaeden.de\/moessingen\/wp-json\/wp\/v2\/comments?post=1361"}],"version-history":[{"count":2,"href":"https:\/\/weltlaeden.de\/moessingen\/wp-json\/wp\/v2\/pages\/1361\/revisions"}],"predecessor-version":[{"id":1363,"href":"https:\/\/weltlaeden.de\/moessingen\/wp-json\/wp\/v2\/pages\/1361\/revisions\/1363"}],"wp:attachment":[{"href":"https:\/\/weltlaeden.de\/moessingen\/wp-json\/wp\/v2\/media?parent=1361"}],"curies":[{"name":"wp","href":"https:\/\/api.w.org\/{rel}","templated":true}]}}