{"id":1289,"date":"2025-05-23T16:09:06","date_gmt":"2025-05-23T14:09:06","guid":{"rendered":"https:\/\/weltlaeden.de\/moessingen\/aktuelles-2\/"},"modified":"2025-05-23T16:15:38","modified_gmt":"2025-05-23T14:15:38","slug":"weltladentag2025","status":"publish","type":"page","link":"https:\/\/weltlaeden.de\/moessingen\/weltladentag2025\/","title":{"rendered":"Weltladentag2025"},"content":{"rendered":"<div class=\"wpb-content-wrapper\"><p>[vc_row][vc_column][vc_column_text css=&#8220;&#8220;]<\/p>\n<h1>Weltladentag 2025<\/h1>\n<p>[\/vc_column_text][vc_column_text css=&#8220;&#8220;][\/vc_column_text][\/vc_column][\/vc_row][vc_row][vc_column][vc_single_image image=&#8220;1230&#8243; img_size=&#8220;full&#8220; alignment=&#8220;center&#8220; css=&#8220;&#8220; image_hovers=&#8220;false&#8220;][vc_column_text css=&#8220;&#8220;]<\/p>\n<div class=\"article__prehead\"><span style=\"color: #f39800\"><strong>Weltladentag 2025<\/strong><\/span><\/div>\n<h1><span style=\"color: #747475\"><em>Schoki f\u00fcrs Klima? Kauf ich euch ab!<\/em><\/span><\/h1>\n<p class=\"article__teaser\"><span style=\"color: #747475\"><em>Der Kakaoanbau wird durch den Klimawandel massiv bedroht. Ernteertr\u00e4ge gehen stark zur\u00fcck, das Einkommen von Kakaob\u00e4uer*innen ist gef\u00e4hrdet. Am 30. Weltladentag, am 10. Mai 2025, fordern wir faire Preise f\u00fcr Schokolade und zeigen, welchen Unterschied der Faire Handel machen kann..<\/em><\/span><\/p>\n<p>[\/vc_column_text][vc_single_image image=&#8220;1232&#8243; img_size=&#8220;1294&#215;136&#8243; alignment=&#8220;center&#8220; css=&#8220;&#8220;][vc_column_text css=&#8220;&#8220;]<\/p>\n<h2><span style=\"color: #f39800\"><strong>Kakaoanbau unter Druck<\/strong><\/span><\/h2>\n<p><span style=\"color: #747475\">In den letzten Jahren haben D\u00fcrren, heftige St\u00fcrme und ein vermehrter Pilzbefall aufgrund extremer Feuchtigkeit gro\u00dfe Teile der Kakaoernten zerst\u00f6rt\u2013 insbesondere in Westafrika, der weltweit wichtigsten Region f\u00fcr den Kakaoanbau. C\u00f4te d\u2019Ivoire und Ghana, die zusammen \u00fcber 60\u00a0% des globalen Kakaobedarfes decken, stehen vor enormen Herausforderungen, da die Ertr\u00e4ge drastisch zur\u00fcckgegangen sind. F\u00fcr viele Kakaob\u00e4uerinnen und -bauern bedeutet dies einen massiven Einkommensverlust. Trotz steigender Weltmarktpreise profitieren sie durch die geringen Erntemengen nicht davon.<\/span>[\/vc_column_text][\/vc_column][\/vc_row][vc_row][vc_column width=&#8220;1\/4&#8243;]<div class=\"wl_einzelbild\"><p><img loading=\"lazy\" decoding=\"async\" class=\"alignnone wp-image-1233\" src=\"https:\/\/weltlaeden.de\/moessingen\/wp-content\/uploads\/sites\/122\/2025\/03\/weltladentag_2025_plakat_vorschau.900x0-150x150.jpg\" alt=\"\" width=\"600\" height=\"842\" srcset=\"https:\/\/weltlaeden.de\/moessingen\/wp-content\/uploads\/sites\/122\/2025\/03\/weltladentag_2025_plakat_vorschau.900x0-214x300.jpg 214w, https:\/\/weltlaeden.de\/moessingen\/wp-content\/uploads\/sites\/122\/2025\/03\/weltladentag_2025_plakat_vorschau.900x0-730x1024.jpg 730w, https:\/\/weltlaeden.de\/moessingen\/wp-content\/uploads\/sites\/122\/2025\/03\/weltladentag_2025_plakat_vorschau.900x0-768x1078.jpg 768w, https:\/\/weltlaeden.de\/moessingen\/wp-content\/uploads\/sites\/122\/2025\/03\/weltladentag_2025_plakat_vorschau.900x0.jpg 900w\" sizes=\"auto, (max-width: 600px) 100vw, 600px\" \/><\/p><\/div>[\/vc_column][vc_column width=&#8220;3\/4&#8243;][vc_column_text css=&#8220;&#8220;]<span style=\"color: #747475\">Die Zukunftsaussichten sind noch beunruhigender: Sch\u00e4tzungen zufolge k\u00f6nnten in den n\u00e4chsten 30 Jahren weite Teile der Kakaoregionen aufgrund des Klimawandels unbewirtschaftbar werden. Dies stellt insbesondere kleine Familienbetriebe vor existenzielle Probleme, da sie weder \u00fcber die finanziellen Mittel noch \u00fcber die Ressourcen verf\u00fcgen, um auf alternative Anbauverfahren oder andere Einkommensquellen umzusteigen. Ohne gezielte Unterst\u00fctzung droht vielen dieser Betriebe das wirtschaftliche Aus.<\/span>[\/vc_column_text][\/vc_column][\/vc_row][vc_row][vc_column][vc_single_image image=&#8220;1232&#8243; img_size=&#8220;1294&#215;136&#8243; alignment=&#8220;center&#8220; css=&#8220;&#8220;][vc_column_text css=&#8220;&#8220;]<\/p>\n<h2><span style=\"color: #f39800\"><strong>Faire Preise machen den Unterschied<\/strong><\/span><\/h2>\n<p><span style=\"color: #747475\">Ein fairer und gerechter Kakaoanbau erfordert Preise, die den Kakaob\u00e4uer*innen ein stabiles, verl\u00e4ssliches und vor allem existenzsicherndes Einkommen garantieren &#8211; unabh\u00e4ngig von Preisschwankungen auf dem Weltmarkt. Nur so k\u00f6nnen diese Produzent*innen in eine nachhaltige Zukunft investieren. Daf\u00fcr sind langfristige und vertrauensvolle Partnerschaften zwischen Handelsunternehmen und lokalen Kakaokooperativen von zentraler Bedeutung.\u00a0<\/span><\/p>\n<p><span style=\"color: #747475\">Besonders engagiert zeigen sich die anerkannten Lieferanten der Weltl\u00e4den, die in dieser Hinsicht als Vorreiter gelten. Sie verpflichten sich, den B\u00e4uer*innen faire Preise zu zahlen, die weit \u00fcber den \u00fcblichen Marktpreisen liegen und bieten zus\u00e4tzlich Unterst\u00fctzung bei der Umstellung auf nachhaltige und umweltfreundliche Anbaumethoden. Damit tragen diese Lieferanten nicht nur zur Verbesserung der Lebensbedingungen der Kakaoproduzent*innen bei, sondern leisten auch einen aktiven Beitrag zum Schutz der Umwelt und zur F\u00f6rderung sozialer Gerechtigkeit.<\/span><\/p>\n<p><span style=\"color: #747475\">Dar\u00fcber hinaus erm\u00f6glichen faire Handelsbeziehungen den Kooperativen Investitionen in Bildung, Gesundheit und Infrastruktur. Das st\u00e4rkt die gesamte Gemeinschaft und schafft Perspektiven f\u00fcr die n\u00e4chste Generation. Solche nachhaltigen Ans\u00e4tze zeigen, dass der Faire Handel nicht nur ein ethisches Ziel ist, sondern langfristig auch \u00f6konomisch und \u00f6kologisch sinnvoll.<\/span>[\/vc_column_text][vc_empty_space][vc_column_text css=&#8220;&#8220;]<\/p>\n<h1 style=\"text-align: left\"><\/h1>\n<p>&nbsp;<\/p>\n<p>[\/vc_column_text][\/vc_column][\/vc_row]<\/p>\n<\/div>","protected":false},"excerpt":{"rendered":"<p>[vc_row][vc_column][vc_column_text css=&#8220;&#8220;] Weltladentag 2025 [\/vc_column_text][vc_column_text css=&#8220;&#8220;][\/vc_column_text][\/vc_column][\/vc_row][vc_row][vc_column][vc_single_image image=&#8220;1230&#8243; img_size=&#8220;full&#8220; alignment=&#8220;center&#8220; css=&#8220;&#8220; image_hovers=&#8220;false&#8220;][vc_column_text css=&#8220;&#8220;] Weltladentag 2025 Schoki f\u00fcrs Klima? Kauf ich euch ab! Der Kakaoanbau wird durch den Klimawandel massiv bedroht. Ernteertr\u00e4ge gehen stark zur\u00fcck, das Einkommen von Kakaob\u00e4uer*innen ist gef\u00e4hrdet. Am 30. Weltladentag, am 10. Mai 2025, fordern wir faire Preise f\u00fcr Schokolade und zeigen, welchen&hellip;<\/p>\n","protected":false},"author":326,"featured_media":0,"parent":0,"menu_order":2,"comment_status":"closed","ping_status":"closed","template":"","meta":{"footnotes":""},"class_list":["post-1289","page","type-page","status-publish","hentry","description-off"],"yoast_head":"<!-- This site is optimized with the Yoast SEO plugin v26.8 - https:\/\/yoast.com\/product\/yoast-seo-wordpress\/ -->\n<title>Weltladentag2025 - Weltladen M\u00f6ssingen<\/title>\n<meta name=\"robots\" content=\"index, follow, max-snippet:-1, max-image-preview:large, max-video-preview:-1\" \/>\n<link rel=\"canonical\" href=\"https:\/\/weltlaeden.de\/moessingen\/weltladentag2025\/\" \/>\n<meta property=\"og:locale\" content=\"de_DE\" \/>\n<meta property=\"og:type\" content=\"article\" \/>\n<meta property=\"og:title\" content=\"Weltladentag2025 - Weltladen M\u00f6ssingen\" \/>\n<meta property=\"og:description\" content=\"[vc_row][vc_column][vc_column_text css=&#8220;&#8220;] Weltladentag 2025 [\/vc_column_text][vc_column_text css=&#8220;&#8220;][\/vc_column_text][\/vc_column][\/vc_row][vc_row][vc_column][vc_single_image image=&#8220;1230&#8243; img_size=&#8220;full&#8220; alignment=&#8220;center&#8220; css=&#8220;&#8220; image_hovers=&#8220;false&#8220;][vc_column_text css=&#8220;&#8220;] Weltladentag 2025 Schoki f\u00fcrs Klima? Kauf ich euch ab! Der Kakaoanbau wird durch den Klimawandel massiv bedroht. Ernteertr\u00e4ge gehen stark zur\u00fcck, das Einkommen von Kakaob\u00e4uer*innen ist gef\u00e4hrdet. Am 30. Weltladentag, am 10. Mai 2025, fordern wir faire Preise f\u00fcr Schokolade und zeigen, welchen&hellip;\" \/>\n<meta property=\"og:url\" content=\"https:\/\/weltlaeden.de\/moessingen\/weltladentag2025\/\" \/>\n<meta property=\"og:site_name\" content=\"Weltladen M\u00f6ssingen\" \/>\n<meta property=\"article:modified_time\" content=\"2025-05-23T14:15:38+00:00\" \/>\n<meta property=\"og:image\" content=\"https:\/\/weltlaeden.de\/moessingen\/wp-content\/uploads\/sites\/122\/2025\/03\/weltladentag_2025_plakat_vorschau.900x0-150x150.jpg\" \/>\n<meta name=\"twitter:card\" content=\"summary_large_image\" \/>\n<meta name=\"twitter:label1\" content=\"Gesch\u00e4tzte Lesezeit\" \/>\n\t<meta name=\"twitter:data1\" content=\"3\u00a0Minuten\" \/>\n<script type=\"application\/ld+json\" class=\"yoast-schema-graph\">{\"@context\":\"https:\/\/schema.org\",\"@graph\":[{\"@type\":\"WebPage\",\"@id\":\"https:\/\/weltlaeden.de\/moessingen\/weltladentag2025\/\",\"url\":\"https:\/\/weltlaeden.de\/moessingen\/weltladentag2025\/\",\"name\":\"Weltladentag2025 - Weltladen M\u00f6ssingen\",\"isPartOf\":{\"@id\":\"https:\/\/weltlaeden.de\/moessingen\/#website\"},\"primaryImageOfPage\":{\"@id\":\"https:\/\/weltlaeden.de\/moessingen\/weltladentag2025\/#primaryimage\"},\"image\":{\"@id\":\"https:\/\/weltlaeden.de\/moessingen\/weltladentag2025\/#primaryimage\"},\"thumbnailUrl\":\"https:\/\/weltlaeden.de\/moessingen\/wp-content\/uploads\/sites\/122\/2025\/03\/weltladentag_2025_plakat_vorschau.900x0-150x150.jpg\",\"datePublished\":\"2025-05-23T14:09:06+00:00\",\"dateModified\":\"2025-05-23T14:15:38+00:00\",\"breadcrumb\":{\"@id\":\"https:\/\/weltlaeden.de\/moessingen\/weltladentag2025\/#breadcrumb\"},\"inLanguage\":\"de\",\"potentialAction\":[{\"@type\":\"ReadAction\",\"target\":[\"https:\/\/weltlaeden.de\/moessingen\/weltladentag2025\/\"]}]},{\"@type\":\"ImageObject\",\"inLanguage\":\"de\",\"@id\":\"https:\/\/weltlaeden.de\/moessingen\/weltladentag2025\/#primaryimage\",\"url\":\"https:\/\/weltlaeden.de\/moessingen\/wp-content\/uploads\/sites\/122\/2025\/03\/weltladentag_2025_plakat_vorschau.900x0.jpg\",\"contentUrl\":\"https:\/\/weltlaeden.de\/moessingen\/wp-content\/uploads\/sites\/122\/2025\/03\/weltladentag_2025_plakat_vorschau.900x0.jpg\",\"width\":900,\"height\":1263},{\"@type\":\"BreadcrumbList\",\"@id\":\"https:\/\/weltlaeden.de\/moessingen\/weltladentag2025\/#breadcrumb\",\"itemListElement\":[{\"@type\":\"ListItem\",\"position\":1,\"name\":\"Startseite\",\"item\":\"https:\/\/weltlaeden.de\/moessingen\/\"},{\"@type\":\"ListItem\",\"position\":2,\"name\":\"Weltladentag2025\"}]},{\"@type\":\"WebSite\",\"@id\":\"https:\/\/weltlaeden.de\/moessingen\/#website\",\"url\":\"https:\/\/weltlaeden.de\/moessingen\/\",\"name\":\"Weltladen M\u00f6ssingen\",\"description\":\"Faire Produkte seit 1990\",\"potentialAction\":[{\"@type\":\"SearchAction\",\"target\":{\"@type\":\"EntryPoint\",\"urlTemplate\":\"https:\/\/weltlaeden.de\/moessingen\/?s={search_term_string}\"},\"query-input\":{\"@type\":\"PropertyValueSpecification\",\"valueRequired\":true,\"valueName\":\"search_term_string\"}}],\"inLanguage\":\"de\"}]}<\/script>\n<!-- \/ Yoast SEO plugin. -->","yoast_head_json":{"title":"Weltladentag2025 - Weltladen M\u00f6ssingen","robots":{"index":"index","follow":"follow","max-snippet":"max-snippet:-1","max-image-preview":"max-image-preview:large","max-video-preview":"max-video-preview:-1"},"canonical":"https:\/\/weltlaeden.de\/moessingen\/weltladentag2025\/","og_locale":"de_DE","og_type":"article","og_title":"Weltladentag2025 - Weltladen M\u00f6ssingen","og_description":"[vc_row][vc_column][vc_column_text css=&#8220;&#8220;] Weltladentag 2025 [\/vc_column_text][vc_column_text css=&#8220;&#8220;][\/vc_column_text][\/vc_column][\/vc_row][vc_row][vc_column][vc_single_image image=&#8220;1230&#8243; img_size=&#8220;full&#8220; alignment=&#8220;center&#8220; css=&#8220;&#8220; image_hovers=&#8220;false&#8220;][vc_column_text css=&#8220;&#8220;] Weltladentag 2025 Schoki f\u00fcrs Klima? Kauf ich euch ab! Der Kakaoanbau wird durch den Klimawandel massiv bedroht. Ernteertr\u00e4ge gehen stark zur\u00fcck, das Einkommen von Kakaob\u00e4uer*innen ist gef\u00e4hrdet. Am 30. Weltladentag, am 10. Mai 2025, fordern wir faire Preise f\u00fcr Schokolade und zeigen, welchen&hellip;","og_url":"https:\/\/weltlaeden.de\/moessingen\/weltladentag2025\/","og_site_name":"Weltladen M\u00f6ssingen","article_modified_time":"2025-05-23T14:15:38+00:00","og_image":[{"url":"https:\/\/weltlaeden.de\/moessingen\/wp-content\/uploads\/sites\/122\/2025\/03\/weltladentag_2025_plakat_vorschau.900x0-150x150.jpg","type":"","width":"","height":""}],"twitter_card":"summary_large_image","twitter_misc":{"Gesch\u00e4tzte Lesezeit":"3\u00a0Minuten"},"schema":{"@context":"https:\/\/schema.org","@graph":[{"@type":"WebPage","@id":"https:\/\/weltlaeden.de\/moessingen\/weltladentag2025\/","url":"https:\/\/weltlaeden.de\/moessingen\/weltladentag2025\/","name":"Weltladentag2025 - Weltladen M\u00f6ssingen","isPartOf":{"@id":"https:\/\/weltlaeden.de\/moessingen\/#website"},"primaryImageOfPage":{"@id":"https:\/\/weltlaeden.de\/moessingen\/weltladentag2025\/#primaryimage"},"image":{"@id":"https:\/\/weltlaeden.de\/moessingen\/weltladentag2025\/#primaryimage"},"thumbnailUrl":"https:\/\/weltlaeden.de\/moessingen\/wp-content\/uploads\/sites\/122\/2025\/03\/weltladentag_2025_plakat_vorschau.900x0-150x150.jpg","datePublished":"2025-05-23T14:09:06+00:00","dateModified":"2025-05-23T14:15:38+00:00","breadcrumb":{"@id":"https:\/\/weltlaeden.de\/moessingen\/weltladentag2025\/#breadcrumb"},"inLanguage":"de","potentialAction":[{"@type":"ReadAction","target":["https:\/\/weltlaeden.de\/moessingen\/weltladentag2025\/"]}]},{"@type":"ImageObject","inLanguage":"de","@id":"https:\/\/weltlaeden.de\/moessingen\/weltladentag2025\/#primaryimage","url":"https:\/\/weltlaeden.de\/moessingen\/wp-content\/uploads\/sites\/122\/2025\/03\/weltladentag_2025_plakat_vorschau.900x0.jpg","contentUrl":"https:\/\/weltlaeden.de\/moessingen\/wp-content\/uploads\/sites\/122\/2025\/03\/weltladentag_2025_plakat_vorschau.900x0.jpg","width":900,"height":1263},{"@type":"BreadcrumbList","@id":"https:\/\/weltlaeden.de\/moessingen\/weltladentag2025\/#breadcrumb","itemListElement":[{"@type":"ListItem","position":1,"name":"Startseite","item":"https:\/\/weltlaeden.de\/moessingen\/"},{"@type":"ListItem","position":2,"name":"Weltladentag2025"}]},{"@type":"WebSite","@id":"https:\/\/weltlaeden.de\/moessingen\/#website","url":"https:\/\/weltlaeden.de\/moessingen\/","name":"Weltladen M\u00f6ssingen","description":"Faire Produkte seit 1990","potentialAction":[{"@type":"SearchAction","target":{"@type":"EntryPoint","urlTemplate":"https:\/\/weltlaeden.de\/moessingen\/?s={search_term_string}"},"query-input":{"@type":"PropertyValueSpecification","valueRequired":true,"valueName":"search_term_string"}}],"inLanguage":"de"}]}},"_links":{"self":[{"href":"https:\/\/weltlaeden.de\/moessingen\/wp-json\/wp\/v2\/pages\/1289","targetHints":{"allow":["GET"]}}],"collection":[{"href":"https:\/\/weltlaeden.de\/moessingen\/wp-json\/wp\/v2\/pages"}],"about":[{"href":"https:\/\/weltlaeden.de\/moessingen\/wp-json\/wp\/v2\/types\/page"}],"author":[{"embeddable":true,"href":"https:\/\/weltlaeden.de\/moessingen\/wp-json\/wp\/v2\/users\/326"}],"replies":[{"embeddable":true,"href":"https:\/\/weltlaeden.de\/moessingen\/wp-json\/wp\/v2\/comments?post=1289"}],"version-history":[{"count":3,"href":"https:\/\/weltlaeden.de\/moessingen\/wp-json\/wp\/v2\/pages\/1289\/revisions"}],"predecessor-version":[{"id":1292,"href":"https:\/\/weltlaeden.de\/moessingen\/wp-json\/wp\/v2\/pages\/1289\/revisions\/1292"}],"wp:attachment":[{"href":"https:\/\/weltlaeden.de\/moessingen\/wp-json\/wp\/v2\/media?parent=1289"}],"curies":[{"name":"wp","href":"https:\/\/api.w.org\/{rel}","templated":true}]}}