{"id":1221,"date":"2025-03-20T17:34:35","date_gmt":"2025-03-20T16:34:35","guid":{"rendered":"https:\/\/weltlaeden.de\/moessingen\/aktuelles-2\/"},"modified":"2025-03-20T17:46:38","modified_gmt":"2025-03-20T16:46:38","slug":"weltfrauentag","status":"publish","type":"page","link":"https:\/\/weltlaeden.de\/moessingen\/weltfrauentag\/","title":{"rendered":"Archiv-Weltfrauentag"},"content":{"rendered":"<div class=\"wpb-content-wrapper\"><p>[vc_row][vc_column][vc_single_image image=&#8220;1181&#8243; img_size=&#8220;full&#8220; alignment=&#8220;center&#8220; css=&#8220;&#8220; image_hovers=&#8220;false&#8220;][vc_column_text css=&#8220;&#8220;]<\/p>\n<div class=\"article__prehead\"><span style=\"color: #f39800\"><strong>Weltfrauentag am 8. M\u00e4rz<\/strong><\/span><\/div>\n<h1 class=\"article__headline\"><span style=\"color: #737375\"><em>Fairer Handel schafft Chancengleichheit<\/em><\/span><\/h1>\n<p class=\"article__teaser\"><span style=\"color: #737375\"><em>Frauen und M\u00e4nner haben nicht die gleichen Chancen, ihre Potentiale zu entfalten. Der Faire Handel setzt sich seit seiner Gr\u00fcndung f\u00fcr die Gleichberechtigung der Geschlechter ein.<\/em><\/span><\/p>\n<div class=\"blocks__block block block--text usertext\">\n<p><span style=\"color: #737375\">Der internationale Frauentag am 8. M\u00e4rz macht in jedem Jahr darauf aufmerksam, dass Frauen und M\u00e4nner nicht die gleichen Chancen haben, ihre Potentiale zu entfalten \u2013 weltweit, auch in Deutschland. Frauen haben schlechtere Bildungschancen, erzielen f\u00fcr gleiche T\u00e4tigkeiten geringere Einkommen und haben weniger Zugang zu Produktionsmitteln wie Land oder Krediten.<\/span><\/p>\n<\/div>\n<p>[\/vc_column_text][\/vc_column][\/vc_row][vc_row][vc_column width=&#8220;1\/2&#8243;][vc_empty_space]<div class=\"wl_einzelbild\"><p><img loading=\"lazy\" decoding=\"async\" class=\"alignleft wp-image-1178\" src=\"https:\/\/weltlaeden.de\/moessingen\/wp-content\/uploads\/sites\/122\/2025\/02\/prinzip_6.900x0-150x150.jpg\" alt=\"\" width=\"300\" height=\"300\" srcset=\"https:\/\/weltlaeden.de\/moessingen\/wp-content\/uploads\/sites\/122\/2025\/02\/prinzip_6.900x0-150x150.jpg 150w, https:\/\/weltlaeden.de\/moessingen\/wp-content\/uploads\/sites\/122\/2025\/02\/prinzip_6.900x0-300x300.jpg 300w, https:\/\/weltlaeden.de\/moessingen\/wp-content\/uploads\/sites\/122\/2025\/02\/prinzip_6.900x0-768x768.jpg 768w, https:\/\/weltlaeden.de\/moessingen\/wp-content\/uploads\/sites\/122\/2025\/02\/prinzip_6.900x0.jpg 900w\" sizes=\"auto, (max-width: 300px) 100vw, 300px\" \/><\/p><\/div>[\/vc_column][vc_column width=&#8220;1\/2&#8243;][vc_column_text css=&#8220;&#8220;]<\/p>\n<h2><span style=\"color: #f39800\"><strong>Fairer Handel f\u00f6rdert Geschlechtergerechtigkeit<\/strong><\/span><\/h2>\n<p><span style=\"color: #737375\">Die Gleichberechtigung der Geschlechter ist seit seiner Gr\u00fcndung ein Kernanliegen des Fairen Handels. Mit seinen Instrumenten tr\u00e4gt er dazu bei, Strukturen in Politik, Wirtschaft und Gesellschaft so zu gestalten, dass Frauen ihr volles Potential entfalten k\u00f6nnen. Davon profitieren nicht nur die Frauen selbst, sondern auch ihre Familien, Gemeinschaften und ganze Volkswirtschaften. Denn Frauen geben einen deutlich gr\u00f6\u00dferen Teil ihres Einkommens f\u00fcr Gesundheit und Ern\u00e4hrung aus als M\u00e4nner.<\/span>[\/vc_column_text][\/vc_column][\/vc_row]<\/p>\n<\/div>","protected":false},"excerpt":{"rendered":"<p>[vc_row][vc_column][vc_single_image image=&#8220;1181&#8243; img_size=&#8220;full&#8220; alignment=&#8220;center&#8220; css=&#8220;&#8220; image_hovers=&#8220;false&#8220;][vc_column_text css=&#8220;&#8220;] Weltfrauentag am 8. M\u00e4rz Fairer Handel schafft Chancengleichheit Frauen und M\u00e4nner haben nicht die gleichen Chancen, ihre Potentiale zu entfalten. Der Faire Handel setzt sich seit seiner Gr\u00fcndung f\u00fcr die Gleichberechtigung der Geschlechter ein. Der internationale Frauentag am 8. M\u00e4rz macht in jedem Jahr darauf aufmerksam, dass Frauen&hellip;<\/p>\n","protected":false},"author":326,"featured_media":0,"parent":0,"menu_order":2,"comment_status":"closed","ping_status":"closed","template":"","meta":{"footnotes":""},"class_list":["post-1221","page","type-page","status-publish","hentry","description-off"],"yoast_head":"<!-- This site is optimized with the Yoast SEO plugin v26.8 - https:\/\/yoast.com\/product\/yoast-seo-wordpress\/ -->\n<title>Archiv-Weltfrauentag - Weltladen M\u00f6ssingen<\/title>\n<meta name=\"robots\" content=\"index, follow, max-snippet:-1, max-image-preview:large, max-video-preview:-1\" \/>\n<link rel=\"canonical\" href=\"https:\/\/weltlaeden.de\/moessingen\/weltfrauentag\/\" \/>\n<meta property=\"og:locale\" content=\"de_DE\" \/>\n<meta property=\"og:type\" content=\"article\" \/>\n<meta property=\"og:title\" content=\"Archiv-Weltfrauentag - Weltladen M\u00f6ssingen\" \/>\n<meta property=\"og:description\" content=\"[vc_row][vc_column][vc_single_image image=&#8220;1181&#8243; img_size=&#8220;full&#8220; alignment=&#8220;center&#8220; css=&#8220;&#8220; image_hovers=&#8220;false&#8220;][vc_column_text css=&#8220;&#8220;] Weltfrauentag am 8. M\u00e4rz Fairer Handel schafft Chancengleichheit Frauen und M\u00e4nner haben nicht die gleichen Chancen, ihre Potentiale zu entfalten. Der Faire Handel setzt sich seit seiner Gr\u00fcndung f\u00fcr die Gleichberechtigung der Geschlechter ein. Der internationale Frauentag am 8. M\u00e4rz macht in jedem Jahr darauf aufmerksam, dass Frauen&hellip;\" \/>\n<meta property=\"og:url\" content=\"https:\/\/weltlaeden.de\/moessingen\/weltfrauentag\/\" \/>\n<meta property=\"og:site_name\" content=\"Weltladen M\u00f6ssingen\" \/>\n<meta property=\"article:modified_time\" content=\"2025-03-20T16:46:38+00:00\" \/>\n<meta property=\"og:image\" content=\"https:\/\/weltlaeden.de\/moessingen\/wp-content\/uploads\/sites\/122\/2025\/02\/prinzip_6.900x0-150x150.jpg\" \/>\n<meta name=\"twitter:card\" content=\"summary_large_image\" \/>\n<meta name=\"twitter:label1\" content=\"Gesch\u00e4tzte Lesezeit\" \/>\n\t<meta name=\"twitter:data1\" content=\"2\u00a0Minuten\" \/>\n<script type=\"application\/ld+json\" class=\"yoast-schema-graph\">{\"@context\":\"https:\/\/schema.org\",\"@graph\":[{\"@type\":\"WebPage\",\"@id\":\"https:\/\/weltlaeden.de\/moessingen\/weltfrauentag\/\",\"url\":\"https:\/\/weltlaeden.de\/moessingen\/weltfrauentag\/\",\"name\":\"Archiv-Weltfrauentag - Weltladen M\u00f6ssingen\",\"isPartOf\":{\"@id\":\"https:\/\/weltlaeden.de\/moessingen\/#website\"},\"primaryImageOfPage\":{\"@id\":\"https:\/\/weltlaeden.de\/moessingen\/weltfrauentag\/#primaryimage\"},\"image\":{\"@id\":\"https:\/\/weltlaeden.de\/moessingen\/weltfrauentag\/#primaryimage\"},\"thumbnailUrl\":\"https:\/\/weltlaeden.de\/moessingen\/wp-content\/uploads\/sites\/122\/2025\/02\/prinzip_6.900x0-150x150.jpg\",\"datePublished\":\"2025-03-20T16:34:35+00:00\",\"dateModified\":\"2025-03-20T16:46:38+00:00\",\"breadcrumb\":{\"@id\":\"https:\/\/weltlaeden.de\/moessingen\/weltfrauentag\/#breadcrumb\"},\"inLanguage\":\"de\",\"potentialAction\":[{\"@type\":\"ReadAction\",\"target\":[\"https:\/\/weltlaeden.de\/moessingen\/weltfrauentag\/\"]}]},{\"@type\":\"ImageObject\",\"inLanguage\":\"de\",\"@id\":\"https:\/\/weltlaeden.de\/moessingen\/weltfrauentag\/#primaryimage\",\"url\":\"https:\/\/weltlaeden.de\/moessingen\/wp-content\/uploads\/sites\/122\/2025\/02\/prinzip_6.900x0.jpg\",\"contentUrl\":\"https:\/\/weltlaeden.de\/moessingen\/wp-content\/uploads\/sites\/122\/2025\/02\/prinzip_6.900x0.jpg\",\"width\":900,\"height\":900},{\"@type\":\"BreadcrumbList\",\"@id\":\"https:\/\/weltlaeden.de\/moessingen\/weltfrauentag\/#breadcrumb\",\"itemListElement\":[{\"@type\":\"ListItem\",\"position\":1,\"name\":\"Startseite\",\"item\":\"https:\/\/weltlaeden.de\/moessingen\/\"},{\"@type\":\"ListItem\",\"position\":2,\"name\":\"Archiv-Weltfrauentag\"}]},{\"@type\":\"WebSite\",\"@id\":\"https:\/\/weltlaeden.de\/moessingen\/#website\",\"url\":\"https:\/\/weltlaeden.de\/moessingen\/\",\"name\":\"Weltladen M\u00f6ssingen\",\"description\":\"Faire Produkte seit 1990\",\"potentialAction\":[{\"@type\":\"SearchAction\",\"target\":{\"@type\":\"EntryPoint\",\"urlTemplate\":\"https:\/\/weltlaeden.de\/moessingen\/?s={search_term_string}\"},\"query-input\":{\"@type\":\"PropertyValueSpecification\",\"valueRequired\":true,\"valueName\":\"search_term_string\"}}],\"inLanguage\":\"de\"}]}<\/script>\n<!-- \/ Yoast SEO plugin. -->","yoast_head_json":{"title":"Archiv-Weltfrauentag - Weltladen M\u00f6ssingen","robots":{"index":"index","follow":"follow","max-snippet":"max-snippet:-1","max-image-preview":"max-image-preview:large","max-video-preview":"max-video-preview:-1"},"canonical":"https:\/\/weltlaeden.de\/moessingen\/weltfrauentag\/","og_locale":"de_DE","og_type":"article","og_title":"Archiv-Weltfrauentag - Weltladen M\u00f6ssingen","og_description":"[vc_row][vc_column][vc_single_image image=&#8220;1181&#8243; img_size=&#8220;full&#8220; alignment=&#8220;center&#8220; css=&#8220;&#8220; image_hovers=&#8220;false&#8220;][vc_column_text css=&#8220;&#8220;] Weltfrauentag am 8. M\u00e4rz Fairer Handel schafft Chancengleichheit Frauen und M\u00e4nner haben nicht die gleichen Chancen, ihre Potentiale zu entfalten. Der Faire Handel setzt sich seit seiner Gr\u00fcndung f\u00fcr die Gleichberechtigung der Geschlechter ein. Der internationale Frauentag am 8. M\u00e4rz macht in jedem Jahr darauf aufmerksam, dass Frauen&hellip;","og_url":"https:\/\/weltlaeden.de\/moessingen\/weltfrauentag\/","og_site_name":"Weltladen M\u00f6ssingen","article_modified_time":"2025-03-20T16:46:38+00:00","og_image":[{"url":"https:\/\/weltlaeden.de\/moessingen\/wp-content\/uploads\/sites\/122\/2025\/02\/prinzip_6.900x0-150x150.jpg","type":"","width":"","height":""}],"twitter_card":"summary_large_image","twitter_misc":{"Gesch\u00e4tzte Lesezeit":"2\u00a0Minuten"},"schema":{"@context":"https:\/\/schema.org","@graph":[{"@type":"WebPage","@id":"https:\/\/weltlaeden.de\/moessingen\/weltfrauentag\/","url":"https:\/\/weltlaeden.de\/moessingen\/weltfrauentag\/","name":"Archiv-Weltfrauentag - Weltladen M\u00f6ssingen","isPartOf":{"@id":"https:\/\/weltlaeden.de\/moessingen\/#website"},"primaryImageOfPage":{"@id":"https:\/\/weltlaeden.de\/moessingen\/weltfrauentag\/#primaryimage"},"image":{"@id":"https:\/\/weltlaeden.de\/moessingen\/weltfrauentag\/#primaryimage"},"thumbnailUrl":"https:\/\/weltlaeden.de\/moessingen\/wp-content\/uploads\/sites\/122\/2025\/02\/prinzip_6.900x0-150x150.jpg","datePublished":"2025-03-20T16:34:35+00:00","dateModified":"2025-03-20T16:46:38+00:00","breadcrumb":{"@id":"https:\/\/weltlaeden.de\/moessingen\/weltfrauentag\/#breadcrumb"},"inLanguage":"de","potentialAction":[{"@type":"ReadAction","target":["https:\/\/weltlaeden.de\/moessingen\/weltfrauentag\/"]}]},{"@type":"ImageObject","inLanguage":"de","@id":"https:\/\/weltlaeden.de\/moessingen\/weltfrauentag\/#primaryimage","url":"https:\/\/weltlaeden.de\/moessingen\/wp-content\/uploads\/sites\/122\/2025\/02\/prinzip_6.900x0.jpg","contentUrl":"https:\/\/weltlaeden.de\/moessingen\/wp-content\/uploads\/sites\/122\/2025\/02\/prinzip_6.900x0.jpg","width":900,"height":900},{"@type":"BreadcrumbList","@id":"https:\/\/weltlaeden.de\/moessingen\/weltfrauentag\/#breadcrumb","itemListElement":[{"@type":"ListItem","position":1,"name":"Startseite","item":"https:\/\/weltlaeden.de\/moessingen\/"},{"@type":"ListItem","position":2,"name":"Archiv-Weltfrauentag"}]},{"@type":"WebSite","@id":"https:\/\/weltlaeden.de\/moessingen\/#website","url":"https:\/\/weltlaeden.de\/moessingen\/","name":"Weltladen M\u00f6ssingen","description":"Faire Produkte seit 1990","potentialAction":[{"@type":"SearchAction","target":{"@type":"EntryPoint","urlTemplate":"https:\/\/weltlaeden.de\/moessingen\/?s={search_term_string}"},"query-input":{"@type":"PropertyValueSpecification","valueRequired":true,"valueName":"search_term_string"}}],"inLanguage":"de"}]}},"_links":{"self":[{"href":"https:\/\/weltlaeden.de\/moessingen\/wp-json\/wp\/v2\/pages\/1221","targetHints":{"allow":["GET"]}}],"collection":[{"href":"https:\/\/weltlaeden.de\/moessingen\/wp-json\/wp\/v2\/pages"}],"about":[{"href":"https:\/\/weltlaeden.de\/moessingen\/wp-json\/wp\/v2\/types\/page"}],"author":[{"embeddable":true,"href":"https:\/\/weltlaeden.de\/moessingen\/wp-json\/wp\/v2\/users\/326"}],"replies":[{"embeddable":true,"href":"https:\/\/weltlaeden.de\/moessingen\/wp-json\/wp\/v2\/comments?post=1221"}],"version-history":[{"count":4,"href":"https:\/\/weltlaeden.de\/moessingen\/wp-json\/wp\/v2\/pages\/1221\/revisions"}],"predecessor-version":[{"id":1227,"href":"https:\/\/weltlaeden.de\/moessingen\/wp-json\/wp\/v2\/pages\/1221\/revisions\/1227"}],"wp:attachment":[{"href":"https:\/\/weltlaeden.de\/moessingen\/wp-json\/wp\/v2\/media?parent=1221"}],"curies":[{"name":"wp","href":"https:\/\/api.w.org\/{rel}","templated":true}]}}