{"id":1130,"date":"2025-02-24T15:27:53","date_gmt":"2025-02-24T14:27:53","guid":{"rendered":"https:\/\/weltlaeden.de\/moessingen\/aktuelles-2\/"},"modified":"2025-02-24T15:30:16","modified_gmt":"2025-02-24T14:30:16","slug":"archiv-wahlen2025","status":"publish","type":"page","link":"https:\/\/weltlaeden.de\/moessingen\/archiv-wahlen2025\/","title":{"rendered":"Archiv-Bundestagswahlen 2025"},"content":{"rendered":"<div class=\"wpb-content-wrapper\"><p>[vc_row][vc_column][vc_single_image image=&#8220;1112&#8243; img_size=&#8220;full&#8220; alignment=&#8220;center&#8220; css=&#8220;&#8220; image_hovers=&#8220;false&#8220;][vc_column_text css=&#8220;&#8220;]<span style=\"color: #ff9900\"><strong><em>Bundestagswahl 2025<\/em><\/strong><\/span><\/p>\n<h1><strong><span style=\"color: #606060\"><em>Nutzt eure Stimme f\u00fcr Gerechtigkeit!<\/em><\/span><\/strong><\/h1>\n<p><span style=\"color: #606060\"><em>Der Weltladen-Dachverband und wir vom Weltladen M\u00f6ssingen positionieren uns gemeinsam mit dem Forum Fairer Handel und Fairtrade Deutschland f\u00fcr eine weltoffene und solidarische Gesellschaft, die Menschenrechte und unsere Demokratie sch\u00fctzt. Mit Blick auf die Bundestagswahl am 23. Februar 2025 lautet unsere Botschaft: #WirW\u00e4hlenFair.<\/em><\/span><\/p>\n<p><span style=\"color: #606060\">Die Fair-Handels-Bewegung setzt sich ein f\u00fcr eine Welt, in der Fairness, Gleichberechtigung und nachhaltige Entwicklung im Zentrum des Handel(n)s stehen. Damit alle Menschen durch ihre Arbeit einen angemessenen und w\u00fcrdigen Lebensunterhalt erreichen und ihr Potenzial voll entfalten k\u00f6nnen. Der Faire Handel denkt Menschenrechte, Demokratie und Gerechtigkeit zusammen und tritt f\u00fcr eine weltoffene und solidarische Gesellschaft ein.<\/span>[\/vc_column_text][\/vc_column][vc_column][vc_single_image image=&#8220;1109&#8243; img_size=&#8220;600&#215;368&#8243; add_caption=&#8220;yes&#8220; alignment=&#8220;center&#8220; css=&#8220;&#8220; image_hovers=&#8220;false&#8220;][vc_column_text css=&#8220;&#8220;]<em><span style=\"color: #606060\">Nutze deine Stimme f\u00fcr Demokratie, Menschenrechte und Gerechtigkeit weltweit und lass eine faire Zukunft wachsen. Hol dir eine Samenkarte im Weltladen und lass uns gemeinsam Fairness s\u00e4en!<\/span><\/em><\/p>\n<p>[\/vc_column_text][\/vc_column][\/vc_row][vc_row][vc_column][vc_column_text css=&#8220;&#8220;]<strong><em>Um Gerechtigkeit zu st\u00e4rken brauchen wir:<\/em><\/strong><\/p>\n<ol>\n<li>Zukunftsf\u00e4hige Unternehmen, die ihre Verantwortung f\u00fcr Umwelt und Menschrechte ernst nehmen<\/li>\n<li>Politiker*innen, die politische Rahmenbedingungen f\u00fcr verantwortungsvolle Konsument*innen und zukunftsf\u00e4hige Unternehmen schaffen<\/li>\n<li>Eine starke solidarische und weltoffene Zivilgesellschaft<\/li>\n<\/ol>\n<p><strong><em>Daher fordern wir\u00a0von der k\u00fcnftigen Bundesregierung:<\/em><\/strong><\/p>\n<ol>\n<li>Starke gesetzliche Rahmenbedingungen f\u00fcr Unternehmen zur Durchsetzung von Menschen- und Arbeitsrechten sowie Umwelt- und Klimaschutz<\/li>\n<li>Anreize f\u00fcr ein nachhaltiges Wirtschaften und eine nachhaltige Beschaffung<\/li>\n<li>Die St\u00e4rkung von klimaschonenden und \u00f6kologischen Anbaumethoden<\/li>\n<li>Die Unterst\u00fctzung des Fairen Handels und aktiver Zivilgesellschaften<\/li>\n<\/ol>\n<p>[\/vc_column_text][\/vc_column][\/vc_row][vc_row][vc_column][vc_empty_space][\/vc_column][\/vc_row]<\/p>\n<\/div>","protected":false},"excerpt":{"rendered":"<p>[vc_row][vc_column][vc_single_image image=&#8220;1112&#8243; img_size=&#8220;full&#8220; alignment=&#8220;center&#8220; css=&#8220;&#8220; image_hovers=&#8220;false&#8220;][vc_column_text css=&#8220;&#8220;]Bundestagswahl 2025 Nutzt eure Stimme f\u00fcr Gerechtigkeit! Der Weltladen-Dachverband und wir vom Weltladen M\u00f6ssingen positionieren uns gemeinsam mit dem Forum Fairer Handel und Fairtrade Deutschland f\u00fcr eine weltoffene und solidarische Gesellschaft, die Menschenrechte und unsere Demokratie sch\u00fctzt. Mit Blick auf die Bundestagswahl am 23. Februar 2025 lautet unsere Botschaft:&hellip;<\/p>\n","protected":false},"author":326,"featured_media":0,"parent":0,"menu_order":2,"comment_status":"closed","ping_status":"closed","template":"","meta":{"footnotes":""},"class_list":["post-1130","page","type-page","status-publish","hentry","description-off"],"yoast_head":"<!-- This site is optimized with the Yoast SEO plugin v26.8 - https:\/\/yoast.com\/product\/yoast-seo-wordpress\/ -->\n<title>Archiv-Bundestagswahlen 2025 - Weltladen M\u00f6ssingen<\/title>\n<meta name=\"robots\" content=\"index, follow, max-snippet:-1, max-image-preview:large, max-video-preview:-1\" \/>\n<link rel=\"canonical\" href=\"https:\/\/weltlaeden.de\/moessingen\/archiv-wahlen2025\/\" \/>\n<meta property=\"og:locale\" content=\"de_DE\" \/>\n<meta property=\"og:type\" content=\"article\" \/>\n<meta property=\"og:title\" content=\"Archiv-Bundestagswahlen 2025 - Weltladen M\u00f6ssingen\" \/>\n<meta property=\"og:description\" content=\"[vc_row][vc_column][vc_single_image image=&#8220;1112&#8243; img_size=&#8220;full&#8220; alignment=&#8220;center&#8220; css=&#8220;&#8220; image_hovers=&#8220;false&#8220;][vc_column_text css=&#8220;&#8220;]Bundestagswahl 2025 Nutzt eure Stimme f\u00fcr Gerechtigkeit! Der Weltladen-Dachverband und wir vom Weltladen M\u00f6ssingen positionieren uns gemeinsam mit dem Forum Fairer Handel und Fairtrade Deutschland f\u00fcr eine weltoffene und solidarische Gesellschaft, die Menschenrechte und unsere Demokratie sch\u00fctzt. Mit Blick auf die Bundestagswahl am 23. Februar 2025 lautet unsere Botschaft:&hellip;\" \/>\n<meta property=\"og:url\" content=\"https:\/\/weltlaeden.de\/moessingen\/archiv-wahlen2025\/\" \/>\n<meta property=\"og:site_name\" content=\"Weltladen M\u00f6ssingen\" \/>\n<meta property=\"article:modified_time\" content=\"2025-02-24T14:30:16+00:00\" \/>\n<meta name=\"twitter:card\" content=\"summary_large_image\" \/>\n<meta name=\"twitter:label1\" content=\"Gesch\u00e4tzte Lesezeit\" \/>\n\t<meta name=\"twitter:data1\" content=\"2\u00a0Minuten\" \/>\n<script type=\"application\/ld+json\" class=\"yoast-schema-graph\">{\"@context\":\"https:\/\/schema.org\",\"@graph\":[{\"@type\":\"WebPage\",\"@id\":\"https:\/\/weltlaeden.de\/moessingen\/archiv-wahlen2025\/\",\"url\":\"https:\/\/weltlaeden.de\/moessingen\/archiv-wahlen2025\/\",\"name\":\"Archiv-Bundestagswahlen 2025 - Weltladen M\u00f6ssingen\",\"isPartOf\":{\"@id\":\"https:\/\/weltlaeden.de\/moessingen\/#website\"},\"datePublished\":\"2025-02-24T14:27:53+00:00\",\"dateModified\":\"2025-02-24T14:30:16+00:00\",\"breadcrumb\":{\"@id\":\"https:\/\/weltlaeden.de\/moessingen\/archiv-wahlen2025\/#breadcrumb\"},\"inLanguage\":\"de\",\"potentialAction\":[{\"@type\":\"ReadAction\",\"target\":[\"https:\/\/weltlaeden.de\/moessingen\/archiv-wahlen2025\/\"]}]},{\"@type\":\"BreadcrumbList\",\"@id\":\"https:\/\/weltlaeden.de\/moessingen\/archiv-wahlen2025\/#breadcrumb\",\"itemListElement\":[{\"@type\":\"ListItem\",\"position\":1,\"name\":\"Startseite\",\"item\":\"https:\/\/weltlaeden.de\/moessingen\/\"},{\"@type\":\"ListItem\",\"position\":2,\"name\":\"Archiv-Bundestagswahlen 2025\"}]},{\"@type\":\"WebSite\",\"@id\":\"https:\/\/weltlaeden.de\/moessingen\/#website\",\"url\":\"https:\/\/weltlaeden.de\/moessingen\/\",\"name\":\"Weltladen M\u00f6ssingen\",\"description\":\"Faire Produkte seit 1990\",\"potentialAction\":[{\"@type\":\"SearchAction\",\"target\":{\"@type\":\"EntryPoint\",\"urlTemplate\":\"https:\/\/weltlaeden.de\/moessingen\/?s={search_term_string}\"},\"query-input\":{\"@type\":\"PropertyValueSpecification\",\"valueRequired\":true,\"valueName\":\"search_term_string\"}}],\"inLanguage\":\"de\"}]}<\/script>\n<!-- \/ Yoast SEO plugin. -->","yoast_head_json":{"title":"Archiv-Bundestagswahlen 2025 - Weltladen M\u00f6ssingen","robots":{"index":"index","follow":"follow","max-snippet":"max-snippet:-1","max-image-preview":"max-image-preview:large","max-video-preview":"max-video-preview:-1"},"canonical":"https:\/\/weltlaeden.de\/moessingen\/archiv-wahlen2025\/","og_locale":"de_DE","og_type":"article","og_title":"Archiv-Bundestagswahlen 2025 - Weltladen M\u00f6ssingen","og_description":"[vc_row][vc_column][vc_single_image image=&#8220;1112&#8243; img_size=&#8220;full&#8220; alignment=&#8220;center&#8220; css=&#8220;&#8220; image_hovers=&#8220;false&#8220;][vc_column_text css=&#8220;&#8220;]Bundestagswahl 2025 Nutzt eure Stimme f\u00fcr Gerechtigkeit! Der Weltladen-Dachverband und wir vom Weltladen M\u00f6ssingen positionieren uns gemeinsam mit dem Forum Fairer Handel und Fairtrade Deutschland f\u00fcr eine weltoffene und solidarische Gesellschaft, die Menschenrechte und unsere Demokratie sch\u00fctzt. Mit Blick auf die Bundestagswahl am 23. Februar 2025 lautet unsere Botschaft:&hellip;","og_url":"https:\/\/weltlaeden.de\/moessingen\/archiv-wahlen2025\/","og_site_name":"Weltladen M\u00f6ssingen","article_modified_time":"2025-02-24T14:30:16+00:00","twitter_card":"summary_large_image","twitter_misc":{"Gesch\u00e4tzte Lesezeit":"2\u00a0Minuten"},"schema":{"@context":"https:\/\/schema.org","@graph":[{"@type":"WebPage","@id":"https:\/\/weltlaeden.de\/moessingen\/archiv-wahlen2025\/","url":"https:\/\/weltlaeden.de\/moessingen\/archiv-wahlen2025\/","name":"Archiv-Bundestagswahlen 2025 - Weltladen M\u00f6ssingen","isPartOf":{"@id":"https:\/\/weltlaeden.de\/moessingen\/#website"},"datePublished":"2025-02-24T14:27:53+00:00","dateModified":"2025-02-24T14:30:16+00:00","breadcrumb":{"@id":"https:\/\/weltlaeden.de\/moessingen\/archiv-wahlen2025\/#breadcrumb"},"inLanguage":"de","potentialAction":[{"@type":"ReadAction","target":["https:\/\/weltlaeden.de\/moessingen\/archiv-wahlen2025\/"]}]},{"@type":"BreadcrumbList","@id":"https:\/\/weltlaeden.de\/moessingen\/archiv-wahlen2025\/#breadcrumb","itemListElement":[{"@type":"ListItem","position":1,"name":"Startseite","item":"https:\/\/weltlaeden.de\/moessingen\/"},{"@type":"ListItem","position":2,"name":"Archiv-Bundestagswahlen 2025"}]},{"@type":"WebSite","@id":"https:\/\/weltlaeden.de\/moessingen\/#website","url":"https:\/\/weltlaeden.de\/moessingen\/","name":"Weltladen M\u00f6ssingen","description":"Faire Produkte seit 1990","potentialAction":[{"@type":"SearchAction","target":{"@type":"EntryPoint","urlTemplate":"https:\/\/weltlaeden.de\/moessingen\/?s={search_term_string}"},"query-input":{"@type":"PropertyValueSpecification","valueRequired":true,"valueName":"search_term_string"}}],"inLanguage":"de"}]}},"_links":{"self":[{"href":"https:\/\/weltlaeden.de\/moessingen\/wp-json\/wp\/v2\/pages\/1130","targetHints":{"allow":["GET"]}}],"collection":[{"href":"https:\/\/weltlaeden.de\/moessingen\/wp-json\/wp\/v2\/pages"}],"about":[{"href":"https:\/\/weltlaeden.de\/moessingen\/wp-json\/wp\/v2\/types\/page"}],"author":[{"embeddable":true,"href":"https:\/\/weltlaeden.de\/moessingen\/wp-json\/wp\/v2\/users\/326"}],"replies":[{"embeddable":true,"href":"https:\/\/weltlaeden.de\/moessingen\/wp-json\/wp\/v2\/comments?post=1130"}],"version-history":[{"count":2,"href":"https:\/\/weltlaeden.de\/moessingen\/wp-json\/wp\/v2\/pages\/1130\/revisions"}],"predecessor-version":[{"id":1132,"href":"https:\/\/weltlaeden.de\/moessingen\/wp-json\/wp\/v2\/pages\/1130\/revisions\/1132"}],"wp:attachment":[{"href":"https:\/\/weltlaeden.de\/moessingen\/wp-json\/wp\/v2\/media?parent=1130"}],"curies":[{"name":"wp","href":"https:\/\/api.w.org\/{rel}","templated":true}]}}