{"id":911,"date":"2021-04-05T19:36:46","date_gmt":"2021-04-05T17:36:46","guid":{"rendered":"https:\/\/weltlaeden.de\/messstetten\/?page_id=911"},"modified":"2024-10-04T20:02:41","modified_gmt":"2024-10-04T18:02:41","slug":"produkte-des-monats","status":"publish","type":"page","link":"https:\/\/weltlaeden.de\/messstetten\/produkte-des-monats\/","title":{"rendered":"Produkte des Monats"},"content":{"rendered":"<h1 style=\"text-align: center\"><\/h1>\n<p>&nbsp;<\/p>\n<h2 style=\"text-align: center\">Bio-Trockenfr\u00fcchte aus Tansania<\/h2>\n<p>&nbsp;<\/p>\n<p style=\"text-align: center\"><a class=\"dt-pswp-item\" href=\"https:\/\/weltlaeden.de\/messstetten\/wp-content\/uploads\/sites\/150\/2024\/10\/Kipepeo.jpg\" data-dt-img-description=\"\" data-large_image_width=\"1536\" data-large_image_height=\"2048\"><img loading=\"lazy\" decoding=\"async\" class=\"alignnone size-medium wp-image-1603\" src=\"https:\/\/weltlaeden.de\/messstetten\/wp-content\/uploads\/sites\/150\/2024\/10\/Kipepeo-225x300.jpg\" alt=\"\" width=\"225\" height=\"300\" srcset=\"https:\/\/weltlaeden.de\/messstetten\/wp-content\/uploads\/sites\/150\/2024\/10\/Kipepeo-225x300.jpg 225w, https:\/\/weltlaeden.de\/messstetten\/wp-content\/uploads\/sites\/150\/2024\/10\/Kipepeo-768x1024.jpg 768w, https:\/\/weltlaeden.de\/messstetten\/wp-content\/uploads\/sites\/150\/2024\/10\/Kipepeo-1152x1536.jpg 1152w, https:\/\/weltlaeden.de\/messstetten\/wp-content\/uploads\/sites\/150\/2024\/10\/Kipepeo.jpg 1536w\" sizes=\"auto, (max-width: 225px) 100vw, 225px\" \/><\/a><\/p>\n<p>&nbsp;<\/p>\n<h2 style=\"text-align: center\"><strong>Neu im Weltladen eingetroffen: Bio-Trockenfr\u00fcchte aus Tansania<\/strong><\/h2>\n<p><strong>Ananas, Papaya, Physalis und Jackfrucht<\/strong> \u2013 die Trockenf\u00fcrchte von unserem Fairhandelspartner Kipepeo sind allesamt \u00f6kologisch mit Solarenergie und Wasserkraft schonend getrocknet, ohne direkte UV-Bestrahlung oder fossile Energien. So erhalten sie ihre einzigartige Rohkostqualit\u00e4t, Vitamine und Mineralien bleiben erhalten. Die Trockenfr\u00fcchte sind unbehandelt, ungezuckert und frei von Konservierungsstoffen.<\/p>\n<p>Kipepeo Bio &amp; Fair GmbH ist ein deutsches Handelsunternehmen und Partner von ostafrikanischen Kleinbauern mit Sitz im schw\u00e4bischen Frickenhausen. Es arbeitet nach den Grunds\u00e4tzen des Fairen Handels und bringt zertifizierte, \u00f6kologisch angebaute tropische Fr\u00fcchte der Kleinbauern auf den europ\u00e4ischen Naturkostmarkt. Die Bauern erhalten ein existenzsicherndes Einkommen und k\u00f6nnen ihre Selbst\u00e4ndigkeit bewahren. Das wirkt der Landflucht und der wachsenden Armut und Verelendung in den Gro\u00dfst\u00e4dten entgegen.<\/p>\n<p>Kipepeo ist ein Wort aus dem Suaheli und bedeutet Schmetterling. Es passt gut zu den tropischen Fr\u00fcchten, mit denen Kipepeo handelt und ist zugleich ein Symbol f\u00fcr die Verwandlung, die der Faire Handel bewirken kann. Der Gr\u00fcnder von Kipepeo betreute als evangelischer Diakon sieben Jahre lang eine Gemeinde im Nordwesten Tansanias. Dort erlebte er, wie fallende Kaffeepreise auf dem Weltmarkt die Menschen in dieser abgelegenen Gegend ins Elend stie\u00dfen. Zur\u00fcck in Deutschland startete er 1999 die Importfirma Kipepeo Bio &amp; Fair GmbH, um wirkungsvoll Hilfe durch gerechten Handel leisten zu k\u00f6nne<\/p>\n<p>&nbsp;<\/p>\n<h1><\/h1>\n<h1><\/h1>\n<h1 style=\"text-align: center\">Silberschmuck aus Mexiko<\/h1>\n<h1><a class=\"dt-pswp-item\" href=\"https:\/\/weltlaeden.de\/messstetten\/wp-content\/uploads\/sites\/150\/2024\/04\/Pakilia1-Kopie-scaled.jpg\" data-dt-img-description=\"\" data-large_image_width=\"2560\" data-large_image_height=\"1920\"><img loading=\"lazy\" decoding=\"async\" class=\"size-medium wp-image-1585 aligncenter\" src=\"https:\/\/weltlaeden.de\/messstetten\/wp-content\/uploads\/sites\/150\/2024\/04\/Pakilia1-Kopie-300x225.jpg\" alt=\"\" width=\"300\" height=\"225\" srcset=\"https:\/\/weltlaeden.de\/messstetten\/wp-content\/uploads\/sites\/150\/2024\/04\/Pakilia1-Kopie-300x225.jpg 300w, https:\/\/weltlaeden.de\/messstetten\/wp-content\/uploads\/sites\/150\/2024\/04\/Pakilia1-Kopie-1024x768.jpg 1024w, https:\/\/weltlaeden.de\/messstetten\/wp-content\/uploads\/sites\/150\/2024\/04\/Pakilia1-Kopie-768x576.jpg 768w, https:\/\/weltlaeden.de\/messstetten\/wp-content\/uploads\/sites\/150\/2024\/04\/Pakilia1-Kopie-1536x1152.jpg 1536w, https:\/\/weltlaeden.de\/messstetten\/wp-content\/uploads\/sites\/150\/2024\/04\/Pakilia1-Kopie-2048x1536.jpg 2048w\" sizes=\"auto, (max-width: 300px) 100vw, 300px\" \/><\/a><\/h1>\n<p><strong>Freude geben mit Silberschmuck aus Mexiko: Echt fair \u2013 echt Silber \u2013 echt Handarbeit<\/strong><\/p>\n<p>&nbsp;<\/p>\n<p>Das Wort <strong>Pakilia<\/strong> stammt aus der Aztekensprache Nahuatl und bedeutet \u201e<strong>Freude<\/strong> <strong>geben<\/strong>\u201c. Mit dem Silberschmuck von pakilia, den wir neu in unser Sortiment aufgenommen haben, wollen wir genau das tun: Freude geben, sowohl unseren Kundinnen und Kunden als auch den \u201eartesanos\u201c in Mexiko, die diesen au\u00dfergew\u00f6hnlich sch\u00f6nen Silberschmuck herstellen.<\/p>\n<p>Die Schmuckst\u00fccke beziehen wir von unserem Fairhandelspartner pakilia, einem jungen Unternehmen aus Freiburg, das nach den\u00a0Prinzipien des Fairen Handels mit Kunsthandwerkerfamilien aus Taxco\/Mexiko zusammenarbeitet, die au\u00dfer dem w\u00f6chentlichen Silbermarkt in\u00a0<a href=\"https:\/\/www.pakilia.com\/Taxco-Silberstadt\/\">Taxco<\/a>\u00a0in der Regel keine Absatzm\u00f6glichkeit f\u00fcr ihre Produkte haben. Die Zusammenarbeit mit den Handwerkern und Handwerkerinnen beruht auf\u00a0Dialog, Transparenz\u00a0und\u00a0Respekt, womit pakilia im Kleinen zu mehr Gerechtigkeit im internationalen Handel beitr\u00e4gt. Pakilia wird regelm\u00e4\u00dfig vom deutschen\u00a0<a href=\"https:\/\/www.weltladen.de\/fuer-weltlaeden\/lieferantenkatalog\/\">Weltladen Dachverband<\/a>\u00a0unabh\u00e4ngig \u00fcberpr\u00fcft und als anerkannter Lieferant zertifiziert, au\u00dferdem ist pakilia Mitglied im\u00a0<a href=\"https:\/\/www.fair-band.de\/\">FairBand<\/a>\u00a0\u2013 dem deutschen Bundesverband f\u00fcr fairen Import und Vertrieb.<\/p>\n<p>Jedes pakilia Schmuckst\u00fcck ist ein Einzelst\u00fcck, in Handarbeit aus hochwertigem, recyceltem 925er Sterling-Silber hergestellt und garantiert nickelfrei. Die Kunsthandwerkerinnen und -handwerker beziehen den wertvollen Rohstoff von kleinen H\u00e4ndlern in Taxco oder aus ihrem manufaktureigenen Recyclingkreislauf durch Altsilber-Sammelaktionen. Ein verantwortungsvoller und schonender Umgang mit dem wertvollen Sterling-Silber ist ihnen sehr wichtig. Jeder noch so kleine Silberrest, sogar der Polierstaub wird sorgf\u00e4ltig aufgehoben und wiederverwendet.<\/p>\n<p>\u00dcberzeugen Sie sich selbst von den au\u00dfergew\u00f6hnlich sch\u00f6nen Schmuckst\u00fccken und geben Sie Freude. Pakilia.<\/p>\n<h1><\/h1>\n<h1><\/h1>\n<h1><\/h1>\n<h1><\/h1>\n<h1><\/h1>\n<h1><a class=\"dt-pswp-item\" href=\"https:\/\/weltlaeden.de\/messstetten\/wp-content\/uploads\/sites\/150\/2023\/08\/Sonnenglas.jpg\" data-dt-img-description=\"\" data-large_image_width=\"1536\" data-large_image_height=\"2048\"><img loading=\"lazy\" decoding=\"async\" class=\"alignnone size-medium wp-image-1517\" src=\"https:\/\/weltlaeden.de\/messstetten\/wp-content\/uploads\/sites\/150\/2023\/08\/Sonnenglas-225x300.jpg\" alt=\"\" width=\"225\" height=\"300\" srcset=\"https:\/\/weltlaeden.de\/messstetten\/wp-content\/uploads\/sites\/150\/2023\/08\/Sonnenglas-225x300.jpg 225w, https:\/\/weltlaeden.de\/messstetten\/wp-content\/uploads\/sites\/150\/2023\/08\/Sonnenglas-768x1024.jpg 768w, https:\/\/weltlaeden.de\/messstetten\/wp-content\/uploads\/sites\/150\/2023\/08\/Sonnenglas-1152x1536.jpg 1152w, https:\/\/weltlaeden.de\/messstetten\/wp-content\/uploads\/sites\/150\/2023\/08\/Sonnenglas-scaled.jpg 1536w\" sizes=\"auto, (max-width: 225px) 100vw, 225px\" \/><\/a><\/h1>\n<h1><\/h1>\n<h1><\/h1>\n<h1>Sonnengl\u00e4ser<\/h1>\n<p><strong>Jetzt neu im Weltladen erh\u00e4ltlich: Sonnenglas, das Solarlicht im Einmachglas &#8211; nachhaltig, umweltbewusst, individuell<\/strong><\/p>\n<p>Das Prinzip dieser\u00a0<strong>Solarlampe<\/strong>\u00a0ist simpel und geradezu genial: Das Sonnenglas\u00a0speichert w\u00e4hrend des Tages Energie, die es nachts in Form von Licht wieder abgibt. Diese Methode der Lichterzeugung ist nachhaltig, stellt einen einfachen Weg dar, umwelt- und energiebewusst zu leben und macht einfach Spa\u00df.<\/p>\n<p>Das Sonnenglas ist mit LEDs ausgestattet, die \u00fcber ein Solar-Sonnenmodul im Deckel aufgeladen werden. Wird es in die Sonne gestellt, wird der integrierte Akku aufgeladen und die LEDs spenden dann f\u00fcr viele Stunden weiches und helles Licht.<\/p>\n<p>Ein Sonnenglas ist ideal als Solar-Laterne, Gartenlampe, f\u00fcr Grillpartys, beim Camping, einfach f\u00fcr alle Outdoor-Aktivit\u00e4ten, bei denen nach Sonnenuntergang eine gem\u00fctliche, idyllische Abendstimmung erzeugt werden soll. Ideal gerade in Jahreszeiten, in denen es abends wieder fr\u00fcher dunkel wird. Das Besondere daran: Das Innere des Glases bietet viel Platz f\u00fcr eine eigene Gestaltung. Sand und Muscheln vom letzten Strandurlaub, getrocknete Blumen, bunte Perlen, ein Kuscheltier\u2026 Einfach den Deckel abschrauben und kreativ werden.<\/p>\n<p><strong>Ein nachhaltiges Licht f\u00fcr uns \u2013 gleichzeitig ein Lichtblick f\u00fcr alle<\/strong><\/p>\n<p>Seit der Entwicklung des Sonnenglases\u00a0in den Townships von Johannesburg ist es ein Licht, das auf viele Arten leuchtet. Die Solarlaternen werden sozial nachhaltig und konsequent nach Fair Trade Standards produziert. Das Unternehmen SONNENGLAS<sup>\u00ae <\/sup>kann mittlerweile mehr als 65 zuvor arbeitslose Menschen aus den Johannesburger Randgebieten Alexandra und Soweto besch\u00e4ftigen. Die Sonnengl\u00e4ser werden zu einem Gro\u00dfteil in Handarbeit gefertigt, was die hohe Qualit\u00e4t und eine besonders lange Lebensdauer garantiert. Eine echte s\u00fcdafrikanische Erfolgsgeschichte, die nicht nur mehr Licht in die Townships bringt, sondern die auch Me\u00dfstetten St\u00fcck f\u00fcr St\u00fcck zu einem helleren Ort machen kann.<\/p>\n<p>&nbsp;<\/p>\n<p>&nbsp;<\/p>\n<p>&nbsp;<\/p>\n","protected":false},"excerpt":{"rendered":"<p>&nbsp; Bio-Trockenfr\u00fcchte aus Tansania &nbsp; &nbsp; Neu im Weltladen eingetroffen: Bio-Trockenfr\u00fcchte aus Tansania Ananas, Papaya, Physalis und Jackfrucht \u2013 die Trockenf\u00fcrchte von unserem Fairhandelspartner Kipepeo sind allesamt \u00f6kologisch mit Solarenergie und Wasserkraft schonend getrocknet, ohne direkte UV-Bestrahlung oder fossile Energien. So erhalten sie ihre einzigartige Rohkostqualit\u00e4t, Vitamine und Mineralien bleiben erhalten. Die Trockenfr\u00fcchte sind unbehandelt,&hellip;<\/p>\n","protected":false},"author":217,"featured_media":1436,"parent":0,"menu_order":0,"comment_status":"closed","ping_status":"closed","template":"","meta":{"footnotes":""},"class_list":["post-911","page","type-page","status-publish","has-post-thumbnail","hentry","description-off"],"yoast_head":"<!-- This site is optimized with the Yoast SEO plugin v26.8 - https:\/\/yoast.com\/product\/yoast-seo-wordpress\/ -->\n<title>Produkte des Monats - Weltladen Me\u00dfstetten<\/title>\n<meta name=\"robots\" content=\"index, follow, max-snippet:-1, max-image-preview:large, max-video-preview:-1\" \/>\n<link rel=\"canonical\" href=\"https:\/\/weltlaeden.de\/messstetten\/produkte-des-monats\/\" \/>\n<meta property=\"og:locale\" content=\"de_DE\" \/>\n<meta property=\"og:type\" content=\"article\" \/>\n<meta property=\"og:title\" content=\"Produkte des Monats - Weltladen Me\u00dfstetten\" \/>\n<meta property=\"og:description\" content=\"&nbsp; Bio-Trockenfr\u00fcchte aus Tansania &nbsp; &nbsp; Neu im Weltladen eingetroffen: Bio-Trockenfr\u00fcchte aus Tansania Ananas, Papaya, Physalis und Jackfrucht \u2013 die Trockenf\u00fcrchte von unserem Fairhandelspartner Kipepeo sind allesamt \u00f6kologisch mit Solarenergie und Wasserkraft schonend getrocknet, ohne direkte UV-Bestrahlung oder fossile Energien. So erhalten sie ihre einzigartige Rohkostqualit\u00e4t, Vitamine und Mineralien bleiben erhalten. Die Trockenfr\u00fcchte sind unbehandelt,&hellip;\" \/>\n<meta property=\"og:url\" content=\"https:\/\/weltlaeden.de\/messstetten\/produkte-des-monats\/\" \/>\n<meta property=\"og:site_name\" content=\"Weltladen Me\u00dfstetten\" \/>\n<meta property=\"article:modified_time\" content=\"2024-10-04T18:02:41+00:00\" \/>\n<meta property=\"og:image\" content=\"https:\/\/weltlaeden.de\/messstetten\/wp-content\/uploads\/sites\/150\/2023\/02\/Honey-Kaffee2.jpg\" \/>\n\t<meta property=\"og:image:width\" content=\"2048\" \/>\n\t<meta property=\"og:image:height\" content=\"1536\" \/>\n\t<meta property=\"og:image:type\" content=\"image\/jpeg\" \/>\n<meta name=\"twitter:card\" content=\"summary_large_image\" \/>\n<meta name=\"twitter:label1\" content=\"Gesch\u00e4tzte Lesezeit\" \/>\n\t<meta name=\"twitter:data1\" content=\"5\u00a0Minuten\" \/>\n<script type=\"application\/ld+json\" class=\"yoast-schema-graph\">{\"@context\":\"https:\/\/schema.org\",\"@graph\":[{\"@type\":\"WebPage\",\"@id\":\"https:\/\/weltlaeden.de\/messstetten\/produkte-des-monats\/\",\"url\":\"https:\/\/weltlaeden.de\/messstetten\/produkte-des-monats\/\",\"name\":\"Produkte des Monats - Weltladen Me\u00dfstetten\",\"isPartOf\":{\"@id\":\"https:\/\/weltlaeden.de\/messstetten\/#website\"},\"primaryImageOfPage\":{\"@id\":\"https:\/\/weltlaeden.de\/messstetten\/produkte-des-monats\/#primaryimage\"},\"image\":{\"@id\":\"https:\/\/weltlaeden.de\/messstetten\/produkte-des-monats\/#primaryimage\"},\"thumbnailUrl\":\"https:\/\/weltlaeden.de\/messstetten\/wp-content\/uploads\/sites\/150\/2023\/02\/Honey-Kaffee2.jpg\",\"datePublished\":\"2021-04-05T17:36:46+00:00\",\"dateModified\":\"2024-10-04T18:02:41+00:00\",\"breadcrumb\":{\"@id\":\"https:\/\/weltlaeden.de\/messstetten\/produkte-des-monats\/#breadcrumb\"},\"inLanguage\":\"de\",\"potentialAction\":[{\"@type\":\"ReadAction\",\"target\":[\"https:\/\/weltlaeden.de\/messstetten\/produkte-des-monats\/\"]}]},{\"@type\":\"ImageObject\",\"inLanguage\":\"de\",\"@id\":\"https:\/\/weltlaeden.de\/messstetten\/produkte-des-monats\/#primaryimage\",\"url\":\"https:\/\/weltlaeden.de\/messstetten\/wp-content\/uploads\/sites\/150\/2023\/02\/Honey-Kaffee2.jpg\",\"contentUrl\":\"https:\/\/weltlaeden.de\/messstetten\/wp-content\/uploads\/sites\/150\/2023\/02\/Honey-Kaffee2.jpg\",\"width\":2048,\"height\":1536},{\"@type\":\"BreadcrumbList\",\"@id\":\"https:\/\/weltlaeden.de\/messstetten\/produkte-des-monats\/#breadcrumb\",\"itemListElement\":[{\"@type\":\"ListItem\",\"position\":1,\"name\":\"Startseite\",\"item\":\"https:\/\/weltlaeden.de\/messstetten\/\"},{\"@type\":\"ListItem\",\"position\":2,\"name\":\"Produkte des Monats\"}]},{\"@type\":\"WebSite\",\"@id\":\"https:\/\/weltlaeden.de\/messstetten\/#website\",\"url\":\"https:\/\/weltlaeden.de\/messstetten\/\",\"name\":\"Weltladen Me\u00dfstetten\",\"description\":\"Faire Produkte seit 1978\",\"potentialAction\":[{\"@type\":\"SearchAction\",\"target\":{\"@type\":\"EntryPoint\",\"urlTemplate\":\"https:\/\/weltlaeden.de\/messstetten\/?s={search_term_string}\"},\"query-input\":{\"@type\":\"PropertyValueSpecification\",\"valueRequired\":true,\"valueName\":\"search_term_string\"}}],\"inLanguage\":\"de\"}]}<\/script>\n<!-- \/ Yoast SEO plugin. -->","yoast_head_json":{"title":"Produkte des Monats - Weltladen Me\u00dfstetten","robots":{"index":"index","follow":"follow","max-snippet":"max-snippet:-1","max-image-preview":"max-image-preview:large","max-video-preview":"max-video-preview:-1"},"canonical":"https:\/\/weltlaeden.de\/messstetten\/produkte-des-monats\/","og_locale":"de_DE","og_type":"article","og_title":"Produkte des Monats - Weltladen Me\u00dfstetten","og_description":"&nbsp; Bio-Trockenfr\u00fcchte aus Tansania &nbsp; &nbsp; Neu im Weltladen eingetroffen: Bio-Trockenfr\u00fcchte aus Tansania Ananas, Papaya, Physalis und Jackfrucht \u2013 die Trockenf\u00fcrchte von unserem Fairhandelspartner Kipepeo sind allesamt \u00f6kologisch mit Solarenergie und Wasserkraft schonend getrocknet, ohne direkte UV-Bestrahlung oder fossile Energien. So erhalten sie ihre einzigartige Rohkostqualit\u00e4t, Vitamine und Mineralien bleiben erhalten. Die Trockenfr\u00fcchte sind unbehandelt,&hellip;","og_url":"https:\/\/weltlaeden.de\/messstetten\/produkte-des-monats\/","og_site_name":"Weltladen Me\u00dfstetten","article_modified_time":"2024-10-04T18:02:41+00:00","og_image":[{"width":2048,"height":1536,"url":"https:\/\/weltlaeden.de\/messstetten\/wp-content\/uploads\/sites\/150\/2023\/02\/Honey-Kaffee2.jpg","type":"image\/jpeg"}],"twitter_card":"summary_large_image","twitter_misc":{"Gesch\u00e4tzte Lesezeit":"5\u00a0Minuten"},"schema":{"@context":"https:\/\/schema.org","@graph":[{"@type":"WebPage","@id":"https:\/\/weltlaeden.de\/messstetten\/produkte-des-monats\/","url":"https:\/\/weltlaeden.de\/messstetten\/produkte-des-monats\/","name":"Produkte des Monats - Weltladen Me\u00dfstetten","isPartOf":{"@id":"https:\/\/weltlaeden.de\/messstetten\/#website"},"primaryImageOfPage":{"@id":"https:\/\/weltlaeden.de\/messstetten\/produkte-des-monats\/#primaryimage"},"image":{"@id":"https:\/\/weltlaeden.de\/messstetten\/produkte-des-monats\/#primaryimage"},"thumbnailUrl":"https:\/\/weltlaeden.de\/messstetten\/wp-content\/uploads\/sites\/150\/2023\/02\/Honey-Kaffee2.jpg","datePublished":"2021-04-05T17:36:46+00:00","dateModified":"2024-10-04T18:02:41+00:00","breadcrumb":{"@id":"https:\/\/weltlaeden.de\/messstetten\/produkte-des-monats\/#breadcrumb"},"inLanguage":"de","potentialAction":[{"@type":"ReadAction","target":["https:\/\/weltlaeden.de\/messstetten\/produkte-des-monats\/"]}]},{"@type":"ImageObject","inLanguage":"de","@id":"https:\/\/weltlaeden.de\/messstetten\/produkte-des-monats\/#primaryimage","url":"https:\/\/weltlaeden.de\/messstetten\/wp-content\/uploads\/sites\/150\/2023\/02\/Honey-Kaffee2.jpg","contentUrl":"https:\/\/weltlaeden.de\/messstetten\/wp-content\/uploads\/sites\/150\/2023\/02\/Honey-Kaffee2.jpg","width":2048,"height":1536},{"@type":"BreadcrumbList","@id":"https:\/\/weltlaeden.de\/messstetten\/produkte-des-monats\/#breadcrumb","itemListElement":[{"@type":"ListItem","position":1,"name":"Startseite","item":"https:\/\/weltlaeden.de\/messstetten\/"},{"@type":"ListItem","position":2,"name":"Produkte des Monats"}]},{"@type":"WebSite","@id":"https:\/\/weltlaeden.de\/messstetten\/#website","url":"https:\/\/weltlaeden.de\/messstetten\/","name":"Weltladen Me\u00dfstetten","description":"Faire Produkte seit 1978","potentialAction":[{"@type":"SearchAction","target":{"@type":"EntryPoint","urlTemplate":"https:\/\/weltlaeden.de\/messstetten\/?s={search_term_string}"},"query-input":{"@type":"PropertyValueSpecification","valueRequired":true,"valueName":"search_term_string"}}],"inLanguage":"de"}]}},"_links":{"self":[{"href":"https:\/\/weltlaeden.de\/messstetten\/wp-json\/wp\/v2\/pages\/911","targetHints":{"allow":["GET"]}}],"collection":[{"href":"https:\/\/weltlaeden.de\/messstetten\/wp-json\/wp\/v2\/pages"}],"about":[{"href":"https:\/\/weltlaeden.de\/messstetten\/wp-json\/wp\/v2\/types\/page"}],"author":[{"embeddable":true,"href":"https:\/\/weltlaeden.de\/messstetten\/wp-json\/wp\/v2\/users\/217"}],"replies":[{"embeddable":true,"href":"https:\/\/weltlaeden.de\/messstetten\/wp-json\/wp\/v2\/comments?post=911"}],"version-history":[{"count":45,"href":"https:\/\/weltlaeden.de\/messstetten\/wp-json\/wp\/v2\/pages\/911\/revisions"}],"predecessor-version":[{"id":1616,"href":"https:\/\/weltlaeden.de\/messstetten\/wp-json\/wp\/v2\/pages\/911\/revisions\/1616"}],"wp:featuredmedia":[{"embeddable":true,"href":"https:\/\/weltlaeden.de\/messstetten\/wp-json\/wp\/v2\/media\/1436"}],"wp:attachment":[{"href":"https:\/\/weltlaeden.de\/messstetten\/wp-json\/wp\/v2\/media?parent=911"}],"curies":[{"name":"wp","href":"https:\/\/api.w.org\/{rel}","templated":true}]}}