{"id":20,"date":"2020-10-26T14:05:21","date_gmt":"2020-10-26T13:05:21","guid":{"rendered":"https:\/\/wl.heimpixel.de\/vorlage\/weltladen-musterdorf\/"},"modified":"2026-03-31T21:55:00","modified_gmt":"2026-03-31T19:55:00","slug":"weltladen-musterdorf","status":"publish","type":"page","link":"https:\/\/weltlaeden.de\/messstetten\/","title":{"rendered":"Weltladen Me\u00dfstetten"},"content":{"rendered":"<div class=\"wpb-content-wrapper\"><p>[vc_row][vc_column]<div class=\"wl_einzelbild\"><p><\/p>\n<p>&nbsp;<\/p>\n<h1 style=\"text-align: center\"><strong>\u00a0\u00a0\u00a0 Willkommen im Weltladen Me\u00dfstetten !<\/strong><\/h1>\n<h3 style=\"text-align: center\">Besuchen Sie unser Ladengesch\u00e4ft in der Ebinger- Stra\u00dfe 24 und entdecken Sie das reichhaltige Angebot<\/h3>\n<p>&nbsp;<\/p>\n<p>&nbsp;<\/p>\n<h1 style=\"text-align: center\"><a class=\"dt-pswp-item\" href=\"https:\/\/weltlaeden.de\/messstetten\/wp-content\/uploads\/sites\/150\/2026\/03\/20260314_085104-1-scaled.jpg\" data-dt-img-description=\"\" data-large_image_width=\"2560\" data-large_image_height=\"1920\"><img loading=\"lazy\" decoding=\"async\" class=\"wp-image-1772  aligncenter\" src=\"https:\/\/weltlaeden.de\/messstetten\/wp-content\/uploads\/sites\/150\/2026\/03\/20260314_085104-1-1024x768.jpg\" alt=\"\" width=\"854\" height=\"641\" srcset=\"https:\/\/weltlaeden.de\/messstetten\/wp-content\/uploads\/sites\/150\/2026\/03\/20260314_085104-1-1024x768.jpg 1024w, https:\/\/weltlaeden.de\/messstetten\/wp-content\/uploads\/sites\/150\/2026\/03\/20260314_085104-1-300x225.jpg 300w, https:\/\/weltlaeden.de\/messstetten\/wp-content\/uploads\/sites\/150\/2026\/03\/20260314_085104-1-768x576.jpg 768w, https:\/\/weltlaeden.de\/messstetten\/wp-content\/uploads\/sites\/150\/2026\/03\/20260314_085104-1-1536x1152.jpg 1536w, https:\/\/weltlaeden.de\/messstetten\/wp-content\/uploads\/sites\/150\/2026\/03\/20260314_085104-1-2048x1536.jpg 2048w\" sizes=\"auto, (max-width: 854px) 100vw, 854px\" \/><\/a><\/h1>\n<p>&nbsp;<\/p>\n<p>&nbsp;<\/p>\n<h1 style=\"text-align: left\">Was Sie auf dieser Website finden:<\/h1>\n<p>[vc_empty_space height=&#8220;20px&#8220;][vc_row_inner][vc_column_inner width=&#8220;1\/4&#8243;]<div class=\"wl_einzelbild\"><p><\/p><\/div><\/div>[\/vc_column_inner][vc_column_inner width=&#8220;3\/4&#8243;]<\/p>\n<h3><img loading=\"lazy\" decoding=\"async\" class=\"alignleft size-thumbnail wp-image-nsm-3-15\" src=\"https:\/\/weltlaeden.de\/vorlage\/wp-content\/uploads\/sites\/3\/2016\/11\/FairerHandel_ElPuente_Fingerpuppen_EccoExe_Peru-150x150.jpg\" alt=\"\" width=\"150\" height=\"150\" \/>Fairer Handel<\/h3>\n<p>Was meint Fairer Handel \u00fcberhaupt? Welche Kriterien m\u00fcssen eingehalten werden und wer \u00fcberpr\u00fcft diese? <a href=\"https:\/\/weltlaeden.de\/messstetten\/fairer-handel\/\">Erfahren Sie mehr &#8230;<\/a><\/p>\n<p>[\/vc_column_text][\/vc_column_inner][\/vc_row_inner][vc_separator][vc_row_inner][vc_column_inner width=&#8220;1\/4&#8243;]<div class=\"wl_einzelbild\"><p><img loading=\"lazy\" decoding=\"async\" class=\"alignleft size-full wp-image-nsm-3-28\" src=\"https:\/\/weltlaeden.de\/vorlage\/wp-content\/uploads\/sites\/3\/2018\/05\/Lebensmittel_WL-Bornheim-Christian-Schilling_150x150.jpg\" alt=\"\" width=\"150\" height=\"150\" \/><\/p><\/div>[\/vc_column_inner][vc_column_inner width=&#8220;3\/4&#8243;][vc_column_text]<\/p>\n<h3>Produkte<\/h3>\n<p>Unsere Produkte im Weltladen sind nat\u00fcrlich alle aus Fairem Handel, dennoch kommen sie von unterschiedlichen Fair-Handels-Importeuren. <a href=\"https:\/\/weltlaeden.de\/messstetten\/produkte\/\">Hier zeigen wir Ihnen unser Sortiment &#8230;<\/a><\/p>\n<p>[\/vc_column_text][\/vc_column_inner][\/vc_row_inner][vc_separator][vc_row_inner][vc_column_inner width=&#8220;1\/4&#8243;]<div class=\"wl_einzelbild\"><p><a class=\"dt-pswp-item\" href=\"https:\/\/weltlaeden.de\/messstetten\/wp-content\/uploads\/sites\/150\/2022\/02\/IMG_0418-scaled.jpg\" data-dt-img-description=\"\" data-large_image_width=\"1280\" data-large_image_height=\"1920\"><img loading=\"lazy\" decoding=\"async\" class=\"alignnone wp-image-1207\" src=\"https:\/\/weltlaeden.de\/messstetten\/wp-content\/uploads\/sites\/150\/2022\/02\/IMG_0418-200x300.jpg\" alt=\"\" width=\"152\" height=\"228\" srcset=\"https:\/\/weltlaeden.de\/messstetten\/wp-content\/uploads\/sites\/150\/2022\/02\/IMG_0418-200x300.jpg 200w, https:\/\/weltlaeden.de\/messstetten\/wp-content\/uploads\/sites\/150\/2022\/02\/IMG_0418-683x1024.jpg 683w, https:\/\/weltlaeden.de\/messstetten\/wp-content\/uploads\/sites\/150\/2022\/02\/IMG_0418-768x1152.jpg 768w, https:\/\/weltlaeden.de\/messstetten\/wp-content\/uploads\/sites\/150\/2022\/02\/IMG_0418-1024x1536.jpg 1024w, https:\/\/weltlaeden.de\/messstetten\/wp-content\/uploads\/sites\/150\/2022\/02\/IMG_0418-1365x2048.jpg 1365w, https:\/\/weltlaeden.de\/messstetten\/wp-content\/uploads\/sites\/150\/2022\/02\/IMG_0418-scaled.jpg 1280w\" sizes=\"auto, (max-width: 152px) 100vw, 152px\" \/><\/a><\/p><\/div>[\/vc_column_inner][vc_column_inner width=&#8220;3\/4&#8243;][vc_column_text]<\/p>\n<h3>\u00dcber uns<\/h3>\n<p>&nbsp;<\/p>\n<p>Wer wir sind, warum wir uns f\u00fcr Fairen Handel engagieren und wie man bei uns mitmachen kann &#8211; <a href=\"https:\/\/weltlaeden.de\/messstetten\/ueber-uns\/\">hier stellen wir uns vor &#8230;<\/a>[\/vc_column_text][\/vc_column_inner][\/vc_row_inner][vc_separator][vc_row_inner][vc_column_inner width=&#8220;1\/4&#8243;]<div class=\"wl_einzelbild\"><p><img loading=\"lazy\" decoding=\"async\" class=\"size-full wp-image-nsm-3-35 alignleft\" src=\"https:\/\/weltlaeden.de\/vorlage\/wp-content\/uploads\/sites\/3\/2018\/08\/pocket-watch-1637396_1920_150x150.png\" alt=\"\" width=\"150\" height=\"150\" \/><\/p><\/div>[\/vc_column_inner][vc_column_inner width=&#8220;3\/4&#8243;][vc_column_text]<\/p>\n<h3>Termine<\/h3>\n<p>Bei uns ist immer etwas los! Wir treffen uns regelm\u00e4\u00dfig zu Teamsitzungen und Fortbildungen, organisieren aber auch immer mal wieder eine Veranstaltung zum Fairen Handel und verwandten Themen. <a href=\"https:\/\/weltlaeden.de\/messstetten\/termine\/\">Hier erfahren Sie was bei uns los ist \u2026<\/a><br \/>\n[\/vc_column_text][\/vc_column_inner][\/vc_row_inner][vc_separator][vc_empty_space]<section class=\"items-grid wf-container\"><div class=\"wf-cell wf-1\"><article class=\"post-format-standard\"><div class=\"mini-post-img\"><a class=\"alignleft post-rollover layzr-bg\" href=\"https:\/\/weltlaeden.de\/messstetten\/mangoaktion-2026\/\" aria-label=\"Post image\"><img decoding=\"async\" class=\"preload-me lazy-load aspect\" src=\"data:image\/svg+xml,%3Csvg%20xmlns%3D&#39;http%3A%2F%2Fwww.w3.org%2F2000%2Fsvg&#39;%20viewBox%3D&#39;0%200%2060%2060&#39;%2F%3E\" data-src=\"https:\/\/weltlaeden.de\/messstetten\/wp-content\/uploads\/sites\/150\/2022\/04\/Mangoaktion-2022-60x60.png\" data-srcset=\"https:\/\/weltlaeden.de\/messstetten\/wp-content\/uploads\/sites\/150\/2022\/04\/Mangoaktion-2022-60x60.png 60w, https:\/\/weltlaeden.de\/messstetten\/wp-content\/uploads\/sites\/150\/2022\/04\/Mangoaktion-2022-120x120.png 120w\" loading=\"eager\" style=\"--ratio: 60 \/ 60\" sizes=\"(max-width: 60px) 100vw, 60px\" width=\"60\" height=\"60\"  alt=\"\" \/><\/a><\/div><div class=\"post-content\"><a href=\"https:\/\/weltlaeden.de\/messstetten\/mangoaktion-2026\/\">Mangoaktion 2026<\/a><br \/><time class=\"text-secondary\" datetime=\"2026-02-21T19:46:29+01:00\">21. Februar 2026<\/time><\/div><\/article><\/div><div class=\"wf-cell wf-1\"><article class=\"post-format-standard\"><div class=\"mini-post-img\"><a class=\"alignleft post-rollover layzr-bg\" href=\"https:\/\/weltlaeden.de\/messstetten\/neue-bronzefiguren\/\" aria-label=\"Post image\"><img decoding=\"async\" class=\"preload-me lazy-load aspect\" src=\"data:image\/svg+xml,%3Csvg%20xmlns%3D&#39;http%3A%2F%2Fwww.w3.org%2F2000%2Fsvg&#39;%20viewBox%3D&#39;0%200%2060%2060&#39;%2F%3E\" data-src=\"https:\/\/weltlaeden.de\/messstetten\/wp-content\/uploads\/sites\/150\/2026\/02\/Bronzefrauen2-60x60.jpg\" data-srcset=\"https:\/\/weltlaeden.de\/messstetten\/wp-content\/uploads\/sites\/150\/2026\/02\/Bronzefrauen2-60x60.jpg 60w, https:\/\/weltlaeden.de\/messstetten\/wp-content\/uploads\/sites\/150\/2026\/02\/Bronzefrauen2-120x120.jpg 120w\" loading=\"eager\" style=\"--ratio: 60 \/ 60\" sizes=\"(max-width: 60px) 100vw, 60px\" width=\"60\" height=\"60\"  alt=\"\" \/><\/a><\/div><div class=\"post-content\"><a href=\"https:\/\/weltlaeden.de\/messstetten\/neue-bronzefiguren\/\">Neue Bronzefiguren<\/a><br \/><time class=\"text-secondary\" datetime=\"2026-02-21T19:43:21+01:00\">21. Februar 2026<\/time><\/div><\/article><\/div><div class=\"wf-cell wf-1\"><article class=\"post-format-standard\"><div class=\"mini-post-img\"><a class=\"alignleft post-rollover layzr-bg\" href=\"https:\/\/weltlaeden.de\/messstetten\/schokolade-zu-ostern\/\" aria-label=\"Post image\"><img decoding=\"async\" class=\"preload-me lazy-load aspect\" src=\"data:image\/svg+xml,%3Csvg%20xmlns%3D&#39;http%3A%2F%2Fwww.w3.org%2F2000%2Fsvg&#39;%20viewBox%3D&#39;0%200%2060%2060&#39;%2F%3E\" data-src=\"https:\/\/weltlaeden.de\/messstetten\/wp-content\/uploads\/sites\/150\/2026\/02\/Ostern-2026-scaled-60x60.jpg\" data-srcset=\"https:\/\/weltlaeden.de\/messstetten\/wp-content\/uploads\/sites\/150\/2026\/02\/Ostern-2026-scaled-60x60.jpg 60w, https:\/\/weltlaeden.de\/messstetten\/wp-content\/uploads\/sites\/150\/2026\/02\/Ostern-2026-scaled-120x120.jpg 120w\" loading=\"eager\" style=\"--ratio: 60 \/ 60\" sizes=\"(max-width: 60px) 100vw, 60px\" width=\"60\" height=\"60\"  alt=\"\" \/><\/a><\/div><div class=\"post-content\"><a href=\"https:\/\/weltlaeden.de\/messstetten\/schokolade-zu-ostern\/\">Schokolade zu Ostern<\/a><br \/><time class=\"text-secondary\" datetime=\"2026-02-21T19:38:17+01:00\">21. Februar 2026<\/time><\/div><\/article><\/div><div class=\"wf-cell wf-1\"><article class=\"post-format-standard\"><div class=\"mini-post-img\"><a class=\"alignleft post-rollover layzr-bg\" href=\"https:\/\/weltlaeden.de\/messstetten\/lustike-eierwaermer-mut-ernstem-hintergrund\/\" aria-label=\"Post image\"><img decoding=\"async\" class=\"preload-me lazy-load aspect\" src=\"data:image\/svg+xml,%3Csvg%20xmlns%3D&#39;http%3A%2F%2Fwww.w3.org%2F2000%2Fsvg&#39;%20viewBox%3D&#39;0%200%2060%2060&#39;%2F%3E\" data-src=\"https:\/\/weltlaeden.de\/messstetten\/wp-content\/uploads\/sites\/150\/2026\/02\/Eierwaermer-neu-scaled-60x60.jpg\" data-srcset=\"https:\/\/weltlaeden.de\/messstetten\/wp-content\/uploads\/sites\/150\/2026\/02\/Eierwaermer-neu-scaled-60x60.jpg 60w, https:\/\/weltlaeden.de\/messstetten\/wp-content\/uploads\/sites\/150\/2026\/02\/Eierwaermer-neu-scaled-120x120.jpg 120w\" loading=\"eager\" style=\"--ratio: 60 \/ 60\" sizes=\"(max-width: 60px) 100vw, 60px\" width=\"60\" height=\"60\"  alt=\"\" \/><\/a><\/div><div class=\"post-content\"><a href=\"https:\/\/weltlaeden.de\/messstetten\/lustike-eierwaermer-mut-ernstem-hintergrund\/\">Lustige Eierw\u00e4rmer mit ernstem Hintergrund<\/a><br \/><time class=\"text-secondary\" datetime=\"2026-02-21T19:35:08+01:00\">21. Februar 2026<\/time><\/div><\/article><\/div><div class=\"wf-cell wf-1\"><article class=\"post-format-standard\"><div class=\"mini-post-img\"><a class=\"alignleft post-rollover layzr-bg\" href=\"https:\/\/weltlaeden.de\/messstetten\/bronzeengel\/\" aria-label=\"Post image\"><img decoding=\"async\" class=\"preload-me lazy-load aspect\" src=\"data:image\/svg+xml,%3Csvg%20xmlns%3D&#39;http%3A%2F%2Fwww.w3.org%2F2000%2Fsvg&#39;%20viewBox%3D&#39;0%200%2060%2060&#39;%2F%3E\" data-src=\"https:\/\/weltlaeden.de\/messstetten\/wp-content\/uploads\/sites\/150\/2025\/11\/Bronzeengel-60x60.png\" data-srcset=\"https:\/\/weltlaeden.de\/messstetten\/wp-content\/uploads\/sites\/150\/2025\/11\/Bronzeengel-60x60.png 60w, https:\/\/weltlaeden.de\/messstetten\/wp-content\/uploads\/sites\/150\/2025\/11\/Bronzeengel-120x120.png 120w\" loading=\"eager\" style=\"--ratio: 60 \/ 60\" sizes=\"(max-width: 60px) 100vw, 60px\" width=\"60\" height=\"60\"  alt=\"\" \/><\/a><\/div><div class=\"post-content\"><a href=\"https:\/\/weltlaeden.de\/messstetten\/bronzeengel\/\">Bronzeengel<\/a><br \/><time class=\"text-secondary\" datetime=\"2025-11-03T18:30:10+01:00\">3. November 2025<\/time><\/div><\/article><\/div><div class=\"wf-cell wf-1\"><article class=\"post-format-standard\"><div class=\"mini-post-img\"><a class=\"alignleft post-rollover layzr-bg\" href=\"https:\/\/weltlaeden.de\/messstetten\/lieferkettengesetz\/\" aria-label=\"Post image\"><img decoding=\"async\" class=\"preload-me lazy-load aspect\" src=\"data:image\/svg+xml,%3Csvg%20xmlns%3D&#39;http%3A%2F%2Fwww.w3.org%2F2000%2Fsvg&#39;%20viewBox%3D&#39;0%200%2060%2060&#39;%2F%3E\" data-src=\"https:\/\/weltlaeden.de\/messstetten\/wp-content\/uploads\/sites\/150\/2025\/09\/Lieferkettengesetz-retten2-60x60.jpg\" data-srcset=\"https:\/\/weltlaeden.de\/messstetten\/wp-content\/uploads\/sites\/150\/2025\/09\/Lieferkettengesetz-retten2-60x60.jpg 60w, https:\/\/weltlaeden.de\/messstetten\/wp-content\/uploads\/sites\/150\/2025\/09\/Lieferkettengesetz-retten2-120x120.jpg 120w\" loading=\"eager\" style=\"--ratio: 60 \/ 60\" sizes=\"(max-width: 60px) 100vw, 60px\" width=\"60\" height=\"60\"  alt=\"\" \/><\/a><\/div><div class=\"post-content\"><a href=\"https:\/\/weltlaeden.de\/messstetten\/lieferkettengesetz\/\">Lieferkettengesetz<\/a><br \/><time class=\"text-secondary\" datetime=\"2025-09-27T19:33:48+02:00\">27. September 2025<\/time><\/div><\/article><\/div><\/section><a href=\"https:\/\/weltlaeden.de\/messstetten\/neuigkeiten\" class=\"btn-shortcode dt-btn-s dt-btn default-btn-color default-btn-hover-color default-btn-bg-color default-btn-bg-hover-color\" target=\"_blank\" id=\"dt-btn-1\" rel=\"noopener\"><span>Alle Neuigkeiten<\/span><\/a>[\/vc_column][\/vc_row][vc_column][\/vc_column]<\/p>\n<\/div>","protected":false},"excerpt":{"rendered":"<p>[vc_row][vc_column][\/vc_column_inner][vc_column_inner width=&#8220;3\/4&#8243;] Fairer Handel Was meint Fairer Handel \u00fcberhaupt? Welche Kriterien m\u00fcssen eingehalten werden und wer \u00fcberpr\u00fcft diese? Erfahren Sie mehr &#8230; [\/vc_column_text][\/vc_column_inner][\/vc_row_inner][vc_separator][vc_row_inner][vc_column_inner width=&#8220;1\/4&#8243;][\/vc_column_inner][vc_column_inner width=&#8220;3\/4&#8243;][vc_column_text] Produkte Unsere Produkte im Weltladen sind nat\u00fcrlich alle aus Fairem Handel, dennoch kommen sie von unterschiedlichen Fair-Handels-Importeuren. Hier zeigen wir Ihnen unser Sortiment &#8230; [\/vc_column_text][\/vc_column_inner][\/vc_row_inner][vc_separator][vc_row_inner][vc_column_inner width=&#8220;1\/4&#8243;][\/vc_column_inner][vc_column_inner width=&#8220;3\/4&#8243;][vc_column_text] \u00dcber uns &nbsp;&hellip;<\/p>\n","protected":false},"author":1,"featured_media":0,"parent":0,"menu_order":1,"comment_status":"closed","ping_status":"closed","template":"","meta":{"footnotes":""},"class_list":["post-20","page","type-page","status-publish","hentry","description-off"],"yoast_head":"<!-- This site is optimized with the Yoast SEO plugin v26.8 - https:\/\/yoast.com\/product\/yoast-seo-wordpress\/ -->\n<title>Weltladen Me\u00dfstetten - Weltladen Me\u00dfstetten<\/title>\n<meta name=\"robots\" content=\"index, follow, max-snippet:-1, max-image-preview:large, max-video-preview:-1\" \/>\n<link rel=\"canonical\" href=\"https:\/\/weltlaeden.de\/messstetten\/\" \/>\n<meta property=\"og:locale\" content=\"de_DE\" \/>\n<meta property=\"og:type\" content=\"article\" \/>\n<meta property=\"og:title\" content=\"Weltladen Me\u00dfstetten - Weltladen Me\u00dfstetten\" \/>\n<meta property=\"og:description\" content=\"[vc_row][vc_column][\/vc_column_inner][vc_column_inner width=&#8220;3\/4&#8243;] Fairer Handel Was meint Fairer Handel \u00fcberhaupt? Welche Kriterien m\u00fcssen eingehalten werden und wer \u00fcberpr\u00fcft diese? Erfahren Sie mehr &#8230; [\/vc_column_text][\/vc_column_inner][\/vc_row_inner][vc_separator][vc_row_inner][vc_column_inner width=&#8220;1\/4&#8243;][\/vc_column_inner][vc_column_inner width=&#8220;3\/4&#8243;][vc_column_text] Produkte Unsere Produkte im Weltladen sind nat\u00fcrlich alle aus Fairem Handel, dennoch kommen sie von unterschiedlichen Fair-Handels-Importeuren. Hier zeigen wir Ihnen unser Sortiment &#8230; [\/vc_column_text][\/vc_column_inner][\/vc_row_inner][vc_separator][vc_row_inner][vc_column_inner width=&#8220;1\/4&#8243;][\/vc_column_inner][vc_column_inner width=&#8220;3\/4&#8243;][vc_column_text] \u00dcber uns &nbsp;&hellip;\" \/>\n<meta property=\"og:url\" content=\"https:\/\/weltlaeden.de\/messstetten\/\" \/>\n<meta property=\"og:site_name\" content=\"Weltladen Me\u00dfstetten\" \/>\n<meta property=\"article:modified_time\" content=\"2026-03-31T19:55:00+00:00\" \/>\n<meta property=\"og:image\" content=\"https:\/\/weltlaeden.de\/messstetten\/wp-content\/uploads\/sites\/150\/2026\/03\/20260314_085104-1-scaled.jpg\" \/>\n\t<meta property=\"og:image:width\" content=\"2560\" \/>\n\t<meta property=\"og:image:height\" content=\"1920\" \/>\n\t<meta property=\"og:image:type\" content=\"image\/jpeg\" \/>\n<meta name=\"twitter:card\" content=\"summary_large_image\" \/>\n<meta name=\"twitter:label1\" content=\"Gesch\u00e4tzte Lesezeit\" \/>\n\t<meta name=\"twitter:data1\" content=\"2\u00a0Minuten\" \/>\n<script type=\"application\/ld+json\" class=\"yoast-schema-graph\">{\"@context\":\"https:\/\/schema.org\",\"@graph\":[{\"@type\":\"WebPage\",\"@id\":\"https:\/\/weltlaeden.de\/messstetten\/\",\"url\":\"https:\/\/weltlaeden.de\/messstetten\/\",\"name\":\"Weltladen Me\u00dfstetten - Weltladen Me\u00dfstetten\",\"isPartOf\":{\"@id\":\"https:\/\/weltlaeden.de\/messstetten\/#website\"},\"primaryImageOfPage\":{\"@id\":\"https:\/\/weltlaeden.de\/messstetten\/#primaryimage\"},\"image\":{\"@id\":\"https:\/\/weltlaeden.de\/messstetten\/#primaryimage\"},\"thumbnailUrl\":\"https:\/\/weltlaeden.de\/messstetten\/wp-content\/uploads\/sites\/150\/2026\/03\/20260314_085104-1-1024x768.jpg\",\"datePublished\":\"2020-10-26T13:05:21+00:00\",\"dateModified\":\"2026-03-31T19:55:00+00:00\",\"breadcrumb\":{\"@id\":\"https:\/\/weltlaeden.de\/messstetten\/#breadcrumb\"},\"inLanguage\":\"de\",\"potentialAction\":[{\"@type\":\"ReadAction\",\"target\":[\"https:\/\/weltlaeden.de\/messstetten\/\"]}]},{\"@type\":\"ImageObject\",\"inLanguage\":\"de\",\"@id\":\"https:\/\/weltlaeden.de\/messstetten\/#primaryimage\",\"url\":\"https:\/\/weltlaeden.de\/messstetten\/wp-content\/uploads\/sites\/150\/2026\/03\/20260314_085104-1-scaled.jpg\",\"contentUrl\":\"https:\/\/weltlaeden.de\/messstetten\/wp-content\/uploads\/sites\/150\/2026\/03\/20260314_085104-1-scaled.jpg\",\"width\":2560,\"height\":1920},{\"@type\":\"BreadcrumbList\",\"@id\":\"https:\/\/weltlaeden.de\/messstetten\/#breadcrumb\",\"itemListElement\":[{\"@type\":\"ListItem\",\"position\":1,\"name\":\"Startseite\",\"item\":\"https:\/\/weltlaeden.de\/messstetten\/\"},{\"@type\":\"ListItem\",\"position\":2,\"name\":\"Weltladen Me\u00dfstetten\"}]},{\"@type\":\"WebSite\",\"@id\":\"https:\/\/weltlaeden.de\/messstetten\/#website\",\"url\":\"https:\/\/weltlaeden.de\/messstetten\/\",\"name\":\"Weltladen Me\u00dfstetten\",\"description\":\"Faire Produkte seit 1978\",\"potentialAction\":[{\"@type\":\"SearchAction\",\"target\":{\"@type\":\"EntryPoint\",\"urlTemplate\":\"https:\/\/weltlaeden.de\/messstetten\/?s={search_term_string}\"},\"query-input\":{\"@type\":\"PropertyValueSpecification\",\"valueRequired\":true,\"valueName\":\"search_term_string\"}}],\"inLanguage\":\"de\"}]}<\/script>\n<!-- \/ Yoast SEO plugin. -->","yoast_head_json":{"title":"Weltladen Me\u00dfstetten - Weltladen Me\u00dfstetten","robots":{"index":"index","follow":"follow","max-snippet":"max-snippet:-1","max-image-preview":"max-image-preview:large","max-video-preview":"max-video-preview:-1"},"canonical":"https:\/\/weltlaeden.de\/messstetten\/","og_locale":"de_DE","og_type":"article","og_title":"Weltladen Me\u00dfstetten - Weltladen Me\u00dfstetten","og_description":"[vc_row][vc_column][\/vc_column_inner][vc_column_inner width=&#8220;3\/4&#8243;] Fairer Handel Was meint Fairer Handel \u00fcberhaupt? Welche Kriterien m\u00fcssen eingehalten werden und wer \u00fcberpr\u00fcft diese? Erfahren Sie mehr &#8230; [\/vc_column_text][\/vc_column_inner][\/vc_row_inner][vc_separator][vc_row_inner][vc_column_inner width=&#8220;1\/4&#8243;][\/vc_column_inner][vc_column_inner width=&#8220;3\/4&#8243;][vc_column_text] Produkte Unsere Produkte im Weltladen sind nat\u00fcrlich alle aus Fairem Handel, dennoch kommen sie von unterschiedlichen Fair-Handels-Importeuren. Hier zeigen wir Ihnen unser Sortiment &#8230; [\/vc_column_text][\/vc_column_inner][\/vc_row_inner][vc_separator][vc_row_inner][vc_column_inner width=&#8220;1\/4&#8243;][\/vc_column_inner][vc_column_inner width=&#8220;3\/4&#8243;][vc_column_text] \u00dcber uns &nbsp;&hellip;","og_url":"https:\/\/weltlaeden.de\/messstetten\/","og_site_name":"Weltladen Me\u00dfstetten","article_modified_time":"2026-03-31T19:55:00+00:00","og_image":[{"width":2560,"height":1920,"url":"https:\/\/weltlaeden.de\/messstetten\/wp-content\/uploads\/sites\/150\/2026\/03\/20260314_085104-1-scaled.jpg","type":"image\/jpeg"}],"twitter_card":"summary_large_image","twitter_misc":{"Gesch\u00e4tzte Lesezeit":"2\u00a0Minuten"},"schema":{"@context":"https:\/\/schema.org","@graph":[{"@type":"WebPage","@id":"https:\/\/weltlaeden.de\/messstetten\/","url":"https:\/\/weltlaeden.de\/messstetten\/","name":"Weltladen Me\u00dfstetten - Weltladen Me\u00dfstetten","isPartOf":{"@id":"https:\/\/weltlaeden.de\/messstetten\/#website"},"primaryImageOfPage":{"@id":"https:\/\/weltlaeden.de\/messstetten\/#primaryimage"},"image":{"@id":"https:\/\/weltlaeden.de\/messstetten\/#primaryimage"},"thumbnailUrl":"https:\/\/weltlaeden.de\/messstetten\/wp-content\/uploads\/sites\/150\/2026\/03\/20260314_085104-1-1024x768.jpg","datePublished":"2020-10-26T13:05:21+00:00","dateModified":"2026-03-31T19:55:00+00:00","breadcrumb":{"@id":"https:\/\/weltlaeden.de\/messstetten\/#breadcrumb"},"inLanguage":"de","potentialAction":[{"@type":"ReadAction","target":["https:\/\/weltlaeden.de\/messstetten\/"]}]},{"@type":"ImageObject","inLanguage":"de","@id":"https:\/\/weltlaeden.de\/messstetten\/#primaryimage","url":"https:\/\/weltlaeden.de\/messstetten\/wp-content\/uploads\/sites\/150\/2026\/03\/20260314_085104-1-scaled.jpg","contentUrl":"https:\/\/weltlaeden.de\/messstetten\/wp-content\/uploads\/sites\/150\/2026\/03\/20260314_085104-1-scaled.jpg","width":2560,"height":1920},{"@type":"BreadcrumbList","@id":"https:\/\/weltlaeden.de\/messstetten\/#breadcrumb","itemListElement":[{"@type":"ListItem","position":1,"name":"Startseite","item":"https:\/\/weltlaeden.de\/messstetten\/"},{"@type":"ListItem","position":2,"name":"Weltladen Me\u00dfstetten"}]},{"@type":"WebSite","@id":"https:\/\/weltlaeden.de\/messstetten\/#website","url":"https:\/\/weltlaeden.de\/messstetten\/","name":"Weltladen Me\u00dfstetten","description":"Faire Produkte seit 1978","potentialAction":[{"@type":"SearchAction","target":{"@type":"EntryPoint","urlTemplate":"https:\/\/weltlaeden.de\/messstetten\/?s={search_term_string}"},"query-input":{"@type":"PropertyValueSpecification","valueRequired":true,"valueName":"search_term_string"}}],"inLanguage":"de"}]}},"_links":{"self":[{"href":"https:\/\/weltlaeden.de\/messstetten\/wp-json\/wp\/v2\/pages\/20","targetHints":{"allow":["GET"]}}],"collection":[{"href":"https:\/\/weltlaeden.de\/messstetten\/wp-json\/wp\/v2\/pages"}],"about":[{"href":"https:\/\/weltlaeden.de\/messstetten\/wp-json\/wp\/v2\/types\/page"}],"author":[{"embeddable":true,"href":"https:\/\/weltlaeden.de\/messstetten\/wp-json\/wp\/v2\/users\/1"}],"replies":[{"embeddable":true,"href":"https:\/\/weltlaeden.de\/messstetten\/wp-json\/wp\/v2\/comments?post=20"}],"version-history":[{"count":335,"href":"https:\/\/weltlaeden.de\/messstetten\/wp-json\/wp\/v2\/pages\/20\/revisions"}],"predecessor-version":[{"id":1775,"href":"https:\/\/weltlaeden.de\/messstetten\/wp-json\/wp\/v2\/pages\/20\/revisions\/1775"}],"wp:attachment":[{"href":"https:\/\/weltlaeden.de\/messstetten\/wp-json\/wp\/v2\/media?parent=20"}],"curies":[{"name":"wp","href":"https:\/\/api.w.org\/{rel}","templated":true}]}}