{"id":1339,"date":"2022-07-21T22:26:52","date_gmt":"2022-07-21T20:26:52","guid":{"rendered":"https:\/\/weltlaeden.de\/messstetten\/?page_id=1339"},"modified":"2025-05-25T10:34:48","modified_gmt":"2025-05-25T08:34:48","slug":"rezepte","status":"publish","type":"page","link":"https:\/\/weltlaeden.de\/messstetten\/rezepte\/","title":{"rendered":"Rezepte"},"content":{"rendered":"<p><a class=\"dt-pswp-item\" href=\"https:\/\/weltlaeden.de\/messstetten\/wp-content\/uploads\/sites\/150\/2025\/05\/Bananenkuchen2-scaled.jpg\" data-dt-img-description=\"\" data-large_image_width=\"2560\" data-large_image_height=\"1891\"><img loading=\"lazy\" decoding=\"async\" class=\"size-medium wp-image-1666 alignright\" src=\"https:\/\/weltlaeden.de\/messstetten\/wp-content\/uploads\/sites\/150\/2025\/05\/Bananenkuchen2-300x222.jpg\" alt=\"\" width=\"300\" height=\"222\" srcset=\"https:\/\/weltlaeden.de\/messstetten\/wp-content\/uploads\/sites\/150\/2025\/05\/Bananenkuchen2-300x222.jpg 300w, https:\/\/weltlaeden.de\/messstetten\/wp-content\/uploads\/sites\/150\/2025\/05\/Bananenkuchen2-1024x756.jpg 1024w, https:\/\/weltlaeden.de\/messstetten\/wp-content\/uploads\/sites\/150\/2025\/05\/Bananenkuchen2-768x567.jpg 768w, https:\/\/weltlaeden.de\/messstetten\/wp-content\/uploads\/sites\/150\/2025\/05\/Bananenkuchen2-1536x1135.jpg 1536w, https:\/\/weltlaeden.de\/messstetten\/wp-content\/uploads\/sites\/150\/2025\/05\/Bananenkuchen2-2048x1513.jpg 2048w\" sizes=\"auto, (max-width: 300px) 100vw, 300px\" \/><\/a><\/p>\n<h2><strong>\u00a0Wie w\u00e4r\u2019s mit einem Bananenkuchen?<\/strong><\/h2>\n<p>Es kann schon mal vorkommen, dass Bananen \u00fcberreif werden. Dann sind sie genau richtig f\u00fcr den leckeren Bananenkuchen! Da sehr reife Bananen sehr s\u00fc\u00df sind, ben\u00f6tigt man f\u00fcr den Kuchen sehr wenig Zucker.<\/p>\n<p><strong>Zutaten:<\/strong><\/p>\n<p>3 Eier<\/p>\n<p>120g Butter<\/p>\n<p>50g Kokosbl\u00fctenzucker oder Mascobadozucker*<\/p>\n<p>400g sehr reife Bananen aus dem fairen Handel*<\/p>\n<p>300g Mehl (alternativ: 200g Mehl und100g fein geriebene Mandeln)<\/p>\n<p>2 TL Reinweinstein Backpulver*<\/p>\n<p>100g getrocknete Feigen*<\/p>\n<p>und\/oder 50g-100g getrocknete Aprikosen*<\/p>\n<p>und\/oder 50g \u2013 100g getrocknete Datteln*<\/p>\n<p>oder andere getrocknete Fr\u00fcchte nach eigener Wahl.<\/p>\n<p><strong>*<\/strong>im Weltladen erh\u00e4ltlich<\/p>\n<p><strong>Zubereitung:<\/strong><\/p>\n<p>Die Eier schaumig schlagen, dann die Butter dazugeben und weiterr\u00fchren. Die Bananen sehr fein zerdr\u00fccken und zusammen mit dem Zucker unterr\u00fchren. Anschlie\u00dfend das Mehl bzw. die Mehl-Mandelmischung mit dem Backpulver unterr\u00fchren. Zum Schluss die getrockneten Fr\u00fcchte fein w\u00fcrfeln und unterheben.<\/p>\n<p>45-50 min bei 180 Grad backen. St\u00e4bchenprobe machen.<\/p>\n<p>Das Rezept stammt von einer engagierten Stammkundin unseres Weltladadens<\/p>\n<p>&nbsp;<\/p>\n<p>&nbsp;<\/p>\n<p>&nbsp;<\/p>\n<h2><a class=\"dt-pswp-item\" href=\"https:\/\/weltlaeden.de\/messstetten\/wp-content\/uploads\/sites\/150\/2025\/05\/Espresso-Mocktail.-Friederike-Lenz-scaled.jpg\" data-dt-img-description=\"\" data-large_image_width=\"1920\" data-large_image_height=\"2560\"><img loading=\"lazy\" decoding=\"async\" class=\"size-medium wp-image-1668 alignright\" src=\"https:\/\/weltlaeden.de\/messstetten\/wp-content\/uploads\/sites\/150\/2025\/05\/Espresso-Mocktail.-Friederike-Lenz-225x300.jpg\" alt=\"\" width=\"225\" height=\"300\" srcset=\"https:\/\/weltlaeden.de\/messstetten\/wp-content\/uploads\/sites\/150\/2025\/05\/Espresso-Mocktail.-Friederike-Lenz-225x300.jpg 225w, https:\/\/weltlaeden.de\/messstetten\/wp-content\/uploads\/sites\/150\/2025\/05\/Espresso-Mocktail.-Friederike-Lenz-768x1024.jpg 768w, https:\/\/weltlaeden.de\/messstetten\/wp-content\/uploads\/sites\/150\/2025\/05\/Espresso-Mocktail.-Friederike-Lenz-1152x1536.jpg 1152w, https:\/\/weltlaeden.de\/messstetten\/wp-content\/uploads\/sites\/150\/2025\/05\/Espresso-Mocktail.-Friederike-Lenz-1536x2048.jpg 1536w, https:\/\/weltlaeden.de\/messstetten\/wp-content\/uploads\/sites\/150\/2025\/05\/Espresso-Mocktail.-Friederike-Lenz-scaled.jpg 1920w\" sizes=\"auto, (max-width: 225px) 100vw, 225px\" \/><\/a><strong>\u00a0Fairkosten Sie was Besonderes: Kaffee-Mocktail \u201eEspresso Julep\u201c<\/strong><\/h2>\n<p>Kaffee-Cocktails sind in aller Munde, der Espresso Martini etwa ist ein beliebtes Bar-Getr\u00e4nk. Doch es braucht nicht immer Alkohol, sondern einfach ein paar Zutaten, die wunderbar miteinander harmonieren. Wie w\u00e4re es z.B. mit einem Espresso Julep, bei dem \u2013 angelehnt an den Cocktail Mint Julep \u2013 frisch gebr\u00fchter Kaffee eingesetzt wird?<\/p>\n<p>Diese Zutaten brauchen Sie daf\u00fcr:<\/p>\n<ul>\n<li>ein doppelter Espresso* (ca. 50ml)<\/li>\n<li>2 TL Honig* oder Sirup<\/li>\n<li>5-6 Zweige Minze<\/li>\n<li>Eisw\u00fcrfel<\/li>\n<li>wahlweise Milchschaum<\/li>\n<\/ul>\n<p>*Im Weltladen Me\u00dfstetten erh\u00e4ltlich<\/p>\n<p>Zubereitung:<\/p>\n<ul>\n<li>Als erstes einen doppelten Espresso zubereiten.<\/li>\n<li>Diesen dann mit der Minze und dem Honig im Cocktailmixer gut mixen, bis der Honig sich gut verteilt hat.<\/li>\n<li>Eisw\u00fcrfel dazugeben und nochmals kurz sch\u00fctteln.<\/li>\n<li>Den Inhalt in ein Glas geben und mit einigen Bl\u00e4ttern Minze garnieren.<\/li>\n<li>Wahlweise kann noch Milchschaum hinzugef\u00fcgt werden, der den Geschmack ein wenig weicher macht.<\/li>\n<\/ul>\n<p>(Quelle: Forum Fairer Handel, Rezeptheft zu Fairen Woche 2022)<\/p>\n<p>Viel Freude beim Mixen!<\/p>\n<p>&nbsp;<\/p>\n<p>&nbsp;<\/p>\n<h1><strong>Kokos-Beeren-Smoothi<\/strong><\/h1>\n<p>&nbsp;<\/p>\n<h4>Zutaten:<a class=\"dt-pswp-item\" href=\"https:\/\/weltlaeden.de\/messstetten\/wp-content\/uploads\/sites\/150\/2022\/07\/Kokos-2-scaled.jpg\" data-dt-img-description=\"\" data-large_image_width=\"1840\" data-large_image_height=\"1920\"><img loading=\"lazy\" decoding=\"async\" class=\"size-medium wp-image-1340 alignright\" src=\"https:\/\/weltlaeden.de\/messstetten\/wp-content\/uploads\/sites\/150\/2022\/07\/Kokos-2-288x300.jpg\" alt=\"\" width=\"288\" height=\"300\" srcset=\"https:\/\/weltlaeden.de\/messstetten\/wp-content\/uploads\/sites\/150\/2022\/07\/Kokos-2-288x300.jpg 288w, https:\/\/weltlaeden.de\/messstetten\/wp-content\/uploads\/sites\/150\/2022\/07\/Kokos-2-981x1024.jpg 981w, https:\/\/weltlaeden.de\/messstetten\/wp-content\/uploads\/sites\/150\/2022\/07\/Kokos-2-768x801.jpg 768w, https:\/\/weltlaeden.de\/messstetten\/wp-content\/uploads\/sites\/150\/2022\/07\/Kokos-2-1472x1536.jpg 1472w, https:\/\/weltlaeden.de\/messstetten\/wp-content\/uploads\/sites\/150\/2022\/07\/Kokos-2-1963x2048.jpg 1963w, https:\/\/weltlaeden.de\/messstetten\/wp-content\/uploads\/sites\/150\/2022\/07\/Kokos-2-scaled.jpg 1840w\" sizes=\"auto, (max-width: 288px) 100vw, 288px\" \/><\/a><\/h4>\n<p>Beeren nach Wahl<\/p>\n<p>1 Banane*<\/p>\n<p>Saft einer halben Limette<\/p>\n<p>400 ml Kokosmilch*<\/p>\n<p>250 ml Wasser<\/p>\n<p>1 EL Koksraspel*<\/p>\n<p>eine Messerspitze Zimt*<\/p>\n<p>\u00bd Teel\u00f6ffel Kokosbl\u00fctenzucker*<\/p>\n<p>etwas Minze<\/p>\n<p>etwas Basilikum (je nach Geschmack und Intensit\u00e4t)<\/p>\n<p>(*im Weltladen aus fairem Handel erh\u00e4ltlich)<\/p>\n<p>Zubereitung:<\/p>\n<p>Die Beeren und die Banane zusammen mit dem Limettensaft und der Kokosmilch in den Mixer geben. Alle anderen Zutaten dazugeben und ca. eine Minute p\u00fcrieren.<\/p>\n<p>(Quelle: S\u00fcdzeit, Aufgabe Nr.93, Magazin des Dachverbands Entwicklungspolitik Baden-W\u00fcrttemberg)<\/p>\n<p>&nbsp;<\/p>\n<p>&nbsp;<\/p>\n<h1><strong>Bananenkuchen<\/strong><\/h1>\n<p>&nbsp;<\/p>\n<p><a class=\"dt-pswp-item\" href=\"https:\/\/weltlaeden.de\/messstetten\/wp-content\/uploads\/sites\/150\/2021\/02\/banafair-bananen2-Kopie.jpg\" data-dt-img-description=\"\" data-large_image_width=\"1920\" data-large_image_height=\"800\"><img loading=\"lazy\" decoding=\"async\" class=\"alignnone size-medium wp-image-826\" src=\"https:\/\/weltlaeden.de\/messstetten\/wp-content\/uploads\/sites\/150\/2021\/02\/banafair-bananen2-Kopie-300x125.jpg\" alt=\"\" width=\"300\" height=\"125\" srcset=\"https:\/\/weltlaeden.de\/messstetten\/wp-content\/uploads\/sites\/150\/2021\/02\/banafair-bananen2-Kopie-300x125.jpg 300w, https:\/\/weltlaeden.de\/messstetten\/wp-content\/uploads\/sites\/150\/2021\/02\/banafair-bananen2-Kopie-768x320.jpg 768w, https:\/\/weltlaeden.de\/messstetten\/wp-content\/uploads\/sites\/150\/2021\/02\/banafair-bananen2-Kopie-1024x427.jpg 1024w, https:\/\/weltlaeden.de\/messstetten\/wp-content\/uploads\/sites\/150\/2021\/02\/banafair-bananen2-Kopie.jpg 1920w\" sizes=\"auto, (max-width: 300px) 100vw, 300px\" \/><\/a><\/p>\n<p>&nbsp;<\/p>\n<p>1 Tasse reife Bananen, mit der Gabel nicht zu fein zerdr\u00fcckt<\/p>\n<p>2 Tassen Mehl (ich nehme immer Dinkelmehl Type 650)<\/p>\n<p>1 Tasse Zucker (ich nehme immer etwas weniger, und wenn m\u00f6glich Mascobadozucker. (Man\u00a0k\u00f6nnte stattdessen auch Honig verwenden)<\/p>\n<p>3 Eier<\/p>\n<p>3 TL Weinstein Backpulver<\/p>\n<p>Etwas Vanille (supergut von Weltpartner; man k\u00f6nnte auch Vanillezucker verwenden)<\/p>\n<p>125 g Butter<\/p>\n<p>&nbsp;<\/p>\n<p>Eier, Zucker und Butter schaumig r\u00fchren, dann Mehl, Backpulver, Vanille und Bananen und dazugeben.<\/p>\n<p>In einer Kastenform bei 175\u00b0C ca. 1 Stunde backen.<\/p>\n<p>Total easy!<\/p>\n<p>&nbsp;<\/p>\n<p>&nbsp;<\/p>\n<p>&nbsp;<\/p>\n","protected":false},"excerpt":{"rendered":"<p>\u00a0Wie w\u00e4r\u2019s mit einem Bananenkuchen? Es kann schon mal vorkommen, dass Bananen \u00fcberreif werden. Dann sind sie genau richtig f\u00fcr den leckeren Bananenkuchen! Da sehr reife Bananen sehr s\u00fc\u00df sind, ben\u00f6tigt man f\u00fcr den Kuchen sehr wenig Zucker. Zutaten: 3 Eier 120g Butter 50g Kokosbl\u00fctenzucker oder Mascobadozucker* 400g sehr reife Bananen aus dem fairen Handel*&hellip;<\/p>\n","protected":false},"author":217,"featured_media":0,"parent":0,"menu_order":0,"comment_status":"closed","ping_status":"closed","template":"","meta":{"footnotes":""},"class_list":["post-1339","page","type-page","status-publish","hentry","description-off"],"yoast_head":"<!-- This site is optimized with the Yoast SEO plugin v26.8 - https:\/\/yoast.com\/product\/yoast-seo-wordpress\/ -->\n<title>Rezepte - Weltladen Me\u00dfstetten<\/title>\n<meta name=\"robots\" content=\"index, follow, max-snippet:-1, max-image-preview:large, max-video-preview:-1\" \/>\n<link rel=\"canonical\" href=\"https:\/\/weltlaeden.de\/messstetten\/rezepte\/\" \/>\n<meta property=\"og:locale\" content=\"de_DE\" \/>\n<meta property=\"og:type\" content=\"article\" \/>\n<meta property=\"og:title\" content=\"Rezepte - Weltladen Me\u00dfstetten\" \/>\n<meta property=\"og:description\" content=\"\u00a0Wie w\u00e4r\u2019s mit einem Bananenkuchen? Es kann schon mal vorkommen, dass Bananen \u00fcberreif werden. Dann sind sie genau richtig f\u00fcr den leckeren Bananenkuchen! Da sehr reife Bananen sehr s\u00fc\u00df sind, ben\u00f6tigt man f\u00fcr den Kuchen sehr wenig Zucker. Zutaten: 3 Eier 120g Butter 50g Kokosbl\u00fctenzucker oder Mascobadozucker* 400g sehr reife Bananen aus dem fairen Handel*&hellip;\" \/>\n<meta property=\"og:url\" content=\"https:\/\/weltlaeden.de\/messstetten\/rezepte\/\" \/>\n<meta property=\"og:site_name\" content=\"Weltladen Me\u00dfstetten\" \/>\n<meta property=\"article:modified_time\" content=\"2025-05-25T08:34:48+00:00\" \/>\n<meta property=\"og:image\" content=\"https:\/\/weltlaeden.de\/messstetten\/wp-content\/uploads\/sites\/150\/2025\/05\/Bananenkuchen2-scaled.jpg\" \/>\n\t<meta property=\"og:image:width\" content=\"2560\" \/>\n\t<meta property=\"og:image:height\" content=\"1891\" \/>\n\t<meta property=\"og:image:type\" content=\"image\/jpeg\" \/>\n<meta name=\"twitter:card\" content=\"summary_large_image\" \/>\n<meta name=\"twitter:label1\" content=\"Gesch\u00e4tzte Lesezeit\" \/>\n\t<meta name=\"twitter:data1\" content=\"4\u00a0Minuten\" \/>\n<script type=\"application\/ld+json\" class=\"yoast-schema-graph\">{\"@context\":\"https:\/\/schema.org\",\"@graph\":[{\"@type\":\"WebPage\",\"@id\":\"https:\/\/weltlaeden.de\/messstetten\/rezepte\/\",\"url\":\"https:\/\/weltlaeden.de\/messstetten\/rezepte\/\",\"name\":\"Rezepte - Weltladen Me\u00dfstetten\",\"isPartOf\":{\"@id\":\"https:\/\/weltlaeden.de\/messstetten\/#website\"},\"primaryImageOfPage\":{\"@id\":\"https:\/\/weltlaeden.de\/messstetten\/rezepte\/#primaryimage\"},\"image\":{\"@id\":\"https:\/\/weltlaeden.de\/messstetten\/rezepte\/#primaryimage\"},\"thumbnailUrl\":\"https:\/\/weltlaeden.de\/messstetten\/wp-content\/uploads\/sites\/150\/2025\/05\/Bananenkuchen2-300x222.jpg\",\"datePublished\":\"2022-07-21T20:26:52+00:00\",\"dateModified\":\"2025-05-25T08:34:48+00:00\",\"breadcrumb\":{\"@id\":\"https:\/\/weltlaeden.de\/messstetten\/rezepte\/#breadcrumb\"},\"inLanguage\":\"de\",\"potentialAction\":[{\"@type\":\"ReadAction\",\"target\":[\"https:\/\/weltlaeden.de\/messstetten\/rezepte\/\"]}]},{\"@type\":\"ImageObject\",\"inLanguage\":\"de\",\"@id\":\"https:\/\/weltlaeden.de\/messstetten\/rezepte\/#primaryimage\",\"url\":\"https:\/\/weltlaeden.de\/messstetten\/wp-content\/uploads\/sites\/150\/2025\/05\/Bananenkuchen2-scaled.jpg\",\"contentUrl\":\"https:\/\/weltlaeden.de\/messstetten\/wp-content\/uploads\/sites\/150\/2025\/05\/Bananenkuchen2-scaled.jpg\",\"width\":2560,\"height\":1891},{\"@type\":\"BreadcrumbList\",\"@id\":\"https:\/\/weltlaeden.de\/messstetten\/rezepte\/#breadcrumb\",\"itemListElement\":[{\"@type\":\"ListItem\",\"position\":1,\"name\":\"Startseite\",\"item\":\"https:\/\/weltlaeden.de\/messstetten\/\"},{\"@type\":\"ListItem\",\"position\":2,\"name\":\"Rezepte\"}]},{\"@type\":\"WebSite\",\"@id\":\"https:\/\/weltlaeden.de\/messstetten\/#website\",\"url\":\"https:\/\/weltlaeden.de\/messstetten\/\",\"name\":\"Weltladen Me\u00dfstetten\",\"description\":\"Faire Produkte seit 1978\",\"potentialAction\":[{\"@type\":\"SearchAction\",\"target\":{\"@type\":\"EntryPoint\",\"urlTemplate\":\"https:\/\/weltlaeden.de\/messstetten\/?s={search_term_string}\"},\"query-input\":{\"@type\":\"PropertyValueSpecification\",\"valueRequired\":true,\"valueName\":\"search_term_string\"}}],\"inLanguage\":\"de\"}]}<\/script>\n<!-- \/ Yoast SEO plugin. -->","yoast_head_json":{"title":"Rezepte - Weltladen Me\u00dfstetten","robots":{"index":"index","follow":"follow","max-snippet":"max-snippet:-1","max-image-preview":"max-image-preview:large","max-video-preview":"max-video-preview:-1"},"canonical":"https:\/\/weltlaeden.de\/messstetten\/rezepte\/","og_locale":"de_DE","og_type":"article","og_title":"Rezepte - Weltladen Me\u00dfstetten","og_description":"\u00a0Wie w\u00e4r\u2019s mit einem Bananenkuchen? Es kann schon mal vorkommen, dass Bananen \u00fcberreif werden. Dann sind sie genau richtig f\u00fcr den leckeren Bananenkuchen! Da sehr reife Bananen sehr s\u00fc\u00df sind, ben\u00f6tigt man f\u00fcr den Kuchen sehr wenig Zucker. Zutaten: 3 Eier 120g Butter 50g Kokosbl\u00fctenzucker oder Mascobadozucker* 400g sehr reife Bananen aus dem fairen Handel*&hellip;","og_url":"https:\/\/weltlaeden.de\/messstetten\/rezepte\/","og_site_name":"Weltladen Me\u00dfstetten","article_modified_time":"2025-05-25T08:34:48+00:00","og_image":[{"width":2560,"height":1891,"url":"https:\/\/weltlaeden.de\/messstetten\/wp-content\/uploads\/sites\/150\/2025\/05\/Bananenkuchen2-scaled.jpg","type":"image\/jpeg"}],"twitter_card":"summary_large_image","twitter_misc":{"Gesch\u00e4tzte Lesezeit":"4\u00a0Minuten"},"schema":{"@context":"https:\/\/schema.org","@graph":[{"@type":"WebPage","@id":"https:\/\/weltlaeden.de\/messstetten\/rezepte\/","url":"https:\/\/weltlaeden.de\/messstetten\/rezepte\/","name":"Rezepte - Weltladen Me\u00dfstetten","isPartOf":{"@id":"https:\/\/weltlaeden.de\/messstetten\/#website"},"primaryImageOfPage":{"@id":"https:\/\/weltlaeden.de\/messstetten\/rezepte\/#primaryimage"},"image":{"@id":"https:\/\/weltlaeden.de\/messstetten\/rezepte\/#primaryimage"},"thumbnailUrl":"https:\/\/weltlaeden.de\/messstetten\/wp-content\/uploads\/sites\/150\/2025\/05\/Bananenkuchen2-300x222.jpg","datePublished":"2022-07-21T20:26:52+00:00","dateModified":"2025-05-25T08:34:48+00:00","breadcrumb":{"@id":"https:\/\/weltlaeden.de\/messstetten\/rezepte\/#breadcrumb"},"inLanguage":"de","potentialAction":[{"@type":"ReadAction","target":["https:\/\/weltlaeden.de\/messstetten\/rezepte\/"]}]},{"@type":"ImageObject","inLanguage":"de","@id":"https:\/\/weltlaeden.de\/messstetten\/rezepte\/#primaryimage","url":"https:\/\/weltlaeden.de\/messstetten\/wp-content\/uploads\/sites\/150\/2025\/05\/Bananenkuchen2-scaled.jpg","contentUrl":"https:\/\/weltlaeden.de\/messstetten\/wp-content\/uploads\/sites\/150\/2025\/05\/Bananenkuchen2-scaled.jpg","width":2560,"height":1891},{"@type":"BreadcrumbList","@id":"https:\/\/weltlaeden.de\/messstetten\/rezepte\/#breadcrumb","itemListElement":[{"@type":"ListItem","position":1,"name":"Startseite","item":"https:\/\/weltlaeden.de\/messstetten\/"},{"@type":"ListItem","position":2,"name":"Rezepte"}]},{"@type":"WebSite","@id":"https:\/\/weltlaeden.de\/messstetten\/#website","url":"https:\/\/weltlaeden.de\/messstetten\/","name":"Weltladen Me\u00dfstetten","description":"Faire Produkte seit 1978","potentialAction":[{"@type":"SearchAction","target":{"@type":"EntryPoint","urlTemplate":"https:\/\/weltlaeden.de\/messstetten\/?s={search_term_string}"},"query-input":{"@type":"PropertyValueSpecification","valueRequired":true,"valueName":"search_term_string"}}],"inLanguage":"de"}]}},"_links":{"self":[{"href":"https:\/\/weltlaeden.de\/messstetten\/wp-json\/wp\/v2\/pages\/1339","targetHints":{"allow":["GET"]}}],"collection":[{"href":"https:\/\/weltlaeden.de\/messstetten\/wp-json\/wp\/v2\/pages"}],"about":[{"href":"https:\/\/weltlaeden.de\/messstetten\/wp-json\/wp\/v2\/types\/page"}],"author":[{"embeddable":true,"href":"https:\/\/weltlaeden.de\/messstetten\/wp-json\/wp\/v2\/users\/217"}],"replies":[{"embeddable":true,"href":"https:\/\/weltlaeden.de\/messstetten\/wp-json\/wp\/v2\/comments?post=1339"}],"version-history":[{"count":6,"href":"https:\/\/weltlaeden.de\/messstetten\/wp-json\/wp\/v2\/pages\/1339\/revisions"}],"predecessor-version":[{"id":1670,"href":"https:\/\/weltlaeden.de\/messstetten\/wp-json\/wp\/v2\/pages\/1339\/revisions\/1670"}],"wp:attachment":[{"href":"https:\/\/weltlaeden.de\/messstetten\/wp-json\/wp\/v2\/media?parent=1339"}],"curies":[{"name":"wp","href":"https:\/\/api.w.org\/{rel}","templated":true}]}}