{"id":219,"date":"2016-10-28T13:34:47","date_gmt":"2016-10-28T11:34:47","guid":{"rendered":"https:\/\/wl.heimpixel.de\/vorlage\/ueber-uns\/"},"modified":"2021-08-09T14:15:52","modified_gmt":"2021-08-09T12:15:52","slug":"ueber-uns","status":"publish","type":"page","link":"https:\/\/weltlaeden.de\/memmingen\/ueber-uns\/","title":{"rendered":"\u00dcber uns"},"content":{"rendered":"<div class=\"wpb-content-wrapper\"><p>[vc_row][vc_column]<div class=\"wl_einzelbild\"><p><img loading=\"lazy\" decoding=\"async\" class=\"aligncenter wp-image-521 size-large\" src=\"https:\/\/weltlaeden.de\/memmingen\/wp-content\/uploads\/sites\/160\/2021\/04\/Weltladen-Memmingen_12-Gro\u00df-1024x686.jpg\" alt=\"\" width=\"1024\" height=\"686\" srcset=\"https:\/\/weltlaeden.de\/memmingen\/wp-content\/uploads\/sites\/160\/2021\/04\/Weltladen-Memmingen_12-Gro\u00df-1024x686.jpg 1024w, https:\/\/weltlaeden.de\/memmingen\/wp-content\/uploads\/sites\/160\/2021\/04\/Weltladen-Memmingen_12-Gro\u00df-300x201.jpg 300w, https:\/\/weltlaeden.de\/memmingen\/wp-content\/uploads\/sites\/160\/2021\/04\/Weltladen-Memmingen_12-Gro\u00df-768x515.jpg 768w, https:\/\/weltlaeden.de\/memmingen\/wp-content\/uploads\/sites\/160\/2021\/04\/Weltladen-Memmingen_12-Gro\u00df.jpg 1611w\" sizes=\"auto, (max-width: 1024px) 100vw, 1024px\" \/><\/p><\/div>[vc_empty_space][vc_column_text]<\/p>\n<h1>\u00dcber den Weltladen Memmingen<\/h1>\n<p>[\/vc_column_text][vc_column_text]Im November 1977 hat der gemeinn\u00fctzige Verein \u201ePartnerschaft Dritte Welt e.V.\u201c Memmingen in der Schlossergasse gegen\u00fcber dem Rathaus den ersten \u201eDritte-Weltladen\u201c in Schwaben er\u00f6ffnet.<\/p>\n<p>Der Verein ist heute Tr\u00e4ger des 1997 an den Weinmarkt 12 umgezogenen Weltladen Memmingen und seit 2005 auch Tr\u00e4ger des Eine-Weltladen in Bad Gr\u00f6nenbach. Rund 25 Frauen aller Altersstufen und Konfessionen arbeiten hier ehrenamtlich. Unter Leitung von wenigen Teilzeitmitarbeiterinnen sorgen sie daf\u00fcr, dass Sie auch in Memmingen ein breitgef\u00e4chertes Angebot an Lebensmitteln und Handwerkswaren aus Fairem Handel und Waren aus strukturschwachen Regionen Europas vorfinden.<\/p>\n<p>Wir laden Sie herzlich ein, uns nach Ihren M\u00f6glichkeiten zu unterst\u00fctzen: durch Einkauf im Weltladen, durch Ihre Mitgliedschaft im Tr\u00e4gerverein, durch aktive Mitarbeit im Laden oder bei Aktionen.[\/vc_column_text][\/vc_column][\/vc_row]<\/p>\n<\/div>","protected":false},"excerpt":{"rendered":"<p>[vc_row][vc_column][vc_empty_space][vc_column_text] \u00dcber den Weltladen Memmingen [\/vc_column_text][vc_column_text]Im November 1977 hat der gemeinn\u00fctzige Verein \u201ePartnerschaft Dritte Welt e.V.\u201c Memmingen in der Schlossergasse gegen\u00fcber dem Rathaus den ersten \u201eDritte-Weltladen\u201c in Schwaben er\u00f6ffnet. Der Verein ist heute Tr\u00e4ger des 1997 an den Weinmarkt 12 umgezogenen Weltladen Memmingen und seit 2005 auch Tr\u00e4ger des Eine-Weltladen in Bad Gr\u00f6nenbach. Rund 25&hellip;<\/p>\n","protected":false},"author":1,"featured_media":0,"parent":0,"menu_order":2,"comment_status":"closed","ping_status":"closed","template":"","meta":{"footnotes":""},"class_list":["post-219","page","type-page","status-publish","hentry","description-off"],"yoast_head":"<!-- This site is optimized with the Yoast SEO plugin v26.8 - https:\/\/yoast.com\/product\/yoast-seo-wordpress\/ -->\n<title>\u00dcber uns - Weltladen Memmingen<\/title>\n<meta name=\"robots\" content=\"index, follow, max-snippet:-1, max-image-preview:large, max-video-preview:-1\" \/>\n<link rel=\"canonical\" href=\"https:\/\/weltlaeden.de\/memmingen\/ueber-uns\/\" \/>\n<meta property=\"og:locale\" content=\"de_DE\" \/>\n<meta property=\"og:type\" content=\"article\" \/>\n<meta property=\"og:title\" content=\"\u00dcber uns - Weltladen Memmingen\" \/>\n<meta property=\"og:description\" content=\"[vc_row][vc_column][vc_empty_space][vc_column_text] \u00dcber den Weltladen Memmingen [\/vc_column_text][vc_column_text]Im November 1977 hat der gemeinn\u00fctzige Verein \u201ePartnerschaft Dritte Welt e.V.\u201c Memmingen in der Schlossergasse gegen\u00fcber dem Rathaus den ersten \u201eDritte-Weltladen\u201c in Schwaben er\u00f6ffnet. Der Verein ist heute Tr\u00e4ger des 1997 an den Weinmarkt 12 umgezogenen Weltladen Memmingen und seit 2005 auch Tr\u00e4ger des Eine-Weltladen in Bad Gr\u00f6nenbach. Rund 25&hellip;\" \/>\n<meta property=\"og:url\" content=\"https:\/\/weltlaeden.de\/memmingen\/ueber-uns\/\" \/>\n<meta property=\"og:site_name\" content=\"Weltladen Memmingen\" \/>\n<meta property=\"article:modified_time\" content=\"2021-08-09T12:15:52+00:00\" \/>\n<meta property=\"og:image\" content=\"https:\/\/weltlaeden.de\/memmingen\/wp-content\/uploads\/sites\/160\/2021\/04\/Weltladen-Memmingen_12-Gro\u00df-1024x686.jpg\" \/>\n<meta name=\"twitter:card\" content=\"summary_large_image\" \/>\n<meta name=\"twitter:label1\" content=\"Gesch\u00e4tzte Lesezeit\" \/>\n\t<meta name=\"twitter:data1\" content=\"1\u00a0Minute\" \/>\n<script type=\"application\/ld+json\" class=\"yoast-schema-graph\">{\"@context\":\"https:\/\/schema.org\",\"@graph\":[{\"@type\":\"WebPage\",\"@id\":\"https:\/\/weltlaeden.de\/memmingen\/ueber-uns\/\",\"url\":\"https:\/\/weltlaeden.de\/memmingen\/ueber-uns\/\",\"name\":\"\u00dcber uns - Weltladen Memmingen\",\"isPartOf\":{\"@id\":\"https:\/\/weltlaeden.de\/memmingen\/#website\"},\"datePublished\":\"2016-10-28T11:34:47+00:00\",\"dateModified\":\"2021-08-09T12:15:52+00:00\",\"breadcrumb\":{\"@id\":\"https:\/\/weltlaeden.de\/memmingen\/ueber-uns\/#breadcrumb\"},\"inLanguage\":\"de\",\"potentialAction\":[{\"@type\":\"ReadAction\",\"target\":[\"https:\/\/weltlaeden.de\/memmingen\/ueber-uns\/\"]}]},{\"@type\":\"BreadcrumbList\",\"@id\":\"https:\/\/weltlaeden.de\/memmingen\/ueber-uns\/#breadcrumb\",\"itemListElement\":[{\"@type\":\"ListItem\",\"position\":1,\"name\":\"Startseite\",\"item\":\"https:\/\/weltlaeden.de\/memmingen\/\"},{\"@type\":\"ListItem\",\"position\":2,\"name\":\"\u00dcber uns\"}]},{\"@type\":\"WebSite\",\"@id\":\"https:\/\/weltlaeden.de\/memmingen\/#website\",\"url\":\"https:\/\/weltlaeden.de\/memmingen\/\",\"name\":\"Weltladen Memmingen\",\"description\":\"Faire Produkte seit 1990\",\"publisher\":{\"@id\":\"https:\/\/weltlaeden.de\/memmingen\/#organization\"},\"potentialAction\":[{\"@type\":\"SearchAction\",\"target\":{\"@type\":\"EntryPoint\",\"urlTemplate\":\"https:\/\/weltlaeden.de\/memmingen\/?s={search_term_string}\"},\"query-input\":{\"@type\":\"PropertyValueSpecification\",\"valueRequired\":true,\"valueName\":\"search_term_string\"}}],\"inLanguage\":\"de\"},{\"@type\":\"Organization\",\"@id\":\"https:\/\/weltlaeden.de\/memmingen\/#organization\",\"name\":\"Weltladen Memmingen\",\"url\":\"https:\/\/weltlaeden.de\/memmingen\/\",\"logo\":{\"@type\":\"ImageObject\",\"inLanguage\":\"de\",\"@id\":\"https:\/\/weltlaeden.de\/memmingen\/#\/schema\/logo\/image\/\",\"url\":\"https:\/\/weltlaeden.de\/memmingen\/wp-content\/uploads\/sites\/160\/2021\/04\/Logo-Weltladen.png\",\"contentUrl\":\"https:\/\/weltlaeden.de\/memmingen\/wp-content\/uploads\/sites\/160\/2021\/04\/Logo-Weltladen.png\",\"width\":1117,\"height\":595,\"caption\":\"Weltladen Memmingen\"},\"image\":{\"@id\":\"https:\/\/weltlaeden.de\/memmingen\/#\/schema\/logo\/image\/\"},\"sameAs\":[\"https:\/\/www.instagram.com\/welt.laden\/\"]}]}<\/script>\n<!-- \/ Yoast SEO plugin. -->","yoast_head_json":{"title":"\u00dcber uns - Weltladen Memmingen","robots":{"index":"index","follow":"follow","max-snippet":"max-snippet:-1","max-image-preview":"max-image-preview:large","max-video-preview":"max-video-preview:-1"},"canonical":"https:\/\/weltlaeden.de\/memmingen\/ueber-uns\/","og_locale":"de_DE","og_type":"article","og_title":"\u00dcber uns - Weltladen Memmingen","og_description":"[vc_row][vc_column][vc_empty_space][vc_column_text] \u00dcber den Weltladen Memmingen [\/vc_column_text][vc_column_text]Im November 1977 hat der gemeinn\u00fctzige Verein \u201ePartnerschaft Dritte Welt e.V.\u201c Memmingen in der Schlossergasse gegen\u00fcber dem Rathaus den ersten \u201eDritte-Weltladen\u201c in Schwaben er\u00f6ffnet. Der Verein ist heute Tr\u00e4ger des 1997 an den Weinmarkt 12 umgezogenen Weltladen Memmingen und seit 2005 auch Tr\u00e4ger des Eine-Weltladen in Bad Gr\u00f6nenbach. Rund 25&hellip;","og_url":"https:\/\/weltlaeden.de\/memmingen\/ueber-uns\/","og_site_name":"Weltladen Memmingen","article_modified_time":"2021-08-09T12:15:52+00:00","og_image":[{"url":"https:\/\/weltlaeden.de\/memmingen\/wp-content\/uploads\/sites\/160\/2021\/04\/Weltladen-Memmingen_12-Gro\u00df-1024x686.jpg","type":"","width":"","height":""}],"twitter_card":"summary_large_image","twitter_misc":{"Gesch\u00e4tzte Lesezeit":"1\u00a0Minute"},"schema":{"@context":"https:\/\/schema.org","@graph":[{"@type":"WebPage","@id":"https:\/\/weltlaeden.de\/memmingen\/ueber-uns\/","url":"https:\/\/weltlaeden.de\/memmingen\/ueber-uns\/","name":"\u00dcber uns - Weltladen Memmingen","isPartOf":{"@id":"https:\/\/weltlaeden.de\/memmingen\/#website"},"datePublished":"2016-10-28T11:34:47+00:00","dateModified":"2021-08-09T12:15:52+00:00","breadcrumb":{"@id":"https:\/\/weltlaeden.de\/memmingen\/ueber-uns\/#breadcrumb"},"inLanguage":"de","potentialAction":[{"@type":"ReadAction","target":["https:\/\/weltlaeden.de\/memmingen\/ueber-uns\/"]}]},{"@type":"BreadcrumbList","@id":"https:\/\/weltlaeden.de\/memmingen\/ueber-uns\/#breadcrumb","itemListElement":[{"@type":"ListItem","position":1,"name":"Startseite","item":"https:\/\/weltlaeden.de\/memmingen\/"},{"@type":"ListItem","position":2,"name":"\u00dcber uns"}]},{"@type":"WebSite","@id":"https:\/\/weltlaeden.de\/memmingen\/#website","url":"https:\/\/weltlaeden.de\/memmingen\/","name":"Weltladen Memmingen","description":"Faire Produkte seit 1990","publisher":{"@id":"https:\/\/weltlaeden.de\/memmingen\/#organization"},"potentialAction":[{"@type":"SearchAction","target":{"@type":"EntryPoint","urlTemplate":"https:\/\/weltlaeden.de\/memmingen\/?s={search_term_string}"},"query-input":{"@type":"PropertyValueSpecification","valueRequired":true,"valueName":"search_term_string"}}],"inLanguage":"de"},{"@type":"Organization","@id":"https:\/\/weltlaeden.de\/memmingen\/#organization","name":"Weltladen Memmingen","url":"https:\/\/weltlaeden.de\/memmingen\/","logo":{"@type":"ImageObject","inLanguage":"de","@id":"https:\/\/weltlaeden.de\/memmingen\/#\/schema\/logo\/image\/","url":"https:\/\/weltlaeden.de\/memmingen\/wp-content\/uploads\/sites\/160\/2021\/04\/Logo-Weltladen.png","contentUrl":"https:\/\/weltlaeden.de\/memmingen\/wp-content\/uploads\/sites\/160\/2021\/04\/Logo-Weltladen.png","width":1117,"height":595,"caption":"Weltladen Memmingen"},"image":{"@id":"https:\/\/weltlaeden.de\/memmingen\/#\/schema\/logo\/image\/"},"sameAs":["https:\/\/www.instagram.com\/welt.laden\/"]}]}},"_links":{"self":[{"href":"https:\/\/weltlaeden.de\/memmingen\/wp-json\/wp\/v2\/pages\/219","targetHints":{"allow":["GET"]}}],"collection":[{"href":"https:\/\/weltlaeden.de\/memmingen\/wp-json\/wp\/v2\/pages"}],"about":[{"href":"https:\/\/weltlaeden.de\/memmingen\/wp-json\/wp\/v2\/types\/page"}],"author":[{"embeddable":true,"href":"https:\/\/weltlaeden.de\/memmingen\/wp-json\/wp\/v2\/users\/1"}],"replies":[{"embeddable":true,"href":"https:\/\/weltlaeden.de\/memmingen\/wp-json\/wp\/v2\/comments?post=219"}],"version-history":[{"count":12,"href":"https:\/\/weltlaeden.de\/memmingen\/wp-json\/wp\/v2\/pages\/219\/revisions"}],"predecessor-version":[{"id":630,"href":"https:\/\/weltlaeden.de\/memmingen\/wp-json\/wp\/v2\/pages\/219\/revisions\/630"}],"wp:attachment":[{"href":"https:\/\/weltlaeden.de\/memmingen\/wp-json\/wp\/v2\/media?parent=219"}],"curies":[{"name":"wp","href":"https:\/\/api.w.org\/{rel}","templated":true}]}}