{"id":20,"date":"2016-10-14T09:05:06","date_gmt":"2016-10-14T07:05:21","guid":{"rendered":"https:\/\/wl.heimpixel.de\/vorlage\/weltladen-musterdorf\/"},"modified":"2026-03-01T17:43:22","modified_gmt":"2026-03-01T16:43:22","slug":"weltladen-meinerzhagen","status":"publish","type":"page","link":"https:\/\/weltlaeden.de\/meinerzhagen\/","title":{"rendered":"Weltladen Meinerzhagen"},"content":{"rendered":"<div class=\"wpb-content-wrapper\"><p>[vc_row][vc_column]<div class=\"wl_einzelbild\"><p><img loading=\"lazy\" decoding=\"async\" class=\"alignnone wp-image-544 size-full\" src=\"https:\/\/weltlaeden.de\/meinerzhagen\/wp-content\/uploads\/sites\/136\/2023\/08\/WhatsApp-Bild-2023-08-23-um-16.41.38.jpg\" alt=\"\" width=\"2048\" height=\"1074\" srcset=\"https:\/\/weltlaeden.de\/meinerzhagen\/wp-content\/uploads\/sites\/136\/2023\/08\/WhatsApp-Bild-2023-08-23-um-16.41.38.jpg 2048w, https:\/\/weltlaeden.de\/meinerzhagen\/wp-content\/uploads\/sites\/136\/2023\/08\/WhatsApp-Bild-2023-08-23-um-16.41.38-300x157.jpg 300w, https:\/\/weltlaeden.de\/meinerzhagen\/wp-content\/uploads\/sites\/136\/2023\/08\/WhatsApp-Bild-2023-08-23-um-16.41.38-1024x537.jpg 1024w, https:\/\/weltlaeden.de\/meinerzhagen\/wp-content\/uploads\/sites\/136\/2023\/08\/WhatsApp-Bild-2023-08-23-um-16.41.38-768x403.jpg 768w, https:\/\/weltlaeden.de\/meinerzhagen\/wp-content\/uploads\/sites\/136\/2023\/08\/WhatsApp-Bild-2023-08-23-um-16.41.38-1536x806.jpg 1536w\" sizes=\"auto, (max-width: 2048px) 100vw, 2048px\" \/><\/p><\/div>[vc_empty_space height=&#8220;20px&#8220;][\/vc_column][\/vc_row][vc_row][vc_column][vc_column_text]<\/p>\n<h1 style=\"text-align: left\">Willkommen im Weltladen Meinerzhagen !<\/h1>\n<p>[\/vc_column_text][vc_column_text]<span style=\"color: #ff6600\"><strong>Fairer Preis statt milder Gaben<\/strong><\/span><\/p>\n<p>Unser Weltladen wird ehrenamtlich von engagierten Menschen betrieben, die eine Br\u00fccke bauen m\u00f6chten zwischen uns in Meinerzhagen und der &#8222;Dritten Welt&#8220;.[\/vc_column_text][vc_empty_space height=&#8220;30px&#8220;][\/vc_column][\/vc_row][vc_row][vc_column][vc_column_text]<\/p>\n<h2>Was Sie auf dieser Website finden:<\/h2>\n<p>[\/vc_column_text][vc_empty_space height=&#8220;20px&#8220;][vc_row_inner][vc_column_inner width=&#8220;1\/4&#8243;]<div class=\"wl_einzelbild\"><p><img loading=\"lazy\" decoding=\"async\" class=\"alignleft size-thumbnail wp-image-nsm-3-15\" src=\"https:\/\/weltlaeden.de\/vorlage\/wp-content\/uploads\/sites\/3\/2016\/11\/FairerHandel_ElPuente_Fingerpuppen_EccoExe_Peru-150x150.jpg\" alt=\"\" width=\"150\" height=\"150\" \/><\/p><\/div>[\/vc_column_inner][vc_column_inner width=&#8220;3\/4&#8243;][vc_column_text]<\/p>\n<h3>Fairer Handel<\/h3>\n<p>Was meint Fairer Handel \u00fcberhaupt? Welche Kriterien m\u00fcssen eingehalten werden und wer \u00fcberpr\u00fcft diese? <a href=\"https:\/\/weltlaeden.de\/meinerzhagen\/fairer-handel\/\">Erfahren Sie mehr &#8230;<\/a>[\/vc_column_text][\/vc_column_inner][\/vc_row_inner][vc_separator][vc_row_inner][vc_column_inner width=&#8220;1\/4&#8243;]<div class=\"wl_einzelbild\"><p><img loading=\"lazy\" decoding=\"async\" class=\"alignleft size-full wp-image-nsm-3-28\" src=\"https:\/\/weltlaeden.de\/vorlage\/wp-content\/uploads\/sites\/3\/2018\/05\/Lebensmittel_WL-Bornheim-Christian-Schilling_150x150.jpg\" alt=\"\" width=\"150\" height=\"150\" \/><\/p><\/div>[\/vc_column_inner][vc_column_inner width=&#8220;3\/4&#8243;][vc_column_text]<\/p>\n<h3>Produkte<\/h3>\n<p>Unsere Produkte im Weltladen sind nat\u00fcrlich alle aus Fairem Handel, dennoch kommen sie von unterschiedlichen Fair-Handels-Importeuren. <a href=\"https:\/\/weltlaeden.de\/meinerzhagen\/produkte\/\">Hier zeigen wir Ihnen unser Sortiment &#8230;<\/a>[\/vc_column_text][\/vc_column_inner][\/vc_row_inner][vc_separator][vc_row_inner][vc_column_inner width=&#8220;1\/4&#8243;]<div class=\"wl_einzelbild\"><p><img loading=\"lazy\" decoding=\"async\" class=\"size-thumbnail wp-image-448 alignleft\" src=\"https:\/\/weltlaeden.de\/meinerzhagen\/wp-content\/uploads\/sites\/136\/2019\/04\/board-game-challenge-chess-209728_1200x519-150x150.png\" alt=\"\" width=\"150\" height=\"150\" \/><\/p><\/div>[\/vc_column_inner][vc_column_inner width=&#8220;3\/4&#8243;][vc_column_text]<\/p>\n<h3>\u00dcber uns<\/h3>\n<p>Wer wir sind, warum wir uns f\u00fcr Fairen Handel engagieren und wie man bei uns mitmachen kann &#8211; <a href=\"https:\/\/weltlaeden.de\/meinerzhagen\/ueber-uns\/\">hier stellen wir uns vor &#8230;<\/a>[\/vc_column_text][\/vc_column_inner][\/vc_row_inner][vc_separator][vc_row_inner][vc_column_inner width=&#8220;1\/4&#8243;]<div class=\"wl_einzelbild\"><p><img loading=\"lazy\" decoding=\"async\" class=\"alignleft size-full wp-image-nsm-3-35\" src=\"https:\/\/weltlaeden.de\/vorlage\/wp-content\/uploads\/sites\/3\/2018\/08\/pocket-watch-1637396_1920_150x150.png\" alt=\"\" width=\"150\" height=\"150\" \/><\/p><\/div>[\/vc_column_inner][vc_column_inner width=&#8220;3\/4&#8243;][vc_column_text]<\/p>\n<h3>Termine<\/h3>\n<p>Bei uns ist immer etwas los! Wir treffen uns regelm\u00e4\u00dfig zu Teamsitzungen und Fortbildungen, organisieren aber auch immer mal wieder eine Veranstaltung zum Fairen Handel und verwandten Themen. <a href=\"https:\/\/weltlaeden.de\/meinerzhagen\/termine\/\">Hier erfahren Sie was bei uns los ist \u2026<\/a>[\/vc_column_text][\/vc_column_inner][\/vc_row_inner][vc_separator][vc_empty_space][\/vc_column][\/vc_row][vc_row][vc_column][vc_column_text css=&#8220;&#8220;]<\/p>\n<h2>Produkt des Monats M\u00e4rz<\/h2>\n<p>Auf unser Produkt des Monats erhalten Sie einen Rabatt von 10%[\/vc_column_text]<!-- This slideshow output is generated with Advanced post slider a multipurpose responsive WordPress slideshow plugin - http:\/\/www.wpcue.com\/wordpress-plugins\/advanced-post-slider\/ -->\r\n<style>\r\n#advps_container1 .bx-wrapper .bx-viewport {\r\n\t\tbackground:#ffffff;\r\n}\r\n#advps_container1 .bx-wrapper .bx-pager{\r\n\ttext-align: center;\r\n\t;\r\n}\r\n#advps_container1 .bx-wrapper .bx-pager\r\n{\r\n\tbottom:-35px;\r\n\tz-index:999;\r\n}\r\n#advps_container1 .bx-wrapper .bx-controls-auto\r\n{\r\n\tbottom:6px;\r\n}\r\n#advps_container1 .bx-wrapper .bx-controls.bx-has-controls-auto.bx-has-pager .bx-pager {\r\n\ttext-align: center;\r\n}\r\n#advps_container1 .bx-wrapper .bx-controls-auto {\r\n\tz-index:99999;\r\n\ttext-align:center;width:100%;}\r\n\r\n#advps_container1 .bx-wrapper .bx-pager.bx-default-pager a {\r\n\tbackground: #666;\r\n\ttext-indent: -9999px;\r\n\tdisplay: block;\r\n\twidth: 10px;\r\n\theight: 10px;\r\n\tmargin: 0 5px;\r\n\toutline: 0;\r\n\t-moz-border-radius: 5px;\r\n\t-webkit-border-radius: 5px;\r\n\tborder-radius: 5px;\r\n\ttext-align:left;\r\n}\r\n#advps_container1 .bx-wrapper .bx-pager.bx-default-pager a:hover,\r\n#advps_container1 .bx-wrapper .bx-pager.bx-default-pager a.active {\r\n\tbackground: #000;\r\n}\r\n\r\n\/* thumbnail pager*\/\r\n#advps_container1 #bx-pager\r\n{\r\n\twidth:100%;\r\n\tposition:absolute;\r\n\tbottom:-35px;\r\n    text-align: center;\r\n\tz-index: 9999;\r\n}\r\n#advps_container1 #bx-pager a img\r\n{\r\n\tborder: 1px solid #CCCCCC;\r\n    padding: 3px;\r\n}\r\n#advps_container1 #bx-pager a:hover img, #advps_container1 #bx-pager a.active img\r\n{\r\n\tborder: 1px solid #666666;\r\n}\r\n\/* medai queries *\/\r\n#advps_container1 .advs-title,#advps_container1 .advs-title a\r\n{\r\n\tfont-size:20px;\r\n\tline-height:26px;\r\n}\r\n#advps_container1 .advps-slide p\r\n{\r\n\tfont-size:15px;\r\n\tline-height:22px;\r\n}\r\n@media screen and (max-width: 1024px){\r\n\t#advps_container1 .advs-title,#advps_container1 .advs-title a\r\n\t{\r\n\t\tfont-size:16px;\r\n\t\tline-height:26px;\r\n\t}\r\n\t#advps_container1 .advps-slide p\r\n\t{\r\n\t\tfont-size:15px;\r\n\t\tline-height:22px;\r\n\t}\r\n}\r\n@media screen and (max-width: 768px){\r\n\t#advps_container1 h2.advs-title, #advps_container1 h2.advs-title a\r\n\t{\r\n\t\tfont-size:16px;\r\n\t\tline-height:20px;\r\n\t}\r\n\t#advps_container1 .advps-slide p\r\n\t{\r\n\t\tfont-size:14px;\r\n\t\tline-height:18px;\r\n\t}\r\n}\r\n@media screen and (max-width: 650px){\r\n\t#advps_container1 h2.advs-title, #advps_container1 h2.advs-title a\r\n\t{\r\n\t\tfont-size:15px;\r\n\t\tline-height:18px;\r\n\t}\r\n\t#advps_container1 .advps-slide p\r\n\t{\r\n\t\tfont-size:13px;\r\n\t\tline-height:15px;\r\n\t}\r\n}\r\n@media screen and (max-width: 480px){\r\n\t#advps_container1 h2.advs-title, #advps_container1 h2.advs-title a\r\n\t{\r\n\t\tfont-size:13px;\r\n\t\tline-height:14px;\r\n\t}\r\n\t#advps_container1 .advps-slide p\r\n\t{\r\n\t\tfont-size:12px;\r\n\t\tline-height:13px;\r\n\t}\r\n}\r\n@media screen and (max-width: 320px){\r\n\t#advps_container1 h2.advs-title, #advps_container1 h2.advs-title a\r\n\t{\r\n\t\tfont-size:12px;\r\n\t\tline-height:13px;\r\n\t}\r\n\t#advps_container1 .advps-slide p\r\n\t{\r\n\t\tfont-size:11px;\r\n\t\tline-height:12px;\r\n\t}\r\n}\r\n<\/style>\r\n<script type=\"text\/javascript\">\r\n\t\tjQuery(document).ready(function($){\r\n\t\t\t$('#advpsslideshow_1').bxSlider({\r\n\t\t\t\tuseCSS:1,\r\n\t\t\t\tslideMargin: 0,\r\n\t\t\t\tspeed: 2000,\t\t\t\t\r\n\t\t\t\t\t\t\t\tmode: 'fade',\r\n\t\t\t\t\t\t\t\t\t\t\t\tauto: 1,\r\n\t\t\t\tautoHover: 1,\r\n\t\t\t\tpause: 6000,\r\n\t\t\t\teasing: 'linear',\r\n\t\t\t\tcontrols: 0,\r\n\t\t\t\tpager: 1,\r\n  \t\t\t\tautoControls: 0\t\t\t\t\t\t\t});\r\n\t\t\t\t\t\t\t$(\"#advpsslideshow_1 .advs-title a\").hover(function(){\r\n\t\t\t\t\t$(this).css('color','#5e5e5e');\r\n\t\t\t\t},function(){\r\n\t\t\t\t\t$(this).css('color','#ff7c00');\r\n\t\t\t\t});\r\n\t\t\t\t\t\t$(\"#advpsslideshow_1 .advps-slide\").hover(function(){\r\n\t\t\t\t  \t\t\t},function(){\r\n\t\t\t\t\t\t\t});\r\n\t\t});\r\n\t<\/script>\r\n<div id=\"advps_container1\" class=\"advps-slide-container\" style=\"overflow:hidden;max-width:800px;\">\r\n \r\n  <div id=\"advpsslideshow_1\">\r\n        <div class=\"advps-slide\">\r\n\t      <img loading=\"lazy\" decoding=\"async\" width=\"300\" height=\"300\" src=\"https:\/\/weltlaeden.de\/meinerzhagen\/wp-content\/uploads\/sites\/136\/2026\/04\/BalsamicoSun1.jpg\" class=\"attachment-full size-full wp-post-image\" alt=\"\" srcset=\"https:\/\/weltlaeden.de\/meinerzhagen\/wp-content\/uploads\/sites\/136\/2026\/04\/BalsamicoSun1.jpg 300w, https:\/\/weltlaeden.de\/meinerzhagen\/wp-content\/uploads\/sites\/136\/2026\/04\/BalsamicoSun1-150x150.jpg 150w\" sizes=\"auto, (max-width: 300px) 100vw, 300px\" \/>             \r\n      <div class=\"advps-excerpt-one\" style=\"width:55%;height:100%;top:0; right:0;\">\r\n      \t<div class=\"advps-overlay-one\" style=\"background-color:#ffffff; -moz-opacity:1;filter:alpha(opacity=100);opacity:1;\"><\/div>\r\n        <div class=\"advps-excerpt-block-one\" style=\"text-align:left;color:#383838;-moz-opacity:1;filter:alpha(opacity=100);opacity:1;\">        \r\n        <h1 class=\"advs-title\" style=\"margin:5px 0px 10px 0px;color:#ff7c00\">Balsamico Sundried Fig &#8211; Salatdressing 250ml<\/h1>\r\n          \r\n            <p>Entdecke das fruchtige Salatdressing aus Balsamico-Essig und Feigen! Mit diesem Dressing bringst Du etwas ganz Besonderes auf Deinen Tisch. Der harmonische Mix aus s\u00fc\u00dflicher Feige und der angenehm s\u00e4uerlichen Note des Balsamico macht jedes Gericht zu einem Highlight. Egal ob als Dressing f\u00fcr knackige Salate oder zum Verfeinern von Suppen, diese Kombination sorgt f\u00fcr Abwechslung in der K\u00fcche.<\/p>\n        <\/div>\r\n      <\/div>\r\n    <\/div>\r\n        <div class=\"advps-slide\">\r\n\t      <img loading=\"lazy\" decoding=\"async\" width=\"300\" height=\"300\" src=\"https:\/\/weltlaeden.de\/meinerzhagen\/wp-content\/uploads\/sites\/136\/2026\/04\/BalsamicoSun2.jpg\" class=\"attachment-full size-full wp-post-image\" alt=\"\" srcset=\"https:\/\/weltlaeden.de\/meinerzhagen\/wp-content\/uploads\/sites\/136\/2026\/04\/BalsamicoSun2.jpg 300w, https:\/\/weltlaeden.de\/meinerzhagen\/wp-content\/uploads\/sites\/136\/2026\/04\/BalsamicoSun2-150x150.jpg 150w\" sizes=\"auto, (max-width: 300px) 100vw, 300px\" \/>             \r\n      <div class=\"advps-excerpt-one\" style=\"width:55%;height:100%;top:0; right:0;\">\r\n      \t<div class=\"advps-overlay-one\" style=\"background-color:#ffffff; -moz-opacity:1;filter:alpha(opacity=100);opacity:1;\"><\/div>\r\n        <div class=\"advps-excerpt-block-one\" style=\"text-align:left;color:#383838;-moz-opacity:1;filter:alpha(opacity=100);opacity:1;\">        \r\n        <h1 class=\"advs-title\" style=\"margin:5px 0px 10px 0px;color:#ff7c00\">Balsamico Sundried Fig &#8211; Salatdressing 250ml<\/h1>\r\n          \r\n            <p>Entdecke das fruchtige Salatdressing aus Balsamico-Essig und Feigen! Mit diesem Dressing bringst Du etwas ganz Besonderes auf Deinen Tisch. Der harmonische Mix aus s\u00fc\u00dflicher Feige und der angenehm s\u00e4uerlichen Note des Balsamico macht jedes Gericht zu einem Highlight. Egal ob als Dressing f\u00fcr knackige Salate oder zum Verfeinern von Suppen, diese Kombination sorgt f\u00fcr Abwechslung in der K\u00fcche.<\/p>\n        <\/div>\r\n      <\/div>\r\n    <\/div>\r\n        <div class=\"advps-slide\">\r\n\t      <img loading=\"lazy\" decoding=\"async\" width=\"300\" height=\"300\" src=\"https:\/\/weltlaeden.de\/meinerzhagen\/wp-content\/uploads\/sites\/136\/2026\/04\/BalsamicoSun3.jpg\" class=\"attachment-full size-full wp-post-image\" alt=\"\" srcset=\"https:\/\/weltlaeden.de\/meinerzhagen\/wp-content\/uploads\/sites\/136\/2026\/04\/BalsamicoSun3.jpg 300w, https:\/\/weltlaeden.de\/meinerzhagen\/wp-content\/uploads\/sites\/136\/2026\/04\/BalsamicoSun3-150x150.jpg 150w\" sizes=\"auto, (max-width: 300px) 100vw, 300px\" \/>             \r\n      <div class=\"advps-excerpt-one\" style=\"width:55%;height:100%;top:0; right:0;\">\r\n      \t<div class=\"advps-overlay-one\" style=\"background-color:#ffffff; -moz-opacity:1;filter:alpha(opacity=100);opacity:1;\"><\/div>\r\n        <div class=\"advps-excerpt-block-one\" style=\"text-align:left;color:#383838;-moz-opacity:1;filter:alpha(opacity=100);opacity:1;\">        \r\n        <h1 class=\"advs-title\" style=\"margin:5px 0px 10px 0px;color:#ff7c00\">Balsamico Sundried Fig &#8211; Salatdressing 250ml<\/h1>\r\n          \r\n            <p>Entdecke das fruchtige Salatdressing aus Balsamico-Essig und Feigen! Mit diesem Dressing bringst Du etwas ganz Besonderes auf Deinen Tisch. Der harmonische Mix aus s\u00fc\u00dflicher Feige und der angenehm s\u00e4uerlichen Note des Balsamico macht jedes Gericht zu einem Highlight. Egal ob als Dressing f\u00fcr knackige Salate oder zum Verfeinern von Suppen, diese Kombination sorgt f\u00fcr Abwechslung in der K\u00fcche.<\/p>\n        <\/div>\r\n      <\/div>\r\n    <\/div>\r\n      <\/div>\r\n  <\/div><!-- end advps-slide-container -->\r\n<!-- \/ Advanced post slider a multipurpose responsive slideshow plugin -->\r\n[\/vc_column][\/vc_row][vc_row][vc_column][vc_column_text]<\/p>\n<h2>Neuigkeiten<\/h2>\n<p>[\/vc_column_text]<section class=\"items-grid wf-container\"><div class=\"wf-cell wf-1\"><article class=\"post-format-standard\"><div class=\"mini-post-img\"><a class=\"alignleft post-rollover layzr-bg\" href=\"https:\/\/weltlaeden.de\/meinerzhagen\/nachhaltiger-einkaufsfuehrer-oben-an-der-volme\/\" aria-label=\"Post image\"><img decoding=\"async\" class=\"preload-me lazy-load aspect\" src=\"data:image\/svg+xml,%3Csvg%20xmlns%3D&#39;http%3A%2F%2Fwww.w3.org%2F2000%2Fsvg&#39;%20viewBox%3D&#39;0%200%20150%20150&#39;%2F%3E\" data-src=\"https:\/\/weltlaeden.de\/meinerzhagen\/wp-content\/uploads\/sites\/136\/2023\/10\/1Querklein-150x150.jpg\" data-srcset=\"https:\/\/weltlaeden.de\/meinerzhagen\/wp-content\/uploads\/sites\/136\/2023\/10\/1Querklein-150x150.jpg 150w, https:\/\/weltlaeden.de\/meinerzhagen\/wp-content\/uploads\/sites\/136\/2023\/10\/1Querklein-300x300.jpg 300w\" loading=\"eager\" style=\"--ratio: 150 \/ 150\" sizes=\"(max-width: 150px) 100vw, 150px\" width=\"150\" height=\"150\"  alt=\"\" \/><\/a><\/div><div class=\"post-content\"><a href=\"https:\/\/weltlaeden.de\/meinerzhagen\/nachhaltiger-einkaufsfuehrer-oben-an-der-volme\/\">Nachhaltiger Einkaufsf\u00fchrer &#8211; Oben an der Volme<\/a><br \/><time class=\"text-secondary\" datetime=\"2023-10-16T09:18:49+02:00\">16. Oktober 2023<\/time><\/div><\/article><\/div><\/section><a href=\"https:\/\/weltlaeden.de\/meinerzhagen\/neuigkeiten\/\" class=\"btn-shortcode dt-btn-s dt-btn default-btn-color default-btn-hover-color default-btn-bg-color default-btn-bg-hover-color\" target=\"_blank\" id=\"dt-btn-1\" rel=\"noopener\"><span>Alle Neuigkeiten<\/span><\/a>[\/vc_column][\/vc_row]<\/p>\n<\/div>","protected":false},"excerpt":{"rendered":"<p>[vc_row][vc_column][vc_empty_space height=&#8220;20px&#8220;][\/vc_column][\/vc_row][vc_row][vc_column][vc_column_text] Willkommen im Weltladen Meinerzhagen ! [\/vc_column_text][vc_column_text]Fairer Preis statt milder Gaben Unser Weltladen wird ehrenamtlich von engagierten Menschen betrieben, die eine Br\u00fccke bauen m\u00f6chten zwischen uns in Meinerzhagen und der &#8222;Dritten Welt&#8220;.[\/vc_column_text][vc_empty_space height=&#8220;30px&#8220;][\/vc_column][\/vc_row][vc_row][vc_column][vc_column_text] Was Sie auf dieser Website finden: [\/vc_column_text][vc_empty_space height=&#8220;20px&#8220;][vc_row_inner][vc_column_inner width=&#8220;1\/4&#8243;][\/vc_column_inner][vc_column_inner width=&#8220;3\/4&#8243;][vc_column_text] Fairer Handel Was meint Fairer Handel \u00fcberhaupt? Welche Kriterien m\u00fcssen eingehalten werden und wer \u00fcberpr\u00fcft diese?&hellip;<\/p>\n","protected":false},"author":1,"featured_media":0,"parent":0,"menu_order":0,"comment_status":"closed","ping_status":"closed","template":"","meta":{"footnotes":""},"class_list":["post-20","page","type-page","status-publish","hentry","description-off"],"yoast_head":"<!-- This site is optimized with the Yoast SEO plugin v26.8 - https:\/\/yoast.com\/product\/yoast-seo-wordpress\/ -->\n<title>Weltladen Meinerzhagen Startseite ; Weltladen Meinerzhagen<\/title>\n<meta name=\"description\" content=\"Meinerzhagen; Fairer Handel; Einzelhandel; Weltladen Meinerzhagen; Weltladen; Klangschalen; Bekleidung; Spielzeug; Dritte Welt;\" \/>\n<meta name=\"robots\" content=\"index, follow, max-snippet:-1, max-image-preview:large, max-video-preview:-1\" \/>\n<link rel=\"canonical\" href=\"https:\/\/weltlaeden.de\/meinerzhagen\/\" \/>\n<meta property=\"og:locale\" content=\"de_DE\" \/>\n<meta property=\"og:type\" content=\"article\" \/>\n<meta property=\"og:title\" content=\"Weltladen Meinerzhagen Startseite ; Weltladen Meinerzhagen\" \/>\n<meta property=\"og:description\" content=\"Meinerzhagen; Fairer Handel; Einzelhandel; Weltladen Meinerzhagen; Weltladen; Klangschalen; Bekleidung; Spielzeug; Dritte Welt;\" \/>\n<meta property=\"og:url\" content=\"https:\/\/weltlaeden.de\/meinerzhagen\/\" \/>\n<meta property=\"og:site_name\" content=\"Weltladen Meinerzhagen\" \/>\n<meta property=\"article:modified_time\" content=\"2026-03-01T16:43:22+00:00\" \/>\n<meta property=\"og:image\" content=\"https:\/\/weltlaeden.de\/meinerzhagen\/wp-content\/uploads\/sites\/136\/2023\/08\/WhatsApp-Bild-2023-08-23-um-16.41.38.jpg\" \/>\n\t<meta property=\"og:image:width\" content=\"2048\" \/>\n\t<meta property=\"og:image:height\" content=\"1074\" \/>\n\t<meta property=\"og:image:type\" content=\"image\/jpeg\" \/>\n<meta name=\"twitter:card\" content=\"summary_large_image\" \/>\n<meta name=\"twitter:label1\" content=\"Gesch\u00e4tzte Lesezeit\" \/>\n\t<meta name=\"twitter:data1\" content=\"3\u00a0Minuten\" \/>\n<script type=\"application\/ld+json\" class=\"yoast-schema-graph\">{\"@context\":\"https:\/\/schema.org\",\"@graph\":[{\"@type\":\"WebPage\",\"@id\":\"https:\/\/weltlaeden.de\/meinerzhagen\/\",\"url\":\"https:\/\/weltlaeden.de\/meinerzhagen\/\",\"name\":\"Weltladen Meinerzhagen Startseite ; Weltladen Meinerzhagen\",\"isPartOf\":{\"@id\":\"https:\/\/weltlaeden.de\/meinerzhagen\/#website\"},\"primaryImageOfPage\":{\"@id\":\"https:\/\/weltlaeden.de\/meinerzhagen\/#primaryimage\"},\"image\":{\"@id\":\"https:\/\/weltlaeden.de\/meinerzhagen\/#primaryimage\"},\"thumbnailUrl\":\"https:\/\/weltlaeden.de\/meinerzhagen\/wp-content\/uploads\/sites\/136\/2023\/08\/WhatsApp-Bild-2023-08-23-um-16.41.38.jpg\",\"datePublished\":\"2016-10-14T07:05:21+00:00\",\"dateModified\":\"2026-03-01T16:43:22+00:00\",\"description\":\"Meinerzhagen; Fairer Handel; Einzelhandel; Weltladen Meinerzhagen; Weltladen; Klangschalen; Bekleidung; Spielzeug; Dritte Welt;\",\"breadcrumb\":{\"@id\":\"https:\/\/weltlaeden.de\/meinerzhagen\/#breadcrumb\"},\"inLanguage\":\"de\",\"potentialAction\":[{\"@type\":\"ReadAction\",\"target\":[\"https:\/\/weltlaeden.de\/meinerzhagen\/\"]}]},{\"@type\":\"ImageObject\",\"inLanguage\":\"de\",\"@id\":\"https:\/\/weltlaeden.de\/meinerzhagen\/#primaryimage\",\"url\":\"https:\/\/weltlaeden.de\/meinerzhagen\/wp-content\/uploads\/sites\/136\/2023\/08\/WhatsApp-Bild-2023-08-23-um-16.41.38.jpg\",\"contentUrl\":\"https:\/\/weltlaeden.de\/meinerzhagen\/wp-content\/uploads\/sites\/136\/2023\/08\/WhatsApp-Bild-2023-08-23-um-16.41.38.jpg\",\"width\":2048,\"height\":1074},{\"@type\":\"BreadcrumbList\",\"@id\":\"https:\/\/weltlaeden.de\/meinerzhagen\/#breadcrumb\",\"itemListElement\":[{\"@type\":\"ListItem\",\"position\":1,\"name\":\"Startseite\",\"item\":\"https:\/\/weltlaeden.de\/meinerzhagen\/\"},{\"@type\":\"ListItem\",\"position\":2,\"name\":\"Weltladen Meinerzhagen\"}]},{\"@type\":\"WebSite\",\"@id\":\"https:\/\/weltlaeden.de\/meinerzhagen\/#website\",\"url\":\"https:\/\/weltlaeden.de\/meinerzhagen\/\",\"name\":\"Weltladen Meinerzhagen\",\"description\":\"Faire Produkte seit 1991\",\"potentialAction\":[{\"@type\":\"SearchAction\",\"target\":{\"@type\":\"EntryPoint\",\"urlTemplate\":\"https:\/\/weltlaeden.de\/meinerzhagen\/?s={search_term_string}\"},\"query-input\":{\"@type\":\"PropertyValueSpecification\",\"valueRequired\":true,\"valueName\":\"search_term_string\"}}],\"inLanguage\":\"de\"}]}<\/script>\n<!-- \/ Yoast SEO plugin. -->","yoast_head_json":{"title":"Weltladen Meinerzhagen Startseite ; Weltladen Meinerzhagen","description":"Meinerzhagen; Fairer Handel; Einzelhandel; Weltladen Meinerzhagen; Weltladen; Klangschalen; Bekleidung; Spielzeug; Dritte Welt;","robots":{"index":"index","follow":"follow","max-snippet":"max-snippet:-1","max-image-preview":"max-image-preview:large","max-video-preview":"max-video-preview:-1"},"canonical":"https:\/\/weltlaeden.de\/meinerzhagen\/","og_locale":"de_DE","og_type":"article","og_title":"Weltladen Meinerzhagen Startseite ; Weltladen Meinerzhagen","og_description":"Meinerzhagen; Fairer Handel; Einzelhandel; Weltladen Meinerzhagen; Weltladen; Klangschalen; Bekleidung; Spielzeug; Dritte Welt;","og_url":"https:\/\/weltlaeden.de\/meinerzhagen\/","og_site_name":"Weltladen Meinerzhagen","article_modified_time":"2026-03-01T16:43:22+00:00","og_image":[{"width":2048,"height":1074,"url":"https:\/\/weltlaeden.de\/meinerzhagen\/wp-content\/uploads\/sites\/136\/2023\/08\/WhatsApp-Bild-2023-08-23-um-16.41.38.jpg","type":"image\/jpeg"}],"twitter_card":"summary_large_image","twitter_misc":{"Gesch\u00e4tzte Lesezeit":"3\u00a0Minuten"},"schema":{"@context":"https:\/\/schema.org","@graph":[{"@type":"WebPage","@id":"https:\/\/weltlaeden.de\/meinerzhagen\/","url":"https:\/\/weltlaeden.de\/meinerzhagen\/","name":"Weltladen Meinerzhagen Startseite ; Weltladen Meinerzhagen","isPartOf":{"@id":"https:\/\/weltlaeden.de\/meinerzhagen\/#website"},"primaryImageOfPage":{"@id":"https:\/\/weltlaeden.de\/meinerzhagen\/#primaryimage"},"image":{"@id":"https:\/\/weltlaeden.de\/meinerzhagen\/#primaryimage"},"thumbnailUrl":"https:\/\/weltlaeden.de\/meinerzhagen\/wp-content\/uploads\/sites\/136\/2023\/08\/WhatsApp-Bild-2023-08-23-um-16.41.38.jpg","datePublished":"2016-10-14T07:05:21+00:00","dateModified":"2026-03-01T16:43:22+00:00","description":"Meinerzhagen; Fairer Handel; Einzelhandel; Weltladen Meinerzhagen; Weltladen; Klangschalen; Bekleidung; Spielzeug; Dritte Welt;","breadcrumb":{"@id":"https:\/\/weltlaeden.de\/meinerzhagen\/#breadcrumb"},"inLanguage":"de","potentialAction":[{"@type":"ReadAction","target":["https:\/\/weltlaeden.de\/meinerzhagen\/"]}]},{"@type":"ImageObject","inLanguage":"de","@id":"https:\/\/weltlaeden.de\/meinerzhagen\/#primaryimage","url":"https:\/\/weltlaeden.de\/meinerzhagen\/wp-content\/uploads\/sites\/136\/2023\/08\/WhatsApp-Bild-2023-08-23-um-16.41.38.jpg","contentUrl":"https:\/\/weltlaeden.de\/meinerzhagen\/wp-content\/uploads\/sites\/136\/2023\/08\/WhatsApp-Bild-2023-08-23-um-16.41.38.jpg","width":2048,"height":1074},{"@type":"BreadcrumbList","@id":"https:\/\/weltlaeden.de\/meinerzhagen\/#breadcrumb","itemListElement":[{"@type":"ListItem","position":1,"name":"Startseite","item":"https:\/\/weltlaeden.de\/meinerzhagen\/"},{"@type":"ListItem","position":2,"name":"Weltladen Meinerzhagen"}]},{"@type":"WebSite","@id":"https:\/\/weltlaeden.de\/meinerzhagen\/#website","url":"https:\/\/weltlaeden.de\/meinerzhagen\/","name":"Weltladen Meinerzhagen","description":"Faire Produkte seit 1991","potentialAction":[{"@type":"SearchAction","target":{"@type":"EntryPoint","urlTemplate":"https:\/\/weltlaeden.de\/meinerzhagen\/?s={search_term_string}"},"query-input":{"@type":"PropertyValueSpecification","valueRequired":true,"valueName":"search_term_string"}}],"inLanguage":"de"}]}},"_links":{"self":[{"href":"https:\/\/weltlaeden.de\/meinerzhagen\/wp-json\/wp\/v2\/pages\/20","targetHints":{"allow":["GET"]}}],"collection":[{"href":"https:\/\/weltlaeden.de\/meinerzhagen\/wp-json\/wp\/v2\/pages"}],"about":[{"href":"https:\/\/weltlaeden.de\/meinerzhagen\/wp-json\/wp\/v2\/types\/page"}],"author":[{"embeddable":true,"href":"https:\/\/weltlaeden.de\/meinerzhagen\/wp-json\/wp\/v2\/users\/1"}],"replies":[{"embeddable":true,"href":"https:\/\/weltlaeden.de\/meinerzhagen\/wp-json\/wp\/v2\/comments?post=20"}],"version-history":[{"count":67,"href":"https:\/\/weltlaeden.de\/meinerzhagen\/wp-json\/wp\/v2\/pages\/20\/revisions"}],"predecessor-version":[{"id":789,"href":"https:\/\/weltlaeden.de\/meinerzhagen\/wp-json\/wp\/v2\/pages\/20\/revisions\/789"}],"wp:attachment":[{"href":"https:\/\/weltlaeden.de\/meinerzhagen\/wp-json\/wp\/v2\/media?parent=20"}],"curies":[{"name":"wp","href":"https:\/\/api.w.org\/{rel}","templated":true}]}}