{"id":896,"date":"2026-03-20T11:43:09","date_gmt":"2026-03-20T10:43:09","guid":{"rendered":"https:\/\/weltlaeden.de\/mannheim\/?page_id=896"},"modified":"2026-03-20T12:27:11","modified_gmt":"2026-03-20T11:27:11","slug":"wir-suchen-dich","status":"publish","type":"page","link":"https:\/\/weltlaeden.de\/mannheim\/wir-suchen-dich\/","title":{"rendered":"Wir suchen Dich!"},"content":{"rendered":"<div class=\"wpb-content-wrapper\"><p>[vc_row][vc_column]<section class=\"shortcode-teaser img-full\"><div class=\"layzr-bg shortcode-teaser-img\"><img loading=\"lazy\" decoding=\"async\" class=\"lazy-load\" src=\"data:image\/svg+xml;charset=utf-8,%3Csvg xmlns%3D&#039;http%3A%2F%2Fwww.w3.org%2F2000%2Fsvg&#039; viewBox%3D&#039;0 0 1205 607&#039;%2F%3E\" width=\"1205\" height=\"607\" alt=\"Im Weltladen Mannheim: Ein Kundin steht am Tresen und kauft Produkte, dahinter steht ein Mitarbeiter.\" data-srcset=\"https:\/\/weltlaeden.de\/mannheim\/wp-content\/uploads\/sites\/36\/2026\/03\/IMG_0769schmal.jpg 1205w\" data-src=\"https:\/\/weltlaeden.de\/mannheim\/wp-content\/uploads\/sites\/36\/2026\/03\/IMG_0769schmal.jpg\" \/><\/div><div class=\"shortcode-teaser-content text-big\"><\/div><\/section>[vc_column_text css=&#8220;&#8220;]<\/p>\n<div class=\"trix-content\">\n<h1>Wir suchen ehrenamtliche Mitarbeitende!<\/h1>\n<div>Du m\u00f6chtest den Fairen Handel unterst\u00fctzen und damit zu einer gerechteren Welt beitragen? Dann komm zu uns in den Weltladen! Mitten in den Mannheimer Quadraten m\u00f6chten wir mit unserer besonderen Auswahl an Produkten aus dem Fairem Handel zeigen, dass ein Welthandel ohne Ausbeutung von Mensch und Umwelt nicht nur etwas f\u00fcr die Politik ist, sondern auch Freude machen kann.<\/div>\n<p>&nbsp;<\/p>\n<h2>Deine Aufgaben<\/h2>\n<p>&nbsp;<\/p>\n<\/div>\n<div class=\"trix-content\">\n<h3><strong>Verkauf und Kundenberatung (Ladendienst):<\/strong><\/h3>\n<p>Beim Ladendienst ber\u00e4tst du unsere Kund*innen beim Kauf unserer fair gehandelten Waren und verkaufst diese. Aufgaben wie neue Waren auff\u00fcllen, Tageseinnahmen z\u00e4hlen und Kaffee ausschenken geh\u00f6ren nat\u00fcrlich auch dazu. Fachwissen ist daf\u00fcr nicht erforderlich, du wirst ausf\u00fchrlich eingearbeitet. Die Schichten sind ungef\u00e4hr zwei Stunden lang und sehr flexibel.<\/p>\n<p>&nbsp;<\/p>\n<h3><strong>\u00d6ffentlichkeitsarbeit:<\/strong><\/h3>\n<div>Du bist kreativ und kennst dich in den Sozialen Medien aus? Du hast Spa\u00df daran, Veranstaltungen zu planen und durchzuf\u00fchren? Dann kannst du uns dabei helfen, unseren Facebook- und unseren Instagram-Account mit Content zu bespielen. Bei Aktionstagen wie dem Weltladentag brauchen wir au\u00dferdem Unterst\u00fctzung, wenn wir Veranstaltungen wie eine Kleidertausch-Party oder eine Schaufensterausstellung organisieren.<\/div>\n<p>&nbsp;<\/p>\n<\/div>\n<div class=\"trix-content\">\n<h3><strong>Instandhaltung:<\/strong><\/h3>\n<div>Du siehst, wo&#8217;s klemmt oder wackelt und f\u00fchrst kleinere Reparaturen selbst durch? Du hast Ideen, wie man den Laden auch mit kleinem Budget in Schuss h\u00e4lt? Dann w\u00e4rst du uns eine gro\u00dfe Hilfe!<\/div>\n<p>&nbsp;<\/p>\n<\/div>\n<div class=\"trix-content\">\n<h2>Interesse geweckt?<\/h2>\n<div>Dann komme einfach bei uns im Laden vorbei, ruf uns an oder schicke uns eine Mail. Wir freuen uns auf Dich!<\/div>\n<\/div>\n<p>[\/vc_column_text][\/vc_column][\/vc_row][vc_row][vc_column][\/vc_column][\/vc_row]<\/p>\n<\/div>","protected":false},"excerpt":{"rendered":"<p>[vc_row][vc_column][vc_column_text css=&#8220;&#8220;] Wir suchen ehrenamtliche Mitarbeitende! Du m\u00f6chtest den Fairen Handel unterst\u00fctzen und damit zu einer gerechteren Welt beitragen? Dann komm zu uns in den Weltladen! Mitten in den Mannheimer Quadraten m\u00f6chten wir mit unserer besonderen Auswahl an Produkten aus dem Fairem Handel zeigen, dass ein Welthandel ohne Ausbeutung von Mensch und Umwelt nicht nur&hellip;<\/p>\n","protected":false},"author":59,"featured_media":899,"parent":0,"menu_order":3,"comment_status":"closed","ping_status":"closed","template":"","meta":{"footnotes":""},"class_list":["post-896","page","type-page","status-publish","has-post-thumbnail","hentry","description-off"],"yoast_head":"<!-- This site is optimized with the Yoast SEO plugin v26.8 - https:\/\/yoast.com\/product\/yoast-seo-wordpress\/ -->\n<title>Wir suchen Dich! - Weltladen Mannheim<\/title>\n<meta name=\"robots\" content=\"index, follow, max-snippet:-1, max-image-preview:large, max-video-preview:-1\" \/>\n<link rel=\"canonical\" href=\"https:\/\/weltlaeden.de\/mannheim\/wir-suchen-dich\/\" \/>\n<meta property=\"og:locale\" content=\"de_DE\" \/>\n<meta property=\"og:type\" content=\"article\" \/>\n<meta property=\"og:title\" content=\"Wir suchen Dich! - Weltladen Mannheim\" \/>\n<meta property=\"og:description\" content=\"[vc_row][vc_column][vc_column_text css=&#8220;&#8220;] Wir suchen ehrenamtliche Mitarbeitende! Du m\u00f6chtest den Fairen Handel unterst\u00fctzen und damit zu einer gerechteren Welt beitragen? Dann komm zu uns in den Weltladen! Mitten in den Mannheimer Quadraten m\u00f6chten wir mit unserer besonderen Auswahl an Produkten aus dem Fairem Handel zeigen, dass ein Welthandel ohne Ausbeutung von Mensch und Umwelt nicht nur&hellip;\" \/>\n<meta property=\"og:url\" content=\"https:\/\/weltlaeden.de\/mannheim\/wir-suchen-dich\/\" \/>\n<meta property=\"og:site_name\" content=\"Weltladen Mannheim\" \/>\n<meta property=\"article:modified_time\" content=\"2026-03-20T11:27:11+00:00\" \/>\n<meta property=\"og:image\" content=\"https:\/\/weltlaeden.de\/mannheim\/wp-content\/uploads\/sites\/36\/2026\/03\/IMG_0769schmal.jpg\" \/>\n\t<meta property=\"og:image:width\" content=\"1205\" \/>\n\t<meta property=\"og:image:height\" content=\"607\" \/>\n\t<meta property=\"og:image:type\" content=\"image\/jpeg\" \/>\n<meta name=\"twitter:card\" content=\"summary_large_image\" \/>\n<meta name=\"twitter:label1\" content=\"Gesch\u00e4tzte Lesezeit\" \/>\n\t<meta name=\"twitter:data1\" content=\"2\u00a0Minuten\" \/>\n<script type=\"application\/ld+json\" class=\"yoast-schema-graph\">{\"@context\":\"https:\/\/schema.org\",\"@graph\":[{\"@type\":\"WebPage\",\"@id\":\"https:\/\/weltlaeden.de\/mannheim\/wir-suchen-dich\/\",\"url\":\"https:\/\/weltlaeden.de\/mannheim\/wir-suchen-dich\/\",\"name\":\"Wir suchen Dich! - Weltladen Mannheim\",\"isPartOf\":{\"@id\":\"https:\/\/weltlaeden.de\/mannheim\/#website\"},\"primaryImageOfPage\":{\"@id\":\"https:\/\/weltlaeden.de\/mannheim\/wir-suchen-dich\/#primaryimage\"},\"image\":{\"@id\":\"https:\/\/weltlaeden.de\/mannheim\/wir-suchen-dich\/#primaryimage\"},\"thumbnailUrl\":\"https:\/\/weltlaeden.de\/mannheim\/wp-content\/uploads\/sites\/36\/2026\/03\/IMG_0769schmal.jpg\",\"datePublished\":\"2026-03-20T10:43:09+00:00\",\"dateModified\":\"2026-03-20T11:27:11+00:00\",\"breadcrumb\":{\"@id\":\"https:\/\/weltlaeden.de\/mannheim\/wir-suchen-dich\/#breadcrumb\"},\"inLanguage\":\"de\",\"potentialAction\":[{\"@type\":\"ReadAction\",\"target\":[\"https:\/\/weltlaeden.de\/mannheim\/wir-suchen-dich\/\"]}]},{\"@type\":\"ImageObject\",\"inLanguage\":\"de\",\"@id\":\"https:\/\/weltlaeden.de\/mannheim\/wir-suchen-dich\/#primaryimage\",\"url\":\"https:\/\/weltlaeden.de\/mannheim\/wp-content\/uploads\/sites\/36\/2026\/03\/IMG_0769schmal.jpg\",\"contentUrl\":\"https:\/\/weltlaeden.de\/mannheim\/wp-content\/uploads\/sites\/36\/2026\/03\/IMG_0769schmal.jpg\",\"width\":1205,\"height\":607,\"caption\":\"Im Weltladen Mannheim: Ein Kundin steht am Tresen und kauft Produkte, dahinter steht ein Mitarbeiter.\"},{\"@type\":\"BreadcrumbList\",\"@id\":\"https:\/\/weltlaeden.de\/mannheim\/wir-suchen-dich\/#breadcrumb\",\"itemListElement\":[{\"@type\":\"ListItem\",\"position\":1,\"name\":\"Startseite\",\"item\":\"https:\/\/weltlaeden.de\/mannheim\/\"},{\"@type\":\"ListItem\",\"position\":2,\"name\":\"Wir suchen Dich!\"}]},{\"@type\":\"WebSite\",\"@id\":\"https:\/\/weltlaeden.de\/mannheim\/#website\",\"url\":\"https:\/\/weltlaeden.de\/mannheim\/\",\"name\":\"Vorlage\",\"description\":\"Fairer Handel im Quadrat\",\"potentialAction\":[{\"@type\":\"SearchAction\",\"target\":{\"@type\":\"EntryPoint\",\"urlTemplate\":\"https:\/\/weltlaeden.de\/mannheim\/?s={search_term_string}\"},\"query-input\":{\"@type\":\"PropertyValueSpecification\",\"valueRequired\":true,\"valueName\":\"search_term_string\"}}],\"inLanguage\":\"de\"}]}<\/script>\n<!-- \/ Yoast SEO plugin. -->","yoast_head_json":{"title":"Wir suchen Dich! - Weltladen Mannheim","robots":{"index":"index","follow":"follow","max-snippet":"max-snippet:-1","max-image-preview":"max-image-preview:large","max-video-preview":"max-video-preview:-1"},"canonical":"https:\/\/weltlaeden.de\/mannheim\/wir-suchen-dich\/","og_locale":"de_DE","og_type":"article","og_title":"Wir suchen Dich! - Weltladen Mannheim","og_description":"[vc_row][vc_column][vc_column_text css=&#8220;&#8220;] Wir suchen ehrenamtliche Mitarbeitende! Du m\u00f6chtest den Fairen Handel unterst\u00fctzen und damit zu einer gerechteren Welt beitragen? Dann komm zu uns in den Weltladen! Mitten in den Mannheimer Quadraten m\u00f6chten wir mit unserer besonderen Auswahl an Produkten aus dem Fairem Handel zeigen, dass ein Welthandel ohne Ausbeutung von Mensch und Umwelt nicht nur&hellip;","og_url":"https:\/\/weltlaeden.de\/mannheim\/wir-suchen-dich\/","og_site_name":"Weltladen Mannheim","article_modified_time":"2026-03-20T11:27:11+00:00","og_image":[{"width":1205,"height":607,"url":"https:\/\/weltlaeden.de\/mannheim\/wp-content\/uploads\/sites\/36\/2026\/03\/IMG_0769schmal.jpg","type":"image\/jpeg"}],"twitter_card":"summary_large_image","twitter_misc":{"Gesch\u00e4tzte Lesezeit":"2\u00a0Minuten"},"schema":{"@context":"https:\/\/schema.org","@graph":[{"@type":"WebPage","@id":"https:\/\/weltlaeden.de\/mannheim\/wir-suchen-dich\/","url":"https:\/\/weltlaeden.de\/mannheim\/wir-suchen-dich\/","name":"Wir suchen Dich! - Weltladen Mannheim","isPartOf":{"@id":"https:\/\/weltlaeden.de\/mannheim\/#website"},"primaryImageOfPage":{"@id":"https:\/\/weltlaeden.de\/mannheim\/wir-suchen-dich\/#primaryimage"},"image":{"@id":"https:\/\/weltlaeden.de\/mannheim\/wir-suchen-dich\/#primaryimage"},"thumbnailUrl":"https:\/\/weltlaeden.de\/mannheim\/wp-content\/uploads\/sites\/36\/2026\/03\/IMG_0769schmal.jpg","datePublished":"2026-03-20T10:43:09+00:00","dateModified":"2026-03-20T11:27:11+00:00","breadcrumb":{"@id":"https:\/\/weltlaeden.de\/mannheim\/wir-suchen-dich\/#breadcrumb"},"inLanguage":"de","potentialAction":[{"@type":"ReadAction","target":["https:\/\/weltlaeden.de\/mannheim\/wir-suchen-dich\/"]}]},{"@type":"ImageObject","inLanguage":"de","@id":"https:\/\/weltlaeden.de\/mannheim\/wir-suchen-dich\/#primaryimage","url":"https:\/\/weltlaeden.de\/mannheim\/wp-content\/uploads\/sites\/36\/2026\/03\/IMG_0769schmal.jpg","contentUrl":"https:\/\/weltlaeden.de\/mannheim\/wp-content\/uploads\/sites\/36\/2026\/03\/IMG_0769schmal.jpg","width":1205,"height":607,"caption":"Im Weltladen Mannheim: Ein Kundin steht am Tresen und kauft Produkte, dahinter steht ein Mitarbeiter."},{"@type":"BreadcrumbList","@id":"https:\/\/weltlaeden.de\/mannheim\/wir-suchen-dich\/#breadcrumb","itemListElement":[{"@type":"ListItem","position":1,"name":"Startseite","item":"https:\/\/weltlaeden.de\/mannheim\/"},{"@type":"ListItem","position":2,"name":"Wir suchen Dich!"}]},{"@type":"WebSite","@id":"https:\/\/weltlaeden.de\/mannheim\/#website","url":"https:\/\/weltlaeden.de\/mannheim\/","name":"Vorlage","description":"Fairer Handel im Quadrat","potentialAction":[{"@type":"SearchAction","target":{"@type":"EntryPoint","urlTemplate":"https:\/\/weltlaeden.de\/mannheim\/?s={search_term_string}"},"query-input":{"@type":"PropertyValueSpecification","valueRequired":true,"valueName":"search_term_string"}}],"inLanguage":"de"}]}},"_links":{"self":[{"href":"https:\/\/weltlaeden.de\/mannheim\/wp-json\/wp\/v2\/pages\/896","targetHints":{"allow":["GET"]}}],"collection":[{"href":"https:\/\/weltlaeden.de\/mannheim\/wp-json\/wp\/v2\/pages"}],"about":[{"href":"https:\/\/weltlaeden.de\/mannheim\/wp-json\/wp\/v2\/types\/page"}],"author":[{"embeddable":true,"href":"https:\/\/weltlaeden.de\/mannheim\/wp-json\/wp\/v2\/users\/59"}],"replies":[{"embeddable":true,"href":"https:\/\/weltlaeden.de\/mannheim\/wp-json\/wp\/v2\/comments?post=896"}],"version-history":[{"count":17,"href":"https:\/\/weltlaeden.de\/mannheim\/wp-json\/wp\/v2\/pages\/896\/revisions"}],"predecessor-version":[{"id":919,"href":"https:\/\/weltlaeden.de\/mannheim\/wp-json\/wp\/v2\/pages\/896\/revisions\/919"}],"wp:featuredmedia":[{"embeddable":true,"href":"https:\/\/weltlaeden.de\/mannheim\/wp-json\/wp\/v2\/media\/899"}],"wp:attachment":[{"href":"https:\/\/weltlaeden.de\/mannheim\/wp-json\/wp\/v2\/media?parent=896"}],"curies":[{"name":"wp","href":"https:\/\/api.w.org\/{rel}","templated":true}]}}