{"id":677,"date":"2019-02-17T20:43:09","date_gmt":"2019-02-17T19:43:09","guid":{"rendered":"https:\/\/weltlaeden.de\/mannheim\/?page_id=677"},"modified":"2019-02-17T20:49:38","modified_gmt":"2019-02-17T19:49:38","slug":"newsletter-anmeldung","status":"publish","type":"page","link":"https:\/\/weltlaeden.de\/mannheim\/newsletter-anmeldung\/","title":{"rendered":"Newsletter Anmeldung"},"content":{"rendered":"<div class=\"wpb-content-wrapper\"><p>[vc_row][vc_column][vc_column_text]<\/p>\n<h1>Anmeldung zu unserem Newsletter<\/h1>\n<p>[\/vc_column_text][\/vc_column][\/vc_row][vc_row][vc_column][vc_column_text]Mit unserem Newsletter wollen wir Sie regelm\u00e4\u00dfig per E-Mail \u00fcber Neuigkeiten aus unserem Weltladen und dem Fairen Handel informieren.[\/vc_column_text][vc_column_text]Bitte beachten Sie: Nach der Eintragung erhalten Sie von uns eine Email mit einem Best\u00e4tigungslink. Ihre Anmeldung zum Newsletter wird erst wirksam, nachdem Sie den Link best\u00e4tigt haben.[\/vc_column_text][\/vc_column][\/vc_row][vc_row][vc_column][vc_raw_html]JTNDZm9ybSUyMGNsYXNzJTNEJTIybGF5b3V0X2Zvcm0lMjBjcl9mb3JtJTIwY3JfZm9udCUyMiUyMGFjdGlvbiUzRCUyMmh0dHBzJTNBJTJGJTJGZXUyLmNsZXZlcnJlYWNoLmNvbSUyRmYlMkYyMTkwMTUtMjEzMTUyJTJGd2NzJTJGJTIyJTIwbWV0aG9kJTNEJTIycG9zdCUyMiUyMHRhcmdldCUzRCUyMl9ibGFuayUyMiUzRSUwQSUwOSUzQ2RpdiUyMGNsYXNzJTNEJTIyY3JfYm9keSUyMGNyX3BhZ2UlMjBjcl9mb250JTIwZm9ybWJveCUyMiUzRSUwQSUwOSUwOSUzQ2RpdiUyMGNsYXNzJTNEJTIybm9uX3NvcnRhYmxlJTIyJTNFJTBBJTA5JTA5JTA5JTBBJTA5JTA5JTNDJTJGZGl2JTNFJTBBJTA5JTA5JTBBJTA5JTA5JTNDZGl2JTIwY2xhc3MlM0QlMjJlZGl0YWJsZV9jb250ZW50JTIyJTNFJTBBJTA5JTA5JTNDZGl2JTIwaWQlM0QlMjI0NTY0MjYxJTIyJTIwcmVsJTNEJTIyZW1haWwlMjIlMjBjbGFzcyUzRCUyMmNyX2lwZV9pdGVtJTIwdWktc29ydGFibGUlMjBtdXN0aGF2ZSUyMiUyMCUzRSUwQSUzQ2xhYmVsJTIwZm9yJTNEJTIydGV4dDQ1NjQyNjElMjIlMjBjbGFzcyUzRCUyMml0ZW1uYW1lJTIyJTNFRS1NYWlsJTJBJTNDJTJGbGFiZWwlM0UlMjAlM0NpbnB1dCUyMGlkJTNEJTIydGV4dDQ1NjQyNjElMjIlMjBuYW1lJTNEJTIyZW1haWwlMjIlMjB2YWx1ZSUzRCUyMiUyMiUyMHR5cGUlM0QlMjJ0ZXh0JTIyJTIwJTIwJTJGJTNFJTBBJTNDJTJGZGl2JTNFJTNDZGl2JTIwaWQlM0QlMjI0NTY0MjY1JTIyJTIwcmVsJTNEJTIycmVjYXB0Y2hhJTIyJTIwY2xhc3MlM0QlMjJjcl9pcGVfaXRlbSUyMHVpLXNvcnRhYmxlJTIwbXVzdGhhdmUlMjIlM0UlMEElMDklMEElMDklM0NzY3JpcHQlMjBzcmMlM0QlMjJodHRwcyUzQSUyRiUyRnd3dy5nb29nbGUuY29tJTJGcmVjYXB0Y2hhJTJGYXBpLmpzJTIyJTIwYXN5bmMlMjBkZWZlciUzRSUzQyUyRnNjcmlwdCUzRSUwQSUwOSUzQ2JyJTJGJTNFJTBBJTA5JTNDZGl2JTIwaWQlM0QlMjJyZWNhcHRjaGFfdjJfd2lkZ2V0JTIyJTIwY2xhc3MlM0QlMjJnLXJlY2FwdGNoYSUyMiUyMGRhdGEtdGhlbWUlM0QlMjJsaWdodCUyMiUyMGRhdGEtc2l6ZSUzRCUyMm5vcm1hbCUyMiUyMGRhdGEtc2l0ZWtleSUzRCUyMjZMZmhjZDBTQUFBQUFPQkVIbUFWRUhKZVJuckg4VDd3UHZ2TnpFUEQlMjIlMjAlM0UlM0MlMkZkaXYlM0UlMEElMDklM0NiciUyRiUzRSUwQSUwQUlocmUlMjBlaW5nZWdlYmVuZSUyMEVtYWlsLUFkcmVzc2UlMjB2ZXJ3ZW5kZW4lMjB3aXIlMjBsZWRpZ2xpY2glMjB6dXIlMjBWZXJzZW5kdW5nJTIwZGVzJTIwTmV3c2xldHRlcnMuJTIwU2llJTIwayVDMyVCNm5uZW4lMjBzaWNoJTIwamVkZXJ6ZWl0JTIwJUMzJUJDYmVyJTIwZWluZW4lMjBBYm1lbGRlbGluayUyMGltJTIwTmV3c2xldHRlciUyMGFibWVsZGVuJTIwb2RlciUyMElocmUlMjBFaW53aWxsaWd1bmclMjBwZXIlMjBFLU1haWwlMjBhbiUyMG5ld3NsZXR0ZXIlNDB3ZWx0bGFkZW4tbWFubmhlaW0uZGUlMjB3aWRlcnJ1ZmVuLiUyMElocmUlMjBEYXRlbiUyMHdlcmRlbiUyMG5hY2glMjBCZWVuZGlndW5nJTIwZGVzJTIwTmV3c2xldHRlci1FbXBmYW5ncyUyMGlubmVyaGFsYiUyMHZvbiUyMDElMjBNb25hdCUyMGdlbCVDMyVCNnNjaHQlMkMlMjBzb2Zlcm4lMjBkZXIlMjBMJUMzJUI2c2NodW5nJTIwa2VpbmUlMjBnZXNldHpsaWNoZW4lMjBBdWZiZXdhaHJ1bmdzcGZsaWNodGVuJTIwZW50Z2VnZW5zdGVoZW4uJTIwRHVyY2glMjBkYXMlMjBBYnNlbmRlbiUyMGRlciUyMHZvbiUyMElobmVuJTIwZWluZ2VnZWJlbmVuJTIwRGF0ZW4lMjB3aWxsaWdlbiUyMFNpZSUyMGluJTIwZGllJTIwRGF0ZW52ZXJhcmJlaXR1bmclMjBlaW4lMjB1bmQlMjBiZXN0JUMzJUE0dGlnZW4lMjB1bnNlcmUlMjAlM0NhJTIwaHJlZiUzRCUyMmh0dHBzJTNBJTJGJTJGd2VsdGxhZWRlbi5kZSUyRm1hbm5oZWltJTJGZGF0ZW5zY2h1dHolMkYlMjIlM0VEYXRlbnNjaHV0emVya2wlQzMlQTRydW5nJTNDJTJGYSUzRS4lMEElM0NwJTNFJTNDJTJGcCUzRSUwQSUwOSUwQSUzQyUyRmRpdiUzRSUzQ2RpdiUyMGlkJTNEJTIyNDU2NDI2MyUyMiUyMHJlbCUzRCUyMmJ1dHRvbiUyMiUyMGNsYXNzJTNEJTIyY3JfaXBlX2l0ZW0lMjB1aS1zb3J0YWJsZSUyMHN1Ym1pdF9jb250YWluZXIlMjIlMjAlM0UlMEElM0NidXR0b24lMjB0eXBlJTNEJTIyc3VibWl0JTIyJTIwY2xhc3MlM0QlMjJ2Y19nZW5lcmFsJTIwdmNfYnRuMyUyMHZjX2J0bjMtc2l6ZS1tZCUyMHZjX2J0bjMtc2hhcGUtcm91bmRlZCUyMHZjX2J0bjMtc3R5bGUtbW9kZXJuJTIwdmNfYnRuMy1jb2xvci13YXJuaW5nJTIyJTNFQW5tZWxkZW4lM0MlMkZidXR0b24lM0UlMEElM0MlMkZkaXYlM0UlMEElMDklM0MlMkZkaXYlM0UlMEElMDklMEElM0MlMkZkaXYlM0UlMEElMEElM0MlMkZmb3JtJTNF[\/vc_raw_html][\/vc_column][\/vc_row]<\/p>\n<\/div>","protected":false},"excerpt":{"rendered":"<p>[vc_row][vc_column][vc_column_text] Anmeldung zu unserem Newsletter [\/vc_column_text][\/vc_column][\/vc_row][vc_row][vc_column][vc_column_text]Mit unserem Newsletter wollen wir Sie regelm\u00e4\u00dfig per E-Mail \u00fcber Neuigkeiten aus unserem Weltladen und dem Fairen Handel informieren.[\/vc_column_text][vc_column_text]Bitte beachten Sie: Nach der Eintragung erhalten Sie von uns eine Email mit einem Best\u00e4tigungslink. Ihre Anmeldung zum Newsletter wird erst wirksam, nachdem Sie den Link best\u00e4tigt haben.[\/vc_column_text][\/vc_column][\/vc_row][vc_row][vc_column][vc_raw_html]JTNDZm9ybSUyMGNsYXNzJTNEJTIybGF5b3V0X2Zvcm0lMjBjcl9mb3JtJTIwY3JfZm9udCUyMiUyMGFjdGlvbiUzRCUyMmh0dHBzJTNBJTJGJTJGZXUyLmNsZXZlcnJlYWNoLmNvbSUyRmYlMkYyMTkwMTUtMjEzMTUyJTJGd2NzJTJGJTIyJTIwbWV0aG9kJTNEJTIycG9zdCUyMiUyMHRhcmdldCUzRCUyMl9ibGFuayUyMiUzRSUwQSUwOSUzQ2RpdiUyMGNsYXNzJTNEJTIyY3JfYm9keSUyMGNyX3BhZ2UlMjBjcl9mb250JTIwZm9ybWJveCUyMiUzRSUwQSUwOSUwOSUzQ2RpdiUyMGNsYXNzJTNEJTIybm9uX3NvcnRhYmxlJTIyJTNFJTBBJTA5JTA5JTA5JTBBJTA5JTA5JTNDJTJGZGl2JTNFJTBBJTA5JTA5JTBBJTA5JTA5JTNDZGl2JTIwY2xhc3MlM0QlMjJlZGl0YWJsZV9jb250ZW50JTIyJTNFJTBBJTA5JTA5JTNDZGl2JTIwaWQlM0QlMjI0NTY0MjYxJTIyJTIwcmVsJTNEJTIyZW1haWwlMjIlMjBjbGFzcyUzRCUyMmNyX2lwZV9pdGVtJTIwdWktc29ydGFibGUlMjBtdXN0aGF2ZSUyMiUyMCUzRSUwQSUzQ2xhYmVsJTIwZm9yJTNEJTIydGV4dDQ1NjQyNjElMjIlMjBjbGFzcyUzRCUyMml0ZW1uYW1lJTIyJTNFRS1NYWlsJTJBJTNDJTJGbGFiZWwlM0UlMjAlM0NpbnB1dCUyMGlkJTNEJTIydGV4dDQ1NjQyNjElMjIlMjBuYW1lJTNEJTIyZW1haWwlMjIlMjB2YWx1ZSUzRCUyMiUyMiUyMHR5cGUlM0QlMjJ0ZXh0JTIyJTIwJTIwJTJGJTNFJTBBJTNDJTJGZGl2JTNFJTNDZGl2JTIwaWQlM0QlMjI0NTY0MjY1JTIyJTIwcmVsJTNEJTIycmVjYXB0Y2hhJTIyJTIwY2xhc3MlM0QlMjJjcl9pcGVfaXRlbSUyMHVpLXNvcnRhYmxlJTIwbXVzdGhhdmUlMjIlM0UlMEElMDklMEElMDklM0NzY3JpcHQlMjBzcmMlM0QlMjJodHRwcyUzQSUyRiUyRnd3dy5nb29nbGUuY29tJTJGcmVjYXB0Y2hhJTJGYXBpLmpzJTIyJTIwYXN5bmMlMjBkZWZlciUzRSUzQyUyRnNjcmlwdCUzRSUwQSUwOSUzQ2JyJTJGJTNFJTBBJTA5JTNDZGl2JTIwaWQlM0QlMjJyZWNhcHRjaGFfdjJfd2lkZ2V0JTIyJTIwY2xhc3MlM0QlMjJnLXJlY2FwdGNoYSUyMiUyMGRhdGEtdGhlbWUlM0QlMjJsaWdodCUyMiUyMGRhdGEtc2l6ZSUzRCUyMm5vcm1hbCUyMiUyMGRhdGEtc2l0ZWtleSUzRCUyMjZMZmhjZDBTQUFBQUFPQkVIbUFWRUhKZVJuckg4VDd3UHZ2TnpFUEQlMjIlMjAlM0UlM0MlMkZkaXYlM0UlMEElMDklM0NiciUyRiUzRSUwQSUwQUlocmUlMjBlaW5nZWdlYmVuZSUyMEVtYWlsLUFkcmVzc2UlMjB2ZXJ3ZW5kZW4lMjB3aXIlMjBsZWRpZ2xpY2glMjB6dXIlMjBWZXJzZW5kdW5nJTIwZGVzJTIwTmV3c2xldHRlcnMuJTIwU2llJTIwayVDMyVCNm5uZW4lMjBzaWNoJTIwamVkZXJ6ZWl0JTIwJUMzJUJDYmVyJTIwZWluZW4lMjBBYm1lbGRlbGluayUyMGltJTIwTmV3c2xldHRlciUyMGFibWVsZGVuJTIwb2RlciUyMElocmUlMjBFaW53aWxsaWd1bmclMjBwZXIlMjBFLU1haWwlMjBhbiUyMG5ld3NsZXR0ZXIlNDB3ZWx0bGFkZW4tbWFubmhlaW0uZGUlMjB3aWRlcnJ1ZmVuLiUyMElocmUlMjBEYXRlbiUyMHdlcmRlbiUyMG5hY2glMjBCZWVuZGlndW5nJTIwZGVzJTIwTmV3c2xldHRlci1FbXBmYW5ncyUyMGlubmVyaGFsYiUyMHZvbiUyMDElMjBNb25hdCUyMGdlbCVDMyVCNnNjaHQlMkMlMjBzb2Zlcm4lMjBkZXIlMjBMJUMzJUI2c2NodW5nJTIwa2VpbmUlMjBnZXNldHpsaWNoZW4lMjBBdWZiZXdhaHJ1bmdzcGZsaWNodGVuJTIwZW50Z2VnZW5zdGVoZW4uJTIwRHVyY2glMjBkYXMlMjBBYnNlbmRlbiUyMGRlciUyMHZvbiUyMElobmVuJTIwZWluZ2VnZWJlbmVuJTIwRGF0ZW4lMjB3aWxsaWdlbiUyMFNpZSUyMGluJTIwZGllJTIwRGF0ZW52ZXJhcmJlaXR1bmclMjBlaW4lMjB1bmQlMjBiZXN0JUMzJUE0dGlnZW4lMjB1bnNlcmUlMjAlM0NhJTIwaHJlZiUzRCUyMmh0dHBzJTNBJTJGJTJGd2VsdGxhZWRlbi5kZSUyRm1hbm5oZWltJTJGZGF0ZW5zY2h1dHolMkYlMjIlM0VEYXRlbnNjaHV0emVya2wlQzMlQTRydW5nJTNDJTJGYSUzRS4lMEElM0NwJTNFJTNDJTJGcCUzRSUwQSUwOSUwQSUzQyUyRmRpdiUzRSUzQ2RpdiUyMGlkJTNEJTIyNDU2NDI2MyUyMiUyMHJlbCUzRCUyMmJ1dHRvbiUyMiUyMGNsYXNzJTNEJTIyY3JfaXBlX2l0ZW0lMjB1aS1zb3J0YWJsZSUyMHN1Ym1pdF9jb250YWluZXIlMjIlMjAlM0UlMEElM0NidXR0b24lMjB0eXBlJTNEJTIyc3VibWl0JTIyJTIwY2xhc3MlM0QlMjJ2Y19nZW5lcmFsJTIwdmNfYnRuMyUyMHZjX2J0bjMtc2l6ZS1tZCUyMHZjX2J0bjMtc2hhcGUtcm91bmRlZCUyMHZjX2J0bjMtc3R5bGUtbW9kZXJuJTIwdmNfYnRuMy1jb2xvci13YXJuaW5nJTIyJTNFQW5tZWxkZW4lM0MlMkZidXR0b24lM0UlMEElM0MlMkZkaXYlM0UlMEElMDklM0MlMkZkaXYlM0UlMEElMDklMEElM0MlMkZkaXYlM0UlMEElMEElM0MlMkZmb3JtJTNF[\/vc_raw_html][\/vc_column][\/vc_row]<\/p>\n","protected":false},"author":59,"featured_media":0,"parent":0,"menu_order":5,"comment_status":"closed","ping_status":"closed","template":"","meta":{"footnotes":""},"class_list":["post-677","page","type-page","status-publish","hentry","description-off"],"yoast_head":"<!-- This site is optimized with the Yoast SEO plugin v26.8 - https:\/\/yoast.com\/product\/yoast-seo-wordpress\/ -->\n<title>Newsletter Anmeldung - Weltladen Mannheim<\/title>\n<meta name=\"robots\" content=\"index, follow, max-snippet:-1, max-image-preview:large, max-video-preview:-1\" \/>\n<link rel=\"canonical\" href=\"https:\/\/weltlaeden.de\/mannheim\/newsletter-anmeldung\/\" \/>\n<meta property=\"og:locale\" content=\"de_DE\" \/>\n<meta property=\"og:type\" content=\"article\" \/>\n<meta property=\"og:title\" content=\"Newsletter Anmeldung - Weltladen Mannheim\" \/>\n<meta property=\"og:description\" content=\"[vc_row][vc_column][vc_column_text] Anmeldung zu unserem Newsletter [\/vc_column_text][\/vc_column][\/vc_row][vc_row][vc_column][vc_column_text]Mit unserem Newsletter wollen wir Sie regelm\u00e4\u00dfig per E-Mail \u00fcber Neuigkeiten aus unserem Weltladen und dem Fairen Handel informieren.[\/vc_column_text][vc_column_text]Bitte beachten Sie: Nach der Eintragung erhalten Sie von uns eine Email mit einem Best\u00e4tigungslink. Ihre Anmeldung zum Newsletter wird erst wirksam, nachdem Sie den Link best\u00e4tigt haben.[\/vc_column_text][\/vc_column][\/vc_row][vc_row][vc_column][vc_raw_html]JTNDZm9ybSUyMGNsYXNzJTNEJTIybGF5b3V0X2Zvcm0lMjBjcl9mb3JtJTIwY3JfZm9udCUyMiUyMGFjdGlvbiUzRCUyMmh0dHBzJTNBJTJGJTJGZXUyLmNsZXZlcnJlYWNoLmNvbSUyRmYlMkYyMTkwMTUtMjEzMTUyJTJGd2NzJTJGJTIyJTIwbWV0aG9kJTNEJTIycG9zdCUyMiUyMHRhcmdldCUzRCUyMl9ibGFuayUyMiUzRSUwQSUwOSUzQ2RpdiUyMGNsYXNzJTNEJTIyY3JfYm9keSUyMGNyX3BhZ2UlMjBjcl9mb250JTIwZm9ybWJveCUyMiUzRSUwQSUwOSUwOSUzQ2RpdiUyMGNsYXNzJTNEJTIybm9uX3NvcnRhYmxlJTIyJTNFJTBBJTA5JTA5JTA5JTBBJTA5JTA5JTNDJTJGZGl2JTNFJTBBJTA5JTA5JTBBJTA5JTA5JTNDZGl2JTIwY2xhc3MlM0QlMjJlZGl0YWJsZV9jb250ZW50JTIyJTNFJTBBJTA5JTA5JTNDZGl2JTIwaWQlM0QlMjI0NTY0MjYxJTIyJTIwcmVsJTNEJTIyZW1haWwlMjIlMjBjbGFzcyUzRCUyMmNyX2lwZV9pdGVtJTIwdWktc29ydGFibGUlMjBtdXN0aGF2ZSUyMiUyMCUzRSUwQSUzQ2xhYmVsJTIwZm9yJTNEJTIydGV4dDQ1NjQyNjElMjIlMjBjbGFzcyUzRCUyMml0ZW1uYW1lJTIyJTNFRS1NYWlsJTJBJTNDJTJGbGFiZWwlM0UlMjAlM0NpbnB1dCUyMGlkJTNEJTIydGV4dDQ1NjQyNjElMjIlMjBuYW1lJTNEJTIyZW1haWwlMjIlMjB2YWx1ZSUzRCUyMiUyMiUyMHR5cGUlM0QlMjJ0ZXh0JTIyJTIwJTIwJTJGJTNFJTBBJTNDJTJGZGl2JTNFJTNDZGl2JTIwaWQlM0QlMjI0NTY0MjY1JTIyJTIwcmVsJTNEJTIycmVjYXB0Y2hhJTIyJTIwY2xhc3MlM0QlMjJjcl9pcGVfaXRlbSUyMHVpLXNvcnRhYmxlJTIwbXVzdGhhdmUlMjIlM0UlMEElMDklMEElMDklM0NzY3JpcHQlMjBzcmMlM0QlMjJodHRwcyUzQSUyRiUyRnd3dy5nb29nbGUuY29tJTJGcmVjYXB0Y2hhJTJGYXBpLmpzJTIyJTIwYXN5bmMlMjBkZWZlciUzRSUzQyUyRnNjcmlwdCUzRSUwQSUwOSUzQ2JyJTJGJTNFJTBBJTA5JTNDZGl2JTIwaWQlM0QlMjJyZWNhcHRjaGFfdjJfd2lkZ2V0JTIyJTIwY2xhc3MlM0QlMjJnLXJlY2FwdGNoYSUyMiUyMGRhdGEtdGhlbWUlM0QlMjJsaWdodCUyMiUyMGRhdGEtc2l6ZSUzRCUyMm5vcm1hbCUyMiUyMGRhdGEtc2l0ZWtleSUzRCUyMjZMZmhjZDBTQUFBQUFPQkVIbUFWRUhKZVJuckg4VDd3UHZ2TnpFUEQlMjIlMjAlM0UlM0MlMkZkaXYlM0UlMEElMDklM0NiciUyRiUzRSUwQSUwQUlocmUlMjBlaW5nZWdlYmVuZSUyMEVtYWlsLUFkcmVzc2UlMjB2ZXJ3ZW5kZW4lMjB3aXIlMjBsZWRpZ2xpY2glMjB6dXIlMjBWZXJzZW5kdW5nJTIwZGVzJTIwTmV3c2xldHRlcnMuJTIwU2llJTIwayVDMyVCNm5uZW4lMjBzaWNoJTIwamVkZXJ6ZWl0JTIwJUMzJUJDYmVyJTIwZWluZW4lMjBBYm1lbGRlbGluayUyMGltJTIwTmV3c2xldHRlciUyMGFibWVsZGVuJTIwb2RlciUyMElocmUlMjBFaW53aWxsaWd1bmclMjBwZXIlMjBFLU1haWwlMjBhbiUyMG5ld3NsZXR0ZXIlNDB3ZWx0bGFkZW4tbWFubmhlaW0uZGUlMjB3aWRlcnJ1ZmVuLiUyMElocmUlMjBEYXRlbiUyMHdlcmRlbiUyMG5hY2glMjBCZWVuZGlndW5nJTIwZGVzJTIwTmV3c2xldHRlci1FbXBmYW5ncyUyMGlubmVyaGFsYiUyMHZvbiUyMDElMjBNb25hdCUyMGdlbCVDMyVCNnNjaHQlMkMlMjBzb2Zlcm4lMjBkZXIlMjBMJUMzJUI2c2NodW5nJTIwa2VpbmUlMjBnZXNldHpsaWNoZW4lMjBBdWZiZXdhaHJ1bmdzcGZsaWNodGVuJTIwZW50Z2VnZW5zdGVoZW4uJTIwRHVyY2glMjBkYXMlMjBBYnNlbmRlbiUyMGRlciUyMHZvbiUyMElobmVuJTIwZWluZ2VnZWJlbmVuJTIwRGF0ZW4lMjB3aWxsaWdlbiUyMFNpZSUyMGluJTIwZGllJTIwRGF0ZW52ZXJhcmJlaXR1bmclMjBlaW4lMjB1bmQlMjBiZXN0JUMzJUE0dGlnZW4lMjB1bnNlcmUlMjAlM0NhJTIwaHJlZiUzRCUyMmh0dHBzJTNBJTJGJTJGd2VsdGxhZWRlbi5kZSUyRm1hbm5oZWltJTJGZGF0ZW5zY2h1dHolMkYlMjIlM0VEYXRlbnNjaHV0emVya2wlQzMlQTRydW5nJTNDJTJGYSUzRS4lMEElM0NwJTNFJTNDJTJGcCUzRSUwQSUwOSUwQSUzQyUyRmRpdiUzRSUzQ2RpdiUyMGlkJTNEJTIyNDU2NDI2MyUyMiUyMHJlbCUzRCUyMmJ1dHRvbiUyMiUyMGNsYXNzJTNEJTIyY3JfaXBlX2l0ZW0lMjB1aS1zb3J0YWJsZSUyMHN1Ym1pdF9jb250YWluZXIlMjIlMjAlM0UlMEElM0NidXR0b24lMjB0eXBlJTNEJTIyc3VibWl0JTIyJTIwY2xhc3MlM0QlMjJ2Y19nZW5lcmFsJTIwdmNfYnRuMyUyMHZjX2J0bjMtc2l6ZS1tZCUyMHZjX2J0bjMtc2hhcGUtcm91bmRlZCUyMHZjX2J0bjMtc3R5bGUtbW9kZXJuJTIwdmNfYnRuMy1jb2xvci13YXJuaW5nJTIyJTNFQW5tZWxkZW4lM0MlMkZidXR0b24lM0UlMEElM0MlMkZkaXYlM0UlMEElMDklM0MlMkZkaXYlM0UlMEElMDklMEElM0MlMkZkaXYlM0UlMEElMEElM0MlMkZmb3JtJTNF[\/vc_raw_html][\/vc_column][\/vc_row]\" \/>\n<meta property=\"og:url\" content=\"https:\/\/weltlaeden.de\/mannheim\/newsletter-anmeldung\/\" \/>\n<meta property=\"og:site_name\" content=\"Weltladen Mannheim\" \/>\n<meta property=\"article:modified_time\" content=\"2019-02-17T19:49:38+00:00\" \/>\n<meta name=\"twitter:card\" content=\"summary_large_image\" \/>\n<meta name=\"twitter:label1\" content=\"Gesch\u00e4tzte Lesezeit\" \/>\n\t<meta name=\"twitter:data1\" content=\"2\u00a0Minuten\" \/>\n<script type=\"application\/ld+json\" class=\"yoast-schema-graph\">{\"@context\":\"https:\/\/schema.org\",\"@graph\":[{\"@type\":\"WebPage\",\"@id\":\"https:\/\/weltlaeden.de\/mannheim\/newsletter-anmeldung\/\",\"url\":\"https:\/\/weltlaeden.de\/mannheim\/newsletter-anmeldung\/\",\"name\":\"Newsletter Anmeldung - Weltladen Mannheim\",\"isPartOf\":{\"@id\":\"https:\/\/weltlaeden.de\/mannheim\/#website\"},\"datePublished\":\"2019-02-17T19:43:09+00:00\",\"dateModified\":\"2019-02-17T19:49:38+00:00\",\"breadcrumb\":{\"@id\":\"https:\/\/weltlaeden.de\/mannheim\/newsletter-anmeldung\/#breadcrumb\"},\"inLanguage\":\"de\",\"potentialAction\":[{\"@type\":\"ReadAction\",\"target\":[\"https:\/\/weltlaeden.de\/mannheim\/newsletter-anmeldung\/\"]}]},{\"@type\":\"BreadcrumbList\",\"@id\":\"https:\/\/weltlaeden.de\/mannheim\/newsletter-anmeldung\/#breadcrumb\",\"itemListElement\":[{\"@type\":\"ListItem\",\"position\":1,\"name\":\"Startseite\",\"item\":\"https:\/\/weltlaeden.de\/mannheim\/\"},{\"@type\":\"ListItem\",\"position\":2,\"name\":\"Newsletter Anmeldung\"}]},{\"@type\":\"WebSite\",\"@id\":\"https:\/\/weltlaeden.de\/mannheim\/#website\",\"url\":\"https:\/\/weltlaeden.de\/mannheim\/\",\"name\":\"Vorlage\",\"description\":\"Fairer Handel im Quadrat\",\"potentialAction\":[{\"@type\":\"SearchAction\",\"target\":{\"@type\":\"EntryPoint\",\"urlTemplate\":\"https:\/\/weltlaeden.de\/mannheim\/?s={search_term_string}\"},\"query-input\":{\"@type\":\"PropertyValueSpecification\",\"valueRequired\":true,\"valueName\":\"search_term_string\"}}],\"inLanguage\":\"de\"}]}<\/script>\n<!-- \/ Yoast SEO plugin. -->","yoast_head_json":{"title":"Newsletter Anmeldung - Weltladen Mannheim","robots":{"index":"index","follow":"follow","max-snippet":"max-snippet:-1","max-image-preview":"max-image-preview:large","max-video-preview":"max-video-preview:-1"},"canonical":"https:\/\/weltlaeden.de\/mannheim\/newsletter-anmeldung\/","og_locale":"de_DE","og_type":"article","og_title":"Newsletter Anmeldung - Weltladen Mannheim","og_description":"[vc_row][vc_column][vc_column_text] Anmeldung zu unserem Newsletter [\/vc_column_text][\/vc_column][\/vc_row][vc_row][vc_column][vc_column_text]Mit unserem Newsletter wollen wir Sie regelm\u00e4\u00dfig per E-Mail \u00fcber Neuigkeiten aus unserem Weltladen und dem Fairen Handel informieren.[\/vc_column_text][vc_column_text]Bitte beachten Sie: Nach der Eintragung erhalten Sie von uns eine Email mit einem Best\u00e4tigungslink. Ihre Anmeldung zum Newsletter wird erst wirksam, nachdem Sie den Link best\u00e4tigt haben.[\/vc_column_text][\/vc_column][\/vc_row][vc_row][vc_column][vc_raw_html]JTNDZm9ybSUyMGNsYXNzJTNEJTIybGF5b3V0X2Zvcm0lMjBjcl9mb3JtJTIwY3JfZm9udCUyMiUyMGFjdGlvbiUzRCUyMmh0dHBzJTNBJTJGJTJGZXUyLmNsZXZlcnJlYWNoLmNvbSUyRmYlMkYyMTkwMTUtMjEzMTUyJTJGd2NzJTJGJTIyJTIwbWV0aG9kJTNEJTIycG9zdCUyMiUyMHRhcmdldCUzRCUyMl9ibGFuayUyMiUzRSUwQSUwOSUzQ2RpdiUyMGNsYXNzJTNEJTIyY3JfYm9keSUyMGNyX3BhZ2UlMjBjcl9mb250JTIwZm9ybWJveCUyMiUzRSUwQSUwOSUwOSUzQ2RpdiUyMGNsYXNzJTNEJTIybm9uX3NvcnRhYmxlJTIyJTNFJTBBJTA5JTA5JTA5JTBBJTA5JTA5JTNDJTJGZGl2JTNFJTBBJTA5JTA5JTBBJTA5JTA5JTNDZGl2JTIwY2xhc3MlM0QlMjJlZGl0YWJsZV9jb250ZW50JTIyJTNFJTBBJTA5JTA5JTNDZGl2JTIwaWQlM0QlMjI0NTY0MjYxJTIyJTIwcmVsJTNEJTIyZW1haWwlMjIlMjBjbGFzcyUzRCUyMmNyX2lwZV9pdGVtJTIwdWktc29ydGFibGUlMjBtdXN0aGF2ZSUyMiUyMCUzRSUwQSUzQ2xhYmVsJTIwZm9yJTNEJTIydGV4dDQ1NjQyNjElMjIlMjBjbGFzcyUzRCUyMml0ZW1uYW1lJTIyJTNFRS1NYWlsJTJBJTNDJTJGbGFiZWwlM0UlMjAlM0NpbnB1dCUyMGlkJTNEJTIydGV4dDQ1NjQyNjElMjIlMjBuYW1lJTNEJTIyZW1haWwlMjIlMjB2YWx1ZSUzRCUyMiUyMiUyMHR5cGUlM0QlMjJ0ZXh0JTIyJTIwJTIwJTJGJTNFJTBBJTNDJTJGZGl2JTNFJTNDZGl2JTIwaWQlM0QlMjI0NTY0MjY1JTIyJTIwcmVsJTNEJTIycmVjYXB0Y2hhJTIyJTIwY2xhc3MlM0QlMjJjcl9pcGVfaXRlbSUyMHVpLXNvcnRhYmxlJTIwbXVzdGhhdmUlMjIlM0UlMEElMDklMEElMDklM0NzY3JpcHQlMjBzcmMlM0QlMjJodHRwcyUzQSUyRiUyRnd3dy5nb29nbGUuY29tJTJGcmVjYXB0Y2hhJTJGYXBpLmpzJTIyJTIwYXN5bmMlMjBkZWZlciUzRSUzQyUyRnNjcmlwdCUzRSUwQSUwOSUzQ2JyJTJGJTNFJTBBJTA5JTNDZGl2JTIwaWQlM0QlMjJyZWNhcHRjaGFfdjJfd2lkZ2V0JTIyJTIwY2xhc3MlM0QlMjJnLXJlY2FwdGNoYSUyMiUyMGRhdGEtdGhlbWUlM0QlMjJsaWdodCUyMiUyMGRhdGEtc2l6ZSUzRCUyMm5vcm1hbCUyMiUyMGRhdGEtc2l0ZWtleSUzRCUyMjZMZmhjZDBTQUFBQUFPQkVIbUFWRUhKZVJuckg4VDd3UHZ2TnpFUEQlMjIlMjAlM0UlM0MlMkZkaXYlM0UlMEElMDklM0NiciUyRiUzRSUwQSUwQUlocmUlMjBlaW5nZWdlYmVuZSUyMEVtYWlsLUFkcmVzc2UlMjB2ZXJ3ZW5kZW4lMjB3aXIlMjBsZWRpZ2xpY2glMjB6dXIlMjBWZXJzZW5kdW5nJTIwZGVzJTIwTmV3c2xldHRlcnMuJTIwU2llJTIwayVDMyVCNm5uZW4lMjBzaWNoJTIwamVkZXJ6ZWl0JTIwJUMzJUJDYmVyJTIwZWluZW4lMjBBYm1lbGRlbGluayUyMGltJTIwTmV3c2xldHRlciUyMGFibWVsZGVuJTIwb2RlciUyMElocmUlMjBFaW53aWxsaWd1bmclMjBwZXIlMjBFLU1haWwlMjBhbiUyMG5ld3NsZXR0ZXIlNDB3ZWx0bGFkZW4tbWFubmhlaW0uZGUlMjB3aWRlcnJ1ZmVuLiUyMElocmUlMjBEYXRlbiUyMHdlcmRlbiUyMG5hY2glMjBCZWVuZGlndW5nJTIwZGVzJTIwTmV3c2xldHRlci1FbXBmYW5ncyUyMGlubmVyaGFsYiUyMHZvbiUyMDElMjBNb25hdCUyMGdlbCVDMyVCNnNjaHQlMkMlMjBzb2Zlcm4lMjBkZXIlMjBMJUMzJUI2c2NodW5nJTIwa2VpbmUlMjBnZXNldHpsaWNoZW4lMjBBdWZiZXdhaHJ1bmdzcGZsaWNodGVuJTIwZW50Z2VnZW5zdGVoZW4uJTIwRHVyY2glMjBkYXMlMjBBYnNlbmRlbiUyMGRlciUyMHZvbiUyMElobmVuJTIwZWluZ2VnZWJlbmVuJTIwRGF0ZW4lMjB3aWxsaWdlbiUyMFNpZSUyMGluJTIwZGllJTIwRGF0ZW52ZXJhcmJlaXR1bmclMjBlaW4lMjB1bmQlMjBiZXN0JUMzJUE0dGlnZW4lMjB1bnNlcmUlMjAlM0NhJTIwaHJlZiUzRCUyMmh0dHBzJTNBJTJGJTJGd2VsdGxhZWRlbi5kZSUyRm1hbm5oZWltJTJGZGF0ZW5zY2h1dHolMkYlMjIlM0VEYXRlbnNjaHV0emVya2wlQzMlQTRydW5nJTNDJTJGYSUzRS4lMEElM0NwJTNFJTNDJTJGcCUzRSUwQSUwOSUwQSUzQyUyRmRpdiUzRSUzQ2RpdiUyMGlkJTNEJTIyNDU2NDI2MyUyMiUyMHJlbCUzRCUyMmJ1dHRvbiUyMiUyMGNsYXNzJTNEJTIyY3JfaXBlX2l0ZW0lMjB1aS1zb3J0YWJsZSUyMHN1Ym1pdF9jb250YWluZXIlMjIlMjAlM0UlMEElM0NidXR0b24lMjB0eXBlJTNEJTIyc3VibWl0JTIyJTIwY2xhc3MlM0QlMjJ2Y19nZW5lcmFsJTIwdmNfYnRuMyUyMHZjX2J0bjMtc2l6ZS1tZCUyMHZjX2J0bjMtc2hhcGUtcm91bmRlZCUyMHZjX2J0bjMtc3R5bGUtbW9kZXJuJTIwdmNfYnRuMy1jb2xvci13YXJuaW5nJTIyJTNFQW5tZWxkZW4lM0MlMkZidXR0b24lM0UlMEElM0MlMkZkaXYlM0UlMEElMDklM0MlMkZkaXYlM0UlMEElMDklMEElM0MlMkZkaXYlM0UlMEElMEElM0MlMkZmb3JtJTNF[\/vc_raw_html][\/vc_column][\/vc_row]","og_url":"https:\/\/weltlaeden.de\/mannheim\/newsletter-anmeldung\/","og_site_name":"Weltladen Mannheim","article_modified_time":"2019-02-17T19:49:38+00:00","twitter_card":"summary_large_image","twitter_misc":{"Gesch\u00e4tzte Lesezeit":"2\u00a0Minuten"},"schema":{"@context":"https:\/\/schema.org","@graph":[{"@type":"WebPage","@id":"https:\/\/weltlaeden.de\/mannheim\/newsletter-anmeldung\/","url":"https:\/\/weltlaeden.de\/mannheim\/newsletter-anmeldung\/","name":"Newsletter Anmeldung - Weltladen Mannheim","isPartOf":{"@id":"https:\/\/weltlaeden.de\/mannheim\/#website"},"datePublished":"2019-02-17T19:43:09+00:00","dateModified":"2019-02-17T19:49:38+00:00","breadcrumb":{"@id":"https:\/\/weltlaeden.de\/mannheim\/newsletter-anmeldung\/#breadcrumb"},"inLanguage":"de","potentialAction":[{"@type":"ReadAction","target":["https:\/\/weltlaeden.de\/mannheim\/newsletter-anmeldung\/"]}]},{"@type":"BreadcrumbList","@id":"https:\/\/weltlaeden.de\/mannheim\/newsletter-anmeldung\/#breadcrumb","itemListElement":[{"@type":"ListItem","position":1,"name":"Startseite","item":"https:\/\/weltlaeden.de\/mannheim\/"},{"@type":"ListItem","position":2,"name":"Newsletter Anmeldung"}]},{"@type":"WebSite","@id":"https:\/\/weltlaeden.de\/mannheim\/#website","url":"https:\/\/weltlaeden.de\/mannheim\/","name":"Vorlage","description":"Fairer Handel im Quadrat","potentialAction":[{"@type":"SearchAction","target":{"@type":"EntryPoint","urlTemplate":"https:\/\/weltlaeden.de\/mannheim\/?s={search_term_string}"},"query-input":{"@type":"PropertyValueSpecification","valueRequired":true,"valueName":"search_term_string"}}],"inLanguage":"de"}]}},"_links":{"self":[{"href":"https:\/\/weltlaeden.de\/mannheim\/wp-json\/wp\/v2\/pages\/677","targetHints":{"allow":["GET"]}}],"collection":[{"href":"https:\/\/weltlaeden.de\/mannheim\/wp-json\/wp\/v2\/pages"}],"about":[{"href":"https:\/\/weltlaeden.de\/mannheim\/wp-json\/wp\/v2\/types\/page"}],"author":[{"embeddable":true,"href":"https:\/\/weltlaeden.de\/mannheim\/wp-json\/wp\/v2\/users\/59"}],"replies":[{"embeddable":true,"href":"https:\/\/weltlaeden.de\/mannheim\/wp-json\/wp\/v2\/comments?post=677"}],"version-history":[{"count":18,"href":"https:\/\/weltlaeden.de\/mannheim\/wp-json\/wp\/v2\/pages\/677\/revisions"}],"predecessor-version":[{"id":695,"href":"https:\/\/weltlaeden.de\/mannheim\/wp-json\/wp\/v2\/pages\/677\/revisions\/695"}],"wp:attachment":[{"href":"https:\/\/weltlaeden.de\/mannheim\/wp-json\/wp\/v2\/media?parent=677"}],"curies":[{"name":"wp","href":"https:\/\/api.w.org\/{rel}","templated":true}]}}