{"id":219,"date":"2016-10-28T13:34:47","date_gmt":"2016-10-28T11:34:47","guid":{"rendered":"https:\/\/wl.heimpixel.de\/vorlage\/ueber-uns\/"},"modified":"2026-03-20T12:29:12","modified_gmt":"2026-03-20T11:29:12","slug":"ueber-uns","status":"publish","type":"page","link":"https:\/\/weltlaeden.de\/mannheim\/ueber-uns\/","title":{"rendered":"\u00dcber uns"},"content":{"rendered":"<div class=\"wpb-content-wrapper\"><p>[vc_row][vc_column]<div class=\"wl_einzelbild\"><p><img loading=\"lazy\" decoding=\"async\" class=\"aligncenter size-full wp-image-595\" src=\"https:\/\/weltlaeden.de\/mannheim\/wp-content\/uploads\/sites\/36\/2016\/10\/Team_Weltladen.jpg\" alt=\"Unser Team\" width=\"787\" height=\"340\" srcset=\"https:\/\/weltlaeden.de\/mannheim\/wp-content\/uploads\/sites\/36\/2016\/10\/Team_Weltladen.jpg 787w, https:\/\/weltlaeden.de\/mannheim\/wp-content\/uploads\/sites\/36\/2016\/10\/Team_Weltladen-300x130.jpg 300w, https:\/\/weltlaeden.de\/mannheim\/wp-content\/uploads\/sites\/36\/2016\/10\/Team_Weltladen-768x332.jpg 768w\" sizes=\"auto, (max-width: 787px) 100vw, 787px\" \/><\/p><\/div>[vc_empty_space][vc_column_text]<\/p>\n<h1>Wie alles begann<\/h1>\n<p>[\/vc_column_text][vc_column_text]<\/p>\n<div id=\"Center\">\n<div id=\"generalCenter\" class=\"generalCenter\">\n<div id=\"generalCenter_inner\" class=\"defaultFull\">\n<div id=\"generalCenter_contentPage\" class=\"generalCenterContent_inner\">\n<p>Am <strong>5. August 1996<\/strong> gr\u00fcndet eine Gruppe engagierter Menschen den Verein<strong> &#8222;Mannheimer Arbeitsgemeinschaft f\u00fcr Eine Welt e.V.&#8220;<\/strong> mit dem Ziel, in Mannheim einen Weltladen zu er\u00f6ffnen. <a class=\"hyperlinksOrange\" href=\"https:\/\/weltlaeden.de\/mannheim\/wp-content\/uploads\/sites\/36\/2023\/01\/Satzung_WL-Mannheim_20200126.pdf\">Zu unserer Satzung<\/a><br \/>\nBald findet sich in F1 ein geeigneter Standort: am <strong>28. Juni 1997<\/strong> wird der <strong>Weltladen<\/strong> an der Marktplatzkirche feierlich <strong>er\u00f6ffnet<\/strong>.<\/p>\n<p>Im Laufe der Jahre steigt die Kundenzahl und das Sortiment w\u00e4chst. 2001 wird in F2 ein gr\u00f6\u00dferes Lager eingerichtet und die ersten Gro\u00dfkunden (Kirchengemeinden, Eine-Welt-Gruppen usw.) akquiriert.<\/p>\n<p>Am <strong>23. M\u00e4rz 2002<\/strong> wagen wir den n\u00e4chsten Schritt: Wir ziehen in unseren heutigen, deutlich gr\u00f6\u00dferen Laden nach S2 um und richten eine hauptamtliche Stelle (25 Stunden\/Monat) ein.<\/p>\n<p>Zehn Jahre sp\u00e4ter, am <strong>17. Januar 2012<\/strong>, wird der Stadt Mannheim erstmals der Titel <strong>&#8222;Fair Trade Town&#8220;<\/strong> verliehen.<\/p>\n<\/div>\n<\/div>\n<\/div>\n<\/div>\n<p>[\/vc_column_text][\/vc_column][\/vc_row][vc_row][vc_column][vc_empty_space][vc_column_text]<\/p>\n<h1>Mitmachen im Weltladen Mannheim<\/h1>\n<p>[\/vc_column_text][\/vc_column][\/vc_row][vc_row][vc_column width=&#8220;3\/4&#8243;][vc_column_text]In unserem Weltladen engagieren sich etwa <strong>25 Ehrenamtliche<\/strong> aller Altergruppen in verschiedenen Bereichen wie Verkauf, Einkauf, Dekoration, Bildung, Buchhaltung,\u00a0&#8230;<\/p>\n<p><strong>Wir suchen<\/strong> Menschen, die Lust haben, sich ehrenamtlich f\u00fcr eine offene, transparente, \u00f6kologische und nachhaltige Form des Wirtschaftens zu engagieren. Ob im Verkauf, der Informations- oder Bildungsarbeit &#8211; die M\u00f6glichkeiten, in unserem Team mitzumachen sind vielf\u00e4ltig und lassen sich bestimmt auch in Deinen Alltag integrieren! Neben regelm\u00e4\u00dfigen Aufgaben gibt es bei uns auch immer wieder einzelne zeitlich befristete Projekte, f\u00fcr die wir Unterst\u00fctzer*innen suchen. Viele Aufgaben erfordern keine speziellen Vorkenntnisse, sondern nur Deine Bereitschaft, Deine F\u00e4higkeiten einzubringen und eventuell in neuen Bereichen dazuzulernen.[\/vc_column_text][\/vc_column][vc_column width=&#8220;1\/4&#8243;]<div class=\"wl_einzelbild\"><p><img loading=\"lazy\" decoding=\"async\" class=\"aligncenter size-full wp-image-615\" src=\"https:\/\/weltlaeden.de\/mannheim\/wp-content\/uploads\/sites\/36\/2016\/10\/Mannheimkaffee.jpg\" alt=\"Mannheimer Stadtkaffee\" width=\"1370\" height=\"2048\" srcset=\"https:\/\/weltlaeden.de\/mannheim\/wp-content\/uploads\/sites\/36\/2016\/10\/Mannheimkaffee.jpg 1370w, https:\/\/weltlaeden.de\/mannheim\/wp-content\/uploads\/sites\/36\/2016\/10\/Mannheimkaffee-201x300.jpg 201w, https:\/\/weltlaeden.de\/mannheim\/wp-content\/uploads\/sites\/36\/2016\/10\/Mannheimkaffee-768x1148.jpg 768w, https:\/\/weltlaeden.de\/mannheim\/wp-content\/uploads\/sites\/36\/2016\/10\/Mannheimkaffee-685x1024.jpg 685w\" sizes=\"auto, (max-width: 1370px) 100vw, 1370px\" \/><\/p><\/div>[\/vc_column][\/vc_row][vc_row][vc_column][vc_column_text]Neben den genannten Bereichen suchen wir besonders f\u00fcr folgende Aufgaben Verst\u00e4rkung:<\/p>\n<ul>\n<li><strong>Bildungs-\/\u00d6ffentlichkeitsarbeit<\/strong>: Du bist kreativ, hast Spa\u00df daran, auf Leute zuzugehen, Events zu planen und dar\u00fcber auf verschiedenen Kan\u00e4len (z.B. Presse, Social Media, Homepage, Newsletter) zu berichten?<br \/>\nDu m\u00f6chtest mehr Menschen f\u00fcr den Fairen Handel gewinnen und auf den Weltladen aufmerksam machen? Dann suchen wir genau DICH f\u00fcr unsere \u00d6ffentlichkeitsgruppe!<\/li>\n<li><strong>Instandhaltung<\/strong>:<br \/>\nDu m\u00f6chtest uns unterst\u00fctzen, hast aber kein Interesse an der klassischen Ladenarbeit? Du siehst, wo&#8217;s klemmt oder wackelt und f\u00fchrst kleinere Reparaturen selbst durch? Du hast Ideen, wie man den Laden auch mit kleinem Budget in Schuss h\u00e4lt? Dann bist Du bei uns genau richtig!<\/li>\n<\/ul>\n<p><strong>Wir bieten<\/strong> ein nettes Team aus Engagierten mit vielf\u00e4ltigen M\u00f6glichkeiten, sich selbst einzubringen. Eine Gemeinschaft, die Dich herzlich aufnimmt, einarbeitet und bei Fragen zur Verf\u00fcgung steht.<\/p>\n<p><strong>Wir freuen uns auf Dich! <\/strong>Dein <strong>Ansprechpartner<\/strong> ist Martin Krumm, Tel. 26064 oder <a href=\"mailto:info@weltladen-mannheim.de\">per Mail<\/a>[\/vc_column_text][vc_cta h2=&#8220;&#8220; add_button=&#8220;right&#8220; btn_title=&#8220;Mitglied werden&#8220; btn_link=&#8220;url:https%3A%2F%2Fweltlaeden.de%2Fmannheim%2Fbeitrittserklaerung-weltladen-ma_230620%2F|||&#8220;]Neben der aktiven Mitarbeit ist auch eine <strong>F\u00f6rdermitgliedschaft<\/strong> m\u00f6glich. Bei Interesse wenden Sie sich gerne an uns.[\/vc_cta][\/vc_column][\/vc_row][vc_row][vc_column][vc_empty_space][vc_column_text]<\/p>\n<h1>Informations- und Bildungsarbeit<\/h1>\n<p>[\/vc_column_text][vc_column_text]Informations- und Bildungsarbeit ist f\u00fcr Weltl\u00e4den ein unverzichtbares Kriterium des Fairen Handels. Die Ziele sind Globales Lernen sowie Bildung f\u00fcr nachhaltige Entwicklung.[\/vc_column_text][\/vc_column][\/vc_row][vc_row][vc_column width=&#8220;2\/3&#8243;][vc_column_text]<\/p>\n<h2><strong>Globales Lernen<\/strong><\/h2>\n<p>\u201eGlobales Lernen zielt auf die Ausbildung individueller und kollektiver Handlungskompetenz im Zeichen weltweiter Solidarit\u00e4t. Es f\u00f6rdert die Achtung vor anderen Kulturen, Lebensweisen und Weltsichten, beleuchtet die Voraussetzungen der eigenen Positionen und bef\u00e4higt dazu, f\u00fcr gemeinsame Probleme zukunftsf\u00e4hige L\u00f6sungen zu finden.\u201c<br \/>\n(VENRO \u2013 Verband Entwicklungspolitik Deutscher Nichtregierungsorganisationen e.V.)<\/p>\n<h2><strong>Bildung f\u00fcr nachhaltige Entwicklung<\/strong><\/h2>\n<p>Nachhaltige Entwicklung ist gekennzeichnet durch das Streben nach Gerechtigkeit, und zwar innerhalb der Generationen, zwischen den Geschlechtern, zwischen den Generationen und im Gef\u00e4lle Nord\/S\u00fcd. Die Weiterentwicklung soll in vier Bereichen erfolgen:<br \/>\n&#8211; wirtschaftliche Entwicklung mit dem Ziel wirtschaftlicher Leistungsf\u00e4higkeit<br \/>\n&#8211; soziale Entwicklung mit dem Ziel sozialer Integration<br \/>\n&#8211; \u00f6kologische Entwicklung mit dem Ziel der Vertr\u00e4glichkeit f\u00fcr die Umwelt<br \/>\n&#8211; politische Entwicklung mit dem Ziel demokratischer Politikgestaltung<br \/>\n(aus dem Grundsatzpapier zur Bildungsarbeit der Weltl\u00e4den)[\/vc_column_text][\/vc_column][vc_column width=&#8220;1\/3&#8243;]<div class=\"wl_einzelbild\"><p><img loading=\"lazy\" decoding=\"async\" class=\"aligncenter size-full wp-image-614\" src=\"https:\/\/weltlaeden.de\/mannheim\/wp-content\/uploads\/sites\/36\/2016\/10\/Bildungsarbeit.jpg\" alt=\"Bildungsarbeit\" width=\"720\" height=\"960\" srcset=\"https:\/\/weltlaeden.de\/mannheim\/wp-content\/uploads\/sites\/36\/2016\/10\/Bildungsarbeit.jpg 720w, https:\/\/weltlaeden.de\/mannheim\/wp-content\/uploads\/sites\/36\/2016\/10\/Bildungsarbeit-225x300.jpg 225w\" sizes=\"auto, (max-width: 720px) 100vw, 720px\" \/><\/p><\/div>[\/vc_column][\/vc_row][vc_row][vc_column][vc_empty_space][vc_column_text]<\/p>\n<h1>Zentrum f\u00fcr Globales Lernen<\/h1>\n<p>[\/vc_column_text][\/vc_column][\/vc_row][vc_row][vc_column width=&#8220;1\/4&#8243;]<div class=\"wl_einzelbild\"><p><a href=\"http:\/\/www.zentrum-globales-lernen.de\/\"><img loading=\"lazy\" decoding=\"async\" class=\"aligncenter size-full wp-image-629\" src=\"https:\/\/weltlaeden.de\/mannheim\/wp-content\/uploads\/sites\/36\/2016\/10\/Zentrum_globales_Lernen.jpg\" alt=\"Zentrum f\u00fcr globales Lernen\" width=\"454\" height=\"433\" srcset=\"https:\/\/weltlaeden.de\/mannheim\/wp-content\/uploads\/sites\/36\/2016\/10\/Zentrum_globales_Lernen.jpg 454w, https:\/\/weltlaeden.de\/mannheim\/wp-content\/uploads\/sites\/36\/2016\/10\/Zentrum_globales_Lernen-300x286.jpg 300w\" sizes=\"auto, (max-width: 454px) 100vw, 454px\" \/><\/a><\/p><\/div>[\/vc_column][vc_column width=&#8220;3\/4&#8243;][vc_column_text]<\/p>\n<div id=\"generalCenter\" class=\"generalCenter\">\n<div id=\"generalCenter_inner\" class=\"defaultFull\">\n<div id=\"generalCenter_contentPage\" class=\"generalCenterContent_inner\">\n<p>Im <a href=\"http:\/\/www.zentrum-globales-lernen.de\">Zentrum f\u00fcr Globales Lernen<\/a> f\u00fchrt das Eine-Welt-Forum Mannheim Workshops mit Kindern und Jugendlichen zu globaler Gerechtigkeit und nachhaltiger Entwicklung durch. Mit einem Netzwerk engagierter Partner*innen wird ein umfangreiches Programm von Bildungseinheiten, Projekttagen, Fortbildungen, Beratung sowie Medienverleih rund um die Themen des Globalen Lernens angeboten. Damit kn\u00fcpft diese neue Bildungsinstitution unmittelbar an die im Bildungsplan verankerten Leitperspektiven \u201eBildung f\u00fcr Nachhaltige Entwicklung&#8220; und \u201eBildung f\u00fcr Toleranz und Akzeptanz von Vielfalt&#8220; an.<\/p>\n<\/div>\n<\/div>\n<\/div>\n<p>[\/vc_column_text][\/vc_column][\/vc_row][vc_row][vc_column][vc_empty_space][vc_column_text]<\/p>\n<h1>Weltladen als au\u00dferschulischer Lernort<\/h1>\n<p>[\/vc_column_text][vc_column_text]Gerne empfangen wir Sch\u00fcler*innen und Jugendgruppen in unseren Ladenr\u00e4umen. Bei einer Erkundung der verschiedenen Produkte k\u00f6nnen die Prinzipien des Fairen Handels und deren Bedeutung f\u00fcr die Produzent*innen in den jeweiligen Herkunftsl\u00e4ndern zusammen mit den Jugendlichen erarbeitet werden. Die Einheiten gehen je nach Bedarf ein bis zwei Stunden und k\u00f6nnen auch ein(e) bestimmte(s) Produkt(gruppe) zum Oberthema haben \u2013 z.B. Schokolade, Textilien, Musikinstrumente aus aller Welt oder faire Fu\u00dfb\u00e4lle. Wir bitten um fr\u00fchzeitige Terminvereinbarung.[\/vc_column_text][\/vc_column][\/vc_row][vc_row][vc_column width=&#8220;3\/4&#8243;][vc_column_text]<\/p>\n<div id=\"generalCenter\" class=\"generalCenter\">\n<div id=\"generalCenter_inner\" class=\"defaultFull\">\n<div id=\"generalCenter_contentPage\" class=\"generalCenterContent_inner\">\n<h2><strong>Globales Lernen kompakt <\/strong><\/h2>\n<p>F\u00fcr Multiplikatoren und Lehrende im schulischen und au\u00dferschulischen Bildungsbereich stehen Bildungstaschen zur Ausleihe bereit:<br \/>\nMit der Bildungstasche <strong>\u201eSchokoexpedition\u201c<\/strong> k\u00f6nnen Sie mit Kindern im Alter von 8 bis 11 Jahren eine Kakaoreise nach Ghana unternehmen. Die Projekttasche enth\u00e4lt vielf\u00e4ltige Informations- und Anschauungsmaterialien zum Thema \u201eKakao\u201c und \u201eFairer Handel\u201c.<\/p>\n<\/div>\n<\/div>\n<\/div>\n<p>[\/vc_column_text][\/vc_column][vc_column width=&#8220;1\/4&#8243;]<div class=\"wl_einzelbild\"><p><img loading=\"lazy\" decoding=\"async\" class=\"aligncenter size-full wp-image-618\" src=\"https:\/\/weltlaeden.de\/mannheim\/wp-content\/uploads\/sites\/36\/2016\/10\/Schokotasche.png\" alt=\"Schokotasche\" width=\"400\" height=\"353\" srcset=\"https:\/\/weltlaeden.de\/mannheim\/wp-content\/uploads\/sites\/36\/2016\/10\/Schokotasche.png 400w, https:\/\/weltlaeden.de\/mannheim\/wp-content\/uploads\/sites\/36\/2016\/10\/Schokotasche-300x265.png 300w\" sizes=\"auto, (max-width: 400px) 100vw, 400px\" \/><\/p><\/div>[\/vc_column][\/vc_row][vc_row][vc_column width=&#8220;1\/4&#8243;]<div class=\"wl_einzelbild\"><p><img loading=\"lazy\" decoding=\"async\" class=\"aligncenter size-full wp-image-617\" src=\"https:\/\/weltlaeden.de\/mannheim\/wp-content\/uploads\/sites\/36\/2016\/10\/Ghanafrikatasche.png\" alt=\"Bildungstasche Ghana\" width=\"400\" height=\"302\" srcset=\"https:\/\/weltlaeden.de\/mannheim\/wp-content\/uploads\/sites\/36\/2016\/10\/Ghanafrikatasche.png 400w, https:\/\/weltlaeden.de\/mannheim\/wp-content\/uploads\/sites\/36\/2016\/10\/Ghanafrikatasche-300x227.png 300w\" sizes=\"auto, (max-width: 400px) 100vw, 400px\" \/><\/p><\/div>[\/vc_column][vc_column width=&#8220;3\/4&#8243;][vc_column_text]Die Bildungstasche <strong>\u201eGhanAfrika\u201c <\/strong>bietet zahlreiche M\u00f6glichkeiten, globales Lernen anschaulich und mit verschieden Methodenarrangements praktisch zu gestalten. Am Beispielland Ghana machen Jugendliche im Alter von 13 bis 16 Jahren entwicklungspolitische Lernerfahrungen und erleben eigene Handlungsspielr\u00e4ume. Dabei stehen verschiedene Themenschwerpunkte wie Gender, Kolonialismus oder Kulturelle Vielfalt und Frieden zur Auswahl.[\/vc_column_text][\/vc_column][\/vc_row][vc_row][vc_column][vc_column_text]Die Tasche \u201e<strong>Klima-Kids<\/strong>\u201c richtet sich an Kinder von 8-12 und beinhaltet, neben Spielen zum Klimawandel, Informationen zu besonders unter dem Klimawandel leidenden Regionen dieser Welt und l\u00e4sst Tipps erarbeiten, was wir hier in Deutschland tun k\u00f6nnen.<br \/>\nZu den Bildungstaschen gibt es jeweils Begleitmaterialien mit Hintergrundinformationen sowie didaktische und methodische Anregungen zu den Themen.[\/vc_column_text][\/vc_column][\/vc_row]<\/p>\n<\/div>","protected":false},"excerpt":{"rendered":"<p>[vc_row][vc_column][vc_empty_space][vc_column_text] Wie alles begann [\/vc_column_text][vc_column_text] Am 5. August 1996 gr\u00fcndet eine Gruppe engagierter Menschen den Verein &#8222;Mannheimer Arbeitsgemeinschaft f\u00fcr Eine Welt e.V.&#8220; mit dem Ziel, in Mannheim einen Weltladen zu er\u00f6ffnen. Zu unserer Satzung Bald findet sich in F1 ein geeigneter Standort: am 28. Juni 1997 wird der Weltladen an der Marktplatzkirche feierlich er\u00f6ffnet. Im&hellip;<\/p>\n","protected":false},"author":1,"featured_media":0,"parent":0,"menu_order":5,"comment_status":"closed","ping_status":"closed","template":"","meta":{"footnotes":""},"class_list":["post-219","page","type-page","status-publish","hentry","description-off"],"yoast_head":"<!-- This site is optimized with the Yoast SEO plugin v26.8 - https:\/\/yoast.com\/product\/yoast-seo-wordpress\/ -->\n<title>\u00dcber uns - Weltladen Mannheim<\/title>\n<meta name=\"description\" content=\"Ihr Fachgesch\u00e4ft f\u00fcr Fairen Handel seit 1997. M\u00f6chten Sie uns unterst\u00fctzen? Wir freuen uns \u00fcber Ihre ehrenamtliche Mitarbeit oder F\u00f6rdermitgliedschaft.\" \/>\n<meta name=\"robots\" content=\"index, follow, max-snippet:-1, max-image-preview:large, max-video-preview:-1\" \/>\n<link rel=\"canonical\" href=\"https:\/\/weltlaeden.de\/mannheim\/ueber-uns\/\" \/>\n<meta property=\"og:locale\" content=\"de_DE\" \/>\n<meta property=\"og:type\" content=\"article\" \/>\n<meta property=\"og:title\" content=\"\u00dcber uns - Weltladen Mannheim\" \/>\n<meta property=\"og:description\" content=\"Ihr Fachgesch\u00e4ft f\u00fcr Fairen Handel seit 1997. M\u00f6chten Sie uns unterst\u00fctzen? Wir freuen uns \u00fcber Ihre ehrenamtliche Mitarbeit oder F\u00f6rdermitgliedschaft.\" \/>\n<meta property=\"og:url\" content=\"https:\/\/weltlaeden.de\/mannheim\/ueber-uns\/\" \/>\n<meta property=\"og:site_name\" content=\"Weltladen Mannheim\" \/>\n<meta property=\"article:modified_time\" content=\"2026-03-20T11:29:12+00:00\" \/>\n<meta property=\"og:image\" content=\"https:\/\/weltlaeden.de\/mannheim\/wp-content\/uploads\/sites\/36\/2016\/10\/Team_Weltladen.jpg\" \/>\n\t<meta property=\"og:image:width\" content=\"787\" \/>\n\t<meta property=\"og:image:height\" content=\"340\" \/>\n\t<meta property=\"og:image:type\" content=\"image\/jpeg\" \/>\n<meta name=\"twitter:card\" content=\"summary_large_image\" \/>\n<meta name=\"twitter:label1\" content=\"Gesch\u00e4tzte Lesezeit\" \/>\n\t<meta name=\"twitter:data1\" content=\"7\u00a0Minuten\" \/>\n<script type=\"application\/ld+json\" class=\"yoast-schema-graph\">{\"@context\":\"https:\/\/schema.org\",\"@graph\":[{\"@type\":\"WebPage\",\"@id\":\"https:\/\/weltlaeden.de\/mannheim\/ueber-uns\/\",\"url\":\"https:\/\/weltlaeden.de\/mannheim\/ueber-uns\/\",\"name\":\"\u00dcber uns - Weltladen Mannheim\",\"isPartOf\":{\"@id\":\"https:\/\/weltlaeden.de\/mannheim\/#website\"},\"primaryImageOfPage\":{\"@id\":\"https:\/\/weltlaeden.de\/mannheim\/ueber-uns\/#primaryimage\"},\"image\":{\"@id\":\"https:\/\/weltlaeden.de\/mannheim\/ueber-uns\/#primaryimage\"},\"thumbnailUrl\":\"https:\/\/weltlaeden.de\/mannheim\/wp-content\/uploads\/sites\/36\/2016\/10\/Team_Weltladen.jpg\",\"datePublished\":\"2016-10-28T11:34:47+00:00\",\"dateModified\":\"2026-03-20T11:29:12+00:00\",\"description\":\"Ihr Fachgesch\u00e4ft f\u00fcr Fairen Handel seit 1997. M\u00f6chten Sie uns unterst\u00fctzen? Wir freuen uns \u00fcber Ihre ehrenamtliche Mitarbeit oder F\u00f6rdermitgliedschaft.\",\"breadcrumb\":{\"@id\":\"https:\/\/weltlaeden.de\/mannheim\/ueber-uns\/#breadcrumb\"},\"inLanguage\":\"de\",\"potentialAction\":[{\"@type\":\"ReadAction\",\"target\":[\"https:\/\/weltlaeden.de\/mannheim\/ueber-uns\/\"]}]},{\"@type\":\"ImageObject\",\"inLanguage\":\"de\",\"@id\":\"https:\/\/weltlaeden.de\/mannheim\/ueber-uns\/#primaryimage\",\"url\":\"https:\/\/weltlaeden.de\/mannheim\/wp-content\/uploads\/sites\/36\/2016\/10\/Team_Weltladen.jpg\",\"contentUrl\":\"https:\/\/weltlaeden.de\/mannheim\/wp-content\/uploads\/sites\/36\/2016\/10\/Team_Weltladen.jpg\",\"width\":787,\"height\":340,\"caption\":\"Unser Team\"},{\"@type\":\"BreadcrumbList\",\"@id\":\"https:\/\/weltlaeden.de\/mannheim\/ueber-uns\/#breadcrumb\",\"itemListElement\":[{\"@type\":\"ListItem\",\"position\":1,\"name\":\"Startseite\",\"item\":\"https:\/\/weltlaeden.de\/mannheim\/\"},{\"@type\":\"ListItem\",\"position\":2,\"name\":\"\u00dcber uns\"}]},{\"@type\":\"WebSite\",\"@id\":\"https:\/\/weltlaeden.de\/mannheim\/#website\",\"url\":\"https:\/\/weltlaeden.de\/mannheim\/\",\"name\":\"Vorlage\",\"description\":\"Fairer Handel im Quadrat\",\"potentialAction\":[{\"@type\":\"SearchAction\",\"target\":{\"@type\":\"EntryPoint\",\"urlTemplate\":\"https:\/\/weltlaeden.de\/mannheim\/?s={search_term_string}\"},\"query-input\":{\"@type\":\"PropertyValueSpecification\",\"valueRequired\":true,\"valueName\":\"search_term_string\"}}],\"inLanguage\":\"de\"}]}<\/script>\n<!-- \/ Yoast SEO plugin. -->","yoast_head_json":{"title":"\u00dcber uns - Weltladen Mannheim","description":"Ihr Fachgesch\u00e4ft f\u00fcr Fairen Handel seit 1997. M\u00f6chten Sie uns unterst\u00fctzen? Wir freuen uns \u00fcber Ihre ehrenamtliche Mitarbeit oder F\u00f6rdermitgliedschaft.","robots":{"index":"index","follow":"follow","max-snippet":"max-snippet:-1","max-image-preview":"max-image-preview:large","max-video-preview":"max-video-preview:-1"},"canonical":"https:\/\/weltlaeden.de\/mannheim\/ueber-uns\/","og_locale":"de_DE","og_type":"article","og_title":"\u00dcber uns - Weltladen Mannheim","og_description":"Ihr Fachgesch\u00e4ft f\u00fcr Fairen Handel seit 1997. M\u00f6chten Sie uns unterst\u00fctzen? Wir freuen uns \u00fcber Ihre ehrenamtliche Mitarbeit oder F\u00f6rdermitgliedschaft.","og_url":"https:\/\/weltlaeden.de\/mannheim\/ueber-uns\/","og_site_name":"Weltladen Mannheim","article_modified_time":"2026-03-20T11:29:12+00:00","og_image":[{"width":787,"height":340,"url":"https:\/\/weltlaeden.de\/mannheim\/wp-content\/uploads\/sites\/36\/2016\/10\/Team_Weltladen.jpg","type":"image\/jpeg"}],"twitter_card":"summary_large_image","twitter_misc":{"Gesch\u00e4tzte Lesezeit":"7\u00a0Minuten"},"schema":{"@context":"https:\/\/schema.org","@graph":[{"@type":"WebPage","@id":"https:\/\/weltlaeden.de\/mannheim\/ueber-uns\/","url":"https:\/\/weltlaeden.de\/mannheim\/ueber-uns\/","name":"\u00dcber uns - Weltladen Mannheim","isPartOf":{"@id":"https:\/\/weltlaeden.de\/mannheim\/#website"},"primaryImageOfPage":{"@id":"https:\/\/weltlaeden.de\/mannheim\/ueber-uns\/#primaryimage"},"image":{"@id":"https:\/\/weltlaeden.de\/mannheim\/ueber-uns\/#primaryimage"},"thumbnailUrl":"https:\/\/weltlaeden.de\/mannheim\/wp-content\/uploads\/sites\/36\/2016\/10\/Team_Weltladen.jpg","datePublished":"2016-10-28T11:34:47+00:00","dateModified":"2026-03-20T11:29:12+00:00","description":"Ihr Fachgesch\u00e4ft f\u00fcr Fairen Handel seit 1997. M\u00f6chten Sie uns unterst\u00fctzen? Wir freuen uns \u00fcber Ihre ehrenamtliche Mitarbeit oder F\u00f6rdermitgliedschaft.","breadcrumb":{"@id":"https:\/\/weltlaeden.de\/mannheim\/ueber-uns\/#breadcrumb"},"inLanguage":"de","potentialAction":[{"@type":"ReadAction","target":["https:\/\/weltlaeden.de\/mannheim\/ueber-uns\/"]}]},{"@type":"ImageObject","inLanguage":"de","@id":"https:\/\/weltlaeden.de\/mannheim\/ueber-uns\/#primaryimage","url":"https:\/\/weltlaeden.de\/mannheim\/wp-content\/uploads\/sites\/36\/2016\/10\/Team_Weltladen.jpg","contentUrl":"https:\/\/weltlaeden.de\/mannheim\/wp-content\/uploads\/sites\/36\/2016\/10\/Team_Weltladen.jpg","width":787,"height":340,"caption":"Unser Team"},{"@type":"BreadcrumbList","@id":"https:\/\/weltlaeden.de\/mannheim\/ueber-uns\/#breadcrumb","itemListElement":[{"@type":"ListItem","position":1,"name":"Startseite","item":"https:\/\/weltlaeden.de\/mannheim\/"},{"@type":"ListItem","position":2,"name":"\u00dcber uns"}]},{"@type":"WebSite","@id":"https:\/\/weltlaeden.de\/mannheim\/#website","url":"https:\/\/weltlaeden.de\/mannheim\/","name":"Vorlage","description":"Fairer Handel im Quadrat","potentialAction":[{"@type":"SearchAction","target":{"@type":"EntryPoint","urlTemplate":"https:\/\/weltlaeden.de\/mannheim\/?s={search_term_string}"},"query-input":{"@type":"PropertyValueSpecification","valueRequired":true,"valueName":"search_term_string"}}],"inLanguage":"de"}]}},"_links":{"self":[{"href":"https:\/\/weltlaeden.de\/mannheim\/wp-json\/wp\/v2\/pages\/219","targetHints":{"allow":["GET"]}}],"collection":[{"href":"https:\/\/weltlaeden.de\/mannheim\/wp-json\/wp\/v2\/pages"}],"about":[{"href":"https:\/\/weltlaeden.de\/mannheim\/wp-json\/wp\/v2\/types\/page"}],"author":[{"embeddable":true,"href":"https:\/\/weltlaeden.de\/mannheim\/wp-json\/wp\/v2\/users\/1"}],"replies":[{"embeddable":true,"href":"https:\/\/weltlaeden.de\/mannheim\/wp-json\/wp\/v2\/comments?post=219"}],"version-history":[{"count":32,"href":"https:\/\/weltlaeden.de\/mannheim\/wp-json\/wp\/v2\/pages\/219\/revisions"}],"predecessor-version":[{"id":819,"href":"https:\/\/weltlaeden.de\/mannheim\/wp-json\/wp\/v2\/pages\/219\/revisions\/819"}],"wp:attachment":[{"href":"https:\/\/weltlaeden.de\/mannheim\/wp-json\/wp\/v2\/media?parent=219"}],"curies":[{"name":"wp","href":"https:\/\/api.w.org\/{rel}","templated":true}]}}