{"id":217,"date":"2016-10-28T13:34:47","date_gmt":"2016-10-28T11:34:47","guid":{"rendered":"https:\/\/wl.heimpixel.de\/vorlage\/produkte\/"},"modified":"2026-03-20T13:52:19","modified_gmt":"2026-03-20T12:52:19","slug":"produkte","status":"publish","type":"page","link":"https:\/\/weltlaeden.de\/mannheim\/produkte\/","title":{"rendered":"Produkte"},"content":{"rendered":"<div class=\"wpb-content-wrapper\"><p>[vc_row][vc_column]<div class=\"wl_einzelbild\"><p><img loading=\"lazy\" decoding=\"async\" class=\"aligncenter size-full wp-image-332\" src=\"https:\/\/weltlaeden.de\/mannheim\/wp-content\/uploads\/sites\/36\/2017\/04\/chocolate-2224998_1280-e1492960711540.jpg\" alt=\"Schokolade\" width=\"1280\" height=\"457\" srcset=\"https:\/\/weltlaeden.de\/mannheim\/wp-content\/uploads\/sites\/36\/2017\/04\/chocolate-2224998_1280-e1492960711540.jpg 1280w, https:\/\/weltlaeden.de\/mannheim\/wp-content\/uploads\/sites\/36\/2017\/04\/chocolate-2224998_1280-e1492960711540-300x107.jpg 300w, https:\/\/weltlaeden.de\/mannheim\/wp-content\/uploads\/sites\/36\/2017\/04\/chocolate-2224998_1280-e1492960711540-768x274.jpg 768w, https:\/\/weltlaeden.de\/mannheim\/wp-content\/uploads\/sites\/36\/2017\/04\/chocolate-2224998_1280-e1492960711540-1024x366.jpg 1024w\" sizes=\"auto, (max-width: 1280px) 100vw, 1280px\" \/><\/p><\/div>[vc_empty_space][vc_column_text]<\/p>\n<h1>Unser Sortiment<\/h1>\n<p>[\/vc_column_text][vc_column_text css=&#8220;&#8220;]Wir f\u00fchren ein breites Sortiment fair gehandelter Lebensmittel sowie Non-Food-Artikel verschiedener Fair-Handels-Importeure:[\/vc_column_text][\/vc_column][\/vc_row][vc_row][vc_column width=&#8220;1\/2&#8243;][vc_column_text css=&#8220;&#8220;]<\/p>\n<ul>\n<li><a href=\"https:\/\/www.gepa.de\/home.html\">Gepa<\/a>,<\/li>\n<li><a href=\"https:\/\/www.weltpartner.de\">dwp<\/a>,<\/li>\n<li><a href=\"https:\/\/www.el-puente.de\/\">El Puente<\/a>,<\/li>\n<li><a href=\"https:\/\/banafair.de\/\">banafair<\/a>,<\/li>\n<li><a href=\"https:\/\/www.cafe-libertad.de\/\">Caf\u00e9 Libertad<\/a>,<\/li>\n<li><a href=\"https:\/\/www.el-rojito.de\/\">el rojito<\/a>,<\/li>\n<li><a href=\"https:\/\/www.legalundlecker.de\/\">legal &amp; lecker<\/a>,<\/li>\n<li><a href=\"https:\/\/www.kallari-futuro.de\/\">Kallari<\/a>,<\/li>\n<\/ul>\n<p>[\/vc_column_text][\/vc_column][vc_column width=&#8220;1\/2&#8243;][vc_column_text css=&#8220;&#8220;]<\/p>\n<ul>\n<li><a href=\"https:\/\/contigo.de\/\">contigo<\/a>,<\/li>\n<li><a href=\"https:\/\/www.eza.cc\/\">EZA<\/a>,<\/li>\n<li><a href=\"https:\/\/www.globo-fairtrade.com\/\">Globo<\/a>,<\/li>\n<li><a href=\"http:\/\/www.fairtradecenter.info\/\">FairtradeCenter Breisgau<\/a>,<\/li>\n<li><a href=\"https:\/\/sonnenglas.net\/de\">Sonnenglas<\/a>,<\/li>\n<li><a href=\"https:\/\/www.filigrana-schmuck.de\/\">Filigrana Schmuck<\/a>,<\/li>\n<li><a href=\"https:\/\/www.regenwaldladen.de\/de\/\">Regenwaldladen<\/a><\/li>\n<li>und viele mehr.<\/li>\n<\/ul>\n<p>[\/vc_column_text][\/vc_column][\/vc_row][vc_row][vc_column][vc_empty_space][vc_column_text css=&#8220;&#8220;]<\/p>\n<h2>Bestelllservice<\/h2>\n<p>Sie haben Interesse an einem Produkt, das wir nicht im Laden f\u00fchren? <a href=\"mailto:info@weltladen-mannheim.de\">Sprechen Sie uns an:<\/a> Wenn m\u00f6glich bestellen wir Ihnen den Artikel gerne.<\/p>\n<p>&nbsp;<\/p>\n<h2>Konditionen f\u00fcr Wiederverk\u00e4ufer und Gro\u00dfverbraucher<\/h2>\n<p>Sie organisieren in Ihrer Kirchengemeinde oder Schule einen Eine-Welt-Verkauf? Oder m\u00f6chten Sie im B\u00fcro oder Kollegium auf fairen Kaffee umsteigen?<\/p>\n<p>Wir unterst\u00fctzen Ihr Engagement mit\u00a0besonderen Konditionen f\u00fcr Gro\u00dfverbraucher oder Wiederverk\u00e4ufer.[\/vc_column_text][vc_empty_space][vc_row_inner][vc_column_inner width=&#8220;1\/2&#8243;][vc_column_text]<\/p>\n<h2>Lebensmittel<\/h2>\n<p>[\/vc_column_text]<div class=\"wl_einzelbild\"><p><img loading=\"lazy\" decoding=\"async\" class=\"size-full wp-image-585 aligncenter\" src=\"https:\/\/weltlaeden.de\/mannheim\/wp-content\/uploads\/sites\/36\/2019\/02\/Sortiment_Lebensmittel.jpg\" alt=\"Unsere Lebensmittel\" width=\"386\" height=\"259\" srcset=\"https:\/\/weltlaeden.de\/mannheim\/wp-content\/uploads\/sites\/36\/2019\/02\/Sortiment_Lebensmittel.jpg 386w, https:\/\/weltlaeden.de\/mannheim\/wp-content\/uploads\/sites\/36\/2019\/02\/Sortiment_Lebensmittel-300x201.jpg 300w\" sizes=\"auto, (max-width: 386px) 100vw, 386px\" \/><\/p><\/div>[vc_column_text css=&#8220;&#8220;]<\/p>\n<h3>Mit unseren Lebensmitteln k\u00f6nnen Sie an einem Tag die ganze Welt bereisen:<\/h3>\n<p>Zum Fr\u00fchst\u00fcck starten wir mit einer Tasse <strong>Kaffee<\/strong> aus Nicaragua und <strong>Schokoaufstrich<\/strong> mit Kakao von der Elfenbeink\u00fcste.<\/p>\n<p>Als Zwischensnack eine <strong>Banane<\/strong> aus Ecuador.<\/p>\n<p>Zum Mittagessen gibt es ein leckeres Curry: der <strong>Basmatireis<\/strong> stammt aus Indien, die <strong>Kokosmilch<\/strong> aus Thailand und die <strong>Currypaste<\/strong> von verschiedenen Kleinbauerngruppen.<\/p>\n<p>Am Nachmittag helfen getrocknete <strong>Mangos<\/strong> von den Philippinen oder ein <strong>Erdnussriegel<\/strong> aus Indonesien gegen den kleinen Hunger, eine Tasse <strong>Schwarztee<\/strong> aus Sri Lanka belebt den Geist.<\/p>\n<p>Am Abend kehren wir zur\u00fcck nach Europa mit italienischer <strong>Pasta<\/strong> aus <a class=\"hyperlinksOrange\" href=\"http:\/\/liberaterra.it\/it\/home\/\">mafiabefreiten Gebieten<\/a> und einem Glas <strong>Wein<\/strong> von der <a class=\"hyperlinksOrange\" href=\"https:\/\/www.lebenshilfe-duew.de\/arbeit\/weinbau\/\">Lebenshilfe Bad D\u00fcrkheim<\/a>.<\/p>\n<p>Zum Einschlafen empfehlen wir einen <a href=\"https:\/\/www.bergkraeuter.at\/\">Bergkr\u00e4utertee aus \u00d6sterreich<\/a>\u00a0mit einem L\u00f6ffel <strong>Honig<\/strong> einer Mannheimer Imkerin.<\/p>\n<p>Sie finden bei uns viele weitere Produkte, auch vegan und vegetarisch, die meisten \u00fcbrigens in Bio-Qualit\u00e4t.[\/vc_column_text][\/vc_column_inner][vc_column_inner width=&#8220;1\/2&#8243;][vc_column_text]<\/p>\n<h2>Kunsthandwerk &amp; Textilien<\/h2>\n<p>[\/vc_column_text]<div class=\"wl_einzelbild\"><p><img loading=\"lazy\" decoding=\"async\" class=\"size-full wp-image-591 aligncenter\" src=\"https:\/\/weltlaeden.de\/mannheim\/wp-content\/uploads\/sites\/36\/2016\/10\/Sortiment_Handwerk.jpg\" alt=\"Kunsthandwerk und Textilien\" width=\"1158\" height=\"777\" srcset=\"https:\/\/weltlaeden.de\/mannheim\/wp-content\/uploads\/sites\/36\/2016\/10\/Sortiment_Handwerk.jpg 1158w, https:\/\/weltlaeden.de\/mannheim\/wp-content\/uploads\/sites\/36\/2016\/10\/Sortiment_Handwerk-300x201.jpg 300w, https:\/\/weltlaeden.de\/mannheim\/wp-content\/uploads\/sites\/36\/2016\/10\/Sortiment_Handwerk-768x515.jpg 768w, https:\/\/weltlaeden.de\/mannheim\/wp-content\/uploads\/sites\/36\/2016\/10\/Sortiment_Handwerk-1024x687.jpg 1024w\" sizes=\"auto, (max-width: 1158px) 100vw, 1158px\" \/><\/p><\/div>[vc_column_text css=&#8220;&#8220;]<\/p>\n<h3>Das Sch\u00f6nste, was der Faire Handel zu bieten hat:<\/h3>\n<ul>\n<li>Schmuck und Taschen<\/li>\n<li>Schals und T\u00fccher<\/li>\n<li>Accessoires aus Alpaca-Wolle<\/li>\n<li>Fu\u00dfb\u00e4lle<\/li>\n<li>Spielsachen f\u00fcr Kinder<\/li>\n<li>Musikinstrumente<\/li>\n<li>Kerzen und R\u00e4ucherst\u00e4bchen<\/li>\n<li>Postkarten und Geschenkpapier<\/li>\n<li>Korbwaren<\/li>\n<li>Haushaltswaren (Keramik, Holz, Glas, Textilien)<\/li>\n<li>Sonnenglas &#8211; Die Solarleuchte im Einmachglas<\/li>\n<li>und vieles mehr&#8230;<\/li>\n<\/ul>\n<p>[\/vc_column_text][\/vc_column_inner][\/vc_row_inner][vc_empty_space][vc_row_inner][vc_column_inner width=&#8220;1\/2&#8243;][vc_column_text]<\/p>\n<h2>Klangschalen<\/h2>\n<p>[\/vc_column_text]<div class=\"wl_einzelbild\"><p><img loading=\"lazy\" decoding=\"async\" class=\"size-full wp-image-589 aligncenter\" src=\"https:\/\/weltlaeden.de\/mannheim\/wp-content\/uploads\/sites\/36\/2016\/10\/Klangschale.jpg\" alt=\"Klangschale\" width=\"1158\" height=\"777\" srcset=\"https:\/\/weltlaeden.de\/mannheim\/wp-content\/uploads\/sites\/36\/2016\/10\/Klangschale.jpg 1158w, https:\/\/weltlaeden.de\/mannheim\/wp-content\/uploads\/sites\/36\/2016\/10\/Klangschale-300x201.jpg 300w, https:\/\/weltlaeden.de\/mannheim\/wp-content\/uploads\/sites\/36\/2016\/10\/Klangschale-768x515.jpg 768w, https:\/\/weltlaeden.de\/mannheim\/wp-content\/uploads\/sites\/36\/2016\/10\/Klangschale-1024x687.jpg 1024w\" sizes=\"auto, (max-width: 1158px) 100vw, 1158px\" \/><\/p><\/div>[vc_column_text css=&#8220;&#8220;]<\/p>\n<h3>Gro\u00dfe Auswahl hochwertiger Klangschalen<\/h3>\n<p>Unser Sortiment umfasst handgetriebene und gegossene Schalen in hoher und flacher Ausf\u00fchrung, in Durchmessern von 6 cm bis 20 cm.<\/p>\n<p>Wir beziehen die Schalen von<a class=\"hyperlinksOrange\" href=\"http:\/\/www.akarfairtrade.com\/\" target=\"_blank\" rel=\"noopener\"> AKAR Fairtrade<\/a>. Akar betreibt seit 1994 Fairen Handel mit Projekten in Nepal. Der Importeur bietet den Produzenten 100% kostenlose Vorfinanzierung und betreibt in enger Zusammenarbeit mit ihnen kontinuierliche Produkt- und Qualit\u00e4tsentwicklung. So erhalten die nepalischen Handwerker*innen die M\u00f6glichkeit, ihr traditionelles Handwerk mit immer neuen Anwendungen und Designs fortzuf\u00fchren.<\/p>\n<p>Sie suchen eine spezielle Klangschale, z.B. in besonders gro\u00dfem Durchmesser? <a href=\"mailto:einkauf-khw@weltladen-mannheim.de\">Bitte sprechen Sie uns an.<\/a>[\/vc_column_text][\/vc_column_inner][vc_column_inner width=&#8220;1\/2&#8243;][vc_column_text]<\/p>\n<h2>Kosmetik<\/h2>\n<p>[\/vc_column_text]<div class=\"wl_einzelbild\"><p><img loading=\"lazy\" decoding=\"async\" class=\"size-full wp-image-590 aligncenter\" src=\"https:\/\/weltlaeden.de\/mannheim\/wp-content\/uploads\/sites\/36\/2016\/10\/Kosmetik.jpg\" alt=\"Naturseife\" width=\"772\" height=\"518\" srcset=\"https:\/\/weltlaeden.de\/mannheim\/wp-content\/uploads\/sites\/36\/2016\/10\/Kosmetik.jpg 772w, https:\/\/weltlaeden.de\/mannheim\/wp-content\/uploads\/sites\/36\/2016\/10\/Kosmetik-300x201.jpg 300w, https:\/\/weltlaeden.de\/mannheim\/wp-content\/uploads\/sites\/36\/2016\/10\/Kosmetik-768x515.jpg 768w\" sizes=\"auto, (max-width: 772px) 100vw, 772px\" \/><\/p><\/div>[vc_column_text]<\/p>\n<h3>Seife aus Indien, Syrien und Pal\u00e4stina<\/h3>\n<p>Neben den rein pflanzlichen, in Indien hergestellten Seifen von GEPA umfasst unser Sortiment auch Aleppo-Seife sowie Oliven\u00f6l-Seifen aus Pal\u00e4stina.<br \/>\nDie Oliven\u00f6l-Seifen in verschiedenen Duftrichtungen sind auch f\u00fcr &#8217;schwierige&#8216; Haut geeignet (z.B. bei Neurodermitis oder Ekzemen) &#8211; f\u00fcr Gesicht, K\u00f6rper, Haare und zur Nassrasur.<\/p>\n<h3>Haarseife vom Amazonas<\/h3>\n<p>Unser Bestseller: Die handgemachte Haarseife mit \u00e4therischen \u00d6len aus Wildsammlung zur nat\u00fcrlichen Haarw\u00e4sche (ohne Palm\u00f6l, vegan).<br \/>\nAufgrund der \u00dcberfettung der Seife und dem Zusatz von Pracaxi-\u00d6l werden die Haare nach der W\u00e4sche nicht &#8222;strohig&#8220;. Ein wunderbares Naturprodukt f\u00fcr die t\u00e4gliche Haarpflege.[\/vc_column_text][\/vc_column_inner][\/vc_row_inner][\/vc_column][\/vc_row]<\/p>\n<\/div>","protected":false},"excerpt":{"rendered":"<p>[vc_row][vc_column][vc_empty_space][vc_column_text] Unser Sortiment [\/vc_column_text][vc_column_text css=&#8220;&#8220;]Wir f\u00fchren ein breites Sortiment fair gehandelter Lebensmittel sowie Non-Food-Artikel verschiedener Fair-Handels-Importeure:[\/vc_column_text][\/vc_column][\/vc_row][vc_row][vc_column width=&#8220;1\/2&#8243;][vc_column_text css=&#8220;&#8220;] Gepa, dwp, El Puente, banafair, Caf\u00e9 Libertad, el rojito, legal &amp; lecker, Kallari, [\/vc_column_text][\/vc_column][vc_column width=&#8220;1\/2&#8243;][vc_column_text css=&#8220;&#8220;] contigo, EZA, Globo, FairtradeCenter Breisgau, Sonnenglas, Filigrana Schmuck, Regenwaldladen und viele mehr. [\/vc_column_text][\/vc_column][\/vc_row][vc_row][vc_column][vc_empty_space][vc_column_text css=&#8220;&#8220;] Bestelllservice Sie haben Interesse an einem Produkt,&hellip;<\/p>\n","protected":false},"author":1,"featured_media":0,"parent":0,"menu_order":2,"comment_status":"closed","ping_status":"closed","template":"","meta":{"footnotes":""},"class_list":["post-217","page","type-page","status-publish","hentry","description-off"],"yoast_head":"<!-- This site is optimized with the Yoast SEO plugin v26.8 - https:\/\/yoast.com\/product\/yoast-seo-wordpress\/ -->\n<title>Produkte - Weltladen Mannheim<\/title>\n<meta name=\"description\" content=\"Sie legen Wert auf gute, fair gehandelte Lebensmittel oder suchen ein sch\u00f6nes Geschenk? Dann sind Sie bei uns richtig! Wir freuen uns auf Ihren Besuch.\" \/>\n<meta name=\"robots\" content=\"index, follow, max-snippet:-1, max-image-preview:large, max-video-preview:-1\" \/>\n<link rel=\"canonical\" href=\"https:\/\/weltlaeden.de\/mannheim\/produkte\/\" \/>\n<meta property=\"og:locale\" content=\"de_DE\" \/>\n<meta property=\"og:type\" content=\"article\" \/>\n<meta property=\"og:title\" content=\"Produkte - Weltladen Mannheim\" \/>\n<meta property=\"og:description\" content=\"Sie legen Wert auf gute, fair gehandelte Lebensmittel oder suchen ein sch\u00f6nes Geschenk? Dann sind Sie bei uns richtig! Wir freuen uns auf Ihren Besuch.\" \/>\n<meta property=\"og:url\" content=\"https:\/\/weltlaeden.de\/mannheim\/produkte\/\" \/>\n<meta property=\"og:site_name\" content=\"Weltladen Mannheim\" \/>\n<meta property=\"article:modified_time\" content=\"2026-03-20T12:52:19+00:00\" \/>\n<meta property=\"og:image\" content=\"https:\/\/weltlaeden.de\/mannheim\/wp-content\/uploads\/sites\/36\/2017\/04\/chocolate-2224998_1280-e1492960711540.jpg\" \/>\n\t<meta property=\"og:image:width\" content=\"1280\" \/>\n\t<meta property=\"og:image:height\" content=\"457\" \/>\n\t<meta property=\"og:image:type\" content=\"image\/jpeg\" \/>\n<meta name=\"twitter:card\" content=\"summary_large_image\" \/>\n<meta name=\"twitter:label1\" content=\"Gesch\u00e4tzte Lesezeit\" \/>\n\t<meta name=\"twitter:data1\" content=\"4\u00a0Minuten\" \/>\n<script type=\"application\/ld+json\" class=\"yoast-schema-graph\">{\"@context\":\"https:\/\/schema.org\",\"@graph\":[{\"@type\":\"WebPage\",\"@id\":\"https:\/\/weltlaeden.de\/mannheim\/produkte\/\",\"url\":\"https:\/\/weltlaeden.de\/mannheim\/produkte\/\",\"name\":\"Produkte - Weltladen Mannheim\",\"isPartOf\":{\"@id\":\"https:\/\/weltlaeden.de\/mannheim\/#website\"},\"primaryImageOfPage\":{\"@id\":\"https:\/\/weltlaeden.de\/mannheim\/produkte\/#primaryimage\"},\"image\":{\"@id\":\"https:\/\/weltlaeden.de\/mannheim\/produkte\/#primaryimage\"},\"thumbnailUrl\":\"https:\/\/weltlaeden.de\/mannheim\/wp-content\/uploads\/sites\/36\/2017\/04\/chocolate-2224998_1280-e1492960711540.jpg\",\"datePublished\":\"2016-10-28T11:34:47+00:00\",\"dateModified\":\"2026-03-20T12:52:19+00:00\",\"description\":\"Sie legen Wert auf gute, fair gehandelte Lebensmittel oder suchen ein sch\u00f6nes Geschenk? Dann sind Sie bei uns richtig! Wir freuen uns auf Ihren Besuch.\",\"breadcrumb\":{\"@id\":\"https:\/\/weltlaeden.de\/mannheim\/produkte\/#breadcrumb\"},\"inLanguage\":\"de\",\"potentialAction\":[{\"@type\":\"ReadAction\",\"target\":[\"https:\/\/weltlaeden.de\/mannheim\/produkte\/\"]}]},{\"@type\":\"ImageObject\",\"inLanguage\":\"de\",\"@id\":\"https:\/\/weltlaeden.de\/mannheim\/produkte\/#primaryimage\",\"url\":\"https:\/\/weltlaeden.de\/mannheim\/wp-content\/uploads\/sites\/36\/2017\/04\/chocolate-2224998_1280-e1492960711540.jpg\",\"contentUrl\":\"https:\/\/weltlaeden.de\/mannheim\/wp-content\/uploads\/sites\/36\/2017\/04\/chocolate-2224998_1280-e1492960711540.jpg\",\"width\":1280,\"height\":457,\"caption\":\"Schokolade\"},{\"@type\":\"BreadcrumbList\",\"@id\":\"https:\/\/weltlaeden.de\/mannheim\/produkte\/#breadcrumb\",\"itemListElement\":[{\"@type\":\"ListItem\",\"position\":1,\"name\":\"Startseite\",\"item\":\"https:\/\/weltlaeden.de\/mannheim\/\"},{\"@type\":\"ListItem\",\"position\":2,\"name\":\"Produkte\"}]},{\"@type\":\"WebSite\",\"@id\":\"https:\/\/weltlaeden.de\/mannheim\/#website\",\"url\":\"https:\/\/weltlaeden.de\/mannheim\/\",\"name\":\"Vorlage\",\"description\":\"Fairer Handel im Quadrat\",\"potentialAction\":[{\"@type\":\"SearchAction\",\"target\":{\"@type\":\"EntryPoint\",\"urlTemplate\":\"https:\/\/weltlaeden.de\/mannheim\/?s={search_term_string}\"},\"query-input\":{\"@type\":\"PropertyValueSpecification\",\"valueRequired\":true,\"valueName\":\"search_term_string\"}}],\"inLanguage\":\"de\"}]}<\/script>\n<!-- \/ Yoast SEO plugin. -->","yoast_head_json":{"title":"Produkte - Weltladen Mannheim","description":"Sie legen Wert auf gute, fair gehandelte Lebensmittel oder suchen ein sch\u00f6nes Geschenk? Dann sind Sie bei uns richtig! Wir freuen uns auf Ihren Besuch.","robots":{"index":"index","follow":"follow","max-snippet":"max-snippet:-1","max-image-preview":"max-image-preview:large","max-video-preview":"max-video-preview:-1"},"canonical":"https:\/\/weltlaeden.de\/mannheim\/produkte\/","og_locale":"de_DE","og_type":"article","og_title":"Produkte - Weltladen Mannheim","og_description":"Sie legen Wert auf gute, fair gehandelte Lebensmittel oder suchen ein sch\u00f6nes Geschenk? Dann sind Sie bei uns richtig! Wir freuen uns auf Ihren Besuch.","og_url":"https:\/\/weltlaeden.de\/mannheim\/produkte\/","og_site_name":"Weltladen Mannheim","article_modified_time":"2026-03-20T12:52:19+00:00","og_image":[{"width":1280,"height":457,"url":"https:\/\/weltlaeden.de\/mannheim\/wp-content\/uploads\/sites\/36\/2017\/04\/chocolate-2224998_1280-e1492960711540.jpg","type":"image\/jpeg"}],"twitter_card":"summary_large_image","twitter_misc":{"Gesch\u00e4tzte Lesezeit":"4\u00a0Minuten"},"schema":{"@context":"https:\/\/schema.org","@graph":[{"@type":"WebPage","@id":"https:\/\/weltlaeden.de\/mannheim\/produkte\/","url":"https:\/\/weltlaeden.de\/mannheim\/produkte\/","name":"Produkte - Weltladen Mannheim","isPartOf":{"@id":"https:\/\/weltlaeden.de\/mannheim\/#website"},"primaryImageOfPage":{"@id":"https:\/\/weltlaeden.de\/mannheim\/produkte\/#primaryimage"},"image":{"@id":"https:\/\/weltlaeden.de\/mannheim\/produkte\/#primaryimage"},"thumbnailUrl":"https:\/\/weltlaeden.de\/mannheim\/wp-content\/uploads\/sites\/36\/2017\/04\/chocolate-2224998_1280-e1492960711540.jpg","datePublished":"2016-10-28T11:34:47+00:00","dateModified":"2026-03-20T12:52:19+00:00","description":"Sie legen Wert auf gute, fair gehandelte Lebensmittel oder suchen ein sch\u00f6nes Geschenk? Dann sind Sie bei uns richtig! Wir freuen uns auf Ihren Besuch.","breadcrumb":{"@id":"https:\/\/weltlaeden.de\/mannheim\/produkte\/#breadcrumb"},"inLanguage":"de","potentialAction":[{"@type":"ReadAction","target":["https:\/\/weltlaeden.de\/mannheim\/produkte\/"]}]},{"@type":"ImageObject","inLanguage":"de","@id":"https:\/\/weltlaeden.de\/mannheim\/produkte\/#primaryimage","url":"https:\/\/weltlaeden.de\/mannheim\/wp-content\/uploads\/sites\/36\/2017\/04\/chocolate-2224998_1280-e1492960711540.jpg","contentUrl":"https:\/\/weltlaeden.de\/mannheim\/wp-content\/uploads\/sites\/36\/2017\/04\/chocolate-2224998_1280-e1492960711540.jpg","width":1280,"height":457,"caption":"Schokolade"},{"@type":"BreadcrumbList","@id":"https:\/\/weltlaeden.de\/mannheim\/produkte\/#breadcrumb","itemListElement":[{"@type":"ListItem","position":1,"name":"Startseite","item":"https:\/\/weltlaeden.de\/mannheim\/"},{"@type":"ListItem","position":2,"name":"Produkte"}]},{"@type":"WebSite","@id":"https:\/\/weltlaeden.de\/mannheim\/#website","url":"https:\/\/weltlaeden.de\/mannheim\/","name":"Vorlage","description":"Fairer Handel im Quadrat","potentialAction":[{"@type":"SearchAction","target":{"@type":"EntryPoint","urlTemplate":"https:\/\/weltlaeden.de\/mannheim\/?s={search_term_string}"},"query-input":{"@type":"PropertyValueSpecification","valueRequired":true,"valueName":"search_term_string"}}],"inLanguage":"de"}]}},"_links":{"self":[{"href":"https:\/\/weltlaeden.de\/mannheim\/wp-json\/wp\/v2\/pages\/217","targetHints":{"allow":["GET"]}}],"collection":[{"href":"https:\/\/weltlaeden.de\/mannheim\/wp-json\/wp\/v2\/pages"}],"about":[{"href":"https:\/\/weltlaeden.de\/mannheim\/wp-json\/wp\/v2\/types\/page"}],"author":[{"embeddable":true,"href":"https:\/\/weltlaeden.de\/mannheim\/wp-json\/wp\/v2\/users\/1"}],"replies":[{"embeddable":true,"href":"https:\/\/weltlaeden.de\/mannheim\/wp-json\/wp\/v2\/comments?post=217"}],"version-history":[{"count":22,"href":"https:\/\/weltlaeden.de\/mannheim\/wp-json\/wp\/v2\/pages\/217\/revisions"}],"predecessor-version":[{"id":926,"href":"https:\/\/weltlaeden.de\/mannheim\/wp-json\/wp\/v2\/pages\/217\/revisions\/926"}],"wp:attachment":[{"href":"https:\/\/weltlaeden.de\/mannheim\/wp-json\/wp\/v2\/media?parent=217"}],"curies":[{"name":"wp","href":"https:\/\/api.w.org\/{rel}","templated":true}]}}