{"id":20,"date":"2018-12-06T09:05:21","date_gmt":"2018-12-06T08:05:21","guid":{"rendered":"https:\/\/wl.heimpixel.de\/vorlage\/weltladen-musterdorf\/"},"modified":"2026-03-20T13:45:15","modified_gmt":"2026-03-20T12:45:15","slug":"weltladen-mannheim","status":"publish","type":"page","link":"https:\/\/weltlaeden.de\/mannheim\/","title":{"rendered":"Startseite"},"content":{"rendered":"<div class=\"wpb-content-wrapper\"><p>[vc_row][vc_column][vc_column_text]<\/p>\n<h1 style=\"text-align: left\">Willkommen im Weltladen Mannheim!<\/h1>\n<p>[\/vc_column_text][vc_column_text]Sie legen Wert auf gute Lebensmittel, sind auf der Suche nach einem sch\u00f6nen Geschenk oder wollen einfach in entspannter Atmosph\u00e4re eine Tasse Kafffee genie\u00dfen? Dann sind Sie bei uns richtig!<\/p>\n<p>Mitten in den Mannheimer Quadraten m\u00f6chten wir mit unserer besonderen Auswahl an Produkten aus Fairem Handel zeigen, dass ein Welthandel ohne Ausbeutung von Mensch und Umwelt nicht nur etwas f\u00fcr die Politik ist, sondern auch Freude machen kann.<\/p>\n<p>Wir freuen uns auf Ihren Besuch![\/vc_column_text][vc_empty_space height=&#8220;30px&#8220;][vc_separator][\/vc_column][\/vc_row][vc_row][vc_column][vc_empty_space height=&#8220;20px&#8220;][vc_row_inner][vc_column_inner width=&#8220;1\/4&#8243;]<div class=\"wl_einzelbild\"><p><img loading=\"lazy\" decoding=\"async\" class=\"alignleft wp-image-924 size-medium\" src=\"https:\/\/weltlaeden.de\/mannheim\/wp-content\/uploads\/sites\/36\/2026\/03\/IMG_0769-300x225.jpg\" alt=\"\" width=\"300\" height=\"225\" srcset=\"https:\/\/weltlaeden.de\/mannheim\/wp-content\/uploads\/sites\/36\/2026\/03\/IMG_0769-300x225.jpg 300w, https:\/\/weltlaeden.de\/mannheim\/wp-content\/uploads\/sites\/36\/2026\/03\/IMG_0769-1024x768.jpg 1024w, https:\/\/weltlaeden.de\/mannheim\/wp-content\/uploads\/sites\/36\/2026\/03\/IMG_0769-768x576.jpg 768w, https:\/\/weltlaeden.de\/mannheim\/wp-content\/uploads\/sites\/36\/2026\/03\/IMG_0769-1536x1152.jpg 1536w, https:\/\/weltlaeden.de\/mannheim\/wp-content\/uploads\/sites\/36\/2026\/03\/IMG_0769-2048x1536.jpg 2048w\" sizes=\"auto, (max-width: 300px) 100vw, 300px\" \/><\/p><\/div>[\/vc_column_inner][vc_column_inner width=&#8220;3\/4&#8243;][vc_column_text css=&#8220;&#8220;]<\/p>\n<h2>Wir suchen Dich!<\/h2>\n<p>Du m\u00f6chtest den Fairen Handel unterst\u00fctzen und damit zu einer gerechteren Welt beitragen? Dann komm zu uns in den Weltladen![\/vc_column_text][vc_btn title=&#8220;Mehr erfahren&#8220; color=&#8220;warning&#8220; size=&#8220;sm&#8220; css=&#8220;&#8220; link=&#8220;url:https%3A%2F%2Fweltlaeden.de%2Fmannheim%2Fwir-suchen-dich%2F|title:Wir%20suchen%20Dich!&#8220;][\/vc_column_inner][\/vc_row_inner][vc_separator css=&#8220;&#8220;][vc_row_inner][vc_column_inner width=&#8220;1\/4&#8243;]<div class=\"wl_einzelbild\"><p><img loading=\"lazy\" decoding=\"async\" class=\"alignleft wp-image-920 size-medium\" src=\"https:\/\/weltlaeden.de\/mannheim\/wp-content\/uploads\/sites\/36\/2026\/03\/DB33B836-60DC-4F3A-AA98-8A4D651C223B-300x225.jpg\" alt=\"\" width=\"300\" height=\"225\" srcset=\"https:\/\/weltlaeden.de\/mannheim\/wp-content\/uploads\/sites\/36\/2026\/03\/DB33B836-60DC-4F3A-AA98-8A4D651C223B-300x225.jpg 300w, https:\/\/weltlaeden.de\/mannheim\/wp-content\/uploads\/sites\/36\/2026\/03\/DB33B836-60DC-4F3A-AA98-8A4D651C223B-768x576.jpg 768w, https:\/\/weltlaeden.de\/mannheim\/wp-content\/uploads\/sites\/36\/2026\/03\/DB33B836-60DC-4F3A-AA98-8A4D651C223B.jpg 960w\" sizes=\"auto, (max-width: 300px) 100vw, 300px\" \/><\/p><\/div>[\/vc_column_inner][vc_column_inner width=&#8220;3\/4&#8243;][vc_column_text css=&#8220;&#8220;]<\/p>\n<h2>Unsere Produkte<\/h2>\n<p>Unsere Produkte im Weltladen sind alle fair gehandelt, der \u00fcberwiegende Teil stammt aus \u00f6kologischem Anbau. Wir beziehen sie von unterschiedlichen Fair-Handels-Importeuren.[\/vc_column_text][vc_btn title=&#8220;Zu unserem Sortiment&#8220; color=&#8220;warning&#8220; size=&#8220;sm&#8220; css=&#8220;&#8220; link=&#8220;url:https%3A%2F%2Fweltlaeden.de%2Fmannheim%2Fprodukte%2F|title:Produkte&#8220;][\/vc_column_inner][\/vc_row_inner][vc_separator][vc_row_inner][vc_column_inner width=&#8220;1\/4&#8243;]<div class=\"wl_einzelbild\"><p><img loading=\"lazy\" decoding=\"async\" class=\"alignleft wp-image-921 size-medium\" src=\"https:\/\/weltlaeden.de\/mannheim\/wp-content\/uploads\/sites\/36\/2026\/03\/weltladen_kundin_kaffee-1-300x200.jpg\" alt=\"\" width=\"300\" height=\"200\" srcset=\"https:\/\/weltlaeden.de\/mannheim\/wp-content\/uploads\/sites\/36\/2026\/03\/weltladen_kundin_kaffee-1-300x200.jpg 300w, https:\/\/weltlaeden.de\/mannheim\/wp-content\/uploads\/sites\/36\/2026\/03\/weltladen_kundin_kaffee-1-1024x684.jpg 1024w, https:\/\/weltlaeden.de\/mannheim\/wp-content\/uploads\/sites\/36\/2026\/03\/weltladen_kundin_kaffee-1-768x513.jpg 768w, https:\/\/weltlaeden.de\/mannheim\/wp-content\/uploads\/sites\/36\/2026\/03\/weltladen_kundin_kaffee-1-1536x1025.jpg 1536w, https:\/\/weltlaeden.de\/mannheim\/wp-content\/uploads\/sites\/36\/2026\/03\/weltladen_kundin_kaffee-1-2048x1367.jpg 2048w\" sizes=\"auto, (max-width: 300px) 100vw, 300px\" \/><\/p><\/div>[\/vc_column_inner][vc_column_inner width=&#8220;3\/4&#8243;][vc_column_text css=&#8220;&#8220;]<\/p>\n<h2>Fairer Handel<\/h2>\n<p>Was meint Fairer Handel \u00fcberhaupt? Welche Kriterien m\u00fcssen eingehalten werden und wer \u00fcberpr\u00fcft diese?[\/vc_column_text][vc_btn title=&#8220;Infos zum Fairen Handel&#8220; color=&#8220;warning&#8220; size=&#8220;sm&#8220; css=&#8220;&#8220; link=&#8220;url:https%3A%2F%2Fweltlaeden.de%2Fmannheim%2Ffairer-handel%2F|title:Fairer%20Handel&#8220;][\/vc_column_inner][\/vc_row_inner][vc_separator][vc_row_inner][vc_column_inner width=&#8220;1\/4&#8243;]<div class=\"wl_einzelbild\"><p><img loading=\"lazy\" decoding=\"async\" class=\"alignleft wp-image-922 size-medium\" src=\"https:\/\/weltlaeden.de\/mannheim\/wp-content\/uploads\/sites\/36\/2026\/03\/IMG_1301-300x225.jpg\" alt=\"\" width=\"300\" height=\"225\" srcset=\"https:\/\/weltlaeden.de\/mannheim\/wp-content\/uploads\/sites\/36\/2026\/03\/IMG_1301-300x225.jpg 300w, https:\/\/weltlaeden.de\/mannheim\/wp-content\/uploads\/sites\/36\/2026\/03\/IMG_1301-1024x768.jpg 1024w, https:\/\/weltlaeden.de\/mannheim\/wp-content\/uploads\/sites\/36\/2026\/03\/IMG_1301-768x576.jpg 768w, https:\/\/weltlaeden.de\/mannheim\/wp-content\/uploads\/sites\/36\/2026\/03\/IMG_1301-1536x1152.jpg 1536w, https:\/\/weltlaeden.de\/mannheim\/wp-content\/uploads\/sites\/36\/2026\/03\/IMG_1301-2048x1536.jpg 2048w\" sizes=\"auto, (max-width: 300px) 100vw, 300px\" \/><\/p><\/div>[\/vc_column_inner][vc_column_inner width=&#8220;3\/4&#8243;][vc_column_text css=&#8220;&#8220;]<\/p>\n<h2>Ethischer Konsum<\/h2>\n<p>Bei uns im Weltladen finden Sie Lebensmittel und ausgew\u00e4hlte Non-Food-Artikel. Doch wie steht es mit den vielen anderen Produkten, die wir t\u00e4glich nutzen? Hier finden Sie Tipps, Links und Einkaufshilfen f\u00fcr bewusste Verbraucher.[\/vc_column_text][vc_btn title=&#8220;Infos zum ethischen Konsum&#8220; color=&#8220;warning&#8220; size=&#8220;sm&#8220; css=&#8220;&#8220; link=&#8220;url:https%3A%2F%2Fweltlaeden.de%2Fmannheim%2Fethischer-konsum%2F|title:Ethischer%20Konsum&#8220;][\/vc_column_inner][\/vc_row_inner][vc_separator][vc_row_inner][vc_column_inner width=&#8220;1\/4&#8243;]<div class=\"wl_einzelbild\"><p><img loading=\"lazy\" decoding=\"async\" class=\"alignleft wp-image-923 size-medium\" src=\"https:\/\/weltlaeden.de\/mannheim\/wp-content\/uploads\/sites\/36\/2026\/03\/IMG_1505-300x225.jpg\" alt=\"\" width=\"300\" height=\"225\" srcset=\"https:\/\/weltlaeden.de\/mannheim\/wp-content\/uploads\/sites\/36\/2026\/03\/IMG_1505-300x225.jpg 300w, https:\/\/weltlaeden.de\/mannheim\/wp-content\/uploads\/sites\/36\/2026\/03\/IMG_1505-1024x768.jpg 1024w, https:\/\/weltlaeden.de\/mannheim\/wp-content\/uploads\/sites\/36\/2026\/03\/IMG_1505-768x576.jpg 768w, https:\/\/weltlaeden.de\/mannheim\/wp-content\/uploads\/sites\/36\/2026\/03\/IMG_1505-1536x1152.jpg 1536w, https:\/\/weltlaeden.de\/mannheim\/wp-content\/uploads\/sites\/36\/2026\/03\/IMG_1505-2048x1536.jpg 2048w\" sizes=\"auto, (max-width: 300px) 100vw, 300px\" \/><\/p><\/div>[\/vc_column_inner][vc_column_inner width=&#8220;3\/4&#8243;][vc_column_text css=&#8220;&#8220;]<\/p>\n<h2>\u00dcber uns<\/h2>\n<p>Wer wir sind, warum wir uns f\u00fcr Fairen Handel engagieren und wie man bei uns mitmachen kann &#8211; hier stellen wir uns vor.[\/vc_column_text][vc_btn title=&#8220;\u00dcber uns&#8220; color=&#8220;warning&#8220; size=&#8220;sm&#8220; css=&#8220;&#8220; link=&#8220;url:https%3A%2F%2Fweltlaeden.de%2Fmannheim%2Fueber-uns%2F|title:%C3%9Cber%20uns&#8220;][\/vc_column_inner][\/vc_row_inner][vc_separator][vc_empty_space][\/vc_column][\/vc_row][vc_row][vc_column][vc_column_text]<\/p>\n<h2>Neuigkeiten<\/h2>\n<p>[\/vc_column_text]<section class=\"items-grid wf-container\"><div class=\"wf-cell wf-1-2\"><article class=\"post-format-standard\"><div class=\"mini-post-img\"><a class=\"alignleft post-rollover layzr-bg\" href=\"https:\/\/weltlaeden.de\/mannheim\/faires-fruehstueck-zum-weltladentag-2026\/\" aria-label=\"Post image\"><img decoding=\"async\" class=\"preload-me lazy-load aspect\" src=\"data:image\/svg+xml,%3Csvg%20xmlns%3D&#39;http%3A%2F%2Fwww.w3.org%2F2000%2Fsvg&#39;%20viewBox%3D&#39;0%200%2060%2060&#39;%2F%3E\" data-src=\"https:\/\/weltlaeden.de\/mannheim\/wp-content\/uploads\/sites\/36\/2026\/04\/wlt_2026_header-scaled-60x60.jpg\" data-srcset=\"https:\/\/weltlaeden.de\/mannheim\/wp-content\/uploads\/sites\/36\/2026\/04\/wlt_2026_header-scaled-60x60.jpg 60w, https:\/\/weltlaeden.de\/mannheim\/wp-content\/uploads\/sites\/36\/2026\/04\/wlt_2026_header-scaled-120x120.jpg 120w\" loading=\"eager\" style=\"--ratio: 60 \/ 60\" sizes=\"(max-width: 60px) 100vw, 60px\" width=\"60\" height=\"60\"  alt=\"\" \/><\/a><\/div><div class=\"post-content\"><a href=\"https:\/\/weltlaeden.de\/mannheim\/faires-fruehstueck-zum-weltladentag-2026\/\">Faires Fr\u00fchst\u00fcck zum Weltladentag 2026<\/a><br \/><time class=\"text-secondary\" datetime=\"2026-04-13T11:34:35+02:00\">13. April 2026<\/time><\/div><\/article><\/div><div class=\"wf-cell wf-1-2\"><article class=\"post-format-standard\"><div class=\"mini-post-img\"><a class=\"alignleft post-rollover layzr-bg\" href=\"https:\/\/weltlaeden.de\/mannheim\/laengere-oeffnungszeiten-an-den-adventssamstagen\/\" aria-label=\"Post image\"><img decoding=\"async\" class=\"preload-me lazy-load aspect\" src=\"data:image\/svg+xml,%3Csvg%20xmlns%3D&#39;http%3A%2F%2Fwww.w3.org%2F2000%2Fsvg&#39;%20viewBox%3D&#39;0%200%2060%2060&#39;%2F%3E\" data-src=\"https:\/\/weltlaeden.de\/mannheim\/wp-content\/uploads\/sites\/36\/2025\/11\/IMG_0159-scaled-60x60.jpg\" data-srcset=\"https:\/\/weltlaeden.de\/mannheim\/wp-content\/uploads\/sites\/36\/2025\/11\/IMG_0159-scaled-60x60.jpg 60w, https:\/\/weltlaeden.de\/mannheim\/wp-content\/uploads\/sites\/36\/2025\/11\/IMG_0159-scaled-120x120.jpg 120w\" loading=\"eager\" style=\"--ratio: 60 \/ 60\" sizes=\"(max-width: 60px) 100vw, 60px\" width=\"60\" height=\"60\"  alt=\"\" \/><\/a><\/div><div class=\"post-content\"><a href=\"https:\/\/weltlaeden.de\/mannheim\/laengere-oeffnungszeiten-an-den-adventssamstagen\/\">L\u00e4ngere \u00d6ffnungszeiten an den Adventssamstagen<\/a><br \/><time class=\"text-secondary\" datetime=\"2025-11-22T12:53:46+01:00\">22. November 2025<\/time><\/div><\/article><\/div><div class=\"wf-cell wf-1-2\"><article class=\"post-format-standard\"><div class=\"mini-post-img\"><a class=\"alignleft post-rollover layzr-bg\" href=\"https:\/\/weltlaeden.de\/mannheim\/artikel-im-mm-zur-fairen-woche-2025\/\" aria-label=\"Post image\"><img decoding=\"async\" class=\"preload-me lazy-load aspect\" src=\"data:image\/svg+xml,%3Csvg%20xmlns%3D&#39;http%3A%2F%2Fwww.w3.org%2F2000%2Fsvg&#39;%20viewBox%3D&#39;0%200%2060%2060&#39;%2F%3E\" data-src=\"https:\/\/weltlaeden.de\/mannheim\/wp-content\/uploads\/sites\/36\/2025\/09\/Screenshot-2025-09-19-140428-e1758284403984-60x60.png\" data-srcset=\"https:\/\/weltlaeden.de\/mannheim\/wp-content\/uploads\/sites\/36\/2025\/09\/Screenshot-2025-09-19-140428-e1758284403984-60x60.png 60w, https:\/\/weltlaeden.de\/mannheim\/wp-content\/uploads\/sites\/36\/2025\/09\/Screenshot-2025-09-19-140428-e1758284403984-120x120.png 120w\" loading=\"eager\" style=\"--ratio: 60 \/ 60\" sizes=\"(max-width: 60px) 100vw, 60px\" width=\"60\" height=\"60\"  alt=\"\" \/><\/a><\/div><div class=\"post-content\"><a href=\"https:\/\/weltlaeden.de\/mannheim\/artikel-im-mm-zur-fairen-woche-2025\/\">Artikel im MM zur Fairen Woche 2025<\/a><br \/><time class=\"text-secondary\" datetime=\"2025-09-19T14:18:39+02:00\">19. September 2025<\/time><\/div><\/article><\/div><div class=\"wf-cell wf-1-2\"><article class=\"post-format-standard\"><div class=\"mini-post-img\"><a class=\"alignleft post-rollover layzr-bg\" href=\"https:\/\/weltlaeden.de\/mannheim\/geaenderte-oeffnungszeiten-ab-mai-2025\/\" aria-label=\"Post image\"><img decoding=\"async\" class=\"preload-me lazy-load aspect\" src=\"data:image\/svg+xml,%3Csvg%20xmlns%3D&#39;http%3A%2F%2Fwww.w3.org%2F2000%2Fsvg&#39;%20viewBox%3D&#39;0%200%2060%2060&#39;%2F%3E\" data-src=\"https:\/\/weltlaeden.de\/mannheim\/wp-content\/uploads\/sites\/36\/2023\/08\/IMG-20210817-WA0001-60x60.jpg\" data-srcset=\"https:\/\/weltlaeden.de\/mannheim\/wp-content\/uploads\/sites\/36\/2023\/08\/IMG-20210817-WA0001-60x60.jpg 60w, https:\/\/weltlaeden.de\/mannheim\/wp-content\/uploads\/sites\/36\/2023\/08\/IMG-20210817-WA0001-120x120.jpg 120w\" loading=\"eager\" style=\"--ratio: 60 \/ 60\" sizes=\"(max-width: 60px) 100vw, 60px\" width=\"60\" height=\"60\"  alt=\"Ladenschild Weltladen Mannheim\" \/><\/a><\/div><div class=\"post-content\"><a href=\"https:\/\/weltlaeden.de\/mannheim\/geaenderte-oeffnungszeiten-ab-mai-2025\/\">Ge\u00e4nderte \u00d6ffnungszeiten ab Mai 2025<\/a><br \/><time class=\"text-secondary\" datetime=\"2025-04-23T19:02:57+02:00\">23. April 2025<\/time><\/div><\/article><\/div><div class=\"wf-cell wf-1-2\"><article class=\"post-format-standard\"><div class=\"mini-post-img\"><a class=\"alignleft post-rollover layzr-bg\" href=\"https:\/\/weltlaeden.de\/mannheim\/vortrag-zur-energiewende-im-sueden-von-afrika\/\" aria-label=\"Post image\"><img decoding=\"async\" class=\"preload-me lazy-load aspect\" src=\"data:image\/svg+xml,%3Csvg%20xmlns%3D&#39;http%3A%2F%2Fwww.w3.org%2F2000%2Fsvg&#39;%20viewBox%3D&#39;0%200%2060%2060&#39;%2F%3E\" data-src=\"https:\/\/weltlaeden.de\/mannheim\/wp-content\/uploads\/sites\/36\/2024\/08\/Instashare_Pics_2024_1080x1080_04-60x60.png\" data-srcset=\"https:\/\/weltlaeden.de\/mannheim\/wp-content\/uploads\/sites\/36\/2024\/08\/Instashare_Pics_2024_1080x1080_04-60x60.png 60w, https:\/\/weltlaeden.de\/mannheim\/wp-content\/uploads\/sites\/36\/2024\/08\/Instashare_Pics_2024_1080x1080_04-120x120.png 120w\" loading=\"eager\" style=\"--ratio: 60 \/ 60\" sizes=\"(max-width: 60px) 100vw, 60px\" width=\"60\" height=\"60\"  alt=\"\" \/><\/a><\/div><div class=\"post-content\"><a href=\"https:\/\/weltlaeden.de\/mannheim\/vortrag-zur-energiewende-im-sueden-von-afrika\/\">Veranstaltungen zur Fairen Woche 2024<\/a><br \/><time class=\"text-secondary\" datetime=\"2024-08-28T11:11:37+02:00\">28. August 2024<\/time><\/div><\/article><\/div><div class=\"wf-cell wf-1-2\"><article class=\"post-format-standard\"><div class=\"mini-post-img\"><a class=\"alignleft post-rollover layzr-bg\" href=\"https:\/\/weltlaeden.de\/mannheim\/sommerpause-2023\/\" aria-label=\"Post image\"><img decoding=\"async\" class=\"preload-me lazy-load aspect\" src=\"data:image\/svg+xml,%3Csvg%20xmlns%3D&#39;http%3A%2F%2Fwww.w3.org%2F2000%2Fsvg&#39;%20viewBox%3D&#39;0%200%2060%2060&#39;%2F%3E\" data-src=\"https:\/\/weltlaeden.de\/mannheim\/wp-content\/uploads\/sites\/36\/2023\/08\/sommerpause-60x60.jpg\" data-srcset=\"https:\/\/weltlaeden.de\/mannheim\/wp-content\/uploads\/sites\/36\/2023\/08\/sommerpause-60x60.jpg 60w, https:\/\/weltlaeden.de\/mannheim\/wp-content\/uploads\/sites\/36\/2023\/08\/sommerpause-120x120.jpg 120w\" loading=\"eager\" style=\"--ratio: 60 \/ 60\" sizes=\"(max-width: 60px) 100vw, 60px\" width=\"60\" height=\"60\"  alt=\"Sonnenblume, im Hintergrund der Weltladen\" \/><\/a><\/div><div class=\"post-content\"><a href=\"https:\/\/weltlaeden.de\/mannheim\/sommerpause-2023\/\">Sommerpause 2024<\/a><br \/><time class=\"text-secondary\" datetime=\"2024-07-25T09:41:00+02:00\">25. Juli 2024<\/time><\/div><\/article><\/div><\/section><a href=\"https:\/\/weltlaeden.de\/mannheim\/neuigkeiten\" class=\"btn-shortcode dt-btn-s dt-btn default-btn-color default-btn-hover-color default-btn-bg-color default-btn-bg-hover-color\" id=\"dt-btn-1\"><span>Alle Neuigkeiten<\/span><\/a>[\/vc_column][\/vc_row]<\/p>\n<\/div>","protected":false},"excerpt":{"rendered":"<p>[vc_row][vc_column][vc_column_text] Willkommen im Weltladen Mannheim! [\/vc_column_text][vc_column_text]Sie legen Wert auf gute Lebensmittel, sind auf der Suche nach einem sch\u00f6nen Geschenk oder wollen einfach in entspannter Atmosph\u00e4re eine Tasse Kafffee genie\u00dfen? Dann sind Sie bei uns richtig! Mitten in den Mannheimer Quadraten m\u00f6chten wir mit unserer besonderen Auswahl an Produkten aus Fairem Handel zeigen, dass ein Welthandel&hellip;<\/p>\n","protected":false},"author":1,"featured_media":0,"parent":0,"menu_order":0,"comment_status":"closed","ping_status":"closed","template":"","meta":{"footnotes":""},"class_list":["post-20","page","type-page","status-publish","hentry","description-off"],"yoast_head":"<!-- This site is optimized with the Yoast SEO plugin v26.8 - https:\/\/yoast.com\/product\/yoast-seo-wordpress\/ -->\n<title>Weltladen Mannheim - Fairer Handel im Quadrat<\/title>\n<meta name=\"description\" content=\"Sie m\u00f6gen gute Lebensmittel, suchen ein sch\u00f6nes Geschenk oder wollen in entspannter Atmosph\u00e4re eine Tasse Kafffee genie\u00dfen? Dann sind Sie bei uns richtig!\" \/>\n<meta name=\"robots\" content=\"index, follow, max-snippet:-1, max-image-preview:large, max-video-preview:-1\" \/>\n<link rel=\"canonical\" href=\"https:\/\/weltlaeden.de\/mannheim\/\" \/>\n<meta property=\"og:locale\" content=\"de_DE\" \/>\n<meta property=\"og:type\" content=\"article\" \/>\n<meta property=\"og:title\" content=\"Weltladen Mannheim - Fairer Handel im Quadrat\" \/>\n<meta property=\"og:description\" content=\"Sie m\u00f6gen gute Lebensmittel, suchen ein sch\u00f6nes Geschenk oder wollen in entspannter Atmosph\u00e4re eine Tasse Kafffee genie\u00dfen? Dann sind Sie bei uns richtig!\" \/>\n<meta property=\"og:url\" content=\"https:\/\/weltlaeden.de\/mannheim\/\" \/>\n<meta property=\"og:site_name\" content=\"Weltladen Mannheim\" \/>\n<meta property=\"article:modified_time\" content=\"2026-03-20T12:45:15+00:00\" \/>\n<meta property=\"og:image\" content=\"https:\/\/weltlaeden.de\/mannheim\/wp-content\/uploads\/sites\/36\/2026\/03\/IMG_0769-scaled.jpg\" \/>\n\t<meta property=\"og:image:width\" content=\"2560\" \/>\n\t<meta property=\"og:image:height\" content=\"1920\" \/>\n\t<meta property=\"og:image:type\" content=\"image\/jpeg\" \/>\n<meta name=\"twitter:card\" content=\"summary_large_image\" \/>\n<meta name=\"twitter:label1\" content=\"Gesch\u00e4tzte Lesezeit\" \/>\n\t<meta name=\"twitter:data1\" content=\"3\u00a0Minuten\" \/>\n<script type=\"application\/ld+json\" class=\"yoast-schema-graph\">{\"@context\":\"https:\/\/schema.org\",\"@graph\":[{\"@type\":\"WebPage\",\"@id\":\"https:\/\/weltlaeden.de\/mannheim\/\",\"url\":\"https:\/\/weltlaeden.de\/mannheim\/\",\"name\":\"Weltladen Mannheim - Fairer Handel im Quadrat\",\"isPartOf\":{\"@id\":\"https:\/\/weltlaeden.de\/mannheim\/#website\"},\"primaryImageOfPage\":{\"@id\":\"https:\/\/weltlaeden.de\/mannheim\/#primaryimage\"},\"image\":{\"@id\":\"https:\/\/weltlaeden.de\/mannheim\/#primaryimage\"},\"thumbnailUrl\":\"https:\/\/weltlaeden.de\/mannheim\/wp-content\/uploads\/sites\/36\/2026\/03\/IMG_0769-300x225.jpg\",\"datePublished\":\"2018-12-06T08:05:21+00:00\",\"dateModified\":\"2026-03-20T12:45:15+00:00\",\"description\":\"Sie m\u00f6gen gute Lebensmittel, suchen ein sch\u00f6nes Geschenk oder wollen in entspannter Atmosph\u00e4re eine Tasse Kafffee genie\u00dfen? Dann sind Sie bei uns richtig!\",\"breadcrumb\":{\"@id\":\"https:\/\/weltlaeden.de\/mannheim\/#breadcrumb\"},\"inLanguage\":\"de\",\"potentialAction\":[{\"@type\":\"ReadAction\",\"target\":[\"https:\/\/weltlaeden.de\/mannheim\/\"]}]},{\"@type\":\"ImageObject\",\"inLanguage\":\"de\",\"@id\":\"https:\/\/weltlaeden.de\/mannheim\/#primaryimage\",\"url\":\"https:\/\/weltlaeden.de\/mannheim\/wp-content\/uploads\/sites\/36\/2026\/03\/IMG_0769-scaled.jpg\",\"contentUrl\":\"https:\/\/weltlaeden.de\/mannheim\/wp-content\/uploads\/sites\/36\/2026\/03\/IMG_0769-scaled.jpg\",\"width\":2560,\"height\":1920},{\"@type\":\"BreadcrumbList\",\"@id\":\"https:\/\/weltlaeden.de\/mannheim\/#breadcrumb\",\"itemListElement\":[{\"@type\":\"ListItem\",\"position\":1,\"name\":\"Startseite\",\"item\":\"https:\/\/weltlaeden.de\/mannheim\/\"},{\"@type\":\"ListItem\",\"position\":2,\"name\":\"Startseite\"}]},{\"@type\":\"WebSite\",\"@id\":\"https:\/\/weltlaeden.de\/mannheim\/#website\",\"url\":\"https:\/\/weltlaeden.de\/mannheim\/\",\"name\":\"Vorlage\",\"description\":\"Fairer Handel im Quadrat\",\"potentialAction\":[{\"@type\":\"SearchAction\",\"target\":{\"@type\":\"EntryPoint\",\"urlTemplate\":\"https:\/\/weltlaeden.de\/mannheim\/?s={search_term_string}\"},\"query-input\":{\"@type\":\"PropertyValueSpecification\",\"valueRequired\":true,\"valueName\":\"search_term_string\"}}],\"inLanguage\":\"de\"}]}<\/script>\n<!-- \/ Yoast SEO plugin. -->","yoast_head_json":{"title":"Weltladen Mannheim - Fairer Handel im Quadrat","description":"Sie m\u00f6gen gute Lebensmittel, suchen ein sch\u00f6nes Geschenk oder wollen in entspannter Atmosph\u00e4re eine Tasse Kafffee genie\u00dfen? Dann sind Sie bei uns richtig!","robots":{"index":"index","follow":"follow","max-snippet":"max-snippet:-1","max-image-preview":"max-image-preview:large","max-video-preview":"max-video-preview:-1"},"canonical":"https:\/\/weltlaeden.de\/mannheim\/","og_locale":"de_DE","og_type":"article","og_title":"Weltladen Mannheim - Fairer Handel im Quadrat","og_description":"Sie m\u00f6gen gute Lebensmittel, suchen ein sch\u00f6nes Geschenk oder wollen in entspannter Atmosph\u00e4re eine Tasse Kafffee genie\u00dfen? Dann sind Sie bei uns richtig!","og_url":"https:\/\/weltlaeden.de\/mannheim\/","og_site_name":"Weltladen Mannheim","article_modified_time":"2026-03-20T12:45:15+00:00","og_image":[{"width":2560,"height":1920,"url":"https:\/\/weltlaeden.de\/mannheim\/wp-content\/uploads\/sites\/36\/2026\/03\/IMG_0769-scaled.jpg","type":"image\/jpeg"}],"twitter_card":"summary_large_image","twitter_misc":{"Gesch\u00e4tzte Lesezeit":"3\u00a0Minuten"},"schema":{"@context":"https:\/\/schema.org","@graph":[{"@type":"WebPage","@id":"https:\/\/weltlaeden.de\/mannheim\/","url":"https:\/\/weltlaeden.de\/mannheim\/","name":"Weltladen Mannheim - Fairer Handel im Quadrat","isPartOf":{"@id":"https:\/\/weltlaeden.de\/mannheim\/#website"},"primaryImageOfPage":{"@id":"https:\/\/weltlaeden.de\/mannheim\/#primaryimage"},"image":{"@id":"https:\/\/weltlaeden.de\/mannheim\/#primaryimage"},"thumbnailUrl":"https:\/\/weltlaeden.de\/mannheim\/wp-content\/uploads\/sites\/36\/2026\/03\/IMG_0769-300x225.jpg","datePublished":"2018-12-06T08:05:21+00:00","dateModified":"2026-03-20T12:45:15+00:00","description":"Sie m\u00f6gen gute Lebensmittel, suchen ein sch\u00f6nes Geschenk oder wollen in entspannter Atmosph\u00e4re eine Tasse Kafffee genie\u00dfen? Dann sind Sie bei uns richtig!","breadcrumb":{"@id":"https:\/\/weltlaeden.de\/mannheim\/#breadcrumb"},"inLanguage":"de","potentialAction":[{"@type":"ReadAction","target":["https:\/\/weltlaeden.de\/mannheim\/"]}]},{"@type":"ImageObject","inLanguage":"de","@id":"https:\/\/weltlaeden.de\/mannheim\/#primaryimage","url":"https:\/\/weltlaeden.de\/mannheim\/wp-content\/uploads\/sites\/36\/2026\/03\/IMG_0769-scaled.jpg","contentUrl":"https:\/\/weltlaeden.de\/mannheim\/wp-content\/uploads\/sites\/36\/2026\/03\/IMG_0769-scaled.jpg","width":2560,"height":1920},{"@type":"BreadcrumbList","@id":"https:\/\/weltlaeden.de\/mannheim\/#breadcrumb","itemListElement":[{"@type":"ListItem","position":1,"name":"Startseite","item":"https:\/\/weltlaeden.de\/mannheim\/"},{"@type":"ListItem","position":2,"name":"Startseite"}]},{"@type":"WebSite","@id":"https:\/\/weltlaeden.de\/mannheim\/#website","url":"https:\/\/weltlaeden.de\/mannheim\/","name":"Vorlage","description":"Fairer Handel im Quadrat","potentialAction":[{"@type":"SearchAction","target":{"@type":"EntryPoint","urlTemplate":"https:\/\/weltlaeden.de\/mannheim\/?s={search_term_string}"},"query-input":{"@type":"PropertyValueSpecification","valueRequired":true,"valueName":"search_term_string"}}],"inLanguage":"de"}]}},"_links":{"self":[{"href":"https:\/\/weltlaeden.de\/mannheim\/wp-json\/wp\/v2\/pages\/20","targetHints":{"allow":["GET"]}}],"collection":[{"href":"https:\/\/weltlaeden.de\/mannheim\/wp-json\/wp\/v2\/pages"}],"about":[{"href":"https:\/\/weltlaeden.de\/mannheim\/wp-json\/wp\/v2\/types\/page"}],"author":[{"embeddable":true,"href":"https:\/\/weltlaeden.de\/mannheim\/wp-json\/wp\/v2\/users\/1"}],"replies":[{"embeddable":true,"href":"https:\/\/weltlaeden.de\/mannheim\/wp-json\/wp\/v2\/comments?post=20"}],"version-history":[{"count":75,"href":"https:\/\/weltlaeden.de\/mannheim\/wp-json\/wp\/v2\/pages\/20\/revisions"}],"predecessor-version":[{"id":925,"href":"https:\/\/weltlaeden.de\/mannheim\/wp-json\/wp\/v2\/pages\/20\/revisions\/925"}],"wp:attachment":[{"href":"https:\/\/weltlaeden.de\/mannheim\/wp-json\/wp\/v2\/media?parent=20"}],"curies":[{"name":"wp","href":"https:\/\/api.w.org\/{rel}","templated":true}]}}