{"id":456,"date":"2017-05-23T15:46:31","date_gmt":"2017-05-23T13:46:31","guid":{"rendered":"http:\/\/wl.heimpixel.de\/luebeck\/ueber-uns\/das-foej-im-weltladen\/"},"modified":"2024-10-04T15:57:22","modified_gmt":"2024-10-04T13:57:22","slug":"das-foej-im-weltladen","status":"publish","type":"page","link":"https:\/\/weltlaeden.de\/luebeck\/ueber-uns\/das-foej-im-weltladen\/","title":{"rendered":"Das F\u00d6J im Weltladen"},"content":{"rendered":"<div class=\"wpb-content-wrapper\"><p>[vc_row][vc_column][vc_column_text css=&#8220;&#8220;]<\/p>\n<h1 style=\"text-align: center\"><strong>F\u00d6J im Infozentrum Eine Welt und Weltladen L\u00fcbeck<\/strong><\/h1>\n<p>&nbsp;<\/p>\n<p>&nbsp;<\/p>\n<p style=\"text-align: justify\">Die Eine Welt Gruppe L\u00fcbeck bietet allj\u00e4hrlich eine Einsatzstelle f\u00fcr das Freiwillige \u00d6kologische Jahr. Die genaue Einsatzstellenbeschreibung findest Du <a href=\"https:\/\/oeko-jahr.de\/einsatzstelle\/eine-welt-gruppe-luebeck-e-v-infozentrum-eine-welt\/\" target=\"_blank\" rel=\"noopener\"><strong>hier<\/strong><\/a><a href=\"https:\/\/oeko-jahr.de\/einsatzstelle\/eine-welt-gruppe-luebeck-e-v-infozentrum-eine-welt\/\"><strong>.<\/strong><\/a><\/p>\n<p style=\"text-align: justify\">Bewerbungen sind ausschlie\u00dflich an den Tr\u00e4ger des F\u00d6J, das <a href=\"https:\/\/oeko-jahr.de\/\" target=\"_blank\" rel=\"noopener noreferrer\"><strong>evangelische<\/strong><strong class=\"normal\">\u00a0<\/strong><strong>Jugendpfarramt<\/strong><\/a> Koppelsberg, zu schicken. Bewerbungsschluss ist jeweils der Februar des Jahres, in dem Du Dein F\u00d6J beginnen m\u00f6chtest.<\/p>\n<p>[\/vc_column_text][\/vc_column][\/vc_row]<\/p>\n<\/div>","protected":false},"excerpt":{"rendered":"<p>[vc_row][vc_column][vc_column_text css=&#8220;&#8220;] F\u00d6J im Infozentrum Eine Welt und Weltladen L\u00fcbeck &nbsp; &nbsp; Die Eine Welt Gruppe L\u00fcbeck bietet allj\u00e4hrlich eine Einsatzstelle f\u00fcr das Freiwillige \u00d6kologische Jahr. Die genaue Einsatzstellenbeschreibung findest Du hier. Bewerbungen sind ausschlie\u00dflich an den Tr\u00e4ger des F\u00d6J, das evangelische\u00a0Jugendpfarramt Koppelsberg, zu schicken. Bewerbungsschluss ist jeweils der Februar des Jahres, in dem Du&hellip;<\/p>\n","protected":false},"author":36,"featured_media":0,"parent":219,"menu_order":3,"comment_status":"closed","ping_status":"closed","template":"","meta":{"footnotes":""},"class_list":["post-456","page","type-page","status-publish","hentry","description-off"],"_links":{"self":[{"href":"https:\/\/weltlaeden.de\/luebeck\/wp-json\/wp\/v2\/pages\/456","targetHints":{"allow":["GET"]}}],"collection":[{"href":"https:\/\/weltlaeden.de\/luebeck\/wp-json\/wp\/v2\/pages"}],"about":[{"href":"https:\/\/weltlaeden.de\/luebeck\/wp-json\/wp\/v2\/types\/page"}],"author":[{"embeddable":true,"href":"https:\/\/weltlaeden.de\/luebeck\/wp-json\/wp\/v2\/users\/36"}],"replies":[{"embeddable":true,"href":"https:\/\/weltlaeden.de\/luebeck\/wp-json\/wp\/v2\/comments?post=456"}],"version-history":[{"count":39,"href":"https:\/\/weltlaeden.de\/luebeck\/wp-json\/wp\/v2\/pages\/456\/revisions"}],"predecessor-version":[{"id":4540,"href":"https:\/\/weltlaeden.de\/luebeck\/wp-json\/wp\/v2\/pages\/456\/revisions\/4540"}],"up":[{"embeddable":true,"href":"https:\/\/weltlaeden.de\/luebeck\/wp-json\/wp\/v2\/pages\/219"}],"wp:attachment":[{"href":"https:\/\/weltlaeden.de\/luebeck\/wp-json\/wp\/v2\/media?parent=456"}],"curies":[{"name":"wp","href":"https:\/\/api.w.org\/{rel}","templated":true}]}}