{"id":357,"date":"2017-04-30T23:32:43","date_gmt":"2017-04-30T21:32:43","guid":{"rendered":"http:\/\/wl.heimpixel.de\/luebeck\/ueber-uns\/praktikum\/"},"modified":"2024-11-17T18:05:34","modified_gmt":"2024-11-17T17:05:34","slug":"praktikum","status":"publish","type":"page","link":"https:\/\/weltlaeden.de\/luebeck\/ueber-uns\/praktikum\/","title":{"rendered":"Praktikum"},"content":{"rendered":"<div class=\"wpb-content-wrapper\"><p>[vc_row][vc_column][vc_column_text]<\/p>\n<h1 style=\"text-align: center\">Praktikum<\/h1>\n<p style=\"text-align: justify\">Wir bieten Sch\u00fcler*innen die M\u00f6glichkeit, ein mindestens zweiw\u00f6chiges Betriebs- oder Wirtschaftspraktikum bei uns zu machen.<\/p>\n<p style=\"text-align: justify\">Ihr erhaltet Einblicke in den Einkaufs- und Verkaufsbetrieb und arbeitet in allen Bereichen des Ladens mit (u.a. Verkaufen und Kassieren, Wareneingangskontrolle, Regale auff\u00fcllen und reinigen, Kunden beraten). Au\u00dferdem habt Ihr die M\u00f6glichkeit, Euch in speziellen Fortbildungszeiten \u00fcber Themen des Fairen Handels zu informieren.<\/p>\n<p style=\"text-align: justify\">Ein gro\u00dfes ehrenamtlich arbeitendes Team empf\u00e4ngt euch zusammen mit zwei fest angestellten Kr\u00e4ften und einem\/er F\u00d6Jler*in.<\/p>\n<p style=\"text-align: justify\">Wir erwarten Zuverl\u00e4ssigkeit und Selbstst\u00e4ndigkeit, Teamf\u00e4higkeit und Interesse am Thema des Fairen Handels.<\/p>\n<p>&nbsp;<\/p>\n<p style=\"text-align: justify\">Bei Interesse bitte eine Bewerbung mit Lebenslauf und kurzem Motivationsschreiben direkt im Weltladen abgeben oder per E-Mail an <strong><a href=\"mailto:weltladen@eine-welt-luebeck.de\">weltladen@eine-welt-luebeck.de<\/a><\/strong> schicken.<\/p>\n<p>Wir freuen uns auf euch!<\/p>\n<p><strong>Das Weltladenteam<\/strong>[\/vc_column_text][\/vc_column][\/vc_row]<\/p>\n<\/div>","protected":false},"excerpt":{"rendered":"<p>[vc_row][vc_column][vc_column_text] Praktikum Wir bieten Sch\u00fcler*innen die M\u00f6glichkeit, ein mindestens zweiw\u00f6chiges Betriebs- oder Wirtschaftspraktikum bei uns zu machen. Ihr erhaltet Einblicke in den Einkaufs- und Verkaufsbetrieb und arbeitet in allen Bereichen des Ladens mit (u.a. Verkaufen und Kassieren, Wareneingangskontrolle, Regale auff\u00fcllen und reinigen, Kunden beraten). Au\u00dferdem habt Ihr die M\u00f6glichkeit, Euch in speziellen Fortbildungszeiten \u00fcber Themen&hellip;<\/p>\n","protected":false},"author":14,"featured_media":0,"parent":219,"menu_order":4,"comment_status":"closed","ping_status":"closed","template":"template-team.php","meta":{"footnotes":""},"class_list":["post-357","page","type-page","status-publish","hentry","description-off"],"_links":{"self":[{"href":"https:\/\/weltlaeden.de\/luebeck\/wp-json\/wp\/v2\/pages\/357","targetHints":{"allow":["GET"]}}],"collection":[{"href":"https:\/\/weltlaeden.de\/luebeck\/wp-json\/wp\/v2\/pages"}],"about":[{"href":"https:\/\/weltlaeden.de\/luebeck\/wp-json\/wp\/v2\/types\/page"}],"author":[{"embeddable":true,"href":"https:\/\/weltlaeden.de\/luebeck\/wp-json\/wp\/v2\/users\/14"}],"replies":[{"embeddable":true,"href":"https:\/\/weltlaeden.de\/luebeck\/wp-json\/wp\/v2\/comments?post=357"}],"version-history":[{"count":15,"href":"https:\/\/weltlaeden.de\/luebeck\/wp-json\/wp\/v2\/pages\/357\/revisions"}],"predecessor-version":[{"id":4762,"href":"https:\/\/weltlaeden.de\/luebeck\/wp-json\/wp\/v2\/pages\/357\/revisions\/4762"}],"up":[{"embeddable":true,"href":"https:\/\/weltlaeden.de\/luebeck\/wp-json\/wp\/v2\/pages\/219"}],"wp:attachment":[{"href":"https:\/\/weltlaeden.de\/luebeck\/wp-json\/wp\/v2\/media?parent=357"}],"curies":[{"name":"wp","href":"https:\/\/api.w.org\/{rel}","templated":true}]}}