{"id":353,"date":"2017-04-30T23:25:57","date_gmt":"2017-04-30T21:25:57","guid":{"rendered":"http:\/\/wl.heimpixel.de\/luebeck\/ueber-uns\/ehrenamtlich-aktiv-werden\/"},"modified":"2024-11-17T18:03:58","modified_gmt":"2024-11-17T17:03:58","slug":"ehrenamtlich-aktiv-werden","status":"publish","type":"page","link":"https:\/\/weltlaeden.de\/luebeck\/ueber-uns\/ehrenamtlich-aktiv-werden\/","title":{"rendered":"Ehrenamtlich aktiv werden"},"content":{"rendered":"<div class=\"wpb-content-wrapper\"><p>[vc_row][vc_column]<style type=\"text\/css\" data-type=\"the7_shortcodes-inline-css\">.dt-breadcrumbs-id-a5fa9a75788848dea54239d1d5c788e4 .breadcrumbs {\n  display: inline-block;\n  margin: 0;\n  padding: 2px 10px 2px 10px;\n  border: 0px solid ;\n  border-radius: 0px;\n}\n.dt-breadcrumbs-id-a5fa9a75788848dea54239d1d5c788e4 .breadcrumbs * {\n  color: #a2a5a6;\n}<\/style><div class=\"dt-breadcrumbs-shortcode dt-breadcrumbs-id-a5fa9a75788848dea54239d1d5c788e4 align-left\"><div class=\"assistive-text\">Sie befinden sich hier:<\/div><ol class=\"breadcrumbs text-small\" itemscope itemtype=\"https:\/\/schema.org\/BreadcrumbList\"><li itemprop=\"itemListElement\" itemscope itemtype=\"https:\/\/schema.org\/ListItem\"><a itemprop=\"item\" href=\"https:\/\/weltlaeden.de\/luebeck\/\" title=\"Start\"><span itemprop=\"name\">Start<\/span><\/a><meta itemprop=\"position\" content=\"1\" \/><\/li><li class=\"current\" itemprop=\"itemListElement\" itemscope itemtype=\"https:\/\/schema.org\/ListItem\"><span itemprop=\"name\">Seite<\/span><meta itemprop=\"position\" content=\"2\" \/><\/li><\/ol><\/div>[\/vc_column][\/vc_row][vc_row][vc_column][vc_column_text]<\/p>\n<h1 style=\"text-align: center\"><strong>Wir suchen ehrenamtliche Mitarbeiterinnen und Mitarbeiter<\/strong><\/h1>\n<p>[\/vc_column_text][\/vc_column][\/vc_row][vc_row][vc_column width=&#8220;1\/2&#8243;][vc_column_text css=&#8220;&#8220;]<\/p>\n<div>\n<p>&nbsp;<\/p>\n<p><strong>Die Aufgaben im Weltladen L\u00fcbeck<br \/>\nsind sehr vielseitig:<\/strong><\/p>\n<ul>\n<li>Verkauf von Waren<\/li>\n<li>Waren auspacken und einsortieren<\/li>\n<li>M\u00f6gliche Computerprobleme beheben<\/li>\n<li>Bildungseinheiten durchf\u00fchren<\/li>\n<li>Spa\u00df haben und sich einbringen<\/li>\n<\/ul>\n<\/div>\n<p>[\/vc_column_text][\/vc_column][vc_column width=&#8220;1\/2&#8243;][vc_column_text css=&#8220;&#8220;]<\/p>\n<div>\n<p>&nbsp;<\/p>\n<p><strong>Wie funktioniert das<br \/>\nehrenamtliche Arbeiten bei uns?<\/strong><\/p>\n<ul>\n<li>in der Regel ein zwei- oder vierst\u00fcndiger Ladendienst in der Woche<\/li>\n<li>Zwei Monate lange Einarbeitungsphase<\/li>\n<li>regelm\u00e4\u00dfige Teamtreffen und wundersch\u00f6ne Ausfl\u00fcge und Feste<\/li>\n<li>Urlaube oder Ausf\u00e4lle wegen anderer Verpflichtungen sind selbstverst\u00e4ndlich jederzeit m\u00f6glich<\/li>\n<\/ul>\n<\/div>\n<p>[\/vc_column_text][\/vc_column][\/vc_row][vc_row][vc_column]<div class=\"wl_einzelbild\"><p><img loading=\"lazy\" decoding=\"async\" class=\"size-medium wp-image-4385 aligncenter\" src=\"https:\/\/weltlaeden.de\/luebeck\/wp-content\/uploads\/sites\/20\/2023\/03\/WL_Luebeck_orange_MK-300x133.png\" alt=\"\" width=\"300\" height=\"133\" srcset=\"https:\/\/weltlaeden.de\/luebeck\/wp-content\/uploads\/sites\/20\/2023\/03\/WL_Luebeck_orange_MK-300x133.png 300w, https:\/\/weltlaeden.de\/luebeck\/wp-content\/uploads\/sites\/20\/2023\/03\/WL_Luebeck_orange_MK-1024x455.png 1024w, https:\/\/weltlaeden.de\/luebeck\/wp-content\/uploads\/sites\/20\/2023\/03\/WL_Luebeck_orange_MK-768x341.png 768w, https:\/\/weltlaeden.de\/luebeck\/wp-content\/uploads\/sites\/20\/2023\/03\/WL_Luebeck_orange_MK-1536x683.png 1536w, https:\/\/weltlaeden.de\/luebeck\/wp-content\/uploads\/sites\/20\/2023\/03\/WL_Luebeck_orange_MK.png 2009w\" sizes=\"auto, (max-width: 300px) 100vw, 300px\" \/><\/p><\/div>[\/vc_column][\/vc_row][vc_row][vc_column width=&#8220;1\/2&#8243;][vc_column_text]<\/p>\n<div>\n<p>&nbsp;<\/p>\n<p><strong>Warum gerade im Weltladen arbeiten?<\/strong><\/p>\n<p style=\"text-align: justify\">Weltl\u00e4den sind in Deutschland die erste Anlaufstelle, wenn es um fair gehandelte Ware geht. Mithilfe des Fairen Handels bekommen Produzent*innen in den s\u00fcdlichen L\u00e4ndern u.a. langfristig gesicherte Mindesteinkommen, zinslose Vorfinanzierungen und partnerschaftliche Zusammenarbeit auf Augenh\u00f6he.<\/p>\n<p style=\"text-align: justify\">Das Konzept der Weltl\u00e4den und die Preiskalkulation im Warenverkauf basiert seit der Gr\u00fcndung in den 70er Jahren auf dem Prinzip der ehrenamtlichen Mitarbeit.<\/p>\n<p style=\"text-align: justify\">Also, indem Ihr hier mitarbeitet, geht es den Produzent*innen im globalen S\u00fcden dauerhaft besser!<\/p>\n<\/div>\n<p>[\/vc_column_text][\/vc_column][vc_column width=&#8220;1\/2&#8243;][vc_column_text]<\/p>\n<div class=\"mceItemVisualAid mceItemLayer\">\n<p>&nbsp;<\/p>\n<p><strong>Wer erwartet Dich?<\/strong><\/p>\n<ul>\n<li>ca. 35 engagierte ehrenamtliche Mitarbeiter*innen<\/li>\n<li>2 Festangestellte<\/li>\n<li>1 F\u00d6Jler*in<\/li>\n<\/ul>\n<\/div>\n<p>[\/vc_column_text][vc_column_text css=&#8220;&#8220;]<strong>Wie nimmst Du zu uns Kontakt auf?<\/strong><\/p>\n<ul>\n<li>Direkt im Weltladen in der<br \/>\nH\u00fcxstr. 83-85<\/li>\n<li>Tel: 0451\/ 2963181<\/li>\n<li>Per E-Mail an:<br \/>\n<a href=\"mailto:%20weltladen@eine-welt-luebeck.de\">weltladen@eine-welt-luebeck.de<\/a><\/li>\n<\/ul>\n<p>[\/vc_column_text][\/vc_column][\/vc_row][vc_row][vc_column][vc_column_text css=&#8220;.vc_custom_1646321398927{background-position: center !important;background-repeat: no-repeat !important;background-size: contain !important;}&#8220;]<strong>Wir bieten<\/strong> ein nettes Team aus Engagierten mit vielf\u00e4ltigen M\u00f6glichkeiten, sich selbst einzubringen. Eine Gemeinschaft, die Dich herzlich aufnimmt, einarbeitet und bei Fragen zur Verf\u00fcgung steht.<\/p>\n<p>[\/vc_column_text][\/vc_column][\/vc_row][vc_row][vc_column][vc_column_text]<\/p>\n<p style=\"text-align: center;font-size: large;color: #f18a01\"><strong>Wir freuen uns auf Dich!<\/strong><\/p>\n<p>[\/vc_column_text][\/vc_column][\/vc_row][vc_row][vc_column][\/vc_column][\/vc_row][vc_row][vc_column][\/vc_column][\/vc_row]<\/p>\n<\/div>","protected":false},"excerpt":{"rendered":"<p>[vc_row][vc_column][\/vc_column][\/vc_row][vc_row][vc_column][vc_column_text] Wir suchen ehrenamtliche Mitarbeiterinnen und Mitarbeiter [\/vc_column_text][\/vc_column][\/vc_row][vc_row][vc_column width=&#8220;1\/2&#8243;][vc_column_text css=&#8220;&#8220;] &nbsp; Die Aufgaben im Weltladen L\u00fcbeck sind sehr vielseitig: Verkauf von Waren Waren auspacken und einsortieren M\u00f6gliche Computerprobleme beheben Bildungseinheiten durchf\u00fchren Spa\u00df haben und sich einbringen [\/vc_column_text][\/vc_column][vc_column width=&#8220;1\/2&#8243;][vc_column_text css=&#8220;&#8220;] &nbsp; Wie funktioniert das ehrenamtliche Arbeiten bei uns? in der Regel ein zwei- oder vierst\u00fcndiger Ladendienst&hellip;<\/p>\n","protected":false},"author":14,"featured_media":0,"parent":219,"menu_order":2,"comment_status":"closed","ping_status":"closed","template":"","meta":{"footnotes":""},"class_list":["post-353","page","type-page","status-publish","hentry","description-off"],"_links":{"self":[{"href":"https:\/\/weltlaeden.de\/luebeck\/wp-json\/wp\/v2\/pages\/353","targetHints":{"allow":["GET"]}}],"collection":[{"href":"https:\/\/weltlaeden.de\/luebeck\/wp-json\/wp\/v2\/pages"}],"about":[{"href":"https:\/\/weltlaeden.de\/luebeck\/wp-json\/wp\/v2\/types\/page"}],"author":[{"embeddable":true,"href":"https:\/\/weltlaeden.de\/luebeck\/wp-json\/wp\/v2\/users\/14"}],"replies":[{"embeddable":true,"href":"https:\/\/weltlaeden.de\/luebeck\/wp-json\/wp\/v2\/comments?post=353"}],"version-history":[{"count":32,"href":"https:\/\/weltlaeden.de\/luebeck\/wp-json\/wp\/v2\/pages\/353\/revisions"}],"predecessor-version":[{"id":4761,"href":"https:\/\/weltlaeden.de\/luebeck\/wp-json\/wp\/v2\/pages\/353\/revisions\/4761"}],"up":[{"embeddable":true,"href":"https:\/\/weltlaeden.de\/luebeck\/wp-json\/wp\/v2\/pages\/219"}],"wp:attachment":[{"href":"https:\/\/weltlaeden.de\/luebeck\/wp-json\/wp\/v2\/media?parent=353"}],"curies":[{"name":"wp","href":"https:\/\/api.w.org\/{rel}","templated":true}]}}