{"id":2209,"date":"2019-08-03T13:18:43","date_gmt":"2019-08-03T11:18:43","guid":{"rendered":"https:\/\/weltlaeden.de\/luebeck\/?page_id=2209"},"modified":"2024-11-16T12:41:40","modified_gmt":"2024-11-16T11:41:40","slug":"seifen-aus-dem-regenwald","status":"publish","type":"page","link":"https:\/\/weltlaeden.de\/luebeck\/produkte\/seifen-aus-dem-regenwald\/","title":{"rendered":"Seifen aus dem Regenwald"},"content":{"rendered":"<div class=\"wpb-content-wrapper\"><p>[vc_row][vc_column][vc_column_text]<\/p>\n<h1 style=\"text-align: center\"><span style=\"color: #000000\"><strong>Wohlf\u00fchl- und Pflegeseifen aus den Regenw\u00e4ldern am Amazonas<\/strong><\/span><\/h1>\n<p>[\/vc_column_text][vc_accordion][vc_accordion_tab title=&#8220;&#8220;][vc_column_text]<\/p>\n<h2 style=\"text-align: center\"><span style=\"color: #000000\"><strong>Entdecken Sie die \u201eSch\u00e4tze Amazoniens\u201c !<\/strong><\/span><\/h2>\n<p style=\"text-align: justify\">Ein Gro\u00dfteil der <strong>kosmetischen und medizinischen Sch\u00e4tze Amazoniens<\/strong> verbirgt sich <strong>in den Fr\u00fcchten<\/strong> <strong>und Samen<\/strong> der unermesslichen Pflanzenvielfalt. \u00a0Von traditionellen Waldbewohnern waldschonend gesammelt, sind sie die <strong>Grundlage f\u00fcr die Produktlinie SEMENTES<\/strong> und gleichzeitig eine wichtige <strong>Einnahmequelle<\/strong> f\u00fcr die Menschen.<\/p>\n<p>[\/vc_column_text][\/vc_accordion_tab][vc_accordion_tab title=&#8220;weiter lesen&#8220;][vc_column_text]<\/p>\n<h2 style=\"text-align: center\"><strong><span style=\"color: #ff0000\">Entdecken Sie die \u201eSch\u00e4tze Amazoniens\u201c !<\/span><\/strong><\/h2>\n<p>Ein Gro\u00dfteil der <strong>kosmetischen und medizinischen Sch\u00e4tze Amazoniens<\/strong> verbirgt sich <strong>in den Fr\u00fcchten<\/strong> <strong>und Samen<\/strong> der unermesslichen Pflanzenvielfalt. \u00a0Von traditionellen Waldbewohnern waldschonend gesammelt, sind sie die <strong>Grundlage f\u00fcr die Produktlinie SEMENTES<\/strong> und gleichzeitig eine wichtige <strong>Einnahmequelle<\/strong> f\u00fcr die Menschen.<\/p>\n<p><img loading=\"lazy\" decoding=\"async\" class=\"size-medium wp-image-2300 aligncenter\" src=\"https:\/\/weltlaeden.de\/luebeck\/wp-content\/uploads\/sites\/20\/2019\/08\/Sementes-Seife-300x300.jpg\" alt=\"\" width=\"300\" height=\"300\" \/>Die Rohstoffe stammen zum gro\u00dfen Teil <strong>aus Wildsammlungen<\/strong> von der Insel Marajo und <strong>aus kleinen<\/strong> <strong>Agroforstfl\u00e4chen<\/strong> kleiner Produzent*innen im Bundestaat Rondonia\/ <strong>Brasilien.<\/strong><\/p>\n<p>Auf Marajo arbeiten <strong>8 Dorfgemeinschaften mit ca. 2000 Familien<\/strong> f\u00fcr die SEMENTES-Produkte: \u00a0sie sammeln einen Gro\u00dfteil der Rohstoffe f\u00fcr die Haut- und K\u00f6rperpflegeprodukte. Wichtig ist, dass sie durch den Fairen Handel eine <strong>Abnahmegarantie<\/strong> haben und sich so ein <strong>Einkommen<\/strong> erwirtschaften, auf das sie sich verlassen k\u00f6nnen!<\/p>\n<p>Die <strong>Weiterverarbeitung erfolgt durch eine kleine Firma,<\/strong> gegr. Von 3 Chemiestudenten von der Uni Para. Sie wurden mehrfach f\u00fcr ihren Einsatz auf dem Gebiet der <strong>nachhaltigen Entwicklung<\/strong> ausgezeichnet! So werden in der Stadt weiter Arbeitspl\u00e4tze geschaffen.<\/p>\n<p><span style=\"color: #00ff00\"><strong>Dies alles tr\u00e4gt dazu bei, den \u00e4u\u00dferen Druck auf die W\u00e4lder zu reduzieren!<\/strong><\/span>[\/vc_column_text][\/vc_accordion_tab][\/vc_accordion][vc_empty_space][\/vc_column][\/vc_row][vc_row][vc_column width=&#8220;1\/2&#8243;][vc_column_text]<img loading=\"lazy\" decoding=\"async\" class=\"wp-image-2219 size-medium aligncenter\" src=\"https:\/\/weltlaeden.de\/luebeck\/wp-content\/uploads\/sites\/20\/2019\/08\/Andirobasamen-300x190.jpg\" alt=\"\" width=\"300\" height=\"190\" \/><\/p>\n<p style=\"text-align: center\"><strong><em>Die gesammelten Andirobasamen werden in S\u00e4cke verpackt <\/em><\/strong><\/p>\n<p>[\/vc_column_text][\/vc_column][vc_column width=&#8220;1\/2&#8243;][vc_column_text]<img loading=\"lazy\" decoding=\"async\" class=\"wp-image-2217 size-medium aligncenter\" src=\"https:\/\/weltlaeden.de\/luebeck\/wp-content\/uploads\/sites\/20\/2019\/08\/an-der-Waage-300x190.jpg\" alt=\"\" width=\"300\" height=\"190\" \/><\/p>\n<p style=\"text-align: center\"><strong><em>Die Andirosamens\u00e4cke werden gewogen<br \/>\n<\/em><\/strong><\/p>\n<p>[\/vc_column_text][\/vc_column][\/vc_row][vc_row][vc_column][vc_column_text][\/vc_column_text][\/vc_column][\/vc_row][vc_row][vc_column width=&#8220;1\/2&#8243;][vc_column_text]<img loading=\"lazy\" decoding=\"async\" class=\"wp-image-2216 size-medium aligncenter\" src=\"https:\/\/weltlaeden.de\/luebeck\/wp-content\/uploads\/sites\/20\/2019\/08\/H\u00fctte-einer-Sammlerfamilie-300x190.jpg\" alt=\"\" width=\"300\" height=\"190\" \/><\/p>\n<p style=\"text-align: center\"><strong><em>H\u00fctte einer Sammlerfamilie<\/em><\/strong><\/p>\n<p>[\/vc_column_text][\/vc_column][vc_column width=&#8220;1\/2&#8243;][vc_column_text]<img loading=\"lazy\" decoding=\"async\" class=\"wp-image-2218 size-medium aligncenter\" src=\"https:\/\/weltlaeden.de\/luebeck\/wp-content\/uploads\/sites\/20\/2019\/08\/Kinder-300x190.jpg\" alt=\"\" width=\"300\" height=\"190\" \/><\/p>\n<p style=\"text-align: center\"><strong><em>Zwei von Sechs Kindern der Sammler<\/em><\/strong><\/p>\n<p>[\/vc_column_text][\/vc_column][\/vc_row][vc_row][vc_column][vc_empty_space][vc_column_text css=&#8220;&#8220;]<\/p>\n<p style=\"text-align: justify\">In liebevoller <strong>Handarbeit <\/strong>werden die kaltgepressten Samen- und Frucht\u00f6le mit weiteren nat\u00fcrlichen Inhaltsstoffen zu wunderbar pflegenden, r\u00fcckfettenden Seifen aus der SEMENTES-Reihe verarbeitet.<\/p>\n<h3 style=\"text-align: center\"><strong>Folgende Seifen haben wir im Weltladen im Sortiment:<\/strong><\/h3>\n<p><strong>Haarseife: <\/strong>Unser absoluter Bestseller! Eine Wohltat f\u00fcr Haare und Kopfhaut.<\/p>\n<p><strong>Peelingseife: <\/strong>Fruchtschalenst\u00fccke der Buriti-Frucht sorgen f\u00fcr eine gute Durchblutung der Haut.<\/p>\n<p><strong>Rasierseife: <\/strong>sorgt mit Hilfe von Regenwald\u00f6l und Heilerde f\u00fcr eine hautschonende, pflegende Rasur.<\/p>\n<p><strong>Drachenblutseife:<\/strong> ist besonders f\u00fcr empfindliche Haut geeignet.<\/p>\n<p><strong>Gesichtspflegeseife:<\/strong> mit hohem Anteil an Cupuacubutter und Paranuss\u00f6l.<\/p>\n<p><strong>Massageseife Andiroba:<\/strong> pflegende Seife, umh\u00fcllt von getrockneter Luffagurke, die die Hautporen sant reinigt.<\/p>\n<p style=\"padding-left: 30px\"><span style=\"color: #ff6600\"><strong>Ihr Einkauf ist aktiver Regenwaldschutz!<\/strong><\/span><\/p>\n<p>[\/vc_column_text][\/vc_column][\/vc_row]<\/p>\n<\/div>","protected":false},"excerpt":{"rendered":"<p>[vc_row][vc_column][vc_column_text] Wohlf\u00fchl- und Pflegeseifen aus den Regenw\u00e4ldern am Amazonas [\/vc_column_text][vc_accordion][vc_accordion_tab title=&#8220;&#8220;][vc_column_text] Entdecken Sie die \u201eSch\u00e4tze Amazoniens\u201c ! Ein Gro\u00dfteil der kosmetischen und medizinischen Sch\u00e4tze Amazoniens verbirgt sich in den Fr\u00fcchten und Samen der unermesslichen Pflanzenvielfalt. \u00a0Von traditionellen Waldbewohnern waldschonend gesammelt, sind sie die Grundlage f\u00fcr die Produktlinie SEMENTES und gleichzeitig eine wichtige Einnahmequelle f\u00fcr die&hellip;<\/p>\n","protected":false},"author":33,"featured_media":0,"parent":217,"menu_order":0,"comment_status":"closed","ping_status":"closed","template":"","meta":{"footnotes":""},"class_list":["post-2209","page","type-page","status-publish","hentry","description-off"],"_links":{"self":[{"href":"https:\/\/weltlaeden.de\/luebeck\/wp-json\/wp\/v2\/pages\/2209","targetHints":{"allow":["GET"]}}],"collection":[{"href":"https:\/\/weltlaeden.de\/luebeck\/wp-json\/wp\/v2\/pages"}],"about":[{"href":"https:\/\/weltlaeden.de\/luebeck\/wp-json\/wp\/v2\/types\/page"}],"author":[{"embeddable":true,"href":"https:\/\/weltlaeden.de\/luebeck\/wp-json\/wp\/v2\/users\/33"}],"replies":[{"embeddable":true,"href":"https:\/\/weltlaeden.de\/luebeck\/wp-json\/wp\/v2\/comments?post=2209"}],"version-history":[{"count":46,"href":"https:\/\/weltlaeden.de\/luebeck\/wp-json\/wp\/v2\/pages\/2209\/revisions"}],"predecessor-version":[{"id":4698,"href":"https:\/\/weltlaeden.de\/luebeck\/wp-json\/wp\/v2\/pages\/2209\/revisions\/4698"}],"up":[{"embeddable":true,"href":"https:\/\/weltlaeden.de\/luebeck\/wp-json\/wp\/v2\/pages\/217"}],"wp:attachment":[{"href":"https:\/\/weltlaeden.de\/luebeck\/wp-json\/wp\/v2\/media?parent=2209"}],"curies":[{"name":"wp","href":"https:\/\/api.w.org\/{rel}","templated":true}]}}