{"id":219,"date":"2016-10-28T13:34:47","date_gmt":"2016-10-28T11:34:47","guid":{"rendered":"https:\/\/wl.heimpixel.de\/luebeck\/ueber-uns\/"},"modified":"2024-11-17T17:56:04","modified_gmt":"2024-11-17T16:56:04","slug":"ueber-uns","status":"publish","type":"page","link":"https:\/\/weltlaeden.de\/luebeck\/ueber-uns\/","title":{"rendered":"\u00dcber uns"},"content":{"rendered":"<div class=\"wpb-content-wrapper\"><p>[vc_row][vc_column width=&#8220;1\/2&#8243;][vc_single_image image=&#8220;4573&#8243; img_size=&#8220;full&#8220; css=&#8220;&#8220;][\/vc_column][vc_column width=&#8220;1\/2&#8243;][vc_single_image image=&#8220;837&#8243; img_size=&#8220;large&#8220;][\/vc_column][\/vc_row][vc_row][vc_column][vc_empty_space][vc_column_text]<\/p>\n<h1 style=\"text-align: center\"><strong>\u00dcber den Weltladen L\u00fcbeck<\/strong><\/h1>\n<p>[\/vc_column_text][vc_column_text css=&#8220;&#8220;]<\/p>\n<div>\n<p>Der Weltladen L\u00fcbeck wurde im November 1984 gegr\u00fcndet und befindet sich seit April 2007 in der H\u00fcxstra\u00dfe, die als die sch\u00f6nste Einkaufsstra\u00dfe der Stadt gilt. Auf 140 qm Ladenfl\u00e4che sind Kunsthandwerk und Lebensmittel in st\u00e4ndig wechselndem Sortiment pr\u00e4sentiert. Ungef\u00e4hr <strong>35 Mitarbeiter*innen<\/strong> engagieren sich ehrenamtlich im <strong>Ladenteam<\/strong>, zwei hauptamtliche Kr\u00e4fte organisieren den Einkauf und das Mitarbeitertraining.<\/p>\n<p>Wir sind Mitglied im Weltladen Dachverband und ein Fachgesch\u00e4ft f\u00fcr Fairen Handel, das die W\u00fcrde der Produzenten widerspiegelt. Es geht uns darum, immer wieder neue Zielgruppen anzusprechen, damit der Faire Handel einen immer gr\u00f6\u00dferen Anteil am Welthandel gewinnt. Wir danken allen unseren Stammkund*innen, die uns schon seit Jahrzehnten die Treue halten, und wir freuen uns \u00fcber jede*n, der\/die zum ersten Mal in den Laden schaut und auf Entdeckungsreise geht.<\/p>\n<\/div>\n<div>\n<p>Au\u00dferdem machen wir eine vielf\u00e4ltige Bildungs- und \u00d6ffentlichkeitsarbeit. Auf dieser Homepage finden Sie alle diesbez\u00fcglichen Themen und Termine.<\/p>\n<p class=\"gross\">Bis demn\u00e4chst, wir freuen uns auf Sie!<\/p>\n<p class=\"gross\"><strong>Das Weltladenteam<\/strong><\/p>\n<\/div>\n<p>[\/vc_column_text][\/vc_column][\/vc_row][vc_row][vc_column][vc_empty_space][\/vc_column][\/vc_row]<\/p>\n<\/div>","protected":false},"excerpt":{"rendered":"<p>[vc_row][vc_column width=&#8220;1\/2&#8243;][vc_single_image image=&#8220;4573&#8243; img_size=&#8220;full&#8220; css=&#8220;&#8220;][\/vc_column][vc_column width=&#8220;1\/2&#8243;][vc_single_image image=&#8220;837&#8243; img_size=&#8220;large&#8220;][\/vc_column][\/vc_row][vc_row][vc_column][vc_empty_space][vc_column_text] \u00dcber den Weltladen L\u00fcbeck [\/vc_column_text][vc_column_text css=&#8220;&#8220;] Der Weltladen L\u00fcbeck wurde im November 1984 gegr\u00fcndet und befindet sich seit April 2007 in der H\u00fcxstra\u00dfe, die als die sch\u00f6nste Einkaufsstra\u00dfe der Stadt gilt. Auf 140 qm Ladenfl\u00e4che sind Kunsthandwerk und Lebensmittel in st\u00e4ndig wechselndem Sortiment pr\u00e4sentiert. Ungef\u00e4hr 35 Mitarbeiter*innen&hellip;<\/p>\n","protected":false},"author":1,"featured_media":0,"parent":0,"menu_order":10,"comment_status":"closed","ping_status":"closed","template":"","meta":{"footnotes":""},"class_list":["post-219","page","type-page","status-publish","hentry","description-off"],"_links":{"self":[{"href":"https:\/\/weltlaeden.de\/luebeck\/wp-json\/wp\/v2\/pages\/219","targetHints":{"allow":["GET"]}}],"collection":[{"href":"https:\/\/weltlaeden.de\/luebeck\/wp-json\/wp\/v2\/pages"}],"about":[{"href":"https:\/\/weltlaeden.de\/luebeck\/wp-json\/wp\/v2\/types\/page"}],"author":[{"embeddable":true,"href":"https:\/\/weltlaeden.de\/luebeck\/wp-json\/wp\/v2\/users\/1"}],"replies":[{"embeddable":true,"href":"https:\/\/weltlaeden.de\/luebeck\/wp-json\/wp\/v2\/comments?post=219"}],"version-history":[{"count":25,"href":"https:\/\/weltlaeden.de\/luebeck\/wp-json\/wp\/v2\/pages\/219\/revisions"}],"predecessor-version":[{"id":4759,"href":"https:\/\/weltlaeden.de\/luebeck\/wp-json\/wp\/v2\/pages\/219\/revisions\/4759"}],"wp:attachment":[{"href":"https:\/\/weltlaeden.de\/luebeck\/wp-json\/wp\/v2\/media?parent=219"}],"curies":[{"name":"wp","href":"https:\/\/api.w.org\/{rel}","templated":true}]}}