{"id":1224,"date":"2018-03-30T00:20:25","date_gmt":"2018-03-29T22:20:11","guid":{"rendered":"https:\/\/weltlaeden.de\/luebeck\/?page_id=1224"},"modified":"2026-03-31T16:56:27","modified_gmt":"2026-03-31T14:56:27","slug":"startseite","status":"publish","type":"page","link":"https:\/\/weltlaeden.de\/luebeck\/","title":{"rendered":"Startseite"},"content":{"rendered":"<div class=\"wpb-content-wrapper\"><p>[vc_row][vc_column]<style type=\"text\/css\" data-type=\"the7_shortcodes-inline-css\">.dt-breadcrumbs-id-a5fa9a75788848dea54239d1d5c788e4 .breadcrumbs {\n  display: inline-block;\n  margin: 0;\n  padding: 2px 10px 2px 10px;\n  border: 0px solid ;\n  border-radius: 0px;\n}\n.dt-breadcrumbs-id-a5fa9a75788848dea54239d1d5c788e4 .breadcrumbs * {\n  color: #a2a5a6;\n}<\/style><div class=\"dt-breadcrumbs-shortcode dt-breadcrumbs-id-a5fa9a75788848dea54239d1d5c788e4 align-left\"><div class=\"assistive-text\">Sie befinden sich hier:<\/div><ol class=\"breadcrumbs text-small\" itemscope itemtype=\"https:\/\/schema.org\/BreadcrumbList\"><li itemprop=\"itemListElement\" itemscope itemtype=\"https:\/\/schema.org\/ListItem\"><a itemprop=\"item\" href=\"https:\/\/weltlaeden.de\/luebeck\/\" title=\"Start\"><span itemprop=\"name\">Start<\/span><\/a><meta itemprop=\"position\" content=\"1\" \/><\/li><li class=\"current\" itemprop=\"itemListElement\" itemscope itemtype=\"https:\/\/schema.org\/ListItem\"><span itemprop=\"name\">Seite<\/span><meta itemprop=\"position\" content=\"2\" \/><\/li><\/ol><\/div>[vc_column_text css=&#8220;&#8220;]<\/p>\n<h1 style=\"text-align: center\"><strong>Herzlich willkommen im Weltladen L\u00fcbeck<br \/>\n<\/strong><\/h1>\n<p>[\/vc_column_text][\/vc_column][\/vc_row][vc_row][vc_column width=&#8220;1\/4&#8243;][vc_column_text][\/vc_column_text][\/vc_column][vc_column width=&#8220;1\/2&#8243;]<!-- This slideshow output is generated with Advanced post slider a multipurpose responsive WordPress slideshow plugin - http:\/\/www.wpcue.com\/wordpress-plugins\/advanced-post-slider\/ -->\r\n<style>\r\n#advps_container2 .bx-wrapper .bx-viewport {\r\n\t\tbackground:#FFFFFF;\r\n}\r\n#advps_container2 .bx-wrapper .bx-pager{\r\n\ttext-align: right;\r\n\tpadding-right:5px;\r\n}\r\n#advps_container2 .bx-wrapper .bx-pager\r\n{\r\n\tbottom:-35px;\r\n\tz-index:999;\r\n}\r\n#advps_container2 .bx-wrapper .bx-controls-auto\r\n{\r\n\tbottom:6px;\r\n}\r\n#advps_container2 .bx-wrapper .bx-controls.bx-has-controls-auto.bx-has-pager .bx-pager {\r\n\ttext-align: right;\r\n}\r\n#advps_container2 .bx-wrapper .bx-controls-auto {\r\n\tz-index:99999;\r\n\ttext-align:center;width:100%;}\r\n\r\n#advps_container2 .bx-wrapper .bx-pager.bx-default-pager a {\r\n\tbackground: #666;\r\n\ttext-indent: -9999px;\r\n\tdisplay: block;\r\n\twidth: 10px;\r\n\theight: 10px;\r\n\tmargin: 0 5px;\r\n\toutline: 0;\r\n\t-moz-border-radius: 5px;\r\n\t-webkit-border-radius: 5px;\r\n\tborder-radius: 5px;\r\n\ttext-align:left;\r\n}\r\n#advps_container2 .bx-wrapper .bx-pager.bx-default-pager a:hover,\r\n#advps_container2 .bx-wrapper .bx-pager.bx-default-pager a.active {\r\n\tbackground: #000;\r\n}\r\n\r\n\/* thumbnail pager*\/\r\n#advps_container2 #bx-pager\r\n{\r\n\twidth:100%;\r\n\tposition:absolute;\r\n\tbottom:-35px;\r\n    text-align: right;\r\n\tz-index: 9999;\r\n}\r\n#advps_container2 #bx-pager a img\r\n{\r\n\tborder: 1px solid #CCCCCC;\r\n    padding: 3px;\r\n}\r\n#advps_container2 #bx-pager a:hover img, #advps_container2 #bx-pager a.active img\r\n{\r\n\tborder: 1px solid #666666;\r\n}\r\n\/* medai queries *\/\r\n#advps_container2 .advs-title,#advps_container2 .advs-title a\r\n{\r\n\tfont-size:20px;\r\n\tline-height:20px;\r\n}\r\n#advps_container2 .advps-slide p\r\n{\r\n\tfont-size:14px;\r\n\tline-height:14px;\r\n}\r\n@media screen and (max-width: 1024px){\r\n\t#advps_container2 .advs-title,#advps_container2 .advs-title a\r\n\t{\r\n\t\tfont-size:18px;\r\n\t\tline-height:18px;\r\n\t}\r\n\t#advps_container2 .advps-slide p\r\n\t{\r\n\t\tfont-size:12px;\r\n\t\tline-height:12px;\r\n\t}\r\n}\r\n@media screen and (max-width: 768px){\r\n\t#advps_container2 h2.advs-title, #advps_container2 h2.advs-title a\r\n\t{\r\n\t\tfont-size:16px;\r\n\t\tline-height:16px;\r\n\t}\r\n\t#advps_container2 .advps-slide p\r\n\t{\r\n\t\tfont-size:12px;\r\n\t\tline-height:12px;\r\n\t}\r\n}\r\n@media screen and (max-width: 650px){\r\n\t#advps_container2 h2.advs-title, #advps_container2 h2.advs-title a\r\n\t{\r\n\t\tfont-size:15px;\r\n\t\tline-height:15px;\r\n\t}\r\n\t#advps_container2 .advps-slide p\r\n\t{\r\n\t\tfont-size:12px;\r\n\t\tline-height:12px;\r\n\t}\r\n}\r\n@media screen and (max-width: 480px){\r\n\t#advps_container2 h2.advs-title, #advps_container2 h2.advs-title a\r\n\t{\r\n\t\tfont-size:15px;\r\n\t\tline-height:15px;\r\n\t}\r\n\t#advps_container2 .advps-slide p\r\n\t{\r\n\t\tfont-size:12px;\r\n\t\tline-height:12px;\r\n\t}\r\n}\r\n@media screen and (max-width: 320px){\r\n\t#advps_container2 h2.advs-title, #advps_container2 h2.advs-title a\r\n\t{\r\n\t\tfont-size:15px;\r\n\t\tline-height:15px;\r\n\t}\r\n\t#advps_container2 .advps-slide p\r\n\t{\r\n\t\tfont-size:12px;\r\n\t\tline-height:12px;\r\n\t}\r\n}\r\n<\/style>\r\n<script type=\"text\/javascript\">\r\n\t\tjQuery(document).ready(function($){\r\n\t\t\t$('#advpsslideshow_2').bxSlider({\r\n\t\t\t\tuseCSS:1,\r\n\t\t\t\tslideMargin: 0,\r\n\t\t\t\tspeed: 2000,\t\t\t\t\r\n\t\t\t\t\t\t\t\tmode: 'fade',\r\n\t\t\t\t\t\t\t\t\t\t\t\tauto: 1,\r\n\t\t\t\tautoHover: 1,\r\n\t\t\t\tpause: 3000,\r\n\t\t\t\teasing: 'linear',\r\n\t\t\t\tcontrols: 0,\r\n\t\t\t\tpager: 1,\r\n  \t\t\t\tautoControls: 0\t\t\t\t\t\t\t});\r\n\t\t\t\t\t\t$(\"#advpsslideshow_2 .advps-slide\").hover(function(){\r\n\t\t\t\t  \t\t\t},function(){\r\n\t\t\t\t\t\t\t});\r\n\t\t});\r\n\t<\/script>\r\n<div id=\"advps_container2\" class=\"advps-slide-container\" style=\"overflow:hidden;max-width:1000px;\">\r\n \r\n  <div id=\"advpsslideshow_2\">\r\n        <div class=\"advps-slide\">\r\n    \t        <img loading=\"lazy\" decoding=\"async\" width=\"442\" height=\"500\" src=\"https:\/\/weltlaeden.de\/luebeck\/wp-content\/uploads\/sites\/20\/2026\/02\/Cafe-fuer-website.jpg\" class=\"attachment-full size-full wp-post-image\" alt=\"\" srcset=\"https:\/\/weltlaeden.de\/luebeck\/wp-content\/uploads\/sites\/20\/2026\/02\/Cafe-fuer-website.jpg 442w, https:\/\/weltlaeden.de\/luebeck\/wp-content\/uploads\/sites\/20\/2026\/02\/Cafe-fuer-website-265x300.jpg 265w\" sizes=\"auto, (max-width: 442px) 100vw, 442px\" \/>            <\/div>\r\n        <div class=\"advps-slide\">\r\n    \t        <img loading=\"lazy\" decoding=\"async\" width=\"444\" height=\"500\" src=\"https:\/\/weltlaeden.de\/luebeck\/wp-content\/uploads\/sites\/20\/2024\/11\/FensterbildNeu2.jpg\" class=\"attachment-full size-full wp-post-image\" alt=\"\" srcset=\"https:\/\/weltlaeden.de\/luebeck\/wp-content\/uploads\/sites\/20\/2024\/11\/FensterbildNeu2.jpg 444w, https:\/\/weltlaeden.de\/luebeck\/wp-content\/uploads\/sites\/20\/2024\/11\/FensterbildNeu2-266x300.jpg 266w\" sizes=\"auto, (max-width: 444px) 100vw, 444px\" \/>            <\/div>\r\n        <div class=\"advps-slide\">\r\n    \t        <img loading=\"lazy\" decoding=\"async\" width=\"442\" height=\"500\" src=\"https:\/\/weltlaeden.de\/luebeck\/wp-content\/uploads\/sites\/20\/2024\/10\/Huexstr.Nacht_.jpg\" class=\"attachment-full size-full wp-post-image\" alt=\"\" srcset=\"https:\/\/weltlaeden.de\/luebeck\/wp-content\/uploads\/sites\/20\/2024\/10\/Huexstr.Nacht_.jpg 442w, https:\/\/weltlaeden.de\/luebeck\/wp-content\/uploads\/sites\/20\/2024\/10\/Huexstr.Nacht_-265x300.jpg 265w\" sizes=\"auto, (max-width: 442px) 100vw, 442px\" \/>            <\/div>\r\n      <\/div>\r\n  <\/div><!-- end advps-slide-container -->\r\n<!-- \/ Advanced post slider a multipurpose responsive slideshow plugin -->\r\n[vc_empty_space height=&#8220;20px&#8220;][\/vc_column][vc_column width=&#8220;1\/4&#8243;][\/vc_column][\/vc_row][vc_row][vc_column][vc_column_text css=&#8220;&#8220;]<\/p>\n<p style=\"text-align: center\"><strong><em>Liebe Kundinnen und Kunden,<\/em> <\/strong><\/p>\n<p>wir begr\u00fc\u00dfen Sie im Weltladen mit einer F\u00fclle an sch\u00f6nen, praktischen und leckeren Produkten. Auf 160 qm Verkaufsfl\u00e4che k\u00f6nnen Sie nach Herzenslust st\u00f6bern und sich von der Vielfalt des Angebots \u00fcberraschen lassen.\u00a0Bei uns k\u00f6nnen Sie sicher sein: Die Menschen, die die Produkte herstellen, die Sie hier finden, bekommen existenzsichernde L\u00f6hne f\u00fcr ihre Arbeit und zus\u00e4tzlich die Fairtrade-Pr\u00e4mie zur weiteren Entwicklung vor Ort.<\/p>\n<p>Der Verkauf ist nur EIN Standbein des Weltaldens. Wir sind dar\u00fcber hinaus ein beliebter <strong>au\u00dferschulischer Lernort<\/strong> und bieten Workshops und digitale Standtrundg\u00e4nge f\u00fcr alle Alterklassen an. <a href=\"https:\/\/weltlaeden.de\/luebeck\/bildungsarbeit\/\"><strong>Hier<\/strong> <\/a>geht&#8217;s weiter<\/p>\n<p>Au\u00dferdem gibt es immer wieder<strong> Kultur- und Informationsveranstaltungen, Rabattaktionen<\/strong> und <strong>Feste<\/strong>. Wer nichts verpassen m\u00f6chte, abonniert am besten unseren<a href=\"https:\/\/weltlaeden.de\/luebeck\/newsletter\/\"><strong> Newsletter.<\/strong><\/a><\/p>\n<p>Schauen Sie doch mal rein! Wir freuen uns auf Sie!<\/p>\n<p>&nbsp;<\/p>\n<p style=\"text-align: center\"><strong>\u00a0<\/strong><\/p>\n<p>[\/vc_column_text][vc_empty_space height=&#8220;10px&#8220;][vc_separator color=&#8220;orange&#8220; border_width=&#8220;2&#8243;][\/vc_column][\/vc_row][vc_row][vc_column][vc_column_text css=&#8220;&#8220;]<\/p>\n<h3 style=\"text-align: center\"><strong><img loading=\"lazy\" decoding=\"async\" class=\"alignnone size-medium wp-image-5243\" src=\"https:\/\/weltlaeden.de\/luebeck\/wp-content\/uploads\/sites\/20\/2026\/03\/tasche-rot-trsuted-craft-225x300.jpg\" alt=\"\" width=\"225\" height=\"300\" srcset=\"https:\/\/weltlaeden.de\/luebeck\/wp-content\/uploads\/sites\/20\/2026\/03\/tasche-rot-trsuted-craft-225x300.jpg 225w, https:\/\/weltlaeden.de\/luebeck\/wp-content\/uploads\/sites\/20\/2026\/03\/tasche-rot-trsuted-craft-768x1024.jpg 768w, https:\/\/weltlaeden.de\/luebeck\/wp-content\/uploads\/sites\/20\/2026\/03\/tasche-rot-trsuted-craft-1152x1536.jpg 1152w, https:\/\/weltlaeden.de\/luebeck\/wp-content\/uploads\/sites\/20\/2026\/03\/tasche-rot-trsuted-craft.jpg 1500w\" sizes=\"auto, (max-width: 225px) 100vw, 225px\" \/>\u00a0 <\/strong><\/h3>\n<p style=\"text-align: center\"><strong>Judith Singer, die Gr\u00fcnderin von Trusted Craft, besuchte den Weltladen zu einer begeisternden Fortbildung. Nun wissen wir erst recht, warum wir die Produkte aus S\u00fcdafrika so gern verkaufen! Fragen Sie uns, wir erz\u00e4hlen gern weiter, was wir erfahren haben \ud83d\ude42<\/strong><\/p>\n<h3 style=\"text-align: center\"><\/h3>\n<p>[\/vc_column_text][\/vc_column][\/vc_row][vc_row][vc_column][vc_separator color=&#8220;orange&#8220; border_width=&#8220;2&#8243; css=&#8220;&#8220;][\/vc_column][\/vc_row]<\/p>\n<\/div>","protected":false},"excerpt":{"rendered":"<p>[vc_row][vc_column][vc_column_text css=&#8220;&#8220;] Herzlich willkommen im Weltladen L\u00fcbeck [\/vc_column_text][\/vc_column][\/vc_row][vc_row][vc_column width=&#8220;1\/4&#8243;][vc_column_text][\/vc_column_text][\/vc_column][vc_column width=&#8220;1\/2&#8243;][vc_empty_space height=&#8220;20px&#8220;][\/vc_column][vc_column width=&#8220;1\/4&#8243;][\/vc_column][\/vc_row][vc_row][vc_column][vc_column_text css=&#8220;&#8220;] Liebe Kundinnen und Kunden, wir begr\u00fc\u00dfen Sie im Weltladen mit einer F\u00fclle an sch\u00f6nen, praktischen und leckeren Produkten. Auf 160 qm Verkaufsfl\u00e4che k\u00f6nnen Sie nach Herzenslust st\u00f6bern und sich von der Vielfalt des Angebots \u00fcberraschen lassen.\u00a0Bei uns k\u00f6nnen Sie sicher sein: Die&hellip;<\/p>\n","protected":false},"author":33,"featured_media":0,"parent":0,"menu_order":2,"comment_status":"closed","ping_status":"closed","template":"","meta":{"footnotes":""},"class_list":["post-1224","page","type-page","status-publish","hentry","description-off"],"_links":{"self":[{"href":"https:\/\/weltlaeden.de\/luebeck\/wp-json\/wp\/v2\/pages\/1224","targetHints":{"allow":["GET"]}}],"collection":[{"href":"https:\/\/weltlaeden.de\/luebeck\/wp-json\/wp\/v2\/pages"}],"about":[{"href":"https:\/\/weltlaeden.de\/luebeck\/wp-json\/wp\/v2\/types\/page"}],"author":[{"embeddable":true,"href":"https:\/\/weltlaeden.de\/luebeck\/wp-json\/wp\/v2\/users\/33"}],"replies":[{"embeddable":true,"href":"https:\/\/weltlaeden.de\/luebeck\/wp-json\/wp\/v2\/comments?post=1224"}],"version-history":[{"count":437,"href":"https:\/\/weltlaeden.de\/luebeck\/wp-json\/wp\/v2\/pages\/1224\/revisions"}],"predecessor-version":[{"id":5259,"href":"https:\/\/weltlaeden.de\/luebeck\/wp-json\/wp\/v2\/pages\/1224\/revisions\/5259"}],"wp:attachment":[{"href":"https:\/\/weltlaeden.de\/luebeck\/wp-json\/wp\/v2\/media?parent=1224"}],"curies":[{"name":"wp","href":"https:\/\/api.w.org\/{rel}","templated":true}]}}