{"id":1176,"date":"2018-03-08T17:08:34","date_gmt":"2018-03-08T16:08:34","guid":{"rendered":"https:\/\/weltlaeden.de\/luebeck\/?page_id=1176"},"modified":"2026-01-06T12:32:55","modified_gmt":"2026-01-06T11:32:55","slug":"fairafric-schokolade","status":"publish","type":"page","link":"https:\/\/weltlaeden.de\/luebeck\/produkte\/fairafric-schokolade\/","title":{"rendered":"Fairafric Schokolade"},"content":{"rendered":"<div class=\"wpb-content-wrapper\"><p>[vc_row][vc_column][vc_column_text]<\/p>\n<h1 style=\"text-align: center\"><strong>Fairafric Schokolade<\/strong><\/h1>\n<p>[\/vc_column_text]<div class=\"wl_einzelbild\"><p><img loading=\"lazy\" decoding=\"async\" class=\"aligncenter wp-image-1070\" src=\"https:\/\/weltlaeden.de\/luebeck\/wp-content\/uploads\/sites\/20\/2018\/02\/Organic-seven-flavors-100g-300x169.jpg\" alt=\"\" width=\"500\" height=\"282\" srcset=\"https:\/\/weltlaeden.de\/luebeck\/wp-content\/uploads\/sites\/20\/2018\/02\/Organic-seven-flavors-100g-300x169.jpg 300w, https:\/\/weltlaeden.de\/luebeck\/wp-content\/uploads\/sites\/20\/2018\/02\/Organic-seven-flavors-100g-768x433.jpg 768w, https:\/\/weltlaeden.de\/luebeck\/wp-content\/uploads\/sites\/20\/2018\/02\/Organic-seven-flavors-100g-1024x577.jpg 1024w, https:\/\/weltlaeden.de\/luebeck\/wp-content\/uploads\/sites\/20\/2018\/02\/Organic-seven-flavors-100g.jpg 1920w\" sizes=\"auto, (max-width: 500px) 100vw, 500px\" \/><\/p><\/div>[\/vc_column][\/vc_row][vc_row][vc_column][vc_column_text css=&#8220;&#8220;]<\/p>\n<p style=\"text-align: justify\">Im Weltladen L\u00fcbeck gib es die<strong> Fairafric-Schokolade<\/strong>. Das Besondere an ihr ist, dass nicht nur die Kakaoernte, sondern der gesamte Herstellungsprozess bis zur fertigen Schokolade in Afrika stattfindet.<\/p>\n<p style=\"text-align: justify\">Knapp 70% des weltweit geernteten Kakaos stammt aus Westafrika. Die Schokoladenindustrie ist ein <strong>Milliardengesch\u00e4ft<\/strong>, welches f\u00fcr die westlichen Akteure sehr profitabel ist, w\u00e4hrend die<strong> Millionen von Kleinbauern*b\u00e4uerinnen<\/strong> immer \u00e4rmer werden und um ihr \u00dcberleben k\u00e4mpfen m\u00fcssen.Um diesem schlechten Zustand entgegen zu wirken, setzt <strong>Fairafric<\/strong> auf die Idee, die Wertsch\u00f6pfung in die L\u00e4nder zu verlegen, aus denen die Rohstoffe kommen, um den L\u00e4ndern und den Menschen, die darin leben, einen echten Ausweg aus der Armut zu erm\u00f6glichen.<\/p>\n<p style=\"text-align: justify\">Nachdem<strong> Fairafric-Gr\u00fcnder Hendrik Reimers<\/strong> in den Jahren zuvor, w\u00e4hrend seiner Reisen durch Afrika auf diese Idee gekommen war, wurde <strong>Fairafric<\/strong> im M\u00e4rz 2016 per Kickstarter Kampagne von 843 Unterst\u00fctzern finanziert, wodurch die erste Schokolade hergestellt werden konnte, <strong>die zu 100% in Ghana produziert wurde<\/strong>. Seit April 2017 ist <strong>Fairafric<\/strong> bio-zertifiziert, zur selben Zeit wurden sechs neue Schokoladensorten zum Verkauf angeboten. Seit der Gr\u00fcndung geht es st\u00e4ndig aufw\u00e4rts und mittlerweile findet man<strong> Fairafric-Schokoladen <\/strong>bei \u00fcber 200 H\u00e4ndlern in Deutschland und \u00d6sterreich, welche zum aller gr\u00f6\u00dften Teil <strong>Weltl\u00e4den und Biol\u00e4den<\/strong> sind.Fairafric liefert seine Schokoladen aber nicht nur zu uns nach Deutschland, sondern in weltweit 52 L\u00e4nder<strong>. <\/strong><\/p>\n<p style=\"text-align: justify\"><strong>120.000 faire Schokoladentafeln<\/strong> wurden nun schon in Ghana produziert. Dadurch, dass die gesamte Wertsch\u00f6pfung in Ghana stattfindet, werden mehr <strong>qualifizierte Arbeitspl\u00e4tze<\/strong> geschaffen, das <strong>Einkommen in Ghana<\/strong> wird um deutlich mehr erh\u00f6ht, als bei einer normalen Fairtrade-Schokolade, und ein Zugang zu <strong>Bildung <\/strong>sowie zur<strong> Gesundheitsvorsorge<\/strong> wird erm\u00f6glicht.<\/p>\n<p style=\"text-align: justify\">Die Fairafric-Schokolade ist also ein besonderes Produkt, das ihr auch <strong>bei uns im Weltladen<\/strong> finden und genie\u00dfen k\u00f6nnt. <strong>Es lohnt sich!<\/strong><\/p>\n<p>[\/vc_column_text][\/vc_column][\/vc_row][vc_row][vc_column][\/vc_column][\/vc_row]<\/p>\n<\/div>","protected":false},"excerpt":{"rendered":"<p>[vc_row][vc_column][vc_column_text] Fairafric Schokolade [\/vc_column_text][\/vc_column][\/vc_row][vc_row][vc_column][vc_column_text css=&#8220;&#8220;] Im Weltladen L\u00fcbeck gib es die Fairafric-Schokolade. Das Besondere an ihr ist, dass nicht nur die Kakaoernte, sondern der gesamte Herstellungsprozess bis zur fertigen Schokolade in Afrika stattfindet. Knapp 70% des weltweit geernteten Kakaos stammt aus Westafrika. Die Schokoladenindustrie ist ein Milliardengesch\u00e4ft, welches f\u00fcr die westlichen Akteure sehr profitabel ist,&hellip;<\/p>\n","protected":false},"author":33,"featured_media":0,"parent":217,"menu_order":13,"comment_status":"closed","ping_status":"closed","template":"","meta":{"footnotes":""},"class_list":["post-1176","page","type-page","status-publish","hentry","description-off"],"_links":{"self":[{"href":"https:\/\/weltlaeden.de\/luebeck\/wp-json\/wp\/v2\/pages\/1176","targetHints":{"allow":["GET"]}}],"collection":[{"href":"https:\/\/weltlaeden.de\/luebeck\/wp-json\/wp\/v2\/pages"}],"about":[{"href":"https:\/\/weltlaeden.de\/luebeck\/wp-json\/wp\/v2\/types\/page"}],"author":[{"embeddable":true,"href":"https:\/\/weltlaeden.de\/luebeck\/wp-json\/wp\/v2\/users\/33"}],"replies":[{"embeddable":true,"href":"https:\/\/weltlaeden.de\/luebeck\/wp-json\/wp\/v2\/comments?post=1176"}],"version-history":[{"count":7,"href":"https:\/\/weltlaeden.de\/luebeck\/wp-json\/wp\/v2\/pages\/1176\/revisions"}],"predecessor-version":[{"id":5206,"href":"https:\/\/weltlaeden.de\/luebeck\/wp-json\/wp\/v2\/pages\/1176\/revisions\/5206"}],"up":[{"embeddable":true,"href":"https:\/\/weltlaeden.de\/luebeck\/wp-json\/wp\/v2\/pages\/217"}],"wp:attachment":[{"href":"https:\/\/weltlaeden.de\/luebeck\/wp-json\/wp\/v2\/media?parent=1176"}],"curies":[{"name":"wp","href":"https:\/\/api.w.org\/{rel}","templated":true}]}}