{"id":1171,"date":"2018-03-08T16:28:25","date_gmt":"2018-03-08T15:28:08","guid":{"rendered":"https:\/\/weltlaeden.de\/luebeck\/produkte\/produkt-des-monats-2\/"},"modified":"2026-01-06T12:32:15","modified_gmt":"2026-01-06T11:32:15","slug":"cards-from-africa","status":"publish","type":"page","link":"https:\/\/weltlaeden.de\/luebeck\/produkte\/cards-from-africa\/","title":{"rendered":"Cards from Africa"},"content":{"rendered":"<div class=\"wpb-content-wrapper\"><p>[vc_row][vc_column][vc_column_text css=&#8220;&#8220;]<\/p>\n<h1 style=\"text-align: center\"><strong>Cards from Africa<\/strong><\/h1>\n<p>&nbsp;<\/p>\n<h2 style=\"text-align: center\">Gru\u00dfkarten f\u00fcr eine bessere Zukunft<\/h2>\n<p style=\"text-align: justify\">Kann ein Projekt, das Gru\u00dfkarten herstellt, einen Beitrag zu einer gerechteren Welt leisten? Die <strong>Cards from Africa<\/strong>, ein neues Produkt bei uns im Weltladen, sind zumindest einen genaueren Blick wert.<\/p>\n<p style=\"text-align: justify\"><strong>Wie kann man Waisenkindern in Ruanda einen Weg aus der Armut erm\u00f6glichen<\/strong>? Chris Page, Mitarbeiter in einer Missionsstation, welche ein Waisenhaus dort betreibt, ist der \u00dcberzeugung, dass dieser Wegnur \u00fcber ein <strong>eigenes Einkommen<\/strong> f\u00fchren kann. Als Gr\u00fcnder von Cards from Africa hat er diese \u00dcberzeugung in die Tat umgesetzt. Bei Cards from Africa werden Gru\u00dfkarten, die von der Papieraufbereitung bis zum Eint\u00fcten <strong>handgemacht<\/strong> sind, von <strong>18-25- j\u00e4hrigen Waisen gefertigt<\/strong>. Diesen wird dadurch ein Einkommen erm\u00f6glicht, das ausreicht, um <strong>sich selbst und ihre Geschwister zu versorgen<\/strong>. Die handgefertigten Gru\u00dfkarten werden auf der R\u00fcckseite vom Kartenhersteller pers\u00f6nlich unterzeichnet, was dem Ganzen eine pers\u00f6nliche Note verleiht.<\/p>\n<p style=\"text-align: justify\">Auch auf <strong>Umweltvertr\u00e4glichkeit<\/strong> legt man bei Cards from Africa wert. Das Papier ist recycelt aus Tonnen an Altpapier, die t\u00e4glich in den B\u00fcros und Unternehmen in Kigali\/Ruanda anfallen. Dies bringt auch den Vorteil mit sich, dass eine gro\u00dfe Auswahl an Papierfarben und Texturen zur Verf\u00fcgung steht.<img loading=\"lazy\" decoding=\"async\" class=\"attachment-shop_single wp-post-image alignright\" title=\"02-153 Card Again Birthday (2)\" src=\"https:\/\/www.cardsfromafrica.co.uk\/wp-content\/uploads\/2022\/07\/02-153-Card-Again-Birthday-2.jpg\" alt=\"\" width=\"216\" height=\"302\" \/><\/p>\n<p style=\"text-align: justify\">Bei Cards from Africa sind <strong>rund 80 Mitarbeiter*innen angestellt<\/strong>, die allesamt ein f\u00fcr die Verh\u00e4ltnisse in Ruanda <strong>\u00fcberdurchschnittlich hohes Gehalt<\/strong> erhalten. Es werden also gut bezahlte Arbeitspl\u00e4tze f\u00fcr diejenigen geschaffen, die sie am meisten brauchen, wodurch Menschen Hoffnung gegeben wird, die sonst um ihr \u00dcberleben k\u00e4mpfen m\u00fcssten. Die Cardmaker sind grunds\u00e4tzlich f\u00fcr maximal f\u00fcnf Jahre bei Cards from Africa angestellt. In dieser Zeit erhalten sie <strong>regelm\u00e4\u00dfige Beratung dahingehend, was sie mit ihrem Leben anfangen k\u00f6nnen<\/strong>. Zusammen mit der M\u00f6glichkeit, sich w\u00e4hrend dieser Zeit etwas Geld anzusparen, werden den Mitarbeiter*innen damit <strong>echte Zukunftschancen<\/strong> erm\u00f6glicht.<\/p>\n<p style=\"text-align: justify\">Wenn Sie also einem Ihrer Lieben einen Gru\u00df oder eine Botschaft \u00fcbermitteln wollen, nutzen Sie doch eine Card from Africa und unterst\u00fctzen damit gleichzeitig noch ein gelungenes Projekt.<\/p>\n<p>\u00a0[\/vc_column_text][\/vc_column][\/vc_row]<\/p>\n<\/div>","protected":false},"excerpt":{"rendered":"<p>[vc_row][vc_column][vc_column_text css=&#8220;&#8220;] Cards from Africa &nbsp; Gru\u00dfkarten f\u00fcr eine bessere Zukunft Kann ein Projekt, das Gru\u00dfkarten herstellt, einen Beitrag zu einer gerechteren Welt leisten? Die Cards from Africa, ein neues Produkt bei uns im Weltladen, sind zumindest einen genaueren Blick wert. Wie kann man Waisenkindern in Ruanda einen Weg aus der Armut erm\u00f6glichen? Chris Page,&hellip;<\/p>\n","protected":false},"author":44,"featured_media":0,"parent":217,"menu_order":11,"comment_status":"closed","ping_status":"closed","template":"","meta":{"footnotes":""},"class_list":["post-1171","page","type-page","status-publish","hentry","description-off"],"_links":{"self":[{"href":"https:\/\/weltlaeden.de\/luebeck\/wp-json\/wp\/v2\/pages\/1171","targetHints":{"allow":["GET"]}}],"collection":[{"href":"https:\/\/weltlaeden.de\/luebeck\/wp-json\/wp\/v2\/pages"}],"about":[{"href":"https:\/\/weltlaeden.de\/luebeck\/wp-json\/wp\/v2\/types\/page"}],"author":[{"embeddable":true,"href":"https:\/\/weltlaeden.de\/luebeck\/wp-json\/wp\/v2\/users\/44"}],"replies":[{"embeddable":true,"href":"https:\/\/weltlaeden.de\/luebeck\/wp-json\/wp\/v2\/comments?post=1171"}],"version-history":[{"count":10,"href":"https:\/\/weltlaeden.de\/luebeck\/wp-json\/wp\/v2\/pages\/1171\/revisions"}],"predecessor-version":[{"id":5205,"href":"https:\/\/weltlaeden.de\/luebeck\/wp-json\/wp\/v2\/pages\/1171\/revisions\/5205"}],"up":[{"embeddable":true,"href":"https:\/\/weltlaeden.de\/luebeck\/wp-json\/wp\/v2\/pages\/217"}],"wp:attachment":[{"href":"https:\/\/weltlaeden.de\/luebeck\/wp-json\/wp\/v2\/media?parent=1171"}],"curies":[{"name":"wp","href":"https:\/\/api.w.org\/{rel}","templated":true}]}}