{"id":219,"date":"2016-10-28T13:34:47","date_gmt":"2016-10-28T11:34:47","guid":{"rendered":"https:\/\/wl.heimpixel.de\/vorlage\/ueber-uns\/"},"modified":"2020-02-09T20:16:22","modified_gmt":"2020-02-09T19:16:22","slug":"ueber-uns","status":"publish","type":"page","link":"https:\/\/weltlaeden.de\/ludwigshafen-friesenheim\/ueber-uns\/","title":{"rendered":"\u00dcber uns"},"content":{"rendered":"<div class=\"wpb-content-wrapper\"><p>[vc_row][vc_column width=&#8220;1\/2&#8243;]<div class=\"wl_einzelbild\"><p><img loading=\"lazy\" decoding=\"async\" class=\"alignnone size-large wp-image-496\" src=\"https:\/\/weltlaeden.de\/ludwigshafen-friesenheim\/wp-content\/uploads\/sites\/121\/2020\/02\/IMG_1686-1024x683.jpeg\" alt=\"\" width=\"1024\" height=\"683\" srcset=\"https:\/\/weltlaeden.de\/ludwigshafen-friesenheim\/wp-content\/uploads\/sites\/121\/2020\/02\/IMG_1686-1024x683.jpeg 1024w, https:\/\/weltlaeden.de\/ludwigshafen-friesenheim\/wp-content\/uploads\/sites\/121\/2020\/02\/IMG_1686-300x200.jpeg 300w, https:\/\/weltlaeden.de\/ludwigshafen-friesenheim\/wp-content\/uploads\/sites\/121\/2020\/02\/IMG_1686-768x512.jpeg 768w, https:\/\/weltlaeden.de\/ludwigshafen-friesenheim\/wp-content\/uploads\/sites\/121\/2020\/02\/IMG_1686.jpeg 1920w\" sizes=\"auto, (max-width: 1024px) 100vw, 1024px\" \/><\/p><\/div>[\/vc_column][vc_column width=&#8220;1\/2&#8243;]<div class=\"wl_einzelbild\"><p><img loading=\"lazy\" decoding=\"async\" class=\"alignnone size-full wp-image-477\" src=\"https:\/\/weltlaeden.de\/ludwigshafen-friesenheim\/wp-content\/uploads\/sites\/121\/2020\/01\/HILB_IMG_3399_A3-600x320-2.jpg\" alt=\"\" width=\"600\" height=\"320\" srcset=\"https:\/\/weltlaeden.de\/ludwigshafen-friesenheim\/wp-content\/uploads\/sites\/121\/2020\/01\/HILB_IMG_3399_A3-600x320-2.jpg 600w, https:\/\/weltlaeden.de\/ludwigshafen-friesenheim\/wp-content\/uploads\/sites\/121\/2020\/01\/HILB_IMG_3399_A3-600x320-2-300x160.jpg 300w\" sizes=\"auto, (max-width: 600px) 100vw, 600px\" \/><\/p><\/div>[vc_column_text]<\/p>\n<h3><strong>Tr\u00e4ger des Weltladen Friesenheim ist &#8222;Eine Welt f\u00fcr Alle e.V.&#8220;<\/strong><\/h3>\n<p>[\/vc_column_text][\/vc_column][\/vc_row][vc_row][vc_column][vc_empty_space][vc_column_text]<\/p>\n<h1>Lust mitzumachen?<\/h1>\n<p><strong>Wir suchen<\/strong> Menschen, die Lust haben, sich ehrenamtlich f\u00fcr eine offene, transparente, \u00f6kologische und nachhaltige Form des Wirtschaftens zu engagieren. Ob im Verkauf, der Informations- oder Bildungsarbeit &#8211; die M\u00f6glichkeiten, in unserem Team mitzumachen sind vielf\u00e4ltig und lassen sich bestimmt auch in Deinen Alltag integrieren! Neben regelm\u00e4\u00dfigen Aufgaben gibt es bei uns auch immer wieder einzelne zeitlich befristete Projekte, f\u00fcr die wir Unterst\u00fctzer\/innen suchen. Viele Aufgaben erfordern keine speziellen Vorkenntnisse, sondern nur Deine Bereitschaft, Deine F\u00e4higkeiten einzubringen und eventuell in neuen Bereichen dazuzulernen.<\/p>\n<p><strong>Wir bieten<\/strong> ein nettes Team aus Engagierten mit vielf\u00e4ltigen M\u00f6glichkeiten, sich selbst einzubringen. Eine Gemeinschaft, die Dich herzlich aufnimmt, einarbeitet und bei Fragen zur Verf\u00fcgung steht. Fortbildungsm\u00f6glichkeiten nach Deinen Interessen und Aufgaben.<\/p>\n<p><strong>Wir freuen uns auf Dich!<\/strong>[\/vc_column_text][\/vc_column][\/vc_row]<\/p>\n<\/div>","protected":false},"excerpt":{"rendered":"<p>[vc_row][vc_column width=&#8220;1\/2&#8243;][\/vc_column][vc_column width=&#8220;1\/2&#8243;][vc_column_text] Tr\u00e4ger des Weltladen Friesenheim ist &#8222;Eine Welt f\u00fcr Alle e.V.&#8220; [\/vc_column_text][\/vc_column][\/vc_row][vc_row][vc_column][vc_empty_space][vc_column_text] Lust mitzumachen? Wir suchen Menschen, die Lust haben, sich ehrenamtlich f\u00fcr eine offene, transparente, \u00f6kologische und nachhaltige Form des Wirtschaftens zu engagieren. Ob im Verkauf, der Informations- oder Bildungsarbeit &#8211; die M\u00f6glichkeiten, in unserem Team mitzumachen sind vielf\u00e4ltig und lassen sich&hellip;<\/p>\n","protected":false},"author":1,"featured_media":0,"parent":0,"menu_order":4,"comment_status":"closed","ping_status":"closed","template":"","meta":{"footnotes":""},"class_list":["post-219","page","type-page","status-publish","hentry","description-off"],"yoast_head":"<!-- This site is optimized with the Yoast SEO plugin v26.8 - https:\/\/yoast.com\/product\/yoast-seo-wordpress\/ -->\n<title>\u00dcber uns - Weltladen Ludwigshafen-Friesenheim<\/title>\n<meta name=\"robots\" content=\"index, follow, max-snippet:-1, max-image-preview:large, max-video-preview:-1\" \/>\n<link rel=\"canonical\" href=\"https:\/\/weltlaeden.de\/ludwigshafen-friesenheim\/ueber-uns\/\" \/>\n<meta property=\"og:locale\" content=\"de_DE\" \/>\n<meta property=\"og:type\" content=\"article\" \/>\n<meta property=\"og:title\" content=\"\u00dcber uns - Weltladen Ludwigshafen-Friesenheim\" \/>\n<meta property=\"og:description\" content=\"[vc_row][vc_column width=&#8220;1\/2&#8243;][\/vc_column][vc_column width=&#8220;1\/2&#8243;][vc_column_text] Tr\u00e4ger des Weltladen Friesenheim ist &#8222;Eine Welt f\u00fcr Alle e.V.&#8220; [\/vc_column_text][\/vc_column][\/vc_row][vc_row][vc_column][vc_empty_space][vc_column_text] Lust mitzumachen? Wir suchen Menschen, die Lust haben, sich ehrenamtlich f\u00fcr eine offene, transparente, \u00f6kologische und nachhaltige Form des Wirtschaftens zu engagieren. Ob im Verkauf, der Informations- oder Bildungsarbeit &#8211; die M\u00f6glichkeiten, in unserem Team mitzumachen sind vielf\u00e4ltig und lassen sich&hellip;\" \/>\n<meta property=\"og:url\" content=\"https:\/\/weltlaeden.de\/ludwigshafen-friesenheim\/ueber-uns\/\" \/>\n<meta property=\"og:site_name\" content=\"Weltladen Ludwigshafen-Friesenheim\" \/>\n<meta property=\"article:publisher\" content=\"https:\/\/www.facebook.com\/WeltladenLudwigshafenFriesenheim\" \/>\n<meta property=\"article:modified_time\" content=\"2020-02-09T19:16:22+00:00\" \/>\n<meta property=\"og:image\" content=\"https:\/\/weltlaeden.de\/ludwigshafen-friesenheim\/wp-content\/uploads\/sites\/121\/2020\/02\/IMG_1686.jpeg\" \/>\n\t<meta property=\"og:image:width\" content=\"1920\" \/>\n\t<meta property=\"og:image:height\" content=\"1280\" \/>\n\t<meta property=\"og:image:type\" content=\"image\/jpeg\" \/>\n<meta name=\"twitter:card\" content=\"summary_large_image\" \/>\n<meta name=\"twitter:label1\" content=\"Gesch\u00e4tzte Lesezeit\" \/>\n\t<meta name=\"twitter:data1\" content=\"1\u00a0Minute\" \/>\n<script type=\"application\/ld+json\" class=\"yoast-schema-graph\">{\"@context\":\"https:\/\/schema.org\",\"@graph\":[{\"@type\":\"WebPage\",\"@id\":\"https:\/\/weltlaeden.de\/ludwigshafen-friesenheim\/ueber-uns\/\",\"url\":\"https:\/\/weltlaeden.de\/ludwigshafen-friesenheim\/ueber-uns\/\",\"name\":\"\u00dcber uns - Weltladen Ludwigshafen-Friesenheim\",\"isPartOf\":{\"@id\":\"https:\/\/weltlaeden.de\/ludwigshafen-friesenheim\/#website\"},\"primaryImageOfPage\":{\"@id\":\"https:\/\/weltlaeden.de\/ludwigshafen-friesenheim\/ueber-uns\/#primaryimage\"},\"image\":{\"@id\":\"https:\/\/weltlaeden.de\/ludwigshafen-friesenheim\/ueber-uns\/#primaryimage\"},\"thumbnailUrl\":\"https:\/\/weltlaeden.de\/ludwigshafen-friesenheim\/wp-content\/uploads\/sites\/121\/2020\/02\/IMG_1686-1024x683.jpeg\",\"datePublished\":\"2016-10-28T11:34:47+00:00\",\"dateModified\":\"2020-02-09T19:16:22+00:00\",\"breadcrumb\":{\"@id\":\"https:\/\/weltlaeden.de\/ludwigshafen-friesenheim\/ueber-uns\/#breadcrumb\"},\"inLanguage\":\"de\",\"potentialAction\":[{\"@type\":\"ReadAction\",\"target\":[\"https:\/\/weltlaeden.de\/ludwigshafen-friesenheim\/ueber-uns\/\"]}]},{\"@type\":\"ImageObject\",\"inLanguage\":\"de\",\"@id\":\"https:\/\/weltlaeden.de\/ludwigshafen-friesenheim\/ueber-uns\/#primaryimage\",\"url\":\"https:\/\/weltlaeden.de\/ludwigshafen-friesenheim\/wp-content\/uploads\/sites\/121\/2020\/02\/IMG_1686.jpeg\",\"contentUrl\":\"https:\/\/weltlaeden.de\/ludwigshafen-friesenheim\/wp-content\/uploads\/sites\/121\/2020\/02\/IMG_1686.jpeg\",\"width\":1920,\"height\":1280},{\"@type\":\"BreadcrumbList\",\"@id\":\"https:\/\/weltlaeden.de\/ludwigshafen-friesenheim\/ueber-uns\/#breadcrumb\",\"itemListElement\":[{\"@type\":\"ListItem\",\"position\":1,\"name\":\"Startseite\",\"item\":\"https:\/\/weltlaeden.de\/ludwigshafen-friesenheim\/\"},{\"@type\":\"ListItem\",\"position\":2,\"name\":\"\u00dcber uns\"}]},{\"@type\":\"WebSite\",\"@id\":\"https:\/\/weltlaeden.de\/ludwigshafen-friesenheim\/#website\",\"url\":\"https:\/\/weltlaeden.de\/ludwigshafen-friesenheim\/\",\"name\":\"Weltladen Ludwigshafen-Friesenheim\",\"description\":\"Fair Einkaufen seit 1994\",\"publisher\":{\"@id\":\"https:\/\/weltlaeden.de\/ludwigshafen-friesenheim\/#organization\"},\"potentialAction\":[{\"@type\":\"SearchAction\",\"target\":{\"@type\":\"EntryPoint\",\"urlTemplate\":\"https:\/\/weltlaeden.de\/ludwigshafen-friesenheim\/?s={search_term_string}\"},\"query-input\":{\"@type\":\"PropertyValueSpecification\",\"valueRequired\":true,\"valueName\":\"search_term_string\"}}],\"inLanguage\":\"de\"},{\"@type\":\"Organization\",\"@id\":\"https:\/\/weltlaeden.de\/ludwigshafen-friesenheim\/#organization\",\"name\":\"Weltladen Ludwigshafen-Friesenheim\",\"url\":\"https:\/\/weltlaeden.de\/ludwigshafen-friesenheim\/\",\"logo\":{\"@type\":\"ImageObject\",\"inLanguage\":\"de\",\"@id\":\"https:\/\/weltlaeden.de\/ludwigshafen-friesenheim\/#\/schema\/logo\/image\/\",\"url\":\"https:\/\/weltlaeden.de\/ludwigshafen-friesenheim\/wp-content\/uploads\/sites\/121\/2020\/02\/Bildschirmfoto-2020-02-11-um-22.45.06.png\",\"contentUrl\":\"https:\/\/weltlaeden.de\/ludwigshafen-friesenheim\/wp-content\/uploads\/sites\/121\/2020\/02\/Bildschirmfoto-2020-02-11-um-22.45.06.png\",\"width\":1120,\"height\":972,\"caption\":\"Weltladen Ludwigshafen-Friesenheim\"},\"image\":{\"@id\":\"https:\/\/weltlaeden.de\/ludwigshafen-friesenheim\/#\/schema\/logo\/image\/\"},\"sameAs\":[\"https:\/\/www.facebook.com\/WeltladenLudwigshafenFriesenheim\"]}]}<\/script>\n<!-- \/ Yoast SEO plugin. -->","yoast_head_json":{"title":"\u00dcber uns - Weltladen Ludwigshafen-Friesenheim","robots":{"index":"index","follow":"follow","max-snippet":"max-snippet:-1","max-image-preview":"max-image-preview:large","max-video-preview":"max-video-preview:-1"},"canonical":"https:\/\/weltlaeden.de\/ludwigshafen-friesenheim\/ueber-uns\/","og_locale":"de_DE","og_type":"article","og_title":"\u00dcber uns - Weltladen Ludwigshafen-Friesenheim","og_description":"[vc_row][vc_column width=&#8220;1\/2&#8243;][\/vc_column][vc_column width=&#8220;1\/2&#8243;][vc_column_text] Tr\u00e4ger des Weltladen Friesenheim ist &#8222;Eine Welt f\u00fcr Alle e.V.&#8220; [\/vc_column_text][\/vc_column][\/vc_row][vc_row][vc_column][vc_empty_space][vc_column_text] Lust mitzumachen? Wir suchen Menschen, die Lust haben, sich ehrenamtlich f\u00fcr eine offene, transparente, \u00f6kologische und nachhaltige Form des Wirtschaftens zu engagieren. Ob im Verkauf, der Informations- oder Bildungsarbeit &#8211; die M\u00f6glichkeiten, in unserem Team mitzumachen sind vielf\u00e4ltig und lassen sich&hellip;","og_url":"https:\/\/weltlaeden.de\/ludwigshafen-friesenheim\/ueber-uns\/","og_site_name":"Weltladen Ludwigshafen-Friesenheim","article_publisher":"https:\/\/www.facebook.com\/WeltladenLudwigshafenFriesenheim","article_modified_time":"2020-02-09T19:16:22+00:00","og_image":[{"width":1920,"height":1280,"url":"https:\/\/weltlaeden.de\/ludwigshafen-friesenheim\/wp-content\/uploads\/sites\/121\/2020\/02\/IMG_1686.jpeg","type":"image\/jpeg"}],"twitter_card":"summary_large_image","twitter_misc":{"Gesch\u00e4tzte Lesezeit":"1\u00a0Minute"},"schema":{"@context":"https:\/\/schema.org","@graph":[{"@type":"WebPage","@id":"https:\/\/weltlaeden.de\/ludwigshafen-friesenheim\/ueber-uns\/","url":"https:\/\/weltlaeden.de\/ludwigshafen-friesenheim\/ueber-uns\/","name":"\u00dcber uns - Weltladen Ludwigshafen-Friesenheim","isPartOf":{"@id":"https:\/\/weltlaeden.de\/ludwigshafen-friesenheim\/#website"},"primaryImageOfPage":{"@id":"https:\/\/weltlaeden.de\/ludwigshafen-friesenheim\/ueber-uns\/#primaryimage"},"image":{"@id":"https:\/\/weltlaeden.de\/ludwigshafen-friesenheim\/ueber-uns\/#primaryimage"},"thumbnailUrl":"https:\/\/weltlaeden.de\/ludwigshafen-friesenheim\/wp-content\/uploads\/sites\/121\/2020\/02\/IMG_1686-1024x683.jpeg","datePublished":"2016-10-28T11:34:47+00:00","dateModified":"2020-02-09T19:16:22+00:00","breadcrumb":{"@id":"https:\/\/weltlaeden.de\/ludwigshafen-friesenheim\/ueber-uns\/#breadcrumb"},"inLanguage":"de","potentialAction":[{"@type":"ReadAction","target":["https:\/\/weltlaeden.de\/ludwigshafen-friesenheim\/ueber-uns\/"]}]},{"@type":"ImageObject","inLanguage":"de","@id":"https:\/\/weltlaeden.de\/ludwigshafen-friesenheim\/ueber-uns\/#primaryimage","url":"https:\/\/weltlaeden.de\/ludwigshafen-friesenheim\/wp-content\/uploads\/sites\/121\/2020\/02\/IMG_1686.jpeg","contentUrl":"https:\/\/weltlaeden.de\/ludwigshafen-friesenheim\/wp-content\/uploads\/sites\/121\/2020\/02\/IMG_1686.jpeg","width":1920,"height":1280},{"@type":"BreadcrumbList","@id":"https:\/\/weltlaeden.de\/ludwigshafen-friesenheim\/ueber-uns\/#breadcrumb","itemListElement":[{"@type":"ListItem","position":1,"name":"Startseite","item":"https:\/\/weltlaeden.de\/ludwigshafen-friesenheim\/"},{"@type":"ListItem","position":2,"name":"\u00dcber uns"}]},{"@type":"WebSite","@id":"https:\/\/weltlaeden.de\/ludwigshafen-friesenheim\/#website","url":"https:\/\/weltlaeden.de\/ludwigshafen-friesenheim\/","name":"Weltladen Ludwigshafen-Friesenheim","description":"Fair Einkaufen seit 1994","publisher":{"@id":"https:\/\/weltlaeden.de\/ludwigshafen-friesenheim\/#organization"},"potentialAction":[{"@type":"SearchAction","target":{"@type":"EntryPoint","urlTemplate":"https:\/\/weltlaeden.de\/ludwigshafen-friesenheim\/?s={search_term_string}"},"query-input":{"@type":"PropertyValueSpecification","valueRequired":true,"valueName":"search_term_string"}}],"inLanguage":"de"},{"@type":"Organization","@id":"https:\/\/weltlaeden.de\/ludwigshafen-friesenheim\/#organization","name":"Weltladen Ludwigshafen-Friesenheim","url":"https:\/\/weltlaeden.de\/ludwigshafen-friesenheim\/","logo":{"@type":"ImageObject","inLanguage":"de","@id":"https:\/\/weltlaeden.de\/ludwigshafen-friesenheim\/#\/schema\/logo\/image\/","url":"https:\/\/weltlaeden.de\/ludwigshafen-friesenheim\/wp-content\/uploads\/sites\/121\/2020\/02\/Bildschirmfoto-2020-02-11-um-22.45.06.png","contentUrl":"https:\/\/weltlaeden.de\/ludwigshafen-friesenheim\/wp-content\/uploads\/sites\/121\/2020\/02\/Bildschirmfoto-2020-02-11-um-22.45.06.png","width":1120,"height":972,"caption":"Weltladen Ludwigshafen-Friesenheim"},"image":{"@id":"https:\/\/weltlaeden.de\/ludwigshafen-friesenheim\/#\/schema\/logo\/image\/"},"sameAs":["https:\/\/www.facebook.com\/WeltladenLudwigshafenFriesenheim"]}]}},"_links":{"self":[{"href":"https:\/\/weltlaeden.de\/ludwigshafen-friesenheim\/wp-json\/wp\/v2\/pages\/219","targetHints":{"allow":["GET"]}}],"collection":[{"href":"https:\/\/weltlaeden.de\/ludwigshafen-friesenheim\/wp-json\/wp\/v2\/pages"}],"about":[{"href":"https:\/\/weltlaeden.de\/ludwigshafen-friesenheim\/wp-json\/wp\/v2\/types\/page"}],"author":[{"embeddable":true,"href":"https:\/\/weltlaeden.de\/ludwigshafen-friesenheim\/wp-json\/wp\/v2\/users\/1"}],"replies":[{"embeddable":true,"href":"https:\/\/weltlaeden.de\/ludwigshafen-friesenheim\/wp-json\/wp\/v2\/comments?post=219"}],"version-history":[{"count":12,"href":"https:\/\/weltlaeden.de\/ludwigshafen-friesenheim\/wp-json\/wp\/v2\/pages\/219\/revisions"}],"predecessor-version":[{"id":521,"href":"https:\/\/weltlaeden.de\/ludwigshafen-friesenheim\/wp-json\/wp\/v2\/pages\/219\/revisions\/521"}],"wp:attachment":[{"href":"https:\/\/weltlaeden.de\/ludwigshafen-friesenheim\/wp-json\/wp\/v2\/media?parent=219"}],"curies":[{"name":"wp","href":"https:\/\/api.w.org\/{rel}","templated":true}]}}