{"id":743,"date":"2024-05-13T12:03:33","date_gmt":"2024-05-13T10:03:33","guid":{"rendered":"https:\/\/weltlaeden.de\/linz\/?page_id=743"},"modified":"2024-08-02T23:21:18","modified_gmt":"2024-08-02T21:21:18","slug":"verein-ziele-satzung","status":"publish","type":"page","link":"https:\/\/weltlaeden.de\/linz\/verein-ziele-satzung\/","title":{"rendered":"Verein, Ziele, Satzung"},"content":{"rendered":"<h1><strong><span style=\"color: #ff6600\">Der Verein Eine-Welt Linz e.V.<\/span><\/strong><\/h1>\n<h3>wurde am 24. September 2012 gegr\u00fcndet. Zurzeit hat er 115 Mitglieder (Stand Juni 2024).<\/h3>\n<h3>Der Mitgliedsbeitrag betr\u00e4gt pro Jahr 20 Euro f\u00fcr Einzelpersonen und 50 Euro f\u00fcr juristische Personen (Stand Juni 2024)<\/h3>\n<p><strong>Ziele des Vereins,<\/strong> f\u00fcr deren Verwirklichung sich die Mitglieder einsetzen, sind die F\u00f6rderung der Verst\u00e4ndigung und Gerechtigkeit zwischen den V\u00f6lkern, die F\u00f6rderung des Friedens in der Welt, die Bewahrung der Sch\u00f6pfung sowie die F\u00f6rderung des Fairen Handels.<\/p>\n<p><strong>Konkrete Ma\u00dfnahmen, mit denen diese Ziele erreicht werden sollen sind:<\/strong><br \/>\n&#8211; Informations-Veranstaltungen und Filmabende zum Thema Fairer Handel f\u00fcr die Zielgruppen Sch\u00fcler, Jugendliche, Erwachsene,<br \/>\nSenioren, Schulen, Vereine sowie weitere Gruppierungen<br \/>\n&#8211; Publikationen und Erkl\u00e4rungen zu den Themen Leben, Wirtschaften und Gerechtigkeit in der Welt<br \/>\n&#8211; Unterst\u00fctzung von Entwicklungsprojekten in der Einen Welt<br \/>\n&#8211; Verkaufsbasare mit Produkten des Fairen Handels<\/p>\n<p><strong><br \/>\nAm 23. M\u00e4rz 2013 er\u00f6ffnete der Verein in Linz einen Weltladen, <\/strong>in dem fair gehandelte Produkte (Lebensmittel, Kunsthandwerk, Textilien) aus Afrika, Asien, dem S\u00fcden Europas sowie Lateinamerika verkauft werden.<\/p>\n<p>Seit mehreren Jahren unterh\u00e4lt der Weltladen zus\u00e4tzliche Verkaufsstellen im Verkaufsraum der B\u00e4ckerei Anhalt in Neustadt\/Wied<br \/>\nsowie der B\u00e4ckerei Nowak in St. Katharinen\/Noll.<\/p>\n<p>&nbsp;<\/p>\n<h2><span style=\"color: #ff6600\"><strong>Satzung des Vereins Eine-Welt Linz e.V.<\/strong><\/span><\/h2>\n<p><strong>\u00a7 1 Name, Rechtsform und Sitz<\/strong><\/p>\n<ol>\n<li>Der Verein f\u00fchrt den Namen Eine-Welt Linz e.V.<\/li>\n<li>Er hat seinen Sitz in Linz am Rhein und soll in das zust\u00e4ndige Vereinsregister eingetragen werden.<\/li>\n<li>Gesch\u00e4ftsjahr ist das Kalenderjahr.<\/li>\n<\/ol>\n<p><strong> \u00a7 2 <\/strong><strong>Vereinszweck<\/strong><\/p>\n<p>Eine-Welt Linz e.V. verfolgt ausschlie\u00dflich und unmittelbar gemeinn\u00fctzige Zwecke im Sinne des Abschnitts \u201esteuerbeg\u00fcnstigte Zwecke\u201c (\u00a7 51 I S.1 i. V. m. \u00a7 52 der Abgabenordnung auf \u00fcberparteilicher und \u00fcberkonfessioneller Grundlage insbesondere<\/p>\n<ul>\n<li>durch die F\u00f6rderung der Entwicklungszusammenarbeit (\u00a7 52 II Nr. 15 AO) mit Entwicklungsl\u00e4ndern mit dem Ziel, den<br \/>\ndortigen Lebensunterhalt durch fair gehandelte Produkte aus eigener Kraft zu sichern sowie<\/li>\n<li>die F\u00f6rderung der internationalen Gesinnung und des Gedankens der V\u00f6lkerverst\u00e4ndigung (\u00a7 52, Absatz 2, Nr.13 AO), insbesondere die Wissenserweiterung und das damit verbundene Verst\u00e4ndnis \u00fcber andere V\u00f6lker und deren Kulturen \/ Lebensweisen.<\/li>\n<\/ul>\n<p><strong><u>Erg\u00e4nzung lt. Beschluss der MV vom 14.07.2016<\/u><\/strong><\/p>\n<p>&#8222;Er ist auch ein F\u00f6rderverein i.S. \u00a7 58 Nr. 1 AO, der seine Mittel f\u00fcr andere steuerbeg\u00fcnstigte Einrichtungen des privaten Rechts verwendet bzw. verwenden kann.&#8220;<\/p>\n<p>Mittel der K\u00f6rperschaft d\u00fcrfen nur f\u00fcr die satzungsgem\u00e4\u00dfen Zwecke verwendet werden.<\/p>\n<p>Diese Zwecke sollen verwirklicht werden durch<\/p>\n<ul>\n<li>Informationsveranstaltungen und Filmabende rund um das Thema Fair Trade -Fairer Handel-, (z.B. Form der Produkterzeugung, Leben Wirtschaften in Entwicklungsstaaten) f\u00fcr Sch\u00fcler, Jugendliche, Erwachsene Senioren, Schulen, Vereine, Gruppen etc.<\/li>\n<li>Publikationen und Erkl\u00e4rungen zu den Themen Leben, Wirtschaften und Gerechtigkeit in der Einen Welt<\/li>\n<li>Unterst\u00fctzung von eigenen oder Entwicklungsprojekten Dritter in der Einen Welt (z.B. Projekte von \u201eBrot f\u00fcr die Welt\u201c, \u201eMisereor\u201c etc.)<\/li>\n<li>Unterst\u00fctzung und Beratung Dritter bei\u00a0Verkaufsbasaren mit Produkten des Fairen Handels<\/li>\n<\/ul>\n<p>Die Mitglieder d\u00fcrfen keine Gewinnanteile und auch keine sonstigen Zuwendungen aus Mitteln des Vereins erhalten. Der Verein darf niemanden durch Ausgaben, die dem Zweck fremd sind oder durch unverh\u00e4ltnism\u00e4\u00dfig hohe Verg\u00fctungen, beg\u00fcnstigen. Der Verein ist selbstlos t\u00e4tig. Er verfolgt nicht in erster Linie eigenwirtschaftliche Zwecke.<\/p>\n<p>Eine-Welt Linz e.V. wird im Sinne dieses Aufgabenkreises auch \u00d6ffentlichkeitsarbeit leisten und insoweit Publikationen und Erkl\u00e4rungen herausgeben. Die Arbeit im Verein wird ehrenamtlich geleistet. Sollten die anfallenden Arbeiten einen Umfang erreichen, dass deren Erledigung durch ehrenamtliche Kr\u00e4fte nicht mehr gew\u00e4hrleistet ist, kann Hilfspersonal vom Vorstand im Rahmen des Haushaltplans angestellt werden.<\/p>\n<p><strong><br \/>\n\u00a7 3 Mitgliedschaft<\/strong><\/p>\n<p>1. Gr\u00fcndungsmitglieder von Eine-Welt Linz e.V. sind:<\/p>\n<p>Jutta Demuth, Anton Derek, Annette F\u00f6rster, Elisabeth Herudek, Doris Kesting, Lucia Kr\u00f6ll, Andreas M\u00f6nig, Britta Ortmans, Hildegard Sander, Klaus Sander, Hans-Joachim Schmitz, Anne Wei\u00dfenfels<\/p>\n<p>2. Mitglied von Eine-Welt Linz e.V. kann jede nat\u00fcrliche und juristische Person werden. Der Aufnahmeantrag ist schriftlich an den Vorstand zu stellen.<\/p>\n<p>3. Die Mitgliedschaft endet mit Aufl\u00f6sung der juristischen Person, sowie mit Austritt oder Ausschluss der juristischen oder nat\u00fcrlichen Person aus dem Verein. Der Austritt kann nur zum Ende eines Kalenderjahres erfolgen.<\/p>\n<p>4. Ein Mitglied kann ausgeschlossen werden, wenn ein wichtiger Grund vorliegt. Dies ist insbesondere der Fall, wenn ein Mitglied das Ansehen oder die Interessen von Eine-Welt Linz e.V. sch\u00e4digt und trotz zweimaliger schriftlicher Mahnung seinen\u00a0Pflichten\u00a0nicht nach-kommt. \u00dcber den Ausschluss entscheidet die Mitgliederversammlung mit der Zweidrittel Mehrheit der Anwesenden.\u00a0 Der Beschluss ist schriftlich zu begr\u00fcnden.<\/p>\n<p>&nbsp;<\/p>\n<p><strong>\u00a7 4 Finanzierung des Vereins<\/strong><\/p>\n<p>Eine-Welt Linz e.V. finanziert sich durch Mitgliedsbeitr\u00e4ge, die in einer gesonderten Beitragsordnung festgelegt sind, und durch Spenden.<\/p>\n<p><strong><br \/>\n\u00a7 5 Organe des Vereins<\/strong><\/p>\n<ol>\n<li style=\"text-align: left\">Organe des Vereins sind:<\/li>\n<li style=\"text-align: left\">a) die Mitgliederversammlung<br \/>\nb) der Vorstand<\/li>\n<li style=\"text-align: left\">Der Vorstand setzt sich aus ehrenamtlich t\u00e4tigen Personen zusammen, die mit der aktiven Organisation und Durchf\u00fchrung von \u201eEine-Welt Linz e.V.\u201c betraut sind.<\/li>\n<li style=\"text-align: left\">Die Wahlperiode des Vorstandes betr\u00e4gt zwei Jahre. Er f\u00fchrt seine Aufgaben bis zur Neuwahl und Amts\u00fcbernahme weiter. Wiederwahl ist m\u00f6glich.<\/li>\n<\/ol>\n<p><strong><br \/>\n\u00a7 6 Mitgliederversammlung<\/strong><\/p>\n<ol>\n<li>Die Mitgliederversammlung ist einzuberufen<\/li>\n<li>a) einmal j\u00e4hrlich, au\u00dferdem<br \/>\nb) wenn das Interesse des Vereins dies erforderlich macht<br \/>\nc) wenn ein Drittel der Mitglieder dies verlangt<br \/>\nd) innerhalb von drei Monaten bei Ausscheiden eines Vorstandmitgliedes laut \u00a79<\/li>\n<li>Die Mitgliederversammlung wird vom Vorsitzenden, in seinem Verhinderungsfalle von einem<br \/>\nstellvertretenden Vorsitzenden, einberufen und geleitet.<\/li>\n<li>Die Einberufung erfolgt schriftlich unter Angabe der Tagesordnung. Die Frist betr\u00e4gt zwei<br \/>\nWochen.<\/li>\n<li>Die ordnungsgem\u00e4\u00df einberufene Mitgliederversammlung ist &#8211; mit Ausnahme von Satzungsangelegenheiten &#8211; ohne R\u00fccksicht\u00a0 auf die Zahl<br \/>\nder anwesenden Stimmberechtigten beschlussf\u00e4hig. Hierauf ist bei der Einladung ausdr\u00fccklich hinzuweisen.<\/li>\n<li>Die Abstimmung erfolgt durch m\u00fcndliche Stimmabgabe. Einfache Stimmenmehrheit entscheidet. Bei Stimmengleichheit gilt der Antrag als abgelehnt. Auf Antrag ist eine geheime Stimmabgabe durchzuf\u00fchren.<\/li>\n<li>Stimmberechtigt ist jedes Mitglied bzw. bei juristischen Personen oder sonstigen Vereinigungen, die hierf\u00fcr entsprechend autorisierten Personen. Jedes Mitglied hat eine Stimme.<\/li>\n<li>Zur \u00c4nderung der Satzung ist eine Mehrheit von Zweidrittel der anwesenden Stimmberechtigten erforderlich.<\/li>\n<li>\u00dcber die Versammlung ist eine Ergebnisniederschrift anzufertigen, die vom Sitzungsleiter und dem Schriftf\u00fchrer zu unterzeichnen ist.<\/li>\n<\/ol>\n<p><strong><br \/>\n\u00a7 7 Aufgaben der Mitgliederversammlung<\/strong><\/p>\n<p>Aufgaben der Mitgliederversammlung sind:<\/p>\n<p>a) Wahl des Vorstandes<br \/>\nb) Entgegennahme des T\u00e4tigkeitsberichtes des Vereinsvorstandes<br \/>\nc) Entgegennahme des Berichtes des Schatzmeisters<br \/>\nd) Entgegennahme des Berichtes der Kassenpr\u00fcfer<br \/>\nd) Genehmigung des vom Vorstand aufgestellten Haushaltsplanes<br \/>\ne) Entlastung des Vorstandes<br \/>\nf) Bestellung von zwei Kassenpr\u00fcfern<br \/>\ng) \u00c4nderung der Satzung<br \/>\nh) Aufl\u00f6sung des Vereins<br \/>\ni) Beschluss der Beitragsordnung<\/p>\n<p><strong><br \/>\n\u00a7 8 Vereinsvorstand<\/strong><\/p>\n<ol>\n<li>Der Vorstand besteht aus:a) dem Vorsitzenden<br \/>\nb) bis zu zwei stellvertretenden Vorsitzenden<br \/>\nc) dem Schatzmeister<br \/>\nd) dem Schriftf\u00fchrer<br \/>\ne) bis zu drei Beisitzern<\/li>\n<li>Mehrere \u00c4mter k\u00f6nnen in einer Person vereinigt werden, jedoch nicht die \u00c4mter des Vorsitzenden, stellvertretenden Vorsitzenden und des Schatzmeisters. Jedes Vorstandmitglied hat \u2013 unabh\u00e4ngig von der Zahl seiner \u00c4mter &#8211; nur eine Stimme in der Sitzung.3. Sitzungen des Vorstandes finden mindestens dreimal im Jahr statt und werden vom Vorsitzenden, bei Verhinderung von einem Stellvertreter, einberufen und geleitet. Die Einberufung erfolgt &#8211; von Eilf\u00e4llen abgesehen &#8211; unter Wahrung einer Frist von zwei Wochen und unter Angabe der Tagesordnung.4. Der Vorstand ist beschlussf\u00e4hig, wenn die H\u00e4lfte seiner stimmberechtigten Mitglieder anwesend ist.5. Beschl\u00fcsse werden mit einfacher Stimmenmehrheit gefasst. Bei Stimmengleichheit gilt der Antrag als abgelehnt.6. \u00dcber Vorstandssitzungen ist eine Ergebnisniederschrift zu fertigen und vom Sitzungsleiter und Schriftf\u00fchrer zu unterzeichnen.<\/li>\n<\/ol>\n<p><strong><br \/>\n\u00a7 9 Vorstand im Sinne des B\u00fcrgerlichen Gesetzbuches (Vertretungsbefugnis)<\/strong><\/p>\n<p>Zur Vertretung des Vereins sind<\/p>\n<ol>\n<li>a) der Vorsitzende<br \/>\nb) die Stellvertreter<br \/>\nc) und der Schatzmeister<\/li>\n<\/ol>\n<p>in der Weise vertretungsberechtigt, dass rechtsverbindliche Erkl\u00e4rungen von zwei der vorgenannten Vertretungsberechtigten gemeinsam abgegeben werden.<\/p>\n<p><strong><br \/>\n\u00a7 10 Aufgaben des Vorstandes<\/strong><\/p>\n<ol>\n<li>Der Vorstand f\u00fchrt die Gesch\u00e4fte im Sinne von \u00a7 2 der Satzung und nach den Beschl\u00fcssen der Mitgliederversammlung in eigener Verantwortung durch.<\/li>\n<li>Der Vorstand kann die Einzelheiten der Gesch\u00e4ftsf\u00fchrung in einer generellen Gesch\u00e4ftsordnung regeln.<\/li>\n<li>Der Vorstand kann im Rahmen des Haushaltsplans einen Gesch\u00e4ftsf\u00fchrer bestellen.<\/li>\n<li>Der Vorstand stellt j\u00e4hrlich einen Haushaltsplan und einen T\u00e4tigkeitsbericht auf.<\/li>\n<\/ol>\n<p><strong><br \/>\n\u00a7 11 Kassenpr\u00fcfer<\/strong><\/p>\n<p>Die Kasse des Vereins ist j\u00e4hrlich mindestens einmal zu pr\u00fcfen. Zu diesem Zweck w\u00e4hlt die Mitgliederversammlung f\u00fcr die Dauer von zwei Jahren zwei Kassenpr\u00fcfer, die nicht Mitglied des Vorstandes sein d\u00fcrfen. Die Kassenpr\u00fcfer erstellen\u00a0einen Kassenpr\u00fcfungsbericht und berichten in der j\u00e4hrlichen Mitgliederversammlung \u00fcber ihre Kassenpr\u00fcfung.<\/p>\n<p><strong><br \/>\n\u00a7 12 Aufl\u00f6sung \/ Wegfall des Vereinszwecks<\/strong><\/p>\n<ol>\n<li>Die Aufl\u00f6sung des Vereins kann nur in einer eigens mit dieser Tagesordnung einberufenen Mitgliederversammlung beschlossen werden. F\u00fcr einen Aufl\u00f6sungsbeschluss ist eine Dreiviertelmehrheit der anwesenden Stimmberechtigten erforderlich.<\/li>\n<li>Das bei der Aufl\u00f6sung des Vereins oder dem Wegfall seines steuerbeg\u00fcnstigten Zwecks nach Abdeckung der Verbindlichkeiten verbleibende Restverm\u00f6gen f\u00e4llt an<\/li>\n<\/ol>\n<p>die katholische Kirchengemeinde St. Martin (Adresse: Am Totenborn 5, 53545 Linz\/Rhein) sowie an<\/p>\n<p>die evangelische Trinitatis-Kirchengemeinde Linz \/ Bad H\u00f6nningen \/ Unkel \/ Rheinbreitbach (Adresse: Hauptstra\u00dfe 52, 53557 Bad H\u00f6nningen)<\/p>\n<p>jeweils zu 50% mit der Ma\u00dfgabe, das vorhandenen Restverm\u00f6gen ausschlie\u00dflich und unmittelbar zu gemeinn\u00fctzigen Zwecken zu verwenden.<em>\u00a0 <\/em><\/p>\n<p><strong><br \/>\n\u00a7 13 Satzungs\u00e4nderungen<\/strong><\/p>\n<p>Zuk\u00fcnftige Satzungs\u00e4nderungen sind immer rechtzeitig vor deren Beschluss mit dem zust\u00e4ndigen Finanzamt und dem Amtsgericht (Vereinsregister) abzustimmen.<\/p>\n<p><strong><br \/>\n\u00a7 14 Inkrafttreten<\/strong><\/p>\n<ol>\n<li>Diese\u00a0Satzung wurde von den Gr\u00fcndungsmitgliedern am 24. September 2012 beschlossen.<\/li>\n<li>Sie tritt nach Eintragung in das Vereinsregister in Kraft.<\/li>\n<\/ol>\n<p>Linz am Rhein, den 24. September 2012<\/p>\n<p><strong>Eine-Welt Linz e.V.<\/strong><\/p>\n","protected":false},"excerpt":{"rendered":"<p>Der Verein Eine-Welt Linz e.V. wurde am 24. September 2012 gegr\u00fcndet. Zurzeit hat er 115 Mitglieder (Stand Juni 2024). Der Mitgliedsbeitrag betr\u00e4gt pro Jahr 20 Euro f\u00fcr Einzelpersonen und 50 Euro f\u00fcr juristische Personen (Stand Juni 2024) Ziele des Vereins, f\u00fcr deren Verwirklichung sich die Mitglieder einsetzen, sind die F\u00f6rderung der Verst\u00e4ndigung und Gerechtigkeit zwischen&hellip;<\/p>\n","protected":false},"author":298,"featured_media":0,"parent":0,"menu_order":0,"comment_status":"closed","ping_status":"closed","template":"","meta":{"footnotes":""},"class_list":["post-743","page","type-page","status-publish","hentry","description-off"],"yoast_head":"<!-- This site is optimized with the Yoast SEO plugin v26.8 - https:\/\/yoast.com\/product\/yoast-seo-wordpress\/ -->\n<title>Verein, Ziele, Satzung - Weltladen Linz am Rhein<\/title>\n<meta name=\"robots\" content=\"index, follow, max-snippet:-1, max-image-preview:large, max-video-preview:-1\" \/>\n<link rel=\"canonical\" href=\"https:\/\/weltlaeden.de\/linz\/verein-ziele-satzung\/\" \/>\n<meta property=\"og:locale\" content=\"de_DE\" \/>\n<meta property=\"og:type\" content=\"article\" \/>\n<meta property=\"og:title\" content=\"Verein, Ziele, Satzung - Weltladen Linz am Rhein\" \/>\n<meta property=\"og:description\" content=\"Der Verein Eine-Welt Linz e.V. wurde am 24. September 2012 gegr\u00fcndet. Zurzeit hat er 115 Mitglieder (Stand Juni 2024). Der Mitgliedsbeitrag betr\u00e4gt pro Jahr 20 Euro f\u00fcr Einzelpersonen und 50 Euro f\u00fcr juristische Personen (Stand Juni 2024) Ziele des Vereins, f\u00fcr deren Verwirklichung sich die Mitglieder einsetzen, sind die F\u00f6rderung der Verst\u00e4ndigung und Gerechtigkeit zwischen&hellip;\" \/>\n<meta property=\"og:url\" content=\"https:\/\/weltlaeden.de\/linz\/verein-ziele-satzung\/\" \/>\n<meta property=\"og:site_name\" content=\"Weltladen Linz am Rhein\" \/>\n<meta property=\"article:modified_time\" content=\"2024-08-02T21:21:18+00:00\" \/>\n<meta name=\"twitter:card\" content=\"summary_large_image\" \/>\n<meta name=\"twitter:label1\" content=\"Gesch\u00e4tzte Lesezeit\" \/>\n\t<meta name=\"twitter:data1\" content=\"8\u00a0Minuten\" \/>\n<script type=\"application\/ld+json\" class=\"yoast-schema-graph\">{\"@context\":\"https:\/\/schema.org\",\"@graph\":[{\"@type\":\"WebPage\",\"@id\":\"https:\/\/weltlaeden.de\/linz\/verein-ziele-satzung\/\",\"url\":\"https:\/\/weltlaeden.de\/linz\/verein-ziele-satzung\/\",\"name\":\"Verein, Ziele, Satzung - Weltladen Linz am Rhein\",\"isPartOf\":{\"@id\":\"https:\/\/weltlaeden.de\/linz\/#website\"},\"datePublished\":\"2024-05-13T10:03:33+00:00\",\"dateModified\":\"2024-08-02T21:21:18+00:00\",\"breadcrumb\":{\"@id\":\"https:\/\/weltlaeden.de\/linz\/verein-ziele-satzung\/#breadcrumb\"},\"inLanguage\":\"de\",\"potentialAction\":[{\"@type\":\"ReadAction\",\"target\":[\"https:\/\/weltlaeden.de\/linz\/verein-ziele-satzung\/\"]}]},{\"@type\":\"BreadcrumbList\",\"@id\":\"https:\/\/weltlaeden.de\/linz\/verein-ziele-satzung\/#breadcrumb\",\"itemListElement\":[{\"@type\":\"ListItem\",\"position\":1,\"name\":\"Startseite\",\"item\":\"https:\/\/weltlaeden.de\/linz\/\"},{\"@type\":\"ListItem\",\"position\":2,\"name\":\"Verein, Ziele, Satzung\"}]},{\"@type\":\"WebSite\",\"@id\":\"https:\/\/weltlaeden.de\/linz\/#website\",\"url\":\"https:\/\/weltlaeden.de\/linz\/\",\"name\":\"Weltladen Linz am Rhein\",\"description\":\"Faire Produkte seit 2013\",\"potentialAction\":[{\"@type\":\"SearchAction\",\"target\":{\"@type\":\"EntryPoint\",\"urlTemplate\":\"https:\/\/weltlaeden.de\/linz\/?s={search_term_string}\"},\"query-input\":{\"@type\":\"PropertyValueSpecification\",\"valueRequired\":true,\"valueName\":\"search_term_string\"}}],\"inLanguage\":\"de\"}]}<\/script>\n<!-- \/ Yoast SEO plugin. -->","yoast_head_json":{"title":"Verein, Ziele, Satzung - Weltladen Linz am Rhein","robots":{"index":"index","follow":"follow","max-snippet":"max-snippet:-1","max-image-preview":"max-image-preview:large","max-video-preview":"max-video-preview:-1"},"canonical":"https:\/\/weltlaeden.de\/linz\/verein-ziele-satzung\/","og_locale":"de_DE","og_type":"article","og_title":"Verein, Ziele, Satzung - Weltladen Linz am Rhein","og_description":"Der Verein Eine-Welt Linz e.V. wurde am 24. September 2012 gegr\u00fcndet. Zurzeit hat er 115 Mitglieder (Stand Juni 2024). Der Mitgliedsbeitrag betr\u00e4gt pro Jahr 20 Euro f\u00fcr Einzelpersonen und 50 Euro f\u00fcr juristische Personen (Stand Juni 2024) Ziele des Vereins, f\u00fcr deren Verwirklichung sich die Mitglieder einsetzen, sind die F\u00f6rderung der Verst\u00e4ndigung und Gerechtigkeit zwischen&hellip;","og_url":"https:\/\/weltlaeden.de\/linz\/verein-ziele-satzung\/","og_site_name":"Weltladen Linz am Rhein","article_modified_time":"2024-08-02T21:21:18+00:00","twitter_card":"summary_large_image","twitter_misc":{"Gesch\u00e4tzte Lesezeit":"8\u00a0Minuten"},"schema":{"@context":"https:\/\/schema.org","@graph":[{"@type":"WebPage","@id":"https:\/\/weltlaeden.de\/linz\/verein-ziele-satzung\/","url":"https:\/\/weltlaeden.de\/linz\/verein-ziele-satzung\/","name":"Verein, Ziele, Satzung - Weltladen Linz am Rhein","isPartOf":{"@id":"https:\/\/weltlaeden.de\/linz\/#website"},"datePublished":"2024-05-13T10:03:33+00:00","dateModified":"2024-08-02T21:21:18+00:00","breadcrumb":{"@id":"https:\/\/weltlaeden.de\/linz\/verein-ziele-satzung\/#breadcrumb"},"inLanguage":"de","potentialAction":[{"@type":"ReadAction","target":["https:\/\/weltlaeden.de\/linz\/verein-ziele-satzung\/"]}]},{"@type":"BreadcrumbList","@id":"https:\/\/weltlaeden.de\/linz\/verein-ziele-satzung\/#breadcrumb","itemListElement":[{"@type":"ListItem","position":1,"name":"Startseite","item":"https:\/\/weltlaeden.de\/linz\/"},{"@type":"ListItem","position":2,"name":"Verein, Ziele, Satzung"}]},{"@type":"WebSite","@id":"https:\/\/weltlaeden.de\/linz\/#website","url":"https:\/\/weltlaeden.de\/linz\/","name":"Weltladen Linz am Rhein","description":"Faire Produkte seit 2013","potentialAction":[{"@type":"SearchAction","target":{"@type":"EntryPoint","urlTemplate":"https:\/\/weltlaeden.de\/linz\/?s={search_term_string}"},"query-input":{"@type":"PropertyValueSpecification","valueRequired":true,"valueName":"search_term_string"}}],"inLanguage":"de"}]}},"_links":{"self":[{"href":"https:\/\/weltlaeden.de\/linz\/wp-json\/wp\/v2\/pages\/743","targetHints":{"allow":["GET"]}}],"collection":[{"href":"https:\/\/weltlaeden.de\/linz\/wp-json\/wp\/v2\/pages"}],"about":[{"href":"https:\/\/weltlaeden.de\/linz\/wp-json\/wp\/v2\/types\/page"}],"author":[{"embeddable":true,"href":"https:\/\/weltlaeden.de\/linz\/wp-json\/wp\/v2\/users\/298"}],"replies":[{"embeddable":true,"href":"https:\/\/weltlaeden.de\/linz\/wp-json\/wp\/v2\/comments?post=743"}],"version-history":[{"count":13,"href":"https:\/\/weltlaeden.de\/linz\/wp-json\/wp\/v2\/pages\/743\/revisions"}],"predecessor-version":[{"id":1735,"href":"https:\/\/weltlaeden.de\/linz\/wp-json\/wp\/v2\/pages\/743\/revisions\/1735"}],"wp:attachment":[{"href":"https:\/\/weltlaeden.de\/linz\/wp-json\/wp\/v2\/media?parent=743"}],"curies":[{"name":"wp","href":"https:\/\/api.w.org\/{rel}","templated":true}]}}