{"id":727,"date":"2024-05-13T11:54:41","date_gmt":"2024-05-13T09:54:41","guid":{"rendered":"https:\/\/weltlaeden.de\/linz\/?page_id=727"},"modified":"2024-09-16T18:18:44","modified_gmt":"2024-09-16T16:18:44","slug":"geschenkkoerbe-gutscheine","status":"publish","type":"page","link":"https:\/\/weltlaeden.de\/linz\/geschenkkoerbe-gutscheine\/","title":{"rendered":"Pr\u00e4sentk\u00f6rbe, Geschenkgutscheine"},"content":{"rendered":"<h2><strong><span style=\"color: #ff6600\">Sie suchen ein Geschenk z.B. f\u00fcr einen Geburtstag, eine Hochzeit, einen Jubilar, Ihre Freundin, Ihren Freund oder einen weiteren Anlass?<\/span><\/strong><\/h2>\n<p>&nbsp;<\/p>\n<p><img loading=\"lazy\" decoding=\"async\" class=\"alignnone wp-image-9090 \" src=\"https:\/\/weltlaeden.de\/bilderpool\/wp-content\/uploads\/sites\/3\/2018\/05\/Lebensmittel_WL-Bornheim-Christian-Schilling-300x201.jpg\" alt=\"Lebensmittel_WL-Bornheim-Christian-Schilling\" width=\"395\" height=\"265\" \/><\/p>\n<p>Schauen Sie mal im Weltladen vorbei. Die Mitarbeiter haben viele Ideen f\u00fcr Sie, beraten Sie, verpacken Ihnen Ihre Geschenke bereits ab 10 Euro und dekorieren Ihnen Pr\u00e4sentk\u00f6rbe ab einem Wert von 25 Euro.<\/p>\n<p><strong>Und wenn es schnell gehen soll, dann haben die Weltladen-<\/strong><strong>Mitarbeiter f\u00fcr Sie <\/strong><strong>schon ab 10 Euro einen <\/strong><strong>Geschenkgutschein.<\/strong><\/p>\n<p>&nbsp;<\/p>\n<p>&nbsp;<\/p>\n<p>&nbsp;<\/p>\n","protected":false},"excerpt":{"rendered":"<p>Sie suchen ein Geschenk z.B. f\u00fcr einen Geburtstag, eine Hochzeit, einen Jubilar, Ihre Freundin, Ihren Freund oder einen weiteren Anlass? &nbsp; Schauen Sie mal im Weltladen vorbei. Die Mitarbeiter haben viele Ideen f\u00fcr Sie, beraten Sie, verpacken Ihnen Ihre Geschenke bereits ab 10 Euro und dekorieren Ihnen Pr\u00e4sentk\u00f6rbe ab einem Wert von 25 Euro. Und&hellip;<\/p>\n","protected":false},"author":298,"featured_media":0,"parent":0,"menu_order":0,"comment_status":"closed","ping_status":"closed","template":"","meta":{"footnotes":""},"class_list":["post-727","page","type-page","status-publish","hentry","description-off"],"yoast_head":"<!-- This site is optimized with the Yoast SEO plugin v26.8 - https:\/\/yoast.com\/product\/yoast-seo-wordpress\/ -->\n<title>Pr\u00e4sentk\u00f6rbe, Geschenkgutscheine - Weltladen Linz am Rhein<\/title>\n<meta name=\"robots\" content=\"index, follow, max-snippet:-1, max-image-preview:large, max-video-preview:-1\" \/>\n<link rel=\"canonical\" href=\"https:\/\/weltlaeden.de\/linz\/geschenkkoerbe-gutscheine\/\" \/>\n<meta property=\"og:locale\" content=\"de_DE\" \/>\n<meta property=\"og:type\" content=\"article\" \/>\n<meta property=\"og:title\" content=\"Pr\u00e4sentk\u00f6rbe, Geschenkgutscheine - Weltladen Linz am Rhein\" \/>\n<meta property=\"og:description\" content=\"Sie suchen ein Geschenk z.B. f\u00fcr einen Geburtstag, eine Hochzeit, einen Jubilar, Ihre Freundin, Ihren Freund oder einen weiteren Anlass? &nbsp; Schauen Sie mal im Weltladen vorbei. Die Mitarbeiter haben viele Ideen f\u00fcr Sie, beraten Sie, verpacken Ihnen Ihre Geschenke bereits ab 10 Euro und dekorieren Ihnen Pr\u00e4sentk\u00f6rbe ab einem Wert von 25 Euro. Und&hellip;\" \/>\n<meta property=\"og:url\" content=\"https:\/\/weltlaeden.de\/linz\/geschenkkoerbe-gutscheine\/\" \/>\n<meta property=\"og:site_name\" content=\"Weltladen Linz am Rhein\" \/>\n<meta property=\"article:modified_time\" content=\"2024-09-16T16:18:44+00:00\" \/>\n<meta property=\"og:image\" content=\"https:\/\/weltlaeden.de\/bilderpool\/wp-content\/uploads\/sites\/3\/2018\/05\/Lebensmittel_WL-Bornheim-Christian-Schilling-300x201.jpg\" \/>\n<meta name=\"twitter:card\" content=\"summary_large_image\" \/>\n<meta name=\"twitter:label1\" content=\"Gesch\u00e4tzte Lesezeit\" \/>\n\t<meta name=\"twitter:data1\" content=\"1\u00a0Minute\" \/>\n<script type=\"application\/ld+json\" class=\"yoast-schema-graph\">{\"@context\":\"https:\/\/schema.org\",\"@graph\":[{\"@type\":\"WebPage\",\"@id\":\"https:\/\/weltlaeden.de\/linz\/geschenkkoerbe-gutscheine\/\",\"url\":\"https:\/\/weltlaeden.de\/linz\/geschenkkoerbe-gutscheine\/\",\"name\":\"Pr\u00e4sentk\u00f6rbe, Geschenkgutscheine - Weltladen Linz am Rhein\",\"isPartOf\":{\"@id\":\"https:\/\/weltlaeden.de\/linz\/#website\"},\"primaryImageOfPage\":{\"@id\":\"https:\/\/weltlaeden.de\/linz\/geschenkkoerbe-gutscheine\/#primaryimage\"},\"image\":{\"@id\":\"https:\/\/weltlaeden.de\/linz\/geschenkkoerbe-gutscheine\/#primaryimage\"},\"thumbnailUrl\":\"https:\/\/weltlaeden.de\/bilderpool\/wp-content\/uploads\/sites\/3\/2018\/05\/Lebensmittel_WL-Bornheim-Christian-Schilling-300x201.jpg\",\"datePublished\":\"2024-05-13T09:54:41+00:00\",\"dateModified\":\"2024-09-16T16:18:44+00:00\",\"breadcrumb\":{\"@id\":\"https:\/\/weltlaeden.de\/linz\/geschenkkoerbe-gutscheine\/#breadcrumb\"},\"inLanguage\":\"de\",\"potentialAction\":[{\"@type\":\"ReadAction\",\"target\":[\"https:\/\/weltlaeden.de\/linz\/geschenkkoerbe-gutscheine\/\"]}]},{\"@type\":\"ImageObject\",\"inLanguage\":\"de\",\"@id\":\"https:\/\/weltlaeden.de\/linz\/geschenkkoerbe-gutscheine\/#primaryimage\",\"url\":\"https:\/\/weltlaeden.de\/bilderpool\/wp-content\/uploads\/sites\/3\/2018\/05\/Lebensmittel_WL-Bornheim-Christian-Schilling-300x201.jpg\",\"contentUrl\":\"https:\/\/weltlaeden.de\/bilderpool\/wp-content\/uploads\/sites\/3\/2018\/05\/Lebensmittel_WL-Bornheim-Christian-Schilling-300x201.jpg\"},{\"@type\":\"BreadcrumbList\",\"@id\":\"https:\/\/weltlaeden.de\/linz\/geschenkkoerbe-gutscheine\/#breadcrumb\",\"itemListElement\":[{\"@type\":\"ListItem\",\"position\":1,\"name\":\"Startseite\",\"item\":\"https:\/\/weltlaeden.de\/linz\/\"},{\"@type\":\"ListItem\",\"position\":2,\"name\":\"Pr\u00e4sentk\u00f6rbe, Geschenkgutscheine\"}]},{\"@type\":\"WebSite\",\"@id\":\"https:\/\/weltlaeden.de\/linz\/#website\",\"url\":\"https:\/\/weltlaeden.de\/linz\/\",\"name\":\"Weltladen Linz am Rhein\",\"description\":\"Faire Produkte seit 2013\",\"potentialAction\":[{\"@type\":\"SearchAction\",\"target\":{\"@type\":\"EntryPoint\",\"urlTemplate\":\"https:\/\/weltlaeden.de\/linz\/?s={search_term_string}\"},\"query-input\":{\"@type\":\"PropertyValueSpecification\",\"valueRequired\":true,\"valueName\":\"search_term_string\"}}],\"inLanguage\":\"de\"}]}<\/script>\n<!-- \/ Yoast SEO plugin. -->","yoast_head_json":{"title":"Pr\u00e4sentk\u00f6rbe, Geschenkgutscheine - Weltladen Linz am Rhein","robots":{"index":"index","follow":"follow","max-snippet":"max-snippet:-1","max-image-preview":"max-image-preview:large","max-video-preview":"max-video-preview:-1"},"canonical":"https:\/\/weltlaeden.de\/linz\/geschenkkoerbe-gutscheine\/","og_locale":"de_DE","og_type":"article","og_title":"Pr\u00e4sentk\u00f6rbe, Geschenkgutscheine - Weltladen Linz am Rhein","og_description":"Sie suchen ein Geschenk z.B. f\u00fcr einen Geburtstag, eine Hochzeit, einen Jubilar, Ihre Freundin, Ihren Freund oder einen weiteren Anlass? &nbsp; Schauen Sie mal im Weltladen vorbei. Die Mitarbeiter haben viele Ideen f\u00fcr Sie, beraten Sie, verpacken Ihnen Ihre Geschenke bereits ab 10 Euro und dekorieren Ihnen Pr\u00e4sentk\u00f6rbe ab einem Wert von 25 Euro. Und&hellip;","og_url":"https:\/\/weltlaeden.de\/linz\/geschenkkoerbe-gutscheine\/","og_site_name":"Weltladen Linz am Rhein","article_modified_time":"2024-09-16T16:18:44+00:00","og_image":[{"url":"https:\/\/weltlaeden.de\/bilderpool\/wp-content\/uploads\/sites\/3\/2018\/05\/Lebensmittel_WL-Bornheim-Christian-Schilling-300x201.jpg","type":"","width":"","height":""}],"twitter_card":"summary_large_image","twitter_misc":{"Gesch\u00e4tzte Lesezeit":"1\u00a0Minute"},"schema":{"@context":"https:\/\/schema.org","@graph":[{"@type":"WebPage","@id":"https:\/\/weltlaeden.de\/linz\/geschenkkoerbe-gutscheine\/","url":"https:\/\/weltlaeden.de\/linz\/geschenkkoerbe-gutscheine\/","name":"Pr\u00e4sentk\u00f6rbe, Geschenkgutscheine - Weltladen Linz am Rhein","isPartOf":{"@id":"https:\/\/weltlaeden.de\/linz\/#website"},"primaryImageOfPage":{"@id":"https:\/\/weltlaeden.de\/linz\/geschenkkoerbe-gutscheine\/#primaryimage"},"image":{"@id":"https:\/\/weltlaeden.de\/linz\/geschenkkoerbe-gutscheine\/#primaryimage"},"thumbnailUrl":"https:\/\/weltlaeden.de\/bilderpool\/wp-content\/uploads\/sites\/3\/2018\/05\/Lebensmittel_WL-Bornheim-Christian-Schilling-300x201.jpg","datePublished":"2024-05-13T09:54:41+00:00","dateModified":"2024-09-16T16:18:44+00:00","breadcrumb":{"@id":"https:\/\/weltlaeden.de\/linz\/geschenkkoerbe-gutscheine\/#breadcrumb"},"inLanguage":"de","potentialAction":[{"@type":"ReadAction","target":["https:\/\/weltlaeden.de\/linz\/geschenkkoerbe-gutscheine\/"]}]},{"@type":"ImageObject","inLanguage":"de","@id":"https:\/\/weltlaeden.de\/linz\/geschenkkoerbe-gutscheine\/#primaryimage","url":"https:\/\/weltlaeden.de\/bilderpool\/wp-content\/uploads\/sites\/3\/2018\/05\/Lebensmittel_WL-Bornheim-Christian-Schilling-300x201.jpg","contentUrl":"https:\/\/weltlaeden.de\/bilderpool\/wp-content\/uploads\/sites\/3\/2018\/05\/Lebensmittel_WL-Bornheim-Christian-Schilling-300x201.jpg"},{"@type":"BreadcrumbList","@id":"https:\/\/weltlaeden.de\/linz\/geschenkkoerbe-gutscheine\/#breadcrumb","itemListElement":[{"@type":"ListItem","position":1,"name":"Startseite","item":"https:\/\/weltlaeden.de\/linz\/"},{"@type":"ListItem","position":2,"name":"Pr\u00e4sentk\u00f6rbe, Geschenkgutscheine"}]},{"@type":"WebSite","@id":"https:\/\/weltlaeden.de\/linz\/#website","url":"https:\/\/weltlaeden.de\/linz\/","name":"Weltladen Linz am Rhein","description":"Faire Produkte seit 2013","potentialAction":[{"@type":"SearchAction","target":{"@type":"EntryPoint","urlTemplate":"https:\/\/weltlaeden.de\/linz\/?s={search_term_string}"},"query-input":{"@type":"PropertyValueSpecification","valueRequired":true,"valueName":"search_term_string"}}],"inLanguage":"de"}]}},"_links":{"self":[{"href":"https:\/\/weltlaeden.de\/linz\/wp-json\/wp\/v2\/pages\/727","targetHints":{"allow":["GET"]}}],"collection":[{"href":"https:\/\/weltlaeden.de\/linz\/wp-json\/wp\/v2\/pages"}],"about":[{"href":"https:\/\/weltlaeden.de\/linz\/wp-json\/wp\/v2\/types\/page"}],"author":[{"embeddable":true,"href":"https:\/\/weltlaeden.de\/linz\/wp-json\/wp\/v2\/users\/298"}],"replies":[{"embeddable":true,"href":"https:\/\/weltlaeden.de\/linz\/wp-json\/wp\/v2\/comments?post=727"}],"version-history":[{"count":13,"href":"https:\/\/weltlaeden.de\/linz\/wp-json\/wp\/v2\/pages\/727\/revisions"}],"predecessor-version":[{"id":2031,"href":"https:\/\/weltlaeden.de\/linz\/wp-json\/wp\/v2\/pages\/727\/revisions\/2031"}],"wp:attachment":[{"href":"https:\/\/weltlaeden.de\/linz\/wp-json\/wp\/v2\/media?parent=727"}],"curies":[{"name":"wp","href":"https:\/\/api.w.org\/{rel}","templated":true}]}}