{"id":725,"date":"2024-05-13T11:50:20","date_gmt":"2024-05-13T09:50:20","guid":{"rendered":"https:\/\/weltlaeden.de\/linz\/?page_id=725"},"modified":"2024-07-22T22:54:42","modified_gmt":"2024-07-22T20:54:42","slug":"kosmetik","status":"publish","type":"page","link":"https:\/\/weltlaeden.de\/linz\/kosmetik\/","title":{"rendered":"Handgemachte Seifen"},"content":{"rendered":"<h2><span style=\"color: #ff6600\"><strong>Seit einiger Zeit hat der Weltladen sein Angebot erweitert um handgemachte hochwertige Seifen aus Fairem Handel. Zum Beispiel&#8230;<\/strong><\/span><\/h2>\n<p>&nbsp;<\/p>\n<p><img loading=\"lazy\" decoding=\"async\" class=\" wp-image-1304\" src=\"https:\/\/weltlaeden.de\/linz\/wp-content\/uploads\/sites\/204\/2024\/07\/24000042_24_06_14_Bild-0038_RE-Kopie-300x239.jpg\" alt=\"\" width=\"589\" height=\"469\" srcset=\"https:\/\/weltlaeden.de\/linz\/wp-content\/uploads\/sites\/204\/2024\/07\/24000042_24_06_14_Bild-0038_RE-Kopie-300x239.jpg 300w, https:\/\/weltlaeden.de\/linz\/wp-content\/uploads\/sites\/204\/2024\/07\/24000042_24_06_14_Bild-0038_RE-Kopie-1024x817.jpg 1024w, https:\/\/weltlaeden.de\/linz\/wp-content\/uploads\/sites\/204\/2024\/07\/24000042_24_06_14_Bild-0038_RE-Kopie-768x613.jpg 768w, https:\/\/weltlaeden.de\/linz\/wp-content\/uploads\/sites\/204\/2024\/07\/24000042_24_06_14_Bild-0038_RE-Kopie-1536x1226.jpg 1536w, https:\/\/weltlaeden.de\/linz\/wp-content\/uploads\/sites\/204\/2024\/07\/24000042_24_06_14_Bild-0038_RE-Kopie.jpg 2048w\" sizes=\"auto, (max-width: 589px) 100vw, 589px\" \/><br \/>\n<strong>&#8222;Sweet Cake&#8220;: Duftige Seifen von EL Puente aus Thailand als &#8222;Kuchenst\u00fcckchen&#8220;.<\/strong><br \/>\nMit sanftem Schaum und herrlichen D\u00fcften verzaubern die Seifen von Soap-n-Scent aus<br \/>\nThailand. Sie werden in traditioneller Handarbeit hergestellt. Dabei legt die Fair Trade<br \/>\nOrganisation besonderen Wert auf nat\u00fcrliche Zutaten aus nachhaltigem Anbau.<\/p>\n<p><span style=\"color: #ff0000\">\u00a0<\/span><\/p>\n<p><img loading=\"lazy\" decoding=\"async\" class=\" wp-image-1303\" src=\"https:\/\/weltlaeden.de\/linz\/wp-content\/uploads\/sites\/204\/2024\/07\/24000042_24_06_14_Bild-0037._RE-Kopie-300x211.jpg\" alt=\"\" width=\"588\" height=\"413\" srcset=\"https:\/\/weltlaeden.de\/linz\/wp-content\/uploads\/sites\/204\/2024\/07\/24000042_24_06_14_Bild-0037._RE-Kopie-300x211.jpg 300w, https:\/\/weltlaeden.de\/linz\/wp-content\/uploads\/sites\/204\/2024\/07\/24000042_24_06_14_Bild-0037._RE-Kopie-1024x721.jpg 1024w, https:\/\/weltlaeden.de\/linz\/wp-content\/uploads\/sites\/204\/2024\/07\/24000042_24_06_14_Bild-0037._RE-Kopie-768x540.jpg 768w, https:\/\/weltlaeden.de\/linz\/wp-content\/uploads\/sites\/204\/2024\/07\/24000042_24_06_14_Bild-0037._RE-Kopie-1536x1081.jpg 1536w, https:\/\/weltlaeden.de\/linz\/wp-content\/uploads\/sites\/204\/2024\/07\/24000042_24_06_14_Bild-0037._RE-Kopie.jpg 2048w\" sizes=\"auto, (max-width: 588px) 100vw, 588px\" \/><br \/>\n<strong>Mit Sementes Regenwaldseifen sch\u00fctzt man das Klima und den Regenwald.<\/strong><br \/>\nDie Seifen bestehen fast vollst\u00e4ndig aus hochwertigen Frucht- und Samen\u00f6len, die im<br \/>\nRegenwald gesammelt werden. Die Seifen sind frei von k\u00fcnstlich-chemischen Bestandteilen<br \/>\nund enthalten kein Kokos\u00f6l und kein Palm\u00f6l. F\u00fcr einen angenehmen Duft werden reine,<br \/>\nnat\u00fcrliche \u00e4therische \u00d6le verwendet.<\/p>\n<p>&nbsp;<\/p>\n<p>&nbsp;<\/p>\n<p>&nbsp;<\/p>\n<p>&nbsp;<\/p>\n<p>&nbsp;<\/p>\n<p>&nbsp;<\/p>\n","protected":false},"excerpt":{"rendered":"<p>Seit einiger Zeit hat der Weltladen sein Angebot erweitert um handgemachte hochwertige Seifen aus Fairem Handel. Zum Beispiel&#8230; &nbsp; &#8222;Sweet Cake&#8220;: Duftige Seifen von EL Puente aus Thailand als &#8222;Kuchenst\u00fcckchen&#8220;. Mit sanftem Schaum und herrlichen D\u00fcften verzaubern die Seifen von Soap-n-Scent aus Thailand. Sie werden in traditioneller Handarbeit hergestellt. Dabei legt die Fair Trade Organisation&hellip;<\/p>\n","protected":false},"author":298,"featured_media":0,"parent":0,"menu_order":0,"comment_status":"closed","ping_status":"closed","template":"","meta":{"footnotes":""},"class_list":["post-725","page","type-page","status-publish","hentry","description-off"],"yoast_head":"<!-- This site is optimized with the Yoast SEO plugin v26.8 - https:\/\/yoast.com\/product\/yoast-seo-wordpress\/ -->\n<title>Handgemachte Seifen - Weltladen Linz am Rhein<\/title>\n<meta name=\"robots\" content=\"index, follow, max-snippet:-1, max-image-preview:large, max-video-preview:-1\" \/>\n<link rel=\"canonical\" href=\"https:\/\/weltlaeden.de\/linz\/kosmetik\/\" \/>\n<meta property=\"og:locale\" content=\"de_DE\" \/>\n<meta property=\"og:type\" content=\"article\" \/>\n<meta property=\"og:title\" content=\"Handgemachte Seifen - Weltladen Linz am Rhein\" \/>\n<meta property=\"og:description\" content=\"Seit einiger Zeit hat der Weltladen sein Angebot erweitert um handgemachte hochwertige Seifen aus Fairem Handel. Zum Beispiel&#8230; &nbsp; &#8222;Sweet Cake&#8220;: Duftige Seifen von EL Puente aus Thailand als &#8222;Kuchenst\u00fcckchen&#8220;. Mit sanftem Schaum und herrlichen D\u00fcften verzaubern die Seifen von Soap-n-Scent aus Thailand. Sie werden in traditioneller Handarbeit hergestellt. Dabei legt die Fair Trade Organisation&hellip;\" \/>\n<meta property=\"og:url\" content=\"https:\/\/weltlaeden.de\/linz\/kosmetik\/\" \/>\n<meta property=\"og:site_name\" content=\"Weltladen Linz am Rhein\" \/>\n<meta property=\"article:modified_time\" content=\"2024-07-22T20:54:42+00:00\" \/>\n<meta property=\"og:image\" content=\"https:\/\/weltlaeden.de\/linz\/wp-content\/uploads\/sites\/204\/2024\/07\/24000042_24_06_14_Bild-0038_RE-Kopie-300x239.jpg\" \/>\n<meta name=\"twitter:card\" content=\"summary_large_image\" \/>\n<meta name=\"twitter:label1\" content=\"Gesch\u00e4tzte Lesezeit\" \/>\n\t<meta name=\"twitter:data1\" content=\"2\u00a0Minuten\" \/>\n<script type=\"application\/ld+json\" class=\"yoast-schema-graph\">{\"@context\":\"https:\/\/schema.org\",\"@graph\":[{\"@type\":\"WebPage\",\"@id\":\"https:\/\/weltlaeden.de\/linz\/kosmetik\/\",\"url\":\"https:\/\/weltlaeden.de\/linz\/kosmetik\/\",\"name\":\"Handgemachte Seifen - Weltladen Linz am Rhein\",\"isPartOf\":{\"@id\":\"https:\/\/weltlaeden.de\/linz\/#website\"},\"primaryImageOfPage\":{\"@id\":\"https:\/\/weltlaeden.de\/linz\/kosmetik\/#primaryimage\"},\"image\":{\"@id\":\"https:\/\/weltlaeden.de\/linz\/kosmetik\/#primaryimage\"},\"thumbnailUrl\":\"https:\/\/weltlaeden.de\/linz\/wp-content\/uploads\/sites\/204\/2024\/07\/24000042_24_06_14_Bild-0038_RE-Kopie-300x239.jpg\",\"datePublished\":\"2024-05-13T09:50:20+00:00\",\"dateModified\":\"2024-07-22T20:54:42+00:00\",\"breadcrumb\":{\"@id\":\"https:\/\/weltlaeden.de\/linz\/kosmetik\/#breadcrumb\"},\"inLanguage\":\"de\",\"potentialAction\":[{\"@type\":\"ReadAction\",\"target\":[\"https:\/\/weltlaeden.de\/linz\/kosmetik\/\"]}]},{\"@type\":\"ImageObject\",\"inLanguage\":\"de\",\"@id\":\"https:\/\/weltlaeden.de\/linz\/kosmetik\/#primaryimage\",\"url\":\"https:\/\/weltlaeden.de\/linz\/wp-content\/uploads\/sites\/204\/2024\/07\/24000042_24_06_14_Bild-0038_RE-Kopie.jpg\",\"contentUrl\":\"https:\/\/weltlaeden.de\/linz\/wp-content\/uploads\/sites\/204\/2024\/07\/24000042_24_06_14_Bild-0038_RE-Kopie.jpg\",\"width\":2048,\"height\":1634,\"caption\":\"Produkte Weltladen Linz\"},{\"@type\":\"BreadcrumbList\",\"@id\":\"https:\/\/weltlaeden.de\/linz\/kosmetik\/#breadcrumb\",\"itemListElement\":[{\"@type\":\"ListItem\",\"position\":1,\"name\":\"Startseite\",\"item\":\"https:\/\/weltlaeden.de\/linz\/\"},{\"@type\":\"ListItem\",\"position\":2,\"name\":\"Handgemachte Seifen\"}]},{\"@type\":\"WebSite\",\"@id\":\"https:\/\/weltlaeden.de\/linz\/#website\",\"url\":\"https:\/\/weltlaeden.de\/linz\/\",\"name\":\"Weltladen Linz am Rhein\",\"description\":\"Faire Produkte seit 2013\",\"potentialAction\":[{\"@type\":\"SearchAction\",\"target\":{\"@type\":\"EntryPoint\",\"urlTemplate\":\"https:\/\/weltlaeden.de\/linz\/?s={search_term_string}\"},\"query-input\":{\"@type\":\"PropertyValueSpecification\",\"valueRequired\":true,\"valueName\":\"search_term_string\"}}],\"inLanguage\":\"de\"}]}<\/script>\n<!-- \/ Yoast SEO plugin. -->","yoast_head_json":{"title":"Handgemachte Seifen - Weltladen Linz am Rhein","robots":{"index":"index","follow":"follow","max-snippet":"max-snippet:-1","max-image-preview":"max-image-preview:large","max-video-preview":"max-video-preview:-1"},"canonical":"https:\/\/weltlaeden.de\/linz\/kosmetik\/","og_locale":"de_DE","og_type":"article","og_title":"Handgemachte Seifen - Weltladen Linz am Rhein","og_description":"Seit einiger Zeit hat der Weltladen sein Angebot erweitert um handgemachte hochwertige Seifen aus Fairem Handel. Zum Beispiel&#8230; &nbsp; &#8222;Sweet Cake&#8220;: Duftige Seifen von EL Puente aus Thailand als &#8222;Kuchenst\u00fcckchen&#8220;. Mit sanftem Schaum und herrlichen D\u00fcften verzaubern die Seifen von Soap-n-Scent aus Thailand. Sie werden in traditioneller Handarbeit hergestellt. Dabei legt die Fair Trade Organisation&hellip;","og_url":"https:\/\/weltlaeden.de\/linz\/kosmetik\/","og_site_name":"Weltladen Linz am Rhein","article_modified_time":"2024-07-22T20:54:42+00:00","og_image":[{"url":"https:\/\/weltlaeden.de\/linz\/wp-content\/uploads\/sites\/204\/2024\/07\/24000042_24_06_14_Bild-0038_RE-Kopie-300x239.jpg","type":"","width":"","height":""}],"twitter_card":"summary_large_image","twitter_misc":{"Gesch\u00e4tzte Lesezeit":"2\u00a0Minuten"},"schema":{"@context":"https:\/\/schema.org","@graph":[{"@type":"WebPage","@id":"https:\/\/weltlaeden.de\/linz\/kosmetik\/","url":"https:\/\/weltlaeden.de\/linz\/kosmetik\/","name":"Handgemachte Seifen - Weltladen Linz am Rhein","isPartOf":{"@id":"https:\/\/weltlaeden.de\/linz\/#website"},"primaryImageOfPage":{"@id":"https:\/\/weltlaeden.de\/linz\/kosmetik\/#primaryimage"},"image":{"@id":"https:\/\/weltlaeden.de\/linz\/kosmetik\/#primaryimage"},"thumbnailUrl":"https:\/\/weltlaeden.de\/linz\/wp-content\/uploads\/sites\/204\/2024\/07\/24000042_24_06_14_Bild-0038_RE-Kopie-300x239.jpg","datePublished":"2024-05-13T09:50:20+00:00","dateModified":"2024-07-22T20:54:42+00:00","breadcrumb":{"@id":"https:\/\/weltlaeden.de\/linz\/kosmetik\/#breadcrumb"},"inLanguage":"de","potentialAction":[{"@type":"ReadAction","target":["https:\/\/weltlaeden.de\/linz\/kosmetik\/"]}]},{"@type":"ImageObject","inLanguage":"de","@id":"https:\/\/weltlaeden.de\/linz\/kosmetik\/#primaryimage","url":"https:\/\/weltlaeden.de\/linz\/wp-content\/uploads\/sites\/204\/2024\/07\/24000042_24_06_14_Bild-0038_RE-Kopie.jpg","contentUrl":"https:\/\/weltlaeden.de\/linz\/wp-content\/uploads\/sites\/204\/2024\/07\/24000042_24_06_14_Bild-0038_RE-Kopie.jpg","width":2048,"height":1634,"caption":"Produkte Weltladen Linz"},{"@type":"BreadcrumbList","@id":"https:\/\/weltlaeden.de\/linz\/kosmetik\/#breadcrumb","itemListElement":[{"@type":"ListItem","position":1,"name":"Startseite","item":"https:\/\/weltlaeden.de\/linz\/"},{"@type":"ListItem","position":2,"name":"Handgemachte Seifen"}]},{"@type":"WebSite","@id":"https:\/\/weltlaeden.de\/linz\/#website","url":"https:\/\/weltlaeden.de\/linz\/","name":"Weltladen Linz am Rhein","description":"Faire Produkte seit 2013","potentialAction":[{"@type":"SearchAction","target":{"@type":"EntryPoint","urlTemplate":"https:\/\/weltlaeden.de\/linz\/?s={search_term_string}"},"query-input":{"@type":"PropertyValueSpecification","valueRequired":true,"valueName":"search_term_string"}}],"inLanguage":"de"}]}},"_links":{"self":[{"href":"https:\/\/weltlaeden.de\/linz\/wp-json\/wp\/v2\/pages\/725","targetHints":{"allow":["GET"]}}],"collection":[{"href":"https:\/\/weltlaeden.de\/linz\/wp-json\/wp\/v2\/pages"}],"about":[{"href":"https:\/\/weltlaeden.de\/linz\/wp-json\/wp\/v2\/types\/page"}],"author":[{"embeddable":true,"href":"https:\/\/weltlaeden.de\/linz\/wp-json\/wp\/v2\/users\/298"}],"replies":[{"embeddable":true,"href":"https:\/\/weltlaeden.de\/linz\/wp-json\/wp\/v2\/comments?post=725"}],"version-history":[{"count":22,"href":"https:\/\/weltlaeden.de\/linz\/wp-json\/wp\/v2\/pages\/725\/revisions"}],"predecessor-version":[{"id":1689,"href":"https:\/\/weltlaeden.de\/linz\/wp-json\/wp\/v2\/pages\/725\/revisions\/1689"}],"wp:attachment":[{"href":"https:\/\/weltlaeden.de\/linz\/wp-json\/wp\/v2\/media?parent=725"}],"curies":[{"name":"wp","href":"https:\/\/api.w.org\/{rel}","templated":true}]}}