{"id":719,"date":"2024-05-13T11:46:15","date_gmt":"2024-05-13T09:46:15","guid":{"rendered":"https:\/\/weltlaeden.de\/linz\/?page_id=719"},"modified":"2024-07-31T22:45:20","modified_gmt":"2024-07-31T20:45:20","slug":"suesse-versuchungen","status":"publish","type":"page","link":"https:\/\/weltlaeden.de\/linz\/suesse-versuchungen\/","title":{"rendered":"S\u00fc\u00dfe Versuchungen"},"content":{"rendered":"<h1><strong><span style=\"color: #ff6600\">F\u00fcr &#8222;Leckerm\u00e4uler&#8220;<br \/>\ngibt es im Weltladen viele Versuchungen<\/span><\/strong><\/h1>\n<p>&nbsp;<\/p>\n<p><img loading=\"lazy\" decoding=\"async\" class=\" wp-image-1515\" src=\"https:\/\/weltlaeden.de\/linz\/wp-content\/uploads\/sites\/204\/2024\/07\/24000042_24_07_12_Bild-0004_RE-300x200.jpg\" alt=\"\" width=\"386\" height=\"257\" srcset=\"https:\/\/weltlaeden.de\/linz\/wp-content\/uploads\/sites\/204\/2024\/07\/24000042_24_07_12_Bild-0004_RE-300x200.jpg 300w, https:\/\/weltlaeden.de\/linz\/wp-content\/uploads\/sites\/204\/2024\/07\/24000042_24_07_12_Bild-0004_RE-1024x683.jpg 1024w, https:\/\/weltlaeden.de\/linz\/wp-content\/uploads\/sites\/204\/2024\/07\/24000042_24_07_12_Bild-0004_RE-768x512.jpg 768w, https:\/\/weltlaeden.de\/linz\/wp-content\/uploads\/sites\/204\/2024\/07\/24000042_24_07_12_Bild-0004_RE-1536x1024.jpg 1536w, https:\/\/weltlaeden.de\/linz\/wp-content\/uploads\/sites\/204\/2024\/07\/24000042_24_07_12_Bild-0004_RE.jpg 2048w\" sizes=\"auto, (max-width: 386px) 100vw, 386px\" \/> \u00a0 \u00a0\u00a0 <img loading=\"lazy\" decoding=\"async\" class=\"alignnone wp-image-932\" src=\"https:\/\/weltlaeden.de\/linz\/wp-content\/uploads\/sites\/204\/2024\/06\/20230915_113659-300x238.jpg\" alt=\"\" width=\"308\" height=\"245\" srcset=\"https:\/\/weltlaeden.de\/linz\/wp-content\/uploads\/sites\/204\/2024\/06\/20230915_113659-300x238.jpg 300w, https:\/\/weltlaeden.de\/linz\/wp-content\/uploads\/sites\/204\/2024\/06\/20230915_113659-1024x812.jpg 1024w, https:\/\/weltlaeden.de\/linz\/wp-content\/uploads\/sites\/204\/2024\/06\/20230915_113659-768x609.jpg 768w, https:\/\/weltlaeden.de\/linz\/wp-content\/uploads\/sites\/204\/2024\/06\/20230915_113659-1536x1217.jpg 1536w, https:\/\/weltlaeden.de\/linz\/wp-content\/uploads\/sites\/204\/2024\/06\/20230915_113659.jpg 1596w\" sizes=\"auto, (max-width: 308px) 100vw, 308px\" \/><\/p>\n<p>Beispiele f\u00fcr das &#8222;s\u00fc\u00dfe&#8220; Weltladenangebot<\/p>\n<p><img loading=\"lazy\" decoding=\"async\" class=\"alignnone  wp-image-1709\" src=\"https:\/\/weltlaeden.de\/linz\/wp-content\/uploads\/sites\/204\/2024\/07\/20240730_144423-300x152.jpg\" alt=\"\" width=\"446\" height=\"226\" \/> \u00a0\u00a0 \u00a0 <img loading=\"lazy\" decoding=\"async\" class=\"alignnone size-medium wp-image-1708\" src=\"https:\/\/weltlaeden.de\/linz\/wp-content\/uploads\/sites\/204\/2024\/07\/20240730_144328-225x300.jpg\" alt=\"\" width=\"225\" height=\"300\" \/><\/p>\n<p>Das Angebot an leckeren S\u00fcssigkeiten aus Fairem Handel reicht von ann\u00e4hernd 20 verschiedenen Schokoladen \u00fcber Fruchtgummis, Bonbons und Mangochips bis hin zu leckeren Pralinensorten. Einfach mal probieren! Oder verschenken!<\/p>\n<p>&nbsp;<\/p>\n","protected":false},"excerpt":{"rendered":"<p>F\u00fcr &#8222;Leckerm\u00e4uler&#8220; gibt es im Weltladen viele Versuchungen &nbsp; \u00a0 \u00a0\u00a0 Beispiele f\u00fcr das &#8222;s\u00fc\u00dfe&#8220; Weltladenangebot \u00a0\u00a0 \u00a0 Das Angebot an leckeren S\u00fcssigkeiten aus Fairem Handel reicht von ann\u00e4hernd 20 verschiedenen Schokoladen \u00fcber Fruchtgummis, Bonbons und Mangochips bis hin zu leckeren Pralinensorten. Einfach mal probieren! Oder verschenken! &nbsp;<\/p>\n","protected":false},"author":298,"featured_media":0,"parent":0,"menu_order":0,"comment_status":"closed","ping_status":"closed","template":"","meta":{"footnotes":""},"class_list":["post-719","page","type-page","status-publish","hentry","description-off"],"yoast_head":"<!-- This site is optimized with the Yoast SEO plugin v26.8 - https:\/\/yoast.com\/product\/yoast-seo-wordpress\/ -->\n<title>S\u00fc\u00dfe Versuchungen - Weltladen Linz am Rhein<\/title>\n<meta name=\"robots\" content=\"index, follow, max-snippet:-1, max-image-preview:large, max-video-preview:-1\" \/>\n<link rel=\"canonical\" href=\"https:\/\/weltlaeden.de\/linz\/suesse-versuchungen\/\" \/>\n<meta property=\"og:locale\" content=\"de_DE\" \/>\n<meta property=\"og:type\" content=\"article\" \/>\n<meta property=\"og:title\" content=\"S\u00fc\u00dfe Versuchungen - Weltladen Linz am Rhein\" \/>\n<meta property=\"og:description\" content=\"F\u00fcr &#8222;Leckerm\u00e4uler&#8220; gibt es im Weltladen viele Versuchungen &nbsp; \u00a0 \u00a0\u00a0 Beispiele f\u00fcr das &#8222;s\u00fc\u00dfe&#8220; Weltladenangebot \u00a0\u00a0 \u00a0 Das Angebot an leckeren S\u00fcssigkeiten aus Fairem Handel reicht von ann\u00e4hernd 20 verschiedenen Schokoladen \u00fcber Fruchtgummis, Bonbons und Mangochips bis hin zu leckeren Pralinensorten. Einfach mal probieren! Oder verschenken! &nbsp;\" \/>\n<meta property=\"og:url\" content=\"https:\/\/weltlaeden.de\/linz\/suesse-versuchungen\/\" \/>\n<meta property=\"og:site_name\" content=\"Weltladen Linz am Rhein\" \/>\n<meta property=\"article:modified_time\" content=\"2024-07-31T20:45:20+00:00\" \/>\n<meta property=\"og:image\" content=\"https:\/\/weltlaeden.de\/linz\/wp-content\/uploads\/sites\/204\/2024\/07\/24000042_24_07_12_Bild-0004_RE-300x200.jpg\" \/>\n<meta name=\"twitter:card\" content=\"summary_large_image\" \/>\n<meta name=\"twitter:label1\" content=\"Gesch\u00e4tzte Lesezeit\" \/>\n\t<meta name=\"twitter:data1\" content=\"2\u00a0Minuten\" \/>\n<script type=\"application\/ld+json\" class=\"yoast-schema-graph\">{\"@context\":\"https:\/\/schema.org\",\"@graph\":[{\"@type\":\"WebPage\",\"@id\":\"https:\/\/weltlaeden.de\/linz\/suesse-versuchungen\/\",\"url\":\"https:\/\/weltlaeden.de\/linz\/suesse-versuchungen\/\",\"name\":\"S\u00fc\u00dfe Versuchungen - Weltladen Linz am Rhein\",\"isPartOf\":{\"@id\":\"https:\/\/weltlaeden.de\/linz\/#website\"},\"primaryImageOfPage\":{\"@id\":\"https:\/\/weltlaeden.de\/linz\/suesse-versuchungen\/#primaryimage\"},\"image\":{\"@id\":\"https:\/\/weltlaeden.de\/linz\/suesse-versuchungen\/#primaryimage\"},\"thumbnailUrl\":\"https:\/\/weltlaeden.de\/linz\/wp-content\/uploads\/sites\/204\/2024\/07\/24000042_24_07_12_Bild-0004_RE-300x200.jpg\",\"datePublished\":\"2024-05-13T09:46:15+00:00\",\"dateModified\":\"2024-07-31T20:45:20+00:00\",\"breadcrumb\":{\"@id\":\"https:\/\/weltlaeden.de\/linz\/suesse-versuchungen\/#breadcrumb\"},\"inLanguage\":\"de\",\"potentialAction\":[{\"@type\":\"ReadAction\",\"target\":[\"https:\/\/weltlaeden.de\/linz\/suesse-versuchungen\/\"]}]},{\"@type\":\"ImageObject\",\"inLanguage\":\"de\",\"@id\":\"https:\/\/weltlaeden.de\/linz\/suesse-versuchungen\/#primaryimage\",\"url\":\"https:\/\/weltlaeden.de\/linz\/wp-content\/uploads\/sites\/204\/2024\/07\/24000042_24_07_12_Bild-0004_RE.jpg\",\"contentUrl\":\"https:\/\/weltlaeden.de\/linz\/wp-content\/uploads\/sites\/204\/2024\/07\/24000042_24_07_12_Bild-0004_RE.jpg\",\"width\":2048,\"height\":1365,\"caption\":\"Weltladen Linz - Produkte\"},{\"@type\":\"BreadcrumbList\",\"@id\":\"https:\/\/weltlaeden.de\/linz\/suesse-versuchungen\/#breadcrumb\",\"itemListElement\":[{\"@type\":\"ListItem\",\"position\":1,\"name\":\"Startseite\",\"item\":\"https:\/\/weltlaeden.de\/linz\/\"},{\"@type\":\"ListItem\",\"position\":2,\"name\":\"S\u00fc\u00dfe Versuchungen\"}]},{\"@type\":\"WebSite\",\"@id\":\"https:\/\/weltlaeden.de\/linz\/#website\",\"url\":\"https:\/\/weltlaeden.de\/linz\/\",\"name\":\"Weltladen Linz am Rhein\",\"description\":\"Faire Produkte seit 2013\",\"potentialAction\":[{\"@type\":\"SearchAction\",\"target\":{\"@type\":\"EntryPoint\",\"urlTemplate\":\"https:\/\/weltlaeden.de\/linz\/?s={search_term_string}\"},\"query-input\":{\"@type\":\"PropertyValueSpecification\",\"valueRequired\":true,\"valueName\":\"search_term_string\"}}],\"inLanguage\":\"de\"}]}<\/script>\n<!-- \/ Yoast SEO plugin. -->","yoast_head_json":{"title":"S\u00fc\u00dfe Versuchungen - Weltladen Linz am Rhein","robots":{"index":"index","follow":"follow","max-snippet":"max-snippet:-1","max-image-preview":"max-image-preview:large","max-video-preview":"max-video-preview:-1"},"canonical":"https:\/\/weltlaeden.de\/linz\/suesse-versuchungen\/","og_locale":"de_DE","og_type":"article","og_title":"S\u00fc\u00dfe Versuchungen - Weltladen Linz am Rhein","og_description":"F\u00fcr &#8222;Leckerm\u00e4uler&#8220; gibt es im Weltladen viele Versuchungen &nbsp; \u00a0 \u00a0\u00a0 Beispiele f\u00fcr das &#8222;s\u00fc\u00dfe&#8220; Weltladenangebot \u00a0\u00a0 \u00a0 Das Angebot an leckeren S\u00fcssigkeiten aus Fairem Handel reicht von ann\u00e4hernd 20 verschiedenen Schokoladen \u00fcber Fruchtgummis, Bonbons und Mangochips bis hin zu leckeren Pralinensorten. Einfach mal probieren! Oder verschenken! &nbsp;","og_url":"https:\/\/weltlaeden.de\/linz\/suesse-versuchungen\/","og_site_name":"Weltladen Linz am Rhein","article_modified_time":"2024-07-31T20:45:20+00:00","og_image":[{"url":"https:\/\/weltlaeden.de\/linz\/wp-content\/uploads\/sites\/204\/2024\/07\/24000042_24_07_12_Bild-0004_RE-300x200.jpg","type":"","width":"","height":""}],"twitter_card":"summary_large_image","twitter_misc":{"Gesch\u00e4tzte Lesezeit":"2\u00a0Minuten"},"schema":{"@context":"https:\/\/schema.org","@graph":[{"@type":"WebPage","@id":"https:\/\/weltlaeden.de\/linz\/suesse-versuchungen\/","url":"https:\/\/weltlaeden.de\/linz\/suesse-versuchungen\/","name":"S\u00fc\u00dfe Versuchungen - Weltladen Linz am Rhein","isPartOf":{"@id":"https:\/\/weltlaeden.de\/linz\/#website"},"primaryImageOfPage":{"@id":"https:\/\/weltlaeden.de\/linz\/suesse-versuchungen\/#primaryimage"},"image":{"@id":"https:\/\/weltlaeden.de\/linz\/suesse-versuchungen\/#primaryimage"},"thumbnailUrl":"https:\/\/weltlaeden.de\/linz\/wp-content\/uploads\/sites\/204\/2024\/07\/24000042_24_07_12_Bild-0004_RE-300x200.jpg","datePublished":"2024-05-13T09:46:15+00:00","dateModified":"2024-07-31T20:45:20+00:00","breadcrumb":{"@id":"https:\/\/weltlaeden.de\/linz\/suesse-versuchungen\/#breadcrumb"},"inLanguage":"de","potentialAction":[{"@type":"ReadAction","target":["https:\/\/weltlaeden.de\/linz\/suesse-versuchungen\/"]}]},{"@type":"ImageObject","inLanguage":"de","@id":"https:\/\/weltlaeden.de\/linz\/suesse-versuchungen\/#primaryimage","url":"https:\/\/weltlaeden.de\/linz\/wp-content\/uploads\/sites\/204\/2024\/07\/24000042_24_07_12_Bild-0004_RE.jpg","contentUrl":"https:\/\/weltlaeden.de\/linz\/wp-content\/uploads\/sites\/204\/2024\/07\/24000042_24_07_12_Bild-0004_RE.jpg","width":2048,"height":1365,"caption":"Weltladen Linz - Produkte"},{"@type":"BreadcrumbList","@id":"https:\/\/weltlaeden.de\/linz\/suesse-versuchungen\/#breadcrumb","itemListElement":[{"@type":"ListItem","position":1,"name":"Startseite","item":"https:\/\/weltlaeden.de\/linz\/"},{"@type":"ListItem","position":2,"name":"S\u00fc\u00dfe Versuchungen"}]},{"@type":"WebSite","@id":"https:\/\/weltlaeden.de\/linz\/#website","url":"https:\/\/weltlaeden.de\/linz\/","name":"Weltladen Linz am Rhein","description":"Faire Produkte seit 2013","potentialAction":[{"@type":"SearchAction","target":{"@type":"EntryPoint","urlTemplate":"https:\/\/weltlaeden.de\/linz\/?s={search_term_string}"},"query-input":{"@type":"PropertyValueSpecification","valueRequired":true,"valueName":"search_term_string"}}],"inLanguage":"de"}]}},"_links":{"self":[{"href":"https:\/\/weltlaeden.de\/linz\/wp-json\/wp\/v2\/pages\/719","targetHints":{"allow":["GET"]}}],"collection":[{"href":"https:\/\/weltlaeden.de\/linz\/wp-json\/wp\/v2\/pages"}],"about":[{"href":"https:\/\/weltlaeden.de\/linz\/wp-json\/wp\/v2\/types\/page"}],"author":[{"embeddable":true,"href":"https:\/\/weltlaeden.de\/linz\/wp-json\/wp\/v2\/users\/298"}],"replies":[{"embeddable":true,"href":"https:\/\/weltlaeden.de\/linz\/wp-json\/wp\/v2\/comments?post=719"}],"version-history":[{"count":15,"href":"https:\/\/weltlaeden.de\/linz\/wp-json\/wp\/v2\/pages\/719\/revisions"}],"predecessor-version":[{"id":1710,"href":"https:\/\/weltlaeden.de\/linz\/wp-json\/wp\/v2\/pages\/719\/revisions\/1710"}],"wp:attachment":[{"href":"https:\/\/weltlaeden.de\/linz\/wp-json\/wp\/v2\/media?parent=719"}],"curies":[{"name":"wp","href":"https:\/\/api.w.org\/{rel}","templated":true}]}}