{"id":710,"date":"2024-05-13T11:40:00","date_gmt":"2024-05-13T09:40:00","guid":{"rendered":"https:\/\/weltlaeden.de\/linz\/?page_id=710"},"modified":"2024-09-22T22:50:36","modified_gmt":"2024-09-22T20:50:36","slug":"lebensmittel","status":"publish","type":"page","link":"https:\/\/weltlaeden.de\/linz\/lebensmittel\/","title":{"rendered":"Lebensmittel"},"content":{"rendered":"<h1 style=\"text-align: left\" align=\"center\"><span style=\"color: #ff6600\"><strong>Lebensmittel und Getr\u00e4nke aus Fairem Handel<br \/>\n<\/strong><\/span><\/h1>\n<p>&nbsp;<\/p>\n<p><img loading=\"lazy\" decoding=\"async\" class=\"alignnone wp-image-9090 \" src=\"https:\/\/weltlaeden.de\/bilderpool\/wp-content\/uploads\/sites\/3\/2018\/05\/Lebensmittel_WL-Bornheim-Christian-Schilling-300x201.jpg\" alt=\"Lebensmittel_WL-Bornheim-Christian-Schilling\" width=\"337\" height=\"225\" \/><\/p>\n<h2 dir=\"ltr\"><strong>Nachstehend ein \u00dcberblick \u00fcber das umfangreiche Angebot des Weltladens an fair gehandelten Lebensmitteln und Getr\u00e4nken:<\/strong><\/h2>\n<h4 dir=\"ltr\"><\/h4>\n<p>&nbsp;<\/p>\n<h4 dir=\"ltr\"><strong>Kaffee: \u00a0\u00a0<\/strong>Im Angebot des Weltladens sind viele Kaffees in Bio-Qualit\u00e4t, verschiedene L\u00e4nderkaffees, Espresso, &#8222;Segel-Kaffee&#8220;, Kaffeemischungen f\u00fcr jeden Geschmack und in verschiedenen St\u00e4rken, gemahlen oder ganze Bohne. Ferner sind im Angebot Instant-Kaffee, Kaffeepads und fertige Capuccino-Mischungen.<\/h4>\n<p>&nbsp;<\/p>\n<p><span style=\"color: #ff6600\"><em><strong>Neben dem Weltladen Linz gibt es seit mehreren Jahren zwei weitere Verkaufsstellen f\u00fcr den Weltladen-Kaffee:\u00a0 <\/strong><strong>Laden der B\u00e4ckerei Anhalt in Neustadt\/Wied und<\/strong><strong> Laden der B\u00e4ckerei Nowak in St. Katharinen\/Noll<\/strong><\/em><\/span><\/p>\n<p><img loading=\"lazy\" decoding=\"async\" class=\"size-medium wp-image-1560\" src=\"https:\/\/weltlaeden.de\/linz\/wp-content\/uploads\/sites\/204\/2024\/07\/24000042_24_06_10_Bild-0013_RE-Kopie-300x238.jpg\" alt=\"\" width=\"300\" height=\"238\" srcset=\"https:\/\/weltlaeden.de\/linz\/wp-content\/uploads\/sites\/204\/2024\/07\/24000042_24_06_10_Bild-0013_RE-Kopie-300x238.jpg 300w, https:\/\/weltlaeden.de\/linz\/wp-content\/uploads\/sites\/204\/2024\/07\/24000042_24_06_10_Bild-0013_RE-Kopie-1024x814.jpg 1024w, https:\/\/weltlaeden.de\/linz\/wp-content\/uploads\/sites\/204\/2024\/07\/24000042_24_06_10_Bild-0013_RE-Kopie-768x610.jpg 768w, https:\/\/weltlaeden.de\/linz\/wp-content\/uploads\/sites\/204\/2024\/07\/24000042_24_06_10_Bild-0013_RE-Kopie-1536x1220.jpg 1536w, https:\/\/weltlaeden.de\/linz\/wp-content\/uploads\/sites\/204\/2024\/07\/24000042_24_06_10_Bild-0013_RE-Kopie.jpg 2048w\" sizes=\"auto, (max-width: 300px) 100vw, 300px\" \/> \u00a0\u00a0\u00a0\u00a0 <img loading=\"lazy\" decoding=\"async\" class=\"size-medium wp-image-1988\" src=\"https:\/\/weltlaeden.de\/linz\/wp-content\/uploads\/sites\/204\/2024\/09\/24000042_24_06_10_Bild-0011_RE-Kopie-300x204.jpg\" alt=\"\" width=\"300\" height=\"204\" srcset=\"https:\/\/weltlaeden.de\/linz\/wp-content\/uploads\/sites\/204\/2024\/09\/24000042_24_06_10_Bild-0011_RE-Kopie-300x204.jpg 300w, https:\/\/weltlaeden.de\/linz\/wp-content\/uploads\/sites\/204\/2024\/09\/24000042_24_06_10_Bild-0011_RE-Kopie-1024x695.jpg 1024w, https:\/\/weltlaeden.de\/linz\/wp-content\/uploads\/sites\/204\/2024\/09\/24000042_24_06_10_Bild-0011_RE-Kopie-768x521.jpg 768w, https:\/\/weltlaeden.de\/linz\/wp-content\/uploads\/sites\/204\/2024\/09\/24000042_24_06_10_Bild-0011_RE-Kopie-1536x1043.jpg 1536w, https:\/\/weltlaeden.de\/linz\/wp-content\/uploads\/sites\/204\/2024\/09\/24000042_24_06_10_Bild-0011_RE-Kopie.jpg 2048w\" sizes=\"auto, (max-width: 300px) 100vw, 300px\" \/><\/p>\n<p>&nbsp;<\/p>\n<p>&nbsp;<\/p>\n<h4 dir=\"ltr\"><strong>Tee:<\/strong>\u00a0 Die meisten Teesorten gibt es in Bio-Qualit\u00e4t, mehrere Schwarztees von Darjeeling \u00fcber Ceylon bis Earl Grey, Gr\u00fcn- und Weisstee, Kr\u00e4uter- und Fr\u00fcchtetee, Rotbuschtee, alle Tees im Beutel oder lose<\/h4>\n<p><img loading=\"lazy\" decoding=\"async\" class=\"size-medium wp-image-1561\" src=\"https:\/\/weltlaeden.de\/linz\/wp-content\/uploads\/sites\/204\/2024\/07\/24000042_24_06_14_Bild-0004_RE-Kopie-300x204.jpg\" alt=\"\" width=\"300\" height=\"204\" srcset=\"https:\/\/weltlaeden.de\/linz\/wp-content\/uploads\/sites\/204\/2024\/07\/24000042_24_06_14_Bild-0004_RE-Kopie-300x204.jpg 300w, https:\/\/weltlaeden.de\/linz\/wp-content\/uploads\/sites\/204\/2024\/07\/24000042_24_06_14_Bild-0004_RE-Kopie-1024x695.jpg 1024w, https:\/\/weltlaeden.de\/linz\/wp-content\/uploads\/sites\/204\/2024\/07\/24000042_24_06_14_Bild-0004_RE-Kopie-768x521.jpg 768w, https:\/\/weltlaeden.de\/linz\/wp-content\/uploads\/sites\/204\/2024\/07\/24000042_24_06_14_Bild-0004_RE-Kopie-1536x1043.jpg 1536w, https:\/\/weltlaeden.de\/linz\/wp-content\/uploads\/sites\/204\/2024\/07\/24000042_24_06_14_Bild-0004_RE-Kopie.jpg 2048w\" sizes=\"auto, (max-width: 300px) 100vw, 300px\" \/><\/p>\n<p>&nbsp;<\/p>\n<h4><\/h4>\n<p>&nbsp;<\/p>\n<h4><strong>S\u00fc\u00dfes &amp; Knabbereien:\u00a0 <\/strong>Fruchtgummis, Bonbons, Kekse, Schokolade, Confiserie, Trockenfr\u00fcchte, N\u00fcsse, Chips, Riesenknuspermais<\/h4>\n<p><img loading=\"lazy\" decoding=\"async\" class=\"size-medium wp-image-1515\" src=\"https:\/\/weltlaeden.de\/linz\/wp-content\/uploads\/sites\/204\/2024\/07\/24000042_24_07_12_Bild-0004_RE-300x200.jpg\" alt=\"\" width=\"300\" height=\"200\" srcset=\"https:\/\/weltlaeden.de\/linz\/wp-content\/uploads\/sites\/204\/2024\/07\/24000042_24_07_12_Bild-0004_RE-300x200.jpg 300w, https:\/\/weltlaeden.de\/linz\/wp-content\/uploads\/sites\/204\/2024\/07\/24000042_24_07_12_Bild-0004_RE-1024x683.jpg 1024w, https:\/\/weltlaeden.de\/linz\/wp-content\/uploads\/sites\/204\/2024\/07\/24000042_24_07_12_Bild-0004_RE-768x512.jpg 768w, https:\/\/weltlaeden.de\/linz\/wp-content\/uploads\/sites\/204\/2024\/07\/24000042_24_07_12_Bild-0004_RE-1536x1024.jpg 1536w, https:\/\/weltlaeden.de\/linz\/wp-content\/uploads\/sites\/204\/2024\/07\/24000042_24_07_12_Bild-0004_RE.jpg 2048w\" sizes=\"auto, (max-width: 300px) 100vw, 300px\" \/><\/p>\n<h4 dir=\"ltr\"><\/h4>\n<h4 dir=\"ltr\"><\/h4>\n<p>&nbsp;<\/p>\n<p>&nbsp;<\/p>\n<p>&nbsp;<\/p>\n<h4 dir=\"ltr\"><strong>Gew\u00fcrze:\u00a0 <\/strong>Von Basilikum \u00fcber Gew\u00fcrzmischungen bis hin zu Zimt<\/h4>\n<p><img loading=\"lazy\" decoding=\"async\" class=\"size-medium wp-image-1573\" src=\"https:\/\/weltlaeden.de\/linz\/wp-content\/uploads\/sites\/204\/2024\/07\/24000042_24_07_12_Bild-0006_RE-200x300.jpg\" alt=\"\" width=\"200\" height=\"300\" srcset=\"https:\/\/weltlaeden.de\/linz\/wp-content\/uploads\/sites\/204\/2024\/07\/24000042_24_07_12_Bild-0006_RE-200x300.jpg 200w, https:\/\/weltlaeden.de\/linz\/wp-content\/uploads\/sites\/204\/2024\/07\/24000042_24_07_12_Bild-0006_RE-683x1024.jpg 683w, https:\/\/weltlaeden.de\/linz\/wp-content\/uploads\/sites\/204\/2024\/07\/24000042_24_07_12_Bild-0006_RE-768x1152.jpg 768w, https:\/\/weltlaeden.de\/linz\/wp-content\/uploads\/sites\/204\/2024\/07\/24000042_24_07_12_Bild-0006_RE-1024x1536.jpg 1024w, https:\/\/weltlaeden.de\/linz\/wp-content\/uploads\/sites\/204\/2024\/07\/24000042_24_07_12_Bild-0006_RE.jpg 1365w\" sizes=\"auto, (max-width: 200px) 100vw, 200px\" \/>\u00a0\u00a0\u00a0\u00a0 <img loading=\"lazy\" decoding=\"async\" class=\" wp-image-1987\" src=\"https:\/\/weltlaeden.de\/linz\/wp-content\/uploads\/sites\/204\/2024\/09\/24000042_24_06_14_Bild-0008_RE-Kopie-300x132.jpg\" alt=\"\" width=\"407\" height=\"179\" srcset=\"https:\/\/weltlaeden.de\/linz\/wp-content\/uploads\/sites\/204\/2024\/09\/24000042_24_06_14_Bild-0008_RE-Kopie-300x132.jpg 300w, https:\/\/weltlaeden.de\/linz\/wp-content\/uploads\/sites\/204\/2024\/09\/24000042_24_06_14_Bild-0008_RE-Kopie-1024x450.jpg 1024w, https:\/\/weltlaeden.de\/linz\/wp-content\/uploads\/sites\/204\/2024\/09\/24000042_24_06_14_Bild-0008_RE-Kopie-768x338.jpg 768w, https:\/\/weltlaeden.de\/linz\/wp-content\/uploads\/sites\/204\/2024\/09\/24000042_24_06_14_Bild-0008_RE-Kopie-1536x675.jpg 1536w, https:\/\/weltlaeden.de\/linz\/wp-content\/uploads\/sites\/204\/2024\/09\/24000042_24_06_14_Bild-0008_RE-Kopie.jpg 2048w\" sizes=\"auto, (max-width: 407px) 100vw, 407px\" \/><\/p>\n<p>&nbsp;<\/p>\n<h4 dir=\"ltr\"><\/h4>\n<p>&nbsp;<\/p>\n<h4 dir=\"ltr\"><strong>Feine K\u00fcche:\u00a0 <\/strong>\u00d6le, Pesto, Chutneys, Balsam-Essig, Grillsaucen, Kokosmilch, umfangreiches Mango-Sortiment<\/h4>\n<p><img loading=\"lazy\" decoding=\"async\" class=\"size-medium wp-image-1991\" src=\"https:\/\/weltlaeden.de\/linz\/wp-content\/uploads\/sites\/204\/2024\/09\/24000042_24_06_14_Bild-0018_RE-Kopie-227x300.jpg\" alt=\"\" width=\"227\" height=\"300\" srcset=\"https:\/\/weltlaeden.de\/linz\/wp-content\/uploads\/sites\/204\/2024\/09\/24000042_24_06_14_Bild-0018_RE-Kopie-227x300.jpg 227w, https:\/\/weltlaeden.de\/linz\/wp-content\/uploads\/sites\/204\/2024\/09\/24000042_24_06_14_Bild-0018_RE-Kopie-776x1024.jpg 776w, https:\/\/weltlaeden.de\/linz\/wp-content\/uploads\/sites\/204\/2024\/09\/24000042_24_06_14_Bild-0018_RE-Kopie-768x1014.jpg 768w, https:\/\/weltlaeden.de\/linz\/wp-content\/uploads\/sites\/204\/2024\/09\/24000042_24_06_14_Bild-0018_RE-Kopie-1163x1536.jpg 1163w, https:\/\/weltlaeden.de\/linz\/wp-content\/uploads\/sites\/204\/2024\/09\/24000042_24_06_14_Bild-0018_RE-Kopie.jpg 1551w\" sizes=\"auto, (max-width: 227px) 100vw, 227px\" \/> \u00a0 <img loading=\"lazy\" decoding=\"async\" class=\"size-medium wp-image-1990\" src=\"https:\/\/weltlaeden.de\/linz\/wp-content\/uploads\/sites\/204\/2024\/09\/24000042_24_06_14_Bild-0014_RE-Kopie-300x165.jpg\" alt=\"\" width=\"300\" height=\"165\" srcset=\"https:\/\/weltlaeden.de\/linz\/wp-content\/uploads\/sites\/204\/2024\/09\/24000042_24_06_14_Bild-0014_RE-Kopie-300x165.jpg 300w, https:\/\/weltlaeden.de\/linz\/wp-content\/uploads\/sites\/204\/2024\/09\/24000042_24_06_14_Bild-0014_RE-Kopie-1024x563.jpg 1024w, https:\/\/weltlaeden.de\/linz\/wp-content\/uploads\/sites\/204\/2024\/09\/24000042_24_06_14_Bild-0014_RE-Kopie-768x422.jpg 768w, https:\/\/weltlaeden.de\/linz\/wp-content\/uploads\/sites\/204\/2024\/09\/24000042_24_06_14_Bild-0014_RE-Kopie-1536x844.jpg 1536w, https:\/\/weltlaeden.de\/linz\/wp-content\/uploads\/sites\/204\/2024\/09\/24000042_24_06_14_Bild-0014_RE-Kopie.jpg 2048w\" sizes=\"auto, (max-width: 300px) 100vw, 300px\" \/><\/p>\n<p><img loading=\"lazy\" decoding=\"async\" class=\"size-medium wp-image-1989\" src=\"https:\/\/weltlaeden.de\/linz\/wp-content\/uploads\/sites\/204\/2024\/09\/24000042_24_06_14_Bild-0013_RE-Kopie-300x238.jpg\" alt=\"\" width=\"300\" height=\"238\" srcset=\"https:\/\/weltlaeden.de\/linz\/wp-content\/uploads\/sites\/204\/2024\/09\/24000042_24_06_14_Bild-0013_RE-Kopie-300x238.jpg 300w, https:\/\/weltlaeden.de\/linz\/wp-content\/uploads\/sites\/204\/2024\/09\/24000042_24_06_14_Bild-0013_RE-Kopie-1024x813.jpg 1024w, https:\/\/weltlaeden.de\/linz\/wp-content\/uploads\/sites\/204\/2024\/09\/24000042_24_06_14_Bild-0013_RE-Kopie-768x609.jpg 768w, https:\/\/weltlaeden.de\/linz\/wp-content\/uploads\/sites\/204\/2024\/09\/24000042_24_06_14_Bild-0013_RE-Kopie-1536x1219.jpg 1536w, https:\/\/weltlaeden.de\/linz\/wp-content\/uploads\/sites\/204\/2024\/09\/24000042_24_06_14_Bild-0013_RE-Kopie.jpg 2048w\" sizes=\"auto, (max-width: 300px) 100vw, 300px\" \/><\/p>\n<h4 dir=\"ltr\"><\/h4>\n<h4 dir=\"ltr\"><\/h4>\n<p>&nbsp;<\/p>\n<p>&nbsp;<\/p>\n<h4 dir=\"ltr\"><strong>Getreide und andere Produkte:\u00a0 <\/strong>Verschiedene Reissorten, rote Linsen, schwarze Bohnen, Quinoa<\/h4>\n<p dir=\"ltr\"><img loading=\"lazy\" decoding=\"async\" class=\"size-medium wp-image-1563\" src=\"https:\/\/weltlaeden.de\/linz\/wp-content\/uploads\/sites\/204\/2024\/07\/24000042_24_06_14_Bild-0011_RE-Kopie-300x174.jpg\" alt=\"\" width=\"300\" height=\"174\" srcset=\"https:\/\/weltlaeden.de\/linz\/wp-content\/uploads\/sites\/204\/2024\/07\/24000042_24_06_14_Bild-0011_RE-Kopie-300x174.jpg 300w, https:\/\/weltlaeden.de\/linz\/wp-content\/uploads\/sites\/204\/2024\/07\/24000042_24_06_14_Bild-0011_RE-Kopie-1024x593.jpg 1024w, https:\/\/weltlaeden.de\/linz\/wp-content\/uploads\/sites\/204\/2024\/07\/24000042_24_06_14_Bild-0011_RE-Kopie-768x444.jpg 768w, https:\/\/weltlaeden.de\/linz\/wp-content\/uploads\/sites\/204\/2024\/07\/24000042_24_06_14_Bild-0011_RE-Kopie-1536x889.jpg 1536w, https:\/\/weltlaeden.de\/linz\/wp-content\/uploads\/sites\/204\/2024\/07\/24000042_24_06_14_Bild-0011_RE-Kopie.jpg 2048w\" sizes=\"auto, (max-width: 300px) 100vw, 300px\" \/><\/p>\n<h4 dir=\"ltr\"><\/h4>\n<h4 dir=\"ltr\"><\/h4>\n<p>&nbsp;<\/p>\n<p>&nbsp;<\/p>\n<h4 dir=\"ltr\"><strong>Aufstriche und Honig:\u00a0 <\/strong>Schoko-Nuss-Aufstrich, herzhafte Fruchtaufstriche, mehrere Zitrusfr\u00fcchte-Marmeladen aus Italien, L\u00e4nder- und Sorten-Honig<\/h4>\n<p><img loading=\"lazy\" decoding=\"async\" class=\"size-medium wp-image-1569\" src=\"https:\/\/weltlaeden.de\/linz\/wp-content\/uploads\/sites\/204\/2024\/07\/24000042_24_06_14_Bild-0039_RE-Kopie-300x185.jpg\" alt=\"\" width=\"300\" height=\"185\" srcset=\"https:\/\/weltlaeden.de\/linz\/wp-content\/uploads\/sites\/204\/2024\/07\/24000042_24_06_14_Bild-0039_RE-Kopie-300x185.jpg 300w, https:\/\/weltlaeden.de\/linz\/wp-content\/uploads\/sites\/204\/2024\/07\/24000042_24_06_14_Bild-0039_RE-Kopie-1024x630.jpg 1024w, https:\/\/weltlaeden.de\/linz\/wp-content\/uploads\/sites\/204\/2024\/07\/24000042_24_06_14_Bild-0039_RE-Kopie-768x473.jpg 768w, https:\/\/weltlaeden.de\/linz\/wp-content\/uploads\/sites\/204\/2024\/07\/24000042_24_06_14_Bild-0039_RE-Kopie-1536x945.jpg 1536w, https:\/\/weltlaeden.de\/linz\/wp-content\/uploads\/sites\/204\/2024\/07\/24000042_24_06_14_Bild-0039_RE-Kopie.jpg 2048w\" sizes=\"auto, (max-width: 300px) 100vw, 300px\" \/> \u00a0\u00a0 <img loading=\"lazy\" decoding=\"async\" class=\"size-medium wp-image-1564\" src=\"https:\/\/weltlaeden.de\/linz\/wp-content\/uploads\/sites\/204\/2024\/07\/24000042_24_06_14_Bild-0012_RE-Kopie-300x138.jpg\" alt=\"\" width=\"300\" height=\"138\" srcset=\"https:\/\/weltlaeden.de\/linz\/wp-content\/uploads\/sites\/204\/2024\/07\/24000042_24_06_14_Bild-0012_RE-Kopie-300x138.jpg 300w, https:\/\/weltlaeden.de\/linz\/wp-content\/uploads\/sites\/204\/2024\/07\/24000042_24_06_14_Bild-0012_RE-Kopie-1024x471.jpg 1024w, https:\/\/weltlaeden.de\/linz\/wp-content\/uploads\/sites\/204\/2024\/07\/24000042_24_06_14_Bild-0012_RE-Kopie-768x353.jpg 768w, https:\/\/weltlaeden.de\/linz\/wp-content\/uploads\/sites\/204\/2024\/07\/24000042_24_06_14_Bild-0012_RE-Kopie-1536x707.jpg 1536w, https:\/\/weltlaeden.de\/linz\/wp-content\/uploads\/sites\/204\/2024\/07\/24000042_24_06_14_Bild-0012_RE-Kopie.jpg 2048w\" sizes=\"auto, (max-width: 300px) 100vw, 300px\" \/><\/p>\n<h4 dir=\"ltr\"><\/h4>\n<h4 dir=\"ltr\"><\/h4>\n<p>&nbsp;<\/p>\n<p>&nbsp;<\/p>\n<h4 dir=\"ltr\"><strong>Wein:\u00a0 <\/strong>Wei\u00dfwein, Ros\u00e9wein und Rotwein aus Argentinien, Chile, Italien und S\u00fcdafrika<\/h4>\n<p><img loading=\"lazy\" decoding=\"async\" class=\"size-medium wp-image-1566\" src=\"https:\/\/weltlaeden.de\/linz\/wp-content\/uploads\/sites\/204\/2024\/07\/24000042_24_06_14_Bild-0019_RE-Kopie-300x246.jpg\" alt=\"\" width=\"300\" height=\"246\" srcset=\"https:\/\/weltlaeden.de\/linz\/wp-content\/uploads\/sites\/204\/2024\/07\/24000042_24_06_14_Bild-0019_RE-Kopie-300x246.jpg 300w, https:\/\/weltlaeden.de\/linz\/wp-content\/uploads\/sites\/204\/2024\/07\/24000042_24_06_14_Bild-0019_RE-Kopie-1024x841.jpg 1024w, https:\/\/weltlaeden.de\/linz\/wp-content\/uploads\/sites\/204\/2024\/07\/24000042_24_06_14_Bild-0019_RE-Kopie-768x631.jpg 768w, https:\/\/weltlaeden.de\/linz\/wp-content\/uploads\/sites\/204\/2024\/07\/24000042_24_06_14_Bild-0019_RE-Kopie-1536x1262.jpg 1536w, https:\/\/weltlaeden.de\/linz\/wp-content\/uploads\/sites\/204\/2024\/07\/24000042_24_06_14_Bild-0019_RE-Kopie.jpg 2048w\" sizes=\"auto, (max-width: 300px) 100vw, 300px\" \/><\/p>\n<h4 dir=\"ltr\"><\/h4>\n<p>&nbsp;<\/p>\n<p>&nbsp;<\/p>\n<h4 dir=\"ltr\"><strong>Spirituosen:<\/strong>\u00a0 Karibischer Rum aus Kuba und Lik\u00f6re<\/h4>\n<h4 dir=\"ltr\"><\/h4>\n<h4 dir=\"ltr\"><\/h4>\n<p>&nbsp;<\/p>\n<h4 dir=\"ltr\"><strong>Saft &amp; Cola:\u00a0 <\/strong>Orangensaft, Costa Rica Cola, Bio-Orangen-Limonade, Zitronen-Limonade<\/h4>\n<p><img loading=\"lazy\" decoding=\"async\" class=\"size-medium wp-image-1570\" src=\"https:\/\/weltlaeden.de\/linz\/wp-content\/uploads\/sites\/204\/2024\/07\/24000042_24_06_14_Bild-0041_RE-Kopie-300x277.jpg\" alt=\"\" width=\"300\" height=\"277\" srcset=\"https:\/\/weltlaeden.de\/linz\/wp-content\/uploads\/sites\/204\/2024\/07\/24000042_24_06_14_Bild-0041_RE-Kopie-300x277.jpg 300w, https:\/\/weltlaeden.de\/linz\/wp-content\/uploads\/sites\/204\/2024\/07\/24000042_24_06_14_Bild-0041_RE-Kopie-1024x945.jpg 1024w, https:\/\/weltlaeden.de\/linz\/wp-content\/uploads\/sites\/204\/2024\/07\/24000042_24_06_14_Bild-0041_RE-Kopie-768x708.jpg 768w, https:\/\/weltlaeden.de\/linz\/wp-content\/uploads\/sites\/204\/2024\/07\/24000042_24_06_14_Bild-0041_RE-Kopie-1536x1417.jpg 1536w, https:\/\/weltlaeden.de\/linz\/wp-content\/uploads\/sites\/204\/2024\/07\/24000042_24_06_14_Bild-0041_RE-Kopie.jpg 2048w\" sizes=\"auto, (max-width: 300px) 100vw, 300px\" \/><\/p>\n<p>&nbsp;<\/p>\n<p>&nbsp;<\/p>\n<p dir=\"ltr\">\n","protected":false},"excerpt":{"rendered":"<p>Lebensmittel und Getr\u00e4nke aus Fairem Handel &nbsp; Nachstehend ein \u00dcberblick \u00fcber das umfangreiche Angebot des Weltladens an fair gehandelten Lebensmitteln und Getr\u00e4nken: &nbsp; Kaffee: \u00a0\u00a0Im Angebot des Weltladens sind viele Kaffees in Bio-Qualit\u00e4t, verschiedene L\u00e4nderkaffees, Espresso, &#8222;Segel-Kaffee&#8220;, Kaffeemischungen f\u00fcr jeden Geschmack und in verschiedenen St\u00e4rken, gemahlen oder ganze Bohne. Ferner sind im Angebot Instant-Kaffee, Kaffeepads&hellip;<\/p>\n","protected":false},"author":298,"featured_media":0,"parent":0,"menu_order":0,"comment_status":"closed","ping_status":"closed","template":"","meta":{"footnotes":""},"class_list":["post-710","page","type-page","status-publish","hentry","description-off"],"yoast_head":"<!-- This site is optimized with the Yoast SEO plugin v26.8 - https:\/\/yoast.com\/product\/yoast-seo-wordpress\/ -->\n<title>Lebensmittel - Weltladen Linz am Rhein<\/title>\n<meta name=\"robots\" content=\"index, follow, max-snippet:-1, max-image-preview:large, max-video-preview:-1\" \/>\n<link rel=\"canonical\" href=\"https:\/\/weltlaeden.de\/linz\/lebensmittel\/\" \/>\n<meta property=\"og:locale\" content=\"de_DE\" \/>\n<meta property=\"og:type\" content=\"article\" \/>\n<meta property=\"og:title\" content=\"Lebensmittel - Weltladen Linz am Rhein\" \/>\n<meta property=\"og:description\" content=\"Lebensmittel und Getr\u00e4nke aus Fairem Handel &nbsp; Nachstehend ein \u00dcberblick \u00fcber das umfangreiche Angebot des Weltladens an fair gehandelten Lebensmitteln und Getr\u00e4nken: &nbsp; Kaffee: \u00a0\u00a0Im Angebot des Weltladens sind viele Kaffees in Bio-Qualit\u00e4t, verschiedene L\u00e4nderkaffees, Espresso, &#8222;Segel-Kaffee&#8220;, Kaffeemischungen f\u00fcr jeden Geschmack und in verschiedenen St\u00e4rken, gemahlen oder ganze Bohne. Ferner sind im Angebot Instant-Kaffee, Kaffeepads&hellip;\" \/>\n<meta property=\"og:url\" content=\"https:\/\/weltlaeden.de\/linz\/lebensmittel\/\" \/>\n<meta property=\"og:site_name\" content=\"Weltladen Linz am Rhein\" \/>\n<meta property=\"article:modified_time\" content=\"2024-09-22T20:50:36+00:00\" \/>\n<meta property=\"og:image\" content=\"https:\/\/weltlaeden.de\/bilderpool\/wp-content\/uploads\/sites\/3\/2018\/05\/Lebensmittel_WL-Bornheim-Christian-Schilling-300x201.jpg\" \/>\n<meta name=\"twitter:card\" content=\"summary_large_image\" \/>\n<meta name=\"twitter:label1\" content=\"Gesch\u00e4tzte Lesezeit\" \/>\n\t<meta name=\"twitter:data1\" content=\"5\u00a0Minuten\" \/>\n<script type=\"application\/ld+json\" class=\"yoast-schema-graph\">{\"@context\":\"https:\/\/schema.org\",\"@graph\":[{\"@type\":\"WebPage\",\"@id\":\"https:\/\/weltlaeden.de\/linz\/lebensmittel\/\",\"url\":\"https:\/\/weltlaeden.de\/linz\/lebensmittel\/\",\"name\":\"Lebensmittel - Weltladen Linz am Rhein\",\"isPartOf\":{\"@id\":\"https:\/\/weltlaeden.de\/linz\/#website\"},\"primaryImageOfPage\":{\"@id\":\"https:\/\/weltlaeden.de\/linz\/lebensmittel\/#primaryimage\"},\"image\":{\"@id\":\"https:\/\/weltlaeden.de\/linz\/lebensmittel\/#primaryimage\"},\"thumbnailUrl\":\"https:\/\/weltlaeden.de\/bilderpool\/wp-content\/uploads\/sites\/3\/2018\/05\/Lebensmittel_WL-Bornheim-Christian-Schilling-300x201.jpg\",\"datePublished\":\"2024-05-13T09:40:00+00:00\",\"dateModified\":\"2024-09-22T20:50:36+00:00\",\"breadcrumb\":{\"@id\":\"https:\/\/weltlaeden.de\/linz\/lebensmittel\/#breadcrumb\"},\"inLanguage\":\"de\",\"potentialAction\":[{\"@type\":\"ReadAction\",\"target\":[\"https:\/\/weltlaeden.de\/linz\/lebensmittel\/\"]}]},{\"@type\":\"ImageObject\",\"inLanguage\":\"de\",\"@id\":\"https:\/\/weltlaeden.de\/linz\/lebensmittel\/#primaryimage\",\"url\":\"https:\/\/weltlaeden.de\/bilderpool\/wp-content\/uploads\/sites\/3\/2018\/05\/Lebensmittel_WL-Bornheim-Christian-Schilling-300x201.jpg\",\"contentUrl\":\"https:\/\/weltlaeden.de\/bilderpool\/wp-content\/uploads\/sites\/3\/2018\/05\/Lebensmittel_WL-Bornheim-Christian-Schilling-300x201.jpg\"},{\"@type\":\"BreadcrumbList\",\"@id\":\"https:\/\/weltlaeden.de\/linz\/lebensmittel\/#breadcrumb\",\"itemListElement\":[{\"@type\":\"ListItem\",\"position\":1,\"name\":\"Startseite\",\"item\":\"https:\/\/weltlaeden.de\/linz\/\"},{\"@type\":\"ListItem\",\"position\":2,\"name\":\"Lebensmittel\"}]},{\"@type\":\"WebSite\",\"@id\":\"https:\/\/weltlaeden.de\/linz\/#website\",\"url\":\"https:\/\/weltlaeden.de\/linz\/\",\"name\":\"Weltladen Linz am Rhein\",\"description\":\"Faire Produkte seit 2013\",\"potentialAction\":[{\"@type\":\"SearchAction\",\"target\":{\"@type\":\"EntryPoint\",\"urlTemplate\":\"https:\/\/weltlaeden.de\/linz\/?s={search_term_string}\"},\"query-input\":{\"@type\":\"PropertyValueSpecification\",\"valueRequired\":true,\"valueName\":\"search_term_string\"}}],\"inLanguage\":\"de\"}]}<\/script>\n<!-- \/ Yoast SEO plugin. -->","yoast_head_json":{"title":"Lebensmittel - Weltladen Linz am Rhein","robots":{"index":"index","follow":"follow","max-snippet":"max-snippet:-1","max-image-preview":"max-image-preview:large","max-video-preview":"max-video-preview:-1"},"canonical":"https:\/\/weltlaeden.de\/linz\/lebensmittel\/","og_locale":"de_DE","og_type":"article","og_title":"Lebensmittel - Weltladen Linz am Rhein","og_description":"Lebensmittel und Getr\u00e4nke aus Fairem Handel &nbsp; Nachstehend ein \u00dcberblick \u00fcber das umfangreiche Angebot des Weltladens an fair gehandelten Lebensmitteln und Getr\u00e4nken: &nbsp; Kaffee: \u00a0\u00a0Im Angebot des Weltladens sind viele Kaffees in Bio-Qualit\u00e4t, verschiedene L\u00e4nderkaffees, Espresso, &#8222;Segel-Kaffee&#8220;, Kaffeemischungen f\u00fcr jeden Geschmack und in verschiedenen St\u00e4rken, gemahlen oder ganze Bohne. Ferner sind im Angebot Instant-Kaffee, Kaffeepads&hellip;","og_url":"https:\/\/weltlaeden.de\/linz\/lebensmittel\/","og_site_name":"Weltladen Linz am Rhein","article_modified_time":"2024-09-22T20:50:36+00:00","og_image":[{"url":"https:\/\/weltlaeden.de\/bilderpool\/wp-content\/uploads\/sites\/3\/2018\/05\/Lebensmittel_WL-Bornheim-Christian-Schilling-300x201.jpg","type":"","width":"","height":""}],"twitter_card":"summary_large_image","twitter_misc":{"Gesch\u00e4tzte Lesezeit":"5\u00a0Minuten"},"schema":{"@context":"https:\/\/schema.org","@graph":[{"@type":"WebPage","@id":"https:\/\/weltlaeden.de\/linz\/lebensmittel\/","url":"https:\/\/weltlaeden.de\/linz\/lebensmittel\/","name":"Lebensmittel - Weltladen Linz am Rhein","isPartOf":{"@id":"https:\/\/weltlaeden.de\/linz\/#website"},"primaryImageOfPage":{"@id":"https:\/\/weltlaeden.de\/linz\/lebensmittel\/#primaryimage"},"image":{"@id":"https:\/\/weltlaeden.de\/linz\/lebensmittel\/#primaryimage"},"thumbnailUrl":"https:\/\/weltlaeden.de\/bilderpool\/wp-content\/uploads\/sites\/3\/2018\/05\/Lebensmittel_WL-Bornheim-Christian-Schilling-300x201.jpg","datePublished":"2024-05-13T09:40:00+00:00","dateModified":"2024-09-22T20:50:36+00:00","breadcrumb":{"@id":"https:\/\/weltlaeden.de\/linz\/lebensmittel\/#breadcrumb"},"inLanguage":"de","potentialAction":[{"@type":"ReadAction","target":["https:\/\/weltlaeden.de\/linz\/lebensmittel\/"]}]},{"@type":"ImageObject","inLanguage":"de","@id":"https:\/\/weltlaeden.de\/linz\/lebensmittel\/#primaryimage","url":"https:\/\/weltlaeden.de\/bilderpool\/wp-content\/uploads\/sites\/3\/2018\/05\/Lebensmittel_WL-Bornheim-Christian-Schilling-300x201.jpg","contentUrl":"https:\/\/weltlaeden.de\/bilderpool\/wp-content\/uploads\/sites\/3\/2018\/05\/Lebensmittel_WL-Bornheim-Christian-Schilling-300x201.jpg"},{"@type":"BreadcrumbList","@id":"https:\/\/weltlaeden.de\/linz\/lebensmittel\/#breadcrumb","itemListElement":[{"@type":"ListItem","position":1,"name":"Startseite","item":"https:\/\/weltlaeden.de\/linz\/"},{"@type":"ListItem","position":2,"name":"Lebensmittel"}]},{"@type":"WebSite","@id":"https:\/\/weltlaeden.de\/linz\/#website","url":"https:\/\/weltlaeden.de\/linz\/","name":"Weltladen Linz am Rhein","description":"Faire Produkte seit 2013","potentialAction":[{"@type":"SearchAction","target":{"@type":"EntryPoint","urlTemplate":"https:\/\/weltlaeden.de\/linz\/?s={search_term_string}"},"query-input":{"@type":"PropertyValueSpecification","valueRequired":true,"valueName":"search_term_string"}}],"inLanguage":"de"}]}},"_links":{"self":[{"href":"https:\/\/weltlaeden.de\/linz\/wp-json\/wp\/v2\/pages\/710","targetHints":{"allow":["GET"]}}],"collection":[{"href":"https:\/\/weltlaeden.de\/linz\/wp-json\/wp\/v2\/pages"}],"about":[{"href":"https:\/\/weltlaeden.de\/linz\/wp-json\/wp\/v2\/types\/page"}],"author":[{"embeddable":true,"href":"https:\/\/weltlaeden.de\/linz\/wp-json\/wp\/v2\/users\/298"}],"replies":[{"embeddable":true,"href":"https:\/\/weltlaeden.de\/linz\/wp-json\/wp\/v2\/comments?post=710"}],"version-history":[{"count":49,"href":"https:\/\/weltlaeden.de\/linz\/wp-json\/wp\/v2\/pages\/710\/revisions"}],"predecessor-version":[{"id":2044,"href":"https:\/\/weltlaeden.de\/linz\/wp-json\/wp\/v2\/pages\/710\/revisions\/2044"}],"wp:attachment":[{"href":"https:\/\/weltlaeden.de\/linz\/wp-json\/wp\/v2\/media?parent=710"}],"curies":[{"name":"wp","href":"https:\/\/api.w.org\/{rel}","templated":true}]}}