{"id":651,"date":"2024-03-20T14:14:28","date_gmt":"2024-03-20T13:14:28","guid":{"rendered":"https:\/\/weltlaeden.de\/linz\/?page_id=651"},"modified":"2025-12-18T22:05:46","modified_gmt":"2025-12-18T21:05:46","slug":"bildungsarbeit","status":"publish","type":"page","link":"https:\/\/weltlaeden.de\/linz\/bildungsarbeit\/","title":{"rendered":"Bildungsarbeit"},"content":{"rendered":"<div class=\"wpb-content-wrapper\"><p>[vc_row][vc_column][vc_column_text css=&#8220;&#8220;]<\/p>\n<h1><strong><span style=\"color: #ff6600\">Die Bildungsarbeit des Weltladens ist ein Teil von <\/span><\/strong><strong><span style=\"color: #ff6600\">Allgemeinbildung<\/span> <\/strong><\/h1>\n<h3>Bildungsarbeit ist eine der drei S\u00e4ulen der Weltladenarbeit\u00a0 (Verkauf\u00a0 &#8211;\u00a0 Bildung\u00a0 &#8211;\u00a0 Kampagnenarbeit) und stellt eine zus\u00e4tzliche Serviceleistung der Weltl\u00e4den dar.<\/h3>\n<h3>Bildung im Weltladen geschieht auch durch Produkt- und Produzent\/innen-Information sowie durch die Mitarbeit im Weltladen.<\/h3>\n<p>&nbsp;<\/p>\n<p><img loading=\"lazy\" decoding=\"async\" class=\"alignnone size-medium wp-image-1904\" src=\"https:\/\/weltlaeden.de\/linz\/wp-content\/uploads\/sites\/204\/2024\/09\/Kopie-von-Amthauer_IMG_0010-1-247x300.jpg\" alt=\"\" width=\"247\" height=\"300\" srcset=\"https:\/\/weltlaeden.de\/linz\/wp-content\/uploads\/sites\/204\/2024\/09\/Kopie-von-Amthauer_IMG_0010-1-247x300.jpg 247w, https:\/\/weltlaeden.de\/linz\/wp-content\/uploads\/sites\/204\/2024\/09\/Kopie-von-Amthauer_IMG_0010-1-843x1024.jpg 843w, https:\/\/weltlaeden.de\/linz\/wp-content\/uploads\/sites\/204\/2024\/09\/Kopie-von-Amthauer_IMG_0010-1-768x933.jpg 768w, https:\/\/weltlaeden.de\/linz\/wp-content\/uploads\/sites\/204\/2024\/09\/Kopie-von-Amthauer_IMG_0010-1.jpg 1054w\" sizes=\"auto, (max-width: 247px) 100vw, 247px\" \/><\/p>\n<p>F\u00fcr die Projektarbeit in Schulen, Vereinen, Gemeinde-Caf\u00e9s und weiteren Bildungseinrichtungen ist <strong>Karl Hermann Amthauer<\/strong> seit 1. Juli 2016 der Bildungsreferent des Vereins Eine-Welt Linz e.V. f\u00fcr das Fachgebiet Fairer Handel.<\/p>\n<p><strong>Sein Aufgabengebiet ist die Kontaktpflege sowie die Durchf\u00fchrung von entwicklungspolitischen Bildungskonzepten f\u00fcr Schulen, Erwachsene, Vereine sowie Vortr\u00e4ge, Informationsveranstaltungen und Diskussionsrunden zu Themen des Fairen Handels.<\/strong><\/p>\n<p>Bildung im Weltladen geschieht auch durch Produkt- und Produzent\/innen-Information und durch die Mitarbeit im Weltladen.<strong><br \/>\n<\/strong><\/p>\n<h4><\/h4>\n<p>&nbsp;<\/p>\n<h4><span style=\"color: #ff6600\"><strong>Einfach anrufen oder eine Mail an Karl Hermann Amthauer.<\/strong><\/span><br \/>\nKontaktadresse:\u00a0\u00a0 <a href=\"mailto:bildungsreferent@eine-welt-linz.de\"><span style=\"color: #333399\">bildungsreferent@eine-welt-linz.de<\/span><\/a> \u00a0 Telefon:\u00a0 0163.727 94 41<\/h4>\n<h2><strong><span style=\"color: #ff6600\"><br \/>\nUnser Bildungsreferent Karl Hermann Amthauer<\/span><\/strong><\/h2>\n<p>Bis 2015 war Karl Hermann Amthauer Lehrer an einer Berufsschule im Bereich Sozialwesen. Seit 2016 arbeitet er f\u00fcr den Verein Eine-Welt Linz e.V. als Fachreferent f\u00fcr den Fairen Handel. Zu seiner T\u00e4tigkeit geh\u00f6ren Vortr\u00e4ge \u00fcber die Arbeitsweise des Fairen Handels, Projekte an Schulen mit dem Schwerpunkt BNE (Bildung f\u00fcr nachhaltige Entwicklung), dem Globalen Lernen sowie die Moderation von Gespr\u00e4chsrunden zu aktuellen Fragen des gesellschaftlichen Wandels. Themen sind u.a. die 17 Ziele der Nachhaltigkeit, Kinderarbeit im Globalen S\u00fcden, Fast Fashion, Ern\u00e4hrung und Landwirtschaft, die Wege zur Klimaneutralit\u00e4t in der Region.<\/p>\n<p>\u00dcber die Jahre ist ein guter Kontakt zu vielen Einrichtungen in der Stadt und Verbandsgemeinde Linz entstanden. Voraussetzung f\u00fcr eine erfolgreiche Zusammenarbeit ist nach seiner Erfahrung eine Absprache \u00fcber die jeweiligen Bed\u00fcrfnisse, auf die er sich gerne einstellt.\u00a0 Gerne kommt er auch zu einem Gespr\u00e4ch an die Schule.<\/p>\n<p>&nbsp;<\/p>\n<p>&nbsp;<\/p>\n<p>&nbsp;<\/p>\n<h3>&#8212;&#8212;&#8212;&#8212;&#8212;&#8212;&#8212;&#8212;&#8212;&#8212;&#8212;&#8212;&#8212;&#8212;&#8212;&#8212;&#8212;&#8212;&#8211;\u00a0\u00a0\u00a0\u00a0 Presseartikel\u00a0\u00a0\u00a0\u00a0 &#8212;&#8212;&#8212;&#8212;&#8212;&#8212;&#8212;&#8212;&#8212;&#8212;&#8212;&#8212;&#8212;&#8212;&#8212;&#8212;&#8212;-<\/h3>\n<h2><\/h2>\n<h3><\/h3>\n<h3>Blick aktuell 18.12.2025<\/h3>\n<h3><span style=\"color: #ff6600\"><strong>\u201eAugen auf beim Kleiderkauf \u2013 Projekt an der R\u00f6merwall-Schule\u201c<\/strong><\/span><\/h3>\n<p>Qualit\u00e4t beim Kauf von Kleidung ist wichtig f\u00fcr die Sch\u00fclerinnen und Sch\u00fcler des Kurses \u201eGesellschaft und Politik\u201c der Klasse 9c unter der Leitung von Marita Palm, wie eine Umfrage zu Beginn des Projektes \u201eAugen auf beim Kleiderkauf\u201c ergab.<\/p>\n<p>Doch wie sieht es mit Kleidung aus, die unter fairen Bedingungen hergestellt wurde, wie wird unser Kaufverhalten beeinflusst und welche Alternativen gibt es zum immer schnelleren Konsum von billiger Fast fashion- Kleidung?<br \/>\nWie w\u00e4re es mit einer Kleidertausch-B\u00f6rse oder dem Upcycling gebrauchter Bekleidung? Mit all diesen Fragen besch\u00e4ftigte sich der Kurs in der Unter-richtseinheit \u201eAugen auf beim Kleiderkauf\u201c, die von K. Hermann Amthauer, dem Bildungsreferenten des Weltladens Linz, gestaltet wurde.<\/p>\n<p>Jugendliche geben heutzutage Millionen f\u00fcr Bekleidung aus. Mode und Marken spielen schlie\u00dflich f\u00fcr sie eine wichtige Rolle. Mit Kleidung, Styling und Accessoires dr\u00fccken sie sich aus, zeigen ihre Individualit\u00e4t oder demonstrieren, zu welchen Gruppen oder Jugendszenen sie sich zugeh\u00f6rig f\u00fchlen. Und sie sind fr\u00fch in der Welt des Konsums unterwegs, Influencer, die einen pers\u00f6nlichen Kontakt zu ihren Followern aufbauen, beeinflussen ihr Kaufverhalten. In Vortr\u00e4gen und Filmsequenzen wurden im Verlauf der Einheit die Werbestrategien von Firmen, g\u00e4ngigen Verkaufstricks ebenso untersucht wie die bedeutsame Rolle von Influencerinnen.<\/p>\n<p>Die Diskussionen in der Sch\u00fclergruppe zeigten, wie wichtig das Thema ist und dass die Sch\u00fclerinnen und Sch\u00fcler sensibel sind f\u00fcr ein achtsames Konsumverhalten. Sie wissen: F\u00fcr viele Schn\u00e4ppchen, die in die Shops kommen, zahlt immer jemand den Preis. Ungesunde Arbeitsbedingungen und L\u00f6hne, die nicht zum Leben reichen, sind Realit\u00e4t in der Fast fashion-Industrie.<\/p>\n<p>Fazit: Augen auf, aber dennoch viel Spa\u00df beim Kleiderkauf!<\/p>\n<p><img loading=\"lazy\" decoding=\"async\" class=\"alignnone wp-image-2413\" src=\"https:\/\/weltlaeden.de\/linz\/wp-content\/uploads\/sites\/204\/2025\/12\/IMG_6773-Klasse-9c-Kurs-Gesellschaft-und-Politik-Roemerwallschule-Rheinbrohl-rotated-e1764797302243-300x225.jpg\" alt=\"\" width=\"540\" height=\"405\" srcset=\"https:\/\/weltlaeden.de\/linz\/wp-content\/uploads\/sites\/204\/2025\/12\/IMG_6773-Klasse-9c-Kurs-Gesellschaft-und-Politik-Roemerwallschule-Rheinbrohl-rotated-e1764797302243-300x225.jpg 300w, https:\/\/weltlaeden.de\/linz\/wp-content\/uploads\/sites\/204\/2025\/12\/IMG_6773-Klasse-9c-Kurs-Gesellschaft-und-Politik-Roemerwallschule-Rheinbrohl-rotated-e1764797302243-1024x768.jpg 1024w, https:\/\/weltlaeden.de\/linz\/wp-content\/uploads\/sites\/204\/2025\/12\/IMG_6773-Klasse-9c-Kurs-Gesellschaft-und-Politik-Roemerwallschule-Rheinbrohl-rotated-e1764797302243-768x576.jpg 768w, https:\/\/weltlaeden.de\/linz\/wp-content\/uploads\/sites\/204\/2025\/12\/IMG_6773-Klasse-9c-Kurs-Gesellschaft-und-Politik-Roemerwallschule-Rheinbrohl-rotated-e1764797302243-1536x1152.jpg 1536w, https:\/\/weltlaeden.de\/linz\/wp-content\/uploads\/sites\/204\/2025\/12\/IMG_6773-Klasse-9c-Kurs-Gesellschaft-und-Politik-Roemerwallschule-Rheinbrohl-rotated-e1764797302243.jpg 2016w\" sizes=\"auto, (max-width: 540px) 100vw, 540px\" \/><\/p>\n<p>Sch\u00fclerinnen und Sch\u00fcler der Klasse 9c der R\u00f6merwaldschule Rheinbrohl<br \/>\nIn der Mitte K. Hermann Amthauer, Bildungsreferent des Weltladens Linz<\/p>\n<p>&nbsp;<\/p>\n<h2><span style=\"color: #ff6600\"><strong>Bildungsreferent am 02.10.24 beim Fr\u00fchst\u00fcck der KFD Rheinbreitbach<\/strong><\/span><\/h2>\n<p><img loading=\"lazy\" decoding=\"async\" class=\"alignnone wp-image-2105\" src=\"https:\/\/weltlaeden.de\/linz\/wp-content\/uploads\/sites\/204\/2024\/10\/2024-10-02-Foto-von-KH-300x165.jpg\" alt=\"\" width=\"568\" height=\"312\" srcset=\"https:\/\/weltlaeden.de\/linz\/wp-content\/uploads\/sites\/204\/2024\/10\/2024-10-02-Foto-von-KH-300x165.jpg 300w, https:\/\/weltlaeden.de\/linz\/wp-content\/uploads\/sites\/204\/2024\/10\/2024-10-02-Foto-von-KH-1024x563.jpg 1024w, https:\/\/weltlaeden.de\/linz\/wp-content\/uploads\/sites\/204\/2024\/10\/2024-10-02-Foto-von-KH-768x422.jpg 768w, https:\/\/weltlaeden.de\/linz\/wp-content\/uploads\/sites\/204\/2024\/10\/2024-10-02-Foto-von-KH-1536x844.jpg 1536w, https:\/\/weltlaeden.de\/linz\/wp-content\/uploads\/sites\/204\/2024\/10\/2024-10-02-Foto-von-KH.jpg 2048w\" sizes=\"auto, (max-width: 568px) 100vw, 568px\" \/><\/p>\n<p>Pressemitteilung vom 07.10.24<\/p>\n<p><strong>\u201eFair und frisch auf den Tisch\u201c hie\u00df das Thema,<\/strong> zu dem die 20 Frauen der Katholischen Frauenge-meinschaft Karl Hermann Amthauer, den Bildungsreferenten des Vereins Eine-Welt Linz, am 2. Oktober eingeladen hatten. Dass viele Menschen unter \u00dcbergewicht oder Adipositas leiden ist eine von Ern\u00e4hrungswissenschaftlern l\u00e4ngst beklagte Tatsache. In seinem Vortrag stellte K. Hermann Amthauer Untersuchungen vor, die das h\u00e4ufig zu bemerkende \u00dcbergewicht letztlich auf Mangelern\u00e4hrung zur\u00fcckf\u00fchren. Viele Menschen, die sich aufgrund fehlender finanzieller Mittel nur schnell s\u00e4ttigende kalorienhaltige Nahrungsmittel kauften litten eigentlich an \u201eVerborgenem Hunger\u201c, da ihnen wichtige Mineralien und Vitamine von hochwertigen Lebensmitteln fehlen. Ein solches Essverhalten werde schon in der fr\u00fchen Kindheit ausgepr\u00e4gt und habe gravierende Folgen f\u00fcr die geistige und k\u00f6rperliche Entwicklung.<\/p>\n<p><strong>Die Nahrungsmittelindustrie trage zu einem ung\u00fcnstigen Essverhalten bei, so Amthauer,<\/strong> und werde zu wenig durch gesetzliche Vorgaben wie Werbevorbote f\u00fcr Zucker, Steuern etc. kontrolliert.\u00a0 Hier entstand in der Fr\u00fchst\u00fccksrunde eine angeregte Diskussion, dar\u00fcber, ob nicht der Einzelne verantwortlich sei f\u00fcr sein Essverhalten. \u00a0Oft werde ja zu Hause nicht gekocht, weil keine Zeit bleibe oder man nicht kochen k\u00f6nne. Einig war man sich dar\u00fcber, dass Kinder durch ein Fach Ern\u00e4hrung in den Schulen an die Bedeutung und den Gebrauch gesunder Lebensmittel herangef\u00fchrt werden m\u00fcssten.<\/p>\n<p><strong>Im Mittelpunkt standen zum Schluss die Elemente einer fairen und frischen K\u00fcche,<\/strong> die vor allem regional, saisonal sein m\u00fcsse. Am Beispiel von drei Gem\u00fcsen stellt K. Hermann Rezepte vor, die zu einer gesunden und leicht zuzubereitenden K\u00fcche geh\u00f6ren k\u00f6nnen und erl\u00e4uterte, an welchen Siegeln man erkennen k\u00f6nne, welche Produkte zu fairen Bedingungen auf den Markt gekommen sind.<\/p>\n<h2><\/h2>\n<p>&nbsp;<\/p>\n<p>&nbsp;<\/p>\n<h2><span style=\"color: #ff6600\"><strong>Aktionstage der<br \/>\nFairtrade-Schule Wiedtal-Gymnasium Neustadt\/Wied<\/strong><\/span><\/h2>\n<p><img loading=\"lazy\" decoding=\"async\" class=\"alignnone size-medium wp-image-2080\" src=\"https:\/\/weltlaeden.de\/linz\/wp-content\/uploads\/sites\/204\/2024\/09\/IMG-20240924-WA0002-225x300.jpg\" alt=\"\" width=\"225\" height=\"300\" srcset=\"https:\/\/weltlaeden.de\/linz\/wp-content\/uploads\/sites\/204\/2024\/09\/IMG-20240924-WA0002-225x300.jpg 225w, https:\/\/weltlaeden.de\/linz\/wp-content\/uploads\/sites\/204\/2024\/09\/IMG-20240924-WA0002-768x1024.jpg 768w, https:\/\/weltlaeden.de\/linz\/wp-content\/uploads\/sites\/204\/2024\/09\/IMG-20240924-WA0002-1152x1536.jpg 1152w, https:\/\/weltlaeden.de\/linz\/wp-content\/uploads\/sites\/204\/2024\/09\/IMG-20240924-WA0002.jpg 1512w\" sizes=\"auto, (max-width: 225px) 100vw, 225px\" \/> \u00a0 \u00a0 \u00a0 \u00a0\u00a0 <img loading=\"lazy\" decoding=\"async\" class=\"alignnone size-medium wp-image-2081\" src=\"https:\/\/weltlaeden.de\/linz\/wp-content\/uploads\/sites\/204\/2024\/09\/IMG-20240924-WA0003-225x300.jpg\" alt=\"\" width=\"225\" height=\"300\" srcset=\"https:\/\/weltlaeden.de\/linz\/wp-content\/uploads\/sites\/204\/2024\/09\/IMG-20240924-WA0003-225x300.jpg 225w, https:\/\/weltlaeden.de\/linz\/wp-content\/uploads\/sites\/204\/2024\/09\/IMG-20240924-WA0003-768x1024.jpg 768w, https:\/\/weltlaeden.de\/linz\/wp-content\/uploads\/sites\/204\/2024\/09\/IMG-20240924-WA0003-1152x1536.jpg 1152w, https:\/\/weltlaeden.de\/linz\/wp-content\/uploads\/sites\/204\/2024\/09\/IMG-20240924-WA0003.jpg 1512w\" sizes=\"auto, (max-width: 225px) 100vw, 225px\" \/><\/p>\n<p>25. September 2024<br \/>\n<strong>Zu den Regenwald- und Klimaschutzaktionstagen am 24. und 25. September 2024<\/strong> hatte die Nachhaltigkeits-AG des Wiedtal Gymnasiums Neustadt wieder Grundschulen und Kinderg\u00e4rten der Region eingeladen. An den zahlreichen interaktiven Infost\u00e4nden konnten sich die Kinder \u00fcber die Funktion des Regenwaldes f\u00fcr unser Klima und die Ma\u00dfnahmen zu seinem Schutz informieren. Mit dabei waren wieder vom Verein Eine-Welt Linz e.V. stellv. Vorstandsmitglied Annette F\u00f6rster und Bildungsreferent K. Hermann Amthauer. An ihrem Stand konnten die Kinder erfahren, wie im Kakaog\u00fcrtel um den Regenwald die Fr\u00fcchte geerntet werden und wie daraus Schokolade hergestellt wird.<\/p>\n<p><strong>Die Kinder informierten sich auch dar\u00fcber, dass die dunkle Seite der Schokolade die ausbeuterische Kinderarbeit in vielen L\u00e4ndern Afrikas ist.<\/strong> Die Schokolade aus dem Fairen Handel, die sie probieren konnten ist, wie sie erfuhren, ohne Kinderarbeit in den Herkunftsl\u00e4ndern hergestellt worden zu einem Preis, der den Eltern in den Herkunftsl\u00e4ndern ein gutes Auskommen garantiert. Dazu geh\u00f6rt, den Kindern eine Schulausbildung zu erm\u00f6glichen. Dass dies nicht \u00fcberall selbstverst\u00e4ndlich ist, dar\u00fcber wunderten sich manche, die nicht immer begeistert sind, unbedingt, \u201ejeden Tag zur Schule\u201c gehen zu m\u00fcssen.<\/p>\n<p>&nbsp;<\/p>\n<p>&nbsp;<\/p>\n<h2><\/h2>\n<h2><span style=\"color: #ff6600\"><strong>Regenwald-Tag der <\/strong><\/span><br \/>\n<strong><span style=\"color: #ff6600\">Fairtrade-Schule Wiedtal-Gymnasium Neustadt\/Wied<\/span><br \/>\n<\/strong><\/h2>\n<p><img loading=\"lazy\" decoding=\"async\" class=\"alignnone size-medium wp-image-1964\" src=\"https:\/\/weltlaeden.de\/linz\/wp-content\/uploads\/sites\/204\/2024\/09\/IMG-20240703-WA0005-300x225.jpg\" alt=\"\" width=\"300\" height=\"225\" srcset=\"https:\/\/weltlaeden.de\/linz\/wp-content\/uploads\/sites\/204\/2024\/09\/IMG-20240703-WA0005-300x225.jpg 300w, https:\/\/weltlaeden.de\/linz\/wp-content\/uploads\/sites\/204\/2024\/09\/IMG-20240703-WA0005-1024x768.jpg 1024w, https:\/\/weltlaeden.de\/linz\/wp-content\/uploads\/sites\/204\/2024\/09\/IMG-20240703-WA0005-768x576.jpg 768w, https:\/\/weltlaeden.de\/linz\/wp-content\/uploads\/sites\/204\/2024\/09\/IMG-20240703-WA0005-1536x1152.jpg 1536w, https:\/\/weltlaeden.de\/linz\/wp-content\/uploads\/sites\/204\/2024\/09\/IMG-20240703-WA0005.jpg 2016w\" sizes=\"auto, (max-width: 300px) 100vw, 300px\" \/>\u00a0\u00a0\u00a0 \u00a0\u00a0 \u00a0\u00a0 <img loading=\"lazy\" decoding=\"async\" class=\"alignnone wp-image-1204\" src=\"https:\/\/weltlaeden.de\/linz\/wp-content\/uploads\/sites\/204\/2024\/07\/IMG-20240703-WA0006-225x300.jpg\" alt=\"\" width=\"168\" height=\"224\" srcset=\"https:\/\/weltlaeden.de\/linz\/wp-content\/uploads\/sites\/204\/2024\/07\/IMG-20240703-WA0006-225x300.jpg 225w, https:\/\/weltlaeden.de\/linz\/wp-content\/uploads\/sites\/204\/2024\/07\/IMG-20240703-WA0006-768x1024.jpg 768w, https:\/\/weltlaeden.de\/linz\/wp-content\/uploads\/sites\/204\/2024\/07\/IMG-20240703-WA0006-1152x1536.jpg 1152w, https:\/\/weltlaeden.de\/linz\/wp-content\/uploads\/sites\/204\/2024\/07\/IMG-20240703-WA0006.jpg 1512w\" sizes=\"auto, (max-width: 168px) 100vw, 168px\" \/> \u00a0\u00a0 \u00a0 \u00a0 \u00a0 <img loading=\"lazy\" decoding=\"async\" class=\"alignnone wp-image-1205\" src=\"https:\/\/weltlaeden.de\/linz\/wp-content\/uploads\/sites\/204\/2024\/07\/IMG-20240703-WA0007-225x300.jpg\" alt=\"\" width=\"168\" height=\"224\" srcset=\"https:\/\/weltlaeden.de\/linz\/wp-content\/uploads\/sites\/204\/2024\/07\/IMG-20240703-WA0007-225x300.jpg 225w, https:\/\/weltlaeden.de\/linz\/wp-content\/uploads\/sites\/204\/2024\/07\/IMG-20240703-WA0007-768x1024.jpg 768w, https:\/\/weltlaeden.de\/linz\/wp-content\/uploads\/sites\/204\/2024\/07\/IMG-20240703-WA0007-1152x1536.jpg 1152w, https:\/\/weltlaeden.de\/linz\/wp-content\/uploads\/sites\/204\/2024\/07\/IMG-20240703-WA0007.jpg 1200w\" sizes=\"auto, (max-width: 168px) 100vw, 168px\" \/><\/p>\n<p>3. Juli 2024<br \/>\nNeben Referent Klaus Over von der Privatinitiative &#8222;Wir retten den Regenwald&#8220; war Bildungsreferent Karl Hermann Amthauer vom Verein Eine-Welt Linz e.V. einer der Akteure beim Regenwald-Tag der Fairtrade-Schule Wiedtal-Gymnasium Neustadt\/Wied. 200 Grundschulkinder und eine Kita waren zu Gast.<\/p>\n<p><strong>An 33 Stationen konnten sich die Kinder rund um das Thema Regenwald und Fairer Handel informieren oder mitmachen.<\/strong><br \/>\nBeim Ausprobieren, Riechen und Schmecken wurden viele Erfahrungen gesammelt. Es war eine interessante,<br \/>\nabwechslungsreiche, lehrreiche und erfolgreiche Veranstaltung.<\/p>\n<p>&nbsp;<\/p>\n<p>&nbsp;<\/p>\n<p>&nbsp;<\/p>\n<p>&nbsp;<\/p>\n<p>&nbsp;<\/p>\n<p>&nbsp;<\/p>\n<p>&nbsp;<\/p>\n<h2><span style=\"color: #ff6600\"><strong>\u00a0<\/strong><\/span><\/h2>\n<p>[\/vc_column_text][\/vc_column][\/vc_row]<\/p>\n<\/div>","protected":false},"excerpt":{"rendered":"<p>[vc_row][vc_column][vc_column_text css=&#8220;&#8220;] Die Bildungsarbeit des Weltladens ist ein Teil von Allgemeinbildung Bildungsarbeit ist eine der drei S\u00e4ulen der Weltladenarbeit\u00a0 (Verkauf\u00a0 &#8211;\u00a0 Bildung\u00a0 &#8211;\u00a0 Kampagnenarbeit) und stellt eine zus\u00e4tzliche Serviceleistung der Weltl\u00e4den dar. Bildung im Weltladen geschieht auch durch Produkt- und Produzent\/innen-Information sowie durch die Mitarbeit im Weltladen. &nbsp; F\u00fcr die Projektarbeit in Schulen, Vereinen, Gemeinde-Caf\u00e9s&hellip;<\/p>\n","protected":false},"author":298,"featured_media":0,"parent":0,"menu_order":0,"comment_status":"closed","ping_status":"closed","template":"","meta":{"footnotes":""},"class_list":["post-651","page","type-page","status-publish","hentry","description-off"],"yoast_head":"<!-- This site is optimized with the Yoast SEO plugin v26.8 - https:\/\/yoast.com\/product\/yoast-seo-wordpress\/ -->\n<title>Bildungsarbeit - Weltladen Linz am Rhein<\/title>\n<meta name=\"robots\" content=\"index, follow, max-snippet:-1, max-image-preview:large, max-video-preview:-1\" \/>\n<link rel=\"canonical\" href=\"https:\/\/weltlaeden.de\/linz\/bildungsarbeit\/\" \/>\n<meta property=\"og:locale\" content=\"de_DE\" \/>\n<meta property=\"og:type\" content=\"article\" \/>\n<meta property=\"og:title\" content=\"Bildungsarbeit - Weltladen Linz am Rhein\" \/>\n<meta property=\"og:description\" content=\"[vc_row][vc_column][vc_column_text css=&#8220;&#8220;] Die Bildungsarbeit des Weltladens ist ein Teil von Allgemeinbildung Bildungsarbeit ist eine der drei S\u00e4ulen der Weltladenarbeit\u00a0 (Verkauf\u00a0 &#8211;\u00a0 Bildung\u00a0 &#8211;\u00a0 Kampagnenarbeit) und stellt eine zus\u00e4tzliche Serviceleistung der Weltl\u00e4den dar. Bildung im Weltladen geschieht auch durch Produkt- und Produzent\/innen-Information sowie durch die Mitarbeit im Weltladen. &nbsp; F\u00fcr die Projektarbeit in Schulen, Vereinen, Gemeinde-Caf\u00e9s&hellip;\" \/>\n<meta property=\"og:url\" content=\"https:\/\/weltlaeden.de\/linz\/bildungsarbeit\/\" \/>\n<meta property=\"og:site_name\" content=\"Weltladen Linz am Rhein\" \/>\n<meta property=\"article:modified_time\" content=\"2025-12-18T21:05:46+00:00\" \/>\n<meta property=\"og:image\" content=\"https:\/\/weltlaeden.de\/linz\/wp-content\/uploads\/sites\/204\/2024\/09\/Kopie-von-Amthauer_IMG_0010-1.jpg\" \/>\n\t<meta property=\"og:image:width\" content=\"1054\" \/>\n\t<meta property=\"og:image:height\" content=\"1280\" \/>\n\t<meta property=\"og:image:type\" content=\"image\/jpeg\" \/>\n<meta name=\"twitter:card\" content=\"summary_large_image\" \/>\n<meta name=\"twitter:label1\" content=\"Gesch\u00e4tzte Lesezeit\" \/>\n\t<meta name=\"twitter:data1\" content=\"8\u00a0Minuten\" \/>\n<script type=\"application\/ld+json\" class=\"yoast-schema-graph\">{\"@context\":\"https:\/\/schema.org\",\"@graph\":[{\"@type\":\"WebPage\",\"@id\":\"https:\/\/weltlaeden.de\/linz\/bildungsarbeit\/\",\"url\":\"https:\/\/weltlaeden.de\/linz\/bildungsarbeit\/\",\"name\":\"Bildungsarbeit - Weltladen Linz am Rhein\",\"isPartOf\":{\"@id\":\"https:\/\/weltlaeden.de\/linz\/#website\"},\"primaryImageOfPage\":{\"@id\":\"https:\/\/weltlaeden.de\/linz\/bildungsarbeit\/#primaryimage\"},\"image\":{\"@id\":\"https:\/\/weltlaeden.de\/linz\/bildungsarbeit\/#primaryimage\"},\"thumbnailUrl\":\"https:\/\/weltlaeden.de\/linz\/wp-content\/uploads\/sites\/204\/2024\/09\/Kopie-von-Amthauer_IMG_0010-1-247x300.jpg\",\"datePublished\":\"2024-03-20T13:14:28+00:00\",\"dateModified\":\"2025-12-18T21:05:46+00:00\",\"breadcrumb\":{\"@id\":\"https:\/\/weltlaeden.de\/linz\/bildungsarbeit\/#breadcrumb\"},\"inLanguage\":\"de\",\"potentialAction\":[{\"@type\":\"ReadAction\",\"target\":[\"https:\/\/weltlaeden.de\/linz\/bildungsarbeit\/\"]}]},{\"@type\":\"ImageObject\",\"inLanguage\":\"de\",\"@id\":\"https:\/\/weltlaeden.de\/linz\/bildungsarbeit\/#primaryimage\",\"url\":\"https:\/\/weltlaeden.de\/linz\/wp-content\/uploads\/sites\/204\/2024\/09\/Kopie-von-Amthauer_IMG_0010-1.jpg\",\"contentUrl\":\"https:\/\/weltlaeden.de\/linz\/wp-content\/uploads\/sites\/204\/2024\/09\/Kopie-von-Amthauer_IMG_0010-1.jpg\",\"width\":1054,\"height\":1280},{\"@type\":\"BreadcrumbList\",\"@id\":\"https:\/\/weltlaeden.de\/linz\/bildungsarbeit\/#breadcrumb\",\"itemListElement\":[{\"@type\":\"ListItem\",\"position\":1,\"name\":\"Startseite\",\"item\":\"https:\/\/weltlaeden.de\/linz\/\"},{\"@type\":\"ListItem\",\"position\":2,\"name\":\"Bildungsarbeit\"}]},{\"@type\":\"WebSite\",\"@id\":\"https:\/\/weltlaeden.de\/linz\/#website\",\"url\":\"https:\/\/weltlaeden.de\/linz\/\",\"name\":\"Weltladen Linz am Rhein\",\"description\":\"Faire Produkte seit 2013\",\"potentialAction\":[{\"@type\":\"SearchAction\",\"target\":{\"@type\":\"EntryPoint\",\"urlTemplate\":\"https:\/\/weltlaeden.de\/linz\/?s={search_term_string}\"},\"query-input\":{\"@type\":\"PropertyValueSpecification\",\"valueRequired\":true,\"valueName\":\"search_term_string\"}}],\"inLanguage\":\"de\"}]}<\/script>\n<!-- \/ Yoast SEO plugin. -->","yoast_head_json":{"title":"Bildungsarbeit - Weltladen Linz am Rhein","robots":{"index":"index","follow":"follow","max-snippet":"max-snippet:-1","max-image-preview":"max-image-preview:large","max-video-preview":"max-video-preview:-1"},"canonical":"https:\/\/weltlaeden.de\/linz\/bildungsarbeit\/","og_locale":"de_DE","og_type":"article","og_title":"Bildungsarbeit - Weltladen Linz am Rhein","og_description":"[vc_row][vc_column][vc_column_text css=&#8220;&#8220;] Die Bildungsarbeit des Weltladens ist ein Teil von Allgemeinbildung Bildungsarbeit ist eine der drei S\u00e4ulen der Weltladenarbeit\u00a0 (Verkauf\u00a0 &#8211;\u00a0 Bildung\u00a0 &#8211;\u00a0 Kampagnenarbeit) und stellt eine zus\u00e4tzliche Serviceleistung der Weltl\u00e4den dar. Bildung im Weltladen geschieht auch durch Produkt- und Produzent\/innen-Information sowie durch die Mitarbeit im Weltladen. &nbsp; F\u00fcr die Projektarbeit in Schulen, Vereinen, Gemeinde-Caf\u00e9s&hellip;","og_url":"https:\/\/weltlaeden.de\/linz\/bildungsarbeit\/","og_site_name":"Weltladen Linz am Rhein","article_modified_time":"2025-12-18T21:05:46+00:00","og_image":[{"width":1054,"height":1280,"url":"https:\/\/weltlaeden.de\/linz\/wp-content\/uploads\/sites\/204\/2024\/09\/Kopie-von-Amthauer_IMG_0010-1.jpg","type":"image\/jpeg"}],"twitter_card":"summary_large_image","twitter_misc":{"Gesch\u00e4tzte Lesezeit":"8\u00a0Minuten"},"schema":{"@context":"https:\/\/schema.org","@graph":[{"@type":"WebPage","@id":"https:\/\/weltlaeden.de\/linz\/bildungsarbeit\/","url":"https:\/\/weltlaeden.de\/linz\/bildungsarbeit\/","name":"Bildungsarbeit - Weltladen Linz am Rhein","isPartOf":{"@id":"https:\/\/weltlaeden.de\/linz\/#website"},"primaryImageOfPage":{"@id":"https:\/\/weltlaeden.de\/linz\/bildungsarbeit\/#primaryimage"},"image":{"@id":"https:\/\/weltlaeden.de\/linz\/bildungsarbeit\/#primaryimage"},"thumbnailUrl":"https:\/\/weltlaeden.de\/linz\/wp-content\/uploads\/sites\/204\/2024\/09\/Kopie-von-Amthauer_IMG_0010-1-247x300.jpg","datePublished":"2024-03-20T13:14:28+00:00","dateModified":"2025-12-18T21:05:46+00:00","breadcrumb":{"@id":"https:\/\/weltlaeden.de\/linz\/bildungsarbeit\/#breadcrumb"},"inLanguage":"de","potentialAction":[{"@type":"ReadAction","target":["https:\/\/weltlaeden.de\/linz\/bildungsarbeit\/"]}]},{"@type":"ImageObject","inLanguage":"de","@id":"https:\/\/weltlaeden.de\/linz\/bildungsarbeit\/#primaryimage","url":"https:\/\/weltlaeden.de\/linz\/wp-content\/uploads\/sites\/204\/2024\/09\/Kopie-von-Amthauer_IMG_0010-1.jpg","contentUrl":"https:\/\/weltlaeden.de\/linz\/wp-content\/uploads\/sites\/204\/2024\/09\/Kopie-von-Amthauer_IMG_0010-1.jpg","width":1054,"height":1280},{"@type":"BreadcrumbList","@id":"https:\/\/weltlaeden.de\/linz\/bildungsarbeit\/#breadcrumb","itemListElement":[{"@type":"ListItem","position":1,"name":"Startseite","item":"https:\/\/weltlaeden.de\/linz\/"},{"@type":"ListItem","position":2,"name":"Bildungsarbeit"}]},{"@type":"WebSite","@id":"https:\/\/weltlaeden.de\/linz\/#website","url":"https:\/\/weltlaeden.de\/linz\/","name":"Weltladen Linz am Rhein","description":"Faire Produkte seit 2013","potentialAction":[{"@type":"SearchAction","target":{"@type":"EntryPoint","urlTemplate":"https:\/\/weltlaeden.de\/linz\/?s={search_term_string}"},"query-input":{"@type":"PropertyValueSpecification","valueRequired":true,"valueName":"search_term_string"}}],"inLanguage":"de"}]}},"_links":{"self":[{"href":"https:\/\/weltlaeden.de\/linz\/wp-json\/wp\/v2\/pages\/651","targetHints":{"allow":["GET"]}}],"collection":[{"href":"https:\/\/weltlaeden.de\/linz\/wp-json\/wp\/v2\/pages"}],"about":[{"href":"https:\/\/weltlaeden.de\/linz\/wp-json\/wp\/v2\/types\/page"}],"author":[{"embeddable":true,"href":"https:\/\/weltlaeden.de\/linz\/wp-json\/wp\/v2\/users\/298"}],"replies":[{"embeddable":true,"href":"https:\/\/weltlaeden.de\/linz\/wp-json\/wp\/v2\/comments?post=651"}],"version-history":[{"count":85,"href":"https:\/\/weltlaeden.de\/linz\/wp-json\/wp\/v2\/pages\/651\/revisions"}],"predecessor-version":[{"id":2436,"href":"https:\/\/weltlaeden.de\/linz\/wp-json\/wp\/v2\/pages\/651\/revisions\/2436"}],"wp:attachment":[{"href":"https:\/\/weltlaeden.de\/linz\/wp-json\/wp\/v2\/media?parent=651"}],"curies":[{"name":"wp","href":"https:\/\/api.w.org\/{rel}","templated":true}]}}