{"id":219,"date":"2016-10-28T13:34:06","date_gmt":"2016-10-28T11:34:47","guid":{"rendered":"https:\/\/wl.heimpixel.de\/vorlage\/ueber-uns\/"},"modified":"2025-01-14T22:16:58","modified_gmt":"2025-01-14T21:16:58","slug":"ueber-uns","status":"publish","type":"page","link":"https:\/\/weltlaeden.de\/lingen\/ueber-uns\/","title":{"rendered":"\u00dcber uns"},"content":{"rendered":"<div class=\"wpb-content-wrapper\"><p>[vc_row][vc_column]<div class=\"wl_einzelbild\"><p><img loading=\"lazy\" decoding=\"async\" class=\"alignnone size-large wp-image-1184\" src=\"https:\/\/weltlaeden.de\/lingen\/wp-content\/uploads\/sites\/41\/2023\/09\/20230829_1449001-1024x593.jpg\" alt=\"\" width=\"1024\" height=\"593\" srcset=\"https:\/\/weltlaeden.de\/lingen\/wp-content\/uploads\/sites\/41\/2023\/09\/20230829_1449001-1024x593.jpg 1024w, https:\/\/weltlaeden.de\/lingen\/wp-content\/uploads\/sites\/41\/2023\/09\/20230829_1449001-300x174.jpg 300w, https:\/\/weltlaeden.de\/lingen\/wp-content\/uploads\/sites\/41\/2023\/09\/20230829_1449001-768x445.jpg 768w, https:\/\/weltlaeden.de\/lingen\/wp-content\/uploads\/sites\/41\/2023\/09\/20230829_1449001-1536x890.jpg 1536w, https:\/\/weltlaeden.de\/lingen\/wp-content\/uploads\/sites\/41\/2023\/09\/20230829_1449001-scaled.jpg 2048w\" sizes=\"auto, (max-width: 1024px) 100vw, 1024px\" \/><\/p><\/div>[vc_empty_space][vc_column_text]<\/p>\n<h1>\u00dcber den Weltladen Lingen<\/h1>\n<p>[\/vc_column_text][vc_column_text css=&#8220;&#8220;]Der Weltladen Lingen e.V. wurde 1981 gegr\u00fcndet. 2013 ist unser Gesch\u00e4ft in das die Fu\u00dfg\u00e4ngerzone von Lingen gezogen. Seit Mai 2023 befindet sich unser Laden in der Gro\u00dfen Str. 3 bis 5. Hier teilen wir uns eine gro\u00dfe Ladenfl\u00e4che mit LingenUnverpackt\u00a0 und Lingen Wirtschaft Tourismus e.V. (LWT). Unser Team besteht aus circa 25 ehrenamtlich engagierten Mitarbeitern und Mitarbeiterinnen. Als Mitglied beim Weltladen-Dachverband sind wir mit etwa 450 Weltl\u00e4den verbunden und verpflichten uns die Konvention der Weltl\u00e4den einzuhalten.[\/vc_column_text][\/vc_column][\/vc_row][vc_row][vc_column][vc_empty_space][vc_column_text]<\/p>\n<h1>Mitmachen im Weltladen Lingen<\/h1>\n<p>[\/vc_column_text][vc_column_text]<strong>Wir suchen<\/strong> Menschen, die Lust haben, sich ehrenamtlich f\u00fcr eine offene, transparente, \u00f6kologische und nachhaltige Form des Wirtschaftens zu engagieren. Ob im Verkauf, der Informations- oder Bildungsarbeit &#8211; die M\u00f6glichkeiten, in unserem Team mitzumachen sind vielf\u00e4ltig und lassen sich bestimmt auch in Deinen Alltag nach integrieren. Neben regelm\u00e4\u00dfigen Aufgaben gibt es bei uns auch immer wieder einzelne zeitlich befristete Projekte, f\u00fcr die wir Unterst\u00fctzer\/innen suchen. Viele Aufgaben erfordern keine speziellen Vorkenntnisse, sondern nur Deine Bereitschaft, Deine F\u00e4higkeiten einzubringen und eventuell in neuen Bereichen dazuzulernen.<\/p>\n<p><strong>Wir bieten<\/strong> ein nettes Team aus Engagierten mit vielf\u00e4ltigen M\u00f6glichkeiten, sich selbst einzubringen. Eine Gemeinschaft, die Dich herzlich aufnimmt, einarbeitet und bei Fragen zur Verf\u00fcgung steht. Sollten wir Dein Interesse geweckt haben, schreibe uns unter weltladen.lingen@gmx.de oder melde dich einfach im Laden.<\/p>\n<p><strong>Wir freuen uns auf Dich!<\/strong>[\/vc_column_text][\/vc_column][\/vc_row][vc_row][vc_column][vc_empty_space][vc_column_text]<\/p>\n<h1>Wir freuen uns \u00fcber jede neue Mitgliedschaft<\/h1>\n<p>[\/vc_column_text][vc_column_text]M\u00f6chtest Du unsere Arbeit f\u00fcr den fairen Handel unterst\u00fctzen? Dann nimm Kontakt zu uns auf:<br \/>\nSchau pers\u00f6nlich in den Weltladen Lingen herein.<br \/>\nOder verwende das Kontaktformular: <a href=\"https:\/\/weltlaeden.de\/lingen\/wp-content\/uploads\/sites\/41\/2023\/10\/Beitrittserklaerung-Weltladen-Lingen.pdf\">Beitrittserklaerung Weltladen Lingen<\/a><\/p>\n<p>[\/vc_column_text][\/vc_column][\/vc_row]<\/p>\n<\/div>","protected":false},"excerpt":{"rendered":"<p>[vc_row][vc_column][vc_empty_space][vc_column_text] \u00dcber den Weltladen Lingen [\/vc_column_text][vc_column_text css=&#8220;&#8220;]Der Weltladen Lingen e.V. wurde 1981 gegr\u00fcndet. 2013 ist unser Gesch\u00e4ft in das die Fu\u00dfg\u00e4ngerzone von Lingen gezogen. Seit Mai 2023 befindet sich unser Laden in der Gro\u00dfen Str. 3 bis 5. Hier teilen wir uns eine gro\u00dfe Ladenfl\u00e4che mit LingenUnverpackt\u00a0 und Lingen Wirtschaft Tourismus e.V. (LWT). Unser Team&hellip;<\/p>\n","protected":false},"author":1,"featured_media":0,"parent":0,"menu_order":5,"comment_status":"closed","ping_status":"closed","template":"","meta":{"footnotes":""},"class_list":["post-219","page","type-page","status-publish","hentry","description-off"],"yoast_head":"<!-- This site is optimized with the Yoast SEO plugin v26.8 - https:\/\/yoast.com\/product\/yoast-seo-wordpress\/ -->\n<title>\u00dcber uns - Weltladen Lingen<\/title>\n<meta name=\"robots\" content=\"index, follow, max-snippet:-1, max-image-preview:large, max-video-preview:-1\" \/>\n<link rel=\"canonical\" href=\"https:\/\/weltlaeden.de\/lingen\/ueber-uns\/\" \/>\n<meta property=\"og:locale\" content=\"de_DE\" \/>\n<meta property=\"og:type\" content=\"article\" \/>\n<meta property=\"og:title\" content=\"\u00dcber uns - Weltladen Lingen\" \/>\n<meta property=\"og:description\" content=\"[vc_row][vc_column][vc_empty_space][vc_column_text] \u00dcber den Weltladen Lingen [\/vc_column_text][vc_column_text css=&#8220;&#8220;]Der Weltladen Lingen e.V. wurde 1981 gegr\u00fcndet. 2013 ist unser Gesch\u00e4ft in das die Fu\u00dfg\u00e4ngerzone von Lingen gezogen. Seit Mai 2023 befindet sich unser Laden in der Gro\u00dfen Str. 3 bis 5. Hier teilen wir uns eine gro\u00dfe Ladenfl\u00e4che mit LingenUnverpackt\u00a0 und Lingen Wirtschaft Tourismus e.V. (LWT). Unser Team&hellip;\" \/>\n<meta property=\"og:url\" content=\"https:\/\/weltlaeden.de\/lingen\/ueber-uns\/\" \/>\n<meta property=\"og:site_name\" content=\"Weltladen Lingen\" \/>\n<meta property=\"article:modified_time\" content=\"2025-01-14T21:16:58+00:00\" \/>\n<meta property=\"og:image\" content=\"https:\/\/weltlaeden.de\/lingen\/wp-content\/uploads\/sites\/41\/2023\/09\/20230829_1449001.jpg\" \/>\n\t<meta property=\"og:image:width\" content=\"2048\" \/>\n\t<meta property=\"og:image:height\" content=\"1186\" \/>\n\t<meta property=\"og:image:type\" content=\"image\/jpeg\" \/>\n<meta name=\"twitter:card\" content=\"summary_large_image\" \/>\n<meta name=\"twitter:label1\" content=\"Gesch\u00e4tzte Lesezeit\" \/>\n\t<meta name=\"twitter:data1\" content=\"2\u00a0Minuten\" \/>\n<script type=\"application\/ld+json\" class=\"yoast-schema-graph\">{\"@context\":\"https:\/\/schema.org\",\"@graph\":[{\"@type\":\"WebPage\",\"@id\":\"https:\/\/weltlaeden.de\/lingen\/ueber-uns\/\",\"url\":\"https:\/\/weltlaeden.de\/lingen\/ueber-uns\/\",\"name\":\"\u00dcber uns - Weltladen Lingen\",\"isPartOf\":{\"@id\":\"https:\/\/weltlaeden.de\/lingen\/#website\"},\"primaryImageOfPage\":{\"@id\":\"https:\/\/weltlaeden.de\/lingen\/ueber-uns\/#primaryimage\"},\"image\":{\"@id\":\"https:\/\/weltlaeden.de\/lingen\/ueber-uns\/#primaryimage\"},\"thumbnailUrl\":\"https:\/\/weltlaeden.de\/lingen\/wp-content\/uploads\/sites\/41\/2023\/09\/20230829_1449001-1024x593.jpg\",\"datePublished\":\"2016-10-28T11:34:47+00:00\",\"dateModified\":\"2025-01-14T21:16:58+00:00\",\"breadcrumb\":{\"@id\":\"https:\/\/weltlaeden.de\/lingen\/ueber-uns\/#breadcrumb\"},\"inLanguage\":\"de\",\"potentialAction\":[{\"@type\":\"ReadAction\",\"target\":[\"https:\/\/weltlaeden.de\/lingen\/ueber-uns\/\"]}]},{\"@type\":\"ImageObject\",\"inLanguage\":\"de\",\"@id\":\"https:\/\/weltlaeden.de\/lingen\/ueber-uns\/#primaryimage\",\"url\":\"https:\/\/weltlaeden.de\/lingen\/wp-content\/uploads\/sites\/41\/2023\/09\/20230829_1449001.jpg\",\"contentUrl\":\"https:\/\/weltlaeden.de\/lingen\/wp-content\/uploads\/sites\/41\/2023\/09\/20230829_1449001.jpg\",\"width\":2048,\"height\":1186},{\"@type\":\"BreadcrumbList\",\"@id\":\"https:\/\/weltlaeden.de\/lingen\/ueber-uns\/#breadcrumb\",\"itemListElement\":[{\"@type\":\"ListItem\",\"position\":1,\"name\":\"Startseite\",\"item\":\"https:\/\/weltlaeden.de\/lingen\/\"},{\"@type\":\"ListItem\",\"position\":2,\"name\":\"\u00dcber uns\"}]},{\"@type\":\"WebSite\",\"@id\":\"https:\/\/weltlaeden.de\/lingen\/#website\",\"url\":\"https:\/\/weltlaeden.de\/lingen\/\",\"name\":\"Vorlage\",\"description\":\"Faire Produkte seit 1990\",\"potentialAction\":[{\"@type\":\"SearchAction\",\"target\":{\"@type\":\"EntryPoint\",\"urlTemplate\":\"https:\/\/weltlaeden.de\/lingen\/?s={search_term_string}\"},\"query-input\":{\"@type\":\"PropertyValueSpecification\",\"valueRequired\":true,\"valueName\":\"search_term_string\"}}],\"inLanguage\":\"de\"}]}<\/script>\n<!-- \/ Yoast SEO plugin. -->","yoast_head_json":{"title":"\u00dcber uns - Weltladen Lingen","robots":{"index":"index","follow":"follow","max-snippet":"max-snippet:-1","max-image-preview":"max-image-preview:large","max-video-preview":"max-video-preview:-1"},"canonical":"https:\/\/weltlaeden.de\/lingen\/ueber-uns\/","og_locale":"de_DE","og_type":"article","og_title":"\u00dcber uns - Weltladen Lingen","og_description":"[vc_row][vc_column][vc_empty_space][vc_column_text] \u00dcber den Weltladen Lingen [\/vc_column_text][vc_column_text css=&#8220;&#8220;]Der Weltladen Lingen e.V. wurde 1981 gegr\u00fcndet. 2013 ist unser Gesch\u00e4ft in das die Fu\u00dfg\u00e4ngerzone von Lingen gezogen. Seit Mai 2023 befindet sich unser Laden in der Gro\u00dfen Str. 3 bis 5. Hier teilen wir uns eine gro\u00dfe Ladenfl\u00e4che mit LingenUnverpackt\u00a0 und Lingen Wirtschaft Tourismus e.V. (LWT). Unser Team&hellip;","og_url":"https:\/\/weltlaeden.de\/lingen\/ueber-uns\/","og_site_name":"Weltladen Lingen","article_modified_time":"2025-01-14T21:16:58+00:00","og_image":[{"width":2048,"height":1186,"url":"https:\/\/weltlaeden.de\/lingen\/wp-content\/uploads\/sites\/41\/2023\/09\/20230829_1449001.jpg","type":"image\/jpeg"}],"twitter_card":"summary_large_image","twitter_misc":{"Gesch\u00e4tzte Lesezeit":"2\u00a0Minuten"},"schema":{"@context":"https:\/\/schema.org","@graph":[{"@type":"WebPage","@id":"https:\/\/weltlaeden.de\/lingen\/ueber-uns\/","url":"https:\/\/weltlaeden.de\/lingen\/ueber-uns\/","name":"\u00dcber uns - Weltladen Lingen","isPartOf":{"@id":"https:\/\/weltlaeden.de\/lingen\/#website"},"primaryImageOfPage":{"@id":"https:\/\/weltlaeden.de\/lingen\/ueber-uns\/#primaryimage"},"image":{"@id":"https:\/\/weltlaeden.de\/lingen\/ueber-uns\/#primaryimage"},"thumbnailUrl":"https:\/\/weltlaeden.de\/lingen\/wp-content\/uploads\/sites\/41\/2023\/09\/20230829_1449001-1024x593.jpg","datePublished":"2016-10-28T11:34:47+00:00","dateModified":"2025-01-14T21:16:58+00:00","breadcrumb":{"@id":"https:\/\/weltlaeden.de\/lingen\/ueber-uns\/#breadcrumb"},"inLanguage":"de","potentialAction":[{"@type":"ReadAction","target":["https:\/\/weltlaeden.de\/lingen\/ueber-uns\/"]}]},{"@type":"ImageObject","inLanguage":"de","@id":"https:\/\/weltlaeden.de\/lingen\/ueber-uns\/#primaryimage","url":"https:\/\/weltlaeden.de\/lingen\/wp-content\/uploads\/sites\/41\/2023\/09\/20230829_1449001.jpg","contentUrl":"https:\/\/weltlaeden.de\/lingen\/wp-content\/uploads\/sites\/41\/2023\/09\/20230829_1449001.jpg","width":2048,"height":1186},{"@type":"BreadcrumbList","@id":"https:\/\/weltlaeden.de\/lingen\/ueber-uns\/#breadcrumb","itemListElement":[{"@type":"ListItem","position":1,"name":"Startseite","item":"https:\/\/weltlaeden.de\/lingen\/"},{"@type":"ListItem","position":2,"name":"\u00dcber uns"}]},{"@type":"WebSite","@id":"https:\/\/weltlaeden.de\/lingen\/#website","url":"https:\/\/weltlaeden.de\/lingen\/","name":"Vorlage","description":"Faire Produkte seit 1990","potentialAction":[{"@type":"SearchAction","target":{"@type":"EntryPoint","urlTemplate":"https:\/\/weltlaeden.de\/lingen\/?s={search_term_string}"},"query-input":{"@type":"PropertyValueSpecification","valueRequired":true,"valueName":"search_term_string"}}],"inLanguage":"de"}]}},"_links":{"self":[{"href":"https:\/\/weltlaeden.de\/lingen\/wp-json\/wp\/v2\/pages\/219","targetHints":{"allow":["GET"]}}],"collection":[{"href":"https:\/\/weltlaeden.de\/lingen\/wp-json\/wp\/v2\/pages"}],"about":[{"href":"https:\/\/weltlaeden.de\/lingen\/wp-json\/wp\/v2\/types\/page"}],"author":[{"embeddable":true,"href":"https:\/\/weltlaeden.de\/lingen\/wp-json\/wp\/v2\/users\/1"}],"replies":[{"embeddable":true,"href":"https:\/\/weltlaeden.de\/lingen\/wp-json\/wp\/v2\/comments?post=219"}],"version-history":[{"count":22,"href":"https:\/\/weltlaeden.de\/lingen\/wp-json\/wp\/v2\/pages\/219\/revisions"}],"predecessor-version":[{"id":409,"href":"https:\/\/weltlaeden.de\/lingen\/wp-json\/wp\/v2\/pages\/219\/revisions\/409"}],"wp:attachment":[{"href":"https:\/\/weltlaeden.de\/lingen\/wp-json\/wp\/v2\/media?parent=219"}],"curies":[{"name":"wp","href":"https:\/\/api.w.org\/{rel}","templated":true}]}}