{"id":217,"date":"2016-10-28T13:34:47","date_gmt":"2016-10-28T11:34:47","guid":{"rendered":"https:\/\/wl.heimpixel.de\/vorlage\/produkte\/"},"modified":"2025-06-07T22:03:23","modified_gmt":"2025-06-07T20:03:23","slug":"produkte","status":"publish","type":"page","link":"https:\/\/weltlaeden.de\/lingen\/produkte\/","title":{"rendered":"Produkte"},"content":{"rendered":"<div class=\"wpb-content-wrapper\"><p>[vc_row][vc_column]<div class=\"wl_einzelbild\"><p><\/p><\/div>[vc_empty_space][vc_column_text]<\/p>\n<h1>Unser Sortiment<\/h1>\n<p>[\/vc_column_text][vc_column_text]Bei uns finden Sie eine gro\u00dfe Auswahl fair gehandelter Produkte. Alle Waren werden unter menschenw\u00fcrdigen Bedingungen hergestellt und zu Preisen gehandelt, die den ProduzentInnen im S\u00fcden eine Existenz sichern Wir runden unser Sortiment durch eine Auswahl an Erg\u00e4nzungsprodukten ab. Diese Artikel sind nicht 100 % fair gehandelt, passen aber dennoch zu unserem Konzept.[\/vc_column_text][vc_empty_space][vc_row_inner][vc_column_inner width=&#8220;1\/2&#8243;][vc_column_text]<\/p>\n<h2>Textilien &amp; Taschen<\/h2>\n<p>[\/vc_column_text]<div class=\"wl_einzelbild\"><p><img loading=\"lazy\" decoding=\"async\" class=\"alignnone size-large wp-image-1174\" src=\"https:\/\/weltlaeden.de\/lingen\/wp-content\/uploads\/sites\/41\/2023\/09\/20230904_1122211-1024x593.jpg\" alt=\"\" width=\"1024\" height=\"593\" srcset=\"https:\/\/weltlaeden.de\/lingen\/wp-content\/uploads\/sites\/41\/2023\/09\/20230904_1122211-1024x593.jpg 1024w, https:\/\/weltlaeden.de\/lingen\/wp-content\/uploads\/sites\/41\/2023\/09\/20230904_1122211-300x174.jpg 300w, https:\/\/weltlaeden.de\/lingen\/wp-content\/uploads\/sites\/41\/2023\/09\/20230904_1122211-768x445.jpg 768w, https:\/\/weltlaeden.de\/lingen\/wp-content\/uploads\/sites\/41\/2023\/09\/20230904_1122211-1536x889.jpg 1536w, https:\/\/weltlaeden.de\/lingen\/wp-content\/uploads\/sites\/41\/2023\/09\/20230904_1122211-scaled.jpg 2048w\" sizes=\"auto, (max-width: 1024px) 100vw, 1024px\" \/><\/p><\/div>[vc_column_text]Wir f\u00fchren Schals und T\u00fccher, Kleidung f\u00fcr Kinder und Frauen und eine gro\u00dfe Auswahl an Taschen, Geldb\u00f6rsen und Rucks\u00e4cken aus Leder, Baumwolle, Wollfilz, Jute, Reifen und Seide.[\/vc_column_text][\/vc_column_inner][vc_column_inner width=&#8220;1\/2&#8243;][vc_column_text]<\/p>\n<h2>Schmuck\/ B\u00fccher \/ Spiele<\/h2>\n<p>[\/vc_column_text]<div class=\"wl_einzelbild\"><p><\/p>\n<p class=\"EinfacherAbsatz\"><img loading=\"lazy\" decoding=\"async\" class=\"alignnone size-large wp-image-1178\" src=\"https:\/\/weltlaeden.de\/lingen\/wp-content\/uploads\/sites\/41\/2023\/09\/20230829_144728-1024x593.jpg\" alt=\"\" width=\"1024\" height=\"593\" srcset=\"https:\/\/weltlaeden.de\/lingen\/wp-content\/uploads\/sites\/41\/2023\/09\/20230829_144728-1024x593.jpg 1024w, https:\/\/weltlaeden.de\/lingen\/wp-content\/uploads\/sites\/41\/2023\/09\/20230829_144728-300x174.jpg 300w, https:\/\/weltlaeden.de\/lingen\/wp-content\/uploads\/sites\/41\/2023\/09\/20230829_144728-768x445.jpg 768w, https:\/\/weltlaeden.de\/lingen\/wp-content\/uploads\/sites\/41\/2023\/09\/20230829_144728-1536x890.jpg 1536w, https:\/\/weltlaeden.de\/lingen\/wp-content\/uploads\/sites\/41\/2023\/09\/20230829_144728-scaled.jpg 2048w\" sizes=\"auto, (max-width: 1024px) 100vw, 1024px\" \/>Unser Schmucksortiment umfasst Ketten, Ohrringe, Armreifen, Anh\u00e4nger und Ringe aus Silber, Perlen, Steinen, Horn, Nuss, Glas, Gold. Bei uns finden Sie au\u00dferdem Rezeptb\u00fccher, Fachb\u00fccher und Kinderb\u00fccher.<\/p>\n<p class=\"EinfacherAbsatz\">Wir f\u00fchren auch Fu\u00df-, Hand- und Volleyb\u00e4lle, Jonglierb\u00e4lle und Flipflops.<\/p>\n<p><\/p><\/div>[\/vc_column_inner][\/vc_row_inner][vc_empty_space][\/vc_column][\/vc_row][vc_row][vc_column width=&#8220;1\/2&#8243;][vc_column_text]<\/p>\n<h2>Lebensmittel<\/h2>\n<p>[\/vc_column_text]<div class=\"wl_einzelbild\"><p><img loading=\"lazy\" decoding=\"async\" class=\"alignnone size-large wp-image-1176\" src=\"https:\/\/weltlaeden.de\/lingen\/wp-content\/uploads\/sites\/41\/2023\/09\/lebens-1024x593.jpg\" alt=\"\" width=\"1024\" height=\"593\" srcset=\"https:\/\/weltlaeden.de\/lingen\/wp-content\/uploads\/sites\/41\/2023\/09\/lebens-1024x593.jpg 1024w, https:\/\/weltlaeden.de\/lingen\/wp-content\/uploads\/sites\/41\/2023\/09\/lebens-300x174.jpg 300w, https:\/\/weltlaeden.de\/lingen\/wp-content\/uploads\/sites\/41\/2023\/09\/lebens-768x445.jpg 768w, https:\/\/weltlaeden.de\/lingen\/wp-content\/uploads\/sites\/41\/2023\/09\/lebens-1536x889.jpg 1536w, https:\/\/weltlaeden.de\/lingen\/wp-content\/uploads\/sites\/41\/2023\/09\/lebens-scaled.jpg 2048w\" sizes=\"auto, (max-width: 1024px) 100vw, 1024px\" \/><\/p><\/div>[vc_column_text]Wir haben eine gro\u00dfe Auswahl an Schokoladen, Gew\u00fcrzen, Wein, Saucen, S\u00e4ften, Snacks, Honig, Marmeladen und Aufstrichen und viele verschiedene Tee- und Kaffeesorten. Auf Wunsch stellen wir Ihnen auch gerne einen Pr\u00e4sentkorb zusammen.[\/vc_column_text][\/vc_column][vc_column width=&#8220;1\/2&#8243;][vc_column_text]<\/p>\n<h2>Kunsthandwerk und Geschenkartikel<\/h2>\n<p>[\/vc_column_text]<div class=\"wl_einzelbild\"><p><img loading=\"lazy\" decoding=\"async\" class=\"alignnone size-large wp-image-1180\" src=\"https:\/\/weltlaeden.de\/lingen\/wp-content\/uploads\/sites\/41\/2023\/09\/Kunsthandwerk-1024x594.jpg\" alt=\"\" width=\"1024\" height=\"594\" srcset=\"https:\/\/weltlaeden.de\/lingen\/wp-content\/uploads\/sites\/41\/2023\/09\/Kunsthandwerk-1024x594.jpg 1024w, https:\/\/weltlaeden.de\/lingen\/wp-content\/uploads\/sites\/41\/2023\/09\/Kunsthandwerk-300x174.jpg 300w, https:\/\/weltlaeden.de\/lingen\/wp-content\/uploads\/sites\/41\/2023\/09\/Kunsthandwerk-768x445.jpg 768w, https:\/\/weltlaeden.de\/lingen\/wp-content\/uploads\/sites\/41\/2023\/09\/Kunsthandwerk.jpg 1363w\" sizes=\"auto, (max-width: 1024px) 100vw, 1024px\" \/><\/p><\/div>[vc_column_text]<\/p>\n<p class=\"EinfacherAbsatz\">Unser Angebot reicht von Handwerkskunst aus Lateinamerika, Afrika und Asien, Keramik, \u00fcber Sitzkissen, H\u00e4ngematten, Schalen, Bambusgeschirr bis zu Tischdecken und Schl\u00fcsselanh\u00e4ngern\u2026<\/p>\n<p class=\"EinfacherAbsatz\">[\/vc_column_text][\/vc_column][\/vc_row][vc_row][vc_column][vc_column_text]<\/p>\n<p>[\/vc_column_text][vc_empty_space][\/vc_column][\/vc_row][vc_row][vc_column][vc_column_text css=&#8220;&#8220;]<\/p>\n<div>\n<div>\n<h1><span style=\"vertical-align: inherit\">Lederwaren: neue Rucks\u00e4cke und Taschen!<\/span><\/h1>\n<\/div>\n<div class=\"c-singlefilm__texts\">\n<div class=\"c-singlefilm__text\">\n<p>Im Weltladen Lingen gibt es neue, hochwertige Rucks\u00e4cke und Taschen aus Leder zu entdecken \u2013 nat\u00fcrlich fair gehandelt! <a href=\"https:\/\/www.instagram.com\/weltladen_lingen\/p\/DJ3-oANCr6s\/\" target=\"_blank\" rel=\"noopener\">Fotos!<\/a> Importiert wurden sie \u00fcber die &#8222;<a href=\"https:\/\/www.chotanagpurgruppe.de\/\" target=\"_blank\" rel=\"noopener\">Chotanagpurgruppe Faire Handelsgesellschaft mbH<\/a>&#8220; getragen vom &#8222;Freundeskreis Chotanagpur Dortmund e.V.&#8220;. Ziel dieser Initiative ist es, benachteiligte Handwerkergruppen in Indien und Nepal durch Fairen Handel zu st\u00e4rken. Die Chotanagpurgruppe unterst\u00fctzt die Produzenten vor Ort, indem sie regelm\u00e4\u00dfig Waren wie Ledertaschen, Geldb\u00f6rsen, Tischdecken, Baumwolltaschen und Schmuck abnimmt und faire Preise zahlt. Als anerkannter Weltladen-Lieferant beliefert die Chotanagpurgruppe vor allem Weltl\u00e4den \u2013 wie unseren in Lingen. <a href=\"https:\/\/www.weltladen.de\/lieferanten\/chotanagpurgruppe\/?suche=chotanagpurgruppe\" target=\"_blank\" rel=\"noopener\">[mehr]<\/a><\/p>\n<\/div>\n<\/div>\n<p><img loading=\"lazy\" decoding=\"async\" class=\"alignnone size-full wp-image-1438\" src=\"https:\/\/weltlaeden.de\/lingen\/wp-content\/uploads\/sites\/41\/2025\/06\/slideneu_69.jpg\" alt=\"\" width=\"400\" height=\"300\" srcset=\"https:\/\/weltlaeden.de\/lingen\/wp-content\/uploads\/sites\/41\/2025\/06\/slideneu_69.jpg 400w, https:\/\/weltlaeden.de\/lingen\/wp-content\/uploads\/sites\/41\/2025\/06\/slideneu_69-300x225.jpg 300w\" sizes=\"auto, (max-width: 400px) 100vw, 400px\" \/><\/p>\n<h1><span style=\"vertical-align: inherit\">Neu: &#8222;Die Faire Jubil\u00e4ums Schokolade&#8220;!\u00a0<\/span><\/h1>\n<\/div>\n<div class=\"c-singlefilm__texts\">\n<div class=\"c-singlefilm__text\">\n<p>Der Weltladen Lingen bietet Schokolade\u00a0(Vollmilch und Zartbitter) und Kaffee (gemahlen und Bohne) zu vielen verschiedenen Anl\u00e4ssen. Neu ist die Edition zum &#8222;<a href=\"https:\/\/www.lingen.de\/politik-rathaus-service\/unsere-stadt\/stadtjubilaeum-2025\/stadtjubilaeum-2025.html\" target=\"_blank\" rel=\"noopener\">Jubil\u00e4um 1050 Jahre Stadt Lingen<\/a>&#8222;. <a href=\"https:\/\/www.instagram.com\/weltladen_lingen\/p\/DFXl9NCNVdf\/?img_index=1\" target=\"_blank\" rel=\"noopener\">[mehr]<\/a><\/p>\n<\/div>\n<\/div>\n<p><img loading=\"lazy\" decoding=\"async\" class=\"alignnone wp-image-1386\" src=\"https:\/\/weltlaeden.de\/lingen\/wp-content\/uploads\/sites\/41\/2025\/03\/Schokolade1050.png\" alt=\"\" width=\"389\" height=\"449\" srcset=\"https:\/\/weltlaeden.de\/lingen\/wp-content\/uploads\/sites\/41\/2025\/03\/Schokolade1050.png 563w, https:\/\/weltlaeden.de\/lingen\/wp-content\/uploads\/sites\/41\/2025\/03\/Schokolade1050-260x300.png 260w\" sizes=\"auto, (max-width: 389px) 100vw, 389px\" \/><\/p>\n<p>&nbsp;<\/p>\n<div>\n<h1><span style=\"vertical-align: inherit\">Winterkleidung: Im Weltladen Lingen 40% g\u00fcnstiger!\u00a0<\/span><\/h1>\n<\/div>\n<div class=\"c-singlefilm__texts\">\n<div class=\"c-singlefilm__text\">\n<p>Seit Jahresbeginn 2025 bekommen Sie 40% auf die tolle Winterkleidung im Weltladen Lingen! Bestimmt ist noch ein passendes, faires Kleidungsst\u00fcck mit rotem Punkt f\u00fcr Sie dabei. Der Weltladen hat am Montag, Dienstag, Donnerstag und Freitag von 10:00 bis 18:00 Uhr, am Mittwoch von 9:00 bis 18:00 Uhr und am Samstag von 9:00 bis 14:00 Uhr ge\u00f6ffnet. Das Team freut sich auf Ihren Besuch! <a href=\"https:\/\/www.instagram.com\/weltladen_lingen\/p\/DEXuSegNvTS\/\" target=\"_blank\" rel=\"noopener\">[mehr]<\/a><\/p>\n<\/div>\n<\/div>\n<p>&nbsp;<\/p>\n<h1>Fu\u00dfb\u00e4lle aus Fairem Handel!<\/h1>\n<p>Noch bis zum 14. Juli findet die Fu\u00dfball-Europameisterschaft in Deutschland statt. In Sialkot im Nordosten Pakistans produzieren etwa 40.000 Menschen bei ca. 700 Herstellern (darunter adidas, Puma und Nike) rund 70 Millionen Fu\u00dfb\u00e4lle pro Jahr. Von den 700 Herstellern sind nur f\u00fcnf Fairtrade-zertifiziert, darunter <a href=\"https:\/\/www.badboyzballfabrik.de\/\" target=\"_blank\" rel=\"noopener\">Bad Boyz<\/a> und <a href=\"https:\/\/bontura.de\/\" target=\"_blank\" rel=\"noopener\">bontura<\/a>. Mehr Informationen finden sich hier: <a href=\"https:\/\/www.weltladen.de\/fuer-weltlaeden\/oeffentlichkeitsarbeit\/kommunikationspakete\/fussbaelle\/\">[mehr]<\/a> Im Weltladen Lingen haben wir eine Auswahl dieser fair gehandelten B\u00e4lle vorr\u00e4tig!<\/p>\n<p>&nbsp;<\/p>\n<p><img loading=\"lazy\" decoding=\"async\" class=\"alignnone size-large wp-image-1329\" src=\"https:\/\/weltlaeden.de\/lingen\/wp-content\/uploads\/sites\/41\/2024\/07\/448186795_1093849128348126_4861596357818136490_n-1024x1024.jpeg\" alt=\"\" width=\"1024\" height=\"1024\" srcset=\"https:\/\/weltlaeden.de\/lingen\/wp-content\/uploads\/sites\/41\/2024\/07\/448186795_1093849128348126_4861596357818136490_n-1024x1024.jpeg 1024w, https:\/\/weltlaeden.de\/lingen\/wp-content\/uploads\/sites\/41\/2024\/07\/448186795_1093849128348126_4861596357818136490_n-300x300.jpeg 300w, https:\/\/weltlaeden.de\/lingen\/wp-content\/uploads\/sites\/41\/2024\/07\/448186795_1093849128348126_4861596357818136490_n-150x150.jpeg 150w, https:\/\/weltlaeden.de\/lingen\/wp-content\/uploads\/sites\/41\/2024\/07\/448186795_1093849128348126_4861596357818136490_n-768x768.jpeg 768w, https:\/\/weltlaeden.de\/lingen\/wp-content\/uploads\/sites\/41\/2024\/07\/448186795_1093849128348126_4861596357818136490_n.jpeg 1440w\" sizes=\"auto, (max-width: 1024px) 100vw, 1024px\" \/>[\/vc_column_text][vc_column_text]<\/p>\n<h1><\/h1>\n<h1>Weihnachtskrippen: Gro\u00dfe Auswahl im Weltladen Lingen!<\/h1>\n<p>Im Weltladen Lingen findet sich eine ungew\u00f6hnlich gro\u00dfe Auswahl an wundersch\u00f6nen Krippen aus aller Welt. <a href=\"https:\/\/weltlaeden.de\/lingen\/\" target=\"_blank\" rel=\"noopener\">[Foto]<\/a> Unsere Filz-Krippen kommen zum Beispiel aus Nepal von der gemeinn\u00fctzigen Kooperative &#8222;Woman Entrepreneurs Assocication Of Nepal&#8220; (<a href=\"https:\/\/www.facebook.com\/WEAN.lalitpur\/\" target=\"_blank\" rel=\"noopener\">WEAN<\/a>). Ziel der Kooperative von Unternehmen, die von Frauen gegr\u00fcndet und geleitet werden, ist der Zugang zu auch internationalen M\u00e4rkten und wirtschaftliche Macht f\u00fcr Frauen in Nepal. WEAN hat 300 Mitglieder. Sehr gro\u00dfen Wert legt man auf Schulungen f\u00fcr unterprivilegierte Frauen, die eine Fertigkeit erlernen k\u00f6nnen, um damit ihren Lebensunterhalt zu verdienen. <a href=\"https:\/\/www.akarfairtrade.de\/Wean-Nepal\" target=\"_blank\" rel=\"noopener\">[mehr]<\/a><\/p>\n<p><img loading=\"lazy\" decoding=\"async\" class=\"alignnone size-large wp-image-1251\" src=\"https:\/\/weltlaeden.de\/lingen\/wp-content\/uploads\/sites\/41\/2023\/11\/KrippeFilzNepal-768x1024.jpeg\" alt=\"\" width=\"768\" height=\"1024\" srcset=\"https:\/\/weltlaeden.de\/lingen\/wp-content\/uploads\/sites\/41\/2023\/11\/KrippeFilzNepal-768x1024.jpeg 768w, https:\/\/weltlaeden.de\/lingen\/wp-content\/uploads\/sites\/41\/2023\/11\/KrippeFilzNepal-225x300.jpeg 225w, https:\/\/weltlaeden.de\/lingen\/wp-content\/uploads\/sites\/41\/2023\/11\/KrippeFilzNepal-1152x1536.jpeg 1152w, https:\/\/weltlaeden.de\/lingen\/wp-content\/uploads\/sites\/41\/2023\/11\/KrippeFilzNepal-1536x2048.jpeg 1536w\" sizes=\"auto, (max-width: 768px) 100vw, 768px\" \/>[\/vc_column_text][\/vc_column][\/vc_row]<\/p>\n<\/div>","protected":false},"excerpt":{"rendered":"<p>[vc_row][vc_column][vc_empty_space][vc_column_text] Unser Sortiment [\/vc_column_text][vc_column_text]Bei uns finden Sie eine gro\u00dfe Auswahl fair gehandelter Produkte. Alle Waren werden unter menschenw\u00fcrdigen Bedingungen hergestellt und zu Preisen gehandelt, die den ProduzentInnen im S\u00fcden eine Existenz sichern Wir runden unser Sortiment durch eine Auswahl an Erg\u00e4nzungsprodukten ab. Diese Artikel sind nicht 100 % fair gehandelt, passen aber dennoch zu unserem&hellip;<\/p>\n","protected":false},"author":1,"featured_media":0,"parent":0,"menu_order":4,"comment_status":"closed","ping_status":"closed","template":"","meta":{"footnotes":""},"class_list":["post-217","page","type-page","status-publish","hentry","description-off"],"yoast_head":"<!-- This site is optimized with the Yoast SEO plugin v26.8 - https:\/\/yoast.com\/product\/yoast-seo-wordpress\/ -->\n<title>Produkte - Weltladen Lingen<\/title>\n<meta name=\"robots\" content=\"index, follow, max-snippet:-1, max-image-preview:large, max-video-preview:-1\" \/>\n<link rel=\"canonical\" href=\"https:\/\/weltlaeden.de\/lingen\/produkte\/\" \/>\n<meta property=\"og:locale\" content=\"de_DE\" \/>\n<meta property=\"og:type\" content=\"article\" \/>\n<meta property=\"og:title\" content=\"Produkte - Weltladen Lingen\" \/>\n<meta property=\"og:description\" content=\"[vc_row][vc_column][vc_empty_space][vc_column_text] Unser Sortiment [\/vc_column_text][vc_column_text]Bei uns finden Sie eine gro\u00dfe Auswahl fair gehandelter Produkte. Alle Waren werden unter menschenw\u00fcrdigen Bedingungen hergestellt und zu Preisen gehandelt, die den ProduzentInnen im S\u00fcden eine Existenz sichern Wir runden unser Sortiment durch eine Auswahl an Erg\u00e4nzungsprodukten ab. Diese Artikel sind nicht 100 % fair gehandelt, passen aber dennoch zu unserem&hellip;\" \/>\n<meta property=\"og:url\" content=\"https:\/\/weltlaeden.de\/lingen\/produkte\/\" \/>\n<meta property=\"og:site_name\" content=\"Weltladen Lingen\" \/>\n<meta property=\"article:modified_time\" content=\"2025-06-07T20:03:23+00:00\" \/>\n<meta property=\"og:image\" content=\"https:\/\/weltlaeden.de\/lingen\/wp-content\/uploads\/sites\/41\/2023\/09\/20230904_1122211.jpg\" \/>\n\t<meta property=\"og:image:width\" content=\"2048\" \/>\n\t<meta property=\"og:image:height\" content=\"1186\" \/>\n\t<meta property=\"og:image:type\" content=\"image\/jpeg\" \/>\n<meta name=\"twitter:card\" content=\"summary_large_image\" \/>\n<meta name=\"twitter:label1\" content=\"Gesch\u00e4tzte Lesezeit\" \/>\n\t<meta name=\"twitter:data1\" content=\"5\u00a0Minuten\" \/>\n<script type=\"application\/ld+json\" class=\"yoast-schema-graph\">{\"@context\":\"https:\/\/schema.org\",\"@graph\":[{\"@type\":\"WebPage\",\"@id\":\"https:\/\/weltlaeden.de\/lingen\/produkte\/\",\"url\":\"https:\/\/weltlaeden.de\/lingen\/produkte\/\",\"name\":\"Produkte - Weltladen Lingen\",\"isPartOf\":{\"@id\":\"https:\/\/weltlaeden.de\/lingen\/#website\"},\"primaryImageOfPage\":{\"@id\":\"https:\/\/weltlaeden.de\/lingen\/produkte\/#primaryimage\"},\"image\":{\"@id\":\"https:\/\/weltlaeden.de\/lingen\/produkte\/#primaryimage\"},\"thumbnailUrl\":\"https:\/\/weltlaeden.de\/lingen\/wp-content\/uploads\/sites\/41\/2023\/09\/20230904_1122211-1024x593.jpg\",\"datePublished\":\"2016-10-28T11:34:47+00:00\",\"dateModified\":\"2025-06-07T20:03:23+00:00\",\"breadcrumb\":{\"@id\":\"https:\/\/weltlaeden.de\/lingen\/produkte\/#breadcrumb\"},\"inLanguage\":\"de\",\"potentialAction\":[{\"@type\":\"ReadAction\",\"target\":[\"https:\/\/weltlaeden.de\/lingen\/produkte\/\"]}]},{\"@type\":\"ImageObject\",\"inLanguage\":\"de\",\"@id\":\"https:\/\/weltlaeden.de\/lingen\/produkte\/#primaryimage\",\"url\":\"https:\/\/weltlaeden.de\/lingen\/wp-content\/uploads\/sites\/41\/2023\/09\/20230904_1122211.jpg\",\"contentUrl\":\"https:\/\/weltlaeden.de\/lingen\/wp-content\/uploads\/sites\/41\/2023\/09\/20230904_1122211.jpg\",\"width\":2048,\"height\":1186},{\"@type\":\"BreadcrumbList\",\"@id\":\"https:\/\/weltlaeden.de\/lingen\/produkte\/#breadcrumb\",\"itemListElement\":[{\"@type\":\"ListItem\",\"position\":1,\"name\":\"Startseite\",\"item\":\"https:\/\/weltlaeden.de\/lingen\/\"},{\"@type\":\"ListItem\",\"position\":2,\"name\":\"Produkte\"}]},{\"@type\":\"WebSite\",\"@id\":\"https:\/\/weltlaeden.de\/lingen\/#website\",\"url\":\"https:\/\/weltlaeden.de\/lingen\/\",\"name\":\"Vorlage\",\"description\":\"Faire Produkte seit 1990\",\"potentialAction\":[{\"@type\":\"SearchAction\",\"target\":{\"@type\":\"EntryPoint\",\"urlTemplate\":\"https:\/\/weltlaeden.de\/lingen\/?s={search_term_string}\"},\"query-input\":{\"@type\":\"PropertyValueSpecification\",\"valueRequired\":true,\"valueName\":\"search_term_string\"}}],\"inLanguage\":\"de\"}]}<\/script>\n<!-- \/ Yoast SEO plugin. -->","yoast_head_json":{"title":"Produkte - Weltladen Lingen","robots":{"index":"index","follow":"follow","max-snippet":"max-snippet:-1","max-image-preview":"max-image-preview:large","max-video-preview":"max-video-preview:-1"},"canonical":"https:\/\/weltlaeden.de\/lingen\/produkte\/","og_locale":"de_DE","og_type":"article","og_title":"Produkte - Weltladen Lingen","og_description":"[vc_row][vc_column][vc_empty_space][vc_column_text] Unser Sortiment [\/vc_column_text][vc_column_text]Bei uns finden Sie eine gro\u00dfe Auswahl fair gehandelter Produkte. Alle Waren werden unter menschenw\u00fcrdigen Bedingungen hergestellt und zu Preisen gehandelt, die den ProduzentInnen im S\u00fcden eine Existenz sichern Wir runden unser Sortiment durch eine Auswahl an Erg\u00e4nzungsprodukten ab. Diese Artikel sind nicht 100 % fair gehandelt, passen aber dennoch zu unserem&hellip;","og_url":"https:\/\/weltlaeden.de\/lingen\/produkte\/","og_site_name":"Weltladen Lingen","article_modified_time":"2025-06-07T20:03:23+00:00","og_image":[{"width":2048,"height":1186,"url":"https:\/\/weltlaeden.de\/lingen\/wp-content\/uploads\/sites\/41\/2023\/09\/20230904_1122211.jpg","type":"image\/jpeg"}],"twitter_card":"summary_large_image","twitter_misc":{"Gesch\u00e4tzte Lesezeit":"5\u00a0Minuten"},"schema":{"@context":"https:\/\/schema.org","@graph":[{"@type":"WebPage","@id":"https:\/\/weltlaeden.de\/lingen\/produkte\/","url":"https:\/\/weltlaeden.de\/lingen\/produkte\/","name":"Produkte - Weltladen Lingen","isPartOf":{"@id":"https:\/\/weltlaeden.de\/lingen\/#website"},"primaryImageOfPage":{"@id":"https:\/\/weltlaeden.de\/lingen\/produkte\/#primaryimage"},"image":{"@id":"https:\/\/weltlaeden.de\/lingen\/produkte\/#primaryimage"},"thumbnailUrl":"https:\/\/weltlaeden.de\/lingen\/wp-content\/uploads\/sites\/41\/2023\/09\/20230904_1122211-1024x593.jpg","datePublished":"2016-10-28T11:34:47+00:00","dateModified":"2025-06-07T20:03:23+00:00","breadcrumb":{"@id":"https:\/\/weltlaeden.de\/lingen\/produkte\/#breadcrumb"},"inLanguage":"de","potentialAction":[{"@type":"ReadAction","target":["https:\/\/weltlaeden.de\/lingen\/produkte\/"]}]},{"@type":"ImageObject","inLanguage":"de","@id":"https:\/\/weltlaeden.de\/lingen\/produkte\/#primaryimage","url":"https:\/\/weltlaeden.de\/lingen\/wp-content\/uploads\/sites\/41\/2023\/09\/20230904_1122211.jpg","contentUrl":"https:\/\/weltlaeden.de\/lingen\/wp-content\/uploads\/sites\/41\/2023\/09\/20230904_1122211.jpg","width":2048,"height":1186},{"@type":"BreadcrumbList","@id":"https:\/\/weltlaeden.de\/lingen\/produkte\/#breadcrumb","itemListElement":[{"@type":"ListItem","position":1,"name":"Startseite","item":"https:\/\/weltlaeden.de\/lingen\/"},{"@type":"ListItem","position":2,"name":"Produkte"}]},{"@type":"WebSite","@id":"https:\/\/weltlaeden.de\/lingen\/#website","url":"https:\/\/weltlaeden.de\/lingen\/","name":"Vorlage","description":"Faire Produkte seit 1990","potentialAction":[{"@type":"SearchAction","target":{"@type":"EntryPoint","urlTemplate":"https:\/\/weltlaeden.de\/lingen\/?s={search_term_string}"},"query-input":{"@type":"PropertyValueSpecification","valueRequired":true,"valueName":"search_term_string"}}],"inLanguage":"de"}]}},"_links":{"self":[{"href":"https:\/\/weltlaeden.de\/lingen\/wp-json\/wp\/v2\/pages\/217","targetHints":{"allow":["GET"]}}],"collection":[{"href":"https:\/\/weltlaeden.de\/lingen\/wp-json\/wp\/v2\/pages"}],"about":[{"href":"https:\/\/weltlaeden.de\/lingen\/wp-json\/wp\/v2\/types\/page"}],"author":[{"embeddable":true,"href":"https:\/\/weltlaeden.de\/lingen\/wp-json\/wp\/v2\/users\/1"}],"replies":[{"embeddable":true,"href":"https:\/\/weltlaeden.de\/lingen\/wp-json\/wp\/v2\/comments?post=217"}],"version-history":[{"count":46,"href":"https:\/\/weltlaeden.de\/lingen\/wp-json\/wp\/v2\/pages\/217\/revisions"}],"predecessor-version":[{"id":1440,"href":"https:\/\/weltlaeden.de\/lingen\/wp-json\/wp\/v2\/pages\/217\/revisions\/1440"}],"wp:attachment":[{"href":"https:\/\/weltlaeden.de\/lingen\/wp-json\/wp\/v2\/media?parent=217"}],"curies":[{"name":"wp","href":"https:\/\/api.w.org\/{rel}","templated":true}]}}