{"id":20,"date":"2016-10-14T09:05:06","date_gmt":"2016-10-14T07:05:21","guid":{"rendered":"https:\/\/wl.heimpixel.de\/vorlage\/weltladen-musterdorf\/"},"modified":"2026-04-01T12:13:58","modified_gmt":"2026-04-01T10:13:58","slug":"weltladen-lingen","status":"publish","type":"page","link":"https:\/\/weltlaeden.de\/lingen\/","title":{"rendered":"Weltladen Lingen"},"content":{"rendered":"<div class=\"wpb-content-wrapper\"><p>[vc_row][vc_column]<div class=\"wl_einzelbild\"><p><img loading=\"lazy\" decoding=\"async\" class=\"alignnone size-large wp-image-1140\" src=\"https:\/\/weltlaeden.de\/lingen\/wp-content\/uploads\/sites\/41\/2023\/07\/home3-1024x442.jpg\" alt=\"\" width=\"1024\" height=\"442\" srcset=\"https:\/\/weltlaeden.de\/lingen\/wp-content\/uploads\/sites\/41\/2023\/07\/home3-1024x442.jpg 1024w, https:\/\/weltlaeden.de\/lingen\/wp-content\/uploads\/sites\/41\/2023\/07\/home3-300x130.jpg 300w, https:\/\/weltlaeden.de\/lingen\/wp-content\/uploads\/sites\/41\/2023\/07\/home3-768x332.jpg 768w, https:\/\/weltlaeden.de\/lingen\/wp-content\/uploads\/sites\/41\/2023\/07\/home3-1536x664.jpg 1536w, https:\/\/weltlaeden.de\/lingen\/wp-content\/uploads\/sites\/41\/2023\/07\/home3-scaled.jpg 2048w\" sizes=\"auto, (max-width: 1024px) 100vw, 1024px\" \/><\/p><\/div>[\/vc_column][\/vc_row][vc_row][vc_column][vc_column_text]<\/p>\n<h1 style=\"text-align: left\">Herzlich Willkommen im Weltladen Lingen<\/h1>\n<p>[\/vc_column_text][vc_column_text]Vielen Dank, dass Sie unsere Homepage besuchen. Auf den folgenden Seiten finden Sie viele Informationen rund um den Fairen Handel und \u00fcber uns und unsere Produkte. Wir freuen uns auch \u00fcber einen Besuch in unserem neuen Laden in der Gro\u00dfen Stra\u00dfe 3 &#8211; 5.\u00a0 Wir sind immer auf der Suche nach <em>Fair<\/em>st\u00e4rkung in unserem Team. Melden Sie sich gern.[\/vc_column_text][\/vc_column][\/vc_row][vc_row][vc_column][vc_empty_space][vc_column_text]<\/p>\n<h2>Was Sie auf dieser Website finden:<\/h2>\n<p>[\/vc_column_text][vc_empty_space height=&#8220;20px&#8220;][vc_row_inner][vc_column_inner width=&#8220;1\/4&#8243;]<div class=\"wl_einzelbild\"><p><img loading=\"lazy\" decoding=\"async\" class=\"alignnone wp-image-1157\" src=\"https:\/\/weltlaeden.de\/lingen\/wp-content\/uploads\/sites\/41\/2023\/08\/hommmiNEU-1024x1024.jpg\" alt=\"\" width=\"150\" height=\"150\" srcset=\"https:\/\/weltlaeden.de\/lingen\/wp-content\/uploads\/sites\/41\/2023\/08\/hommmiNEU-1024x1024.jpg 1024w, https:\/\/weltlaeden.de\/lingen\/wp-content\/uploads\/sites\/41\/2023\/08\/hommmiNEU-300x300.jpg 300w, https:\/\/weltlaeden.de\/lingen\/wp-content\/uploads\/sites\/41\/2023\/08\/hommmiNEU-150x150.jpg 150w, https:\/\/weltlaeden.de\/lingen\/wp-content\/uploads\/sites\/41\/2023\/08\/hommmiNEU-768x768.jpg 768w, https:\/\/weltlaeden.de\/lingen\/wp-content\/uploads\/sites\/41\/2023\/08\/hommmiNEU-1536x1536.jpg 1536w, https:\/\/weltlaeden.de\/lingen\/wp-content\/uploads\/sites\/41\/2023\/08\/hommmiNEU.jpg 2048w\" sizes=\"auto, (max-width: 150px) 100vw, 150px\" \/><\/p><\/div>[\/vc_column_inner][vc_column_inner width=&#8220;3\/4&#8243;][vc_column_text]<\/p>\n<h3>Neuigkeiten<\/h3>\n<p>Hier erfahren Sie <a href=\"https:\/\/weltlaeden.de\/lingen\/neuigkeiten\/\">Neues und Interessantes<\/a> zum Weltladen Lingen und zu aktuellen Entwicklungen rund um das Fairtrade-Thema. Den etwa einmal im Monat erscheinenden Newsletter \u201e<a href=\"https:\/\/weltlaeden.de\/lingen\/newsletter\/\">Weltladen Lingen NEWS<\/a>\u201c k\u00f6nnen Sie <a href=\"https:\/\/weltlaeden.de\/lingen\/newsletter\/\">hier abonnieren<\/a>.[\/vc_column_text][\/vc_column_inner][\/vc_row_inner][vc_separator][vc_row_inner][vc_column_inner width=&#8220;1\/4&#8243;]<div class=\"wl_einzelbild\"><p><img loading=\"lazy\" decoding=\"async\" class=\"alignnone wp-image-1182\" src=\"https:\/\/weltlaeden.de\/lingen\/wp-content\/uploads\/sites\/41\/2023\/09\/dsc3276_kopie.480x0.jpg\" alt=\"\" width=\"150\" height=\"150\" srcset=\"https:\/\/weltlaeden.de\/lingen\/wp-content\/uploads\/sites\/41\/2023\/09\/dsc3276_kopie.480x0.jpg 307w, https:\/\/weltlaeden.de\/lingen\/wp-content\/uploads\/sites\/41\/2023\/09\/dsc3276_kopie.480x0-300x300.jpg 300w, https:\/\/weltlaeden.de\/lingen\/wp-content\/uploads\/sites\/41\/2023\/09\/dsc3276_kopie.480x0-150x150.jpg 150w\" sizes=\"auto, (max-width: 150px) 100vw, 150px\" \/><\/p><\/div>[\/vc_column_inner][vc_column_inner width=&#8220;3\/4&#8243;][vc_column_text]<\/p>\n<h3>Fairer Handel<\/h3>\n<p>Was meint Fairer Handel \u00fcberhaupt? Welche Kriterien m\u00fcssen eingehalten werden und wer \u00fcberpr\u00fcft diese? <a href=\"https:\/\/weltlaeden.de\/lingen\/fairer-handel\/\">Erfahren Sie mehr &#8230;<\/a>[\/vc_column_text][\/vc_column_inner][\/vc_row_inner][vc_separator][vc_row_inner][vc_column_inner width=&#8220;1\/4&#8243;]<div class=\"wl_einzelbild\"><p><img loading=\"lazy\" decoding=\"async\" class=\"alignnone wp-image-1160\" src=\"https:\/\/weltlaeden.de\/lingen\/wp-content\/uploads\/sites\/41\/2023\/08\/hommi-1024x1024.jpg\" alt=\"\" width=\"150\" height=\"150\" srcset=\"https:\/\/weltlaeden.de\/lingen\/wp-content\/uploads\/sites\/41\/2023\/08\/hommi-1024x1024.jpg 1024w, https:\/\/weltlaeden.de\/lingen\/wp-content\/uploads\/sites\/41\/2023\/08\/hommi-300x300.jpg 300w, https:\/\/weltlaeden.de\/lingen\/wp-content\/uploads\/sites\/41\/2023\/08\/hommi-150x150.jpg 150w, https:\/\/weltlaeden.de\/lingen\/wp-content\/uploads\/sites\/41\/2023\/08\/hommi-768x768.jpg 768w, https:\/\/weltlaeden.de\/lingen\/wp-content\/uploads\/sites\/41\/2023\/08\/hommi-1536x1536.jpg 1536w, https:\/\/weltlaeden.de\/lingen\/wp-content\/uploads\/sites\/41\/2023\/08\/hommi-scaled.jpg 2048w\" sizes=\"auto, (max-width: 150px) 100vw, 150px\" \/><\/p><\/div>[\/vc_column_inner][vc_column_inner width=&#8220;3\/4&#8243;][vc_column_text]<\/p>\n<h3>Produkte<\/h3>\n<p>Unsere Produkte im Weltladen sind nat\u00fcrlich alle aus Fairem Handel, dennoch kommen sie von unterschiedlichen Fair-Handels-Importeuren. <a href=\"https:\/\/weltlaeden.de\/lingen\/produkte\/\">Hier zeigen wir Ihnen unser Sortiment &#8230;<\/a>[\/vc_column_text][\/vc_column_inner][\/vc_row_inner][vc_separator][vc_row_inner][vc_column_inner width=&#8220;1\/4&#8243;]<div class=\"wl_einzelbild\"><p><img loading=\"lazy\" decoding=\"async\" class=\"alignnone wp-image-1172\" src=\"https:\/\/weltlaeden.de\/lingen\/wp-content\/uploads\/sites\/41\/2023\/09\/20230829_144900-1024x1024.jpg\" alt=\"\" width=\"150\" height=\"150\" srcset=\"https:\/\/weltlaeden.de\/lingen\/wp-content\/uploads\/sites\/41\/2023\/09\/20230829_144900-1024x1024.jpg 1024w, https:\/\/weltlaeden.de\/lingen\/wp-content\/uploads\/sites\/41\/2023\/09\/20230829_144900-300x300.jpg 300w, https:\/\/weltlaeden.de\/lingen\/wp-content\/uploads\/sites\/41\/2023\/09\/20230829_144900-150x150.jpg 150w, https:\/\/weltlaeden.de\/lingen\/wp-content\/uploads\/sites\/41\/2023\/09\/20230829_144900-768x768.jpg 768w, https:\/\/weltlaeden.de\/lingen\/wp-content\/uploads\/sites\/41\/2023\/09\/20230829_144900-1536x1536.jpg 1536w, https:\/\/weltlaeden.de\/lingen\/wp-content\/uploads\/sites\/41\/2023\/09\/20230829_144900.jpg 2048w\" sizes=\"auto, (max-width: 150px) 100vw, 150px\" \/><\/p><\/div>[\/vc_column_inner][vc_column_inner width=&#8220;3\/4&#8243;][vc_column_text]<\/p>\n<h3>\u00dcber uns<\/h3>\n<p>Wer wir sind, warum wir uns f\u00fcr Fairen Handel engagieren und wie man bei uns mitmachen kann &#8211; <a href=\"https:\/\/weltlaeden.de\/lingen\/ueber-uns\/\">hier stellen wir uns vor &#8230;<\/a>[\/vc_column_text][\/vc_column_inner][\/vc_row_inner][vc_separator][vc_row_inner][vc_column_inner width=&#8220;1\/4&#8243;]<div class=\"wl_einzelbild\"><p><img loading=\"lazy\" decoding=\"async\" class=\"size-full wp-image-491\" src=\"https:\/\/weltlaeden.de\/lingen\/wp-content\/uploads\/sites\/41\/2016\/10\/termiank.jpg\" alt=\"\" width=\"150\" height=\"150\" \/><\/p><\/div>[\/vc_column_inner][vc_column_inner width=&#8220;3\/4&#8243;][vc_column_text]<\/p>\n<h3>Termine<\/h3>\n<p>Bei uns ist immer etwas los. Wir treffen uns regelm\u00e4\u00dfig zu Teamsitzungen und organisieren auch Veranstaltungen in unserem Laden und zum Fairen Handel. <a href=\"https:\/\/weltlaeden.de\/lingen\/termine\/\">Hier erfahren Sie was bei uns los ist \u2026<\/a>[\/vc_column_text][\/vc_column_inner][\/vc_row_inner][vc_separator][vc_empty_space][\/vc_column][\/vc_row][vc_row][vc_column][vc_column_text css=&#8220;&#8220;]<\/p>\n<h2>Produkt des Monats: Tartuffi<\/h2>\n<p>[\/vc_column_text][vc_column_text css=&#8220;&#8220;]<\/p>\n<p class=\"wrapper-read-more\">Im April empfehlen wir unsere leckeren Tartuffi in verschiedenen Geschmacksrichtungen. Die feinen Schokoladentr\u00fcffel sind aus handwerklicher Herstellung aus dem Piemont.<\/p>\n<p>[\/vc_column_text]<div class=\"wl_einzelbild\"><p><img loading=\"lazy\" decoding=\"async\" class=\"alignnone size-large wp-image-1581\" src=\"https:\/\/weltlaeden.de\/lingen\/wp-content\/uploads\/sites\/41\/2026\/04\/promo-1024x442.jpg\" alt=\"\" width=\"1024\" height=\"442\" srcset=\"https:\/\/weltlaeden.de\/lingen\/wp-content\/uploads\/sites\/41\/2026\/04\/promo-1024x442.jpg 1024w, https:\/\/weltlaeden.de\/lingen\/wp-content\/uploads\/sites\/41\/2026\/04\/promo-300x130.jpg 300w, https:\/\/weltlaeden.de\/lingen\/wp-content\/uploads\/sites\/41\/2026\/04\/promo-768x332.jpg 768w, https:\/\/weltlaeden.de\/lingen\/wp-content\/uploads\/sites\/41\/2026\/04\/promo-1536x664.jpg 1536w, https:\/\/weltlaeden.de\/lingen\/wp-content\/uploads\/sites\/41\/2026\/04\/promo-2048x885.jpg 2048w\" sizes=\"auto, (max-width: 1024px) 100vw, 1024px\" \/><\/p><\/div>[\/vc_column][\/vc_row]<\/p>\n<\/div>","protected":false},"excerpt":{"rendered":"<p>[vc_row][vc_column][\/vc_column][\/vc_row][vc_row][vc_column][vc_column_text] Herzlich Willkommen im Weltladen Lingen [\/vc_column_text][vc_column_text]Vielen Dank, dass Sie unsere Homepage besuchen. Auf den folgenden Seiten finden Sie viele Informationen rund um den Fairen Handel und \u00fcber uns und unsere Produkte. Wir freuen uns auch \u00fcber einen Besuch in unserem neuen Laden in der Gro\u00dfen Stra\u00dfe 3 &#8211; 5.\u00a0 Wir sind immer auf der&hellip;<\/p>\n","protected":false},"author":1,"featured_media":0,"parent":0,"menu_order":0,"comment_status":"closed","ping_status":"closed","template":"","meta":{"footnotes":""},"class_list":["post-20","page","type-page","status-publish","hentry","description-off"],"yoast_head":"<!-- This site is optimized with the Yoast SEO plugin v26.8 - https:\/\/yoast.com\/product\/yoast-seo-wordpress\/ -->\n<title>Weltladen Lingen - Weltladen Lingen<\/title>\n<meta name=\"robots\" content=\"index, follow, max-snippet:-1, max-image-preview:large, max-video-preview:-1\" \/>\n<link rel=\"canonical\" href=\"https:\/\/weltlaeden.de\/lingen\/\" \/>\n<meta property=\"og:locale\" content=\"de_DE\" \/>\n<meta property=\"og:type\" content=\"article\" \/>\n<meta property=\"og:title\" content=\"Weltladen Lingen - Weltladen Lingen\" \/>\n<meta property=\"og:description\" content=\"[vc_row][vc_column][\/vc_column][\/vc_row][vc_row][vc_column][vc_column_text] Herzlich Willkommen im Weltladen Lingen [\/vc_column_text][vc_column_text]Vielen Dank, dass Sie unsere Homepage besuchen. Auf den folgenden Seiten finden Sie viele Informationen rund um den Fairen Handel und \u00fcber uns und unsere Produkte. Wir freuen uns auch \u00fcber einen Besuch in unserem neuen Laden in der Gro\u00dfen Stra\u00dfe 3 &#8211; 5.\u00a0 Wir sind immer auf der&hellip;\" \/>\n<meta property=\"og:url\" content=\"https:\/\/weltlaeden.de\/lingen\/\" \/>\n<meta property=\"og:site_name\" content=\"Weltladen Lingen\" \/>\n<meta property=\"article:modified_time\" content=\"2026-04-01T10:13:58+00:00\" \/>\n<meta property=\"og:image\" content=\"https:\/\/weltlaeden.de\/lingen\/wp-content\/uploads\/sites\/41\/2023\/07\/home3.jpg\" \/>\n\t<meta property=\"og:image:width\" content=\"2048\" \/>\n\t<meta property=\"og:image:height\" content=\"885\" \/>\n\t<meta property=\"og:image:type\" content=\"image\/jpeg\" \/>\n<meta name=\"twitter:card\" content=\"summary_large_image\" \/>\n<meta name=\"twitter:label1\" content=\"Gesch\u00e4tzte Lesezeit\" \/>\n\t<meta name=\"twitter:data1\" content=\"3\u00a0Minuten\" \/>\n<script type=\"application\/ld+json\" class=\"yoast-schema-graph\">{\"@context\":\"https:\/\/schema.org\",\"@graph\":[{\"@type\":\"WebPage\",\"@id\":\"https:\/\/weltlaeden.de\/lingen\/\",\"url\":\"https:\/\/weltlaeden.de\/lingen\/\",\"name\":\"Weltladen Lingen - Weltladen Lingen\",\"isPartOf\":{\"@id\":\"https:\/\/weltlaeden.de\/lingen\/#website\"},\"primaryImageOfPage\":{\"@id\":\"https:\/\/weltlaeden.de\/lingen\/#primaryimage\"},\"image\":{\"@id\":\"https:\/\/weltlaeden.de\/lingen\/#primaryimage\"},\"thumbnailUrl\":\"https:\/\/weltlaeden.de\/lingen\/wp-content\/uploads\/sites\/41\/2023\/07\/home3-1024x442.jpg\",\"datePublished\":\"2016-10-14T07:05:21+00:00\",\"dateModified\":\"2026-04-01T10:13:58+00:00\",\"breadcrumb\":{\"@id\":\"https:\/\/weltlaeden.de\/lingen\/#breadcrumb\"},\"inLanguage\":\"de\",\"potentialAction\":[{\"@type\":\"ReadAction\",\"target\":[\"https:\/\/weltlaeden.de\/lingen\/\"]}]},{\"@type\":\"ImageObject\",\"inLanguage\":\"de\",\"@id\":\"https:\/\/weltlaeden.de\/lingen\/#primaryimage\",\"url\":\"https:\/\/weltlaeden.de\/lingen\/wp-content\/uploads\/sites\/41\/2023\/07\/home3.jpg\",\"contentUrl\":\"https:\/\/weltlaeden.de\/lingen\/wp-content\/uploads\/sites\/41\/2023\/07\/home3.jpg\",\"width\":2048,\"height\":885},{\"@type\":\"BreadcrumbList\",\"@id\":\"https:\/\/weltlaeden.de\/lingen\/#breadcrumb\",\"itemListElement\":[{\"@type\":\"ListItem\",\"position\":1,\"name\":\"Startseite\",\"item\":\"https:\/\/weltlaeden.de\/lingen\/\"},{\"@type\":\"ListItem\",\"position\":2,\"name\":\"Weltladen Lingen\"}]},{\"@type\":\"WebSite\",\"@id\":\"https:\/\/weltlaeden.de\/lingen\/#website\",\"url\":\"https:\/\/weltlaeden.de\/lingen\/\",\"name\":\"Vorlage\",\"description\":\"Faire Produkte seit 1990\",\"potentialAction\":[{\"@type\":\"SearchAction\",\"target\":{\"@type\":\"EntryPoint\",\"urlTemplate\":\"https:\/\/weltlaeden.de\/lingen\/?s={search_term_string}\"},\"query-input\":{\"@type\":\"PropertyValueSpecification\",\"valueRequired\":true,\"valueName\":\"search_term_string\"}}],\"inLanguage\":\"de\"}]}<\/script>\n<!-- \/ Yoast SEO plugin. -->","yoast_head_json":{"title":"Weltladen Lingen - Weltladen Lingen","robots":{"index":"index","follow":"follow","max-snippet":"max-snippet:-1","max-image-preview":"max-image-preview:large","max-video-preview":"max-video-preview:-1"},"canonical":"https:\/\/weltlaeden.de\/lingen\/","og_locale":"de_DE","og_type":"article","og_title":"Weltladen Lingen - Weltladen Lingen","og_description":"[vc_row][vc_column][\/vc_column][\/vc_row][vc_row][vc_column][vc_column_text] Herzlich Willkommen im Weltladen Lingen [\/vc_column_text][vc_column_text]Vielen Dank, dass Sie unsere Homepage besuchen. Auf den folgenden Seiten finden Sie viele Informationen rund um den Fairen Handel und \u00fcber uns und unsere Produkte. Wir freuen uns auch \u00fcber einen Besuch in unserem neuen Laden in der Gro\u00dfen Stra\u00dfe 3 &#8211; 5.\u00a0 Wir sind immer auf der&hellip;","og_url":"https:\/\/weltlaeden.de\/lingen\/","og_site_name":"Weltladen Lingen","article_modified_time":"2026-04-01T10:13:58+00:00","og_image":[{"width":2048,"height":885,"url":"https:\/\/weltlaeden.de\/lingen\/wp-content\/uploads\/sites\/41\/2023\/07\/home3.jpg","type":"image\/jpeg"}],"twitter_card":"summary_large_image","twitter_misc":{"Gesch\u00e4tzte Lesezeit":"3\u00a0Minuten"},"schema":{"@context":"https:\/\/schema.org","@graph":[{"@type":"WebPage","@id":"https:\/\/weltlaeden.de\/lingen\/","url":"https:\/\/weltlaeden.de\/lingen\/","name":"Weltladen Lingen - Weltladen Lingen","isPartOf":{"@id":"https:\/\/weltlaeden.de\/lingen\/#website"},"primaryImageOfPage":{"@id":"https:\/\/weltlaeden.de\/lingen\/#primaryimage"},"image":{"@id":"https:\/\/weltlaeden.de\/lingen\/#primaryimage"},"thumbnailUrl":"https:\/\/weltlaeden.de\/lingen\/wp-content\/uploads\/sites\/41\/2023\/07\/home3-1024x442.jpg","datePublished":"2016-10-14T07:05:21+00:00","dateModified":"2026-04-01T10:13:58+00:00","breadcrumb":{"@id":"https:\/\/weltlaeden.de\/lingen\/#breadcrumb"},"inLanguage":"de","potentialAction":[{"@type":"ReadAction","target":["https:\/\/weltlaeden.de\/lingen\/"]}]},{"@type":"ImageObject","inLanguage":"de","@id":"https:\/\/weltlaeden.de\/lingen\/#primaryimage","url":"https:\/\/weltlaeden.de\/lingen\/wp-content\/uploads\/sites\/41\/2023\/07\/home3.jpg","contentUrl":"https:\/\/weltlaeden.de\/lingen\/wp-content\/uploads\/sites\/41\/2023\/07\/home3.jpg","width":2048,"height":885},{"@type":"BreadcrumbList","@id":"https:\/\/weltlaeden.de\/lingen\/#breadcrumb","itemListElement":[{"@type":"ListItem","position":1,"name":"Startseite","item":"https:\/\/weltlaeden.de\/lingen\/"},{"@type":"ListItem","position":2,"name":"Weltladen Lingen"}]},{"@type":"WebSite","@id":"https:\/\/weltlaeden.de\/lingen\/#website","url":"https:\/\/weltlaeden.de\/lingen\/","name":"Vorlage","description":"Faire Produkte seit 1990","potentialAction":[{"@type":"SearchAction","target":{"@type":"EntryPoint","urlTemplate":"https:\/\/weltlaeden.de\/lingen\/?s={search_term_string}"},"query-input":{"@type":"PropertyValueSpecification","valueRequired":true,"valueName":"search_term_string"}}],"inLanguage":"de"}]}},"_links":{"self":[{"href":"https:\/\/weltlaeden.de\/lingen\/wp-json\/wp\/v2\/pages\/20","targetHints":{"allow":["GET"]}}],"collection":[{"href":"https:\/\/weltlaeden.de\/lingen\/wp-json\/wp\/v2\/pages"}],"about":[{"href":"https:\/\/weltlaeden.de\/lingen\/wp-json\/wp\/v2\/types\/page"}],"author":[{"embeddable":true,"href":"https:\/\/weltlaeden.de\/lingen\/wp-json\/wp\/v2\/users\/1"}],"replies":[{"embeddable":true,"href":"https:\/\/weltlaeden.de\/lingen\/wp-json\/wp\/v2\/comments?post=20"}],"version-history":[{"count":373,"href":"https:\/\/weltlaeden.de\/lingen\/wp-json\/wp\/v2\/pages\/20\/revisions"}],"predecessor-version":[{"id":1582,"href":"https:\/\/weltlaeden.de\/lingen\/wp-json\/wp\/v2\/pages\/20\/revisions\/1582"}],"wp:attachment":[{"href":"https:\/\/weltlaeden.de\/lingen\/wp-json\/wp\/v2\/media?parent=20"}],"curies":[{"name":"wp","href":"https:\/\/api.w.org\/{rel}","templated":true}]}}