{"id":20,"date":"2016-10-14T09:05:21","date_gmt":"2016-10-14T07:05:21","guid":{"rendered":"https:\/\/wl.heimpixel.de\/vorlage\/weltladen-musterdorf\/"},"modified":"2025-12-11T15:47:17","modified_gmt":"2025-12-11T14:47:17","slug":"die-eine-welt-gruppe-lindenberg-e-v-freut-sich-in-unserer-stadt-einen-weltladen-fuer-die-bevoelkerung-des-westallgaeus-und-die-gaeste-unserer-urlaubsregion-anbieten-zu-koennen-kommen-sie-in-unseren","status":"publish","type":"page","link":"https:\/\/weltlaeden.de\/lindenberg\/","title":{"rendered":"Weltladen Lindenberg"},"content":{"rendered":"<div class=\"wpb-content-wrapper\"><p>[vc_row][vc_column]<div class=\"wl_einzelbild\"><p><img loading=\"lazy\" decoding=\"async\" class=\"alignleft wp-image-716 size-full\" src=\"https:\/\/weltlaeden.de\/lindenberg\/wp-content\/uploads\/sites\/162\/2025\/12\/WL-Lindenberg-schmal.jpeg\" alt=\"\" width=\"1920\" height=\"745\" srcset=\"https:\/\/weltlaeden.de\/lindenberg\/wp-content\/uploads\/sites\/162\/2025\/12\/WL-Lindenberg-schmal.jpeg 1920w, https:\/\/weltlaeden.de\/lindenberg\/wp-content\/uploads\/sites\/162\/2025\/12\/WL-Lindenberg-schmal-300x116.jpeg 300w, https:\/\/weltlaeden.de\/lindenberg\/wp-content\/uploads\/sites\/162\/2025\/12\/WL-Lindenberg-schmal-1024x397.jpeg 1024w, https:\/\/weltlaeden.de\/lindenberg\/wp-content\/uploads\/sites\/162\/2025\/12\/WL-Lindenberg-schmal-768x298.jpeg 768w, https:\/\/weltlaeden.de\/lindenberg\/wp-content\/uploads\/sites\/162\/2025\/12\/WL-Lindenberg-schmal-1536x596.jpeg 1536w\" sizes=\"auto, (max-width: 1920px) 100vw, 1920px\" \/><\/p><\/div>[vc_empty_space height=&#8220;20px&#8220;][\/vc_column][\/vc_row][vc_row][vc_column][vc_column_text css=&#8220;&#8220;]<\/p>\n<h1>Willkommen im Weltladen Lindenberg<\/h1>\n<p>[\/vc_column_text][vc_column_text css=&#8220;&#8220;]<\/p>\n<h2><em>Fair einkaufen im Allg\u00e4u \u2013 mit gutem Gef\u00fchl!<\/em><\/h2>\n<p>[\/vc_column_text][vc_empty_space height=&#8220;20px&#8220;][\/vc_column][\/vc_row][vc_row][vc_column width=&#8220;1\/3&#8243;]<div class=\"wl_einzelbild\"><p><img loading=\"lazy\" decoding=\"async\" class=\"alignleft size-medium wp-image-663\" src=\"https:\/\/weltlaeden.de\/lindenberg\/wp-content\/uploads\/sites\/162\/2025\/08\/image-225x300.jpeg\" alt=\"\" width=\"225\" height=\"300\" srcset=\"https:\/\/weltlaeden.de\/lindenberg\/wp-content\/uploads\/sites\/162\/2025\/08\/image-225x300.jpeg 225w, https:\/\/weltlaeden.de\/lindenberg\/wp-content\/uploads\/sites\/162\/2025\/08\/image-768x1024.jpeg 768w, https:\/\/weltlaeden.de\/lindenberg\/wp-content\/uploads\/sites\/162\/2025\/08\/image-1152x1536.jpeg 1152w, https:\/\/weltlaeden.de\/lindenberg\/wp-content\/uploads\/sites\/162\/2025\/08\/image-1536x2048.jpeg 1536w, https:\/\/weltlaeden.de\/lindenberg\/wp-content\/uploads\/sites\/162\/2025\/08\/image-scaled.jpeg 1920w\" sizes=\"auto, (max-width: 225px) 100vw, 225px\" \/><\/p><\/div>[\/vc_column][vc_column width=&#8220;2\/3&#8243;][vc_column_text css=&#8220;&#8220;]<\/p>\n<p data-start=\"763\" data-end=\"829\"><strong>Bei uns entdecken Sie:<\/strong><\/p>\n<ul>\n<li>Fair gehandelte Lebensmittel \u2013 Kaffee, Tee, Schokolade &amp; Gew\u00fcrze<\/li>\n<li>Handgemachten Schmuck &amp; Geschenkideen<\/li>\n<li>Textilien &amp; Wohnaccessoires aus fairem Handel<\/li>\n<li>Produkte aus regionalen Werkst\u00e4tten f\u00fcr Menschen mit Behinderung<\/li>\n<\/ul>\n<p>&nbsp;<\/p>\n<p>&nbsp;<\/p>\n<p>[\/vc_column_text][\/vc_column][\/vc_row][vc_row][vc_column width=&#8220;1\/3&#8243;]<div class=\"wl_einzelbild\"><p><img loading=\"lazy\" decoding=\"async\" class=\"alignleft size-medium wp-image-666\" src=\"https:\/\/weltlaeden.de\/lindenberg\/wp-content\/uploads\/sites\/162\/2025\/08\/Weltladen-inside-225x300.jpeg\" alt=\"\" width=\"225\" height=\"300\" srcset=\"https:\/\/weltlaeden.de\/lindenberg\/wp-content\/uploads\/sites\/162\/2025\/08\/Weltladen-inside-225x300.jpeg 225w, https:\/\/weltlaeden.de\/lindenberg\/wp-content\/uploads\/sites\/162\/2025\/08\/Weltladen-inside-768x1024.jpeg 768w, https:\/\/weltlaeden.de\/lindenberg\/wp-content\/uploads\/sites\/162\/2025\/08\/Weltladen-inside-1152x1536.jpeg 1152w, https:\/\/weltlaeden.de\/lindenberg\/wp-content\/uploads\/sites\/162\/2025\/08\/Weltladen-inside-1536x2048.jpeg 1536w, https:\/\/weltlaeden.de\/lindenberg\/wp-content\/uploads\/sites\/162\/2025\/08\/Weltladen-inside-scaled.jpeg 1920w\" sizes=\"auto, (max-width: 225px) 100vw, 225px\" \/><\/p><\/div>[\/vc_column][vc_column width=&#8220;2\/3&#8243;][vc_column_text css=&#8220;&#8220;]<\/p>\n<p data-start=\"1036\" data-end=\"1095\"><strong>Warum fair einkaufen?<\/strong><\/p>\n<p data-start=\"1036\" data-end=\"1095\">Mit jedem Einkauf im Weltladen Lindenberg unterst\u00fctzen Sie faire L\u00f6hne, sichere Arbeitsbedingungen und eine umweltfreundliche Herstellung.<\/p>\n<p>&nbsp;<\/p>\n<p>[\/vc_column_text][\/vc_column][\/vc_row][vc_row][vc_column width=&#8220;1\/3&#8243;]<div class=\"wl_einzelbild\"><p><img loading=\"lazy\" decoding=\"async\" class=\"alignleft wp-image-667 size-medium\" src=\"https:\/\/weltlaeden.de\/lindenberg\/wp-content\/uploads\/sites\/162\/2025\/08\/Weltladen-Inside-2-225x300.jpeg\" alt=\"\" width=\"225\" height=\"300\" srcset=\"https:\/\/weltlaeden.de\/lindenberg\/wp-content\/uploads\/sites\/162\/2025\/08\/Weltladen-Inside-2-225x300.jpeg 225w, https:\/\/weltlaeden.de\/lindenberg\/wp-content\/uploads\/sites\/162\/2025\/08\/Weltladen-Inside-2-768x1024.jpeg 768w, https:\/\/weltlaeden.de\/lindenberg\/wp-content\/uploads\/sites\/162\/2025\/08\/Weltladen-Inside-2-1152x1536.jpeg 1152w, https:\/\/weltlaeden.de\/lindenberg\/wp-content\/uploads\/sites\/162\/2025\/08\/Weltladen-Inside-2-1536x2048.jpeg 1536w, https:\/\/weltlaeden.de\/lindenberg\/wp-content\/uploads\/sites\/162\/2025\/08\/Weltladen-Inside-2-scaled.jpeg 1920w\" sizes=\"auto, (max-width: 225px) 100vw, 225px\" \/><\/p><\/div>[\/vc_column][vc_column width=&#8220;2\/3&#8243;][vc_column_text css=&#8220;&#8220;]<\/p>\n<p data-renderer-start-pos=\"614\"><strong>So finden Sie uns<\/strong><\/p>\n<p data-renderer-start-pos=\"614\">Nur wenige Schritte von der Stadtpfarrkirche, am Beginn der Hauptstra\u00dfe in Lindenberg im Allg\u00e4u.<\/p>\n<p data-renderer-start-pos=\"614\">Wir beraten Sie gerne pers\u00f6nlich \u2013 und freuen uns auf Ihren Besuch!<\/p>\n<p data-renderer-start-pos=\"780\"><strong data-renderer-mark=\"true\">Ihr Eine-Welt-Team Lindenberg<\/strong><\/p>\n<p>[\/vc_column_text][\/vc_column][\/vc_row]<\/p>\n<\/div>","protected":false},"excerpt":{"rendered":"<p>[vc_row][vc_column][vc_empty_space height=&#8220;20px&#8220;][\/vc_column][\/vc_row][vc_row][vc_column][vc_column_text css=&#8220;&#8220;] Willkommen im Weltladen Lindenberg [\/vc_column_text][vc_column_text css=&#8220;&#8220;] Fair einkaufen im Allg\u00e4u \u2013 mit gutem Gef\u00fchl! [\/vc_column_text][vc_empty_space height=&#8220;20px&#8220;][\/vc_column][\/vc_row][vc_row][vc_column width=&#8220;1\/3&#8243;][\/vc_column][vc_column width=&#8220;2\/3&#8243;][vc_column_text css=&#8220;&#8220;] Bei uns entdecken Sie: Fair gehandelte Lebensmittel \u2013 Kaffee, Tee, Schokolade &amp; Gew\u00fcrze Handgemachten Schmuck &amp; Geschenkideen Textilien &amp; Wohnaccessoires aus fairem Handel Produkte aus regionalen Werkst\u00e4tten f\u00fcr Menschen mit Behinderung &nbsp; &nbsp;&hellip;<\/p>\n","protected":false},"author":1,"featured_media":0,"parent":0,"menu_order":0,"comment_status":"closed","ping_status":"closed","template":"","meta":{"footnotes":""},"class_list":["post-20","page","type-page","status-publish","hentry","description-off"],"yoast_head":"<!-- This site is optimized with the Yoast SEO plugin v26.8 - https:\/\/yoast.com\/product\/yoast-seo-wordpress\/ -->\n<title>Weltladen Lindenberg - Fair gehandelte Produkte seit 1990<\/title>\n<meta name=\"description\" content=\"Die Eine-Welt-Gruppe Lindenberg e.V. freut sich, in unserer Stadt einen Weltladen f\u00fcr die Bev\u00f6lkerung des Westallg\u00e4us und die G\u00e4ste unserer Urlaubsregion anbieten zu k\u00f6nnen.Kommen Sie in unseren Weltladen, es lohnt sich! Wir halten f\u00fcr Sie fair gehandelte Lebensmittel, zahlreiche Geschenke f\u00fcr Ihre Lieben und f\u00fcr Sie selbst und vieles zum Wohlf\u00fchlen bereit. Artikel aus Werkst\u00e4tten f\u00fcr Menschen mit Behinderung runden unser Angebot ab.Sie finden unseren Weltladen ganz in der N\u00e4he der gro\u00dfen Stadtpfarrkirche: Der sch\u00f6nste Beginn der Einkaufsm\u00f6glichkeiten in der Hauptstra\u00dfe.\" \/>\n<meta name=\"robots\" content=\"index, follow, max-snippet:-1, max-image-preview:large, max-video-preview:-1\" \/>\n<link rel=\"canonical\" href=\"https:\/\/weltlaeden.de\/lindenberg\/\" \/>\n<meta property=\"og:locale\" content=\"de_DE\" \/>\n<meta property=\"og:type\" content=\"article\" \/>\n<meta property=\"og:title\" content=\"Weltladen Lindenberg - Fair gehandelte Produkte seit 1990\" \/>\n<meta property=\"og:description\" content=\"Die Eine-Welt-Gruppe Lindenberg e.V. freut sich, in unserer Stadt einen Weltladen f\u00fcr die Bev\u00f6lkerung des Westallg\u00e4us und die G\u00e4ste unserer Urlaubsregion anbieten zu k\u00f6nnen.Kommen Sie in unseren Weltladen, es lohnt sich! Wir halten f\u00fcr Sie fair gehandelte Lebensmittel, zahlreiche Geschenke f\u00fcr Ihre Lieben und f\u00fcr Sie selbst und vieles zum Wohlf\u00fchlen bereit. Artikel aus Werkst\u00e4tten f\u00fcr Menschen mit Behinderung runden unser Angebot ab.Sie finden unseren Weltladen ganz in der N\u00e4he der gro\u00dfen Stadtpfarrkirche: Der sch\u00f6nste Beginn der Einkaufsm\u00f6glichkeiten in der Hauptstra\u00dfe.\" \/>\n<meta property=\"og:url\" content=\"https:\/\/weltlaeden.de\/lindenberg\/\" \/>\n<meta property=\"og:site_name\" content=\"Weltladen Lindenberg\" \/>\n<meta property=\"article:modified_time\" content=\"2025-12-11T14:47:17+00:00\" \/>\n<meta property=\"og:image\" content=\"https:\/\/weltlaeden.de\/lindenberg\/wp-content\/uploads\/sites\/162\/2025\/12\/WL-Lindenberg-schmal.jpeg\" \/>\n\t<meta property=\"og:image:width\" content=\"1920\" \/>\n\t<meta property=\"og:image:height\" content=\"745\" \/>\n\t<meta property=\"og:image:type\" content=\"image\/jpeg\" \/>\n<meta name=\"twitter:card\" content=\"summary_large_image\" \/>\n<meta name=\"twitter:label1\" content=\"Gesch\u00e4tzte Lesezeit\" \/>\n\t<meta name=\"twitter:data1\" content=\"2\u00a0Minuten\" \/>\n<script type=\"application\/ld+json\" class=\"yoast-schema-graph\">{\"@context\":\"https:\/\/schema.org\",\"@graph\":[{\"@type\":\"WebPage\",\"@id\":\"https:\/\/weltlaeden.de\/lindenberg\/\",\"url\":\"https:\/\/weltlaeden.de\/lindenberg\/\",\"name\":\"Weltladen Lindenberg - Fair gehandelte Produkte seit 1990\",\"isPartOf\":{\"@id\":\"https:\/\/weltlaeden.de\/lindenberg\/#website\"},\"primaryImageOfPage\":{\"@id\":\"https:\/\/weltlaeden.de\/lindenberg\/#primaryimage\"},\"image\":{\"@id\":\"https:\/\/weltlaeden.de\/lindenberg\/#primaryimage\"},\"thumbnailUrl\":\"https:\/\/weltlaeden.de\/lindenberg\/wp-content\/uploads\/sites\/162\/2025\/12\/WL-Lindenberg-schmal.jpeg\",\"datePublished\":\"2016-10-14T07:05:21+00:00\",\"dateModified\":\"2025-12-11T14:47:17+00:00\",\"description\":\"Die Eine-Welt-Gruppe Lindenberg e.V. freut sich, in unserer Stadt einen Weltladen f\u00fcr die Bev\u00f6lkerung des Westallg\u00e4us und die G\u00e4ste unserer Urlaubsregion anbieten zu k\u00f6nnen.Kommen Sie in unseren Weltladen, es lohnt sich! Wir halten f\u00fcr Sie fair gehandelte Lebensmittel, zahlreiche Geschenke f\u00fcr Ihre Lieben und f\u00fcr Sie selbst und vieles zum Wohlf\u00fchlen bereit. Artikel aus Werkst\u00e4tten f\u00fcr Menschen mit Behinderung runden unser Angebot ab.Sie finden unseren Weltladen ganz in der N\u00e4he der gro\u00dfen Stadtpfarrkirche: Der sch\u00f6nste Beginn der Einkaufsm\u00f6glichkeiten in der Hauptstra\u00dfe.\",\"breadcrumb\":{\"@id\":\"https:\/\/weltlaeden.de\/lindenberg\/#breadcrumb\"},\"inLanguage\":\"de\",\"potentialAction\":[{\"@type\":\"ReadAction\",\"target\":[\"https:\/\/weltlaeden.de\/lindenberg\/\"]}]},{\"@type\":\"ImageObject\",\"inLanguage\":\"de\",\"@id\":\"https:\/\/weltlaeden.de\/lindenberg\/#primaryimage\",\"url\":\"https:\/\/weltlaeden.de\/lindenberg\/wp-content\/uploads\/sites\/162\/2025\/12\/WL-Lindenberg-schmal.jpeg\",\"contentUrl\":\"https:\/\/weltlaeden.de\/lindenberg\/wp-content\/uploads\/sites\/162\/2025\/12\/WL-Lindenberg-schmal.jpeg\",\"width\":1920,\"height\":745},{\"@type\":\"BreadcrumbList\",\"@id\":\"https:\/\/weltlaeden.de\/lindenberg\/#breadcrumb\",\"itemListElement\":[{\"@type\":\"ListItem\",\"position\":1,\"name\":\"Startseite\",\"item\":\"https:\/\/weltlaeden.de\/lindenberg\/\"},{\"@type\":\"ListItem\",\"position\":2,\"name\":\"Weltladen Lindenberg\"}]},{\"@type\":\"WebSite\",\"@id\":\"https:\/\/weltlaeden.de\/lindenberg\/#website\",\"url\":\"https:\/\/weltlaeden.de\/lindenberg\/\",\"name\":\"Weltladen Lindenberg\",\"description\":\"Fair gehandelte Produkte seit 1990\",\"potentialAction\":[{\"@type\":\"SearchAction\",\"target\":{\"@type\":\"EntryPoint\",\"urlTemplate\":\"https:\/\/weltlaeden.de\/lindenberg\/?s={search_term_string}\"},\"query-input\":{\"@type\":\"PropertyValueSpecification\",\"valueRequired\":true,\"valueName\":\"search_term_string\"}}],\"inLanguage\":\"de\"}]}<\/script>\n<!-- \/ Yoast SEO plugin. -->","yoast_head_json":{"title":"Weltladen Lindenberg - Fair gehandelte Produkte seit 1990","description":"Die Eine-Welt-Gruppe Lindenberg e.V. freut sich, in unserer Stadt einen Weltladen f\u00fcr die Bev\u00f6lkerung des Westallg\u00e4us und die G\u00e4ste unserer Urlaubsregion anbieten zu k\u00f6nnen.Kommen Sie in unseren Weltladen, es lohnt sich! Wir halten f\u00fcr Sie fair gehandelte Lebensmittel, zahlreiche Geschenke f\u00fcr Ihre Lieben und f\u00fcr Sie selbst und vieles zum Wohlf\u00fchlen bereit. Artikel aus Werkst\u00e4tten f\u00fcr Menschen mit Behinderung runden unser Angebot ab.Sie finden unseren Weltladen ganz in der N\u00e4he der gro\u00dfen Stadtpfarrkirche: Der sch\u00f6nste Beginn der Einkaufsm\u00f6glichkeiten in der Hauptstra\u00dfe.","robots":{"index":"index","follow":"follow","max-snippet":"max-snippet:-1","max-image-preview":"max-image-preview:large","max-video-preview":"max-video-preview:-1"},"canonical":"https:\/\/weltlaeden.de\/lindenberg\/","og_locale":"de_DE","og_type":"article","og_title":"Weltladen Lindenberg - Fair gehandelte Produkte seit 1990","og_description":"Die Eine-Welt-Gruppe Lindenberg e.V. freut sich, in unserer Stadt einen Weltladen f\u00fcr die Bev\u00f6lkerung des Westallg\u00e4us und die G\u00e4ste unserer Urlaubsregion anbieten zu k\u00f6nnen.Kommen Sie in unseren Weltladen, es lohnt sich! Wir halten f\u00fcr Sie fair gehandelte Lebensmittel, zahlreiche Geschenke f\u00fcr Ihre Lieben und f\u00fcr Sie selbst und vieles zum Wohlf\u00fchlen bereit. Artikel aus Werkst\u00e4tten f\u00fcr Menschen mit Behinderung runden unser Angebot ab.Sie finden unseren Weltladen ganz in der N\u00e4he der gro\u00dfen Stadtpfarrkirche: Der sch\u00f6nste Beginn der Einkaufsm\u00f6glichkeiten in der Hauptstra\u00dfe.","og_url":"https:\/\/weltlaeden.de\/lindenberg\/","og_site_name":"Weltladen Lindenberg","article_modified_time":"2025-12-11T14:47:17+00:00","og_image":[{"width":1920,"height":745,"url":"https:\/\/weltlaeden.de\/lindenberg\/wp-content\/uploads\/sites\/162\/2025\/12\/WL-Lindenberg-schmal.jpeg","type":"image\/jpeg"}],"twitter_card":"summary_large_image","twitter_misc":{"Gesch\u00e4tzte Lesezeit":"2\u00a0Minuten"},"schema":{"@context":"https:\/\/schema.org","@graph":[{"@type":"WebPage","@id":"https:\/\/weltlaeden.de\/lindenberg\/","url":"https:\/\/weltlaeden.de\/lindenberg\/","name":"Weltladen Lindenberg - Fair gehandelte Produkte seit 1990","isPartOf":{"@id":"https:\/\/weltlaeden.de\/lindenberg\/#website"},"primaryImageOfPage":{"@id":"https:\/\/weltlaeden.de\/lindenberg\/#primaryimage"},"image":{"@id":"https:\/\/weltlaeden.de\/lindenberg\/#primaryimage"},"thumbnailUrl":"https:\/\/weltlaeden.de\/lindenberg\/wp-content\/uploads\/sites\/162\/2025\/12\/WL-Lindenberg-schmal.jpeg","datePublished":"2016-10-14T07:05:21+00:00","dateModified":"2025-12-11T14:47:17+00:00","description":"Die Eine-Welt-Gruppe Lindenberg e.V. freut sich, in unserer Stadt einen Weltladen f\u00fcr die Bev\u00f6lkerung des Westallg\u00e4us und die G\u00e4ste unserer Urlaubsregion anbieten zu k\u00f6nnen.Kommen Sie in unseren Weltladen, es lohnt sich! Wir halten f\u00fcr Sie fair gehandelte Lebensmittel, zahlreiche Geschenke f\u00fcr Ihre Lieben und f\u00fcr Sie selbst und vieles zum Wohlf\u00fchlen bereit. Artikel aus Werkst\u00e4tten f\u00fcr Menschen mit Behinderung runden unser Angebot ab.Sie finden unseren Weltladen ganz in der N\u00e4he der gro\u00dfen Stadtpfarrkirche: Der sch\u00f6nste Beginn der Einkaufsm\u00f6glichkeiten in der Hauptstra\u00dfe.","breadcrumb":{"@id":"https:\/\/weltlaeden.de\/lindenberg\/#breadcrumb"},"inLanguage":"de","potentialAction":[{"@type":"ReadAction","target":["https:\/\/weltlaeden.de\/lindenberg\/"]}]},{"@type":"ImageObject","inLanguage":"de","@id":"https:\/\/weltlaeden.de\/lindenberg\/#primaryimage","url":"https:\/\/weltlaeden.de\/lindenberg\/wp-content\/uploads\/sites\/162\/2025\/12\/WL-Lindenberg-schmal.jpeg","contentUrl":"https:\/\/weltlaeden.de\/lindenberg\/wp-content\/uploads\/sites\/162\/2025\/12\/WL-Lindenberg-schmal.jpeg","width":1920,"height":745},{"@type":"BreadcrumbList","@id":"https:\/\/weltlaeden.de\/lindenberg\/#breadcrumb","itemListElement":[{"@type":"ListItem","position":1,"name":"Startseite","item":"https:\/\/weltlaeden.de\/lindenberg\/"},{"@type":"ListItem","position":2,"name":"Weltladen Lindenberg"}]},{"@type":"WebSite","@id":"https:\/\/weltlaeden.de\/lindenberg\/#website","url":"https:\/\/weltlaeden.de\/lindenberg\/","name":"Weltladen Lindenberg","description":"Fair gehandelte Produkte seit 1990","potentialAction":[{"@type":"SearchAction","target":{"@type":"EntryPoint","urlTemplate":"https:\/\/weltlaeden.de\/lindenberg\/?s={search_term_string}"},"query-input":{"@type":"PropertyValueSpecification","valueRequired":true,"valueName":"search_term_string"}}],"inLanguage":"de"}]}},"_links":{"self":[{"href":"https:\/\/weltlaeden.de\/lindenberg\/wp-json\/wp\/v2\/pages\/20","targetHints":{"allow":["GET"]}}],"collection":[{"href":"https:\/\/weltlaeden.de\/lindenberg\/wp-json\/wp\/v2\/pages"}],"about":[{"href":"https:\/\/weltlaeden.de\/lindenberg\/wp-json\/wp\/v2\/types\/page"}],"author":[{"embeddable":true,"href":"https:\/\/weltlaeden.de\/lindenberg\/wp-json\/wp\/v2\/users\/1"}],"replies":[{"embeddable":true,"href":"https:\/\/weltlaeden.de\/lindenberg\/wp-json\/wp\/v2\/comments?post=20"}],"version-history":[{"count":62,"href":"https:\/\/weltlaeden.de\/lindenberg\/wp-json\/wp\/v2\/pages\/20\/revisions"}],"predecessor-version":[{"id":718,"href":"https:\/\/weltlaeden.de\/lindenberg\/wp-json\/wp\/v2\/pages\/20\/revisions\/718"}],"wp:attachment":[{"href":"https:\/\/weltlaeden.de\/lindenberg\/wp-json\/wp\/v2\/media?parent=20"}],"curies":[{"name":"wp","href":"https:\/\/api.w.org\/{rel}","templated":true}]}}