{"id":882,"date":"2024-06-24T21:41:50","date_gmt":"2024-06-24T19:41:50","guid":{"rendered":"https:\/\/weltlaeden.de\/langenzenn\/?page_id=882"},"modified":"2024-06-24T22:02:30","modified_gmt":"2024-06-24T20:02:30","slug":"verein-aktion-weltpartner-caracol-e-v","status":"publish","type":"page","link":"https:\/\/weltlaeden.de\/langenzenn\/verein-aktion-weltpartner-caracol-e-v\/","title":{"rendered":"Verein Aktion Weltpartner Caracol e.V."},"content":{"rendered":"<h1>Verein Aktion Weltpartner Caracol e.V.<\/h1>\n<p>Nat\u00fcrlich ist das Hauptziel des Vereins die F\u00f6rderung des Fairen Handels als Hilfe zur Selbsthilfe, bei gleichzeitiger nachhaltiger und \u00f6kologischer Herstellung der Produkte. Aus diesem Grund betreiben wir unser Fachgesch\u00e4ft des Fairen Handels.<\/p>\n<p>Die Vereinsziele sind aber noch etwas weiter gefasst:<\/p>\n<p>Verst\u00e4ndnis f\u00fcr fremde Kulturen und Toleranz gegen\u00fcber anderen Lebensstilen sind ausdr\u00fcckliche Vereinszwecke. Dazu geh\u00f6rt beispielsweise auch, dass wir uns \u00fcber entwicklungspolitische Prozesse und Probleme informieren und \u00fcber Gerechtigkeitsfragen diskutieren.<\/p>\n<p><strong>Aus all diesen Gr\u00fcnden hat Rassismus bei uns ausdr\u00fccklich keinen Platz!<\/strong><\/p>\n<p>Sie finden diese Ziele unterst\u00fctzenswert? Dann treten Sie unserem Verein bei, Sie selbst legen den Jahresbeitrag fest.<\/p>\n<p>Hier finden Sie die Beitrittserkl\u00e4rung (demn\u00e4chst) und die <a href=\"https:\/\/weltlaeden.de\/langenzenn\/wp-content\/uploads\/sites\/193\/2024\/06\/Satzung-Aktion-WP-Caracol-eV.pdf\">Satzung<\/a> des Vereins..<\/p>\n","protected":false},"excerpt":{"rendered":"<p>Verein Aktion Weltpartner Caracol e.V. Nat\u00fcrlich ist das Hauptziel des Vereins die F\u00f6rderung des Fairen Handels als Hilfe zur Selbsthilfe, bei gleichzeitiger nachhaltiger und \u00f6kologischer Herstellung der Produkte. Aus diesem Grund betreiben wir unser Fachgesch\u00e4ft des Fairen Handels. Die Vereinsziele sind aber noch etwas weiter gefasst: Verst\u00e4ndnis f\u00fcr fremde Kulturen und Toleranz gegen\u00fcber anderen Lebensstilen&hellip;<\/p>\n","protected":false},"author":286,"featured_media":0,"parent":0,"menu_order":1,"comment_status":"closed","ping_status":"closed","template":"","meta":{"footnotes":""},"class_list":["post-882","page","type-page","status-publish","hentry","description-off"],"yoast_head":"<!-- This site is optimized with the Yoast SEO plugin v26.8 - https:\/\/yoast.com\/product\/yoast-seo-wordpress\/ -->\n<title>Verein Aktion Weltpartner Caracol e.V. - Weltladen Langenzenn<\/title>\n<meta name=\"robots\" content=\"index, follow, max-snippet:-1, max-image-preview:large, max-video-preview:-1\" \/>\n<link rel=\"canonical\" href=\"https:\/\/weltlaeden.de\/langenzenn\/verein-aktion-weltpartner-caracol-e-v\/\" \/>\n<meta property=\"og:locale\" content=\"de_DE\" \/>\n<meta property=\"og:type\" content=\"article\" \/>\n<meta property=\"og:title\" content=\"Verein Aktion Weltpartner Caracol e.V. - Weltladen Langenzenn\" \/>\n<meta property=\"og:description\" content=\"Verein Aktion Weltpartner Caracol e.V. Nat\u00fcrlich ist das Hauptziel des Vereins die F\u00f6rderung des Fairen Handels als Hilfe zur Selbsthilfe, bei gleichzeitiger nachhaltiger und \u00f6kologischer Herstellung der Produkte. Aus diesem Grund betreiben wir unser Fachgesch\u00e4ft des Fairen Handels. Die Vereinsziele sind aber noch etwas weiter gefasst: Verst\u00e4ndnis f\u00fcr fremde Kulturen und Toleranz gegen\u00fcber anderen Lebensstilen&hellip;\" \/>\n<meta property=\"og:url\" content=\"https:\/\/weltlaeden.de\/langenzenn\/verein-aktion-weltpartner-caracol-e-v\/\" \/>\n<meta property=\"og:site_name\" content=\"Weltladen Langenzenn\" \/>\n<meta property=\"article:modified_time\" content=\"2024-06-24T20:02:30+00:00\" \/>\n<meta name=\"twitter:card\" content=\"summary_large_image\" \/>\n<meta name=\"twitter:label1\" content=\"Gesch\u00e4tzte Lesezeit\" \/>\n\t<meta name=\"twitter:data1\" content=\"1\u00a0Minute\" \/>\n<script type=\"application\/ld+json\" class=\"yoast-schema-graph\">{\"@context\":\"https:\/\/schema.org\",\"@graph\":[{\"@type\":\"WebPage\",\"@id\":\"https:\/\/weltlaeden.de\/langenzenn\/verein-aktion-weltpartner-caracol-e-v\/\",\"url\":\"https:\/\/weltlaeden.de\/langenzenn\/verein-aktion-weltpartner-caracol-e-v\/\",\"name\":\"Verein Aktion Weltpartner Caracol e.V. - Weltladen Langenzenn\",\"isPartOf\":{\"@id\":\"https:\/\/weltlaeden.de\/langenzenn\/#website\"},\"datePublished\":\"2024-06-24T19:41:50+00:00\",\"dateModified\":\"2024-06-24T20:02:30+00:00\",\"breadcrumb\":{\"@id\":\"https:\/\/weltlaeden.de\/langenzenn\/verein-aktion-weltpartner-caracol-e-v\/#breadcrumb\"},\"inLanguage\":\"de\",\"potentialAction\":[{\"@type\":\"ReadAction\",\"target\":[\"https:\/\/weltlaeden.de\/langenzenn\/verein-aktion-weltpartner-caracol-e-v\/\"]}]},{\"@type\":\"BreadcrumbList\",\"@id\":\"https:\/\/weltlaeden.de\/langenzenn\/verein-aktion-weltpartner-caracol-e-v\/#breadcrumb\",\"itemListElement\":[{\"@type\":\"ListItem\",\"position\":1,\"name\":\"Startseite\",\"item\":\"https:\/\/weltlaeden.de\/langenzenn\/\"},{\"@type\":\"ListItem\",\"position\":2,\"name\":\"Verein Aktion Weltpartner Caracol e.V.\"}]},{\"@type\":\"WebSite\",\"@id\":\"https:\/\/weltlaeden.de\/langenzenn\/#website\",\"url\":\"https:\/\/weltlaeden.de\/langenzenn\/\",\"name\":\"Weltladen Langenzenn\",\"description\":\"Faire Produkte seit 1990\",\"potentialAction\":[{\"@type\":\"SearchAction\",\"target\":{\"@type\":\"EntryPoint\",\"urlTemplate\":\"https:\/\/weltlaeden.de\/langenzenn\/?s={search_term_string}\"},\"query-input\":{\"@type\":\"PropertyValueSpecification\",\"valueRequired\":true,\"valueName\":\"search_term_string\"}}],\"inLanguage\":\"de\"}]}<\/script>\n<!-- \/ Yoast SEO plugin. -->","yoast_head_json":{"title":"Verein Aktion Weltpartner Caracol e.V. - Weltladen Langenzenn","robots":{"index":"index","follow":"follow","max-snippet":"max-snippet:-1","max-image-preview":"max-image-preview:large","max-video-preview":"max-video-preview:-1"},"canonical":"https:\/\/weltlaeden.de\/langenzenn\/verein-aktion-weltpartner-caracol-e-v\/","og_locale":"de_DE","og_type":"article","og_title":"Verein Aktion Weltpartner Caracol e.V. - Weltladen Langenzenn","og_description":"Verein Aktion Weltpartner Caracol e.V. Nat\u00fcrlich ist das Hauptziel des Vereins die F\u00f6rderung des Fairen Handels als Hilfe zur Selbsthilfe, bei gleichzeitiger nachhaltiger und \u00f6kologischer Herstellung der Produkte. Aus diesem Grund betreiben wir unser Fachgesch\u00e4ft des Fairen Handels. Die Vereinsziele sind aber noch etwas weiter gefasst: Verst\u00e4ndnis f\u00fcr fremde Kulturen und Toleranz gegen\u00fcber anderen Lebensstilen&hellip;","og_url":"https:\/\/weltlaeden.de\/langenzenn\/verein-aktion-weltpartner-caracol-e-v\/","og_site_name":"Weltladen Langenzenn","article_modified_time":"2024-06-24T20:02:30+00:00","twitter_card":"summary_large_image","twitter_misc":{"Gesch\u00e4tzte Lesezeit":"1\u00a0Minute"},"schema":{"@context":"https:\/\/schema.org","@graph":[{"@type":"WebPage","@id":"https:\/\/weltlaeden.de\/langenzenn\/verein-aktion-weltpartner-caracol-e-v\/","url":"https:\/\/weltlaeden.de\/langenzenn\/verein-aktion-weltpartner-caracol-e-v\/","name":"Verein Aktion Weltpartner Caracol e.V. - Weltladen Langenzenn","isPartOf":{"@id":"https:\/\/weltlaeden.de\/langenzenn\/#website"},"datePublished":"2024-06-24T19:41:50+00:00","dateModified":"2024-06-24T20:02:30+00:00","breadcrumb":{"@id":"https:\/\/weltlaeden.de\/langenzenn\/verein-aktion-weltpartner-caracol-e-v\/#breadcrumb"},"inLanguage":"de","potentialAction":[{"@type":"ReadAction","target":["https:\/\/weltlaeden.de\/langenzenn\/verein-aktion-weltpartner-caracol-e-v\/"]}]},{"@type":"BreadcrumbList","@id":"https:\/\/weltlaeden.de\/langenzenn\/verein-aktion-weltpartner-caracol-e-v\/#breadcrumb","itemListElement":[{"@type":"ListItem","position":1,"name":"Startseite","item":"https:\/\/weltlaeden.de\/langenzenn\/"},{"@type":"ListItem","position":2,"name":"Verein Aktion Weltpartner Caracol e.V."}]},{"@type":"WebSite","@id":"https:\/\/weltlaeden.de\/langenzenn\/#website","url":"https:\/\/weltlaeden.de\/langenzenn\/","name":"Weltladen Langenzenn","description":"Faire Produkte seit 1990","potentialAction":[{"@type":"SearchAction","target":{"@type":"EntryPoint","urlTemplate":"https:\/\/weltlaeden.de\/langenzenn\/?s={search_term_string}"},"query-input":{"@type":"PropertyValueSpecification","valueRequired":true,"valueName":"search_term_string"}}],"inLanguage":"de"}]}},"_links":{"self":[{"href":"https:\/\/weltlaeden.de\/langenzenn\/wp-json\/wp\/v2\/pages\/882","targetHints":{"allow":["GET"]}}],"collection":[{"href":"https:\/\/weltlaeden.de\/langenzenn\/wp-json\/wp\/v2\/pages"}],"about":[{"href":"https:\/\/weltlaeden.de\/langenzenn\/wp-json\/wp\/v2\/types\/page"}],"author":[{"embeddable":true,"href":"https:\/\/weltlaeden.de\/langenzenn\/wp-json\/wp\/v2\/users\/286"}],"replies":[{"embeddable":true,"href":"https:\/\/weltlaeden.de\/langenzenn\/wp-json\/wp\/v2\/comments?post=882"}],"version-history":[{"count":7,"href":"https:\/\/weltlaeden.de\/langenzenn\/wp-json\/wp\/v2\/pages\/882\/revisions"}],"predecessor-version":[{"id":892,"href":"https:\/\/weltlaeden.de\/langenzenn\/wp-json\/wp\/v2\/pages\/882\/revisions\/892"}],"wp:attachment":[{"href":"https:\/\/weltlaeden.de\/langenzenn\/wp-json\/wp\/v2\/media?parent=882"}],"curies":[{"name":"wp","href":"https:\/\/api.w.org\/{rel}","templated":true}]}}