{"id":219,"date":"2016-10-28T13:34:47","date_gmt":"2016-10-28T11:34:47","guid":{"rendered":"https:\/\/wl.heimpixel.de\/vorlage\/ueber-uns\/"},"modified":"2025-06-07T10:06:52","modified_gmt":"2025-06-07T08:06:52","slug":"ueber-uns","status":"publish","type":"page","link":"https:\/\/weltlaeden.de\/langenzenn\/ueber-uns\/","title":{"rendered":"\u00dcber uns"},"content":{"rendered":"<div class=\"wpb-content-wrapper\"><p>[vc_row][vc_column][vc_empty_space][\/vc_column][\/vc_row][vc_row][vc_column][vc_single_image image=&#8220;648&#8243; img_size=&#8220;full&#8220; add_caption=&#8220;yes&#8220;][vc_empty_space][vc_column_text]<\/p>\n<h1>Mitmachen im Weltladen Langenzenn<\/h1>\n<p>[\/vc_column_text][vc_column_text]<strong>Wir suchen<\/strong> immer Menschen, die Lust haben, sich ehrenamtlich f\u00fcr eine offene, transparente, \u00f6kologische und nachhaltige Form des Wirtschaftens zu engagieren. Ob im Verkauf, der Informations- oder Bildungsarbeit &#8211; die M\u00f6glichkeiten, in unserem Team mitzumachen sind vielf\u00e4ltig und lassen sich bestimmt auch in Ihren Alltag integrieren! Auch neue Ideen sind willkommen. Viele Aufgaben erfordern keine speziellen Vorkenntnisse, sondern nur Ihre Bereitschaft, F\u00e4higkeiten einzubringen und eventuell in neuen Bereichen dazuzulernen.<\/p>\n<p><strong>Wir bieten<\/strong> ein nettes Team aus Engagierten mit vielf\u00e4ltigen M\u00f6glichkeiten, sich selbst einzubringen. Eine Gemeinschaft, die Sie herzlich aufnimmt, einarbeitet und bei Fragen zur Verf\u00fcgung steht. Fortbildungsm\u00f6glichkeiten gibt es je nach Interessen und Aufgaben.<\/p>\n<p><strong>Ansprechpartner*innen:<\/strong><br \/>\nRufen Sie uns w\u00e4hrend der Landen\u00f6ffnungszeiten an: 09101\/905009<br \/>\n<strong>Wir freuen uns auf Sie!<\/strong>[\/vc_column_text][vc_separator][vc_empty_space][vc_column_text css=&#8220;&#8220;]<\/p>\n<h1>Warum wir tun was wir tun<\/h1>\n<p><strong>Der Weltladen Caracol \u2013 ein Fachgesch\u00e4ft des Fairen Handels<\/strong><\/p>\n<p>Seit 40 Jahren gibt es in Langenzenn einen Weltladen. Aus bescheidenen Anf\u00e4ngen hat sich ein semi-professioneller Laden entwickelt, seit 40 Jahren getragen von Ehrenamtlichen, die hier die Idee des Fairen Handels in die Praxis umsetzen.<\/p>\n<p>Hinter dieser Idee steht die eigentlich selbstverst\u00e4ndliche Annahme, dass jeder Mensch von der Arbeit seiner H\u00e4nde leben k\u00f6nnen sollte. Das ist in weiten Teilen der Welt nicht so, weil Wertsch\u00f6pfung nicht vor Ort in den L\u00e4ndern des Globalen S\u00fcdens stattfindet, sondern von den Industrienationen abgesch\u00f6pft wird.<\/p>\n<p>Hier setzt der Faire Handel an: die KundInnen bei uns zahlen einen etwas h\u00f6heren Preis als bei Aldi, Lidl und Co. Damit wird sichergestellt, dass die ProduzentInnen unserer Waren einen gerechten Preis f\u00fcr ihre Produkte erl\u00f6sen. Dieser ist vor allem bei Kaffee und Kakao immer h\u00f6her als der Weltmarktpreis, der nicht von Angebot und Nachfrage reguliert wird, sondern abh\u00e4ngig von intransparenten Spekulationen ist.<\/p>\n<p>Weiter geben langfristige Handelspartnerschaften den ProduzentInnen verl\u00e4ssliche Abnahmegarantien. Gezielte Frauenf\u00f6rderung, Sicherung sozialer Rechte, Gemeinschaftsprojekte in den produzierenden Kooperativen und vieles mehr sind weitere Vorteile.<\/p>\n<p>Fairer Handel ist so eine eigentlich selbstverst\u00e4ndliche Frage der Gerechtigkeit!<\/p>\n<p>[\/vc_column_text][vc_empty_space][\/vc_column][\/vc_row][vc_row][vc_column][vc_column_text css=&#8220;&#8220;]<\/p>\n<h1>Wer wir sind &#8230;<\/h1>\n<p>[\/vc_column_text][\/vc_column][\/vc_row][vc_row][vc_column][vc_single_image image=&#8220;836&#8243; img_size=&#8220;full&#8220; add_caption=&#8220;yes&#8220;][\/vc_column][\/vc_row][vc_row][vc_column][vc_column_text css=&#8220;&#8220;]Fr\u00f6hlich geht es bei uns zu und jede von uns bringt ihre Neigungen ein. Wir unterst\u00fctzen uns gegenseitig und lernen immer wieder Neues dazu. Bei allem dem befl\u00fcgelt uns der Gedanke, an einer gerechteren Welt mitzuarbeiten.<\/p>\n<p>Wenn Sie Teil unseres Teams werden wollen: nur zu, wir brauchen immer frische Ideen. Und keine Angst vor dem Ladenalltag: alle werden professionell und geduldig angelernt.<\/p>\n<p>Wir freuen uns auf Euch!<\/p>\n<h1>&#8230; und was wir lieben<\/h1>\n<p>Jede von uns hat ihre Vorlieben.<\/p>\n<p>Wir haben hier f\u00fcr Sie zusammengestellt, was wir an unserem Sortiment besonders m\u00f6gen. Zustandegekommen ist ein bunter \u00dcberblick \u00fcber unser Angebot.[\/vc_column_text][\/vc_column][\/vc_row][vc_row][vc_column width=&#8220;1\/2&#8243;][vc_single_image image=&#8220;854&#8243; img_size=&#8220;medium&#8220; add_caption=&#8220;yes&#8220; onclick=&#8220;link_image&#8220; css=&#8220;&#8220;][\/vc_column][vc_column width=&#8220;1\/2&#8243;][vc_column_text css=&#8220;&#8220;]<strong>Bruni Stoll:<br \/>\n<\/strong><\/p>\n<p>Bei einer guten Tasse Kaffee machen die Tartufi von Weltpartner den Genuss einfach perfekt![\/vc_column_text][\/vc_column][\/vc_row][vc_row][vc_column width=&#8220;1\/2&#8243;][vc_single_image image=&#8220;850&#8243; img_size=&#8220;medium&#8220; onclick=&#8220;link_image&#8220; css=&#8220;&#8220;][\/vc_column][vc_column width=&#8220;1\/2&#8243;][vc_column_text css=&#8220;&#8220;]<strong>Erni Z\u00fchlke:<\/strong><\/p>\n<p>Nach anstrengenden Tagen bringt der Buona Notte-Tee wunderbare Entspannung[\/vc_column_text][\/vc_column][\/vc_row][vc_row][vc_column width=&#8220;1\/2&#8243;][vc_single_image image=&#8220;844&#8243; img_size=&#8220;medium&#8220; onclick=&#8220;link_image&#8220; css=&#8220;&#8220;][\/vc_column][vc_column width=&#8220;1\/2&#8243;][vc_column_text css=&#8220;&#8220;]<strong>Eva Kaiser:<\/strong><\/p>\n<p>Guter Kaffee in unseren neuen bunten Tassen ist f\u00fcr mich das Beste am Tag.[\/vc_column_text][\/vc_column][\/vc_row][vc_row][vc_column width=&#8220;1\/2&#8243;][vc_single_image image=&#8220;852&#8243; img_size=&#8220;medium&#8220; onclick=&#8220;link_image&#8220; css=&#8220;&#8220;][\/vc_column][vc_column width=&#8220;1\/2&#8243;][vc_column_text css=&#8220;&#8220;]<strong>Irene B\u00f6hm, unsere hauptamtliche Ladenfee:<\/strong><\/p>\n<p>Diese Handtasche aus d\u00fcnnem Kork hat mir gleich gefallen, Erstaunlich, was man aus dem Naturmaterial alles machen kann.[\/vc_column_text][\/vc_column][\/vc_row][vc_row][vc_column width=&#8220;1\/2&#8243;][vc_single_image image=&#8220;847&#8243; img_size=&#8220;medium&#8220; onclick=&#8220;link_image&#8220; css=&#8220;&#8220;][\/vc_column][vc_column width=&#8220;1\/2&#8243;][vc_column_text css=&#8220;&#8220;]<strong>Luise Gr\u00fcndl, kann alles und macht alles:<\/strong><\/p>\n<p>Wenn schon &#8222;s\u00fcndigen&#8220;, dann wenigstens mit dem guten Gef\u00fchl, dass keine Kinderarbeit und keine Ausbeutung in der Schokolade steckt.[\/vc_column_text][\/vc_column][\/vc_row][vc_row][vc_column width=&#8220;1\/2&#8243;][vc_single_image image=&#8220;851&#8243; img_size=&#8220;medium&#8220; onclick=&#8220;link_image&#8220; css=&#8220;&#8220;][\/vc_column][vc_column width=&#8220;1\/2&#8243;][vc_column_text css=&#8220;&#8220;]<strong>Margit G\u00f6tzinger:<\/strong><\/p>\n<p>Zennafair: ein wunderbarer Kaffee, der extra f\u00fcr Langenzenn entwickelt wurde, als sich die Stadt auf den Weg gemacht hat, Fair-Trade-Town zu werden.[\/vc_column_text][\/vc_column][\/vc_row][vc_row][vc_column width=&#8220;1\/2&#8243;][vc_single_image image=&#8220;853&#8243; img_size=&#8220;medium&#8220; onclick=&#8220;link_image&#8220; css=&#8220;&#8220;][\/vc_column][vc_column width=&#8220;1\/2&#8243;][vc_column_text css=&#8220;&#8220;]<strong>Marianne Grajer-Hechtel:<\/strong><\/p>\n<p>Der Knuspermais hat mich verbl\u00fcfft als ihn das erste Mal gegessen habe. Die K\u00f6rner sind viel gr\u00f6\u00dfer als die, die auf unseren Feldern wachsen. Sie sind hart, aber trotzdem angenehm zu essen und die beiden Geschmacksvarianten \u201esalzig\u201c oder \u201emit Chili\u201c begeistern mich. Sicher auch, weil ich Mais in welcher Art auch immer seit Kindheitstagen liebe.[\/vc_column_text][\/vc_column][\/vc_row][vc_row][vc_column width=&#8220;1\/2&#8243;][vc_single_image image=&#8220;848&#8243; img_size=&#8220;medium&#8220; onclick=&#8220;link_image&#8220; css=&#8220;&#8220;][\/vc_column][vc_column width=&#8220;1\/2&#8243;][vc_column_text css=&#8220;&#8220;]<strong>Marion Betzler:<\/strong><\/p>\n<p>Preda und die zugeh\u00f6rigen Produkte habe ich kennengelernt, als wir vor vielen Jahren die Gelegenheit hatten, Pater Shay Cullen bei einem Vortrag zuh\u00f6ren zu d\u00fcrfen. Seitdem bin ich Fan. Aber es ist nicht nur das gute Gef\u00fchl mit dem Einkauf ein tolles Projekt zu unterst\u00fctzen, nein: die Mangos sind einfach unversch\u00e4mt lecker!<\/p>\n<p>Mehr \u00dcber Preda unter <a href=\"https:\/\/www.mangos-fuer-kinderrechte.de\/de\">https:\/\/www.mangos-fuer-kinderrechte.de\/de<\/a>[\/vc_column_text][\/vc_column][\/vc_row][vc_row][vc_column width=&#8220;1\/2&#8243;][vc_single_image image=&#8220;846&#8243; img_size=&#8220;medium&#8220; onclick=&#8220;link_image&#8220; css=&#8220;&#8220;][\/vc_column][vc_column width=&#8220;1\/2&#8243;][vc_column_text css=&#8220;&#8220;]<strong>Meike Weber, unsere Chefin &#8211; die Vorsitzende der Aktion Weltpartner Caracol e.V.<\/strong><\/p>\n<p>Aleppo-Seife, immer noch hergestellt in der geschundenen Stadt Aleppo, ist wohl das beste Beispiel f\u00fcr Hilfe durch Handel. Die Menschen vor Ort wollen keine Almosen, sie wollen von ihrer H\u00e4nde Arbeit leben k\u00f6nnen. Und eines wollen sie vor allem: endlich Frieden![\/vc_column_text][\/vc_column][\/vc_row][vc_row][vc_column width=&#8220;1\/2&#8243;][vc_single_image image=&#8220;849&#8243; img_size=&#8220;medium&#8220; onclick=&#8220;link_image&#8220; css=&#8220;&#8220;][\/vc_column][vc_column width=&#8220;1\/2&#8243;][vc_column_text css=&#8220;&#8220;]<strong>Monika Klingelmann, seit 14 Jahren im Team die Dekomeisterin:<\/strong><\/p>\n<p>Eines meiner Lieblingsprodukte sind die Bronzefiguren von Moogoo<\/p>\n<p>Moogoo Creative Africa gibt talentierten und kreativen Handwerker\/innen die M\u00f6glichkeit ihre Kunstwerke in Europa zu verkaufen. Sie achten auf die gerechte Verteilung von Mehrwertschaffung mit einer Vorfinanzierung\u00a0 (50% auf die Auftr\u00e4ge) und auf eine faire Entlohnung der Kunsthandwerker.[\/vc_column_text][\/vc_column][\/vc_row][vc_row][vc_column width=&#8220;1\/2&#8243;][vc_single_image image=&#8220;845&#8243; img_size=&#8220;medium&#8220; onclick=&#8220;link_image&#8220; css=&#8220;&#8220;][\/vc_column][vc_column width=&#8220;1\/2&#8243;][vc_column_text css=&#8220;&#8220;]<strong>Tanja Schmidt:<\/strong><\/p>\n<p>Kurz ohne Fett in der Pfanne ger\u00f6stet, sind die Cashews aus dem Weltladen bei uns in Currys und asiatischen Gem\u00fcsepfannen immer dabei.<br \/>\nOder mal zum Knabbern zwischendurch, weil sie einfach lecker sind &#8211; egal ob natur, gesalzen oder mit Chili.<\/p>\n<p>[\/vc_column_text][\/vc_column][\/vc_row]<\/p>\n<\/div>","protected":false},"excerpt":{"rendered":"<p>[vc_row][vc_column][vc_empty_space][\/vc_column][\/vc_row][vc_row][vc_column][vc_single_image image=&#8220;648&#8243; img_size=&#8220;full&#8220; add_caption=&#8220;yes&#8220;][vc_empty_space][vc_column_text] Mitmachen im Weltladen Langenzenn [\/vc_column_text][vc_column_text]Wir suchen immer Menschen, die Lust haben, sich ehrenamtlich f\u00fcr eine offene, transparente, \u00f6kologische und nachhaltige Form des Wirtschaftens zu engagieren. Ob im Verkauf, der Informations- oder Bildungsarbeit &#8211; die M\u00f6glichkeiten, in unserem Team mitzumachen sind vielf\u00e4ltig und lassen sich bestimmt auch in Ihren Alltag integrieren! Auch&hellip;<\/p>\n","protected":false},"author":1,"featured_media":0,"parent":0,"menu_order":8,"comment_status":"closed","ping_status":"closed","template":"","meta":{"footnotes":""},"class_list":["post-219","page","type-page","status-publish","hentry","description-off"],"yoast_head":"<!-- This site is optimized with the Yoast SEO plugin v26.8 - https:\/\/yoast.com\/product\/yoast-seo-wordpress\/ -->\n<title>\u00dcber uns - Weltladen Langenzenn<\/title>\n<meta name=\"robots\" content=\"index, follow, max-snippet:-1, max-image-preview:large, max-video-preview:-1\" \/>\n<link rel=\"canonical\" href=\"https:\/\/weltlaeden.de\/langenzenn\/ueber-uns\/\" \/>\n<meta property=\"og:locale\" content=\"de_DE\" \/>\n<meta property=\"og:type\" content=\"article\" \/>\n<meta property=\"og:title\" content=\"\u00dcber uns - Weltladen Langenzenn\" \/>\n<meta property=\"og:description\" content=\"[vc_row][vc_column][vc_empty_space][\/vc_column][\/vc_row][vc_row][vc_column][vc_single_image image=&#8220;648&#8243; img_size=&#8220;full&#8220; add_caption=&#8220;yes&#8220;][vc_empty_space][vc_column_text] Mitmachen im Weltladen Langenzenn [\/vc_column_text][vc_column_text]Wir suchen immer Menschen, die Lust haben, sich ehrenamtlich f\u00fcr eine offene, transparente, \u00f6kologische und nachhaltige Form des Wirtschaftens zu engagieren. Ob im Verkauf, der Informations- oder Bildungsarbeit &#8211; die M\u00f6glichkeiten, in unserem Team mitzumachen sind vielf\u00e4ltig und lassen sich bestimmt auch in Ihren Alltag integrieren! Auch&hellip;\" \/>\n<meta property=\"og:url\" content=\"https:\/\/weltlaeden.de\/langenzenn\/ueber-uns\/\" \/>\n<meta property=\"og:site_name\" content=\"Weltladen Langenzenn\" \/>\n<meta property=\"article:modified_time\" content=\"2025-06-07T08:06:52+00:00\" \/>\n<meta name=\"twitter:card\" content=\"summary_large_image\" \/>\n<meta name=\"twitter:label1\" content=\"Gesch\u00e4tzte Lesezeit\" \/>\n\t<meta name=\"twitter:data1\" content=\"8\u00a0Minuten\" \/>\n<script type=\"application\/ld+json\" class=\"yoast-schema-graph\">{\"@context\":\"https:\/\/schema.org\",\"@graph\":[{\"@type\":\"WebPage\",\"@id\":\"https:\/\/weltlaeden.de\/langenzenn\/ueber-uns\/\",\"url\":\"https:\/\/weltlaeden.de\/langenzenn\/ueber-uns\/\",\"name\":\"\u00dcber uns - Weltladen Langenzenn\",\"isPartOf\":{\"@id\":\"https:\/\/weltlaeden.de\/langenzenn\/#website\"},\"datePublished\":\"2016-10-28T11:34:47+00:00\",\"dateModified\":\"2025-06-07T08:06:52+00:00\",\"breadcrumb\":{\"@id\":\"https:\/\/weltlaeden.de\/langenzenn\/ueber-uns\/#breadcrumb\"},\"inLanguage\":\"de\",\"potentialAction\":[{\"@type\":\"ReadAction\",\"target\":[\"https:\/\/weltlaeden.de\/langenzenn\/ueber-uns\/\"]}]},{\"@type\":\"BreadcrumbList\",\"@id\":\"https:\/\/weltlaeden.de\/langenzenn\/ueber-uns\/#breadcrumb\",\"itemListElement\":[{\"@type\":\"ListItem\",\"position\":1,\"name\":\"Startseite\",\"item\":\"https:\/\/weltlaeden.de\/langenzenn\/\"},{\"@type\":\"ListItem\",\"position\":2,\"name\":\"\u00dcber uns\"}]},{\"@type\":\"WebSite\",\"@id\":\"https:\/\/weltlaeden.de\/langenzenn\/#website\",\"url\":\"https:\/\/weltlaeden.de\/langenzenn\/\",\"name\":\"Weltladen Langenzenn\",\"description\":\"Faire Produkte seit 1990\",\"potentialAction\":[{\"@type\":\"SearchAction\",\"target\":{\"@type\":\"EntryPoint\",\"urlTemplate\":\"https:\/\/weltlaeden.de\/langenzenn\/?s={search_term_string}\"},\"query-input\":{\"@type\":\"PropertyValueSpecification\",\"valueRequired\":true,\"valueName\":\"search_term_string\"}}],\"inLanguage\":\"de\"}]}<\/script>\n<!-- \/ Yoast SEO plugin. -->","yoast_head_json":{"title":"\u00dcber uns - Weltladen Langenzenn","robots":{"index":"index","follow":"follow","max-snippet":"max-snippet:-1","max-image-preview":"max-image-preview:large","max-video-preview":"max-video-preview:-1"},"canonical":"https:\/\/weltlaeden.de\/langenzenn\/ueber-uns\/","og_locale":"de_DE","og_type":"article","og_title":"\u00dcber uns - Weltladen Langenzenn","og_description":"[vc_row][vc_column][vc_empty_space][\/vc_column][\/vc_row][vc_row][vc_column][vc_single_image image=&#8220;648&#8243; img_size=&#8220;full&#8220; add_caption=&#8220;yes&#8220;][vc_empty_space][vc_column_text] Mitmachen im Weltladen Langenzenn [\/vc_column_text][vc_column_text]Wir suchen immer Menschen, die Lust haben, sich ehrenamtlich f\u00fcr eine offene, transparente, \u00f6kologische und nachhaltige Form des Wirtschaftens zu engagieren. Ob im Verkauf, der Informations- oder Bildungsarbeit &#8211; die M\u00f6glichkeiten, in unserem Team mitzumachen sind vielf\u00e4ltig und lassen sich bestimmt auch in Ihren Alltag integrieren! Auch&hellip;","og_url":"https:\/\/weltlaeden.de\/langenzenn\/ueber-uns\/","og_site_name":"Weltladen Langenzenn","article_modified_time":"2025-06-07T08:06:52+00:00","twitter_card":"summary_large_image","twitter_misc":{"Gesch\u00e4tzte Lesezeit":"8\u00a0Minuten"},"schema":{"@context":"https:\/\/schema.org","@graph":[{"@type":"WebPage","@id":"https:\/\/weltlaeden.de\/langenzenn\/ueber-uns\/","url":"https:\/\/weltlaeden.de\/langenzenn\/ueber-uns\/","name":"\u00dcber uns - Weltladen Langenzenn","isPartOf":{"@id":"https:\/\/weltlaeden.de\/langenzenn\/#website"},"datePublished":"2016-10-28T11:34:47+00:00","dateModified":"2025-06-07T08:06:52+00:00","breadcrumb":{"@id":"https:\/\/weltlaeden.de\/langenzenn\/ueber-uns\/#breadcrumb"},"inLanguage":"de","potentialAction":[{"@type":"ReadAction","target":["https:\/\/weltlaeden.de\/langenzenn\/ueber-uns\/"]}]},{"@type":"BreadcrumbList","@id":"https:\/\/weltlaeden.de\/langenzenn\/ueber-uns\/#breadcrumb","itemListElement":[{"@type":"ListItem","position":1,"name":"Startseite","item":"https:\/\/weltlaeden.de\/langenzenn\/"},{"@type":"ListItem","position":2,"name":"\u00dcber uns"}]},{"@type":"WebSite","@id":"https:\/\/weltlaeden.de\/langenzenn\/#website","url":"https:\/\/weltlaeden.de\/langenzenn\/","name":"Weltladen Langenzenn","description":"Faire Produkte seit 1990","potentialAction":[{"@type":"SearchAction","target":{"@type":"EntryPoint","urlTemplate":"https:\/\/weltlaeden.de\/langenzenn\/?s={search_term_string}"},"query-input":{"@type":"PropertyValueSpecification","valueRequired":true,"valueName":"search_term_string"}}],"inLanguage":"de"}]}},"_links":{"self":[{"href":"https:\/\/weltlaeden.de\/langenzenn\/wp-json\/wp\/v2\/pages\/219","targetHints":{"allow":["GET"]}}],"collection":[{"href":"https:\/\/weltlaeden.de\/langenzenn\/wp-json\/wp\/v2\/pages"}],"about":[{"href":"https:\/\/weltlaeden.de\/langenzenn\/wp-json\/wp\/v2\/types\/page"}],"author":[{"embeddable":true,"href":"https:\/\/weltlaeden.de\/langenzenn\/wp-json\/wp\/v2\/users\/1"}],"replies":[{"embeddable":true,"href":"https:\/\/weltlaeden.de\/langenzenn\/wp-json\/wp\/v2\/comments?post=219"}],"version-history":[{"count":40,"href":"https:\/\/weltlaeden.de\/langenzenn\/wp-json\/wp\/v2\/pages\/219\/revisions"}],"predecessor-version":[{"id":1048,"href":"https:\/\/weltlaeden.de\/langenzenn\/wp-json\/wp\/v2\/pages\/219\/revisions\/1048"}],"wp:attachment":[{"href":"https:\/\/weltlaeden.de\/langenzenn\/wp-json\/wp\/v2\/media?parent=219"}],"curies":[{"name":"wp","href":"https:\/\/api.w.org\/{rel}","templated":true}]}}