{"id":20,"date":"2016-10-14T09:05:21","date_gmt":"2016-10-14T07:05:21","guid":{"rendered":"https:\/\/wl.heimpixel.de\/vorlage\/weltladen-musterdorf\/"},"modified":"2026-05-07T13:33:23","modified_gmt":"2026-05-07T11:33:23","slug":"weltladen-musterdorf","status":"publish","type":"page","link":"https:\/\/weltlaeden.de\/langenzenn\/","title":{"rendered":"Weltladen Langenzenn"},"content":{"rendered":"<div class=\"wpb-content-wrapper\"><p>[vc_row][vc_column]<div class=\"wl_einzelbild\"><p><\/p>\n<div id=\"attachment_725\" style=\"width: 1034px\" class=\"wp-caption alignleft\"><img loading=\"lazy\" decoding=\"async\" aria-describedby=\"caption-attachment-725\" class=\"size-large wp-image-725\" src=\"https:\/\/weltlaeden.de\/langenzenn\/wp-content\/uploads\/sites\/193\/2023\/03\/2-Laden-Gesamtansicht-1024x541.jpg\" alt=\"\" width=\"1024\" height=\"541\" srcset=\"https:\/\/weltlaeden.de\/langenzenn\/wp-content\/uploads\/sites\/193\/2023\/03\/2-Laden-Gesamtansicht-1024x541.jpg 1024w, https:\/\/weltlaeden.de\/langenzenn\/wp-content\/uploads\/sites\/193\/2023\/03\/2-Laden-Gesamtansicht-300x159.jpg 300w, https:\/\/weltlaeden.de\/langenzenn\/wp-content\/uploads\/sites\/193\/2023\/03\/2-Laden-Gesamtansicht-768x406.jpg 768w, https:\/\/weltlaeden.de\/langenzenn\/wp-content\/uploads\/sites\/193\/2023\/03\/2-Laden-Gesamtansicht-1536x812.jpg 1536w, https:\/\/weltlaeden.de\/langenzenn\/wp-content\/uploads\/sites\/193\/2023\/03\/2-Laden-Gesamtansicht.jpg 1599w\" sizes=\"auto, (max-width: 1024px) 100vw, 1024px\" \/><p id=\"caption-attachment-725\" class=\"wp-caption-text\">Foto: Franziska Bauer<\/p><\/div>\n<p><\/p><\/div>[\/vc_column][\/vc_row][vc_row][vc_column][vc_column_text]<\/p>\n<h1 style=\"text-align: left\">Willkommen im Weltladen Langenzenn!<\/h1>\n<p>[\/vc_column_text][vc_column_text css=&#8220;&#8220;]Wir freuen uns, Sie auf unserer Webseite begr\u00fc\u00dfen zu d\u00fcrfen.<\/p>\n<p>Wir, das ist ein kleines, aber flei\u00dfiges und fr\u00f6hliches Team, immer begeistert dabei, den fairen Handel voranzubringen.[\/vc_column_text][vc_separator css=&#8220;&#8220;][vc_empty_space][vc_column_text css=&#8220;&#8220;]<\/p>\n<h2>Warum wir tun was wir tun &#8230;<\/h2>\n<p><strong>Der Weltladen Caracol \u2013 ein Fachgesch\u00e4ft des Fairen Handels<\/strong><\/p>\n<p>Seit 40 Jahren gibt es in Langenzenn einen Weltladen. Aus bescheidenen Anf\u00e4ngen hat sich ein semi-professioneller Laden entwickelt, seit 40 Jahren getragen von Ehrenamtlichen, die hier die Idee des Fairen Handels in die Praxis umsetzen.<\/p>\n<p>Hinter dieser Idee steht die eigentlich selbstverst\u00e4ndliche Annahme, dass jeder Mensch von der Arbeit seiner H\u00e4nde leben k\u00f6nnen sollte.\u00a0Hier setzt der Faire Handel an: <a href=\"https:\/\/weltlaeden.de\/langenzenn\/ueber-uns\/\">mehr lesen<\/a>[\/vc_column_text][vc_separator css=&#8220;&#8220;][vc_column_text css=&#8220;&#8220;][\/vc_column_text][vc_empty_space][\/vc_column][\/vc_row][vc_row][vc_column][vc_column_text css=&#8220;&#8220;]<\/p>\n<h2>Mangos, Mangos, Mangos<\/h2>\n<p>Wir haben Mangowochen: seit Anfang Mai pr\u00e4sentieren wir die Mangoprodukte der Organisation Preda im Laden.<br \/>\nDaf\u00fcr haben wir unser Mangosortiment vergr\u00f6\u00dfert: Mangop\u00fcree &#8211; pur, ohne Zuckerzusatz, himmlischer Genuss, Mangoaufstriche &#8211; f\u00fcr alle, die nicht immer nur K\u00e4se oder Wurst aufs Brot wollen, Mango-Limes &#8211; eiskalt genossen ein echtes Highlight und vieles mehr.<br \/>\nProbieren Sie bei uns im Laden die leckeren Mango-Kokosb\u00e4llchen: absolut s\u00fcchtigmachend!<br \/>\nPreda ist eine philippinische Kinderschutz- und Menschenrechtsorganisation, die mit Hilfe des Fairen Handels die Situation vor Ort wirksam verbessert.<\/p>\n<p><a href=\"https:\/\/weltlaeden.de\/langenzenn\/neuigkeiten\/\">mehr &#8230;<\/a>[\/vc_column_text][vc_separator css=&#8220;&#8220;][vc_empty_space][\/vc_column][\/vc_row][vc_row][vc_column][vc_column_text css=&#8220;&#8220;]<\/p>\n<h2>Neu: Lieferservice f\u00fcr Firmen<\/h2>\n<p>Sie haben keine Zeit im Weltladen einzukaufen, wollen f\u00fcr Ihre Firma aber faire Produkte beziehen? Kein Problem: wir kommen zu Ihnen.<\/p>\n<p><a href=\"https:\/\/weltlaeden.de\/langenzenn\/neuigkeiten\/\">mehr &#8230;<\/a>[\/vc_column_text][vc_separator css=&#8220;&#8220;][vc_empty_space][\/vc_column][\/vc_row][vc_row][vc_column][vc_column_text]<\/p>\n<h2>Was Sie auf dieser Website finden:<\/h2>\n<p>[\/vc_column_text][vc_separator][vc_row_inner][vc_column_inner width=&#8220;1\/4&#8243;][vc_single_image image=&#8220;648&#8243; add_caption=&#8220;yes&#8220;][\/vc_column_inner][vc_column_inner width=&#8220;3\/4&#8243;][vc_column_text]<\/p>\n<h3>\u00dcber uns<\/h3>\n<p>Wer wir sind, warum wir uns f\u00fcr Fairen Handel engagieren und wie man bei uns mitmachen kann erfahren Sie <a href=\"https:\/\/weltlaeden.de\/langenzenn\/ueber-uns\/\">hier<\/a>[\/vc_column_text][\/vc_column_inner][\/vc_row_inner][vc_separator][vc_row_inner][vc_column_inner width=&#8220;1\/4&#8243;][vc_single_image image=&#8220;724&#8243; add_caption=&#8220;yes&#8220;][\/vc_column_inner][vc_column_inner width=&#8220;3\/4&#8243;][vc_column_text]<\/p>\n<h3>Produkte<\/h3>\n<p>Unsere Produkte im Weltladen sind nat\u00fcrlich alle aus Fairem Handel, dennoch kommen sie von unterschiedlichen Fair-Handels-Importeuren. <a href=\"https:\/\/weltlaeden.de\/langenzenn\/produkte\/\">Mehr zu unserem Sortiment &#8230;<\/a>[\/vc_column_text][\/vc_column_inner][\/vc_row_inner][vc_separator][vc_row_inner][vc_column_inner width=&#8220;1\/4&#8243;]<div class=\"wl_einzelbild\"><p><img loading=\"lazy\" decoding=\"async\" class=\"alignleft size-thumbnail wp-image-nsm-3-15\" src=\"https:\/\/weltlaeden.de\/vorlage\/wp-content\/uploads\/sites\/3\/2016\/11\/FairerHandel_ElPuente_Fingerpuppen_EccoExe_Peru-150x150.jpg\" alt=\"\" width=\"150\" height=\"150\" \/><\/p><\/div>[\/vc_column_inner][vc_column_inner width=&#8220;3\/4&#8243;][vc_column_text]<\/p>\n<h3>Fairer Handel<\/h3>\n<p>Was meint Fairer Handel \u00fcberhaupt? Welche Kriterien m\u00fcssen eingehalten werden und wer \u00fcberpr\u00fcft diese? <a href=\"?pagename=fairer-handel\">Erfahren Sie mehr &#8230;<\/a>[\/vc_column_text][\/vc_column_inner][\/vc_row_inner][vc_separator][vc_row_inner][vc_column_inner width=&#8220;1\/4&#8243;][vc_single_image image=&#8220;727&#8243; add_caption=&#8220;yes&#8220;][\/vc_column_inner][vc_column_inner width=&#8220;3\/4&#8243;][vc_column_text]<\/p>\n<h3>Termine<\/h3>\n<p>Unsere Treffen &#8211; Ladensitzung genannt &#8211; sind f\u00fcr alle offen, kommen Sie gerne vorbei. Immer wieder nehmen wir auch an Fortbildungen teil oder sind bei Langenzenner Veranstaltungen zu finden.<\/p>\n<p><a href=\"https:\/\/weltlaeden.de\/langenzenn\/termine\/\">Hier erfahren Sie mehr dar\u00fcber, was bei uns los ist \u2026<\/a>[\/vc_column_text][\/vc_column_inner][\/vc_row_inner][vc_separator][\/vc_column][\/vc_row][vc_row][vc_column width=&#8220;1\/4&#8243;][vc_single_image image=&#8220;726&#8243; add_caption=&#8220;yes&#8220; css=&#8220;&#8220;][\/vc_column][vc_column width=&#8220;3\/4&#8243;][vc_column_text css=&#8220;&#8220;]<\/p>\n<h3>Unterst\u00fctzen<\/h3>\n<p>Die beste Unterst\u00fctzung f\u00fcr den Fairen Handel ist nat\u00fcrlich, bei uns wundersch\u00f6nes Kunsthandwerk oder all die leckeren Lebensmittel einzukaufen. Gerade bei Kaffee, Tee und Schokolade ist unsere Auswahl so gro\u00df, dass jede und jeder sein Lieblingsprodukt finden kann.<\/p>\n<p>Wer uns dar\u00fcber hinaus unterst\u00fctzen will, kann Mitglied im Verein &#8222;Aktion Weltpartner Caracol e.V.&#8220; werden.<\/p>\n<p><a href=\"https:\/\/weltlaeden.de\/langenzenn\/?page_id=882\">mehr &#8230;<\/a>[\/vc_column_text][\/vc_column][\/vc_row]<\/p>\n<\/div>","protected":false},"excerpt":{"rendered":"<p>[vc_row][vc_column][\/vc_column][\/vc_row][vc_row][vc_column][vc_column_text] Willkommen im Weltladen Langenzenn! [\/vc_column_text][vc_column_text css=&#8220;&#8220;]Wir freuen uns, Sie auf unserer Webseite begr\u00fc\u00dfen zu d\u00fcrfen. Wir, das ist ein kleines, aber flei\u00dfiges und fr\u00f6hliches Team, immer begeistert dabei, den fairen Handel voranzubringen.[\/vc_column_text][vc_separator css=&#8220;&#8220;][vc_empty_space][vc_column_text css=&#8220;&#8220;] Warum wir tun was wir tun &#8230; Der Weltladen Caracol \u2013 ein Fachgesch\u00e4ft des Fairen Handels Seit 40 Jahren gibt&hellip;<\/p>\n","protected":false},"author":1,"featured_media":725,"parent":0,"menu_order":0,"comment_status":"closed","ping_status":"closed","template":"","meta":{"footnotes":""},"class_list":["post-20","page","type-page","status-publish","has-post-thumbnail","hentry","description-off"],"yoast_head":"<!-- This site is optimized with the Yoast SEO plugin v26.8 - https:\/\/yoast.com\/product\/yoast-seo-wordpress\/ -->\n<title>Weltladen Langenzenn - Weltladen Langenzenn<\/title>\n<meta name=\"robots\" content=\"index, follow, max-snippet:-1, max-image-preview:large, max-video-preview:-1\" \/>\n<link rel=\"canonical\" href=\"https:\/\/weltlaeden.de\/langenzenn\/\" \/>\n<meta property=\"og:locale\" content=\"de_DE\" \/>\n<meta property=\"og:type\" content=\"article\" \/>\n<meta property=\"og:title\" content=\"Weltladen Langenzenn - Weltladen Langenzenn\" \/>\n<meta property=\"og:description\" content=\"[vc_row][vc_column][\/vc_column][\/vc_row][vc_row][vc_column][vc_column_text] Willkommen im Weltladen Langenzenn! [\/vc_column_text][vc_column_text css=&#8220;&#8220;]Wir freuen uns, Sie auf unserer Webseite begr\u00fc\u00dfen zu d\u00fcrfen. Wir, das ist ein kleines, aber flei\u00dfiges und fr\u00f6hliches Team, immer begeistert dabei, den fairen Handel voranzubringen.[\/vc_column_text][vc_separator css=&#8220;&#8220;][vc_empty_space][vc_column_text css=&#8220;&#8220;] Warum wir tun was wir tun &#8230; Der Weltladen Caracol \u2013 ein Fachgesch\u00e4ft des Fairen Handels Seit 40 Jahren gibt&hellip;\" \/>\n<meta property=\"og:url\" content=\"https:\/\/weltlaeden.de\/langenzenn\/\" \/>\n<meta property=\"og:site_name\" content=\"Weltladen Langenzenn\" \/>\n<meta property=\"article:modified_time\" content=\"2026-05-07T11:33:23+00:00\" \/>\n<meta property=\"og:image\" content=\"https:\/\/weltlaeden.de\/langenzenn\/wp-content\/uploads\/sites\/193\/2023\/03\/2-Laden-Gesamtansicht.jpg\" \/>\n\t<meta property=\"og:image:width\" content=\"1599\" \/>\n\t<meta property=\"og:image:height\" content=\"845\" \/>\n\t<meta property=\"og:image:type\" content=\"image\/jpeg\" \/>\n<meta name=\"twitter:card\" content=\"summary_large_image\" \/>\n<meta name=\"twitter:label1\" content=\"Gesch\u00e4tzte Lesezeit\" \/>\n\t<meta name=\"twitter:data1\" content=\"4\u00a0Minuten\" \/>\n<script type=\"application\/ld+json\" class=\"yoast-schema-graph\">{\"@context\":\"https:\/\/schema.org\",\"@graph\":[{\"@type\":\"WebPage\",\"@id\":\"https:\/\/weltlaeden.de\/langenzenn\/\",\"url\":\"https:\/\/weltlaeden.de\/langenzenn\/\",\"name\":\"Weltladen Langenzenn - Weltladen Langenzenn\",\"isPartOf\":{\"@id\":\"https:\/\/weltlaeden.de\/langenzenn\/#website\"},\"primaryImageOfPage\":{\"@id\":\"https:\/\/weltlaeden.de\/langenzenn\/#primaryimage\"},\"image\":{\"@id\":\"https:\/\/weltlaeden.de\/langenzenn\/#primaryimage\"},\"thumbnailUrl\":\"https:\/\/weltlaeden.de\/langenzenn\/wp-content\/uploads\/sites\/193\/2023\/03\/2-Laden-Gesamtansicht.jpg\",\"datePublished\":\"2016-10-14T07:05:21+00:00\",\"dateModified\":\"2026-05-07T11:33:23+00:00\",\"breadcrumb\":{\"@id\":\"https:\/\/weltlaeden.de\/langenzenn\/#breadcrumb\"},\"inLanguage\":\"de\",\"potentialAction\":[{\"@type\":\"ReadAction\",\"target\":[\"https:\/\/weltlaeden.de\/langenzenn\/\"]}]},{\"@type\":\"ImageObject\",\"inLanguage\":\"de\",\"@id\":\"https:\/\/weltlaeden.de\/langenzenn\/#primaryimage\",\"url\":\"https:\/\/weltlaeden.de\/langenzenn\/wp-content\/uploads\/sites\/193\/2023\/03\/2-Laden-Gesamtansicht.jpg\",\"contentUrl\":\"https:\/\/weltlaeden.de\/langenzenn\/wp-content\/uploads\/sites\/193\/2023\/03\/2-Laden-Gesamtansicht.jpg\",\"width\":1599,\"height\":845,\"caption\":\"Foto: Franziska Bauer\"},{\"@type\":\"BreadcrumbList\",\"@id\":\"https:\/\/weltlaeden.de\/langenzenn\/#breadcrumb\",\"itemListElement\":[{\"@type\":\"ListItem\",\"position\":1,\"name\":\"Startseite\",\"item\":\"https:\/\/weltlaeden.de\/langenzenn\/\"},{\"@type\":\"ListItem\",\"position\":2,\"name\":\"Weltladen Langenzenn\"}]},{\"@type\":\"WebSite\",\"@id\":\"https:\/\/weltlaeden.de\/langenzenn\/#website\",\"url\":\"https:\/\/weltlaeden.de\/langenzenn\/\",\"name\":\"Weltladen Langenzenn\",\"description\":\"Faire Produkte seit 1990\",\"potentialAction\":[{\"@type\":\"SearchAction\",\"target\":{\"@type\":\"EntryPoint\",\"urlTemplate\":\"https:\/\/weltlaeden.de\/langenzenn\/?s={search_term_string}\"},\"query-input\":{\"@type\":\"PropertyValueSpecification\",\"valueRequired\":true,\"valueName\":\"search_term_string\"}}],\"inLanguage\":\"de\"}]}<\/script>\n<!-- \/ Yoast SEO plugin. -->","yoast_head_json":{"title":"Weltladen Langenzenn - Weltladen Langenzenn","robots":{"index":"index","follow":"follow","max-snippet":"max-snippet:-1","max-image-preview":"max-image-preview:large","max-video-preview":"max-video-preview:-1"},"canonical":"https:\/\/weltlaeden.de\/langenzenn\/","og_locale":"de_DE","og_type":"article","og_title":"Weltladen Langenzenn - Weltladen Langenzenn","og_description":"[vc_row][vc_column][\/vc_column][\/vc_row][vc_row][vc_column][vc_column_text] Willkommen im Weltladen Langenzenn! [\/vc_column_text][vc_column_text css=&#8220;&#8220;]Wir freuen uns, Sie auf unserer Webseite begr\u00fc\u00dfen zu d\u00fcrfen. Wir, das ist ein kleines, aber flei\u00dfiges und fr\u00f6hliches Team, immer begeistert dabei, den fairen Handel voranzubringen.[\/vc_column_text][vc_separator css=&#8220;&#8220;][vc_empty_space][vc_column_text css=&#8220;&#8220;] Warum wir tun was wir tun &#8230; Der Weltladen Caracol \u2013 ein Fachgesch\u00e4ft des Fairen Handels Seit 40 Jahren gibt&hellip;","og_url":"https:\/\/weltlaeden.de\/langenzenn\/","og_site_name":"Weltladen Langenzenn","article_modified_time":"2026-05-07T11:33:23+00:00","og_image":[{"width":1599,"height":845,"url":"https:\/\/weltlaeden.de\/langenzenn\/wp-content\/uploads\/sites\/193\/2023\/03\/2-Laden-Gesamtansicht.jpg","type":"image\/jpeg"}],"twitter_card":"summary_large_image","twitter_misc":{"Gesch\u00e4tzte Lesezeit":"4\u00a0Minuten"},"schema":{"@context":"https:\/\/schema.org","@graph":[{"@type":"WebPage","@id":"https:\/\/weltlaeden.de\/langenzenn\/","url":"https:\/\/weltlaeden.de\/langenzenn\/","name":"Weltladen Langenzenn - Weltladen Langenzenn","isPartOf":{"@id":"https:\/\/weltlaeden.de\/langenzenn\/#website"},"primaryImageOfPage":{"@id":"https:\/\/weltlaeden.de\/langenzenn\/#primaryimage"},"image":{"@id":"https:\/\/weltlaeden.de\/langenzenn\/#primaryimage"},"thumbnailUrl":"https:\/\/weltlaeden.de\/langenzenn\/wp-content\/uploads\/sites\/193\/2023\/03\/2-Laden-Gesamtansicht.jpg","datePublished":"2016-10-14T07:05:21+00:00","dateModified":"2026-05-07T11:33:23+00:00","breadcrumb":{"@id":"https:\/\/weltlaeden.de\/langenzenn\/#breadcrumb"},"inLanguage":"de","potentialAction":[{"@type":"ReadAction","target":["https:\/\/weltlaeden.de\/langenzenn\/"]}]},{"@type":"ImageObject","inLanguage":"de","@id":"https:\/\/weltlaeden.de\/langenzenn\/#primaryimage","url":"https:\/\/weltlaeden.de\/langenzenn\/wp-content\/uploads\/sites\/193\/2023\/03\/2-Laden-Gesamtansicht.jpg","contentUrl":"https:\/\/weltlaeden.de\/langenzenn\/wp-content\/uploads\/sites\/193\/2023\/03\/2-Laden-Gesamtansicht.jpg","width":1599,"height":845,"caption":"Foto: Franziska Bauer"},{"@type":"BreadcrumbList","@id":"https:\/\/weltlaeden.de\/langenzenn\/#breadcrumb","itemListElement":[{"@type":"ListItem","position":1,"name":"Startseite","item":"https:\/\/weltlaeden.de\/langenzenn\/"},{"@type":"ListItem","position":2,"name":"Weltladen Langenzenn"}]},{"@type":"WebSite","@id":"https:\/\/weltlaeden.de\/langenzenn\/#website","url":"https:\/\/weltlaeden.de\/langenzenn\/","name":"Weltladen Langenzenn","description":"Faire Produkte seit 1990","potentialAction":[{"@type":"SearchAction","target":{"@type":"EntryPoint","urlTemplate":"https:\/\/weltlaeden.de\/langenzenn\/?s={search_term_string}"},"query-input":{"@type":"PropertyValueSpecification","valueRequired":true,"valueName":"search_term_string"}}],"inLanguage":"de"}]}},"_links":{"self":[{"href":"https:\/\/weltlaeden.de\/langenzenn\/wp-json\/wp\/v2\/pages\/20","targetHints":{"allow":["GET"]}}],"collection":[{"href":"https:\/\/weltlaeden.de\/langenzenn\/wp-json\/wp\/v2\/pages"}],"about":[{"href":"https:\/\/weltlaeden.de\/langenzenn\/wp-json\/wp\/v2\/types\/page"}],"author":[{"embeddable":true,"href":"https:\/\/weltlaeden.de\/langenzenn\/wp-json\/wp\/v2\/users\/1"}],"replies":[{"embeddable":true,"href":"https:\/\/weltlaeden.de\/langenzenn\/wp-json\/wp\/v2\/comments?post=20"}],"version-history":[{"count":121,"href":"https:\/\/weltlaeden.de\/langenzenn\/wp-json\/wp\/v2\/pages\/20\/revisions"}],"predecessor-version":[{"id":1111,"href":"https:\/\/weltlaeden.de\/langenzenn\/wp-json\/wp\/v2\/pages\/20\/revisions\/1111"}],"wp:featuredmedia":[{"embeddable":true,"href":"https:\/\/weltlaeden.de\/langenzenn\/wp-json\/wp\/v2\/media\/725"}],"wp:attachment":[{"href":"https:\/\/weltlaeden.de\/langenzenn\/wp-json\/wp\/v2\/media?parent=20"}],"curies":[{"name":"wp","href":"https:\/\/api.w.org\/{rel}","templated":true}]}}