{"id":736,"date":"2019-03-07T18:03:11","date_gmt":"2019-03-07T17:03:11","guid":{"rendered":"https:\/\/weltlaeden.de\/langen\/?page_id=736"},"modified":"2023-03-27T19:04:50","modified_gmt":"2023-03-27T17:04:50","slug":"verein","status":"publish","type":"page","link":"https:\/\/weltlaeden.de\/langen\/verein\/","title":{"rendered":"Verein"},"content":{"rendered":"<div class=\"wpb-content-wrapper\"><p>[vc_row][vc_column]<div class=\"wl_einzelbild\"><p><img loading=\"lazy\" decoding=\"async\" class=\"alignleft size-full wp-image-1526\" src=\"https:\/\/weltlaeden.de\/langen\/wp-content\/uploads\/sites\/50\/2021\/05\/Schaufenster_Tapetenwechsel_1200x900px_04-21-e1620152696175.jpg\" alt=\"\" width=\"1200\" height=\"600\" srcset=\"https:\/\/weltlaeden.de\/langen\/wp-content\/uploads\/sites\/50\/2021\/05\/Schaufenster_Tapetenwechsel_1200x900px_04-21-e1620152696175.jpg 1200w, https:\/\/weltlaeden.de\/langen\/wp-content\/uploads\/sites\/50\/2021\/05\/Schaufenster_Tapetenwechsel_1200x900px_04-21-e1620152696175-300x150.jpg 300w, https:\/\/weltlaeden.de\/langen\/wp-content\/uploads\/sites\/50\/2021\/05\/Schaufenster_Tapetenwechsel_1200x900px_04-21-e1620152696175-768x384.jpg 768w, https:\/\/weltlaeden.de\/langen\/wp-content\/uploads\/sites\/50\/2021\/05\/Schaufenster_Tapetenwechsel_1200x900px_04-21-e1620152696175-1024x512.jpg 1024w\" sizes=\"auto, (max-width: 1200px) 100vw, 1200px\" \/><\/p><\/div>[\/vc_column][\/vc_row][vc_row][vc_column][vc_empty_space][\/vc_column][\/vc_row][vc_row][vc_column][vc_column_text]<\/p>\n<h1>Weltladen Langen FairHandeln e.V.<\/h1>\n<p>[\/vc_column_text][\/vc_column][\/vc_row][vc_row][vc_column][vc_column_text]<\/p>\n<p style=\"text-align: justify\"><span class=\"normal\">Der Tr\u00e4gerverein\u00a0ist ein Zusammenschluss von Menschen, die sich zum Teil\u00a0schon \u00fcber lange Jahre f\u00fcr den Fairen Handel engagiert haben: in den Pfarr- und Kirchengemeinden, in den Schulen und Betrieben. Hinzu kommen neue Interessierte, F\u00f6rderer und Ladendienstleistende aus den verschiedensten gesellschaftlichen Bereichen aus Langen und den Nachbarkommunen.<\/span><\/p>\n<p style=\"text-align: justify\"><span class=\"normal\">&#8222;Das Anliegen des Vereins ist die F\u00f6rderung des V\u00f6lkerverst\u00e4ndigungsgedankens und der Toleranz auf allen Gebieten der Kultur. Der Kontakt und Austausch mit Menschen anderer V\u00f6lker und die\u00a0Unterst\u00fctzung von gemeinn\u00fctzigen, sozial-integrativen, genossenschaftlichen und \u00e4hnlichen Initiativen in Entwicklungsl\u00e4ndern&#8220;.\u00a0<\/span><\/p>\n<p style=\"text-align: justify\">Im Jahr 2003 startete der Verein und Engagierte im Ladendienst mit dem Verkauf von fair gehandelten Waren in einem kleinen Laden in der Friedrichstra\u00dfe. Mit dem Umzug 2014 in die Bahnstra\u00dfe 102 k\u00f6nnen wir an einem attraktiven Standort ein erweitertes Sortiment anbieten und notwendige Arbeiten und Treffen vor Ort erledigen.<\/p>\n<p>[\/vc_column_text][\/vc_column][\/vc_row][vc_row][vc_column][vc_empty_space][\/vc_column][\/vc_row][vc_row][vc_column]<div class=\"wl_einzelbild\"><p><\/p>\n<div id=\"attachment_967\" style=\"width: 1034px\" class=\"wp-caption aligncenter\"><img loading=\"lazy\" decoding=\"async\" aria-describedby=\"caption-attachment-967\" class=\"wp-image-967 size-large\" src=\"https:\/\/weltlaeden.de\/langen\/wp-content\/uploads\/sites\/50\/2019\/04\/Ladenschild-Entwurf.-e1557258130595-1024x310.jpg\" alt=\"\" width=\"1024\" height=\"310\" srcset=\"https:\/\/weltlaeden.de\/langen\/wp-content\/uploads\/sites\/50\/2019\/04\/Ladenschild-Entwurf.-e1557258130595-1024x310.jpg 1024w, https:\/\/weltlaeden.de\/langen\/wp-content\/uploads\/sites\/50\/2019\/04\/Ladenschild-Entwurf.-e1557258130595-300x91.jpg 300w, https:\/\/weltlaeden.de\/langen\/wp-content\/uploads\/sites\/50\/2019\/04\/Ladenschild-Entwurf.-e1557258130595-768x232.jpg 768w, https:\/\/weltlaeden.de\/langen\/wp-content\/uploads\/sites\/50\/2019\/04\/Ladenschild-Entwurf.-e1557258130595.jpg 1111w\" sizes=\"auto, (max-width: 1024px) 100vw, 1024px\" \/><p id=\"caption-attachment-967\" class=\"wp-caption-text\">Hier in der Friedrichstra\u00dfe fing alles an.<\/p><\/div>\n<p><\/p><\/div>[\/vc_column][\/vc_row][vc_row][vc_column][vc_empty_space][\/vc_column][\/vc_row][vc_row][vc_column][vc_column_text]Unser Weltladen ist ein nach den <a href=\"https:\/\/wfto.com\/\">WFTO\u00a0<\/a>Standards\u00a0<a href=\"https:\/\/www.forum-fairer-handel.de\/fileadmin\/user_upload\/dateien\/news\/positionspapier_wfto_ffh.pdf\">anerkanntes Fachgesch\u00e4ft f\u00fcr Fairen Handel<\/a>.<\/p>\n<p style=\"text-align: justify\">Wir geh\u00f6ren an<\/p>\n<ul style=\"text-align: justify;list-style-type: square\">\n<li>dem <a href=\"https:\/\/www.weltladen.de\/\">Weltladen Dachverband<\/a>, der die Zusammenarbeit der Weltl\u00e4den\u00a0in Deutschland\u00a0organisiert<\/li>\n<li><a href=\"https:\/\/weltlaeden-hessen.de\/\">Weltl\u00e4den in Hessen,<\/a> um Koordinierungen im direkten Umfeld zu treffen<\/li>\n<li>dem <a href=\"https:\/\/www.epn-hessen.de\/\">Entwicklungspolitischen Netzwerk Hessen (epn), <\/a>um \u00fcber den\u00a0Weltladen hinaus mit anderen Organisationen in\u00a0unterschiedlichen Bereichen der Entwicklungszusammenarbeit zu diskutieren.<\/li>\n<\/ul>\n<p style=\"text-align: justify\">M\u00f6chten Sie einen Teil zur Sicherung besserer Handelsbedingungen und sozialer Rechte f\u00fcr Benachteiligte im Welthandel beitragen. Unterst\u00fctzen Sie die Arbeit vor Ort, werden Sie Mitglied.<\/p>\n<p style=\"text-align: justify\">Ansprechpartner*innen sind der Vorstand des Vereins:\u00a0 Brigitte Mayerle, Gabi Rechthien, Margarete R\u00f6lz, Stefan van Roo<\/p>\n<p>Zur Satzung des Vereins gelangen Sie <a href=\"https:\/\/weltlaeden.de\/langen\/verein\/satzung\/\">hier<\/a>.[\/vc_column_text][\/vc_column][\/vc_row]<\/p>\n<\/div>","protected":false},"excerpt":{"rendered":"<p>[vc_row][vc_column][\/vc_column][\/vc_row][vc_row][vc_column][vc_empty_space][\/vc_column][\/vc_row][vc_row][vc_column][vc_column_text] Weltladen Langen FairHandeln e.V. [\/vc_column_text][\/vc_column][\/vc_row][vc_row][vc_column][vc_column_text] Der Tr\u00e4gerverein\u00a0ist ein Zusammenschluss von Menschen, die sich zum Teil\u00a0schon \u00fcber lange Jahre f\u00fcr den Fairen Handel engagiert haben: in den Pfarr- und Kirchengemeinden, in den Schulen und Betrieben. Hinzu kommen neue Interessierte, F\u00f6rderer und Ladendienstleistende aus den verschiedensten gesellschaftlichen Bereichen aus Langen und den Nachbarkommunen. &#8222;Das Anliegen des&hellip;<\/p>\n","protected":false},"author":76,"featured_media":0,"parent":0,"menu_order":9,"comment_status":"closed","ping_status":"closed","template":"","meta":{"footnotes":""},"class_list":["post-736","page","type-page","status-publish","hentry","description-off"],"yoast_head":"<!-- This site is optimized with the Yoast SEO plugin v26.8 - https:\/\/yoast.com\/product\/yoast-seo-wordpress\/ -->\n<title>Weltladen Langen FairHandeln e.V.<\/title>\n<meta name=\"robots\" content=\"index, follow, max-snippet:-1, max-image-preview:large, max-video-preview:-1\" \/>\n<link rel=\"canonical\" href=\"https:\/\/weltlaeden.de\/langen\/verein\/\" \/>\n<meta property=\"og:locale\" content=\"de_DE\" \/>\n<meta property=\"og:type\" content=\"article\" \/>\n<meta property=\"og:title\" content=\"Weltladen Langen FairHandeln e.V.\" \/>\n<meta property=\"og:description\" content=\"[vc_row][vc_column][\/vc_column][\/vc_row][vc_row][vc_column][vc_empty_space][\/vc_column][\/vc_row][vc_row][vc_column][vc_column_text] Weltladen Langen FairHandeln e.V. [\/vc_column_text][\/vc_column][\/vc_row][vc_row][vc_column][vc_column_text] Der Tr\u00e4gerverein\u00a0ist ein Zusammenschluss von Menschen, die sich zum Teil\u00a0schon \u00fcber lange Jahre f\u00fcr den Fairen Handel engagiert haben: in den Pfarr- und Kirchengemeinden, in den Schulen und Betrieben. Hinzu kommen neue Interessierte, F\u00f6rderer und Ladendienstleistende aus den verschiedensten gesellschaftlichen Bereichen aus Langen und den Nachbarkommunen. &#8222;Das Anliegen des&hellip;\" \/>\n<meta property=\"og:url\" content=\"https:\/\/weltlaeden.de\/langen\/verein\/\" \/>\n<meta property=\"og:site_name\" content=\"Weltladen Langen\" \/>\n<meta property=\"article:modified_time\" content=\"2023-03-27T17:04:50+00:00\" \/>\n<meta property=\"og:image\" content=\"https:\/\/weltlaeden.de\/langen\/wp-content\/uploads\/sites\/50\/2021\/05\/Schaufenster_Tapetenwechsel_1200x900px_04-21-e1620152696175.jpg\" \/>\n<meta name=\"twitter:card\" content=\"summary_large_image\" \/>\n<meta name=\"twitter:label1\" content=\"Gesch\u00e4tzte Lesezeit\" \/>\n\t<meta name=\"twitter:data1\" content=\"2\u00a0Minuten\" \/>\n<script type=\"application\/ld+json\" class=\"yoast-schema-graph\">{\"@context\":\"https:\/\/schema.org\",\"@graph\":[{\"@type\":\"WebPage\",\"@id\":\"https:\/\/weltlaeden.de\/langen\/verein\/\",\"url\":\"https:\/\/weltlaeden.de\/langen\/verein\/\",\"name\":\"Weltladen Langen FairHandeln e.V.\",\"isPartOf\":{\"@id\":\"https:\/\/weltlaeden.de\/langen\/#website\"},\"primaryImageOfPage\":{\"@id\":\"https:\/\/weltlaeden.de\/langen\/verein\/#primaryimage\"},\"image\":{\"@id\":\"https:\/\/weltlaeden.de\/langen\/verein\/#primaryimage\"},\"thumbnailUrl\":\"https:\/\/weltlaeden.de\/langen\/wp-content\/uploads\/sites\/50\/2021\/05\/Schaufenster_Tapetenwechsel_1200x900px_04-21-e1620152696175.jpg\",\"datePublished\":\"2019-03-07T17:03:11+00:00\",\"dateModified\":\"2023-03-27T17:04:50+00:00\",\"breadcrumb\":{\"@id\":\"https:\/\/weltlaeden.de\/langen\/verein\/#breadcrumb\"},\"inLanguage\":\"de\",\"potentialAction\":[{\"@type\":\"ReadAction\",\"target\":[\"https:\/\/weltlaeden.de\/langen\/verein\/\"]}]},{\"@type\":\"ImageObject\",\"inLanguage\":\"de\",\"@id\":\"https:\/\/weltlaeden.de\/langen\/verein\/#primaryimage\",\"url\":\"https:\/\/weltlaeden.de\/langen\/wp-content\/uploads\/sites\/50\/2021\/05\/Schaufenster_Tapetenwechsel_1200x900px_04-21-e1620152696175.jpg\",\"contentUrl\":\"https:\/\/weltlaeden.de\/langen\/wp-content\/uploads\/sites\/50\/2021\/05\/Schaufenster_Tapetenwechsel_1200x900px_04-21-e1620152696175.jpg\",\"width\":1200,\"height\":600},{\"@type\":\"BreadcrumbList\",\"@id\":\"https:\/\/weltlaeden.de\/langen\/verein\/#breadcrumb\",\"itemListElement\":[{\"@type\":\"ListItem\",\"position\":1,\"name\":\"Startseite\",\"item\":\"https:\/\/weltlaeden.de\/langen\/\"},{\"@type\":\"ListItem\",\"position\":2,\"name\":\"Verein\"}]},{\"@type\":\"WebSite\",\"@id\":\"https:\/\/weltlaeden.de\/langen\/#website\",\"url\":\"https:\/\/weltlaeden.de\/langen\/\",\"name\":\"Vorlage\",\"description\":\"Herzlich Willkommen im Weltladen Langen\",\"potentialAction\":[{\"@type\":\"SearchAction\",\"target\":{\"@type\":\"EntryPoint\",\"urlTemplate\":\"https:\/\/weltlaeden.de\/langen\/?s={search_term_string}\"},\"query-input\":{\"@type\":\"PropertyValueSpecification\",\"valueRequired\":true,\"valueName\":\"search_term_string\"}}],\"inLanguage\":\"de\"}]}<\/script>\n<!-- \/ Yoast SEO plugin. -->","yoast_head_json":{"title":"Weltladen Langen FairHandeln e.V.","robots":{"index":"index","follow":"follow","max-snippet":"max-snippet:-1","max-image-preview":"max-image-preview:large","max-video-preview":"max-video-preview:-1"},"canonical":"https:\/\/weltlaeden.de\/langen\/verein\/","og_locale":"de_DE","og_type":"article","og_title":"Weltladen Langen FairHandeln e.V.","og_description":"[vc_row][vc_column][\/vc_column][\/vc_row][vc_row][vc_column][vc_empty_space][\/vc_column][\/vc_row][vc_row][vc_column][vc_column_text] Weltladen Langen FairHandeln e.V. [\/vc_column_text][\/vc_column][\/vc_row][vc_row][vc_column][vc_column_text] Der Tr\u00e4gerverein\u00a0ist ein Zusammenschluss von Menschen, die sich zum Teil\u00a0schon \u00fcber lange Jahre f\u00fcr den Fairen Handel engagiert haben: in den Pfarr- und Kirchengemeinden, in den Schulen und Betrieben. Hinzu kommen neue Interessierte, F\u00f6rderer und Ladendienstleistende aus den verschiedensten gesellschaftlichen Bereichen aus Langen und den Nachbarkommunen. &#8222;Das Anliegen des&hellip;","og_url":"https:\/\/weltlaeden.de\/langen\/verein\/","og_site_name":"Weltladen Langen","article_modified_time":"2023-03-27T17:04:50+00:00","og_image":[{"url":"https:\/\/weltlaeden.de\/langen\/wp-content\/uploads\/sites\/50\/2021\/05\/Schaufenster_Tapetenwechsel_1200x900px_04-21-e1620152696175.jpg","type":"","width":"","height":""}],"twitter_card":"summary_large_image","twitter_misc":{"Gesch\u00e4tzte Lesezeit":"2\u00a0Minuten"},"schema":{"@context":"https:\/\/schema.org","@graph":[{"@type":"WebPage","@id":"https:\/\/weltlaeden.de\/langen\/verein\/","url":"https:\/\/weltlaeden.de\/langen\/verein\/","name":"Weltladen Langen FairHandeln e.V.","isPartOf":{"@id":"https:\/\/weltlaeden.de\/langen\/#website"},"primaryImageOfPage":{"@id":"https:\/\/weltlaeden.de\/langen\/verein\/#primaryimage"},"image":{"@id":"https:\/\/weltlaeden.de\/langen\/verein\/#primaryimage"},"thumbnailUrl":"https:\/\/weltlaeden.de\/langen\/wp-content\/uploads\/sites\/50\/2021\/05\/Schaufenster_Tapetenwechsel_1200x900px_04-21-e1620152696175.jpg","datePublished":"2019-03-07T17:03:11+00:00","dateModified":"2023-03-27T17:04:50+00:00","breadcrumb":{"@id":"https:\/\/weltlaeden.de\/langen\/verein\/#breadcrumb"},"inLanguage":"de","potentialAction":[{"@type":"ReadAction","target":["https:\/\/weltlaeden.de\/langen\/verein\/"]}]},{"@type":"ImageObject","inLanguage":"de","@id":"https:\/\/weltlaeden.de\/langen\/verein\/#primaryimage","url":"https:\/\/weltlaeden.de\/langen\/wp-content\/uploads\/sites\/50\/2021\/05\/Schaufenster_Tapetenwechsel_1200x900px_04-21-e1620152696175.jpg","contentUrl":"https:\/\/weltlaeden.de\/langen\/wp-content\/uploads\/sites\/50\/2021\/05\/Schaufenster_Tapetenwechsel_1200x900px_04-21-e1620152696175.jpg","width":1200,"height":600},{"@type":"BreadcrumbList","@id":"https:\/\/weltlaeden.de\/langen\/verein\/#breadcrumb","itemListElement":[{"@type":"ListItem","position":1,"name":"Startseite","item":"https:\/\/weltlaeden.de\/langen\/"},{"@type":"ListItem","position":2,"name":"Verein"}]},{"@type":"WebSite","@id":"https:\/\/weltlaeden.de\/langen\/#website","url":"https:\/\/weltlaeden.de\/langen\/","name":"Vorlage","description":"Herzlich Willkommen im Weltladen Langen","potentialAction":[{"@type":"SearchAction","target":{"@type":"EntryPoint","urlTemplate":"https:\/\/weltlaeden.de\/langen\/?s={search_term_string}"},"query-input":{"@type":"PropertyValueSpecification","valueRequired":true,"valueName":"search_term_string"}}],"inLanguage":"de"}]}},"_links":{"self":[{"href":"https:\/\/weltlaeden.de\/langen\/wp-json\/wp\/v2\/pages\/736","targetHints":{"allow":["GET"]}}],"collection":[{"href":"https:\/\/weltlaeden.de\/langen\/wp-json\/wp\/v2\/pages"}],"about":[{"href":"https:\/\/weltlaeden.de\/langen\/wp-json\/wp\/v2\/types\/page"}],"author":[{"embeddable":true,"href":"https:\/\/weltlaeden.de\/langen\/wp-json\/wp\/v2\/users\/76"}],"replies":[{"embeddable":true,"href":"https:\/\/weltlaeden.de\/langen\/wp-json\/wp\/v2\/comments?post=736"}],"version-history":[{"count":41,"href":"https:\/\/weltlaeden.de\/langen\/wp-json\/wp\/v2\/pages\/736\/revisions"}],"predecessor-version":[{"id":1854,"href":"https:\/\/weltlaeden.de\/langen\/wp-json\/wp\/v2\/pages\/736\/revisions\/1854"}],"wp:attachment":[{"href":"https:\/\/weltlaeden.de\/langen\/wp-json\/wp\/v2\/media?parent=736"}],"curies":[{"name":"wp","href":"https:\/\/api.w.org\/{rel}","templated":true}]}}