{"id":699,"date":"2019-03-07T12:33:47","date_gmt":"2019-03-07T11:33:47","guid":{"rendered":"https:\/\/weltlaeden.de\/langen\/?page_id=699"},"modified":"2019-09-03T14:03:48","modified_gmt":"2019-09-03T12:03:48","slug":"langener-stadtkaffee","status":"publish","type":"page","link":"https:\/\/weltlaeden.de\/langen\/produkte\/langener-stadtkaffee\/","title":{"rendered":"Langener Stadtkaffee"},"content":{"rendered":"<div class=\"wpb-content-wrapper\"><p>[vc_row][vc_column]<div class=\"wl_einzelbild\"><p><img loading=\"lazy\" decoding=\"async\" class=\"aligncenter size-full wp-image-710\" src=\"https:\/\/weltlaeden.de\/langen\/wp-content\/uploads\/sites\/50\/2019\/03\/thumb_72729_1018_1_990_345_r4_jpeg_slider_langener_stadtkaffee-e1551959768813.jpg\" alt=\"\" width=\"752\" height=\"336\" srcset=\"https:\/\/weltlaeden.de\/langen\/wp-content\/uploads\/sites\/50\/2019\/03\/thumb_72729_1018_1_990_345_r4_jpeg_slider_langener_stadtkaffee-e1551959768813.jpg 752w, https:\/\/weltlaeden.de\/langen\/wp-content\/uploads\/sites\/50\/2019\/03\/thumb_72729_1018_1_990_345_r4_jpeg_slider_langener_stadtkaffee-e1551959768813-300x134.jpg 300w\" sizes=\"auto, (max-width: 752px) 100vw, 752px\" \/><\/p><\/div>[\/vc_column][\/vc_row][vc_row][vc_column][vc_empty_space][\/vc_column][\/vc_row][vc_row][vc_column][vc_column_text]<\/p>\n<h1>Langener Stadtkaffee<\/h1>\n<p>[\/vc_column_text][\/vc_column][\/vc_row][vc_row][vc_column][vc_column_text]<\/p>\n<p class=\"gross\" style=\"text-align: justify\">Der Stadtkaffee besteht aus Arabica-Bohnen und\u00a0hat ein naturmildes Aroma. Der Rohstoff stammt aus dem Hochland von Ruvuma im S\u00fcdwesten Tansanias. Von\u00a0dort erfolgt der Direktimport nach Deutschland durch den Verein: W\u00fcrzburger Partnerkaffee, der gute Kontakte nach Tansania pflegt.<\/p>\n<p class=\"gross\" style=\"text-align: justify\">Seit 2013 ist Langen bereits als Fairtrade-Stadt ausgezeichnet.\u00a0Eine Steuerungsgruppe, in der sich Vertreter des Weltladens, der Stadtverwaltung, der Schulen und der Kirchen austauschen, arbeitet\u00a0an der Weiterentwicklung dieser Initiative.\u00a0Ihre Idee war es jetzt, durch einen eigenen Stadtkaffee, das hierzulande\u00a0beliebte Getr\u00e4nk und dessen Produktionsbedingungen ins Blickfeld zu r\u00fccken.<\/p>\n<p style=\"text-align: justify\">Das Etikett des <a href=\"https:\/\/www.langen.de\/de\/fairer-handel.html\">Langener Stadtkaffees <\/a>hat die K\u00fcnstlerin Martina Retzdorff\u00a0(Bildmitte) gestaltet in den Farben\u00a0gr\u00fcn, blau, schwarz und Gold, den Landesfarben Tansanias und der Langener Stadtkirche.<\/p>\n<p style=\"text-align: justify\">Der Kaffee ist\u00a0nat\u00fcrlich im Weltladen erh\u00e4ltlich, als P\u00e4ckchen zu 250g gemahlenen Kaffee und zu 500g Bohnen &#8211;\u00a0beliebt als Geschenk, Mitbringsel oder zum selbst genie\u00dfen.<\/p>\n<p>[\/vc_column_text][\/vc_column][\/vc_row]<\/p>\n<\/div>","protected":false},"excerpt":{"rendered":"<p>[vc_row][vc_column][\/vc_column][\/vc_row][vc_row][vc_column][vc_empty_space][\/vc_column][\/vc_row][vc_row][vc_column][vc_column_text] Langener Stadtkaffee [\/vc_column_text][\/vc_column][\/vc_row][vc_row][vc_column][vc_column_text] Der Stadtkaffee besteht aus Arabica-Bohnen und\u00a0hat ein naturmildes Aroma. Der Rohstoff stammt aus dem Hochland von Ruvuma im S\u00fcdwesten Tansanias. Von\u00a0dort erfolgt der Direktimport nach Deutschland durch den Verein: W\u00fcrzburger Partnerkaffee, der gute Kontakte nach Tansania pflegt. Seit 2013 ist Langen bereits als Fairtrade-Stadt ausgezeichnet.\u00a0Eine Steuerungsgruppe, in der sich Vertreter des&hellip;<\/p>\n","protected":false},"author":76,"featured_media":0,"parent":217,"menu_order":0,"comment_status":"closed","ping_status":"closed","template":"","meta":{"footnotes":""},"class_list":["post-699","page","type-page","status-publish","hentry","description-off"],"yoast_head":"<!-- This site is optimized with the Yoast SEO plugin v26.8 - https:\/\/yoast.com\/product\/yoast-seo-wordpress\/ -->\n<title>Langener Stadtkaffee - Weltladen Langen<\/title>\n<meta name=\"robots\" content=\"index, follow, max-snippet:-1, max-image-preview:large, max-video-preview:-1\" \/>\n<link rel=\"canonical\" href=\"https:\/\/weltlaeden.de\/langen\/produkte\/langener-stadtkaffee\/\" \/>\n<meta property=\"og:locale\" content=\"de_DE\" \/>\n<meta property=\"og:type\" content=\"article\" \/>\n<meta property=\"og:title\" content=\"Langener Stadtkaffee - Weltladen Langen\" \/>\n<meta property=\"og:description\" content=\"[vc_row][vc_column][\/vc_column][\/vc_row][vc_row][vc_column][vc_empty_space][\/vc_column][\/vc_row][vc_row][vc_column][vc_column_text] Langener Stadtkaffee [\/vc_column_text][\/vc_column][\/vc_row][vc_row][vc_column][vc_column_text] Der Stadtkaffee besteht aus Arabica-Bohnen und\u00a0hat ein naturmildes Aroma. Der Rohstoff stammt aus dem Hochland von Ruvuma im S\u00fcdwesten Tansanias. Von\u00a0dort erfolgt der Direktimport nach Deutschland durch den Verein: W\u00fcrzburger Partnerkaffee, der gute Kontakte nach Tansania pflegt. Seit 2013 ist Langen bereits als Fairtrade-Stadt ausgezeichnet.\u00a0Eine Steuerungsgruppe, in der sich Vertreter des&hellip;\" \/>\n<meta property=\"og:url\" content=\"https:\/\/weltlaeden.de\/langen\/produkte\/langener-stadtkaffee\/\" \/>\n<meta property=\"og:site_name\" content=\"Weltladen Langen\" \/>\n<meta property=\"article:modified_time\" content=\"2019-09-03T12:03:48+00:00\" \/>\n<meta property=\"og:image\" content=\"https:\/\/weltlaeden.de\/langen\/wp-content\/uploads\/sites\/50\/2019\/03\/thumb_72729_1018_1_990_345_r4_jpeg_slider_langener_stadtkaffee-e1551959768813.jpg\" \/>\n<meta name=\"twitter:card\" content=\"summary_large_image\" \/>\n<meta name=\"twitter:label1\" content=\"Gesch\u00e4tzte Lesezeit\" \/>\n\t<meta name=\"twitter:data1\" content=\"1\u00a0Minute\" \/>\n<script type=\"application\/ld+json\" class=\"yoast-schema-graph\">{\"@context\":\"https:\/\/schema.org\",\"@graph\":[{\"@type\":\"WebPage\",\"@id\":\"https:\/\/weltlaeden.de\/langen\/produkte\/langener-stadtkaffee\/\",\"url\":\"https:\/\/weltlaeden.de\/langen\/produkte\/langener-stadtkaffee\/\",\"name\":\"Langener Stadtkaffee - Weltladen Langen\",\"isPartOf\":{\"@id\":\"https:\/\/weltlaeden.de\/langen\/#website\"},\"primaryImageOfPage\":{\"@id\":\"https:\/\/weltlaeden.de\/langen\/produkte\/langener-stadtkaffee\/#primaryimage\"},\"image\":{\"@id\":\"https:\/\/weltlaeden.de\/langen\/produkte\/langener-stadtkaffee\/#primaryimage\"},\"thumbnailUrl\":\"https:\/\/weltlaeden.de\/langen\/wp-content\/uploads\/sites\/50\/2019\/03\/thumb_72729_1018_1_990_345_r4_jpeg_slider_langener_stadtkaffee-e1551959768813.jpg\",\"datePublished\":\"2019-03-07T11:33:47+00:00\",\"dateModified\":\"2019-09-03T12:03:48+00:00\",\"breadcrumb\":{\"@id\":\"https:\/\/weltlaeden.de\/langen\/produkte\/langener-stadtkaffee\/#breadcrumb\"},\"inLanguage\":\"de\",\"potentialAction\":[{\"@type\":\"ReadAction\",\"target\":[\"https:\/\/weltlaeden.de\/langen\/produkte\/langener-stadtkaffee\/\"]}]},{\"@type\":\"ImageObject\",\"inLanguage\":\"de\",\"@id\":\"https:\/\/weltlaeden.de\/langen\/produkte\/langener-stadtkaffee\/#primaryimage\",\"url\":\"https:\/\/weltlaeden.de\/langen\/wp-content\/uploads\/sites\/50\/2019\/03\/thumb_72729_1018_1_990_345_r4_jpeg_slider_langener_stadtkaffee-e1551959768813.jpg\",\"contentUrl\":\"https:\/\/weltlaeden.de\/langen\/wp-content\/uploads\/sites\/50\/2019\/03\/thumb_72729_1018_1_990_345_r4_jpeg_slider_langener_stadtkaffee-e1551959768813.jpg\",\"width\":752,\"height\":336},{\"@type\":\"BreadcrumbList\",\"@id\":\"https:\/\/weltlaeden.de\/langen\/produkte\/langener-stadtkaffee\/#breadcrumb\",\"itemListElement\":[{\"@type\":\"ListItem\",\"position\":1,\"name\":\"Startseite\",\"item\":\"https:\/\/weltlaeden.de\/langen\/\"},{\"@type\":\"ListItem\",\"position\":2,\"name\":\"Produkte\",\"item\":\"https:\/\/weltlaeden.de\/langen\/produkte\/\"},{\"@type\":\"ListItem\",\"position\":3,\"name\":\"Langener Stadtkaffee\"}]},{\"@type\":\"WebSite\",\"@id\":\"https:\/\/weltlaeden.de\/langen\/#website\",\"url\":\"https:\/\/weltlaeden.de\/langen\/\",\"name\":\"Vorlage\",\"description\":\"Herzlich Willkommen im Weltladen Langen\",\"potentialAction\":[{\"@type\":\"SearchAction\",\"target\":{\"@type\":\"EntryPoint\",\"urlTemplate\":\"https:\/\/weltlaeden.de\/langen\/?s={search_term_string}\"},\"query-input\":{\"@type\":\"PropertyValueSpecification\",\"valueRequired\":true,\"valueName\":\"search_term_string\"}}],\"inLanguage\":\"de\"}]}<\/script>\n<!-- \/ Yoast SEO plugin. -->","yoast_head_json":{"title":"Langener Stadtkaffee - Weltladen Langen","robots":{"index":"index","follow":"follow","max-snippet":"max-snippet:-1","max-image-preview":"max-image-preview:large","max-video-preview":"max-video-preview:-1"},"canonical":"https:\/\/weltlaeden.de\/langen\/produkte\/langener-stadtkaffee\/","og_locale":"de_DE","og_type":"article","og_title":"Langener Stadtkaffee - Weltladen Langen","og_description":"[vc_row][vc_column][\/vc_column][\/vc_row][vc_row][vc_column][vc_empty_space][\/vc_column][\/vc_row][vc_row][vc_column][vc_column_text] Langener Stadtkaffee [\/vc_column_text][\/vc_column][\/vc_row][vc_row][vc_column][vc_column_text] Der Stadtkaffee besteht aus Arabica-Bohnen und\u00a0hat ein naturmildes Aroma. Der Rohstoff stammt aus dem Hochland von Ruvuma im S\u00fcdwesten Tansanias. Von\u00a0dort erfolgt der Direktimport nach Deutschland durch den Verein: W\u00fcrzburger Partnerkaffee, der gute Kontakte nach Tansania pflegt. Seit 2013 ist Langen bereits als Fairtrade-Stadt ausgezeichnet.\u00a0Eine Steuerungsgruppe, in der sich Vertreter des&hellip;","og_url":"https:\/\/weltlaeden.de\/langen\/produkte\/langener-stadtkaffee\/","og_site_name":"Weltladen Langen","article_modified_time":"2019-09-03T12:03:48+00:00","og_image":[{"url":"https:\/\/weltlaeden.de\/langen\/wp-content\/uploads\/sites\/50\/2019\/03\/thumb_72729_1018_1_990_345_r4_jpeg_slider_langener_stadtkaffee-e1551959768813.jpg","type":"","width":"","height":""}],"twitter_card":"summary_large_image","twitter_misc":{"Gesch\u00e4tzte Lesezeit":"1\u00a0Minute"},"schema":{"@context":"https:\/\/schema.org","@graph":[{"@type":"WebPage","@id":"https:\/\/weltlaeden.de\/langen\/produkte\/langener-stadtkaffee\/","url":"https:\/\/weltlaeden.de\/langen\/produkte\/langener-stadtkaffee\/","name":"Langener Stadtkaffee - Weltladen Langen","isPartOf":{"@id":"https:\/\/weltlaeden.de\/langen\/#website"},"primaryImageOfPage":{"@id":"https:\/\/weltlaeden.de\/langen\/produkte\/langener-stadtkaffee\/#primaryimage"},"image":{"@id":"https:\/\/weltlaeden.de\/langen\/produkte\/langener-stadtkaffee\/#primaryimage"},"thumbnailUrl":"https:\/\/weltlaeden.de\/langen\/wp-content\/uploads\/sites\/50\/2019\/03\/thumb_72729_1018_1_990_345_r4_jpeg_slider_langener_stadtkaffee-e1551959768813.jpg","datePublished":"2019-03-07T11:33:47+00:00","dateModified":"2019-09-03T12:03:48+00:00","breadcrumb":{"@id":"https:\/\/weltlaeden.de\/langen\/produkte\/langener-stadtkaffee\/#breadcrumb"},"inLanguage":"de","potentialAction":[{"@type":"ReadAction","target":["https:\/\/weltlaeden.de\/langen\/produkte\/langener-stadtkaffee\/"]}]},{"@type":"ImageObject","inLanguage":"de","@id":"https:\/\/weltlaeden.de\/langen\/produkte\/langener-stadtkaffee\/#primaryimage","url":"https:\/\/weltlaeden.de\/langen\/wp-content\/uploads\/sites\/50\/2019\/03\/thumb_72729_1018_1_990_345_r4_jpeg_slider_langener_stadtkaffee-e1551959768813.jpg","contentUrl":"https:\/\/weltlaeden.de\/langen\/wp-content\/uploads\/sites\/50\/2019\/03\/thumb_72729_1018_1_990_345_r4_jpeg_slider_langener_stadtkaffee-e1551959768813.jpg","width":752,"height":336},{"@type":"BreadcrumbList","@id":"https:\/\/weltlaeden.de\/langen\/produkte\/langener-stadtkaffee\/#breadcrumb","itemListElement":[{"@type":"ListItem","position":1,"name":"Startseite","item":"https:\/\/weltlaeden.de\/langen\/"},{"@type":"ListItem","position":2,"name":"Produkte","item":"https:\/\/weltlaeden.de\/langen\/produkte\/"},{"@type":"ListItem","position":3,"name":"Langener Stadtkaffee"}]},{"@type":"WebSite","@id":"https:\/\/weltlaeden.de\/langen\/#website","url":"https:\/\/weltlaeden.de\/langen\/","name":"Vorlage","description":"Herzlich Willkommen im Weltladen Langen","potentialAction":[{"@type":"SearchAction","target":{"@type":"EntryPoint","urlTemplate":"https:\/\/weltlaeden.de\/langen\/?s={search_term_string}"},"query-input":{"@type":"PropertyValueSpecification","valueRequired":true,"valueName":"search_term_string"}}],"inLanguage":"de"}]}},"_links":{"self":[{"href":"https:\/\/weltlaeden.de\/langen\/wp-json\/wp\/v2\/pages\/699","targetHints":{"allow":["GET"]}}],"collection":[{"href":"https:\/\/weltlaeden.de\/langen\/wp-json\/wp\/v2\/pages"}],"about":[{"href":"https:\/\/weltlaeden.de\/langen\/wp-json\/wp\/v2\/types\/page"}],"author":[{"embeddable":true,"href":"https:\/\/weltlaeden.de\/langen\/wp-json\/wp\/v2\/users\/76"}],"replies":[{"embeddable":true,"href":"https:\/\/weltlaeden.de\/langen\/wp-json\/wp\/v2\/comments?post=699"}],"version-history":[{"count":13,"href":"https:\/\/weltlaeden.de\/langen\/wp-json\/wp\/v2\/pages\/699\/revisions"}],"predecessor-version":[{"id":1089,"href":"https:\/\/weltlaeden.de\/langen\/wp-json\/wp\/v2\/pages\/699\/revisions\/1089"}],"up":[{"embeddable":true,"href":"https:\/\/weltlaeden.de\/langen\/wp-json\/wp\/v2\/pages\/217"}],"wp:attachment":[{"href":"https:\/\/weltlaeden.de\/langen\/wp-json\/wp\/v2\/media?parent=699"}],"curies":[{"name":"wp","href":"https:\/\/api.w.org\/{rel}","templated":true}]}}