{"id":361,"date":"2018-04-05T09:52:53","date_gmt":"2018-04-05T07:52:53","guid":{"rendered":"https:\/\/weltlaeden.de\/langen\/?page_id=361"},"modified":"2023-11-09T20:29:08","modified_gmt":"2023-11-09T19:29:08","slug":"lobolmo-gewuerze-rezepte","status":"publish","type":"page","link":"https:\/\/weltlaeden.de\/langen\/lobolmo-gewuerze-rezepte\/","title":{"rendered":"Rezepte &#8222;Gesund und fair w\u00fcrzen&#8220;"},"content":{"rendered":"<div class=\"wpb-content-wrapper\"><p>[vc_row][vc_column]<div class=\"wl_einzelbild\"><p>\u00a0<\/p><\/div>[\/vc_column][\/vc_row][vc_row][vc_column][vc_column_text]<\/p>\n<h1>Rezepte &#8222;Gesund und fair w\u00fcrzen&#8220;<\/h1>\n<p>[\/vc_column_text][\/vc_column][\/vc_row][vc_row][vc_column][vc_empty_space][\/vc_column][\/vc_row][vc_row][vc_column][vc_tta_tabs][vc_tta_section title=&#8220;Indischer Linsenaufstrich&#8220; tab_id=&#8220;1699554900760-aa7d4d66-2679&#8243;]<div class=\"wl_einzelbild\"><p><img loading=\"lazy\" decoding=\"async\" class=\"aligncenter wp-image-1987 size-large\" src=\"https:\/\/weltlaeden.de\/langen\/wp-content\/uploads\/sites\/50\/2023\/11\/Linsenaufstrich-1017x1024.jpg\" alt=\"\" width=\"1017\" height=\"1024\" srcset=\"https:\/\/weltlaeden.de\/langen\/wp-content\/uploads\/sites\/50\/2023\/11\/Linsenaufstrich-1017x1024.jpg 1017w, https:\/\/weltlaeden.de\/langen\/wp-content\/uploads\/sites\/50\/2023\/11\/Linsenaufstrich-298x300.jpg 298w, https:\/\/weltlaeden.de\/langen\/wp-content\/uploads\/sites\/50\/2023\/11\/Linsenaufstrich-150x150.jpg 150w, https:\/\/weltlaeden.de\/langen\/wp-content\/uploads\/sites\/50\/2023\/11\/Linsenaufstrich-768x773.jpg 768w, https:\/\/weltlaeden.de\/langen\/wp-content\/uploads\/sites\/50\/2023\/11\/Linsenaufstrich-1525x1536.jpg 1525w, https:\/\/weltlaeden.de\/langen\/wp-content\/uploads\/sites\/50\/2023\/11\/Linsenaufstrich-scaled.jpg 2034w\" sizes=\"auto, (max-width: 1017px) 100vw, 1017px\" \/><\/p><\/div>[\/vc_tta_section][vc_tta_section title=&#8220;Pfefferbutter&#8220; tab_id=&#8220;1699554900765-359916df-42e7&#8243;]<div class=\"wl_einzelbild\"><p><img loading=\"lazy\" decoding=\"async\" class=\"aligncenter wp-image-1986 size-large\" src=\"https:\/\/weltlaeden.de\/langen\/wp-content\/uploads\/sites\/50\/2023\/11\/Pfefferbutter-896x1024.jpg\" alt=\"\" width=\"896\" height=\"1024\" srcset=\"https:\/\/weltlaeden.de\/langen\/wp-content\/uploads\/sites\/50\/2023\/11\/Pfefferbutter-896x1024.jpg 896w, https:\/\/weltlaeden.de\/langen\/wp-content\/uploads\/sites\/50\/2023\/11\/Pfefferbutter-263x300.jpg 263w, https:\/\/weltlaeden.de\/langen\/wp-content\/uploads\/sites\/50\/2023\/11\/Pfefferbutter-768x877.jpg 768w, https:\/\/weltlaeden.de\/langen\/wp-content\/uploads\/sites\/50\/2023\/11\/Pfefferbutter-1344x1536.jpg 1344w, https:\/\/weltlaeden.de\/langen\/wp-content\/uploads\/sites\/50\/2023\/11\/Pfefferbutter-scaled.jpg 1793w\" sizes=\"auto, (max-width: 896px) 100vw, 896px\" \/><\/p><\/div>[\/vc_tta_section][vc_tta_section title=&#8220;Rotkohl-Quiche&#8220; tab_id=&#8220;1699555056312-51421d56-54f4&#8243;]<div class=\"wl_einzelbild\"><p><img loading=\"lazy\" decoding=\"async\" class=\"aligncenter wp-image-1984 size-large\" src=\"https:\/\/weltlaeden.de\/langen\/wp-content\/uploads\/sites\/50\/2023\/11\/Rotkohl-Quiche-711x1024.jpg\" alt=\"\" width=\"711\" height=\"1024\" srcset=\"https:\/\/weltlaeden.de\/langen\/wp-content\/uploads\/sites\/50\/2023\/11\/Rotkohl-Quiche-711x1024.jpg 711w, https:\/\/weltlaeden.de\/langen\/wp-content\/uploads\/sites\/50\/2023\/11\/Rotkohl-Quiche-208x300.jpg 208w, https:\/\/weltlaeden.de\/langen\/wp-content\/uploads\/sites\/50\/2023\/11\/Rotkohl-Quiche-768x1106.jpg 768w, https:\/\/weltlaeden.de\/langen\/wp-content\/uploads\/sites\/50\/2023\/11\/Rotkohl-Quiche-1066x1536.jpg 1066w, https:\/\/weltlaeden.de\/langen\/wp-content\/uploads\/sites\/50\/2023\/11\/Rotkohl-Quiche-scaled.jpg 1422w\" sizes=\"auto, (max-width: 711px) 100vw, 711px\" \/><\/p><\/div>[\/vc_tta_section][vc_tta_section title=&#8220;Zimtschnecken&#8220; tab_id=&#8220;1699555090864-5dfbe2fd-18c1&#8243;]<div class=\"wl_einzelbild\"><p><img loading=\"lazy\" decoding=\"async\" class=\"aligncenter wp-image-1983 size-large\" src=\"https:\/\/weltlaeden.de\/langen\/wp-content\/uploads\/sites\/50\/2023\/11\/Zimtschnecken-748x1024.jpg\" alt=\"\" width=\"748\" height=\"1024\" srcset=\"https:\/\/weltlaeden.de\/langen\/wp-content\/uploads\/sites\/50\/2023\/11\/Zimtschnecken-748x1024.jpg 748w, https:\/\/weltlaeden.de\/langen\/wp-content\/uploads\/sites\/50\/2023\/11\/Zimtschnecken-219x300.jpg 219w, https:\/\/weltlaeden.de\/langen\/wp-content\/uploads\/sites\/50\/2023\/11\/Zimtschnecken-768x1052.jpg 768w, https:\/\/weltlaeden.de\/langen\/wp-content\/uploads\/sites\/50\/2023\/11\/Zimtschnecken-1121x1536.jpg 1121w, https:\/\/weltlaeden.de\/langen\/wp-content\/uploads\/sites\/50\/2023\/11\/Zimtschnecken-scaled.jpg 1495w\" sizes=\"auto, (max-width: 748px) 100vw, 748px\" \/><\/p><\/div>[\/vc_tta_section][vc_tta_section title=&#8220;Energiekekse&#8220; tab_id=&#8220;1699555109336-3f64676c-c553&#8243;]<div class=\"wl_einzelbild\"><p><img loading=\"lazy\" decoding=\"async\" class=\"aligncenter wp-image-1985 size-large\" src=\"https:\/\/weltlaeden.de\/langen\/wp-content\/uploads\/sites\/50\/2023\/11\/Energiekekse-799x1024.jpg\" alt=\"\" width=\"799\" height=\"1024\" srcset=\"https:\/\/weltlaeden.de\/langen\/wp-content\/uploads\/sites\/50\/2023\/11\/Energiekekse-799x1024.jpg 799w, https:\/\/weltlaeden.de\/langen\/wp-content\/uploads\/sites\/50\/2023\/11\/Energiekekse-234x300.jpg 234w, https:\/\/weltlaeden.de\/langen\/wp-content\/uploads\/sites\/50\/2023\/11\/Energiekekse-768x985.jpg 768w, https:\/\/weltlaeden.de\/langen\/wp-content\/uploads\/sites\/50\/2023\/11\/Energiekekse-1198x1536.jpg 1198w, https:\/\/weltlaeden.de\/langen\/wp-content\/uploads\/sites\/50\/2023\/11\/Energiekekse-scaled.jpg 1597w\" sizes=\"auto, (max-width: 799px) 100vw, 799px\" \/><\/p><\/div>[vc_empty_space height=&#8220;16px&#8220;][vc_column_text]Anmerkung des Weltladen Langen:<\/p>\n<p>Unserer Erfahrung nach sind die im Rezept angegebenen Mengen f\u00fcr die Gew\u00fcrze recht hoch. Um sich an das tolle Geschmackserlebnis heranzutasten, empfehlen wir, zun\u00e4chst eine Portion Kekse mit jeweils der halben Gew\u00fcrzmenge zu backen. Eine Erh\u00f6hung der Zuckermenge auf 200g empfanden wir als sehr lecker.[\/vc_column_text][\/vc_tta_section][\/vc_tta_tabs][\/vc_column][\/vc_row][vc_row][vc_column][vc_empty_space][\/vc_column][\/vc_row][vc_row][vc_column][vc_column_text]Alle Rezepte stammen von <a href=\"http:\/\/www.lobolmo.de\">lobOlmo<\/a>[\/vc_column_text][\/vc_column][\/vc_row]<\/p>\n<\/div>","protected":false},"excerpt":{"rendered":"<p>[vc_row][vc_column][\/vc_column][\/vc_row][vc_row][vc_column][vc_column_text] Rezepte &#8222;Gesund und fair w\u00fcrzen&#8220; [\/vc_column_text][\/vc_column][\/vc_row][vc_row][vc_column][vc_empty_space][\/vc_column][\/vc_row][vc_row][vc_column][vc_tta_tabs][vc_tta_section title=&#8220;Indischer Linsenaufstrich&#8220; tab_id=&#8220;1699554900760-aa7d4d66-2679&#8243;][\/vc_tta_section][vc_tta_section title=&#8220;Pfefferbutter&#8220; tab_id=&#8220;1699554900765-359916df-42e7&#8243;][\/vc_tta_section][vc_tta_section title=&#8220;Rotkohl-Quiche&#8220; tab_id=&#8220;1699555056312-51421d56-54f4&#8243;][\/vc_tta_section][vc_tta_section title=&#8220;Zimtschnecken&#8220; tab_id=&#8220;1699555090864-5dfbe2fd-18c1&#8243;][\/vc_tta_section][vc_tta_section title=&#8220;Energiekekse&#8220; tab_id=&#8220;1699555109336-3f64676c-c553&#8243;][vc_empty_space height=&#8220;16px&#8220;][vc_column_text]Anmerkung des Weltladen Langen: Unserer Erfahrung nach sind die im Rezept angegebenen Mengen f\u00fcr die Gew\u00fcrze recht hoch. Um sich an das tolle Geschmackserlebnis heranzutasten, empfehlen wir, zun\u00e4chst eine Portion Kekse mit jeweils der halben Gew\u00fcrzmenge zu&hellip;<\/p>\n","protected":false},"author":1,"featured_media":0,"parent":0,"menu_order":4,"comment_status":"closed","ping_status":"closed","template":"","meta":{"footnotes":""},"class_list":["post-361","page","type-page","status-publish","hentry","description-off"],"yoast_head":"<!-- This site is optimized with the Yoast SEO plugin v26.8 - https:\/\/yoast.com\/product\/yoast-seo-wordpress\/ -->\n<title>Rezepte &quot;Gesund und fair w\u00fcrzen&quot; - Weltladen Langen<\/title>\n<meta name=\"robots\" content=\"index, follow, max-snippet:-1, max-image-preview:large, max-video-preview:-1\" \/>\n<link rel=\"canonical\" href=\"https:\/\/weltlaeden.de\/langen\/lobolmo-gewuerze-rezepte\/\" \/>\n<meta property=\"og:locale\" content=\"de_DE\" \/>\n<meta property=\"og:type\" content=\"article\" \/>\n<meta property=\"og:title\" content=\"Rezepte &quot;Gesund und fair w\u00fcrzen&quot; - Weltladen Langen\" \/>\n<meta property=\"og:description\" content=\"[vc_row][vc_column][\/vc_column][\/vc_row][vc_row][vc_column][vc_column_text] Rezepte &#8222;Gesund und fair w\u00fcrzen&#8220; [\/vc_column_text][\/vc_column][\/vc_row][vc_row][vc_column][vc_empty_space][\/vc_column][\/vc_row][vc_row][vc_column][vc_tta_tabs][vc_tta_section title=&#8220;Indischer Linsenaufstrich&#8220; tab_id=&#8220;1699554900760-aa7d4d66-2679&#8243;][\/vc_tta_section][vc_tta_section title=&#8220;Pfefferbutter&#8220; tab_id=&#8220;1699554900765-359916df-42e7&#8243;][\/vc_tta_section][vc_tta_section title=&#8220;Rotkohl-Quiche&#8220; tab_id=&#8220;1699555056312-51421d56-54f4&#8243;][\/vc_tta_section][vc_tta_section title=&#8220;Zimtschnecken&#8220; tab_id=&#8220;1699555090864-5dfbe2fd-18c1&#8243;][\/vc_tta_section][vc_tta_section title=&#8220;Energiekekse&#8220; tab_id=&#8220;1699555109336-3f64676c-c553&#8243;][vc_empty_space height=&#8220;16px&#8220;][vc_column_text]Anmerkung des Weltladen Langen: Unserer Erfahrung nach sind die im Rezept angegebenen Mengen f\u00fcr die Gew\u00fcrze recht hoch. Um sich an das tolle Geschmackserlebnis heranzutasten, empfehlen wir, zun\u00e4chst eine Portion Kekse mit jeweils der halben Gew\u00fcrzmenge zu&hellip;\" \/>\n<meta property=\"og:url\" content=\"https:\/\/weltlaeden.de\/langen\/lobolmo-gewuerze-rezepte\/\" \/>\n<meta property=\"og:site_name\" content=\"Weltladen Langen\" \/>\n<meta property=\"article:modified_time\" content=\"2023-11-09T19:29:08+00:00\" \/>\n<meta property=\"og:image\" content=\"https:\/\/weltlaeden.de\/langen\/wp-content\/uploads\/sites\/50\/2023\/11\/Linsenaufstrich-1017x1024.jpg\" \/>\n<meta name=\"twitter:card\" content=\"summary_large_image\" \/>\n<meta name=\"twitter:label1\" content=\"Gesch\u00e4tzte Lesezeit\" \/>\n\t<meta name=\"twitter:data1\" content=\"2\u00a0Minuten\" \/>\n<script type=\"application\/ld+json\" class=\"yoast-schema-graph\">{\"@context\":\"https:\/\/schema.org\",\"@graph\":[{\"@type\":\"WebPage\",\"@id\":\"https:\/\/weltlaeden.de\/langen\/lobolmo-gewuerze-rezepte\/\",\"url\":\"https:\/\/weltlaeden.de\/langen\/lobolmo-gewuerze-rezepte\/\",\"name\":\"Rezepte \\\"Gesund und fair w\u00fcrzen\\\" - Weltladen Langen\",\"isPartOf\":{\"@id\":\"https:\/\/weltlaeden.de\/langen\/#website\"},\"primaryImageOfPage\":{\"@id\":\"https:\/\/weltlaeden.de\/langen\/lobolmo-gewuerze-rezepte\/#primaryimage\"},\"image\":{\"@id\":\"https:\/\/weltlaeden.de\/langen\/lobolmo-gewuerze-rezepte\/#primaryimage\"},\"thumbnailUrl\":\"https:\/\/weltlaeden.de\/langen\/wp-content\/uploads\/sites\/50\/2023\/11\/Linsenaufstrich-1017x1024.jpg\",\"datePublished\":\"2018-04-05T07:52:53+00:00\",\"dateModified\":\"2023-11-09T19:29:08+00:00\",\"breadcrumb\":{\"@id\":\"https:\/\/weltlaeden.de\/langen\/lobolmo-gewuerze-rezepte\/#breadcrumb\"},\"inLanguage\":\"de\",\"potentialAction\":[{\"@type\":\"ReadAction\",\"target\":[\"https:\/\/weltlaeden.de\/langen\/lobolmo-gewuerze-rezepte\/\"]}]},{\"@type\":\"ImageObject\",\"inLanguage\":\"de\",\"@id\":\"https:\/\/weltlaeden.de\/langen\/lobolmo-gewuerze-rezepte\/#primaryimage\",\"url\":\"https:\/\/weltlaeden.de\/langen\/wp-content\/uploads\/sites\/50\/2023\/11\/Linsenaufstrich.jpg\",\"contentUrl\":\"https:\/\/weltlaeden.de\/langen\/wp-content\/uploads\/sites\/50\/2023\/11\/Linsenaufstrich.jpg\",\"width\":2034,\"height\":2048},{\"@type\":\"BreadcrumbList\",\"@id\":\"https:\/\/weltlaeden.de\/langen\/lobolmo-gewuerze-rezepte\/#breadcrumb\",\"itemListElement\":[{\"@type\":\"ListItem\",\"position\":1,\"name\":\"Startseite\",\"item\":\"https:\/\/weltlaeden.de\/langen\/\"},{\"@type\":\"ListItem\",\"position\":2,\"name\":\"Rezepte &#8222;Gesund und fair w\u00fcrzen&#8220;\"}]},{\"@type\":\"WebSite\",\"@id\":\"https:\/\/weltlaeden.de\/langen\/#website\",\"url\":\"https:\/\/weltlaeden.de\/langen\/\",\"name\":\"Vorlage\",\"description\":\"Herzlich Willkommen im Weltladen Langen\",\"potentialAction\":[{\"@type\":\"SearchAction\",\"target\":{\"@type\":\"EntryPoint\",\"urlTemplate\":\"https:\/\/weltlaeden.de\/langen\/?s={search_term_string}\"},\"query-input\":{\"@type\":\"PropertyValueSpecification\",\"valueRequired\":true,\"valueName\":\"search_term_string\"}}],\"inLanguage\":\"de\"}]}<\/script>\n<!-- \/ Yoast SEO plugin. -->","yoast_head_json":{"title":"Rezepte \"Gesund und fair w\u00fcrzen\" - Weltladen Langen","robots":{"index":"index","follow":"follow","max-snippet":"max-snippet:-1","max-image-preview":"max-image-preview:large","max-video-preview":"max-video-preview:-1"},"canonical":"https:\/\/weltlaeden.de\/langen\/lobolmo-gewuerze-rezepte\/","og_locale":"de_DE","og_type":"article","og_title":"Rezepte \"Gesund und fair w\u00fcrzen\" - Weltladen Langen","og_description":"[vc_row][vc_column][\/vc_column][\/vc_row][vc_row][vc_column][vc_column_text] Rezepte &#8222;Gesund und fair w\u00fcrzen&#8220; [\/vc_column_text][\/vc_column][\/vc_row][vc_row][vc_column][vc_empty_space][\/vc_column][\/vc_row][vc_row][vc_column][vc_tta_tabs][vc_tta_section title=&#8220;Indischer Linsenaufstrich&#8220; tab_id=&#8220;1699554900760-aa7d4d66-2679&#8243;][\/vc_tta_section][vc_tta_section title=&#8220;Pfefferbutter&#8220; tab_id=&#8220;1699554900765-359916df-42e7&#8243;][\/vc_tta_section][vc_tta_section title=&#8220;Rotkohl-Quiche&#8220; tab_id=&#8220;1699555056312-51421d56-54f4&#8243;][\/vc_tta_section][vc_tta_section title=&#8220;Zimtschnecken&#8220; tab_id=&#8220;1699555090864-5dfbe2fd-18c1&#8243;][\/vc_tta_section][vc_tta_section title=&#8220;Energiekekse&#8220; tab_id=&#8220;1699555109336-3f64676c-c553&#8243;][vc_empty_space height=&#8220;16px&#8220;][vc_column_text]Anmerkung des Weltladen Langen: Unserer Erfahrung nach sind die im Rezept angegebenen Mengen f\u00fcr die Gew\u00fcrze recht hoch. Um sich an das tolle Geschmackserlebnis heranzutasten, empfehlen wir, zun\u00e4chst eine Portion Kekse mit jeweils der halben Gew\u00fcrzmenge zu&hellip;","og_url":"https:\/\/weltlaeden.de\/langen\/lobolmo-gewuerze-rezepte\/","og_site_name":"Weltladen Langen","article_modified_time":"2023-11-09T19:29:08+00:00","og_image":[{"url":"https:\/\/weltlaeden.de\/langen\/wp-content\/uploads\/sites\/50\/2023\/11\/Linsenaufstrich-1017x1024.jpg","type":"","width":"","height":""}],"twitter_card":"summary_large_image","twitter_misc":{"Gesch\u00e4tzte Lesezeit":"2\u00a0Minuten"},"schema":{"@context":"https:\/\/schema.org","@graph":[{"@type":"WebPage","@id":"https:\/\/weltlaeden.de\/langen\/lobolmo-gewuerze-rezepte\/","url":"https:\/\/weltlaeden.de\/langen\/lobolmo-gewuerze-rezepte\/","name":"Rezepte \"Gesund und fair w\u00fcrzen\" - Weltladen Langen","isPartOf":{"@id":"https:\/\/weltlaeden.de\/langen\/#website"},"primaryImageOfPage":{"@id":"https:\/\/weltlaeden.de\/langen\/lobolmo-gewuerze-rezepte\/#primaryimage"},"image":{"@id":"https:\/\/weltlaeden.de\/langen\/lobolmo-gewuerze-rezepte\/#primaryimage"},"thumbnailUrl":"https:\/\/weltlaeden.de\/langen\/wp-content\/uploads\/sites\/50\/2023\/11\/Linsenaufstrich-1017x1024.jpg","datePublished":"2018-04-05T07:52:53+00:00","dateModified":"2023-11-09T19:29:08+00:00","breadcrumb":{"@id":"https:\/\/weltlaeden.de\/langen\/lobolmo-gewuerze-rezepte\/#breadcrumb"},"inLanguage":"de","potentialAction":[{"@type":"ReadAction","target":["https:\/\/weltlaeden.de\/langen\/lobolmo-gewuerze-rezepte\/"]}]},{"@type":"ImageObject","inLanguage":"de","@id":"https:\/\/weltlaeden.de\/langen\/lobolmo-gewuerze-rezepte\/#primaryimage","url":"https:\/\/weltlaeden.de\/langen\/wp-content\/uploads\/sites\/50\/2023\/11\/Linsenaufstrich.jpg","contentUrl":"https:\/\/weltlaeden.de\/langen\/wp-content\/uploads\/sites\/50\/2023\/11\/Linsenaufstrich.jpg","width":2034,"height":2048},{"@type":"BreadcrumbList","@id":"https:\/\/weltlaeden.de\/langen\/lobolmo-gewuerze-rezepte\/#breadcrumb","itemListElement":[{"@type":"ListItem","position":1,"name":"Startseite","item":"https:\/\/weltlaeden.de\/langen\/"},{"@type":"ListItem","position":2,"name":"Rezepte &#8222;Gesund und fair w\u00fcrzen&#8220;"}]},{"@type":"WebSite","@id":"https:\/\/weltlaeden.de\/langen\/#website","url":"https:\/\/weltlaeden.de\/langen\/","name":"Vorlage","description":"Herzlich Willkommen im Weltladen Langen","potentialAction":[{"@type":"SearchAction","target":{"@type":"EntryPoint","urlTemplate":"https:\/\/weltlaeden.de\/langen\/?s={search_term_string}"},"query-input":{"@type":"PropertyValueSpecification","valueRequired":true,"valueName":"search_term_string"}}],"inLanguage":"de"}]}},"_links":{"self":[{"href":"https:\/\/weltlaeden.de\/langen\/wp-json\/wp\/v2\/pages\/361","targetHints":{"allow":["GET"]}}],"collection":[{"href":"https:\/\/weltlaeden.de\/langen\/wp-json\/wp\/v2\/pages"}],"about":[{"href":"https:\/\/weltlaeden.de\/langen\/wp-json\/wp\/v2\/types\/page"}],"author":[{"embeddable":true,"href":"https:\/\/weltlaeden.de\/langen\/wp-json\/wp\/v2\/users\/1"}],"replies":[{"embeddable":true,"href":"https:\/\/weltlaeden.de\/langen\/wp-json\/wp\/v2\/comments?post=361"}],"version-history":[{"count":10,"href":"https:\/\/weltlaeden.de\/langen\/wp-json\/wp\/v2\/pages\/361\/revisions"}],"predecessor-version":[{"id":1991,"href":"https:\/\/weltlaeden.de\/langen\/wp-json\/wp\/v2\/pages\/361\/revisions\/1991"}],"wp:attachment":[{"href":"https:\/\/weltlaeden.de\/langen\/wp-json\/wp\/v2\/media?parent=361"}],"curies":[{"name":"wp","href":"https:\/\/api.w.org\/{rel}","templated":true}]}}