{"id":253,"date":"2016-11-10T13:50:06","date_gmt":"2016-11-10T12:50:06","guid":{"rendered":"https:\/\/wl.heimpixel.de\/vorlage\/?page_id=253"},"modified":"2024-06-29T17:57:24","modified_gmt":"2024-06-29T15:57:24","slug":"impressum","status":"publish","type":"page","link":"https:\/\/weltlaeden.de\/langen\/impressum\/","title":{"rendered":"Impressum"},"content":{"rendered":"<div class=\"wpb-content-wrapper\"><p>[vc_row][vc_column][vc_column_text]<\/p>\n<h1>Impressum<\/h1>\n<p>Weltladen Langen <br \/>\nBahnstra\u00dfe 102<br \/>\n63225 Langen<\/p>\n<p>&nbsp;<\/p>\n<h2>Vertreten durch:<\/h2>\nWeltladen Langen FairHandeln e.V. \/ Vorstand: Brigitte Mayerle; Gabi Rechthien; Margarete R\u00f6lz; Stefan van Roo   \n<p>&nbsp;<\/p>\n<h2>Kontakt:<\/h2>\n<p>WeltladenLangen@gmx.de<br \/>\nTel: 06103 8021238<br \/>\r\n<\/p>\n<p>&nbsp;<\/p>\n<h2>Umsatzsteuer-ID:<\/h2>\n<p>Umsatzsteuer-Identifikationsnummer gem\u00e4\u00df \u00a727 a Umsatzsteuergesetz:<br \/>\n02825054619-KO1<\/p>\n<p>&nbsp;<\/p>\n<h2>Aufsichtsbeh\u00f6rde:<\/h2>\nRegistergericht Offenbach\n<p>&nbsp;<\/p>\n<p>&nbsp;<\/p>\n<h1>Haftungsausschluss (Disclaimer)<\/h1>\n<p><strong>Haftung f\u00fcr Inhalte<\/strong><\/p>\n<p>Als Diensteanbieter sind wir f\u00fcr eigene Inhalte auf diesen Seiten nach den allgemeinen Gesetzen verantwortlich. Wir sind  als Diensteanbieter jedoch nicht verpflichtet, \u00fcbermittelte oder gespeicherte fremde Informationen zu \u00fcberwachen oder nach Umst\u00e4nden zu forschen, die auf eine rechtswidrige T\u00e4tigkeit hinweisen.<\/p>\n<p>Verpflichtungen zur Entfernung oder Sperrung der Nutzung von Informationen nach den allgemeinen Gesetzen bleiben hiervon unber\u00fchrt. Eine diesbez\u00fcgliche Haftung ist jedoch erst ab dem Zeitpunkt der Kenntnis einer konkreten Rechtsverletzung m\u00f6glich. Bei Bekanntwerden von entsprechenden Rechtsverletzungen werden wir diese Inhalte umgehend entfernen.<\/p>\n<p><strong>Haftung f\u00fcr Links<\/strong><\/p>\n<p>Unser Angebot enth\u00e4lt Links zu externen Webseiten Dritter, auf deren Inhalte wir keinen Einfluss haben. Deshalb k\u00f6nnen wir f\u00fcr diese fremden Inhalte auch keine Gew\u00e4hr \u00fcbernehmen. F\u00fcr die Inhalte der verlinkten Seiten ist stets der jeweilige Anbieter oder Betreiber der Seiten verantwortlich. Die verlinkten Seiten wurden zum Zeitpunkt der Verlinkung auf m\u00f6gliche Rechtsverst\u00f6\u00dfe \u00fcberpr\u00fcft. Rechtswidrige Inhalte waren zum Zeitpunkt der Verlinkung nicht erkennbar.<\/p>\n<p>Eine permanente inhaltliche Kontrolle der verlinkten Seiten ist jedoch ohne konkrete Anhaltspunkte einer Rechtsverletzung nicht zumutbar. Bei Bekanntwerden von Rechtsverletzungen werden wir derartige Links umgehend entfernen.<\/p>\n<p><strong>Urheberrecht<\/strong><\/p>\n<p>Die durch die Seitenbetreiber erstellten Inhalte und Werke auf diesen Seiten unterliegen dem deutschen Urheberrecht. Die Vervielf\u00e4ltigung, Bearbeitung, Verbreitung und jede Art der Verwertung au\u00dferhalb der Grenzen des Urheberrechtes bed\u00fcrfen der schriftlichen Zustimmung des jeweiligen Autors bzw. Erstellers. Downloads und Kopien dieser Seite sind nur f\u00fcr den privaten, nicht kommerziellen Gebrauch gestattet.<\/p>\n<p>Soweit die Inhalte auf dieser Seite nicht vom Betreiber erstellt wurden, werden die Urheberrechte Dritter beachtet. Insbesondere werden Inhalte Dritter als solche gekennzeichnet. Sollten Sie trotzdem auf eine Urheberrechtsverletzung aufmerksam werden, bitten wir um einen entsprechenden Hinweis. Bei Bekanntwerden von Rechtsverletzungen werden wir derartige Inhalte umgehend entfernen.<\/p>\n<p>&nbsp;<\/p>\n<h1>Bildnachweise<\/h1>\n<p><strong>Folgende Bilder werden auf dieser Website verwendet:<br \/>\n<\/strong><em>(Aufz\u00e4hlung von links oben nach rechts unten)<\/em><\/p>\n<p>Startseite: Weltladen Dachverband; WL Langen<\/p>\n<p>Seite <em>Produkte<\/em>: 3x WL Langen; Jodi Routh\/WL Langen;<\/p>\n<p>Unterseite <em>Langener Kaffee<\/em>: Sabine Dexheimer\/Stadt Langen<\/p>\n<p>Seite <em>Fairer Handel<\/em>: Weltladen Dachverband; Forum Fairer Handel<\/p>\n<p>Seite <em>Informationen<\/em>: WL Langen 2x<\/p>\n<p>Unterseite <em>Taller Fatima<\/em>: Escuela Taller Fatima; <em>Fairtrade Town<\/em>: WL Langen; <i>Tr\u00e4germ\u00e4dchen: Steyler Missionsschwestern<\/i><\/p>\n<p>Seite <em>Denk mal!<\/em>: 3x WL Langen<\/p>\n<p>Unterseite <em>Historie<\/em>: WL Langen<\/p>\n<p>Seite <em>\u00dcber uns<\/em>: Olaf Hermann Fotografie\/Langen; WL Langen<\/p>\n<p>Unterseite<em> Verein<\/em>: 2x WL Langen<\/p>\n<p>Seite <em>Termine<\/em>: Jodi Routh\/WL Langen<\/p>\n<p>Slider: 3<em>x\u00a0<\/em>WL Langen<\/p>\n<\/div>","protected":false},"excerpt":{"rendered":"<p>[vc_row][vc_column][vc_column_text] Impressum &nbsp; Vertreten durch: &nbsp; Kontakt: &nbsp; Umsatzsteuer-ID: Umsatzsteuer-Identifikationsnummer gem\u00e4\u00df \u00a727 a Umsatzsteuergesetz: &nbsp; Aufsichtsbeh\u00f6rde: &nbsp; &nbsp; Haftungsausschluss (Disclaimer) Haftung f\u00fcr Inhalte Als Diensteanbieter sind wir f\u00fcr eigene Inhalte auf diesen Seiten nach den allgemeinen Gesetzen verantwortlich. Wir sind als Diensteanbieter jedoch nicht verpflichtet, \u00fcbermittelte oder gespeicherte fremde Informationen zu \u00fcberwachen oder nach Umst\u00e4nden&hellip;<\/p>\n","protected":false},"author":1,"featured_media":0,"parent":0,"menu_order":10,"comment_status":"closed","ping_status":"closed","template":"","meta":{"footnotes":""},"class_list":["post-253","page","type-page","status-publish","hentry","description-off"],"yoast_head":"<!-- This site is optimized with the Yoast SEO plugin v26.8 - https:\/\/yoast.com\/product\/yoast-seo-wordpress\/ -->\n<title>Impressum - Weltladen Langen<\/title>\n<meta name=\"robots\" content=\"index, follow, max-snippet:-1, max-image-preview:large, max-video-preview:-1\" \/>\n<link rel=\"canonical\" href=\"https:\/\/weltlaeden.de\/langen\/impressum\/\" \/>\n<meta property=\"og:locale\" content=\"de_DE\" \/>\n<meta property=\"og:type\" content=\"article\" \/>\n<meta property=\"og:title\" content=\"Impressum - Weltladen Langen\" \/>\n<meta property=\"og:description\" content=\"[vc_row][vc_column][vc_column_text] Impressum &nbsp; Vertreten durch: &nbsp; Kontakt: &nbsp; Umsatzsteuer-ID: Umsatzsteuer-Identifikationsnummer gem\u00e4\u00df \u00a727 a Umsatzsteuergesetz: &nbsp; Aufsichtsbeh\u00f6rde: &nbsp; &nbsp; Haftungsausschluss (Disclaimer) Haftung f\u00fcr Inhalte Als Diensteanbieter sind wir f\u00fcr eigene Inhalte auf diesen Seiten nach den allgemeinen Gesetzen verantwortlich. Wir sind als Diensteanbieter jedoch nicht verpflichtet, \u00fcbermittelte oder gespeicherte fremde Informationen zu \u00fcberwachen oder nach Umst\u00e4nden&hellip;\" \/>\n<meta property=\"og:url\" content=\"https:\/\/weltlaeden.de\/langen\/impressum\/\" \/>\n<meta property=\"og:site_name\" content=\"Weltladen Langen\" \/>\n<meta property=\"article:modified_time\" content=\"2024-06-29T15:57:24+00:00\" \/>\n<meta name=\"twitter:card\" content=\"summary_large_image\" \/>\n<meta name=\"twitter:label1\" content=\"Gesch\u00e4tzte Lesezeit\" \/>\n\t<meta name=\"twitter:data1\" content=\"3\u00a0Minuten\" \/>\n<script type=\"application\/ld+json\" class=\"yoast-schema-graph\">{\"@context\":\"https:\/\/schema.org\",\"@graph\":[{\"@type\":\"WebPage\",\"@id\":\"https:\/\/weltlaeden.de\/langen\/impressum\/\",\"url\":\"https:\/\/weltlaeden.de\/langen\/impressum\/\",\"name\":\"Impressum - Weltladen Langen\",\"isPartOf\":{\"@id\":\"https:\/\/weltlaeden.de\/langen\/#website\"},\"datePublished\":\"2016-11-10T12:50:06+00:00\",\"dateModified\":\"2024-06-29T15:57:24+00:00\",\"breadcrumb\":{\"@id\":\"https:\/\/weltlaeden.de\/langen\/impressum\/#breadcrumb\"},\"inLanguage\":\"de\",\"potentialAction\":[{\"@type\":\"ReadAction\",\"target\":[\"https:\/\/weltlaeden.de\/langen\/impressum\/\"]}]},{\"@type\":\"BreadcrumbList\",\"@id\":\"https:\/\/weltlaeden.de\/langen\/impressum\/#breadcrumb\",\"itemListElement\":[{\"@type\":\"ListItem\",\"position\":1,\"name\":\"Startseite\",\"item\":\"https:\/\/weltlaeden.de\/langen\/\"},{\"@type\":\"ListItem\",\"position\":2,\"name\":\"Impressum\"}]},{\"@type\":\"WebSite\",\"@id\":\"https:\/\/weltlaeden.de\/langen\/#website\",\"url\":\"https:\/\/weltlaeden.de\/langen\/\",\"name\":\"Vorlage\",\"description\":\"Herzlich Willkommen im Weltladen Langen\",\"potentialAction\":[{\"@type\":\"SearchAction\",\"target\":{\"@type\":\"EntryPoint\",\"urlTemplate\":\"https:\/\/weltlaeden.de\/langen\/?s={search_term_string}\"},\"query-input\":{\"@type\":\"PropertyValueSpecification\",\"valueRequired\":true,\"valueName\":\"search_term_string\"}}],\"inLanguage\":\"de\"}]}<\/script>\n<!-- \/ Yoast SEO plugin. -->","yoast_head_json":{"title":"Impressum - Weltladen Langen","robots":{"index":"index","follow":"follow","max-snippet":"max-snippet:-1","max-image-preview":"max-image-preview:large","max-video-preview":"max-video-preview:-1"},"canonical":"https:\/\/weltlaeden.de\/langen\/impressum\/","og_locale":"de_DE","og_type":"article","og_title":"Impressum - Weltladen Langen","og_description":"[vc_row][vc_column][vc_column_text] Impressum &nbsp; Vertreten durch: &nbsp; Kontakt: &nbsp; Umsatzsteuer-ID: Umsatzsteuer-Identifikationsnummer gem\u00e4\u00df \u00a727 a Umsatzsteuergesetz: &nbsp; Aufsichtsbeh\u00f6rde: &nbsp; &nbsp; Haftungsausschluss (Disclaimer) Haftung f\u00fcr Inhalte Als Diensteanbieter sind wir f\u00fcr eigene Inhalte auf diesen Seiten nach den allgemeinen Gesetzen verantwortlich. Wir sind als Diensteanbieter jedoch nicht verpflichtet, \u00fcbermittelte oder gespeicherte fremde Informationen zu \u00fcberwachen oder nach Umst\u00e4nden&hellip;","og_url":"https:\/\/weltlaeden.de\/langen\/impressum\/","og_site_name":"Weltladen Langen","article_modified_time":"2024-06-29T15:57:24+00:00","twitter_card":"summary_large_image","twitter_misc":{"Gesch\u00e4tzte Lesezeit":"3\u00a0Minuten"},"schema":{"@context":"https:\/\/schema.org","@graph":[{"@type":"WebPage","@id":"https:\/\/weltlaeden.de\/langen\/impressum\/","url":"https:\/\/weltlaeden.de\/langen\/impressum\/","name":"Impressum - Weltladen Langen","isPartOf":{"@id":"https:\/\/weltlaeden.de\/langen\/#website"},"datePublished":"2016-11-10T12:50:06+00:00","dateModified":"2024-06-29T15:57:24+00:00","breadcrumb":{"@id":"https:\/\/weltlaeden.de\/langen\/impressum\/#breadcrumb"},"inLanguage":"de","potentialAction":[{"@type":"ReadAction","target":["https:\/\/weltlaeden.de\/langen\/impressum\/"]}]},{"@type":"BreadcrumbList","@id":"https:\/\/weltlaeden.de\/langen\/impressum\/#breadcrumb","itemListElement":[{"@type":"ListItem","position":1,"name":"Startseite","item":"https:\/\/weltlaeden.de\/langen\/"},{"@type":"ListItem","position":2,"name":"Impressum"}]},{"@type":"WebSite","@id":"https:\/\/weltlaeden.de\/langen\/#website","url":"https:\/\/weltlaeden.de\/langen\/","name":"Vorlage","description":"Herzlich Willkommen im Weltladen Langen","potentialAction":[{"@type":"SearchAction","target":{"@type":"EntryPoint","urlTemplate":"https:\/\/weltlaeden.de\/langen\/?s={search_term_string}"},"query-input":{"@type":"PropertyValueSpecification","valueRequired":true,"valueName":"search_term_string"}}],"inLanguage":"de"}]}},"_links":{"self":[{"href":"https:\/\/weltlaeden.de\/langen\/wp-json\/wp\/v2\/pages\/253","targetHints":{"allow":["GET"]}}],"collection":[{"href":"https:\/\/weltlaeden.de\/langen\/wp-json\/wp\/v2\/pages"}],"about":[{"href":"https:\/\/weltlaeden.de\/langen\/wp-json\/wp\/v2\/types\/page"}],"author":[{"embeddable":true,"href":"https:\/\/weltlaeden.de\/langen\/wp-json\/wp\/v2\/users\/1"}],"replies":[{"embeddable":true,"href":"https:\/\/weltlaeden.de\/langen\/wp-json\/wp\/v2\/comments?post=253"}],"version-history":[{"count":67,"href":"https:\/\/weltlaeden.de\/langen\/wp-json\/wp\/v2\/pages\/253\/revisions"}],"predecessor-version":[{"id":2219,"href":"https:\/\/weltlaeden.de\/langen\/wp-json\/wp\/v2\/pages\/253\/revisions\/2219"}],"wp:attachment":[{"href":"https:\/\/weltlaeden.de\/langen\/wp-json\/wp\/v2\/media?parent=253"}],"curies":[{"name":"wp","href":"https:\/\/api.w.org\/{rel}","templated":true}]}}