{"id":219,"date":"2016-10-28T13:34:47","date_gmt":"2016-10-28T11:34:47","guid":{"rendered":"https:\/\/wl.heimpixel.de\/vorlage\/ueber-uns\/"},"modified":"2025-12-06T19:49:23","modified_gmt":"2025-12-06T18:49:23","slug":"ueber-uns","status":"publish","type":"page","link":"https:\/\/weltlaeden.de\/langen\/ueber-uns\/","title":{"rendered":"\u00dcber uns"},"content":{"rendered":"<div class=\"wpb-content-wrapper\"><p>[vc_row][vc_column]<div class=\"wl_einzelbild\"><p><img loading=\"lazy\" decoding=\"async\" class=\"aligncenter wp-image-1862 size-full\" src=\"https:\/\/weltlaeden.de\/langen\/wp-content\/uploads\/sites\/50\/2023\/04\/2022-10-weltladen_Gruppenbild_hohe-Aufloesung-2zu1-e1680643207159.jpg\" alt=\"\" width=\"1200\" height=\"600\" srcset=\"https:\/\/weltlaeden.de\/langen\/wp-content\/uploads\/sites\/50\/2023\/04\/2022-10-weltladen_Gruppenbild_hohe-Aufloesung-2zu1-e1680643207159.jpg 1200w, https:\/\/weltlaeden.de\/langen\/wp-content\/uploads\/sites\/50\/2023\/04\/2022-10-weltladen_Gruppenbild_hohe-Aufloesung-2zu1-e1680643207159-300x150.jpg 300w, https:\/\/weltlaeden.de\/langen\/wp-content\/uploads\/sites\/50\/2023\/04\/2022-10-weltladen_Gruppenbild_hohe-Aufloesung-2zu1-e1680643207159-1024x512.jpg 1024w, https:\/\/weltlaeden.de\/langen\/wp-content\/uploads\/sites\/50\/2023\/04\/2022-10-weltladen_Gruppenbild_hohe-Aufloesung-2zu1-e1680643207159-768x384.jpg 768w\" sizes=\"auto, (max-width: 1200px) 100vw, 1200px\" \/><\/p><\/div>[vc_empty_space][vc_column_text]<\/p>\n<h1>Engagement<\/h1>\n<p>[\/vc_column_text][vc_column_text]<\/p>\n<ul style=\"list-style-type: square\">\n<li style=\"text-align: justify\">Wir sind eine Gruppe von mehr als 25 M\u00e4nnern und Frauen, die ehrenamtlich die Organisation des Ladens und den Verkauf der Waren \u00fcbernehmen.<\/li>\n<li style=\"text-align: justify\">Wir verkaufen fair gehandelte Produkte, damit sich der Anteil des Fairen Handels im Welthandel vergr\u00f6\u00dfert und der erh\u00f6hte Absatz den Produzent*innen zugute kommt.<\/li>\n<li style=\"text-align: justify\">Wir hoffen, damit einen Beitrag f\u00fcr eine gerechtere Welt zu leisten.<\/li>\n<li style=\"text-align: justify\">Wir besprechen bei den monatlichen Ladentreffen alle wichtigen und aktuellen Dinge rund um den Weltladen.<\/li>\n<li>Wir organisieren Informations- und Verkaufsst\u00e4nde sowie Verk\u00f6stigungen zu verschiedenen Themen.<\/li>\n<li style=\"text-align: justify\">Wir beteiligen uns an politischen Aktionen und Kampagnen der Fair-Handels-Organisationen.<\/li>\n<\/ul>\n<p>[\/vc_column_text][vc_empty_space]<div class=\"wl_einzelbild\"><p><\/p>\n<div id=\"attachment_2397\" style=\"width: 1510px\" class=\"wp-caption alignleft\"><img loading=\"lazy\" decoding=\"async\" aria-describedby=\"caption-attachment-2397\" class=\"size-full wp-image-2397\" src=\"https:\/\/weltlaeden.de\/langen\/wp-content\/uploads\/sites\/50\/2025\/12\/IMG_0304_1500x600px.jpg\" alt=\"\" width=\"1500\" height=\"600\" srcset=\"https:\/\/weltlaeden.de\/langen\/wp-content\/uploads\/sites\/50\/2025\/12\/IMG_0304_1500x600px.jpg 1500w, https:\/\/weltlaeden.de\/langen\/wp-content\/uploads\/sites\/50\/2025\/12\/IMG_0304_1500x600px-300x120.jpg 300w, https:\/\/weltlaeden.de\/langen\/wp-content\/uploads\/sites\/50\/2025\/12\/IMG_0304_1500x600px-1024x410.jpg 1024w, https:\/\/weltlaeden.de\/langen\/wp-content\/uploads\/sites\/50\/2025\/12\/IMG_0304_1500x600px-768x307.jpg 768w\" sizes=\"auto, (max-width: 1500px) 100vw, 1500px\" \/><p id=\"caption-attachment-2397\" class=\"wp-caption-text\">In jedem Jahr ist der Weltladen Langen mit einem Verkaufsstand auf dem Langener Weihnachtsmarkt vertreten.<\/p><\/div>\n<p><\/p><\/div>[\/vc_column][\/vc_row][vc_row][vc_column][vc_empty_space][vc_column_text]<\/p>\n<h1>Mitmachen<\/h1>\n<p>[\/vc_column_text][vc_column_text]<\/p>\n<p style=\"text-align: justify\">Mit viel Engagement und Freude werden in unserem Weltladen die Produkte ausgesucht, dekoriert und verkauft. Haben Sie Zeit und\u00a0Lust haben, sich f\u00fcr eine transparente, \u00f6kologische und nachhaltige Form des Wirtschaftens zu engagieren.<\/p>\n<p style=\"text-align: justify\">Ob im Verkauf, der Informations- oder Bildungsarbeit &#8211; die M\u00f6glichkeiten, in unserem Team mitzumachen sind vielf\u00e4ltig und lassen sich je nach Zeitbudget individuell gestalten.\u00a0Viele Aufgaben erfordern keine speziellen Vorkenntnisse, sondern nur\u00a0Ihre Bereitschaft, eigene F\u00e4higkeiten einzubringen und eventuell in neuen Bereichen dazuzulernen. Unser <em>Weltladen ABC<\/em> erm\u00f6glicht alles \u00fcber die Abl\u00e4ufe im Laden von A &#8211; Z nachzulesen.<\/p>\n<p>[\/vc_column_text][vc_empty_space]<div class=\"wl_einzelbild\"><p><\/p>\n<div id=\"attachment_1684\" style=\"width: 1290px\" class=\"wp-caption alignleft\"><img loading=\"lazy\" decoding=\"async\" aria-describedby=\"caption-attachment-1684\" class=\"wp-image-1684 size-full\" src=\"https:\/\/weltlaeden.de\/langen\/wp-content\/uploads\/sites\/50\/2022\/07\/2022-06-26-Ironman7-1.jpg\" alt=\"\" width=\"1280\" height=\"640\" srcset=\"https:\/\/weltlaeden.de\/langen\/wp-content\/uploads\/sites\/50\/2022\/07\/2022-06-26-Ironman7-1.jpg 1280w, https:\/\/weltlaeden.de\/langen\/wp-content\/uploads\/sites\/50\/2022\/07\/2022-06-26-Ironman7-1-300x150.jpg 300w, https:\/\/weltlaeden.de\/langen\/wp-content\/uploads\/sites\/50\/2022\/07\/2022-06-26-Ironman7-1-1024x512.jpg 1024w, https:\/\/weltlaeden.de\/langen\/wp-content\/uploads\/sites\/50\/2022\/07\/2022-06-26-Ironman7-1-768x384.jpg 768w\" sizes=\"auto, (max-width: 1280px) 100vw, 1280px\" \/><p id=\"caption-attachment-1684\" class=\"wp-caption-text\">Das Weltladenteam nach getaner Arbeit beim Ironman-Schwimmwettbewerb am Langener Waldsee<\/p><\/div>\n<p><\/p><\/div>[vc_empty_space][vc_column_text]Wir\u00a0sind ein\u00a0engagiertes Team, das\u00a0Sie herzlich\u00a0aufnimmt, einarbeitet und bei Fragen zur Verf\u00fcgung steht.<\/p>\n<p>Wir bieten an:<\/p>\n<ul style=\"list-style-type: square\">\n<li>zum Einstieg einen Online Kurs: <em>Basis Wissen im Fairen Handel<\/em> (Zertifikat m\u00f6glich)<\/li>\n<li>Fortbildungsm\u00f6glichkeiten, nach\u00a0Interessen und Aufgaben<\/li>\n<li style=\"text-align: justify\">regelm\u00e4\u00dfige Treffen zum Austausch und zur Geselligkeit<\/li>\n<li style=\"text-align: justify\">Seminare zur Zusammenarbeit in\u00a0unserer Gruppe sowie zu Hintergrundfragen im Fairen Handel.<\/li>\n<\/ul>\n<p style=\"text-align: justify\">Sprechen Sie uns an, im Laden oder kommen Sie zu unseren Ladentreffen.<\/p>\n<p>[\/vc_column_text][\/vc_column][\/vc_row][vc_row][vc_column][vc_empty_space][\/vc_column][\/vc_row][vc_row][vc_column][vc_column_text]<\/p>\n<h1>Organisation<\/h1>\n<p>[\/vc_column_text][vc_column_text]Tr\u00e4ger des Weltladens ist der Verein<strong> Weltladen Langen FairHandeln e.V.<\/strong> Vor mehr als 15 Jahren habe sich verschiedene Akteure im Bereich des Fairen Handels zusammen getan. M\u00f6chten Sie die Arbeit im Weltladen durch eine Mitgliedschaft im Verein oder eine Spende unterst\u00fctzen?<\/p>\n<p>Weitere Informationen zum Verein <a href=\"https:\/\/weltlaeden.de\/langen\/verein\/\">erhalten Sie hier<\/a>.<\/p>\n<p>&nbsp;<\/p>\n<p><strong>F\u00fcr Spenden und Mitgliedsbeitr\u00e4ge nutzen Sie gern unser Konto<\/strong><\/p>\n<p>Kontoinhaber: Weltladen Langen-FairHandeln e.V.<\/p>\n<p>IBAN: \u00a0 \u00a0 \u00a0 \u00a0 \u00a0 \u00a0 \u00a0DE54 5065 2124 0026 1231 90<\/p>\n<p>BIC: \u00a0 \u00a0 \u00a0 \u00a0 \u00a0 \u00a0 \u00a0 \u00a0 HELADEF1SLS<\/p>\n<p>Sparkasse Langen-Seligenstadt[\/vc_column_text][vc_empty_space][\/vc_column][\/vc_row]<\/p>\n<\/div>","protected":false},"excerpt":{"rendered":"<p>[vc_row][vc_column][vc_empty_space][vc_column_text] Engagement [\/vc_column_text][vc_column_text] Wir sind eine Gruppe von mehr als 25 M\u00e4nnern und Frauen, die ehrenamtlich die Organisation des Ladens und den Verkauf der Waren \u00fcbernehmen. Wir verkaufen fair gehandelte Produkte, damit sich der Anteil des Fairen Handels im Welthandel vergr\u00f6\u00dfert und der erh\u00f6hte Absatz den Produzent*innen zugute kommt. Wir hoffen, damit einen Beitrag f\u00fcr&hellip;<\/p>\n","protected":false},"author":1,"featured_media":0,"parent":0,"menu_order":8,"comment_status":"closed","ping_status":"closed","template":"","meta":{"footnotes":""},"class_list":["post-219","page","type-page","status-publish","hentry","description-off"],"yoast_head":"<!-- This site is optimized with the Yoast SEO plugin v26.8 - https:\/\/yoast.com\/product\/yoast-seo-wordpress\/ -->\n<title>\u00dcber uns - Weltladen Langen<\/title>\n<meta name=\"robots\" content=\"index, follow, max-snippet:-1, max-image-preview:large, max-video-preview:-1\" \/>\n<link rel=\"canonical\" href=\"https:\/\/weltlaeden.de\/langen\/ueber-uns\/\" \/>\n<meta property=\"og:locale\" content=\"de_DE\" \/>\n<meta property=\"og:type\" content=\"article\" \/>\n<meta property=\"og:title\" content=\"\u00dcber uns - Weltladen Langen\" \/>\n<meta property=\"og:description\" content=\"[vc_row][vc_column][vc_empty_space][vc_column_text] Engagement [\/vc_column_text][vc_column_text] Wir sind eine Gruppe von mehr als 25 M\u00e4nnern und Frauen, die ehrenamtlich die Organisation des Ladens und den Verkauf der Waren \u00fcbernehmen. Wir verkaufen fair gehandelte Produkte, damit sich der Anteil des Fairen Handels im Welthandel vergr\u00f6\u00dfert und der erh\u00f6hte Absatz den Produzent*innen zugute kommt. Wir hoffen, damit einen Beitrag f\u00fcr&hellip;\" \/>\n<meta property=\"og:url\" content=\"https:\/\/weltlaeden.de\/langen\/ueber-uns\/\" \/>\n<meta property=\"og:site_name\" content=\"Weltladen Langen\" \/>\n<meta property=\"article:modified_time\" content=\"2025-12-06T18:49:23+00:00\" \/>\n<meta property=\"og:image\" content=\"https:\/\/weltlaeden.de\/langen\/wp-content\/uploads\/sites\/50\/2023\/04\/2022-10-weltladen_Gruppenbild_hohe-Aufloesung-2zu1-e1680643207159.jpg\" \/>\n\t<meta property=\"og:image:width\" content=\"1200\" \/>\n\t<meta property=\"og:image:height\" content=\"600\" \/>\n\t<meta property=\"og:image:type\" content=\"image\/jpeg\" \/>\n<meta name=\"twitter:card\" content=\"summary_large_image\" \/>\n<meta name=\"twitter:label1\" content=\"Gesch\u00e4tzte Lesezeit\" \/>\n\t<meta name=\"twitter:data1\" content=\"3\u00a0Minuten\" \/>\n<script type=\"application\/ld+json\" class=\"yoast-schema-graph\">{\"@context\":\"https:\/\/schema.org\",\"@graph\":[{\"@type\":\"WebPage\",\"@id\":\"https:\/\/weltlaeden.de\/langen\/ueber-uns\/\",\"url\":\"https:\/\/weltlaeden.de\/langen\/ueber-uns\/\",\"name\":\"\u00dcber uns - Weltladen Langen\",\"isPartOf\":{\"@id\":\"https:\/\/weltlaeden.de\/langen\/#website\"},\"primaryImageOfPage\":{\"@id\":\"https:\/\/weltlaeden.de\/langen\/ueber-uns\/#primaryimage\"},\"image\":{\"@id\":\"https:\/\/weltlaeden.de\/langen\/ueber-uns\/#primaryimage\"},\"thumbnailUrl\":\"https:\/\/weltlaeden.de\/langen\/wp-content\/uploads\/sites\/50\/2023\/04\/2022-10-weltladen_Gruppenbild_hohe-Aufloesung-2zu1-e1680643207159.jpg\",\"datePublished\":\"2016-10-28T11:34:47+00:00\",\"dateModified\":\"2025-12-06T18:49:23+00:00\",\"breadcrumb\":{\"@id\":\"https:\/\/weltlaeden.de\/langen\/ueber-uns\/#breadcrumb\"},\"inLanguage\":\"de\",\"potentialAction\":[{\"@type\":\"ReadAction\",\"target\":[\"https:\/\/weltlaeden.de\/langen\/ueber-uns\/\"]}]},{\"@type\":\"ImageObject\",\"inLanguage\":\"de\",\"@id\":\"https:\/\/weltlaeden.de\/langen\/ueber-uns\/#primaryimage\",\"url\":\"https:\/\/weltlaeden.de\/langen\/wp-content\/uploads\/sites\/50\/2023\/04\/2022-10-weltladen_Gruppenbild_hohe-Aufloesung-2zu1-e1680643207159.jpg\",\"contentUrl\":\"https:\/\/weltlaeden.de\/langen\/wp-content\/uploads\/sites\/50\/2023\/04\/2022-10-weltladen_Gruppenbild_hohe-Aufloesung-2zu1-e1680643207159.jpg\",\"width\":1200,\"height\":600},{\"@type\":\"BreadcrumbList\",\"@id\":\"https:\/\/weltlaeden.de\/langen\/ueber-uns\/#breadcrumb\",\"itemListElement\":[{\"@type\":\"ListItem\",\"position\":1,\"name\":\"Startseite\",\"item\":\"https:\/\/weltlaeden.de\/langen\/\"},{\"@type\":\"ListItem\",\"position\":2,\"name\":\"\u00dcber uns\"}]},{\"@type\":\"WebSite\",\"@id\":\"https:\/\/weltlaeden.de\/langen\/#website\",\"url\":\"https:\/\/weltlaeden.de\/langen\/\",\"name\":\"Vorlage\",\"description\":\"Herzlich Willkommen im Weltladen Langen\",\"potentialAction\":[{\"@type\":\"SearchAction\",\"target\":{\"@type\":\"EntryPoint\",\"urlTemplate\":\"https:\/\/weltlaeden.de\/langen\/?s={search_term_string}\"},\"query-input\":{\"@type\":\"PropertyValueSpecification\",\"valueRequired\":true,\"valueName\":\"search_term_string\"}}],\"inLanguage\":\"de\"}]}<\/script>\n<!-- \/ Yoast SEO plugin. -->","yoast_head_json":{"title":"\u00dcber uns - Weltladen Langen","robots":{"index":"index","follow":"follow","max-snippet":"max-snippet:-1","max-image-preview":"max-image-preview:large","max-video-preview":"max-video-preview:-1"},"canonical":"https:\/\/weltlaeden.de\/langen\/ueber-uns\/","og_locale":"de_DE","og_type":"article","og_title":"\u00dcber uns - Weltladen Langen","og_description":"[vc_row][vc_column][vc_empty_space][vc_column_text] Engagement [\/vc_column_text][vc_column_text] Wir sind eine Gruppe von mehr als 25 M\u00e4nnern und Frauen, die ehrenamtlich die Organisation des Ladens und den Verkauf der Waren \u00fcbernehmen. Wir verkaufen fair gehandelte Produkte, damit sich der Anteil des Fairen Handels im Welthandel vergr\u00f6\u00dfert und der erh\u00f6hte Absatz den Produzent*innen zugute kommt. Wir hoffen, damit einen Beitrag f\u00fcr&hellip;","og_url":"https:\/\/weltlaeden.de\/langen\/ueber-uns\/","og_site_name":"Weltladen Langen","article_modified_time":"2025-12-06T18:49:23+00:00","og_image":[{"width":1200,"height":600,"url":"https:\/\/weltlaeden.de\/langen\/wp-content\/uploads\/sites\/50\/2023\/04\/2022-10-weltladen_Gruppenbild_hohe-Aufloesung-2zu1-e1680643207159.jpg","type":"image\/jpeg"}],"twitter_card":"summary_large_image","twitter_misc":{"Gesch\u00e4tzte Lesezeit":"3\u00a0Minuten"},"schema":{"@context":"https:\/\/schema.org","@graph":[{"@type":"WebPage","@id":"https:\/\/weltlaeden.de\/langen\/ueber-uns\/","url":"https:\/\/weltlaeden.de\/langen\/ueber-uns\/","name":"\u00dcber uns - Weltladen Langen","isPartOf":{"@id":"https:\/\/weltlaeden.de\/langen\/#website"},"primaryImageOfPage":{"@id":"https:\/\/weltlaeden.de\/langen\/ueber-uns\/#primaryimage"},"image":{"@id":"https:\/\/weltlaeden.de\/langen\/ueber-uns\/#primaryimage"},"thumbnailUrl":"https:\/\/weltlaeden.de\/langen\/wp-content\/uploads\/sites\/50\/2023\/04\/2022-10-weltladen_Gruppenbild_hohe-Aufloesung-2zu1-e1680643207159.jpg","datePublished":"2016-10-28T11:34:47+00:00","dateModified":"2025-12-06T18:49:23+00:00","breadcrumb":{"@id":"https:\/\/weltlaeden.de\/langen\/ueber-uns\/#breadcrumb"},"inLanguage":"de","potentialAction":[{"@type":"ReadAction","target":["https:\/\/weltlaeden.de\/langen\/ueber-uns\/"]}]},{"@type":"ImageObject","inLanguage":"de","@id":"https:\/\/weltlaeden.de\/langen\/ueber-uns\/#primaryimage","url":"https:\/\/weltlaeden.de\/langen\/wp-content\/uploads\/sites\/50\/2023\/04\/2022-10-weltladen_Gruppenbild_hohe-Aufloesung-2zu1-e1680643207159.jpg","contentUrl":"https:\/\/weltlaeden.de\/langen\/wp-content\/uploads\/sites\/50\/2023\/04\/2022-10-weltladen_Gruppenbild_hohe-Aufloesung-2zu1-e1680643207159.jpg","width":1200,"height":600},{"@type":"BreadcrumbList","@id":"https:\/\/weltlaeden.de\/langen\/ueber-uns\/#breadcrumb","itemListElement":[{"@type":"ListItem","position":1,"name":"Startseite","item":"https:\/\/weltlaeden.de\/langen\/"},{"@type":"ListItem","position":2,"name":"\u00dcber uns"}]},{"@type":"WebSite","@id":"https:\/\/weltlaeden.de\/langen\/#website","url":"https:\/\/weltlaeden.de\/langen\/","name":"Vorlage","description":"Herzlich Willkommen im Weltladen Langen","potentialAction":[{"@type":"SearchAction","target":{"@type":"EntryPoint","urlTemplate":"https:\/\/weltlaeden.de\/langen\/?s={search_term_string}"},"query-input":{"@type":"PropertyValueSpecification","valueRequired":true,"valueName":"search_term_string"}}],"inLanguage":"de"}]}},"_links":{"self":[{"href":"https:\/\/weltlaeden.de\/langen\/wp-json\/wp\/v2\/pages\/219","targetHints":{"allow":["GET"]}}],"collection":[{"href":"https:\/\/weltlaeden.de\/langen\/wp-json\/wp\/v2\/pages"}],"about":[{"href":"https:\/\/weltlaeden.de\/langen\/wp-json\/wp\/v2\/types\/page"}],"author":[{"embeddable":true,"href":"https:\/\/weltlaeden.de\/langen\/wp-json\/wp\/v2\/users\/1"}],"replies":[{"embeddable":true,"href":"https:\/\/weltlaeden.de\/langen\/wp-json\/wp\/v2\/comments?post=219"}],"version-history":[{"count":90,"href":"https:\/\/weltlaeden.de\/langen\/wp-json\/wp\/v2\/pages\/219\/revisions"}],"predecessor-version":[{"id":2402,"href":"https:\/\/weltlaeden.de\/langen\/wp-json\/wp\/v2\/pages\/219\/revisions\/2402"}],"wp:attachment":[{"href":"https:\/\/weltlaeden.de\/langen\/wp-json\/wp\/v2\/media?parent=219"}],"curies":[{"name":"wp","href":"https:\/\/api.w.org\/{rel}","templated":true}]}}